{"id":30544,"date":"2022-01-24T12:45:07","date_gmt":"2022-01-24T11:45:07","guid":{"rendered":"https:\/\/www.hods.eu\/productos\/kit-soprador-150bh\/"},"modified":"2022-01-25T17:06:17","modified_gmt":"2022-01-25T16:06:17","slug":"kit-soprador-150bh","status":"publish","type":"product","link":"https:\/\/www.hods.eu\/pt-pt\/productos\/kit-soprador-150bh\/","title":{"rendered":"Kit Soprador 150B\/H"},"content":{"rendered":"<h3 style=\"text-align: justify; color: #6d6d6d;\">O Kit Soprador 150B\/H \u00e9 adequado para produzir garrafas de 5 gal\u00f5es, 3 gal\u00f5es e \u00e9 geralmente utilizado para produzir qualquer formato de PET\/PC e PE pr\u00e9-formados de pl\u00e1stico com di\u00e2metro de gargalo entre 15mm &#8211; 200mm. \u00c9 capaz de soprar garrafas de 140-150 18,9 l por hora com pega e 170-180 garrafas de 10 l por hora sem pega.<\/h3>\n<h4 style=\"text-align: justify; color: #6d6d6d;\">Cont\u00e9m um pr\u00e9-aquecedor de infravermelhos rotativo para aquecer as pr\u00e9-formas PET. Este m\u00e9todo simplificou o controlo do tubo pr\u00e9-aquecido e assegura um pr\u00e9-aquecimento adequado.<\/h4>\n<p style=\"text-align: justify; color: #6d6d6d;\">O Kit Soprador 150B\/H utiliza a fixa\u00e7\u00e3o mec\u00e2nica do molde de duplo bra\u00e7o, o que garante uma veda\u00e7\u00e3o estanque mesmo sob alta press\u00e3o.<\/p>\n<p style=\"text-align: justify; color: #6d6d6d;\">O sistema de ar foi separado em duas partes: ac\u00e7\u00e3o pneum\u00e1tica e sopro da garrafa. Os dois reservat\u00f3rios de ar de grande volume proporcionam uma press\u00e3o elevada suficiente e constante para soprar garrafas grandes e\/ou de forma irregular.<\/p>\n<p style=\"text-align: justify; color: #6d6d6d;\">Esta m\u00e1quina est\u00e1 equipada com um silenciador e uma bomba de \u00f3leo para reduzir o ru\u00eddo e a fric\u00e7\u00e3o.<br \/>\nA m\u00e1quina funciona em modo manual e semi-autom\u00e1tico.<br \/>\n\u00c9 pequeno, f\u00e1cil e seguro de operar.<\/p>\n<p style=\"text-align: justify; color: #6d6d6d;\">A m\u00e1quina \u00e9 constitu\u00edda por duas partes: a parte de sopro e o pr\u00e9-aquecedor. Primeiro, o pr\u00e9-aquecedor aquece a pr\u00e9-forma PET at\u00e9 esta ficar macia e el\u00e1stica. \u00c9 ent\u00e3o alimentada nos moldes das m\u00e1quinas de moldagem por sopro e soprada para a forma projectada.<\/p>\n<h4 style=\"text-align: justify; color: #6d6d6d;\">Este kit inclui:<\/h4>\n<ul>\n<li style=\"list-style-type: none;\">\n<ul>\n<li style=\"text-align: justify; color: #6d6d6d;\">Soprador 1.<\/li>\n<li style=\"text-align: justify; color: #6d6d6d;\">Soprador 2.<\/li>\n<li style=\"text-align: justify; color: #6d6d6d;\">Refrigerador 1.<\/li>\n<li style=\"text-align: justify; color: #6d6d6d;\">Refrigerador 2.<\/li>\n<li style=\"text-align: justify; color: #6d6d6d;\">Forno duplo.<\/li>\n<li style=\"text-align: justify; color: #6d6d6d;\">Compressor de alta press\u00e3o.<\/li>\n<li style=\"text-align: justify; color: #6d6d6d;\">Compressor de baixa press\u00e3o 1.<\/li>\n<li style=\"text-align: justify; color: #6d6d6d;\">Compressor de baixa press\u00e3o 2.<\/li>\n<li style=\"text-align: justify; color: #6d6d6d;\">Secador de baixa press\u00e3o.<\/li>\n<li style=\"text-align: justify; color: #6d6d6d;\">Secador de alta press\u00e3o.<\/li>\n<li style=\"text-align: justify; color: #6d6d6d;\">Tanque de baixa press\u00e3o.<\/li>\n<li style=\"text-align: justify; color: #6d6d6d;\">Tanque de alta press\u00e3o.<\/li>\n<li style=\"text-align: justify; color: #6d6d6d;\">Marcador laser de garrafas.<\/li>\n<li style=\"text-align: justify; color: #6d6d6d;\">Marcador laser de garrafas.<\/li>\n<li style=\"text-align: justify; color: #6d6d6d;\">2 moldes.<\/li>\n<\/ul>\n<\/li>\n<\/ul>\n<table dir=\"ltr\" style=\"height: 227px;\" border=\"1\" summary=\"dimensiones y caracteristicas\" width=\"636\">\n<colgroup width=\"50%\"><\/colgroup>\n<colgroup id=\"colgroup\" class=\"colgroup\" title=\"title\" span=\"2\" width=\"1*\" align=\"center\" valign=\"middle\"><\/colgroup>\n<thead>\n<tr>\n<th scope=\"col\"><b>Dimens\u00f5es e peso<\/b><\/th>\n<th scope=\"col\"><b>Caracter\u00edsticas<\/b><\/th>\n<\/tr>\n<\/thead>\n<tfoot><\/tfoot>\n<tbody>\n<tr>\n<td><b>Peso total:<\/b> 2 t<\/td>\n<td><b>Consumo de energia:<\/b> 15 kW \/ 380 v (excluindo compressor de ar)<\/td>\n<\/tr>\n<tr>\n<td><b>Unidade de sopro 1:<\/b> 220 cm x 78 cm x 200 cm<\/td>\n<td><b>Press\u00e3o de fecho:<\/b> 600 kN<\/td>\n<\/tr>\n<tr>\n<td><b>Unidade de sopro 2:<\/b> 220 cm x 78 cm x 200 cm<\/td>\n<td><b>Viagens com vara de tens\u00e3o:<\/b> 550 mm<\/td>\n<\/tr>\n<tr>\n<td><b>Pr\u00e9-aquecedor:<\/b> 270 cm x 70 cm x 170cm<\/td>\n<td><b>Viagem de placas de molde em movimento:<\/b> 350 mm<\/td>\n<\/tr>\n<tr>\n<td><\/td>\n<td><b>Espessura m\u00e1xima do molde:<\/b> 330 mm<\/td>\n<\/tr>\n<tr>\n<td><\/td>\n<td><b>Largura m\u00e1xima do molde:<\/b> 380 mm<\/td>\n<\/tr>\n<tr>\n<td><\/td>\n<td><b>Di\u00e2metro da haste de tens\u00e3o:<\/b> 22 mm<\/td>\n<\/tr>\n<tr>\n<td><\/td>\n<td><b>Di\u00e2metro m\u00e1ximo da garrafa:<\/b> 280 mm<\/td>\n<\/tr>\n<tr>\n<td><\/td>\n<td><b>Altura m\u00e1xima do po\u00e7o da garrafa:<\/b> 550 mm<\/td>\n<\/tr>\n<tr>\n<td><\/td>\n<td><b>Volume m\u00e1ximo da garrafa:<\/b> 25 l<\/td>\n<\/tr>\n<tr>\n<td><\/td>\n<td><b>Press\u00e3o de trabalho (ar):<\/b> 0,8 MPa<\/td>\n<\/tr>\n<tr>\n<td><\/td>\n<td><b>Press\u00e3o de sopro (ar):<\/b> 0,8-0,35 MPa<\/td>\n<\/tr>\n<\/tbody>\n<\/table>\n","protected":false},"excerpt":{"rendered":"<p><img decoding=\"async\" src=\"https:\/\/www.hods.eu\/wp-content\/uploads\/botellon.png\" border=\"0\" \/><span style=\"color: #6d6d6d;\">Entre <strong>140 e 150 garrafas por hora<\/strong> de 18,9 litros com pega.<\/span><\/p>\n<p><img decoding=\"async\" src=\"https:\/\/www.hods.eu\/wp-content\/uploads\/botella10.png\" border=\"0\" \/><span style=\"color: #6d6d6d;\">Entre <strong>170 e 180 garrafas por hora<\/strong> de 10 litros sem pega.<\/span><\/p>\n<p><img decoding=\"async\" src=\"https:\/\/www.hods.eu\/wp-content\/uploads\/combinable.png\" border=\"0\" \/><span style=\"color: #6d6d6d;\">Inclui um forno e <strong>dois sopradores<\/strong>, bem como tudo o que \u00e9 necess\u00e1rio para soprar.<\/span><\/p>\n<p><img decoding=\"async\" src=\"https:\/\/www.hods.eu\/wp-content\/uploads\/soplado.png\" border=\"0\" \/><span style=\"color: #6d6d6d;\">Para soprar garrafas.<\/span><\/p>\n","protected":false},"featured_media":30449,"template":"","meta":[],"product_brand":[],"product_cat":[186],"product_tag":[],"class_list":{"0":"post-30544","1":"product","2":"type-product","3":"status-publish","4":"has-post-thumbnail","6":"product_cat-maquinaria-pt-pt","8":"first","9":"instock","10":"shipping-taxable","11":"product-type-simple"},"yoast_head":"<!-- This site is optimized with the Yoast SEO plugin v27.3 - https:\/\/yoast.com\/product\/yoast-seo-wordpress\/ -->\n<title>Kit Soprador 150B\/H. M\u00e1quina de sopro de garrafas - HODS<\/title>\n<meta name=\"description\" content=\"Kit Soprador 150B\/H. M\u00e1quinas de sopro de garrafas. Forno e 2 m\u00e1quinas de moldagem por sopro que, juntas, produzem 150 garrafas por hora.\" \/>\n<meta name=\"robots\" content=\"index, follow, max-snippet:-1, max-image-preview:large, max-video-preview:-1\" \/>\n<link rel=\"canonical\" href=\"https:\/\/www.hods.eu\/pt-pt\/productos\/kit-soprador-150bh\/\" \/>\n<meta property=\"og:locale\" content=\"pt_PT\" \/>\n<meta property=\"og:type\" content=\"article\" \/>\n<meta property=\"og:title\" content=\"Kit Soprador 150B\/H. M\u00e1quina de sopro de garrafas - HODS\" \/>\n<meta property=\"og:description\" content=\"Kit Soprador 150B\/H. M\u00e1quinas de sopro de garrafas. Forno e 2 m\u00e1quinas de moldagem por sopro que, juntas, produzem 150 garrafas por hora.\" \/>\n<meta property=\"og:url\" content=\"https:\/\/www.hods.eu\/pt-pt\/productos\/kit-soprador-150bh\/\" \/>\n<meta property=\"og:site_name\" content=\"HODS\" \/>\n<meta property=\"article:modified_time\" content=\"2022-01-25T16:06:17+00:00\" \/>\n<meta property=\"og:image\" content=\"https:\/\/www.hods.eu\/wp-content\/uploads\/sopladora150_01.jpg\" \/>\n\t<meta property=\"og:image:width\" content=\"768\" \/>\n\t<meta property=\"og:image:height\" content=\"1024\" \/>\n\t<meta property=\"og:image:type\" content=\"image\/jpeg\" \/>\n<meta name=\"twitter:card\" content=\"summary_large_image\" \/>\n<meta name=\"twitter:label1\" content=\"Tempo estimado de leitura\" \/>\n\t<meta name=\"twitter:data1\" content=\"2 minutos\" \/>\n<script type=\"application\/ld+json\" class=\"yoast-schema-graph\">{\"@context\":\"https:\\\/\\\/schema.org\",\"@graph\":[{\"@type\":\"WebPage\",\"@id\":\"https:\\\/\\\/www.hods.eu\\\/pt-pt\\\/productos\\\/kit-soprador-150bh\\\/\",\"url\":\"https:\\\/\\\/www.hods.eu\\\/pt-pt\\\/productos\\\/kit-soprador-150bh\\\/\",\"name\":\"Kit Soprador 150B\\\/H. M\u00e1quina de sopro de garrafas - HODS\",\"isPartOf\":{\"@id\":\"https:\\\/\\\/www.hods.eu\\\/pt-pt\\\/#website\"},\"primaryImageOfPage\":{\"@id\":\"https:\\\/\\\/www.hods.eu\\\/pt-pt\\\/productos\\\/kit-soprador-150bh\\\/#primaryimage\"},\"image\":{\"@id\":\"https:\\\/\\\/www.hods.eu\\\/pt-pt\\\/productos\\\/kit-soprador-150bh\\\/#primaryimage\"},\"thumbnailUrl\":\"https:\\\/\\\/www.hods.eu\\\/wp-content\\\/uploads\\\/sopladora150_01.jpg\",\"datePublished\":\"2022-01-24T11:45:07+00:00\",\"dateModified\":\"2022-01-25T16:06:17+00:00\",\"description\":\"Kit Soprador 150B\\\/H. M\u00e1quinas de sopro de garrafas. Forno e 2 m\u00e1quinas de moldagem por sopro que, juntas, produzem 150 garrafas por hora.\",\"breadcrumb\":{\"@id\":\"https:\\\/\\\/www.hods.eu\\\/pt-pt\\\/productos\\\/kit-soprador-150bh\\\/#breadcrumb\"},\"inLanguage\":\"pt-PT\",\"potentialAction\":[{\"@type\":\"ReadAction\",\"target\":[\"https:\\\/\\\/www.hods.eu\\\/pt-pt\\\/productos\\\/kit-soprador-150bh\\\/\"]}]},{\"@type\":\"ImageObject\",\"inLanguage\":\"pt-PT\",\"@id\":\"https:\\\/\\\/www.hods.eu\\\/pt-pt\\\/productos\\\/kit-soprador-150bh\\\/#primaryimage\",\"url\":\"https:\\\/\\\/www.hods.eu\\\/wp-content\\\/uploads\\\/sopladora150_01.jpg\",\"contentUrl\":\"https:\\\/\\\/www.hods.eu\\\/wp-content\\\/uploads\\\/sopladora150_01.jpg\",\"width\":768,\"height\":1024},{\"@type\":\"BreadcrumbList\",\"@id\":\"https:\\\/\\\/www.hods.eu\\\/pt-pt\\\/productos\\\/kit-soprador-150bh\\\/#breadcrumb\",\"itemListElement\":[{\"@type\":\"ListItem\",\"position\":1,\"name\":\"Portada\",\"item\":\"https:\\\/\\\/www.hods.eu\\\/pt-pt\\\/\"},{\"@type\":\"ListItem\",\"position\":2,\"name\":\"Tienda\",\"item\":\"https:\\\/\\\/www.hods.eu\\\/tienda\\\/\"},{\"@type\":\"ListItem\",\"position\":3,\"name\":\"Kit Soprador 150B\\\/H\"}]},{\"@type\":\"WebSite\",\"@id\":\"https:\\\/\\\/www.hods.eu\\\/pt-pt\\\/#website\",\"url\":\"https:\\\/\\\/www.hods.eu\\\/pt-pt\\\/\",\"name\":\"HODS\",\"description\":\"water? drink with us\",\"publisher\":{\"@id\":\"https:\\\/\\\/www.hods.eu\\\/pt-pt\\\/#organization\"},\"potentialAction\":[{\"@type\":\"SearchAction\",\"target\":{\"@type\":\"EntryPoint\",\"urlTemplate\":\"https:\\\/\\\/www.hods.eu\\\/pt-pt\\\/?s={search_term_string}\"},\"query-input\":{\"@type\":\"PropertyValueSpecification\",\"valueRequired\":true,\"valueName\":\"search_term_string\"}}],\"inLanguage\":\"pt-PT\"},{\"@type\":\"Organization\",\"@id\":\"https:\\\/\\\/www.hods.eu\\\/pt-pt\\\/#organization\",\"name\":\"HODS\",\"url\":\"https:\\\/\\\/www.hods.eu\\\/pt-pt\\\/\",\"logo\":{\"@type\":\"ImageObject\",\"inLanguage\":\"pt-PT\",\"@id\":\"https:\\\/\\\/www.hods.eu\\\/pt-pt\\\/#\\\/schema\\\/logo\\\/image\\\/\",\"url\":\"https:\\\/\\\/www.hods.eu\\\/wp-content\\\/uploads\\\/hods-completo-blanco2.jpg\",\"contentUrl\":\"https:\\\/\\\/www.hods.eu\\\/wp-content\\\/uploads\\\/hods-completo-blanco2.jpg\",\"width\":500,\"height\":179,\"caption\":\"HODS\"},\"image\":{\"@id\":\"https:\\\/\\\/www.hods.eu\\\/pt-pt\\\/#\\\/schema\\\/logo\\\/image\\\/\"}}]}<\/script>\n<!-- \/ Yoast SEO plugin. -->","yoast_head_json":{"title":"Kit Soprador 150B\/H. M\u00e1quina de sopro de garrafas - HODS","description":"Kit Soprador 150B\/H. M\u00e1quinas de sopro de garrafas. Forno e 2 m\u00e1quinas de moldagem por sopro que, juntas, produzem 150 garrafas por hora.","robots":{"index":"index","follow":"follow","max-snippet":"max-snippet:-1","max-image-preview":"max-image-preview:large","max-video-preview":"max-video-preview:-1"},"canonical":"https:\/\/www.hods.eu\/pt-pt\/productos\/kit-soprador-150bh\/","og_locale":"pt_PT","og_type":"article","og_title":"Kit Soprador 150B\/H. M\u00e1quina de sopro de garrafas - HODS","og_description":"Kit Soprador 150B\/H. M\u00e1quinas de sopro de garrafas. Forno e 2 m\u00e1quinas de moldagem por sopro que, juntas, produzem 150 garrafas por hora.","og_url":"https:\/\/www.hods.eu\/pt-pt\/productos\/kit-soprador-150bh\/","og_site_name":"HODS","article_modified_time":"2022-01-25T16:06:17+00:00","og_image":[{"width":768,"height":1024,"url":"https:\/\/www.hods.eu\/wp-content\/uploads\/sopladora150_01.jpg","type":"image\/jpeg"}],"twitter_card":"summary_large_image","twitter_misc":{"Tempo estimado de leitura":"2 minutos"},"schema":{"@context":"https:\/\/schema.org","@graph":[{"@type":"WebPage","@id":"https:\/\/www.hods.eu\/pt-pt\/productos\/kit-soprador-150bh\/","url":"https:\/\/www.hods.eu\/pt-pt\/productos\/kit-soprador-150bh\/","name":"Kit Soprador 150B\/H. M\u00e1quina de sopro de garrafas - HODS","isPartOf":{"@id":"https:\/\/www.hods.eu\/pt-pt\/#website"},"primaryImageOfPage":{"@id":"https:\/\/www.hods.eu\/pt-pt\/productos\/kit-soprador-150bh\/#primaryimage"},"image":{"@id":"https:\/\/www.hods.eu\/pt-pt\/productos\/kit-soprador-150bh\/#primaryimage"},"thumbnailUrl":"https:\/\/www.hods.eu\/wp-content\/uploads\/sopladora150_01.jpg","datePublished":"2022-01-24T11:45:07+00:00","dateModified":"2022-01-25T16:06:17+00:00","description":"Kit Soprador 150B\/H. M\u00e1quinas de sopro de garrafas. Forno e 2 m\u00e1quinas de moldagem por sopro que, juntas, produzem 150 garrafas por hora.","breadcrumb":{"@id":"https:\/\/www.hods.eu\/pt-pt\/productos\/kit-soprador-150bh\/#breadcrumb"},"inLanguage":"pt-PT","potentialAction":[{"@type":"ReadAction","target":["https:\/\/www.hods.eu\/pt-pt\/productos\/kit-soprador-150bh\/"]}]},{"@type":"ImageObject","inLanguage":"pt-PT","@id":"https:\/\/www.hods.eu\/pt-pt\/productos\/kit-soprador-150bh\/#primaryimage","url":"https:\/\/www.hods.eu\/wp-content\/uploads\/sopladora150_01.jpg","contentUrl":"https:\/\/www.hods.eu\/wp-content\/uploads\/sopladora150_01.jpg","width":768,"height":1024},{"@type":"BreadcrumbList","@id":"https:\/\/www.hods.eu\/pt-pt\/productos\/kit-soprador-150bh\/#breadcrumb","itemListElement":[{"@type":"ListItem","position":1,"name":"Portada","item":"https:\/\/www.hods.eu\/pt-pt\/"},{"@type":"ListItem","position":2,"name":"Tienda","item":"https:\/\/www.hods.eu\/tienda\/"},{"@type":"ListItem","position":3,"name":"Kit Soprador 150B\/H"}]},{"@type":"WebSite","@id":"https:\/\/www.hods.eu\/pt-pt\/#website","url":"https:\/\/www.hods.eu\/pt-pt\/","name":"HODS","description":"water? drink with us","publisher":{"@id":"https:\/\/www.hods.eu\/pt-pt\/#organization"},"potentialAction":[{"@type":"SearchAction","target":{"@type":"EntryPoint","urlTemplate":"https:\/\/www.hods.eu\/pt-pt\/?s={search_term_string}"},"query-input":{"@type":"PropertyValueSpecification","valueRequired":true,"valueName":"search_term_string"}}],"inLanguage":"pt-PT"},{"@type":"Organization","@id":"https:\/\/www.hods.eu\/pt-pt\/#organization","name":"HODS","url":"https:\/\/www.hods.eu\/pt-pt\/","logo":{"@type":"ImageObject","inLanguage":"pt-PT","@id":"https:\/\/www.hods.eu\/pt-pt\/#\/schema\/logo\/image\/","url":"https:\/\/www.hods.eu\/wp-content\/uploads\/hods-completo-blanco2.jpg","contentUrl":"https:\/\/www.hods.eu\/wp-content\/uploads\/hods-completo-blanco2.jpg","width":500,"height":179,"caption":"HODS"},"image":{"@id":"https:\/\/www.hods.eu\/pt-pt\/#\/schema\/logo\/image\/"}}]}},"_links":{"self":[{"href":"https:\/\/www.hods.eu\/pt-pt\/wp-json\/wp\/v2\/product\/30544","targetHints":{"allow":["GET"]}}],"collection":[{"href":"https:\/\/www.hods.eu\/pt-pt\/wp-json\/wp\/v2\/product"}],"about":[{"href":"https:\/\/www.hods.eu\/pt-pt\/wp-json\/wp\/v2\/types\/product"}],"wp:featuredmedia":[{"embeddable":true,"href":"https:\/\/www.hods.eu\/pt-pt\/wp-json\/wp\/v2\/media\/30449"}],"wp:attachment":[{"href":"https:\/\/www.hods.eu\/pt-pt\/wp-json\/wp\/v2\/media?parent=30544"}],"wp:term":[{"taxonomy":"product_brand","embeddable":true,"href":"https:\/\/www.hods.eu\/pt-pt\/wp-json\/wp\/v2\/product_brand?post=30544"},{"taxonomy":"product_cat","embeddable":true,"href":"https:\/\/www.hods.eu\/pt-pt\/wp-json\/wp\/v2\/product_cat?post=30544"},{"taxonomy":"product_tag","embeddable":true,"href":"https:\/\/www.hods.eu\/pt-pt\/wp-json\/wp\/v2\/product_tag?post=30544"}],"curies":[{"name":"wp","href":"https:\/\/api.w.org\/{rel}","templated":true}]}}