{"id":28828,"date":"2021-03-08T14:47:54","date_gmt":"2021-03-08T14:20:56","guid":{"rendered":"https:\/\/www.hods.eu\/?post_type=product&#038;p=28828"},"modified":"2022-01-19T12:02:49","modified_gmt":"2022-01-19T11:02:49","slug":"sensorem-up-preta","status":"publish","type":"product","link":"https:\/\/www.hods.eu\/pt-pt\/productos\/sensorem-up-preta\/","title":{"rendered":"Sensorem Up Preta"},"content":{"rendered":"<h3 style=\"text-align: justify; color: #6d6d6d;\"><b>Distribuidor de \u00e1gua com sensor Sensorem Up Preta. \u00c9 activado por apenas dois gestos atrav\u00e9s de um sensor. O doseador n\u00e3o \u00e9 tocado \u00e0 m\u00e3o em momento algum. O copo ou garrafa repousa sobre o copo de gotejamento e a temperatura da \u00e1gua \u00e9 seleccionada simplesmente colocando a m\u00e3o sobre o sensor.<\/b><\/h3>\n<h4 style=\"text-align: justify; color: #6d6d6d;\">Preta com linhas rectas, com um preto que cabe em qualquer casa ou escrit\u00f3rio. Tem um design discreto para se misturar em qualquer ambiente.<\/h4>\n<p style=\"text-align: justify; color: #6d6d6d;\">O Sensorem Up Preta \u00e9 operada por <strong>Sensor<\/strong>. Para servir \u00e1gua, <strong> n\u00e3o se toca no doseador<\/strong>. Primeiro escolhe entre \u00e1gua fria ou quente, colocando a m\u00e3o sobre o sensor e esperando alguns segundos. Com um sinal sonoro e luminoso, \u00e9 confirmado que a \u00e1gua seleccionada foi activada. Afaste a sua m\u00e3o por um segundo e coloque-a de volta no sensor. Desta forma, a quantidade de \u00e1gua a ser distribu\u00edda \u00e9 perfeitamente controlada. Assim que o copo ou garrafa estiver cheio, basta retirar a m\u00e3o e o dispensador deixa de dispensar \u00e1gua imediatamente.<\/p>\n<p style=\"text-align: justify; color: #6d6d6d;\">Incorpora um colector de gotejamento que recolhe a \u00e1gua que pode transbordar do copo que est\u00e1 a ser enchido.<\/p>\n<h3 style=\"text-align: justify; color: #6d6d6d;\">Neste colector de gotejamento \u00e9 marcada a posi\u00e7\u00e3o em que o copo ou garrafa deve ser colocado para deitar \u00e1gua. <strong>\u00c9 mais largo<\/strong>, para que a frente do doseador n\u00e3o toque no copo em momento algum. A <strong>dist\u00e2ncia entre o colector de gotejamento e a torneira \u00e9 tamb\u00e9m maior<\/strong>, para acomodar garrafas maiores. Desta forma, nem a frente do doseador nem a torneira tocam no copo ou frasco, evitando assim a transmiss\u00e3o de bact\u00e9rias ou v\u00edrus.<\/h3>\n<p style=\"text-align: justify; color: #6d6d6d;\">Al\u00e9m disso, a Sensorem Up Branca incorpora um Sistema Anti-Derramamento que funciona com uma b\u00f3ia interna que evita o transbordo de \u00e1gua quando a capacidade do reservat\u00f3rio de \u00e1gua do dispensador excede o n\u00edvel apropriado. Gra\u00e7as a isto, evita qualquer derramamento excessivo de \u00e1gua da garrafa para a m\u00e1quina. Al\u00e9m disso, todos os tubos em contacto com a \u00e1gua s\u00e3o feitos de A\u00c7O INOXID\u00c1VEL, o que os torna higi\u00e9nicos e evita a migra\u00e7\u00e3o do sabor pl\u00e1stico na \u00e1gua como no resto das m\u00e1quinas no mercado.<\/p>\n<p style=\"text-align: justify; color: #6d6d6d;\">Permite tamb\u00e9m desactivar a \u00e1gua quente que oferece a possibilidade de ter uma torneira de \u00e1gua temperada (<i>\u00e1gua \u00e0 temperatura ambiente<\/i>), e como resultado final, um dispensador de \u00e1gua fria e \u00e1gua temperada.<\/p>\n<p style=\"text-align: justify; color: #6d6d6d;\">Este dispensador \u00e9 compat\u00edvel com todas as nossas garrafas PET nos seus diferentes formatos e pode adicionar acess\u00f3rios como o nosso <a href=\"https:\/\/www.hods.eu\/pt-pt\/productos\/suporte-para-copos-transparente\/\">suporte para copos transparente<\/a>, al\u00e9m de ser perfeito para ser acompanhado pela nossa garrafeira met\u00e1lica ou <a href=\"https:\/\/www.hods.eu\/pt-pt\/productos\/garrafeira-metalica-preta\/\">prateleira preta para 4 garrafas PET<\/a>.<\/p>\n<table dir=\"ltr\" style=\"height: 227px;\" border=\"1\" summary=\"dimensiones y caracteristicas\" width=\"636\">\n<colgroup width=\"50%\"><\/colgroup>\n<colgroup id=\"colgroup\" class=\"colgroup\" title=\"title\" span=\"2\" width=\"1*\" align=\"center\" valign=\"middle\"><\/colgroup>\n<thead>\n<tr>\n<th scope=\"col\"><b>Dimens\u00f5es e peso<\/b><\/th>\n<th scope=\"col\"><b>Caracter\u00edsticas<\/b><\/th>\n<\/tr>\n<\/thead>\n<tfoot>\n<tr>\n<td><\/td>\n<td><b>Tens\u00e3o:<\/b> 220 V &#8211; 240 V \/ 50 Hz &#8211; 60 Hz<\/td>\n<\/tr>\n<\/tfoot>\n<tbody>\n<tr>\n<td><b>Peso:<\/b> 14 kg<\/td>\n<td><b>Capacidade de arrefecimento:<\/b> 2 litros\/hora<\/td>\n<\/tr>\n<tr>\n<td><b>Largura:<\/b> 27 cm<\/td>\n<td><b>Capacidade para aquecer:<\/b> 5 litros\/hora<\/td>\n<\/tr>\n<tr>\n<td><b>Profundidade:<\/b> 31 cm<\/td>\n<td><b>Temperatura \u00e1gua fr\u00eda:<\/b> 0\u00baC &#8211; 10\u00baC<\/td>\n<\/tr>\n<tr>\n<td><b>Altura:<\/b> 103 cm<\/td>\n<td><b>Temperatura \u00e1gua quente:<\/b> 85\u00baC &#8211; 97\u00baC<\/td>\n<\/tr>\n<tr>\n<td><\/td>\n<td><b>Capacidade tanque fr\u00edo:<\/b> 3,9 litros<\/td>\n<\/tr>\n<tr>\n<td><\/td>\n<td><b>Capacidade tanque quente:<\/b> 1,2 litros<\/td>\n<\/tr>\n<tr>\n<td><\/td>\n<td><b>Pot\u00eancia de aquecimento e arrefecimento:<\/b> 85 W \/ 500 W<\/td>\n<\/tr>\n<\/tbody>\n<\/table>\n","protected":false},"excerpt":{"rendered":"<p><img decoding=\"async\" src=\"https:\/\/www.hods.eu\/wp-content\/uploads\/sintocar.png\" border=\"0\" \/><span style=\"color: #6d6d6d;\"><strong>Sistema de sensor sem contacto<\/strong>.<\/span><\/p>\n<p><img decoding=\"async\" src=\"https:\/\/www.hods.eu\/wp-content\/uploads\/botellasensorem.png\" border=\"0\" \/><span style=\"color: #6d6d6d;\">Mais espa\u00e7o para servir \u00e1gua.<\/span><\/p>\n<p><img decoding=\"async\" src=\"https:\/\/www.hods.eu\/wp-content\/uploads\/pou.png\" border=\"0\" \/><span style=\"color: #6d6d6d;\">Torneira mais separada do painel frontal.<\/span><\/p>\n<p><img decoding=\"async\" src=\"https:\/\/www.hods.eu\/wp-content\/uploads\/antiderrame.png\" border=\"0\" \/><span style=\"color: #6d6d6d;\">Operado manualmente, evita o derramamento de \u00e1gua ao remover o copo.<\/span><\/p>\n<p><img decoding=\"async\" src=\"https:\/\/www.hods.eu\/wp-content\/uploads\/friacaliente.png\" border=\"0\" \/><span style=\"color: #6d6d6d;\">\u00c1gua quente e fria.<\/span><\/p>\n<p><img decoding=\"async\" src=\"https:\/\/www.hods.eu\/wp-content\/uploads\/botellon.png\" border=\"0\" \/><span style=\"color: #6d6d6d;\">Adequado para todos os tipos de <strong>Garraf\u00f5es<\/strong> com <strong>tampas 5 gal\u00f5es<\/strong>.<\/span><\/p>\n<p>&nbsp;<\/p>\n<p>&nbsp;<\/p>\n<p><span style=\"color: #6d6d6d;\"><strong>Comprar na loja online <a href=\"https:\/\/watcool.com\/pt\/fontes-de-agua\/21-sensorem-up-preta.html\" target=\"_blank\" rel=\"noopener\"><img loading=\"lazy\" decoding=\"async\" class=\"alignnone wp-image-30290\" title=\"watcool\" src=\"https:\/\/www.hods.eu\/wp-content\/uploads\/web.jpg\" alt=\"watcool\" width=\"90\" height=\"18\" srcset=\"https:\/\/www.hods.eu\/wp-content\/uploads\/web.jpg 200w, https:\/\/www.hods.eu\/wp-content\/uploads\/web-150x30.jpg 150w\" sizes=\"auto, (max-width: 90px) 100vw, 90px\" \/><\/a><\/strong> <\/span><\/p>\n","protected":false},"featured_media":28870,"template":"","meta":[],"product_brand":[],"product_cat":[86,87],"product_tag":[],"class_list":{"0":"post-28828","1":"product","2":"type-product","3":"status-publish","4":"has-post-thumbnail","6":"product_cat-fontes-agua-pt-pt","7":"product_cat-fontes-garrafa","9":"first","10":"instock","11":"shipping-taxable","12":"product-type-simple"},"yoast_head":"<!-- This site is optimized with the Yoast SEO plugin v27.3 - https:\/\/yoast.com\/product\/yoast-seo-wordpress\/ -->\n<title>Sensorem Up Preta. Distribuidor de \u00e1gua com sensor<\/title>\n<meta name=\"description\" content=\"Sensorem Up Preta. Distribuidor de \u00e1gua quente e fria com sensor. N\u00e3o tocar no doseador, \u00e9 activado por gestos. Mais higi\u00e9nico.\" \/>\n<meta name=\"robots\" content=\"index, follow, max-snippet:-1, max-image-preview:large, max-video-preview:-1\" \/>\n<link rel=\"canonical\" href=\"https:\/\/www.hods.eu\/pt-pt\/productos\/sensorem-up-preta\/\" \/>\n<meta property=\"og:locale\" content=\"pt_PT\" \/>\n<meta property=\"og:type\" content=\"article\" \/>\n<meta property=\"og:title\" content=\"Sensorem Up Preta. Distribuidor de \u00e1gua com sensor\" \/>\n<meta property=\"og:description\" content=\"Sensorem Up Preta. Distribuidor de \u00e1gua quente e fria com sensor. N\u00e3o tocar no doseador, \u00e9 activado por gestos. Mais higi\u00e9nico.\" \/>\n<meta property=\"og:url\" content=\"https:\/\/www.hods.eu\/pt-pt\/productos\/sensorem-up-preta\/\" \/>\n<meta property=\"og:site_name\" content=\"HODS\" \/>\n<meta property=\"article:modified_time\" content=\"2022-01-19T11:02:49+00:00\" \/>\n<meta property=\"og:image\" content=\"https:\/\/www.hods.eu\/wp-content\/uploads\/sensoremnegra_hods_web_01.jpg\" \/>\n\t<meta property=\"og:image:width\" content=\"768\" \/>\n\t<meta property=\"og:image:height\" content=\"1024\" \/>\n\t<meta property=\"og:image:type\" content=\"image\/jpeg\" \/>\n<meta name=\"twitter:card\" content=\"summary_large_image\" \/>\n<meta name=\"twitter:label1\" content=\"Tempo estimado de leitura\" \/>\n\t<meta name=\"twitter:data1\" content=\"3 minutos\" \/>\n<script type=\"application\/ld+json\" class=\"yoast-schema-graph\">{\"@context\":\"https:\\\/\\\/schema.org\",\"@graph\":[{\"@type\":\"WebPage\",\"@id\":\"https:\\\/\\\/www.hods.eu\\\/pt-pt\\\/productos\\\/sensorem-up-preta\\\/\",\"url\":\"https:\\\/\\\/www.hods.eu\\\/pt-pt\\\/productos\\\/sensorem-up-preta\\\/\",\"name\":\"Sensorem Up Preta. Distribuidor de \u00e1gua com sensor\",\"isPartOf\":{\"@id\":\"https:\\\/\\\/www.hods.eu\\\/pt-pt\\\/#website\"},\"primaryImageOfPage\":{\"@id\":\"https:\\\/\\\/www.hods.eu\\\/pt-pt\\\/productos\\\/sensorem-up-preta\\\/#primaryimage\"},\"image\":{\"@id\":\"https:\\\/\\\/www.hods.eu\\\/pt-pt\\\/productos\\\/sensorem-up-preta\\\/#primaryimage\"},\"thumbnailUrl\":\"https:\\\/\\\/www.hods.eu\\\/wp-content\\\/uploads\\\/sensoremnegra_hods_web_01.jpg\",\"datePublished\":\"2021-03-08T14:20:56+00:00\",\"dateModified\":\"2022-01-19T11:02:49+00:00\",\"description\":\"Sensorem Up Preta. Distribuidor de \u00e1gua quente e fria com sensor. N\u00e3o tocar no doseador, \u00e9 activado por gestos. Mais higi\u00e9nico.\",\"breadcrumb\":{\"@id\":\"https:\\\/\\\/www.hods.eu\\\/pt-pt\\\/productos\\\/sensorem-up-preta\\\/#breadcrumb\"},\"inLanguage\":\"pt-PT\",\"potentialAction\":[{\"@type\":\"ReadAction\",\"target\":[\"https:\\\/\\\/www.hods.eu\\\/pt-pt\\\/productos\\\/sensorem-up-preta\\\/\"]}]},{\"@type\":\"ImageObject\",\"inLanguage\":\"pt-PT\",\"@id\":\"https:\\\/\\\/www.hods.eu\\\/pt-pt\\\/productos\\\/sensorem-up-preta\\\/#primaryimage\",\"url\":\"https:\\\/\\\/www.hods.eu\\\/wp-content\\\/uploads\\\/sensoremnegra_hods_web_01.jpg\",\"contentUrl\":\"https:\\\/\\\/www.hods.eu\\\/wp-content\\\/uploads\\\/sensoremnegra_hods_web_01.jpg\",\"width\":768,\"height\":1024,\"caption\":\"Fonte de \u00c1gua Sensorem Up Preta. Distribuidor de \u00e1gua com sensor\"},{\"@type\":\"BreadcrumbList\",\"@id\":\"https:\\\/\\\/www.hods.eu\\\/pt-pt\\\/productos\\\/sensorem-up-preta\\\/#breadcrumb\",\"itemListElement\":[{\"@type\":\"ListItem\",\"position\":1,\"name\":\"Portada\",\"item\":\"https:\\\/\\\/www.hods.eu\\\/pt-pt\\\/\"},{\"@type\":\"ListItem\",\"position\":2,\"name\":\"Tienda\",\"item\":\"https:\\\/\\\/www.hods.eu\\\/tienda\\\/\"},{\"@type\":\"ListItem\",\"position\":3,\"name\":\"Sensorem Up Preta\"}]},{\"@type\":\"WebSite\",\"@id\":\"https:\\\/\\\/www.hods.eu\\\/pt-pt\\\/#website\",\"url\":\"https:\\\/\\\/www.hods.eu\\\/pt-pt\\\/\",\"name\":\"HODS\",\"description\":\"water? drink with us\",\"publisher\":{\"@id\":\"https:\\\/\\\/www.hods.eu\\\/pt-pt\\\/#organization\"},\"potentialAction\":[{\"@type\":\"SearchAction\",\"target\":{\"@type\":\"EntryPoint\",\"urlTemplate\":\"https:\\\/\\\/www.hods.eu\\\/pt-pt\\\/?s={search_term_string}\"},\"query-input\":{\"@type\":\"PropertyValueSpecification\",\"valueRequired\":true,\"valueName\":\"search_term_string\"}}],\"inLanguage\":\"pt-PT\"},{\"@type\":\"Organization\",\"@id\":\"https:\\\/\\\/www.hods.eu\\\/pt-pt\\\/#organization\",\"name\":\"HODS\",\"url\":\"https:\\\/\\\/www.hods.eu\\\/pt-pt\\\/\",\"logo\":{\"@type\":\"ImageObject\",\"inLanguage\":\"pt-PT\",\"@id\":\"https:\\\/\\\/www.hods.eu\\\/pt-pt\\\/#\\\/schema\\\/logo\\\/image\\\/\",\"url\":\"https:\\\/\\\/www.hods.eu\\\/wp-content\\\/uploads\\\/hods-completo-blanco2.jpg\",\"contentUrl\":\"https:\\\/\\\/www.hods.eu\\\/wp-content\\\/uploads\\\/hods-completo-blanco2.jpg\",\"width\":500,\"height\":179,\"caption\":\"HODS\"},\"image\":{\"@id\":\"https:\\\/\\\/www.hods.eu\\\/pt-pt\\\/#\\\/schema\\\/logo\\\/image\\\/\"}}]}<\/script>\n<!-- \/ Yoast SEO plugin. -->","yoast_head_json":{"title":"Sensorem Up Preta. Distribuidor de \u00e1gua com sensor","description":"Sensorem Up Preta. Distribuidor de \u00e1gua quente e fria com sensor. N\u00e3o tocar no doseador, \u00e9 activado por gestos. Mais higi\u00e9nico.","robots":{"index":"index","follow":"follow","max-snippet":"max-snippet:-1","max-image-preview":"max-image-preview:large","max-video-preview":"max-video-preview:-1"},"canonical":"https:\/\/www.hods.eu\/pt-pt\/productos\/sensorem-up-preta\/","og_locale":"pt_PT","og_type":"article","og_title":"Sensorem Up Preta. Distribuidor de \u00e1gua com sensor","og_description":"Sensorem Up Preta. Distribuidor de \u00e1gua quente e fria com sensor. N\u00e3o tocar no doseador, \u00e9 activado por gestos. Mais higi\u00e9nico.","og_url":"https:\/\/www.hods.eu\/pt-pt\/productos\/sensorem-up-preta\/","og_site_name":"HODS","article_modified_time":"2022-01-19T11:02:49+00:00","og_image":[{"width":768,"height":1024,"url":"https:\/\/www.hods.eu\/wp-content\/uploads\/sensoremnegra_hods_web_01.jpg","type":"image\/jpeg"}],"twitter_card":"summary_large_image","twitter_misc":{"Tempo estimado de leitura":"3 minutos"},"schema":{"@context":"https:\/\/schema.org","@graph":[{"@type":"WebPage","@id":"https:\/\/www.hods.eu\/pt-pt\/productos\/sensorem-up-preta\/","url":"https:\/\/www.hods.eu\/pt-pt\/productos\/sensorem-up-preta\/","name":"Sensorem Up Preta. Distribuidor de \u00e1gua com sensor","isPartOf":{"@id":"https:\/\/www.hods.eu\/pt-pt\/#website"},"primaryImageOfPage":{"@id":"https:\/\/www.hods.eu\/pt-pt\/productos\/sensorem-up-preta\/#primaryimage"},"image":{"@id":"https:\/\/www.hods.eu\/pt-pt\/productos\/sensorem-up-preta\/#primaryimage"},"thumbnailUrl":"https:\/\/www.hods.eu\/wp-content\/uploads\/sensoremnegra_hods_web_01.jpg","datePublished":"2021-03-08T14:20:56+00:00","dateModified":"2022-01-19T11:02:49+00:00","description":"Sensorem Up Preta. Distribuidor de \u00e1gua quente e fria com sensor. N\u00e3o tocar no doseador, \u00e9 activado por gestos. Mais higi\u00e9nico.","breadcrumb":{"@id":"https:\/\/www.hods.eu\/pt-pt\/productos\/sensorem-up-preta\/#breadcrumb"},"inLanguage":"pt-PT","potentialAction":[{"@type":"ReadAction","target":["https:\/\/www.hods.eu\/pt-pt\/productos\/sensorem-up-preta\/"]}]},{"@type":"ImageObject","inLanguage":"pt-PT","@id":"https:\/\/www.hods.eu\/pt-pt\/productos\/sensorem-up-preta\/#primaryimage","url":"https:\/\/www.hods.eu\/wp-content\/uploads\/sensoremnegra_hods_web_01.jpg","contentUrl":"https:\/\/www.hods.eu\/wp-content\/uploads\/sensoremnegra_hods_web_01.jpg","width":768,"height":1024,"caption":"Fonte de \u00c1gua Sensorem Up Preta. Distribuidor de \u00e1gua com sensor"},{"@type":"BreadcrumbList","@id":"https:\/\/www.hods.eu\/pt-pt\/productos\/sensorem-up-preta\/#breadcrumb","itemListElement":[{"@type":"ListItem","position":1,"name":"Portada","item":"https:\/\/www.hods.eu\/pt-pt\/"},{"@type":"ListItem","position":2,"name":"Tienda","item":"https:\/\/www.hods.eu\/tienda\/"},{"@type":"ListItem","position":3,"name":"Sensorem Up Preta"}]},{"@type":"WebSite","@id":"https:\/\/www.hods.eu\/pt-pt\/#website","url":"https:\/\/www.hods.eu\/pt-pt\/","name":"HODS","description":"water? drink with us","publisher":{"@id":"https:\/\/www.hods.eu\/pt-pt\/#organization"},"potentialAction":[{"@type":"SearchAction","target":{"@type":"EntryPoint","urlTemplate":"https:\/\/www.hods.eu\/pt-pt\/?s={search_term_string}"},"query-input":{"@type":"PropertyValueSpecification","valueRequired":true,"valueName":"search_term_string"}}],"inLanguage":"pt-PT"},{"@type":"Organization","@id":"https:\/\/www.hods.eu\/pt-pt\/#organization","name":"HODS","url":"https:\/\/www.hods.eu\/pt-pt\/","logo":{"@type":"ImageObject","inLanguage":"pt-PT","@id":"https:\/\/www.hods.eu\/pt-pt\/#\/schema\/logo\/image\/","url":"https:\/\/www.hods.eu\/wp-content\/uploads\/hods-completo-blanco2.jpg","contentUrl":"https:\/\/www.hods.eu\/wp-content\/uploads\/hods-completo-blanco2.jpg","width":500,"height":179,"caption":"HODS"},"image":{"@id":"https:\/\/www.hods.eu\/pt-pt\/#\/schema\/logo\/image\/"}}]}},"_links":{"self":[{"href":"https:\/\/www.hods.eu\/pt-pt\/wp-json\/wp\/v2\/product\/28828","targetHints":{"allow":["GET"]}}],"collection":[{"href":"https:\/\/www.hods.eu\/pt-pt\/wp-json\/wp\/v2\/product"}],"about":[{"href":"https:\/\/www.hods.eu\/pt-pt\/wp-json\/wp\/v2\/types\/product"}],"wp:featuredmedia":[{"embeddable":true,"href":"https:\/\/www.hods.eu\/pt-pt\/wp-json\/wp\/v2\/media\/28870"}],"wp:attachment":[{"href":"https:\/\/www.hods.eu\/pt-pt\/wp-json\/wp\/v2\/media?parent=28828"}],"wp:term":[{"taxonomy":"product_brand","embeddable":true,"href":"https:\/\/www.hods.eu\/pt-pt\/wp-json\/wp\/v2\/product_brand?post=28828"},{"taxonomy":"product_cat","embeddable":true,"href":"https:\/\/www.hods.eu\/pt-pt\/wp-json\/wp\/v2\/product_cat?post=28828"},{"taxonomy":"product_tag","embeddable":true,"href":"https:\/\/www.hods.eu\/pt-pt\/wp-json\/wp\/v2\/product_tag?post=28828"}],"curies":[{"name":"wp","href":"https:\/\/api.w.org\/{rel}","templated":true}]}}