{"id":28732,"date":"2021-02-08T12:20:40","date_gmt":"2021-02-08T11:20:40","guid":{"rendered":"https:\/\/www.hods.eu\/productos\/copo-de-papel-pla\/"},"modified":"2023-06-12T09:11:37","modified_gmt":"2023-06-12T08:11:37","slug":"copo-de-papel-pla","status":"publish","type":"product","link":"https:\/\/www.hods.eu\/pt-pt\/productos\/copo-de-papel-pla\/","title":{"rendered":"Copo de papel PLA"},"content":{"rendered":"<h3 style=\"text-align: justify; color: #6d6d6d;\">O Copo de papel PLA \u00e9 feito de celulose com uma camada de PLA totalmente biodegrad\u00e1vel e compost\u00e1vel.<\/h3>\n<p style=\"text-align: justify; color: #6d6d6d;\">O <strong>copo de papel PLA<\/strong> \u00e9 feito de celulose com uma camada de PLA e \u00e9 utilizado para <strong>bebidas quentes e frias<\/strong>, como \u00e1gua e caf\u00e9, resistindo a temperaturas elevadas. O PLA <strong>\u00e9 um pl\u00e1stico de origem vegetal<\/strong> obtido a partir do amido ou da cana-de-a\u00e7\u00facar. Esta camada de PLA \u00e9 100% de qualidade alimentar, cuja origem \u00e9 o milho. Por este motivo, os copos de PLA s\u00e3o <strong>mais respons\u00e1veis do ponto de vista ambiental<\/strong>, uma vez que n\u00e3o s\u00f3 s\u00e3o recicl\u00e1veis, como tamb\u00e9m compost\u00e1veis.<\/p>\n<p style=\"text-align: justify; color: #6d6d6d;\">Este copo \u00e9 <strong>100% compost\u00e1vel<\/strong>, o que significa que, para al\u00e9m de ser <strong>biodegrad\u00e1vel<\/strong>, pode ser decomposto e, quando se degrada, transforma-se em composto ou fertilizante. Deste modo, evita-se o excesso de polui\u00e7\u00e3o no ambiente e evitam-se as emiss\u00f5es para a atmosfera causadas pela transforma\u00e7\u00e3o dos res\u00edduos.<\/p>\n<p style=\"text-align: justify; color: #6d6d6d;\">Este tipo de copo tem uma capacidade de 7oz, ou <strong>210cc<\/strong> ou <strong>210 ml<\/strong>.<\/p>\n<p style=\"text-align: justify; color: #6d6d6d;\">\u00c9 distribu\u00eddo em <strong>sacos de 50 unidades<\/strong>. Em caixas de 20 sacos. Concebido em marrom, a cor natural do cart\u00e3o e com uma risca verde.<\/p>\n<p style=\"text-align: justify; color: #6d6d6d;\">O copo encaixa perfeitamente nos <a href=\"https:\/\/www.hods.eu\/pt-pt\/productos\/suporte-para-copos-transparente\/\">porta-copos<\/a> e cada saco encaixa sem qualquer problema. Desta modo, nenhum copo fica fora do saco, evitando assim qualquer contamina\u00e7\u00e3o. Os copos s\u00e3o tamb\u00e9m compat\u00edveis com os <a href=\"https:\/\/www.hods.eu\/pt-pt\/productos\/coletor-de-copos\/\" target=\"_blank\" rel=\"noopener\">colector de copos<\/a> para organizar melhor a sua reciclagem.<\/p>\n<p><iframe loading=\"lazy\" src=\"https:\/\/www.youtube.com\/embed\/UnhUcFodyVc\" width=\"560\" height=\"315\" frameborder=\"0\" allowfullscreen=\"allowfullscreen\"><\/iframe><\/p>\n","protected":false},"excerpt":{"rendered":"<p><img decoding=\"async\" src=\"https:\/\/www.hods.eu\/wp-content\/uploads\/reciclaje.png\" border=\"0\" \/><strong><span style=\"color: #6d6d6d;\">Biodegrad\u00e1vel e compost\u00e1vel.<\/span><\/strong><\/p>\n<p><img decoding=\"async\" src=\"https:\/\/www.hods.eu\/wp-content\/uploads\/vasos.png\" border=\"0\" \/><span style=\"color: #6d6d6d;\">Sacos de 50 copos que cabem perfeitamente no suporte do copo.<\/span><\/p>\n<p><img decoding=\"async\" src=\"https:\/\/www.hods.eu\/wp-content\/uploads\/friacaliente.png\" border=\"0\" \/><span style=\"color: #6d6d6d;\">Adequado para bebidas <strong>quentes e frias<\/strong>.<\/span><\/p>\n<p><img decoding=\"async\" src=\"https:\/\/www.hods.eu\/wp-content\/uploads\/ligereza.png\" border=\"0\" \/><span style=\"color: #6d6d6d;\">Leve e resistente.<\/span><\/p>\n","protected":false},"featured_media":28627,"template":"","meta":[],"product_brand":[],"product_cat":[84],"product_tag":[],"class_list":{"0":"post-28732","1":"product","2":"type-product","3":"status-publish","4":"has-post-thumbnail","6":"product_cat-acessorios","8":"first","9":"instock","10":"shipping-taxable","11":"product-type-simple"},"yoast_head":"<!-- This site is optimized with the Yoast SEO plugin v27.3 - https:\/\/yoast.com\/product\/yoast-seo-wordpress\/ -->\n<title>Copo de papel PLA. Feito de celulose com uma camada PLA<\/title>\n<meta name=\"description\" content=\"Copo de papel PLA. Copo feito de celulose com camada PLA totalmente biodegrad\u00e1vel e compost\u00e1vel. Amigo do ambiente.\" \/>\n<meta name=\"robots\" content=\"index, follow, max-snippet:-1, max-image-preview:large, max-video-preview:-1\" \/>\n<link rel=\"canonical\" href=\"https:\/\/www.hods.eu\/pt-pt\/productos\/copo-de-papel-pla\/\" \/>\n<meta property=\"og:locale\" content=\"pt_PT\" \/>\n<meta property=\"og:type\" content=\"article\" \/>\n<meta property=\"og:title\" content=\"Copo de papel PLA. Feito de celulose com uma camada PLA\" \/>\n<meta property=\"og:description\" content=\"Copo de papel PLA. Copo feito de celulose com camada PLA totalmente biodegrad\u00e1vel e compost\u00e1vel. Amigo do ambiente.\" \/>\n<meta property=\"og:url\" content=\"https:\/\/www.hods.eu\/pt-pt\/productos\/copo-de-papel-pla\/\" \/>\n<meta property=\"og:site_name\" content=\"HODS\" \/>\n<meta property=\"article:modified_time\" content=\"2023-06-12T08:11:37+00:00\" \/>\n<meta property=\"og:image\" content=\"https:\/\/www.hods.eu\/wp-content\/uploads\/vasopla_hods_web_01.jpg\" \/>\n\t<meta property=\"og:image:width\" content=\"768\" \/>\n\t<meta property=\"og:image:height\" content=\"1024\" \/>\n\t<meta property=\"og:image:type\" content=\"image\/jpeg\" \/>\n<meta name=\"twitter:card\" content=\"summary_large_image\" \/>\n<meta name=\"twitter:label1\" content=\"Tempo estimado de leitura\" \/>\n\t<meta name=\"twitter:data1\" content=\"1 minuto\" \/>\n<script type=\"application\/ld+json\" class=\"yoast-schema-graph\">{\"@context\":\"https:\\\/\\\/schema.org\",\"@graph\":[{\"@type\":\"WebPage\",\"@id\":\"https:\\\/\\\/www.hods.eu\\\/pt-pt\\\/productos\\\/copo-de-papel-pla\\\/\",\"url\":\"https:\\\/\\\/www.hods.eu\\\/pt-pt\\\/productos\\\/copo-de-papel-pla\\\/\",\"name\":\"Copo de papel PLA. Feito de celulose com uma camada PLA\",\"isPartOf\":{\"@id\":\"https:\\\/\\\/www.hods.eu\\\/pt-pt\\\/#website\"},\"primaryImageOfPage\":{\"@id\":\"https:\\\/\\\/www.hods.eu\\\/pt-pt\\\/productos\\\/copo-de-papel-pla\\\/#primaryimage\"},\"image\":{\"@id\":\"https:\\\/\\\/www.hods.eu\\\/pt-pt\\\/productos\\\/copo-de-papel-pla\\\/#primaryimage\"},\"thumbnailUrl\":\"https:\\\/\\\/www.hods.eu\\\/wp-content\\\/uploads\\\/vasopla_hods_web_01.jpg\",\"datePublished\":\"2021-02-08T11:20:40+00:00\",\"dateModified\":\"2023-06-12T08:11:37+00:00\",\"description\":\"Copo de papel PLA. Copo feito de celulose com camada PLA totalmente biodegrad\u00e1vel e compost\u00e1vel. Amigo do ambiente.\",\"breadcrumb\":{\"@id\":\"https:\\\/\\\/www.hods.eu\\\/pt-pt\\\/productos\\\/copo-de-papel-pla\\\/#breadcrumb\"},\"inLanguage\":\"pt-PT\",\"potentialAction\":[{\"@type\":\"ReadAction\",\"target\":[\"https:\\\/\\\/www.hods.eu\\\/pt-pt\\\/productos\\\/copo-de-papel-pla\\\/\"]}]},{\"@type\":\"ImageObject\",\"inLanguage\":\"pt-PT\",\"@id\":\"https:\\\/\\\/www.hods.eu\\\/pt-pt\\\/productos\\\/copo-de-papel-pla\\\/#primaryimage\",\"url\":\"https:\\\/\\\/www.hods.eu\\\/wp-content\\\/uploads\\\/vasopla_hods_web_01.jpg\",\"contentUrl\":\"https:\\\/\\\/www.hods.eu\\\/wp-content\\\/uploads\\\/vasopla_hods_web_01.jpg\",\"width\":768,\"height\":1024,\"caption\":\"Copo de papel PLA. Copo feito de celulose com camada PLA totalmente biodegrad\u00e1vel e compost\u00e1vel. Amigo do ambiente.\"},{\"@type\":\"BreadcrumbList\",\"@id\":\"https:\\\/\\\/www.hods.eu\\\/pt-pt\\\/productos\\\/copo-de-papel-pla\\\/#breadcrumb\",\"itemListElement\":[{\"@type\":\"ListItem\",\"position\":1,\"name\":\"Portada\",\"item\":\"https:\\\/\\\/www.hods.eu\\\/pt-pt\\\/\"},{\"@type\":\"ListItem\",\"position\":2,\"name\":\"Tienda\",\"item\":\"https:\\\/\\\/www.hods.eu\\\/tienda\\\/\"},{\"@type\":\"ListItem\",\"position\":3,\"name\":\"Copo de papel PLA\"}]},{\"@type\":\"WebSite\",\"@id\":\"https:\\\/\\\/www.hods.eu\\\/pt-pt\\\/#website\",\"url\":\"https:\\\/\\\/www.hods.eu\\\/pt-pt\\\/\",\"name\":\"HODS\",\"description\":\"water? drink with us\",\"publisher\":{\"@id\":\"https:\\\/\\\/www.hods.eu\\\/pt-pt\\\/#organization\"},\"potentialAction\":[{\"@type\":\"SearchAction\",\"target\":{\"@type\":\"EntryPoint\",\"urlTemplate\":\"https:\\\/\\\/www.hods.eu\\\/pt-pt\\\/?s={search_term_string}\"},\"query-input\":{\"@type\":\"PropertyValueSpecification\",\"valueRequired\":true,\"valueName\":\"search_term_string\"}}],\"inLanguage\":\"pt-PT\"},{\"@type\":\"Organization\",\"@id\":\"https:\\\/\\\/www.hods.eu\\\/pt-pt\\\/#organization\",\"name\":\"HODS\",\"url\":\"https:\\\/\\\/www.hods.eu\\\/pt-pt\\\/\",\"logo\":{\"@type\":\"ImageObject\",\"inLanguage\":\"pt-PT\",\"@id\":\"https:\\\/\\\/www.hods.eu\\\/pt-pt\\\/#\\\/schema\\\/logo\\\/image\\\/\",\"url\":\"https:\\\/\\\/www.hods.eu\\\/wp-content\\\/uploads\\\/hods-completo-blanco2.jpg\",\"contentUrl\":\"https:\\\/\\\/www.hods.eu\\\/wp-content\\\/uploads\\\/hods-completo-blanco2.jpg\",\"width\":500,\"height\":179,\"caption\":\"HODS\"},\"image\":{\"@id\":\"https:\\\/\\\/www.hods.eu\\\/pt-pt\\\/#\\\/schema\\\/logo\\\/image\\\/\"}}]}<\/script>\n<!-- \/ Yoast SEO plugin. -->","yoast_head_json":{"title":"Copo de papel PLA. Feito de celulose com uma camada PLA","description":"Copo de papel PLA. Copo feito de celulose com camada PLA totalmente biodegrad\u00e1vel e compost\u00e1vel. Amigo do ambiente.","robots":{"index":"index","follow":"follow","max-snippet":"max-snippet:-1","max-image-preview":"max-image-preview:large","max-video-preview":"max-video-preview:-1"},"canonical":"https:\/\/www.hods.eu\/pt-pt\/productos\/copo-de-papel-pla\/","og_locale":"pt_PT","og_type":"article","og_title":"Copo de papel PLA. Feito de celulose com uma camada PLA","og_description":"Copo de papel PLA. Copo feito de celulose com camada PLA totalmente biodegrad\u00e1vel e compost\u00e1vel. Amigo do ambiente.","og_url":"https:\/\/www.hods.eu\/pt-pt\/productos\/copo-de-papel-pla\/","og_site_name":"HODS","article_modified_time":"2023-06-12T08:11:37+00:00","og_image":[{"width":768,"height":1024,"url":"https:\/\/www.hods.eu\/wp-content\/uploads\/vasopla_hods_web_01.jpg","type":"image\/jpeg"}],"twitter_card":"summary_large_image","twitter_misc":{"Tempo estimado de leitura":"1 minuto"},"schema":{"@context":"https:\/\/schema.org","@graph":[{"@type":"WebPage","@id":"https:\/\/www.hods.eu\/pt-pt\/productos\/copo-de-papel-pla\/","url":"https:\/\/www.hods.eu\/pt-pt\/productos\/copo-de-papel-pla\/","name":"Copo de papel PLA. Feito de celulose com uma camada PLA","isPartOf":{"@id":"https:\/\/www.hods.eu\/pt-pt\/#website"},"primaryImageOfPage":{"@id":"https:\/\/www.hods.eu\/pt-pt\/productos\/copo-de-papel-pla\/#primaryimage"},"image":{"@id":"https:\/\/www.hods.eu\/pt-pt\/productos\/copo-de-papel-pla\/#primaryimage"},"thumbnailUrl":"https:\/\/www.hods.eu\/wp-content\/uploads\/vasopla_hods_web_01.jpg","datePublished":"2021-02-08T11:20:40+00:00","dateModified":"2023-06-12T08:11:37+00:00","description":"Copo de papel PLA. Copo feito de celulose com camada PLA totalmente biodegrad\u00e1vel e compost\u00e1vel. Amigo do ambiente.","breadcrumb":{"@id":"https:\/\/www.hods.eu\/pt-pt\/productos\/copo-de-papel-pla\/#breadcrumb"},"inLanguage":"pt-PT","potentialAction":[{"@type":"ReadAction","target":["https:\/\/www.hods.eu\/pt-pt\/productos\/copo-de-papel-pla\/"]}]},{"@type":"ImageObject","inLanguage":"pt-PT","@id":"https:\/\/www.hods.eu\/pt-pt\/productos\/copo-de-papel-pla\/#primaryimage","url":"https:\/\/www.hods.eu\/wp-content\/uploads\/vasopla_hods_web_01.jpg","contentUrl":"https:\/\/www.hods.eu\/wp-content\/uploads\/vasopla_hods_web_01.jpg","width":768,"height":1024,"caption":"Copo de papel PLA. Copo feito de celulose com camada PLA totalmente biodegrad\u00e1vel e compost\u00e1vel. Amigo do ambiente."},{"@type":"BreadcrumbList","@id":"https:\/\/www.hods.eu\/pt-pt\/productos\/copo-de-papel-pla\/#breadcrumb","itemListElement":[{"@type":"ListItem","position":1,"name":"Portada","item":"https:\/\/www.hods.eu\/pt-pt\/"},{"@type":"ListItem","position":2,"name":"Tienda","item":"https:\/\/www.hods.eu\/tienda\/"},{"@type":"ListItem","position":3,"name":"Copo de papel PLA"}]},{"@type":"WebSite","@id":"https:\/\/www.hods.eu\/pt-pt\/#website","url":"https:\/\/www.hods.eu\/pt-pt\/","name":"HODS","description":"water? drink with us","publisher":{"@id":"https:\/\/www.hods.eu\/pt-pt\/#organization"},"potentialAction":[{"@type":"SearchAction","target":{"@type":"EntryPoint","urlTemplate":"https:\/\/www.hods.eu\/pt-pt\/?s={search_term_string}"},"query-input":{"@type":"PropertyValueSpecification","valueRequired":true,"valueName":"search_term_string"}}],"inLanguage":"pt-PT"},{"@type":"Organization","@id":"https:\/\/www.hods.eu\/pt-pt\/#organization","name":"HODS","url":"https:\/\/www.hods.eu\/pt-pt\/","logo":{"@type":"ImageObject","inLanguage":"pt-PT","@id":"https:\/\/www.hods.eu\/pt-pt\/#\/schema\/logo\/image\/","url":"https:\/\/www.hods.eu\/wp-content\/uploads\/hods-completo-blanco2.jpg","contentUrl":"https:\/\/www.hods.eu\/wp-content\/uploads\/hods-completo-blanco2.jpg","width":500,"height":179,"caption":"HODS"},"image":{"@id":"https:\/\/www.hods.eu\/pt-pt\/#\/schema\/logo\/image\/"}}]}},"_links":{"self":[{"href":"https:\/\/www.hods.eu\/pt-pt\/wp-json\/wp\/v2\/product\/28732","targetHints":{"allow":["GET"]}}],"collection":[{"href":"https:\/\/www.hods.eu\/pt-pt\/wp-json\/wp\/v2\/product"}],"about":[{"href":"https:\/\/www.hods.eu\/pt-pt\/wp-json\/wp\/v2\/types\/product"}],"wp:featuredmedia":[{"embeddable":true,"href":"https:\/\/www.hods.eu\/pt-pt\/wp-json\/wp\/v2\/media\/28627"}],"wp:attachment":[{"href":"https:\/\/www.hods.eu\/pt-pt\/wp-json\/wp\/v2\/media?parent=28732"}],"wp:term":[{"taxonomy":"product_brand","embeddable":true,"href":"https:\/\/www.hods.eu\/pt-pt\/wp-json\/wp\/v2\/product_brand?post=28732"},{"taxonomy":"product_cat","embeddable":true,"href":"https:\/\/www.hods.eu\/pt-pt\/wp-json\/wp\/v2\/product_cat?post=28732"},{"taxonomy":"product_tag","embeddable":true,"href":"https:\/\/www.hods.eu\/pt-pt\/wp-json\/wp\/v2\/product_tag?post=28732"}],"curies":[{"name":"wp","href":"https:\/\/api.w.org\/{rel}","templated":true}]}}