{"id":27941,"date":"2020-11-04T13:50:29","date_gmt":"2020-11-04T12:50:29","guid":{"rendered":"https:\/\/www.hods.eu\/productos\/bomba-de-agua-55mm\/"},"modified":"2022-01-19T12:03:15","modified_gmt":"2022-01-19T11:03:15","slug":"bomba-de-agua-55mm","status":"publish","type":"product","link":"https:\/\/www.hods.eu\/pt-pt\/productos\/bomba-de-agua-55mm\/","title":{"rendered":"Bomba de \u00e1gua 55mm"},"content":{"rendered":"<h3 style=\"text-align: justify; color: #6d6d6d;\"><strong>Bomba de \u00e1gua 55mm<\/strong>, uma forma muito simples e econ\u00f3mica de distribuir \u00e1gua natural \u00e0 temperatura ambiente.<\/h3>\n<p style=\"text-align: justify; color: #6d6d6d;\">A Bomba de \u00c1gua de 55mm \u00e9 muito f\u00e1cil de usar, basta pressionar a bomba para servir \u00e1gua. Inclui uma tampa anti-gota para evitar o derramamento de \u00e1gua. Al\u00e9m disso, inclui um sistema que bloqueia o seu funcionamento, bastando rodar a parte superior da bomba para evitar o derrame de \u00e1gua. Inclui 3 c\u00e2nulas penhor\u00e1veis. Estas c\u00e2nulas t\u00eam cada 18 cent\u00edmetros de comprimento, pelo que podem alcan\u00e7ar o fundo da garrafa sem qualquer problema.<\/p>\n<p style=\"text-align: justify; color: #6d6d6d;\">Pode ser ajustado a garrafas de 11,8 a 20 litros, desde que tenham um gargalo de 55 mil\u00edmetros, o que lhe confere uma grande versatilidade.<\/p>\n<p style=\"text-align: justify; color: #6d6d6d;\">Tanto as c\u00e2nulas como a bomba de \u00e1gua s\u00e3o feitas de Polipropileno (PP), um material altamente resistente que \u00e9 totalmente seguro em contacto com a \u00e1gua e que n\u00e3o deixa sabor a pl\u00e1stico. Al\u00e9m disso, este material tem uma grande durabilidade. Portanto, se for devidamente limpa, pode durar muito tempo.<\/p>\n<p style=\"text-align: justify; color: #6d6d6d;\">Cada bomba de \u00e1gua de 55mm vem com uma escova para limpar completamente tanto as c\u00e2nulas como a torneira nestable que serve a \u00e1gua.<\/p>\n<p style=\"text-align: justify; color: #6d6d6d;\">Este produto \u00e9 perfeito para combinar com o nosso <a href=\"https:\/\/www.hods.eu\/pt-pt\/productos\/empilhador-de-garrafoes\/\">Empilhador de Garrafas<\/a>.<\/p>\n","protected":false},"excerpt":{"rendered":"<p><img decoding=\"async\" src=\"https:\/\/www.hods.eu\/wp-content\/uploads\/agua.png\" border=\"0\" \/><span style=\"color: #6d6d6d;\">Distribuidor manual de \u00e1gua.<\/span><\/p>\n<p><img decoding=\"async\" src=\"https:\/\/www.hods.eu\/wp-content\/uploads\/botellon.png\" border=\"0\" \/><span style=\"color: #6d6d6d;\">Para <strong>garrafas <\/strong>com pesco\u00e7o de 55mm.<\/span><\/p>\n<p><img decoding=\"async\" src=\"https:\/\/www.hods.eu\/wp-content\/uploads\/facil.png\" border=\"0\" \/><span style=\"color: #6d6d6d;\">Peso leve e f\u00e1cil de usar.<\/span><\/p>\n<p><img decoding=\"async\" src=\"https:\/\/www.hods.eu\/wp-content\/uploads\/combinable.png\" border=\"0\" \/><span style=\"color: #6d6d6d;\">Pode ser combinado com empilhador de garrafas.<\/span><\/p>\n<p>&nbsp;<\/p>\n<p>&nbsp;<\/p>\n<p><span style=\"color: #6d6d6d;\"><strong>Comprar na loja online <a href=\"https:\/\/watcool.com\/pt\/fontes-de-agua\/37-bomba-55mm.html\" target=\"_blank\" rel=\"noopener\"><img loading=\"lazy\" decoding=\"async\" class=\"alignnone wp-image-30290\" title=\"watcool\" src=\"https:\/\/www.hods.eu\/wp-content\/uploads\/web.jpg\" alt=\"watcool\" width=\"90\" height=\"18\" srcset=\"https:\/\/www.hods.eu\/wp-content\/uploads\/web.jpg 200w, https:\/\/www.hods.eu\/wp-content\/uploads\/web-150x30.jpg 150w\" sizes=\"auto, (max-width: 90px) 100vw, 90px\" \/><\/a><\/strong> <\/span><\/p>\n","protected":false},"featured_media":27800,"template":"","meta":[],"product_brand":[],"product_cat":[84],"product_tag":[],"class_list":{"0":"post-27941","1":"product","2":"type-product","3":"status-publish","4":"has-post-thumbnail","6":"product_cat-acessorios","8":"first","9":"instock","10":"shipping-taxable","11":"product-type-simple"},"yoast_head":"<!-- This site is optimized with the Yoast SEO plugin v27.3 - https:\/\/yoast.com\/product\/yoast-seo-wordpress\/ -->\n<title>Bomba de \u00e1gua 55mm. Distribuidor manual de \u00e1gua<\/title>\n<meta name=\"description\" content=\"Bomba de \u00e1gua 55mm. Bomba de \u00e1gua manual especial para garrafas com gargalo de 55mm Ideal para servir \u00e1gua directamente da garrafa.\" \/>\n<meta name=\"robots\" content=\"index, follow, max-snippet:-1, max-image-preview:large, max-video-preview:-1\" \/>\n<link rel=\"canonical\" href=\"https:\/\/www.hods.eu\/pt-pt\/productos\/bomba-de-agua-55mm\/\" \/>\n<meta property=\"og:locale\" content=\"pt_PT\" \/>\n<meta property=\"og:type\" content=\"article\" \/>\n<meta property=\"og:title\" content=\"Bomba de \u00e1gua 55mm. Distribuidor manual de \u00e1gua\" \/>\n<meta property=\"og:description\" content=\"Bomba de \u00e1gua 55mm. Bomba de \u00e1gua manual especial para garrafas com gargalo de 55mm Ideal para servir \u00e1gua directamente da garrafa.\" \/>\n<meta property=\"og:url\" content=\"https:\/\/www.hods.eu\/pt-pt\/productos\/bomba-de-agua-55mm\/\" \/>\n<meta property=\"og:site_name\" content=\"HODS\" \/>\n<meta property=\"article:modified_time\" content=\"2022-01-19T11:03:15+00:00\" \/>\n<meta property=\"og:image\" content=\"https:\/\/www.hods.eu\/wp-content\/uploads\/bomba55_hods_web_01b.jpg\" \/>\n\t<meta property=\"og:image:width\" content=\"768\" \/>\n\t<meta property=\"og:image:height\" content=\"1024\" \/>\n\t<meta property=\"og:image:type\" content=\"image\/jpeg\" \/>\n<meta name=\"twitter:card\" content=\"summary_large_image\" \/>\n<meta name=\"twitter:label1\" content=\"Tempo estimado de leitura\" \/>\n\t<meta name=\"twitter:data1\" content=\"1 minuto\" \/>\n<script type=\"application\/ld+json\" class=\"yoast-schema-graph\">{\"@context\":\"https:\\\/\\\/schema.org\",\"@graph\":[{\"@type\":\"WebPage\",\"@id\":\"https:\\\/\\\/www.hods.eu\\\/pt-pt\\\/productos\\\/bomba-de-agua-55mm\\\/\",\"url\":\"https:\\\/\\\/www.hods.eu\\\/pt-pt\\\/productos\\\/bomba-de-agua-55mm\\\/\",\"name\":\"Bomba de \u00e1gua 55mm. Distribuidor manual de \u00e1gua\",\"isPartOf\":{\"@id\":\"https:\\\/\\\/www.hods.eu\\\/pt-pt\\\/#website\"},\"primaryImageOfPage\":{\"@id\":\"https:\\\/\\\/www.hods.eu\\\/pt-pt\\\/productos\\\/bomba-de-agua-55mm\\\/#primaryimage\"},\"image\":{\"@id\":\"https:\\\/\\\/www.hods.eu\\\/pt-pt\\\/productos\\\/bomba-de-agua-55mm\\\/#primaryimage\"},\"thumbnailUrl\":\"https:\\\/\\\/www.hods.eu\\\/wp-content\\\/uploads\\\/bomba55_hods_web_01b.jpg\",\"datePublished\":\"2020-11-04T12:50:29+00:00\",\"dateModified\":\"2022-01-19T11:03:15+00:00\",\"description\":\"Bomba de \u00e1gua 55mm. Bomba de \u00e1gua manual especial para garrafas com gargalo de 55mm Ideal para servir \u00e1gua directamente da garrafa.\",\"breadcrumb\":{\"@id\":\"https:\\\/\\\/www.hods.eu\\\/pt-pt\\\/productos\\\/bomba-de-agua-55mm\\\/#breadcrumb\"},\"inLanguage\":\"pt-PT\",\"potentialAction\":[{\"@type\":\"ReadAction\",\"target\":[\"https:\\\/\\\/www.hods.eu\\\/pt-pt\\\/productos\\\/bomba-de-agua-55mm\\\/\"]}]},{\"@type\":\"ImageObject\",\"inLanguage\":\"pt-PT\",\"@id\":\"https:\\\/\\\/www.hods.eu\\\/pt-pt\\\/productos\\\/bomba-de-agua-55mm\\\/#primaryimage\",\"url\":\"https:\\\/\\\/www.hods.eu\\\/wp-content\\\/uploads\\\/bomba55_hods_web_01b.jpg\",\"contentUrl\":\"https:\\\/\\\/www.hods.eu\\\/wp-content\\\/uploads\\\/bomba55_hods_web_01b.jpg\",\"width\":768,\"height\":1024,\"caption\":\"Bomba de \u00e1gua para garraf\u00f5es PET de 12 a 20 litros com gargalo de 55mm sem a utiliza\u00e7\u00e3o de uma tampa de 5 gal\u00f5es.\"},{\"@type\":\"BreadcrumbList\",\"@id\":\"https:\\\/\\\/www.hods.eu\\\/pt-pt\\\/productos\\\/bomba-de-agua-55mm\\\/#breadcrumb\",\"itemListElement\":[{\"@type\":\"ListItem\",\"position\":1,\"name\":\"Portada\",\"item\":\"https:\\\/\\\/www.hods.eu\\\/pt-pt\\\/\"},{\"@type\":\"ListItem\",\"position\":2,\"name\":\"Tienda\",\"item\":\"https:\\\/\\\/www.hods.eu\\\/tienda\\\/\"},{\"@type\":\"ListItem\",\"position\":3,\"name\":\"Bomba de \u00e1gua 55mm\"}]},{\"@type\":\"WebSite\",\"@id\":\"https:\\\/\\\/www.hods.eu\\\/pt-pt\\\/#website\",\"url\":\"https:\\\/\\\/www.hods.eu\\\/pt-pt\\\/\",\"name\":\"HODS\",\"description\":\"water? drink with us\",\"publisher\":{\"@id\":\"https:\\\/\\\/www.hods.eu\\\/pt-pt\\\/#organization\"},\"potentialAction\":[{\"@type\":\"SearchAction\",\"target\":{\"@type\":\"EntryPoint\",\"urlTemplate\":\"https:\\\/\\\/www.hods.eu\\\/pt-pt\\\/?s={search_term_string}\"},\"query-input\":{\"@type\":\"PropertyValueSpecification\",\"valueRequired\":true,\"valueName\":\"search_term_string\"}}],\"inLanguage\":\"pt-PT\"},{\"@type\":\"Organization\",\"@id\":\"https:\\\/\\\/www.hods.eu\\\/pt-pt\\\/#organization\",\"name\":\"HODS\",\"url\":\"https:\\\/\\\/www.hods.eu\\\/pt-pt\\\/\",\"logo\":{\"@type\":\"ImageObject\",\"inLanguage\":\"pt-PT\",\"@id\":\"https:\\\/\\\/www.hods.eu\\\/pt-pt\\\/#\\\/schema\\\/logo\\\/image\\\/\",\"url\":\"https:\\\/\\\/www.hods.eu\\\/wp-content\\\/uploads\\\/hods-completo-blanco2.jpg\",\"contentUrl\":\"https:\\\/\\\/www.hods.eu\\\/wp-content\\\/uploads\\\/hods-completo-blanco2.jpg\",\"width\":500,\"height\":179,\"caption\":\"HODS\"},\"image\":{\"@id\":\"https:\\\/\\\/www.hods.eu\\\/pt-pt\\\/#\\\/schema\\\/logo\\\/image\\\/\"}}]}<\/script>\n<!-- \/ Yoast SEO plugin. -->","yoast_head_json":{"title":"Bomba de \u00e1gua 55mm. Distribuidor manual de \u00e1gua","description":"Bomba de \u00e1gua 55mm. Bomba de \u00e1gua manual especial para garrafas com gargalo de 55mm Ideal para servir \u00e1gua directamente da garrafa.","robots":{"index":"index","follow":"follow","max-snippet":"max-snippet:-1","max-image-preview":"max-image-preview:large","max-video-preview":"max-video-preview:-1"},"canonical":"https:\/\/www.hods.eu\/pt-pt\/productos\/bomba-de-agua-55mm\/","og_locale":"pt_PT","og_type":"article","og_title":"Bomba de \u00e1gua 55mm. Distribuidor manual de \u00e1gua","og_description":"Bomba de \u00e1gua 55mm. Bomba de \u00e1gua manual especial para garrafas com gargalo de 55mm Ideal para servir \u00e1gua directamente da garrafa.","og_url":"https:\/\/www.hods.eu\/pt-pt\/productos\/bomba-de-agua-55mm\/","og_site_name":"HODS","article_modified_time":"2022-01-19T11:03:15+00:00","og_image":[{"width":768,"height":1024,"url":"https:\/\/www.hods.eu\/wp-content\/uploads\/bomba55_hods_web_01b.jpg","type":"image\/jpeg"}],"twitter_card":"summary_large_image","twitter_misc":{"Tempo estimado de leitura":"1 minuto"},"schema":{"@context":"https:\/\/schema.org","@graph":[{"@type":"WebPage","@id":"https:\/\/www.hods.eu\/pt-pt\/productos\/bomba-de-agua-55mm\/","url":"https:\/\/www.hods.eu\/pt-pt\/productos\/bomba-de-agua-55mm\/","name":"Bomba de \u00e1gua 55mm. Distribuidor manual de \u00e1gua","isPartOf":{"@id":"https:\/\/www.hods.eu\/pt-pt\/#website"},"primaryImageOfPage":{"@id":"https:\/\/www.hods.eu\/pt-pt\/productos\/bomba-de-agua-55mm\/#primaryimage"},"image":{"@id":"https:\/\/www.hods.eu\/pt-pt\/productos\/bomba-de-agua-55mm\/#primaryimage"},"thumbnailUrl":"https:\/\/www.hods.eu\/wp-content\/uploads\/bomba55_hods_web_01b.jpg","datePublished":"2020-11-04T12:50:29+00:00","dateModified":"2022-01-19T11:03:15+00:00","description":"Bomba de \u00e1gua 55mm. Bomba de \u00e1gua manual especial para garrafas com gargalo de 55mm Ideal para servir \u00e1gua directamente da garrafa.","breadcrumb":{"@id":"https:\/\/www.hods.eu\/pt-pt\/productos\/bomba-de-agua-55mm\/#breadcrumb"},"inLanguage":"pt-PT","potentialAction":[{"@type":"ReadAction","target":["https:\/\/www.hods.eu\/pt-pt\/productos\/bomba-de-agua-55mm\/"]}]},{"@type":"ImageObject","inLanguage":"pt-PT","@id":"https:\/\/www.hods.eu\/pt-pt\/productos\/bomba-de-agua-55mm\/#primaryimage","url":"https:\/\/www.hods.eu\/wp-content\/uploads\/bomba55_hods_web_01b.jpg","contentUrl":"https:\/\/www.hods.eu\/wp-content\/uploads\/bomba55_hods_web_01b.jpg","width":768,"height":1024,"caption":"Bomba de \u00e1gua para garraf\u00f5es PET de 12 a 20 litros com gargalo de 55mm sem a utiliza\u00e7\u00e3o de uma tampa de 5 gal\u00f5es."},{"@type":"BreadcrumbList","@id":"https:\/\/www.hods.eu\/pt-pt\/productos\/bomba-de-agua-55mm\/#breadcrumb","itemListElement":[{"@type":"ListItem","position":1,"name":"Portada","item":"https:\/\/www.hods.eu\/pt-pt\/"},{"@type":"ListItem","position":2,"name":"Tienda","item":"https:\/\/www.hods.eu\/tienda\/"},{"@type":"ListItem","position":3,"name":"Bomba de \u00e1gua 55mm"}]},{"@type":"WebSite","@id":"https:\/\/www.hods.eu\/pt-pt\/#website","url":"https:\/\/www.hods.eu\/pt-pt\/","name":"HODS","description":"water? drink with us","publisher":{"@id":"https:\/\/www.hods.eu\/pt-pt\/#organization"},"potentialAction":[{"@type":"SearchAction","target":{"@type":"EntryPoint","urlTemplate":"https:\/\/www.hods.eu\/pt-pt\/?s={search_term_string}"},"query-input":{"@type":"PropertyValueSpecification","valueRequired":true,"valueName":"search_term_string"}}],"inLanguage":"pt-PT"},{"@type":"Organization","@id":"https:\/\/www.hods.eu\/pt-pt\/#organization","name":"HODS","url":"https:\/\/www.hods.eu\/pt-pt\/","logo":{"@type":"ImageObject","inLanguage":"pt-PT","@id":"https:\/\/www.hods.eu\/pt-pt\/#\/schema\/logo\/image\/","url":"https:\/\/www.hods.eu\/wp-content\/uploads\/hods-completo-blanco2.jpg","contentUrl":"https:\/\/www.hods.eu\/wp-content\/uploads\/hods-completo-blanco2.jpg","width":500,"height":179,"caption":"HODS"},"image":{"@id":"https:\/\/www.hods.eu\/pt-pt\/#\/schema\/logo\/image\/"}}]}},"_links":{"self":[{"href":"https:\/\/www.hods.eu\/pt-pt\/wp-json\/wp\/v2\/product\/27941","targetHints":{"allow":["GET"]}}],"collection":[{"href":"https:\/\/www.hods.eu\/pt-pt\/wp-json\/wp\/v2\/product"}],"about":[{"href":"https:\/\/www.hods.eu\/pt-pt\/wp-json\/wp\/v2\/types\/product"}],"wp:featuredmedia":[{"embeddable":true,"href":"https:\/\/www.hods.eu\/pt-pt\/wp-json\/wp\/v2\/media\/27800"}],"wp:attachment":[{"href":"https:\/\/www.hods.eu\/pt-pt\/wp-json\/wp\/v2\/media?parent=27941"}],"wp:term":[{"taxonomy":"product_brand","embeddable":true,"href":"https:\/\/www.hods.eu\/pt-pt\/wp-json\/wp\/v2\/product_brand?post=27941"},{"taxonomy":"product_cat","embeddable":true,"href":"https:\/\/www.hods.eu\/pt-pt\/wp-json\/wp\/v2\/product_cat?post=27941"},{"taxonomy":"product_tag","embeddable":true,"href":"https:\/\/www.hods.eu\/pt-pt\/wp-json\/wp\/v2\/product_tag?post=27941"}],"curies":[{"name":"wp","href":"https:\/\/api.w.org\/{rel}","templated":true}]}}