{"id":25436,"date":"2020-04-15T08:17:38","date_gmt":"2020-04-15T07:17:38","guid":{"rendered":"https:\/\/www.hods.eu\/productos\/25436\/"},"modified":"2023-07-04T08:54:21","modified_gmt":"2023-07-04T07:54:21","slug":"preforma-pet-750gr","status":"publish","type":"product","link":"https:\/\/www.hods.eu\/pt-pt\/productos\/preforma-pet-750gr\/","title":{"rendered":"Pr\u00e9-forma PET 750gr"},"content":{"rendered":"<h3 style=\"text-align: justify; color: #6d6d6d;\"><strong>Pr\u00e9-forma PET 750 gr sem BISFENOL-A<\/strong>. Recomendado para o fabrico de garrafas de 18.9 e 20 litros.<\/h3>\n<p style=\"text-align: justify; color: #6d6d6d;\">A mat\u00e9ria-prima da pr\u00e9-forma PET 750 gr \u00e9 livre de Bisfenol-A \u00e9 garantida pela <strong>Garantia de Qualidade Hods<\/strong>.<\/p>\n<p style=\"text-align: justify; color: #6d6d6d;\">As cores em que \u00e9 fabricado proporcionam <strong>protec\u00e7\u00e3o da \u00e1gua contra os raios solares UV<\/strong>, e ao mesmo tempo ganhamos na est\u00e9tica final da <a href=\"https:\/\/www.hods.eu\/pt-pt\/productos\/garrafao-pet-18-9-litros\/\">garrafa<\/a>.<\/p>\n<p style=\"text-align: justify; color: #6d6d6d;\">A PET Pr\u00e9-forma 750 gr est\u00e1 dispon\u00edvel nas cores: <strong>Azul, Vermelho<\/strong> e <strong>Verde Turquesa<\/strong>.<\/p>\n<p style=\"text-align: justify; color: #6d6d6d;\">Esta pr\u00e9-forma pode ser utilizada para criar garrafas. A nossa recomenda\u00e7\u00e3o \u00e9 a de criar garrafas de 18.9 ou 20 litros. O pesco\u00e7o tem o tamanho padr\u00e3o de 5 gal\u00f5es, o que equivale a 55 mil\u00edmetros.<\/p>\n<p style=\"text-align: justify; color: #6d6d6d;\">Produto <strong>cumpre os requisitos<\/strong> da(s) norma(s) e do(s) regulamento(s):<\/p>\n<ul>\n<li style=\"text-align: justify; color: #6d6d6d;\">O Regulamento (CE) n.o 1935\/2004 do Parlamento Europeu, de 27 de Outubro de 2004, relativo aos materiais e objectos destinados a entrar em contacto com os alimentos e com as disposi\u00e7\u00f5es do artigo 5.o do Sistema de Garantia de Qualidade,<\/li>\n<li style=\"text-align: justify; color: #6d6d6d;\">Regulamento (CE) n.o 2023\/2006 da Comiss\u00e3o, de 22 de Dezembro de 2006, relativo \u00e0s boas pr\u00e1ticas de fabrico de materiais e objectos destinados a entrar em contacto com os alimentos,<\/li>\n<li style=\"text-align: justify; color: #6d6d6d;\">Regulamento (UE) n.\u00ba 2019\/37, de 10 de Janeiro de 2019, que altera ou altera o Regulamento (UE) n.\u00ba 10\/2011 relativo aos materiais e objectos de pl\u00e1stico em contacto com a \u00e1gua.<\/li>\n<\/ul>\n<h4 style=\"text-align: justify; color: #6d6d6d;\"><strong>Relat\u00f3rio de teste emitido pela <a href=\"https:\/\/www.sgs.es\/\">SGS<\/a>:<\/strong><\/h4>\n<p style=\"text-align: justify; color: #6d6d6d;\">Valores de migra\u00e7\u00e3o global na \u00e1gua (mg\/dm2) &lt; 2<\/p>\n<p style=\"text-align: justify; color: #6d6d6d;\">Os componentes suscept\u00edveis \u00e0 migra\u00e7\u00e3o espec\u00edfica: B\u00e1rio, Cobalto, Cobre, Ferro, L\u00edtio, Mangan\u00eas, Zinco, Alum\u00ednio e Antim\u00f3nio.<\/p>\n","protected":false},"excerpt":{"rendered":"<p><img decoding=\"async\" src=\"https:\/\/www.hods.eu\/wp-content\/uploads\/botellon.png\" border=\"0\" \/><span style=\"color: #6d6d6d;\">Para garrafa de 18.9 ou 20 litros.<\/span><\/p>\n<p><img decoding=\"async\" src=\"https:\/\/www.hods.eu\/wp-content\/uploads\/bpa.png\" border=\"0\" \/><span style=\"color: #6d6d6d;\">Produto fabricado em PET e <strong> totalmente isento de BPA.<\/strong><\/span><\/p>\n<p><img decoding=\"async\" src=\"https:\/\/www.hods.eu\/wp-content\/uploads\/golpes.png\" border=\"0\" \/><span style=\"color: #6d6d6d;\">Material resistente a impactos e protege a \u00e1gua da radia\u00e7\u00e3o UV.<\/span><\/p>\n<p><img decoding=\"async\" src=\"https:\/\/www.hods.eu\/wp-content\/uploads\/tapon.png\" border=\"0\" \/><span style=\"color: #6d6d6d;\">Pesco\u00e7o de 55 mil\u00edmetros adequado para tampa de 5 gal\u00f5es.<\/span><\/p>\n","protected":false},"featured_media":25167,"template":"","meta":[],"product_brand":[],"product_cat":[85],"product_tag":[],"class_list":{"0":"post-25436","1":"product","2":"type-product","3":"status-publish","4":"has-post-thumbnail","6":"product_cat-garrafoes-tampa","8":"first","9":"instock","10":"shipping-taxable","11":"product-type-simple"},"yoast_head":"<!-- This site is optimized with the Yoast SEO plugin v27.3 - https:\/\/yoast.com\/product\/yoast-seo-wordpress\/ -->\n<title>Pr\u00e9-forma PET 750gr azul, vermelho, turquesa - Garrafas e Tampas - Hods<\/title>\n<meta name=\"description\" content=\"Pr\u00e9-forma PET 750gr. Sem BISFENOL-A. Garantida pela Garantia de Qualidade Hods. Dispon\u00edvel nas cores: azul, vermelho e verde turquesa.\" \/>\n<meta name=\"robots\" content=\"index, follow, max-snippet:-1, max-image-preview:large, max-video-preview:-1\" \/>\n<link rel=\"canonical\" href=\"https:\/\/www.hods.eu\/pt-pt\/productos\/preforma-pet-750gr\/\" \/>\n<meta property=\"og:locale\" content=\"pt_PT\" \/>\n<meta property=\"og:type\" content=\"article\" \/>\n<meta property=\"og:title\" content=\"Pr\u00e9-forma PET 750gr azul, vermelho, turquesa - Garrafas e Tampas - Hods\" \/>\n<meta property=\"og:description\" content=\"Pr\u00e9-forma PET 750gr. Sem BISFENOL-A. Garantida pela Garantia de Qualidade Hods. Dispon\u00edvel nas cores: azul, vermelho e verde turquesa.\" \/>\n<meta property=\"og:url\" content=\"https:\/\/www.hods.eu\/pt-pt\/productos\/preforma-pet-750gr\/\" \/>\n<meta property=\"og:site_name\" content=\"HODS\" \/>\n<meta property=\"article:modified_time\" content=\"2023-07-04T07:54:21+00:00\" \/>\n<meta property=\"og:image\" content=\"https:\/\/www.hods.eu\/wp-content\/uploads\/preformas_hods_web_01.jpg\" \/>\n\t<meta property=\"og:image:width\" content=\"768\" \/>\n\t<meta property=\"og:image:height\" content=\"1024\" \/>\n\t<meta property=\"og:image:type\" content=\"image\/jpeg\" \/>\n<meta name=\"twitter:card\" content=\"summary_large_image\" \/>\n<meta name=\"twitter:label1\" content=\"Tempo estimado de leitura\" \/>\n\t<meta name=\"twitter:data1\" content=\"2 minutos\" \/>\n<script type=\"application\/ld+json\" class=\"yoast-schema-graph\">{\"@context\":\"https:\\\/\\\/schema.org\",\"@graph\":[{\"@type\":\"WebPage\",\"@id\":\"https:\\\/\\\/www.hods.eu\\\/pt-pt\\\/productos\\\/preforma-pet-750gr\\\/\",\"url\":\"https:\\\/\\\/www.hods.eu\\\/pt-pt\\\/productos\\\/preforma-pet-750gr\\\/\",\"name\":\"Pr\u00e9-forma PET 750gr azul, vermelho, turquesa - Garrafas e Tampas - Hods\",\"isPartOf\":{\"@id\":\"https:\\\/\\\/www.hods.eu\\\/pt-pt\\\/#website\"},\"primaryImageOfPage\":{\"@id\":\"https:\\\/\\\/www.hods.eu\\\/pt-pt\\\/productos\\\/preforma-pet-750gr\\\/#primaryimage\"},\"image\":{\"@id\":\"https:\\\/\\\/www.hods.eu\\\/pt-pt\\\/productos\\\/preforma-pet-750gr\\\/#primaryimage\"},\"thumbnailUrl\":\"https:\\\/\\\/www.hods.eu\\\/wp-content\\\/uploads\\\/preformas_hods_web_01.jpg\",\"datePublished\":\"2020-04-15T07:17:38+00:00\",\"dateModified\":\"2023-07-04T07:54:21+00:00\",\"description\":\"Pr\u00e9-forma PET 750gr. Sem BISFENOL-A. Garantida pela Garantia de Qualidade Hods. Dispon\u00edvel nas cores: azul, vermelho e verde turquesa.\",\"breadcrumb\":{\"@id\":\"https:\\\/\\\/www.hods.eu\\\/pt-pt\\\/productos\\\/preforma-pet-750gr\\\/#breadcrumb\"},\"inLanguage\":\"pt-PT\",\"potentialAction\":[{\"@type\":\"ReadAction\",\"target\":[\"https:\\\/\\\/www.hods.eu\\\/pt-pt\\\/productos\\\/preforma-pet-750gr\\\/\"]}]},{\"@type\":\"ImageObject\",\"inLanguage\":\"pt-PT\",\"@id\":\"https:\\\/\\\/www.hods.eu\\\/pt-pt\\\/productos\\\/preforma-pet-750gr\\\/#primaryimage\",\"url\":\"https:\\\/\\\/www.hods.eu\\\/wp-content\\\/uploads\\\/preformas_hods_web_01.jpg\",\"contentUrl\":\"https:\\\/\\\/www.hods.eu\\\/wp-content\\\/uploads\\\/preformas_hods_web_01.jpg\",\"width\":768,\"height\":1024,\"caption\":\"Pr\u00e9-forma de 750gr de PET. Sem bisfenol-A. Com um gargalo de 55 mil\u00edmetros para uma tampa de garrafa de 5 gal\u00f5es. Perfeito para soprar garrafas ou garrafas de 18,9 ou 20 litros.\"},{\"@type\":\"BreadcrumbList\",\"@id\":\"https:\\\/\\\/www.hods.eu\\\/pt-pt\\\/productos\\\/preforma-pet-750gr\\\/#breadcrumb\",\"itemListElement\":[{\"@type\":\"ListItem\",\"position\":1,\"name\":\"Portada\",\"item\":\"https:\\\/\\\/www.hods.eu\\\/pt-pt\\\/\"},{\"@type\":\"ListItem\",\"position\":2,\"name\":\"Tienda\",\"item\":\"https:\\\/\\\/www.hods.eu\\\/tienda\\\/\"},{\"@type\":\"ListItem\",\"position\":3,\"name\":\"Pr\u00e9-forma PET 750gr\"}]},{\"@type\":\"WebSite\",\"@id\":\"https:\\\/\\\/www.hods.eu\\\/pt-pt\\\/#website\",\"url\":\"https:\\\/\\\/www.hods.eu\\\/pt-pt\\\/\",\"name\":\"HODS\",\"description\":\"water? drink with us\",\"publisher\":{\"@id\":\"https:\\\/\\\/www.hods.eu\\\/pt-pt\\\/#organization\"},\"potentialAction\":[{\"@type\":\"SearchAction\",\"target\":{\"@type\":\"EntryPoint\",\"urlTemplate\":\"https:\\\/\\\/www.hods.eu\\\/pt-pt\\\/?s={search_term_string}\"},\"query-input\":{\"@type\":\"PropertyValueSpecification\",\"valueRequired\":true,\"valueName\":\"search_term_string\"}}],\"inLanguage\":\"pt-PT\"},{\"@type\":\"Organization\",\"@id\":\"https:\\\/\\\/www.hods.eu\\\/pt-pt\\\/#organization\",\"name\":\"HODS\",\"url\":\"https:\\\/\\\/www.hods.eu\\\/pt-pt\\\/\",\"logo\":{\"@type\":\"ImageObject\",\"inLanguage\":\"pt-PT\",\"@id\":\"https:\\\/\\\/www.hods.eu\\\/pt-pt\\\/#\\\/schema\\\/logo\\\/image\\\/\",\"url\":\"https:\\\/\\\/www.hods.eu\\\/wp-content\\\/uploads\\\/hods-completo-blanco2.jpg\",\"contentUrl\":\"https:\\\/\\\/www.hods.eu\\\/wp-content\\\/uploads\\\/hods-completo-blanco2.jpg\",\"width\":500,\"height\":179,\"caption\":\"HODS\"},\"image\":{\"@id\":\"https:\\\/\\\/www.hods.eu\\\/pt-pt\\\/#\\\/schema\\\/logo\\\/image\\\/\"}}]}<\/script>\n<!-- \/ Yoast SEO plugin. -->","yoast_head_json":{"title":"Pr\u00e9-forma PET 750gr azul, vermelho, turquesa - Garrafas e Tampas - Hods","description":"Pr\u00e9-forma PET 750gr. Sem BISFENOL-A. Garantida pela Garantia de Qualidade Hods. Dispon\u00edvel nas cores: azul, vermelho e verde turquesa.","robots":{"index":"index","follow":"follow","max-snippet":"max-snippet:-1","max-image-preview":"max-image-preview:large","max-video-preview":"max-video-preview:-1"},"canonical":"https:\/\/www.hods.eu\/pt-pt\/productos\/preforma-pet-750gr\/","og_locale":"pt_PT","og_type":"article","og_title":"Pr\u00e9-forma PET 750gr azul, vermelho, turquesa - Garrafas e Tampas - Hods","og_description":"Pr\u00e9-forma PET 750gr. Sem BISFENOL-A. Garantida pela Garantia de Qualidade Hods. Dispon\u00edvel nas cores: azul, vermelho e verde turquesa.","og_url":"https:\/\/www.hods.eu\/pt-pt\/productos\/preforma-pet-750gr\/","og_site_name":"HODS","article_modified_time":"2023-07-04T07:54:21+00:00","og_image":[{"width":768,"height":1024,"url":"https:\/\/www.hods.eu\/wp-content\/uploads\/preformas_hods_web_01.jpg","type":"image\/jpeg"}],"twitter_card":"summary_large_image","twitter_misc":{"Tempo estimado de leitura":"2 minutos"},"schema":{"@context":"https:\/\/schema.org","@graph":[{"@type":"WebPage","@id":"https:\/\/www.hods.eu\/pt-pt\/productos\/preforma-pet-750gr\/","url":"https:\/\/www.hods.eu\/pt-pt\/productos\/preforma-pet-750gr\/","name":"Pr\u00e9-forma PET 750gr azul, vermelho, turquesa - Garrafas e Tampas - Hods","isPartOf":{"@id":"https:\/\/www.hods.eu\/pt-pt\/#website"},"primaryImageOfPage":{"@id":"https:\/\/www.hods.eu\/pt-pt\/productos\/preforma-pet-750gr\/#primaryimage"},"image":{"@id":"https:\/\/www.hods.eu\/pt-pt\/productos\/preforma-pet-750gr\/#primaryimage"},"thumbnailUrl":"https:\/\/www.hods.eu\/wp-content\/uploads\/preformas_hods_web_01.jpg","datePublished":"2020-04-15T07:17:38+00:00","dateModified":"2023-07-04T07:54:21+00:00","description":"Pr\u00e9-forma PET 750gr. Sem BISFENOL-A. Garantida pela Garantia de Qualidade Hods. Dispon\u00edvel nas cores: azul, vermelho e verde turquesa.","breadcrumb":{"@id":"https:\/\/www.hods.eu\/pt-pt\/productos\/preforma-pet-750gr\/#breadcrumb"},"inLanguage":"pt-PT","potentialAction":[{"@type":"ReadAction","target":["https:\/\/www.hods.eu\/pt-pt\/productos\/preforma-pet-750gr\/"]}]},{"@type":"ImageObject","inLanguage":"pt-PT","@id":"https:\/\/www.hods.eu\/pt-pt\/productos\/preforma-pet-750gr\/#primaryimage","url":"https:\/\/www.hods.eu\/wp-content\/uploads\/preformas_hods_web_01.jpg","contentUrl":"https:\/\/www.hods.eu\/wp-content\/uploads\/preformas_hods_web_01.jpg","width":768,"height":1024,"caption":"Pr\u00e9-forma de 750gr de PET. Sem bisfenol-A. Com um gargalo de 55 mil\u00edmetros para uma tampa de garrafa de 5 gal\u00f5es. Perfeito para soprar garrafas ou garrafas de 18,9 ou 20 litros."},{"@type":"BreadcrumbList","@id":"https:\/\/www.hods.eu\/pt-pt\/productos\/preforma-pet-750gr\/#breadcrumb","itemListElement":[{"@type":"ListItem","position":1,"name":"Portada","item":"https:\/\/www.hods.eu\/pt-pt\/"},{"@type":"ListItem","position":2,"name":"Tienda","item":"https:\/\/www.hods.eu\/tienda\/"},{"@type":"ListItem","position":3,"name":"Pr\u00e9-forma PET 750gr"}]},{"@type":"WebSite","@id":"https:\/\/www.hods.eu\/pt-pt\/#website","url":"https:\/\/www.hods.eu\/pt-pt\/","name":"HODS","description":"water? drink with us","publisher":{"@id":"https:\/\/www.hods.eu\/pt-pt\/#organization"},"potentialAction":[{"@type":"SearchAction","target":{"@type":"EntryPoint","urlTemplate":"https:\/\/www.hods.eu\/pt-pt\/?s={search_term_string}"},"query-input":{"@type":"PropertyValueSpecification","valueRequired":true,"valueName":"search_term_string"}}],"inLanguage":"pt-PT"},{"@type":"Organization","@id":"https:\/\/www.hods.eu\/pt-pt\/#organization","name":"HODS","url":"https:\/\/www.hods.eu\/pt-pt\/","logo":{"@type":"ImageObject","inLanguage":"pt-PT","@id":"https:\/\/www.hods.eu\/pt-pt\/#\/schema\/logo\/image\/","url":"https:\/\/www.hods.eu\/wp-content\/uploads\/hods-completo-blanco2.jpg","contentUrl":"https:\/\/www.hods.eu\/wp-content\/uploads\/hods-completo-blanco2.jpg","width":500,"height":179,"caption":"HODS"},"image":{"@id":"https:\/\/www.hods.eu\/pt-pt\/#\/schema\/logo\/image\/"}}]}},"_links":{"self":[{"href":"https:\/\/www.hods.eu\/pt-pt\/wp-json\/wp\/v2\/product\/25436","targetHints":{"allow":["GET"]}}],"collection":[{"href":"https:\/\/www.hods.eu\/pt-pt\/wp-json\/wp\/v2\/product"}],"about":[{"href":"https:\/\/www.hods.eu\/pt-pt\/wp-json\/wp\/v2\/types\/product"}],"wp:featuredmedia":[{"embeddable":true,"href":"https:\/\/www.hods.eu\/pt-pt\/wp-json\/wp\/v2\/media\/25167"}],"wp:attachment":[{"href":"https:\/\/www.hods.eu\/pt-pt\/wp-json\/wp\/v2\/media?parent=25436"}],"wp:term":[{"taxonomy":"product_brand","embeddable":true,"href":"https:\/\/www.hods.eu\/pt-pt\/wp-json\/wp\/v2\/product_brand?post=25436"},{"taxonomy":"product_cat","embeddable":true,"href":"https:\/\/www.hods.eu\/pt-pt\/wp-json\/wp\/v2\/product_cat?post=25436"},{"taxonomy":"product_tag","embeddable":true,"href":"https:\/\/www.hods.eu\/pt-pt\/wp-json\/wp\/v2\/product_tag?post=25436"}],"curies":[{"name":"wp","href":"https:\/\/api.w.org\/{rel}","templated":true}]}}