{"id":19164,"date":"2016-02-17T12:27:03","date_gmt":"2016-02-17T11:27:03","guid":{"rendered":"https:\/\/www.hods.eu\/producto\/pocket-compressor\/"},"modified":"2022-01-19T12:40:59","modified_gmt":"2022-01-19T11:40:59","slug":"pocket-compressor","status":"publish","type":"product","link":"https:\/\/www.hods.eu\/pt-pt\/productos\/pocket-compressor\/","title":{"rendered":"Pocket Compressor"},"content":{"rendered":"<h3 style=\"text-align: justify;color:#6d6d6d\">Pocket Compressor Dispensador de \u00c1gua oferece eleg\u00e2ncia e pot\u00eancia em um formato pequeno. Com apenas 41 cm de altura, \u00e9 ideal para colocar sobre a mesa ou bancada da cozinha. Desenhado em branco e com toda a pot\u00eancia das nossas m\u00e1quinas <a href=\"https:\/\/www.hods.eu\/pt-pt\/producto\/elegance-branca\/\">Elegance<\/a>. Com um compressor mais eficiente que aumenta a capacidade de refrigera\u00e7\u00e3o, reduz o consumo de energia e \u00e9 muito mais silencioso.<\/h3>\n<p style=\"text-align: justify;color:#6d6d6d\">O Pocket Compressor \u00e9 adapt\u00e1vel a qualquer ambiente com as caracter\u00edsticas de um dispensador de ch\u00e3o, obtendo a <strong>m\u00e1xima qualidade compactada<\/strong> em apenas 41 cm de altura.<\/p>\n<p style=\"text-align: justify;color:#6d6d6d\">Al\u00e9m disso, incorpora um <strong>Sistema Anti-derramamento<\/strong> que funciona com uma b\u00f3ia interna que evita que a \u00e1gua transborde quando a capacidade do reservat\u00f3rio de \u00e1gua do dispensador se eleva acima do n\u00edvel adequado. Assim, evita qualquer derramamento de \u00e1gua da garrafa e da m\u00e1quina, caso a garrafa tenha problemas nos poros. Al\u00e9m disso, todos os tubos em contacto com a \u00e1gua s\u00e3o feitos de <strong>A\u00c7O INOXID\u00c1VEL<\/strong>, o que proporciona sa\u00fade devido \u00e0 sua higiene e ao facto de n\u00e3o migrar do sabor para o pl\u00e1stico na \u00e1gua como no resto das m\u00e1quinas no mercado.<\/p>\n<p style=\"text-align: justify;color:#6d6d6d\">O dispensador de \u00e1gua Pocket Compressor arrefece e aquece a \u00e1gua. Tamb\u00e9m incorpora um <strong>colector de gotejamento<\/strong>, um <strong>regulador de temperatura<\/strong> da \u00e1gua que permite ajustar a temperatura a pedido e uma <strong>torneira de seguran\u00e7a<\/strong> para a \u00e1gua quente que evita queimaduras acidentais. Tamb\u00e9m permite desactivar a \u00e1gua quente que oferece a possibilidade de ter uma torneira de \u00e1gua temperada (\u00e1gua \u00e0 temperatura ambiente), e como resultado final, um dispensador de \u00e1gua fria e \u00e1gua temperada.<\/p>\n<p style=\"text-align: justify;color:#6d6d6d\">Este dispensador \u00e9 compat\u00edvel com todas as nossas <a href=\"https:\/\/www.hods.eu\/pt-pt\/producto\/garrafao-pet-18-9-litros\/\"><strong>garrafas PET<\/strong><\/a> nos seus diferentes formatos. Tamb\u00e9m pode ser acompanhado pelo nosso <a href=\"https:\/\/www.hods.eu\/pt-pt\/producto\/empilhador-de-garrafoes\/\">empilhador<\/a> de 2 garrafas, uma forma tamb\u00e9m reduzida de armazenar garrafas.<\/p>\n<table dir=\"ltr\" style=\"height: 280px;\" border=\"1\" summary=\"dimensiones y caracteristicas\" width=\"916\">\n<colgroup width=\"50%\"><\/colgroup>\n<colgroup id=\"colgroup\" class=\"colgroup\" title=\"title\" span=\"2\" width=\"1*\" align=\"center\" valign=\"middle\"><\/colgroup>\n<thead>\n<tr>\n<th scope=\"col\"><b>Dimens\u00f5es e peso<\/b><\/th>\n<th scope=\"col\"><b>Caracter\u00edsticas<\/b><\/th>\n<\/tr>\n<\/thead>\n<tfoot>\n<tr>\n<td><\/td>\n<td><b>Tens\u00e3o:<\/b> 220V &#8211; 240V \/ 50Hz &#8211; 60Hz<\/td>\n<\/tr>\n<\/tfoot>\n<tbody>\n<tr>\n<td><b>Peso:<\/b> 12 kg<\/td>\n<td><b>Capacidade de arrefecimento:<\/b> 2 litros\/hora<\/td>\n<\/tr>\n<tr>\n<td><b>Largura:<\/b> 30 cm<\/td>\n<td><b>Capacidade para quente:<\/b> 5 litros\/hora<\/td>\n<\/tr>\n<tr>\n<td><b>Profundidade:<\/b> 30 cm<\/td>\n<td><b>Temperatura \u00e1gua fr\u00eda:<\/b> 10\u00baC<\/td>\n<\/tr>\n<tr>\n<td><b>Altura:<\/b> 41 cm<\/td>\n<td><b>Temperatura \u00e1gua quente:<\/b> 90\u00baC<\/td>\n<\/tr>\n<tr>\n<td><\/td>\n<td><b>Capacidade tanque fr\u00edo:<\/b> 1 litro<\/td>\n<\/tr>\n<tr>\n<td><\/td>\n<td><b>Capacidade tanque quente:<\/b> 1 litro<\/td>\n<\/tr>\n<tr>\n<td><\/td>\n<td><b>Pot\u00eancia de aquecimento e arrefecimento:<\/b> 75 W \/ 500 W<\/td>\n<\/tr>\n<\/tbody>\n<\/table>\n","protected":false},"excerpt":{"rendered":"<p>\n \t<img decoding=\"async\" src=\"https:\/\/www.hods.eu\/wp-content\/uploads\/sobre-mesa.png\" border=\"0\"><span style=\"color:#6d6d6d\">Dispensador de mesa.<\/span>\n<\/p>\n<p>\n \t<img decoding=\"async\" src=\"https:\/\/www.hods.eu\/wp-content\/uploads\/tamano.png\" border=\"0\"><span style=\"color:#6d6d6d\">Pequeno, <strong>apenas 41 cm de altura e 10.195 kg<\/strong>.<\/span>\n<\/p>\n<p>\n \t<img decoding=\"async\" src=\"https:\/\/www.hods.eu\/wp-content\/uploads\/friacaliente.png\" border=\"0\"><span style=\"color:#6d6d6d\">Fonte de \u00e1gua quente e fria.<\/span>\n<\/p>\n<p>\n \t<img decoding=\"async\" src=\"https:\/\/www.hods.eu\/wp-content\/uploads\/accidentes.png\" border=\"0\"><span style=\"color:#6d6d6d\">Torneira de seguran\u00e7a.<\/span>\n<\/p>\n<p>\n \t<img decoding=\"async\" src=\"https:\/\/www.hods.eu\/wp-content\/uploads\/botellon.png\" border=\"0\"><span style=\"color:#6d6d6d\">Admite <strong>garrafas<\/strong> de 11,8 a 20 litros com <strong>tampa de 5 gal\u00f5es<\/strong>.<\/span>\n<\/p>\n<p>\n \t<img decoding=\"async\" src=\"https:\/\/www.hods.eu\/wp-content\/uploads\/antiderrame.png\" border=\"0\"><span style=\"color:#6d6d6d\"><strong>Sistema antiderramamento<\/strong>.<\/li>\n<p>&nbsp;<\/p>\n<p>&nbsp;<\/p>\n<p><span style=\"color: #6d6d6d;\"><strong>Comprar na loja online <a href=\"https:\/\/watcool.com\/pt\/fontes-de-agua\/9-pocket-compressor.html\" target=\"_blank\" rel=\"noopener\"><img loading=\"lazy\" decoding=\"async\" class=\"alignnone wp-image-30290\" title=\"watcool\" src=\"https:\/\/www.hods.eu\/wp-content\/uploads\/web.jpg\" alt=\"watcool\" width=\"90\" height=\"18\" srcset=\"https:\/\/www.hods.eu\/wp-content\/uploads\/web.jpg 200w, https:\/\/www.hods.eu\/wp-content\/uploads\/web-150x30.jpg 150w\" sizes=\"auto, (max-width: 90px) 100vw, 90px\" \/><\/a><\/strong> <\/span><\/p>\n","protected":false},"featured_media":26713,"template":"","meta":[],"product_brand":[],"product_cat":[87],"product_tag":[],"class_list":{"0":"post-19164","1":"product","2":"type-product","3":"status-publish","4":"has-post-thumbnail","6":"product_cat-fontes-garrafa","8":"first","9":"instock","10":"featured","11":"shipping-taxable","12":"product-type-simple"},"yoast_head":"<!-- This site is optimized with the Yoast SEO plugin v27.5 - https:\/\/yoast.com\/product\/yoast-seo-wordpress\/ -->\n<title>Pocket Compressor Dispensador de \u00e1gua - HODS<\/title>\n<meta name=\"description\" content=\"Dispensador de \u00c1gua Pocket Compressor oferece energia em um formato pequeno. Apenas 41 cm, ideal para colocar sobre uma mesa ou banco.\" \/>\n<meta name=\"robots\" content=\"index, follow, max-snippet:-1, max-image-preview:large, max-video-preview:-1\" \/>\n<link rel=\"canonical\" href=\"https:\/\/www.hods.eu\/pt-pt\/productos\/pocket-compressor\/\" \/>\n<meta property=\"og:locale\" content=\"pt_PT\" \/>\n<meta property=\"og:type\" content=\"article\" \/>\n<meta property=\"og:title\" content=\"Pocket Compressor Dispensador de \u00e1gua - HODS\" \/>\n<meta property=\"og:description\" content=\"Dispensador de \u00c1gua Pocket Compressor oferece energia em um formato pequeno. Apenas 41 cm, ideal para colocar sobre uma mesa ou banco.\" \/>\n<meta property=\"og:url\" content=\"https:\/\/www.hods.eu\/pt-pt\/productos\/pocket-compressor\/\" \/>\n<meta property=\"og:site_name\" content=\"HODS\" \/>\n<meta property=\"article:modified_time\" content=\"2022-01-19T11:40:59+00:00\" \/>\n<meta property=\"og:image\" content=\"https:\/\/www.hods.eu\/wp-content\/uploads\/pocketcompressor_hods_web_01.jpg\" \/>\n\t<meta property=\"og:image:width\" content=\"768\" \/>\n\t<meta property=\"og:image:height\" content=\"1024\" \/>\n\t<meta property=\"og:image:type\" content=\"image\/jpeg\" \/>\n<meta name=\"twitter:card\" content=\"summary_large_image\" \/>\n<meta name=\"twitter:label1\" content=\"Tempo estimado de leitura\" \/>\n\t<meta name=\"twitter:data1\" content=\"2 minutos\" \/>\n<script type=\"application\/ld+json\" class=\"yoast-schema-graph\">{\"@context\":\"https:\\\/\\\/schema.org\",\"@graph\":[{\"@type\":\"WebPage\",\"@id\":\"https:\\\/\\\/www.hods.eu\\\/pt-pt\\\/productos\\\/pocket-compressor\\\/\",\"url\":\"https:\\\/\\\/www.hods.eu\\\/pt-pt\\\/productos\\\/pocket-compressor\\\/\",\"name\":\"Pocket Compressor Dispensador de \u00e1gua - HODS\",\"isPartOf\":{\"@id\":\"https:\\\/\\\/www.hods.eu\\\/pt-pt\\\/#website\"},\"primaryImageOfPage\":{\"@id\":\"https:\\\/\\\/www.hods.eu\\\/pt-pt\\\/productos\\\/pocket-compressor\\\/#primaryimage\"},\"image\":{\"@id\":\"https:\\\/\\\/www.hods.eu\\\/pt-pt\\\/productos\\\/pocket-compressor\\\/#primaryimage\"},\"thumbnailUrl\":\"https:\\\/\\\/www.hods.eu\\\/wp-content\\\/uploads\\\/pocketcompressor_hods_web_01.jpg\",\"datePublished\":\"2016-02-17T11:27:03+00:00\",\"dateModified\":\"2022-01-19T11:40:59+00:00\",\"description\":\"Dispensador de \u00c1gua Pocket Compressor oferece energia em um formato pequeno. Apenas 41 cm, ideal para colocar sobre uma mesa ou banco.\",\"breadcrumb\":{\"@id\":\"https:\\\/\\\/www.hods.eu\\\/pt-pt\\\/productos\\\/pocket-compressor\\\/#breadcrumb\"},\"inLanguage\":\"pt-PT\",\"potentialAction\":[{\"@type\":\"ReadAction\",\"target\":[\"https:\\\/\\\/www.hods.eu\\\/pt-pt\\\/productos\\\/pocket-compressor\\\/\"]}]},{\"@type\":\"ImageObject\",\"inLanguage\":\"pt-PT\",\"@id\":\"https:\\\/\\\/www.hods.eu\\\/pt-pt\\\/productos\\\/pocket-compressor\\\/#primaryimage\",\"url\":\"https:\\\/\\\/www.hods.eu\\\/wp-content\\\/uploads\\\/pocketcompressor_hods_web_01.jpg\",\"contentUrl\":\"https:\\\/\\\/www.hods.eu\\\/wp-content\\\/uploads\\\/pocketcompressor_hods_web_01.jpg\",\"width\":768,\"height\":1024,\"caption\":\"Fuente de agua fr\u00eda y caliente para sobre mesa. Altura 41cm, apta para botellones o garrafas con tap\u00f3n de 5 galones\"},{\"@type\":\"BreadcrumbList\",\"@id\":\"https:\\\/\\\/www.hods.eu\\\/pt-pt\\\/productos\\\/pocket-compressor\\\/#breadcrumb\",\"itemListElement\":[{\"@type\":\"ListItem\",\"position\":1,\"name\":\"Portada\",\"item\":\"https:\\\/\\\/www.hods.eu\\\/pt-pt\\\/\"},{\"@type\":\"ListItem\",\"position\":2,\"name\":\"Tienda\",\"item\":\"https:\\\/\\\/www.hods.eu\\\/tienda\\\/\"},{\"@type\":\"ListItem\",\"position\":3,\"name\":\"Pocket Compressor\"}]},{\"@type\":\"WebSite\",\"@id\":\"https:\\\/\\\/www.hods.eu\\\/pt-pt\\\/#website\",\"url\":\"https:\\\/\\\/www.hods.eu\\\/pt-pt\\\/\",\"name\":\"HODS\",\"description\":\"water? drink with us\",\"publisher\":{\"@id\":\"https:\\\/\\\/www.hods.eu\\\/pt-pt\\\/#organization\"},\"potentialAction\":[{\"@type\":\"SearchAction\",\"target\":{\"@type\":\"EntryPoint\",\"urlTemplate\":\"https:\\\/\\\/www.hods.eu\\\/pt-pt\\\/?s={search_term_string}\"},\"query-input\":{\"@type\":\"PropertyValueSpecification\",\"valueRequired\":true,\"valueName\":\"search_term_string\"}}],\"inLanguage\":\"pt-PT\"},{\"@type\":\"Organization\",\"@id\":\"https:\\\/\\\/www.hods.eu\\\/pt-pt\\\/#organization\",\"name\":\"HODS\",\"url\":\"https:\\\/\\\/www.hods.eu\\\/pt-pt\\\/\",\"logo\":{\"@type\":\"ImageObject\",\"inLanguage\":\"pt-PT\",\"@id\":\"https:\\\/\\\/www.hods.eu\\\/pt-pt\\\/#\\\/schema\\\/logo\\\/image\\\/\",\"url\":\"https:\\\/\\\/www.hods.eu\\\/wp-content\\\/uploads\\\/hods-completo-blanco2.jpg\",\"contentUrl\":\"https:\\\/\\\/www.hods.eu\\\/wp-content\\\/uploads\\\/hods-completo-blanco2.jpg\",\"width\":500,\"height\":179,\"caption\":\"HODS\"},\"image\":{\"@id\":\"https:\\\/\\\/www.hods.eu\\\/pt-pt\\\/#\\\/schema\\\/logo\\\/image\\\/\"}}]}<\/script>\n<!-- \/ Yoast SEO plugin. -->","yoast_head_json":{"title":"Pocket Compressor Dispensador de \u00e1gua - HODS","description":"Dispensador de \u00c1gua Pocket Compressor oferece energia em um formato pequeno. Apenas 41 cm, ideal para colocar sobre uma mesa ou banco.","robots":{"index":"index","follow":"follow","max-snippet":"max-snippet:-1","max-image-preview":"max-image-preview:large","max-video-preview":"max-video-preview:-1"},"canonical":"https:\/\/www.hods.eu\/pt-pt\/productos\/pocket-compressor\/","og_locale":"pt_PT","og_type":"article","og_title":"Pocket Compressor Dispensador de \u00e1gua - HODS","og_description":"Dispensador de \u00c1gua Pocket Compressor oferece energia em um formato pequeno. Apenas 41 cm, ideal para colocar sobre uma mesa ou banco.","og_url":"https:\/\/www.hods.eu\/pt-pt\/productos\/pocket-compressor\/","og_site_name":"HODS","article_modified_time":"2022-01-19T11:40:59+00:00","og_image":[{"width":768,"height":1024,"url":"https:\/\/www.hods.eu\/wp-content\/uploads\/pocketcompressor_hods_web_01.jpg","type":"image\/jpeg"}],"twitter_card":"summary_large_image","twitter_misc":{"Tempo estimado de leitura":"2 minutos"},"schema":{"@context":"https:\/\/schema.org","@graph":[{"@type":"WebPage","@id":"https:\/\/www.hods.eu\/pt-pt\/productos\/pocket-compressor\/","url":"https:\/\/www.hods.eu\/pt-pt\/productos\/pocket-compressor\/","name":"Pocket Compressor Dispensador de \u00e1gua - HODS","isPartOf":{"@id":"https:\/\/www.hods.eu\/pt-pt\/#website"},"primaryImageOfPage":{"@id":"https:\/\/www.hods.eu\/pt-pt\/productos\/pocket-compressor\/#primaryimage"},"image":{"@id":"https:\/\/www.hods.eu\/pt-pt\/productos\/pocket-compressor\/#primaryimage"},"thumbnailUrl":"https:\/\/www.hods.eu\/wp-content\/uploads\/pocketcompressor_hods_web_01.jpg","datePublished":"2016-02-17T11:27:03+00:00","dateModified":"2022-01-19T11:40:59+00:00","description":"Dispensador de \u00c1gua Pocket Compressor oferece energia em um formato pequeno. Apenas 41 cm, ideal para colocar sobre uma mesa ou banco.","breadcrumb":{"@id":"https:\/\/www.hods.eu\/pt-pt\/productos\/pocket-compressor\/#breadcrumb"},"inLanguage":"pt-PT","potentialAction":[{"@type":"ReadAction","target":["https:\/\/www.hods.eu\/pt-pt\/productos\/pocket-compressor\/"]}]},{"@type":"ImageObject","inLanguage":"pt-PT","@id":"https:\/\/www.hods.eu\/pt-pt\/productos\/pocket-compressor\/#primaryimage","url":"https:\/\/www.hods.eu\/wp-content\/uploads\/pocketcompressor_hods_web_01.jpg","contentUrl":"https:\/\/www.hods.eu\/wp-content\/uploads\/pocketcompressor_hods_web_01.jpg","width":768,"height":1024,"caption":"Fuente de agua fr\u00eda y caliente para sobre mesa. Altura 41cm, apta para botellones o garrafas con tap\u00f3n de 5 galones"},{"@type":"BreadcrumbList","@id":"https:\/\/www.hods.eu\/pt-pt\/productos\/pocket-compressor\/#breadcrumb","itemListElement":[{"@type":"ListItem","position":1,"name":"Portada","item":"https:\/\/www.hods.eu\/pt-pt\/"},{"@type":"ListItem","position":2,"name":"Tienda","item":"https:\/\/www.hods.eu\/tienda\/"},{"@type":"ListItem","position":3,"name":"Pocket Compressor"}]},{"@type":"WebSite","@id":"https:\/\/www.hods.eu\/pt-pt\/#website","url":"https:\/\/www.hods.eu\/pt-pt\/","name":"HODS","description":"water? drink with us","publisher":{"@id":"https:\/\/www.hods.eu\/pt-pt\/#organization"},"potentialAction":[{"@type":"SearchAction","target":{"@type":"EntryPoint","urlTemplate":"https:\/\/www.hods.eu\/pt-pt\/?s={search_term_string}"},"query-input":{"@type":"PropertyValueSpecification","valueRequired":true,"valueName":"search_term_string"}}],"inLanguage":"pt-PT"},{"@type":"Organization","@id":"https:\/\/www.hods.eu\/pt-pt\/#organization","name":"HODS","url":"https:\/\/www.hods.eu\/pt-pt\/","logo":{"@type":"ImageObject","inLanguage":"pt-PT","@id":"https:\/\/www.hods.eu\/pt-pt\/#\/schema\/logo\/image\/","url":"https:\/\/www.hods.eu\/wp-content\/uploads\/hods-completo-blanco2.jpg","contentUrl":"https:\/\/www.hods.eu\/wp-content\/uploads\/hods-completo-blanco2.jpg","width":500,"height":179,"caption":"HODS"},"image":{"@id":"https:\/\/www.hods.eu\/pt-pt\/#\/schema\/logo\/image\/"}}]}},"_links":{"self":[{"href":"https:\/\/www.hods.eu\/pt-pt\/wp-json\/wp\/v2\/product\/19164","targetHints":{"allow":["GET"]}}],"collection":[{"href":"https:\/\/www.hods.eu\/pt-pt\/wp-json\/wp\/v2\/product"}],"about":[{"href":"https:\/\/www.hods.eu\/pt-pt\/wp-json\/wp\/v2\/types\/product"}],"wp:featuredmedia":[{"embeddable":true,"href":"https:\/\/www.hods.eu\/pt-pt\/wp-json\/wp\/v2\/media\/26713"}],"wp:attachment":[{"href":"https:\/\/www.hods.eu\/pt-pt\/wp-json\/wp\/v2\/media?parent=19164"}],"wp:term":[{"taxonomy":"product_brand","embeddable":true,"href":"https:\/\/www.hods.eu\/pt-pt\/wp-json\/wp\/v2\/product_brand?post=19164"},{"taxonomy":"product_cat","embeddable":true,"href":"https:\/\/www.hods.eu\/pt-pt\/wp-json\/wp\/v2\/product_cat?post=19164"},{"taxonomy":"product_tag","embeddable":true,"href":"https:\/\/www.hods.eu\/pt-pt\/wp-json\/wp\/v2\/product_tag?post=19164"}],"curies":[{"name":"wp","href":"https:\/\/api.w.org\/{rel}","templated":true}]}}