{"id":19158,"date":"2016-02-18T08:55:18","date_gmt":"2016-02-18T07:55:18","guid":{"rendered":"https:\/\/www.hods.eu\/producto\/elegance-branca\/"},"modified":"2022-01-19T12:40:22","modified_gmt":"2022-01-19T11:40:22","slug":"elegance-branca","status":"publish","type":"product","link":"https:\/\/www.hods.eu\/pt-pt\/productos\/elegance-branca\/","title":{"rendered":"Elegance Branca"},"content":{"rendered":"<h3 style=\"text-align: justify; color: #6d6d6d;\">Fonte de \u00c1gua Elegance Branca. Um branco muito elegante, mais fino e com um design minimalista perfeito para qualquer ambiente, ideal para aqueles que d\u00e3o muita import\u00e2ncia \u00e0 imagem.<\/h3>\n<h4 style=\"text-align: justify; color: #6d6d6d;\">Procuramos a mais alta qualidade a um pre\u00e7o razo\u00e1vel. \u00c9 por isso que este refrigerador foi melhorado ainda mais para aumentar o seu desempenho e a satisfa\u00e7\u00e3o do cliente. Como resultado, um compressor mais eficiente que aumenta a capacidade de refrigera\u00e7\u00e3o, reduz o consumo de energia e \u00e9 muito mais silencioso.<\/h4>\n<p style=\"text-align: justify; color: #6d6d6d;\">Al\u00e9m disso, incorpora um <strong>Sistema Anti-Derramamento<\/strong> que funciona com uma b\u00f3ia interna que evita que a \u00e1gua transborde quando a capacidade do reservat\u00f3rio de \u00e1gua do dispensador se eleva acima do n\u00edvel adequado. Gra\u00e7as a isso, evita qualquer derramamento de \u00e1gua da garrafa e da m\u00e1quina, caso a garrafa tenha problemas nos poros. Al\u00e9m disso, todos os tubos em contacto com a \u00e1gua s\u00e3o feitos de <strong>A\u00c7O INOXID\u00c1VEL<\/strong>, o que proporciona sa\u00fade devido \u00e0 sua higiene e ao facto de n\u00e3o migrar o sabor do pl\u00e1stico na \u00e1gua como no resto das m\u00e1quinas no mercado.<\/p>\n<h4 style=\"text-align: justify; color: #6d6d6d;\">A fonte Elegance Branca tamb\u00e9m est\u00e1 dispon\u00edvel em <a href=\"https:\/\/www.hods.eu\/pt-pt\/producto\/elegance-pou-branca\/\">filtra\u00e7\u00e3o<\/a> e em <a href=\"https:\/\/www.hods.eu\/pt-pt\/producto\/elegance-preta\/\">Preta<\/a>.<\/h4>\n<p style=\"text-align: justify; color: #6d6d6d;\">Resfria e aquece a \u00e1gua, e incorpora um <strong>colector de gotejamento<\/strong>, um <strong>regulador de temperatura<\/strong> da \u00e1gua que permite ajustar a temperatura a pedido e uma torneira de seguran\u00e7a para a \u00e1gua quente que evita queimaduras acidentais, tamb\u00e9m permite desactivar a \u00e1gua quente o que oferece a possibilidade de ter uma torneira de \u00e1gua temperada (\u00e1gua \u00e0 temperatura ambiente), e como resultado final, um doseador de \u00e1gua fria e \u00e1gua temperada.<\/p>\n<p style=\"text-align: justify; color: #6d6d6d;\">Este dispensador \u00e9 compat\u00edvel com todas as nossas <a href=\"https:\/\/www.hods.eu\/pt-pt\/producto\/garrafao-pet-18-9-litros\/\"><strong>garrafas PET<\/strong><\/a> nos seus diferentes formatos e pode adicionar acess\u00f3rios como o nosso novo <a href=\"https:\/\/www.hods.eu\/pt-pt\/producto\/suporte-para-copos-transparente\/\">Suporte Copos transparente<\/a>, al\u00e9m de ser perfeito para ser acompanhado pela nossa garrafeira met\u00e1lica ou prateleira branca para 4 garrafas PET.<\/p>\n<table dir=\"ltr\" style=\"height: 248px;\" border=\"1\" summary=\"dimensiones y caracteristicas\" width=\"873\">\n<colgroup width=\"50%\"><\/colgroup>\n<colgroup id=\"colgroup\" class=\"colgroup\" title=\"title\" span=\"2\" width=\"1*\" align=\"center\" valign=\"middle\"><\/colgroup>\n<thead>\n<tr>\n<th scope=\"col\"><b>Dimens\u00f5es e peso<\/b><\/th>\n<th scope=\"col\"><b>Caracter\u00edsticas<\/b><\/th>\n<\/tr>\n<\/thead>\n<tfoot>\n<tr>\n<td><\/td>\n<td><b>Tens\u00e3o:<\/b> 220V &#8211; 240V \/ 50Hz &#8211; 60Hz<\/td>\n<\/tr>\n<\/tfoot>\n<tbody>\n<tr>\n<td><b>Peso:<\/b> 13,3 kg<\/td>\n<td><b>Capacidade de arrefecimento:<\/b> 3,5 litros\/hora<\/td>\n<\/tr>\n<tr>\n<td><b>Largura:<\/b> 27 cm<\/td>\n<td><b>Capacidade para aquecer:<\/b> 5 litros\/hora<\/td>\n<\/tr>\n<tr>\n<td><b>Profundidade:<\/b> 31 cm<\/td>\n<td><b>Temperatura \u00e1gua fr\u00eda:<\/b> 5\u00baC &#8211; 10\u00baC<\/td>\n<\/tr>\n<tr>\n<td><b>Altura:<\/b> 96 cm<\/td>\n<td><b>Temperatura \u00e1gua quente:<\/b> 85\u00baC &#8211; 95\u00baC<\/td>\n<\/tr>\n<tr>\n<td><\/td>\n<td><b>Capacidade tanque fr\u00edo:<\/b> 2 litros<\/td>\n<\/tr>\n<tr>\n<td><\/td>\n<td><b>Capacidade tanque quente:<\/b> 2 litros<\/td>\n<\/tr>\n<tr>\n<td><\/td>\n<td><b>Pot\u00eancia de aquecimento e arrefecimento:<\/b> 85 W \/ 500 W<\/td>\n<\/tr>\n<\/tbody>\n<\/table>\n","protected":false},"excerpt":{"rendered":"<p>\n \t<img decoding=\"async\" src=\"https:\/\/www.hods.eu\/wp-content\/uploads\/eficiencia.png\" border=\"0\"><span style=\"color:#6d6d6d\"><strong>Termostatos e compressores<\/strong> mais potentes. Eles prolongam a vida \u00fatil e s\u00e3o mais silenciosos.<\/span>\n<\/p>\n<p>\n \t<img decoding=\"async\" src=\"https:\/\/www.hods.eu\/wp-content\/uploads\/inox.png\" border=\"0\"><span style=\"color:#6d6d6d\">Todos os tubos em contato com a \u00e1gua s\u00e3o feitos de <strong>a\u00e7o inoxid\u00e1vel<\/strong> de alta qualidade.<\/span>\n<\/p>\n<p>\n \t<img decoding=\"async\" src=\"https:\/\/www.hods.eu\/wp-content\/uploads\/friacaliente.png\" border=\"0\"><span style=\"color:#6d6d6d\">Fonte de \u00e1gua quente e fria.<\/span>\n<\/p>\n<p>\n \t<img decoding=\"async\" src=\"https:\/\/www.hods.eu\/wp-content\/uploads\/diseno.png\" border=\"0\"><span style=\"color:#6d6d6d\">Design mais <strong>fino e elegante<\/strong>.<\/span>\n<\/p>\n<p>\n \t<img decoding=\"async\" src=\"https:\/\/www.hods.eu\/wp-content\/uploads\/botellon.png\" border=\"0\"><span style=\"color:#6d6d6d\">Admite <strong>garrafas<\/strong> de 11,8 a 20 litros com <strong>tampa de 5 gal\u00f5es<\/strong>.<\/span>\n<\/p>\n<p>\n \t<img decoding=\"async\" src=\"https:\/\/www.hods.eu\/wp-content\/uploads\/antiderrame.png\" border=\"0\"><span style=\"color:#6d6d6d\"><strong>Sistema antiderramamento<\/strong> e <strong>coletor de gotejamento<\/strong> integrado.<\/span>\n<\/p>\n<p>&nbsp;<\/p>\n<p>&nbsp;<\/p>\n<p><span style=\"color: #6d6d6d;\"><strong>Comprar na loja online <a href=\"https:\/\/watcool.com\/pt\/fontes-de-agua\/3-elegance-branca.html\" target=\"_blank\" rel=\"noopener\"><img loading=\"lazy\" decoding=\"async\" class=\"alignnone wp-image-30290\" title=\"watcool\" src=\"https:\/\/www.hods.eu\/wp-content\/uploads\/web.jpg\" alt=\"watcool\" width=\"90\" height=\"18\" srcset=\"https:\/\/www.hods.eu\/wp-content\/uploads\/web.jpg 200w, https:\/\/www.hods.eu\/wp-content\/uploads\/web-150x30.jpg 150w\" sizes=\"auto, (max-width: 90px) 100vw, 90px\" \/><\/a><\/strong> <\/span><\/p>\n","protected":false},"featured_media":26647,"template":"","meta":[],"product_brand":[],"product_cat":[87],"product_tag":[],"class_list":{"0":"post-19158","1":"product","2":"type-product","3":"status-publish","4":"has-post-thumbnail","6":"product_cat-fontes-garrafa","8":"first","9":"instock","10":"featured","11":"shipping-taxable","12":"product-type-simple"},"yoast_head":"<!-- This site is optimized with the Yoast SEO plugin v27.3 - https:\/\/yoast.com\/product\/yoast-seo-wordpress\/ -->\n<title>Elegance Branca Fonte de \u00e1gua fria e quente - HODS<\/title>\n<meta name=\"description\" content=\"Fonte de \u00c1gua Elegance Branca. Em branco, com um design minimalista. Ideal para aqueles que d\u00e3o import\u00e2ncia \u00e0 imagem.\" \/>\n<meta name=\"robots\" content=\"index, follow, max-snippet:-1, max-image-preview:large, max-video-preview:-1\" \/>\n<link rel=\"canonical\" href=\"https:\/\/www.hods.eu\/pt-pt\/productos\/elegance-branca\/\" \/>\n<meta property=\"og:locale\" content=\"pt_PT\" \/>\n<meta property=\"og:type\" content=\"article\" \/>\n<meta property=\"og:title\" content=\"Elegance Branca Fonte de \u00e1gua fria e quente - HODS\" \/>\n<meta property=\"og:description\" content=\"Fonte de \u00c1gua Elegance Branca. Em branco, com um design minimalista. Ideal para aqueles que d\u00e3o import\u00e2ncia \u00e0 imagem.\" \/>\n<meta property=\"og:url\" content=\"https:\/\/www.hods.eu\/pt-pt\/productos\/elegance-branca\/\" \/>\n<meta property=\"og:site_name\" content=\"HODS\" \/>\n<meta property=\"article:modified_time\" content=\"2022-01-19T11:40:22+00:00\" \/>\n<meta property=\"og:image\" content=\"https:\/\/www.hods.eu\/wp-content\/uploads\/eleganceblanca_hods_web_01.jpg\" \/>\n\t<meta property=\"og:image:width\" content=\"768\" \/>\n\t<meta property=\"og:image:height\" content=\"1024\" \/>\n\t<meta property=\"og:image:type\" content=\"image\/jpeg\" \/>\n<meta name=\"twitter:card\" content=\"summary_large_image\" \/>\n<meta name=\"twitter:label1\" content=\"Tempo estimado de leitura\" \/>\n\t<meta name=\"twitter:data1\" content=\"2 minutos\" \/>\n<script type=\"application\/ld+json\" class=\"yoast-schema-graph\">{\"@context\":\"https:\\\/\\\/schema.org\",\"@graph\":[{\"@type\":\"WebPage\",\"@id\":\"https:\\\/\\\/www.hods.eu\\\/pt-pt\\\/productos\\\/elegance-branca\\\/\",\"url\":\"https:\\\/\\\/www.hods.eu\\\/pt-pt\\\/productos\\\/elegance-branca\\\/\",\"name\":\"Elegance Branca Fonte de \u00e1gua fria e quente - HODS\",\"isPartOf\":{\"@id\":\"https:\\\/\\\/www.hods.eu\\\/pt-pt\\\/#website\"},\"primaryImageOfPage\":{\"@id\":\"https:\\\/\\\/www.hods.eu\\\/pt-pt\\\/productos\\\/elegance-branca\\\/#primaryimage\"},\"image\":{\"@id\":\"https:\\\/\\\/www.hods.eu\\\/pt-pt\\\/productos\\\/elegance-branca\\\/#primaryimage\"},\"thumbnailUrl\":\"https:\\\/\\\/www.hods.eu\\\/wp-content\\\/uploads\\\/eleganceblanca_hods_web_01.jpg\",\"datePublished\":\"2016-02-18T07:55:18+00:00\",\"dateModified\":\"2022-01-19T11:40:22+00:00\",\"description\":\"Fonte de \u00c1gua Elegance Branca. Em branco, com um design minimalista. Ideal para aqueles que d\u00e3o import\u00e2ncia \u00e0 imagem.\",\"breadcrumb\":{\"@id\":\"https:\\\/\\\/www.hods.eu\\\/pt-pt\\\/productos\\\/elegance-branca\\\/#breadcrumb\"},\"inLanguage\":\"pt-PT\",\"potentialAction\":[{\"@type\":\"ReadAction\",\"target\":[\"https:\\\/\\\/www.hods.eu\\\/pt-pt\\\/productos\\\/elegance-branca\\\/\"]}]},{\"@type\":\"ImageObject\",\"inLanguage\":\"pt-PT\",\"@id\":\"https:\\\/\\\/www.hods.eu\\\/pt-pt\\\/productos\\\/elegance-branca\\\/#primaryimage\",\"url\":\"https:\\\/\\\/www.hods.eu\\\/wp-content\\\/uploads\\\/eleganceblanca_hods_web_01.jpg\",\"contentUrl\":\"https:\\\/\\\/www.hods.eu\\\/wp-content\\\/uploads\\\/eleganceblanca_hods_web_01.jpg\",\"width\":768,\"height\":1024,\"caption\":\"Elegance Branca Fonte de \u00e1gua de garrafa ou garraf\u00e3o. Distribuidor de \u00e1gua silencioso. Adequado para garrafas de \u00e1gua de 12 a 20 litros.\"},{\"@type\":\"BreadcrumbList\",\"@id\":\"https:\\\/\\\/www.hods.eu\\\/pt-pt\\\/productos\\\/elegance-branca\\\/#breadcrumb\",\"itemListElement\":[{\"@type\":\"ListItem\",\"position\":1,\"name\":\"Portada\",\"item\":\"https:\\\/\\\/www.hods.eu\\\/pt-pt\\\/\"},{\"@type\":\"ListItem\",\"position\":2,\"name\":\"Tienda\",\"item\":\"https:\\\/\\\/www.hods.eu\\\/tienda\\\/\"},{\"@type\":\"ListItem\",\"position\":3,\"name\":\"Elegance Branca\"}]},{\"@type\":\"WebSite\",\"@id\":\"https:\\\/\\\/www.hods.eu\\\/pt-pt\\\/#website\",\"url\":\"https:\\\/\\\/www.hods.eu\\\/pt-pt\\\/\",\"name\":\"HODS\",\"description\":\"water? drink with us\",\"publisher\":{\"@id\":\"https:\\\/\\\/www.hods.eu\\\/pt-pt\\\/#organization\"},\"potentialAction\":[{\"@type\":\"SearchAction\",\"target\":{\"@type\":\"EntryPoint\",\"urlTemplate\":\"https:\\\/\\\/www.hods.eu\\\/pt-pt\\\/?s={search_term_string}\"},\"query-input\":{\"@type\":\"PropertyValueSpecification\",\"valueRequired\":true,\"valueName\":\"search_term_string\"}}],\"inLanguage\":\"pt-PT\"},{\"@type\":\"Organization\",\"@id\":\"https:\\\/\\\/www.hods.eu\\\/pt-pt\\\/#organization\",\"name\":\"HODS\",\"url\":\"https:\\\/\\\/www.hods.eu\\\/pt-pt\\\/\",\"logo\":{\"@type\":\"ImageObject\",\"inLanguage\":\"pt-PT\",\"@id\":\"https:\\\/\\\/www.hods.eu\\\/pt-pt\\\/#\\\/schema\\\/logo\\\/image\\\/\",\"url\":\"https:\\\/\\\/www.hods.eu\\\/wp-content\\\/uploads\\\/hods-completo-blanco2.jpg\",\"contentUrl\":\"https:\\\/\\\/www.hods.eu\\\/wp-content\\\/uploads\\\/hods-completo-blanco2.jpg\",\"width\":500,\"height\":179,\"caption\":\"HODS\"},\"image\":{\"@id\":\"https:\\\/\\\/www.hods.eu\\\/pt-pt\\\/#\\\/schema\\\/logo\\\/image\\\/\"}}]}<\/script>\n<!-- \/ Yoast SEO plugin. -->","yoast_head_json":{"title":"Elegance Branca Fonte de \u00e1gua fria e quente - HODS","description":"Fonte de \u00c1gua Elegance Branca. Em branco, com um design minimalista. Ideal para aqueles que d\u00e3o import\u00e2ncia \u00e0 imagem.","robots":{"index":"index","follow":"follow","max-snippet":"max-snippet:-1","max-image-preview":"max-image-preview:large","max-video-preview":"max-video-preview:-1"},"canonical":"https:\/\/www.hods.eu\/pt-pt\/productos\/elegance-branca\/","og_locale":"pt_PT","og_type":"article","og_title":"Elegance Branca Fonte de \u00e1gua fria e quente - HODS","og_description":"Fonte de \u00c1gua Elegance Branca. Em branco, com um design minimalista. Ideal para aqueles que d\u00e3o import\u00e2ncia \u00e0 imagem.","og_url":"https:\/\/www.hods.eu\/pt-pt\/productos\/elegance-branca\/","og_site_name":"HODS","article_modified_time":"2022-01-19T11:40:22+00:00","og_image":[{"width":768,"height":1024,"url":"https:\/\/www.hods.eu\/wp-content\/uploads\/eleganceblanca_hods_web_01.jpg","type":"image\/jpeg"}],"twitter_card":"summary_large_image","twitter_misc":{"Tempo estimado de leitura":"2 minutos"},"schema":{"@context":"https:\/\/schema.org","@graph":[{"@type":"WebPage","@id":"https:\/\/www.hods.eu\/pt-pt\/productos\/elegance-branca\/","url":"https:\/\/www.hods.eu\/pt-pt\/productos\/elegance-branca\/","name":"Elegance Branca Fonte de \u00e1gua fria e quente - HODS","isPartOf":{"@id":"https:\/\/www.hods.eu\/pt-pt\/#website"},"primaryImageOfPage":{"@id":"https:\/\/www.hods.eu\/pt-pt\/productos\/elegance-branca\/#primaryimage"},"image":{"@id":"https:\/\/www.hods.eu\/pt-pt\/productos\/elegance-branca\/#primaryimage"},"thumbnailUrl":"https:\/\/www.hods.eu\/wp-content\/uploads\/eleganceblanca_hods_web_01.jpg","datePublished":"2016-02-18T07:55:18+00:00","dateModified":"2022-01-19T11:40:22+00:00","description":"Fonte de \u00c1gua Elegance Branca. Em branco, com um design minimalista. Ideal para aqueles que d\u00e3o import\u00e2ncia \u00e0 imagem.","breadcrumb":{"@id":"https:\/\/www.hods.eu\/pt-pt\/productos\/elegance-branca\/#breadcrumb"},"inLanguage":"pt-PT","potentialAction":[{"@type":"ReadAction","target":["https:\/\/www.hods.eu\/pt-pt\/productos\/elegance-branca\/"]}]},{"@type":"ImageObject","inLanguage":"pt-PT","@id":"https:\/\/www.hods.eu\/pt-pt\/productos\/elegance-branca\/#primaryimage","url":"https:\/\/www.hods.eu\/wp-content\/uploads\/eleganceblanca_hods_web_01.jpg","contentUrl":"https:\/\/www.hods.eu\/wp-content\/uploads\/eleganceblanca_hods_web_01.jpg","width":768,"height":1024,"caption":"Elegance Branca Fonte de \u00e1gua de garrafa ou garraf\u00e3o. Distribuidor de \u00e1gua silencioso. Adequado para garrafas de \u00e1gua de 12 a 20 litros."},{"@type":"BreadcrumbList","@id":"https:\/\/www.hods.eu\/pt-pt\/productos\/elegance-branca\/#breadcrumb","itemListElement":[{"@type":"ListItem","position":1,"name":"Portada","item":"https:\/\/www.hods.eu\/pt-pt\/"},{"@type":"ListItem","position":2,"name":"Tienda","item":"https:\/\/www.hods.eu\/tienda\/"},{"@type":"ListItem","position":3,"name":"Elegance Branca"}]},{"@type":"WebSite","@id":"https:\/\/www.hods.eu\/pt-pt\/#website","url":"https:\/\/www.hods.eu\/pt-pt\/","name":"HODS","description":"water? drink with us","publisher":{"@id":"https:\/\/www.hods.eu\/pt-pt\/#organization"},"potentialAction":[{"@type":"SearchAction","target":{"@type":"EntryPoint","urlTemplate":"https:\/\/www.hods.eu\/pt-pt\/?s={search_term_string}"},"query-input":{"@type":"PropertyValueSpecification","valueRequired":true,"valueName":"search_term_string"}}],"inLanguage":"pt-PT"},{"@type":"Organization","@id":"https:\/\/www.hods.eu\/pt-pt\/#organization","name":"HODS","url":"https:\/\/www.hods.eu\/pt-pt\/","logo":{"@type":"ImageObject","inLanguage":"pt-PT","@id":"https:\/\/www.hods.eu\/pt-pt\/#\/schema\/logo\/image\/","url":"https:\/\/www.hods.eu\/wp-content\/uploads\/hods-completo-blanco2.jpg","contentUrl":"https:\/\/www.hods.eu\/wp-content\/uploads\/hods-completo-blanco2.jpg","width":500,"height":179,"caption":"HODS"},"image":{"@id":"https:\/\/www.hods.eu\/pt-pt\/#\/schema\/logo\/image\/"}}]}},"_links":{"self":[{"href":"https:\/\/www.hods.eu\/pt-pt\/wp-json\/wp\/v2\/product\/19158","targetHints":{"allow":["GET"]}}],"collection":[{"href":"https:\/\/www.hods.eu\/pt-pt\/wp-json\/wp\/v2\/product"}],"about":[{"href":"https:\/\/www.hods.eu\/pt-pt\/wp-json\/wp\/v2\/types\/product"}],"wp:featuredmedia":[{"embeddable":true,"href":"https:\/\/www.hods.eu\/pt-pt\/wp-json\/wp\/v2\/media\/26647"}],"wp:attachment":[{"href":"https:\/\/www.hods.eu\/pt-pt\/wp-json\/wp\/v2\/media?parent=19158"}],"wp:term":[{"taxonomy":"product_brand","embeddable":true,"href":"https:\/\/www.hods.eu\/pt-pt\/wp-json\/wp\/v2\/product_brand?post=19158"},{"taxonomy":"product_cat","embeddable":true,"href":"https:\/\/www.hods.eu\/pt-pt\/wp-json\/wp\/v2\/product_cat?post=19158"},{"taxonomy":"product_tag","embeddable":true,"href":"https:\/\/www.hods.eu\/pt-pt\/wp-json\/wp\/v2\/product_tag?post=19158"}],"curies":[{"name":"wp","href":"https:\/\/api.w.org\/{rel}","templated":true}]}}