{"id":19151,"date":"2016-02-18T10:49:22","date_gmt":"2016-02-18T09:49:22","guid":{"rendered":"https:\/\/www.hods.eu\/producto\/tampa-5-galoes\/"},"modified":"2024-03-28T11:36:42","modified_gmt":"2024-03-28T10:36:42","slug":"tampa-5-galoes","status":"publish","type":"product","link":"https:\/\/www.hods.eu\/pt-pt\/productos\/tampa-5-galoes\/","title":{"rendered":"Tampa 5 Gal\u00f5es"},"content":{"rendered":"<h3 style=\"text-align: justify; color: #6d6d6d;\">Tampa 5 gal\u00f5es de alta qualidade. Fabricado com um anel duplo interno de TPE que permite, por um lado, ser uma rolha totalmente livre de CARBONAMIDADE AZ\u00d3DICA e, por outro lado, permite proporcionar uma SELAGEM TOTAL e herm\u00e9tica entre a tampa de 5 gal\u00f5es e o gargalo da <a href=\"https:\/\/www.hods.eu\/pt-pt\/productos\/garrafao-pet-18-9-litros\/\" target=\"_blank\" rel=\"noopener\">Garrafa PET<\/a>. Isto deve-se ao facto de vedar em duas zonas diferentes, ao contr\u00e1rio do resto das tampas existentes no mercado.<\/h3>\n<p style=\"text-align: justify; color: #6d6d6d;\">A nossa <strong>Tampa 5 gal\u00f5es<\/strong> \u00e9 submetida a rigorosos <strong>testes de gotejamento<\/strong> juntamente com a nossa <strong>Garrafa PET<\/strong> que garantem a alta qualidade do produto oferecido pela <strong>Garantia de Qualidade HODS<\/strong>. Com estes testes, evitam-se as m\u00e1s veda\u00e7\u00f5es e os derrames de \u00e1gua, com as poupan\u00e7as que isso implica. Cada lote de tampas \u00e9 <strong>certificado<\/strong> pela <strong>Aenor<\/strong>.<\/p>\n<p style=\"text-align: justify; color: #6d6d6d;\">A tampa \u00e9 feita de <strong>LLDPE<\/strong> (Polietileno Linear de Baixa Densidade). Al\u00e9m disso, \u00e9 sempre fabricado com materiais virgens que oferecem uma maior adaptabilidade no resultado final. Tamb\u00e9m cont\u00e9m uma v\u00e1lvula<strong> LLDPE<\/strong> (Polietileno de Baixa Densidade) melhorada com um maior retorno.<\/p>\n<p style=\"text-align: justify; color: #6d6d6d;\">Esta <strong>tampa de 5 gal\u00f5es<\/strong> \u00e9 adequada para qualquer <strong>garrafa<\/strong> destinada a <strong>distribuidores<\/strong> de \u00e1gua ou garrafa de bebedouro, ou seja, para garrafas com um gargalo de 55 mm de di\u00e2metro, pelo que pode ser adaptada \u00e0 nossa <strong>garrafa PET<\/strong> nos seus diferentes\u00a0formatos de <strong><a href=\"https:\/\/www.hods.eu\/pt-pt\/producto\/garrafao-pet-12-litros\/\">11,8 litros<\/a> <\/strong>a <strong><a href=\"https:\/\/www.hods.eu\/pt-pt\/producto\/garrafao-pet-20-litros\/\">20 litros<\/a>.<\/strong><\/p>\n<p style=\"text-align: justify; color: #6d6d6d;\">Al\u00e9m disso, oferecemos aos nossos clientes a possibilidade de poder <strong>personalizar<\/strong> <strong>a etiqueta na tampa<\/strong> para aumentar o posicionamento da sua marca no mercado.<\/p>\n<p><a href=\"https:\/\/watcool.com\/pt\/garrafoes-e-tampas\/43-tampa-5-galoes-para-garrafa-de-agua-50-unidades.html\" target=\"_blank\" rel=\"noopener\">Watcool<\/a><\/p>\n","protected":false},"excerpt":{"rendered":"<p><img decoding=\"async\" src=\"https:\/\/www.hods.eu\/wp-content\/uploads\/aprovechaespacio.png\" border=\"0\" \/><span style=\"color: #6d6d6d;\">Fabricado en <strong>LLDPE<\/strong>. Material virgem com <strong>maior adaptabilidade<\/strong>.<\/span><\/p>\n<p><img decoding=\"async\" src=\"https:\/\/www.hods.eu\/wp-content\/uploads\/azodicarbonamida.png\" border=\"0\" \/><span style=\"color: #6d6d6d;\">Duplo anel interno de <strong>TPE sem azodicarbonamida<\/strong>.<\/span><\/p>\n<p><img decoding=\"async\" src=\"https:\/\/www.hods.eu\/wp-content\/uploads\/impermeable.png\" border=\"0\" \/><span style=\"color: #6d6d6d;\"><strong>Duplo anel interno<\/strong> que duplica a veda\u00e7\u00e3o melhorando a impermeabiliza\u00e7\u00e3o.<\/span><\/p>\n<p><img decoding=\"async\" src=\"https:\/\/www.hods.eu\/wp-content\/uploads\/botellon.png\" border=\"0\" \/><span style=\"color: #6d6d6d;\">Adequado para garrafas com <strong>gargalo de 55 mil\u00edmetros<\/strong>.<\/span><\/p>\n<p><img decoding=\"async\" src=\"https:\/\/www.hods.eu\/wp-content\/uploads\/valvula.png\" border=\"0\" \/><span style=\"color: #6d6d6d;\">Percentagem muito elevada de <strong>retorno<\/strong> das v\u00e1lvulas, verificada pela an\u00e1lise t\u00e9cnica rigorosa realizada em cada lote de produto fabricado.<\/span><\/p>\n<p><img decoding=\"async\" src=\"https:\/\/www.hods.eu\/wp-content\/uploads\/estabilidad.png\" border=\"0\" \/><span style=\"color: #6d6d6d;\">Certificado por <strong>Aenor<\/strong>.<\/span><\/p>\n<p>&nbsp;<\/p>\n<p>&nbsp;<\/p>\n<p><span style=\"color: #6d6d6d;\"><strong>Comprar na loja online <a href=\"https:\/\/watcool.com\/pt\/garrafoes-e-tampas\/43-tampa-5-galoes.html\" target=\"_blank\" rel=\"noopener\"><img loading=\"lazy\" decoding=\"async\" class=\"alignnone wp-image-30290\" title=\"watcool\" src=\"https:\/\/www.hods.eu\/wp-content\/uploads\/web.jpg\" alt=\"watcool\" width=\"90\" height=\"18\" srcset=\"https:\/\/www.hods.eu\/wp-content\/uploads\/web.jpg 200w, https:\/\/www.hods.eu\/wp-content\/uploads\/web-150x30.jpg 150w\" sizes=\"auto, (max-width: 90px) 100vw, 90px\" \/><\/a><\/strong> <\/span><\/p>\n","protected":false},"featured_media":31148,"template":"","meta":[],"product_brand":[],"product_cat":[85],"product_tag":[],"class_list":{"0":"post-19151","1":"product","2":"type-product","3":"status-publish","4":"has-post-thumbnail","6":"product_cat-garrafoes-tampa","8":"first","9":"instock","10":"shipping-taxable","11":"product-type-simple"},"yoast_head":"<!-- This site is optimized with the Yoast SEO plugin v27.3 - https:\/\/yoast.com\/product\/yoast-seo-wordpress\/ -->\n<title>Tampa 5 Gal\u00f5es para garrafas de grande formato - HODS<\/title>\n<meta name=\"description\" content=\"Tampa 5 Gal\u00f5es de grande qualidade, fabricado com um duplo anel interno TPE que permite ser uma tampa livre de CARBONAMIDADE AZ\u00d3DICA.\" \/>\n<meta name=\"robots\" content=\"index, follow, max-snippet:-1, max-image-preview:large, max-video-preview:-1\" \/>\n<link rel=\"canonical\" href=\"https:\/\/www.hods.eu\/pt-pt\/productos\/tampa-5-galoes\/\" \/>\n<meta property=\"og:locale\" content=\"pt_PT\" \/>\n<meta property=\"og:type\" content=\"article\" \/>\n<meta property=\"og:title\" content=\"Tampa 5 Gal\u00f5es para garrafas de grande formato - HODS\" \/>\n<meta property=\"og:description\" content=\"Tampa 5 Gal\u00f5es de grande qualidade, fabricado com um duplo anel interno TPE que permite ser uma tampa livre de CARBONAMIDADE AZ\u00d3DICA.\" \/>\n<meta property=\"og:url\" content=\"https:\/\/www.hods.eu\/pt-pt\/productos\/tampa-5-galoes\/\" \/>\n<meta property=\"og:site_name\" content=\"HODS\" \/>\n<meta property=\"article:modified_time\" content=\"2024-03-28T10:36:42+00:00\" \/>\n<meta property=\"og:image\" content=\"https:\/\/www.hods.eu\/wp-content\/uploads\/tapon-hods-th5101-valvula.gif\" \/>\n\t<meta property=\"og:image:width\" content=\"800\" \/>\n\t<meta property=\"og:image:height\" content=\"900\" \/>\n\t<meta property=\"og:image:type\" content=\"image\/gif\" \/>\n<meta name=\"twitter:card\" content=\"summary_large_image\" \/>\n<meta name=\"twitter:label1\" content=\"Tempo estimado de leitura\" \/>\n\t<meta name=\"twitter:data1\" content=\"1 minuto\" \/>\n<script type=\"application\/ld+json\" class=\"yoast-schema-graph\">{\"@context\":\"https:\\\/\\\/schema.org\",\"@graph\":[{\"@type\":\"WebPage\",\"@id\":\"https:\\\/\\\/www.hods.eu\\\/pt-pt\\\/productos\\\/tampa-5-galoes\\\/\",\"url\":\"https:\\\/\\\/www.hods.eu\\\/pt-pt\\\/productos\\\/tampa-5-galoes\\\/\",\"name\":\"Tampa 5 Gal\u00f5es para garrafas de grande formato - HODS\",\"isPartOf\":{\"@id\":\"https:\\\/\\\/www.hods.eu\\\/pt-pt\\\/#website\"},\"primaryImageOfPage\":{\"@id\":\"https:\\\/\\\/www.hods.eu\\\/pt-pt\\\/productos\\\/tampa-5-galoes\\\/#primaryimage\"},\"image\":{\"@id\":\"https:\\\/\\\/www.hods.eu\\\/pt-pt\\\/productos\\\/tampa-5-galoes\\\/#primaryimage\"},\"thumbnailUrl\":\"https:\\\/\\\/www.hods.eu\\\/wp-content\\\/uploads\\\/tapon-hods-th5101-valvula.gif\",\"datePublished\":\"2016-02-18T09:49:22+00:00\",\"dateModified\":\"2024-03-28T10:36:42+00:00\",\"description\":\"Tampa 5 Gal\u00f5es de grande qualidade, fabricado com um duplo anel interno TPE que permite ser uma tampa livre de CARBONAMIDADE AZ\u00d3DICA.\",\"breadcrumb\":{\"@id\":\"https:\\\/\\\/www.hods.eu\\\/pt-pt\\\/productos\\\/tampa-5-galoes\\\/#breadcrumb\"},\"inLanguage\":\"pt-PT\",\"potentialAction\":[{\"@type\":\"ReadAction\",\"target\":[\"https:\\\/\\\/www.hods.eu\\\/pt-pt\\\/productos\\\/tampa-5-galoes\\\/\"]}]},{\"@type\":\"ImageObject\",\"inLanguage\":\"pt-PT\",\"@id\":\"https:\\\/\\\/www.hods.eu\\\/pt-pt\\\/productos\\\/tampa-5-galoes\\\/#primaryimage\",\"url\":\"https:\\\/\\\/www.hods.eu\\\/wp-content\\\/uploads\\\/tapon-hods-th5101-valvula.gif\",\"contentUrl\":\"https:\\\/\\\/www.hods.eu\\\/wp-content\\\/uploads\\\/tapon-hods-th5101-valvula.gif\",\"width\":800,\"height\":900,\"caption\":\"Tap\u00f3n 5 galones\"},{\"@type\":\"BreadcrumbList\",\"@id\":\"https:\\\/\\\/www.hods.eu\\\/pt-pt\\\/productos\\\/tampa-5-galoes\\\/#breadcrumb\",\"itemListElement\":[{\"@type\":\"ListItem\",\"position\":1,\"name\":\"Portada\",\"item\":\"https:\\\/\\\/www.hods.eu\\\/pt-pt\\\/\"},{\"@type\":\"ListItem\",\"position\":2,\"name\":\"Tienda\",\"item\":\"https:\\\/\\\/www.hods.eu\\\/tienda\\\/\"},{\"@type\":\"ListItem\",\"position\":3,\"name\":\"Tampa 5 Gal\u00f5es\"}]},{\"@type\":\"WebSite\",\"@id\":\"https:\\\/\\\/www.hods.eu\\\/pt-pt\\\/#website\",\"url\":\"https:\\\/\\\/www.hods.eu\\\/pt-pt\\\/\",\"name\":\"HODS\",\"description\":\"water? drink with us\",\"publisher\":{\"@id\":\"https:\\\/\\\/www.hods.eu\\\/pt-pt\\\/#organization\"},\"potentialAction\":[{\"@type\":\"SearchAction\",\"target\":{\"@type\":\"EntryPoint\",\"urlTemplate\":\"https:\\\/\\\/www.hods.eu\\\/pt-pt\\\/?s={search_term_string}\"},\"query-input\":{\"@type\":\"PropertyValueSpecification\",\"valueRequired\":true,\"valueName\":\"search_term_string\"}}],\"inLanguage\":\"pt-PT\"},{\"@type\":\"Organization\",\"@id\":\"https:\\\/\\\/www.hods.eu\\\/pt-pt\\\/#organization\",\"name\":\"HODS\",\"url\":\"https:\\\/\\\/www.hods.eu\\\/pt-pt\\\/\",\"logo\":{\"@type\":\"ImageObject\",\"inLanguage\":\"pt-PT\",\"@id\":\"https:\\\/\\\/www.hods.eu\\\/pt-pt\\\/#\\\/schema\\\/logo\\\/image\\\/\",\"url\":\"https:\\\/\\\/www.hods.eu\\\/wp-content\\\/uploads\\\/hods-completo-blanco2.jpg\",\"contentUrl\":\"https:\\\/\\\/www.hods.eu\\\/wp-content\\\/uploads\\\/hods-completo-blanco2.jpg\",\"width\":500,\"height\":179,\"caption\":\"HODS\"},\"image\":{\"@id\":\"https:\\\/\\\/www.hods.eu\\\/pt-pt\\\/#\\\/schema\\\/logo\\\/image\\\/\"}}]}<\/script>\n<!-- \/ Yoast SEO plugin. -->","yoast_head_json":{"title":"Tampa 5 Gal\u00f5es para garrafas de grande formato - HODS","description":"Tampa 5 Gal\u00f5es de grande qualidade, fabricado com um duplo anel interno TPE que permite ser uma tampa livre de CARBONAMIDADE AZ\u00d3DICA.","robots":{"index":"index","follow":"follow","max-snippet":"max-snippet:-1","max-image-preview":"max-image-preview:large","max-video-preview":"max-video-preview:-1"},"canonical":"https:\/\/www.hods.eu\/pt-pt\/productos\/tampa-5-galoes\/","og_locale":"pt_PT","og_type":"article","og_title":"Tampa 5 Gal\u00f5es para garrafas de grande formato - HODS","og_description":"Tampa 5 Gal\u00f5es de grande qualidade, fabricado com um duplo anel interno TPE que permite ser uma tampa livre de CARBONAMIDADE AZ\u00d3DICA.","og_url":"https:\/\/www.hods.eu\/pt-pt\/productos\/tampa-5-galoes\/","og_site_name":"HODS","article_modified_time":"2024-03-28T10:36:42+00:00","og_image":[{"width":800,"height":900,"url":"https:\/\/www.hods.eu\/wp-content\/uploads\/tapon-hods-th5101-valvula.gif","type":"image\/gif"}],"twitter_card":"summary_large_image","twitter_misc":{"Tempo estimado de leitura":"1 minuto"},"schema":{"@context":"https:\/\/schema.org","@graph":[{"@type":"WebPage","@id":"https:\/\/www.hods.eu\/pt-pt\/productos\/tampa-5-galoes\/","url":"https:\/\/www.hods.eu\/pt-pt\/productos\/tampa-5-galoes\/","name":"Tampa 5 Gal\u00f5es para garrafas de grande formato - HODS","isPartOf":{"@id":"https:\/\/www.hods.eu\/pt-pt\/#website"},"primaryImageOfPage":{"@id":"https:\/\/www.hods.eu\/pt-pt\/productos\/tampa-5-galoes\/#primaryimage"},"image":{"@id":"https:\/\/www.hods.eu\/pt-pt\/productos\/tampa-5-galoes\/#primaryimage"},"thumbnailUrl":"https:\/\/www.hods.eu\/wp-content\/uploads\/tapon-hods-th5101-valvula.gif","datePublished":"2016-02-18T09:49:22+00:00","dateModified":"2024-03-28T10:36:42+00:00","description":"Tampa 5 Gal\u00f5es de grande qualidade, fabricado com um duplo anel interno TPE que permite ser uma tampa livre de CARBONAMIDADE AZ\u00d3DICA.","breadcrumb":{"@id":"https:\/\/www.hods.eu\/pt-pt\/productos\/tampa-5-galoes\/#breadcrumb"},"inLanguage":"pt-PT","potentialAction":[{"@type":"ReadAction","target":["https:\/\/www.hods.eu\/pt-pt\/productos\/tampa-5-galoes\/"]}]},{"@type":"ImageObject","inLanguage":"pt-PT","@id":"https:\/\/www.hods.eu\/pt-pt\/productos\/tampa-5-galoes\/#primaryimage","url":"https:\/\/www.hods.eu\/wp-content\/uploads\/tapon-hods-th5101-valvula.gif","contentUrl":"https:\/\/www.hods.eu\/wp-content\/uploads\/tapon-hods-th5101-valvula.gif","width":800,"height":900,"caption":"Tap\u00f3n 5 galones"},{"@type":"BreadcrumbList","@id":"https:\/\/www.hods.eu\/pt-pt\/productos\/tampa-5-galoes\/#breadcrumb","itemListElement":[{"@type":"ListItem","position":1,"name":"Portada","item":"https:\/\/www.hods.eu\/pt-pt\/"},{"@type":"ListItem","position":2,"name":"Tienda","item":"https:\/\/www.hods.eu\/tienda\/"},{"@type":"ListItem","position":3,"name":"Tampa 5 Gal\u00f5es"}]},{"@type":"WebSite","@id":"https:\/\/www.hods.eu\/pt-pt\/#website","url":"https:\/\/www.hods.eu\/pt-pt\/","name":"HODS","description":"water? drink with us","publisher":{"@id":"https:\/\/www.hods.eu\/pt-pt\/#organization"},"potentialAction":[{"@type":"SearchAction","target":{"@type":"EntryPoint","urlTemplate":"https:\/\/www.hods.eu\/pt-pt\/?s={search_term_string}"},"query-input":{"@type":"PropertyValueSpecification","valueRequired":true,"valueName":"search_term_string"}}],"inLanguage":"pt-PT"},{"@type":"Organization","@id":"https:\/\/www.hods.eu\/pt-pt\/#organization","name":"HODS","url":"https:\/\/www.hods.eu\/pt-pt\/","logo":{"@type":"ImageObject","inLanguage":"pt-PT","@id":"https:\/\/www.hods.eu\/pt-pt\/#\/schema\/logo\/image\/","url":"https:\/\/www.hods.eu\/wp-content\/uploads\/hods-completo-blanco2.jpg","contentUrl":"https:\/\/www.hods.eu\/wp-content\/uploads\/hods-completo-blanco2.jpg","width":500,"height":179,"caption":"HODS"},"image":{"@id":"https:\/\/www.hods.eu\/pt-pt\/#\/schema\/logo\/image\/"}}]}},"_links":{"self":[{"href":"https:\/\/www.hods.eu\/pt-pt\/wp-json\/wp\/v2\/product\/19151","targetHints":{"allow":["GET"]}}],"collection":[{"href":"https:\/\/www.hods.eu\/pt-pt\/wp-json\/wp\/v2\/product"}],"about":[{"href":"https:\/\/www.hods.eu\/pt-pt\/wp-json\/wp\/v2\/types\/product"}],"wp:featuredmedia":[{"embeddable":true,"href":"https:\/\/www.hods.eu\/pt-pt\/wp-json\/wp\/v2\/media\/31148"}],"wp:attachment":[{"href":"https:\/\/www.hods.eu\/pt-pt\/wp-json\/wp\/v2\/media?parent=19151"}],"wp:term":[{"taxonomy":"product_brand","embeddable":true,"href":"https:\/\/www.hods.eu\/pt-pt\/wp-json\/wp\/v2\/product_brand?post=19151"},{"taxonomy":"product_cat","embeddable":true,"href":"https:\/\/www.hods.eu\/pt-pt\/wp-json\/wp\/v2\/product_cat?post=19151"},{"taxonomy":"product_tag","embeddable":true,"href":"https:\/\/www.hods.eu\/pt-pt\/wp-json\/wp\/v2\/product_tag?post=19151"}],"curies":[{"name":"wp","href":"https:\/\/api.w.org\/{rel}","templated":true}]}}