{"id":19147,"date":"2016-02-18T10:54:45","date_gmt":"2016-02-18T09:54:45","guid":{"rendered":"https:\/\/www.hods.eu\/producto\/suporte-para-copos-transparente\/"},"modified":"2022-01-19T12:41:34","modified_gmt":"2022-01-19T11:41:34","slug":"suporte-para-copos-transparente","status":"publish","type":"product","link":"https:\/\/www.hods.eu\/pt-pt\/productos\/suporte-para-copos-transparente\/","title":{"rendered":"Suporte para copos transparente"},"content":{"rendered":"<h3 style=\"text-align: justify; color: #6d6d6d;\">Suporte para copos transparente de policarbonato de alta resist\u00eancia. Este material, permite coloc\u00e1-lo em qualquer m\u00e1quina, independentemente da cor e do design.<\/h3>\n<p style=\"text-align: justify; color: #6d6d6d;\">Est\u00e1 equipado com um suporte de fixa\u00e7\u00e3o em a\u00e7o de<strong> 1,5 mm de espessura<\/strong> rebitado no suporte para copos transparente. Como resultado, ele se presta bem \u00e0 m\u00e1quina, assim como <strong>tr\u00eas abas de a\u00e7o rebitadas de 0,05 mm<\/strong> de espessura para a dosagem de copos de pl\u00e1stico. Tanto o suporte como as abas de a\u00e7o foram submetidos a um <strong>tratamento cromado para as tornar mais duras e resistentes ao desgaste e \u00e0 corros\u00e3o<\/strong>. Este material cromado, assim como o Policarbonato em que \u00e9 feito o suporte da ch\u00e1vena, resulta num produto que resiste \u00e0 passagem do tempo.<\/p>\n<p style=\"text-align: justify; color: #6d6d6d;\">Estas novas <strong>abas de a\u00e7o de 12,9 mm de largura rebitadas<\/strong> no suporte do copo permitem uma extrac\u00e7\u00e3o eficiente de copo para copo. Como resultado, mais de um copo pode ser removido ao mesmo tempo. Al\u00e9m disso, tem uma capacidade de <strong>armazenamento de cerca de 90 copos<\/strong>.<\/p>\n<p style=\"text-align: justify; color: #6d6d6d;\">Por ser <strong>transparente<\/strong>, pode ser combinado com qualquer dispensador de \u00e1gua, tanto em <a href=\"https:\/\/www.hods.eu\/pt-pt\/producto\/elegance-branca\/\">branco<\/a> como em <a href=\"https:\/\/www.hods.eu\/pt-pt\/producto\/elegance-preta\/\">preto<\/a>. Todos os nossos dispensadores t\u00eam os guias preparados para poder colocar os porta-copos. Desta forma, s\u00e3o o complemento perfeito para qualquer fonte.<\/p>\n","protected":false},"excerpt":{"rendered":"<p><img decoding=\"async\" src=\"https:\/\/www.hods.eu\/wp-content\/uploads\/estabilidad.png\" border=\"0\" \/><span style=\"color: #6d6d6d;\">Feito de <strong>policarbonato<\/strong>.<\/span><\/p>\n<p><img decoding=\"async\" src=\"https:\/\/www.hods.eu\/wp-content\/uploads\/golpes.png\" border=\"0\" \/><span style=\"color: #6d6d6d;\">Material muito <strong>resistente<\/strong>.<\/span><\/p>\n<p><img decoding=\"async\" src=\"https:\/\/www.hods.eu\/wp-content\/uploads\/pestana-1.png\" border=\"0\" \/><span style=\"color: #6d6d6d;\">Pestanas rebitadas com <strong>maior espessura e largura<\/strong>.<\/span><\/p>\n<p><img decoding=\"async\" src=\"https:\/\/www.hods.eu\/wp-content\/uploads\/diseno.png\" border=\"0\" \/><span style=\"color: #6d6d6d;\">O <strong>design transparente<\/strong> pode ser combinado com qualquer dispensador.<\/span><\/p>\n<p>&nbsp;<\/p>\n<p>&nbsp;<\/p>\n<p><span style=\"color: #6d6d6d;\"><strong>Comprar na loja online <a href=\"https:\/\/watcool.com\/pt\/acessorios\/48-portavasos-transparente.html\" target=\"_blank\" rel=\"noopener\"><img loading=\"lazy\" decoding=\"async\" class=\"alignnone wp-image-30290\" title=\"watcool\" src=\"https:\/\/www.hods.eu\/wp-content\/uploads\/web.jpg\" alt=\"watcool\" width=\"90\" height=\"18\" srcset=\"https:\/\/www.hods.eu\/wp-content\/uploads\/web.jpg 200w, https:\/\/www.hods.eu\/wp-content\/uploads\/web-150x30.jpg 150w\" sizes=\"auto, (max-width: 90px) 100vw, 90px\" \/><\/a><\/strong> <\/span><\/p>\n","protected":false},"featured_media":26539,"template":"","meta":[],"product_brand":[],"product_cat":[84],"product_tag":[],"class_list":{"0":"post-19147","1":"product","2":"type-product","3":"status-publish","4":"has-post-thumbnail","6":"product_cat-acessorios","8":"first","9":"instock","10":"shipping-taxable","11":"product-type-simple"},"yoast_head":"<!-- This site is optimized with the Yoast SEO plugin v27.3 - https:\/\/yoast.com\/product\/yoast-seo-wordpress\/ -->\n<title>Suporte para copos transparente. Acess\u00f3rios para Distribuidores - HODS<\/title>\n<meta name=\"description\" content=\"Suporte para copos transparente de policarbonato de alta resist\u00eancia. Este material, permite coloc\u00e1-lo em qualquer m\u00e1quina.\" \/>\n<meta name=\"robots\" content=\"index, follow, max-snippet:-1, max-image-preview:large, max-video-preview:-1\" \/>\n<link rel=\"canonical\" href=\"https:\/\/www.hods.eu\/pt-pt\/productos\/suporte-para-copos-transparente\/\" \/>\n<meta property=\"og:locale\" content=\"pt_PT\" \/>\n<meta property=\"og:type\" content=\"article\" \/>\n<meta property=\"og:title\" content=\"Suporte para copos transparente. Acess\u00f3rios para Distribuidores - HODS\" \/>\n<meta property=\"og:description\" content=\"Suporte para copos transparente de policarbonato de alta resist\u00eancia. Este material, permite coloc\u00e1-lo em qualquer m\u00e1quina.\" \/>\n<meta property=\"og:url\" content=\"https:\/\/www.hods.eu\/pt-pt\/productos\/suporte-para-copos-transparente\/\" \/>\n<meta property=\"og:site_name\" content=\"HODS\" \/>\n<meta property=\"article:modified_time\" content=\"2022-01-19T11:41:34+00:00\" \/>\n<meta property=\"og:image\" content=\"https:\/\/www.hods.eu\/wp-content\/uploads\/portavasos_hods_web_01.jpg\" \/>\n\t<meta property=\"og:image:width\" content=\"768\" \/>\n\t<meta property=\"og:image:height\" content=\"1024\" \/>\n\t<meta property=\"og:image:type\" content=\"image\/jpeg\" \/>\n<meta name=\"twitter:card\" content=\"summary_large_image\" \/>\n<meta name=\"twitter:label1\" content=\"Tempo estimado de leitura\" \/>\n\t<meta name=\"twitter:data1\" content=\"1 minuto\" \/>\n<script type=\"application\/ld+json\" class=\"yoast-schema-graph\">{\"@context\":\"https:\\\/\\\/schema.org\",\"@graph\":[{\"@type\":\"WebPage\",\"@id\":\"https:\\\/\\\/www.hods.eu\\\/pt-pt\\\/productos\\\/suporte-para-copos-transparente\\\/\",\"url\":\"https:\\\/\\\/www.hods.eu\\\/pt-pt\\\/productos\\\/suporte-para-copos-transparente\\\/\",\"name\":\"Suporte para copos transparente. Acess\u00f3rios para Distribuidores - HODS\",\"isPartOf\":{\"@id\":\"https:\\\/\\\/www.hods.eu\\\/pt-pt\\\/#website\"},\"primaryImageOfPage\":{\"@id\":\"https:\\\/\\\/www.hods.eu\\\/pt-pt\\\/productos\\\/suporte-para-copos-transparente\\\/#primaryimage\"},\"image\":{\"@id\":\"https:\\\/\\\/www.hods.eu\\\/pt-pt\\\/productos\\\/suporte-para-copos-transparente\\\/#primaryimage\"},\"thumbnailUrl\":\"https:\\\/\\\/www.hods.eu\\\/wp-content\\\/uploads\\\/portavasos_hods_web_01.jpg\",\"datePublished\":\"2016-02-18T09:54:45+00:00\",\"dateModified\":\"2022-01-19T11:41:34+00:00\",\"description\":\"Suporte para copos transparente de policarbonato de alta resist\u00eancia. Este material, permite coloc\u00e1-lo em qualquer m\u00e1quina.\",\"breadcrumb\":{\"@id\":\"https:\\\/\\\/www.hods.eu\\\/pt-pt\\\/productos\\\/suporte-para-copos-transparente\\\/#breadcrumb\"},\"inLanguage\":\"pt-PT\",\"potentialAction\":[{\"@type\":\"ReadAction\",\"target\":[\"https:\\\/\\\/www.hods.eu\\\/pt-pt\\\/productos\\\/suporte-para-copos-transparente\\\/\"]}]},{\"@type\":\"ImageObject\",\"inLanguage\":\"pt-PT\",\"@id\":\"https:\\\/\\\/www.hods.eu\\\/pt-pt\\\/productos\\\/suporte-para-copos-transparente\\\/#primaryimage\",\"url\":\"https:\\\/\\\/www.hods.eu\\\/wp-content\\\/uploads\\\/portavasos_hods_web_01.jpg\",\"contentUrl\":\"https:\\\/\\\/www.hods.eu\\\/wp-content\\\/uploads\\\/portavasos_hods_web_01.jpg\",\"width\":768,\"height\":1024,\"caption\":\"Suporte para copos de PC muito resistente. Com fixa\u00e7\u00e3o de a\u00e7o e tratamento cromado que proporciona maior dureza, resist\u00eancia ao desgaste e \u00e0 corros\u00e3o. Barras rebitadas mais largas.\"},{\"@type\":\"BreadcrumbList\",\"@id\":\"https:\\\/\\\/www.hods.eu\\\/pt-pt\\\/productos\\\/suporte-para-copos-transparente\\\/#breadcrumb\",\"itemListElement\":[{\"@type\":\"ListItem\",\"position\":1,\"name\":\"Portada\",\"item\":\"https:\\\/\\\/www.hods.eu\\\/pt-pt\\\/\"},{\"@type\":\"ListItem\",\"position\":2,\"name\":\"Tienda\",\"item\":\"https:\\\/\\\/www.hods.eu\\\/tienda\\\/\"},{\"@type\":\"ListItem\",\"position\":3,\"name\":\"Suporte para copos transparente\"}]},{\"@type\":\"WebSite\",\"@id\":\"https:\\\/\\\/www.hods.eu\\\/pt-pt\\\/#website\",\"url\":\"https:\\\/\\\/www.hods.eu\\\/pt-pt\\\/\",\"name\":\"HODS\",\"description\":\"water? drink with us\",\"publisher\":{\"@id\":\"https:\\\/\\\/www.hods.eu\\\/pt-pt\\\/#organization\"},\"potentialAction\":[{\"@type\":\"SearchAction\",\"target\":{\"@type\":\"EntryPoint\",\"urlTemplate\":\"https:\\\/\\\/www.hods.eu\\\/pt-pt\\\/?s={search_term_string}\"},\"query-input\":{\"@type\":\"PropertyValueSpecification\",\"valueRequired\":true,\"valueName\":\"search_term_string\"}}],\"inLanguage\":\"pt-PT\"},{\"@type\":\"Organization\",\"@id\":\"https:\\\/\\\/www.hods.eu\\\/pt-pt\\\/#organization\",\"name\":\"HODS\",\"url\":\"https:\\\/\\\/www.hods.eu\\\/pt-pt\\\/\",\"logo\":{\"@type\":\"ImageObject\",\"inLanguage\":\"pt-PT\",\"@id\":\"https:\\\/\\\/www.hods.eu\\\/pt-pt\\\/#\\\/schema\\\/logo\\\/image\\\/\",\"url\":\"https:\\\/\\\/www.hods.eu\\\/wp-content\\\/uploads\\\/hods-completo-blanco2.jpg\",\"contentUrl\":\"https:\\\/\\\/www.hods.eu\\\/wp-content\\\/uploads\\\/hods-completo-blanco2.jpg\",\"width\":500,\"height\":179,\"caption\":\"HODS\"},\"image\":{\"@id\":\"https:\\\/\\\/www.hods.eu\\\/pt-pt\\\/#\\\/schema\\\/logo\\\/image\\\/\"}}]}<\/script>\n<!-- \/ Yoast SEO plugin. -->","yoast_head_json":{"title":"Suporte para copos transparente. Acess\u00f3rios para Distribuidores - HODS","description":"Suporte para copos transparente de policarbonato de alta resist\u00eancia. Este material, permite coloc\u00e1-lo em qualquer m\u00e1quina.","robots":{"index":"index","follow":"follow","max-snippet":"max-snippet:-1","max-image-preview":"max-image-preview:large","max-video-preview":"max-video-preview:-1"},"canonical":"https:\/\/www.hods.eu\/pt-pt\/productos\/suporte-para-copos-transparente\/","og_locale":"pt_PT","og_type":"article","og_title":"Suporte para copos transparente. Acess\u00f3rios para Distribuidores - HODS","og_description":"Suporte para copos transparente de policarbonato de alta resist\u00eancia. Este material, permite coloc\u00e1-lo em qualquer m\u00e1quina.","og_url":"https:\/\/www.hods.eu\/pt-pt\/productos\/suporte-para-copos-transparente\/","og_site_name":"HODS","article_modified_time":"2022-01-19T11:41:34+00:00","og_image":[{"width":768,"height":1024,"url":"https:\/\/www.hods.eu\/wp-content\/uploads\/portavasos_hods_web_01.jpg","type":"image\/jpeg"}],"twitter_card":"summary_large_image","twitter_misc":{"Tempo estimado de leitura":"1 minuto"},"schema":{"@context":"https:\/\/schema.org","@graph":[{"@type":"WebPage","@id":"https:\/\/www.hods.eu\/pt-pt\/productos\/suporte-para-copos-transparente\/","url":"https:\/\/www.hods.eu\/pt-pt\/productos\/suporte-para-copos-transparente\/","name":"Suporte para copos transparente. Acess\u00f3rios para Distribuidores - HODS","isPartOf":{"@id":"https:\/\/www.hods.eu\/pt-pt\/#website"},"primaryImageOfPage":{"@id":"https:\/\/www.hods.eu\/pt-pt\/productos\/suporte-para-copos-transparente\/#primaryimage"},"image":{"@id":"https:\/\/www.hods.eu\/pt-pt\/productos\/suporte-para-copos-transparente\/#primaryimage"},"thumbnailUrl":"https:\/\/www.hods.eu\/wp-content\/uploads\/portavasos_hods_web_01.jpg","datePublished":"2016-02-18T09:54:45+00:00","dateModified":"2022-01-19T11:41:34+00:00","description":"Suporte para copos transparente de policarbonato de alta resist\u00eancia. Este material, permite coloc\u00e1-lo em qualquer m\u00e1quina.","breadcrumb":{"@id":"https:\/\/www.hods.eu\/pt-pt\/productos\/suporte-para-copos-transparente\/#breadcrumb"},"inLanguage":"pt-PT","potentialAction":[{"@type":"ReadAction","target":["https:\/\/www.hods.eu\/pt-pt\/productos\/suporte-para-copos-transparente\/"]}]},{"@type":"ImageObject","inLanguage":"pt-PT","@id":"https:\/\/www.hods.eu\/pt-pt\/productos\/suporte-para-copos-transparente\/#primaryimage","url":"https:\/\/www.hods.eu\/wp-content\/uploads\/portavasos_hods_web_01.jpg","contentUrl":"https:\/\/www.hods.eu\/wp-content\/uploads\/portavasos_hods_web_01.jpg","width":768,"height":1024,"caption":"Suporte para copos de PC muito resistente. Com fixa\u00e7\u00e3o de a\u00e7o e tratamento cromado que proporciona maior dureza, resist\u00eancia ao desgaste e \u00e0 corros\u00e3o. Barras rebitadas mais largas."},{"@type":"BreadcrumbList","@id":"https:\/\/www.hods.eu\/pt-pt\/productos\/suporte-para-copos-transparente\/#breadcrumb","itemListElement":[{"@type":"ListItem","position":1,"name":"Portada","item":"https:\/\/www.hods.eu\/pt-pt\/"},{"@type":"ListItem","position":2,"name":"Tienda","item":"https:\/\/www.hods.eu\/tienda\/"},{"@type":"ListItem","position":3,"name":"Suporte para copos transparente"}]},{"@type":"WebSite","@id":"https:\/\/www.hods.eu\/pt-pt\/#website","url":"https:\/\/www.hods.eu\/pt-pt\/","name":"HODS","description":"water? drink with us","publisher":{"@id":"https:\/\/www.hods.eu\/pt-pt\/#organization"},"potentialAction":[{"@type":"SearchAction","target":{"@type":"EntryPoint","urlTemplate":"https:\/\/www.hods.eu\/pt-pt\/?s={search_term_string}"},"query-input":{"@type":"PropertyValueSpecification","valueRequired":true,"valueName":"search_term_string"}}],"inLanguage":"pt-PT"},{"@type":"Organization","@id":"https:\/\/www.hods.eu\/pt-pt\/#organization","name":"HODS","url":"https:\/\/www.hods.eu\/pt-pt\/","logo":{"@type":"ImageObject","inLanguage":"pt-PT","@id":"https:\/\/www.hods.eu\/pt-pt\/#\/schema\/logo\/image\/","url":"https:\/\/www.hods.eu\/wp-content\/uploads\/hods-completo-blanco2.jpg","contentUrl":"https:\/\/www.hods.eu\/wp-content\/uploads\/hods-completo-blanco2.jpg","width":500,"height":179,"caption":"HODS"},"image":{"@id":"https:\/\/www.hods.eu\/pt-pt\/#\/schema\/logo\/image\/"}}]}},"_links":{"self":[{"href":"https:\/\/www.hods.eu\/pt-pt\/wp-json\/wp\/v2\/product\/19147","targetHints":{"allow":["GET"]}}],"collection":[{"href":"https:\/\/www.hods.eu\/pt-pt\/wp-json\/wp\/v2\/product"}],"about":[{"href":"https:\/\/www.hods.eu\/pt-pt\/wp-json\/wp\/v2\/types\/product"}],"wp:featuredmedia":[{"embeddable":true,"href":"https:\/\/www.hods.eu\/pt-pt\/wp-json\/wp\/v2\/media\/26539"}],"wp:attachment":[{"href":"https:\/\/www.hods.eu\/pt-pt\/wp-json\/wp\/v2\/media?parent=19147"}],"wp:term":[{"taxonomy":"product_brand","embeddable":true,"href":"https:\/\/www.hods.eu\/pt-pt\/wp-json\/wp\/v2\/product_brand?post=19147"},{"taxonomy":"product_cat","embeddable":true,"href":"https:\/\/www.hods.eu\/pt-pt\/wp-json\/wp\/v2\/product_cat?post=19147"},{"taxonomy":"product_tag","embeddable":true,"href":"https:\/\/www.hods.eu\/pt-pt\/wp-json\/wp\/v2\/product_tag?post=19147"}],"curies":[{"name":"wp","href":"https:\/\/api.w.org\/{rel}","templated":true}]}}