{"id":19145,"date":"2016-02-18T10:55:44","date_gmt":"2016-02-18T09:55:44","guid":{"rendered":"https:\/\/www.hods.eu\/producto\/coletor-de-copos\/"},"modified":"2022-01-19T12:41:20","modified_gmt":"2022-01-19T11:41:20","slug":"coletor-de-copos","status":"publish","type":"product","link":"https:\/\/www.hods.eu\/pt-pt\/productos\/coletor-de-copos\/","title":{"rendered":"Coletor de copos"},"content":{"rendered":"<h3 style=\"text-align: justify; color: #6d6d6d;\">Coletor de copos descart\u00e1veis que permite reduzir o espa\u00e7o dos copos de pl\u00e1stico \u00e0 medida que s\u00e3o utilizados. Pode armazenar at\u00e9 120 copos na vertical e de forma limpa, para um lado do distribuidor de \u00e1gua e evitando ter um cesto cheio de copos descart\u00e1veis.<\/h3>\n<p style=\"text-align: justify; color: #6d6d6d;\">O material em que \u00e9 feito o <strong>Coletor de copos<\/strong> \u00e9 <strong>policarbonato transparente<\/strong> altamente resistente com acabamento branco. Portanto, este material transforma o coletor de copos descart\u00e1veis em um produto altamente <strong>resistente<\/strong> e duradouro. A base mant\u00e9m-na de p\u00e9, evitando assim ter de colocar parafusos nas tigelas. Al\u00e9m disso, \u00e9 leve, o que facilita o seu transporte.<\/p>\n<p style=\"text-align: justify; color: #6d6d6d;\">Ter o colector de copos ao lado de um distribuidor de \u00e1gua ajuda a organiza\u00e7\u00e3o. Al\u00e9m disso, permite o controle de res\u00edduos e, portanto, promove a reciclagem. Isto \u00e9 de vital import\u00e2ncia, uma vez que os copos de pl\u00e1stico de utiliza\u00e7\u00e3o \u00fanica geram uma grande quantidade de res\u00edduos. Com o coletor de copos, os copos s\u00e3o separados do resto do lixo que chega em um caixote do lixo comum.<\/p>\n<p style=\"text-align: justify; color: #6d6d6d;\">\u00c9 o complemento ideal para os nossos dispensadores de \u00e1gua branca. Por exemplo: <a href=\"https:\/\/www.hods.eu\/pt-pt\/producto\/elegance-branca\/\">Elegance Branca<\/a>, <a href=\"https:\/\/www.hods.eu\/pt-pt\/producto\/elegance-one-branca\/\">Elegance One Branca<\/a>, <a href=\"https:\/\/www.hods.eu\/pt-pt\/producto\/le-plein\/\">Le Plein<\/a> ou os modelos <a href=\"https:\/\/www.hods.eu\/pt-pt\/producto\/evosse-o3-up-branca\/\">Up<\/a> e <a href=\"https:\/\/www.hods.eu\/pt-pt\/producto\/evosse-o3-down-branca\/\">Down<\/a> da linha Evoss\u00e9 O<sub>3<\/sub>.<\/p>\n","protected":false},"excerpt":{"rendered":"<p><img decoding=\"async\" src=\"https:\/\/www.hods.eu\/wp-content\/uploads\/estabilidad.png\" border=\"0\" \/><span style=\"color: #6d6d6d;\">Feito de <strong>policarbonato<\/strong>.<\/span><\/p>\n<p><img decoding=\"async\" src=\"https:\/\/www.hods.eu\/wp-content\/uploads\/golpes.png\" border=\"0\" \/><span style=\"color: #6d6d6d;\">Material muito <strong>resistente<\/strong>.<\/span><\/p>\n<p><img decoding=\"async\" src=\"https:\/\/www.hods.eu\/wp-content\/uploads\/vasos.png\" border=\"0\" \/><span style=\"color: #6d6d6d;\"><strong>Capacidade<\/strong> para at\u00e9<strong> 120 copos<\/strong>.<\/span><\/p>\n<p><img decoding=\"async\" src=\"https:\/\/www.hods.eu\/wp-content\/uploads\/reciclaje.png\" border=\"0\" \/><span style=\"color: #6d6d6d;\">Ajuda a organizar e reciclar.<\/span><\/p>\n<p>&nbsp;<\/p>\n<p>&nbsp;<\/p>\n<p><span style=\"color: #6d6d6d;\"><strong>Comprar na loja online <a href=\"https:\/\/watcool.com\/pt\/acessorios\/49-coletor-copos.html\" target=\"_blank\" rel=\"noopener\"><img loading=\"lazy\" decoding=\"async\" class=\"alignnone wp-image-30290\" title=\"watcool\" src=\"https:\/\/www.hods.eu\/wp-content\/uploads\/web.jpg\" alt=\"watcool\" width=\"90\" height=\"18\" srcset=\"https:\/\/www.hods.eu\/wp-content\/uploads\/web.jpg 200w, https:\/\/www.hods.eu\/wp-content\/uploads\/web-150x30.jpg 150w\" sizes=\"auto, (max-width: 90px) 100vw, 90px\" \/><\/a><\/strong> <\/span><\/p>\n","protected":false},"featured_media":26515,"template":"","meta":[],"product_brand":[],"product_cat":[84],"product_tag":[],"class_list":{"0":"post-19145","1":"product","2":"type-product","3":"status-publish","4":"has-post-thumbnail","6":"product_cat-acessorios","8":"first","9":"instock","10":"shipping-taxable","11":"product-type-simple"},"yoast_head":"<!-- This site is optimized with the Yoast SEO plugin v27.3 - https:\/\/yoast.com\/product\/yoast-seo-wordpress\/ -->\n<title>Coletor de copos descart\u00e1veis. Acess\u00f3rios para Distribuidores - HODS<\/title>\n<meta name=\"description\" content=\"Coletor de copos descart\u00e1veis que permite reduzir o espa\u00e7o dos copos \u00e0 medida que s\u00e3o utilizados. Ajuda a organizar e a reciclagem.\" \/>\n<meta name=\"robots\" content=\"index, follow, max-snippet:-1, max-image-preview:large, max-video-preview:-1\" \/>\n<link rel=\"canonical\" href=\"https:\/\/www.hods.eu\/pt-pt\/productos\/coletor-de-copos\/\" \/>\n<meta property=\"og:locale\" content=\"pt_PT\" \/>\n<meta property=\"og:type\" content=\"article\" \/>\n<meta property=\"og:title\" content=\"Coletor de copos descart\u00e1veis. Acess\u00f3rios para Distribuidores - HODS\" \/>\n<meta property=\"og:description\" content=\"Coletor de copos descart\u00e1veis que permite reduzir o espa\u00e7o dos copos \u00e0 medida que s\u00e3o utilizados. Ajuda a organizar e a reciclagem.\" \/>\n<meta property=\"og:url\" content=\"https:\/\/www.hods.eu\/pt-pt\/productos\/coletor-de-copos\/\" \/>\n<meta property=\"og:site_name\" content=\"HODS\" \/>\n<meta property=\"article:modified_time\" content=\"2022-01-19T11:41:20+00:00\" \/>\n<meta property=\"og:image\" content=\"https:\/\/www.hods.eu\/wp-content\/uploads\/colectorvasos_hods_web_01.jpg\" \/>\n\t<meta property=\"og:image:width\" content=\"768\" \/>\n\t<meta property=\"og:image:height\" content=\"1024\" \/>\n\t<meta property=\"og:image:type\" content=\"image\/jpeg\" \/>\n<meta name=\"twitter:card\" content=\"summary_large_image\" \/>\n<meta name=\"twitter:label1\" content=\"Tempo estimado de leitura\" \/>\n\t<meta name=\"twitter:data1\" content=\"1 minuto\" \/>\n<script type=\"application\/ld+json\" class=\"yoast-schema-graph\">{\"@context\":\"https:\\\/\\\/schema.org\",\"@graph\":[{\"@type\":\"WebPage\",\"@id\":\"https:\\\/\\\/www.hods.eu\\\/pt-pt\\\/productos\\\/coletor-de-copos\\\/\",\"url\":\"https:\\\/\\\/www.hods.eu\\\/pt-pt\\\/productos\\\/coletor-de-copos\\\/\",\"name\":\"Coletor de copos descart\u00e1veis. Acess\u00f3rios para Distribuidores - HODS\",\"isPartOf\":{\"@id\":\"https:\\\/\\\/www.hods.eu\\\/pt-pt\\\/#website\"},\"primaryImageOfPage\":{\"@id\":\"https:\\\/\\\/www.hods.eu\\\/pt-pt\\\/productos\\\/coletor-de-copos\\\/#primaryimage\"},\"image\":{\"@id\":\"https:\\\/\\\/www.hods.eu\\\/pt-pt\\\/productos\\\/coletor-de-copos\\\/#primaryimage\"},\"thumbnailUrl\":\"https:\\\/\\\/www.hods.eu\\\/wp-content\\\/uploads\\\/colectorvasos_hods_web_01.jpg\",\"datePublished\":\"2016-02-18T09:55:44+00:00\",\"dateModified\":\"2022-01-19T11:41:20+00:00\",\"description\":\"Coletor de copos descart\u00e1veis que permite reduzir o espa\u00e7o dos copos \u00e0 medida que s\u00e3o utilizados. Ajuda a organizar e a reciclagem.\",\"breadcrumb\":{\"@id\":\"https:\\\/\\\/www.hods.eu\\\/pt-pt\\\/productos\\\/coletor-de-copos\\\/#breadcrumb\"},\"inLanguage\":\"pt-PT\",\"potentialAction\":[{\"@type\":\"ReadAction\",\"target\":[\"https:\\\/\\\/www.hods.eu\\\/pt-pt\\\/productos\\\/coletor-de-copos\\\/\"]}]},{\"@type\":\"ImageObject\",\"inLanguage\":\"pt-PT\",\"@id\":\"https:\\\/\\\/www.hods.eu\\\/pt-pt\\\/productos\\\/coletor-de-copos\\\/#primaryimage\",\"url\":\"https:\\\/\\\/www.hods.eu\\\/wp-content\\\/uploads\\\/colectorvasos_hods_web_01.jpg\",\"contentUrl\":\"https:\\\/\\\/www.hods.eu\\\/wp-content\\\/uploads\\\/colectorvasos_hods_web_01.jpg\",\"width\":768,\"height\":1024,\"caption\":\"Colector de copos a ser colocado junto ao distribuidor de \u00e1gua para eliminar copos descart\u00e1veis.\"},{\"@type\":\"BreadcrumbList\",\"@id\":\"https:\\\/\\\/www.hods.eu\\\/pt-pt\\\/productos\\\/coletor-de-copos\\\/#breadcrumb\",\"itemListElement\":[{\"@type\":\"ListItem\",\"position\":1,\"name\":\"Portada\",\"item\":\"https:\\\/\\\/www.hods.eu\\\/pt-pt\\\/\"},{\"@type\":\"ListItem\",\"position\":2,\"name\":\"Tienda\",\"item\":\"https:\\\/\\\/www.hods.eu\\\/tienda\\\/\"},{\"@type\":\"ListItem\",\"position\":3,\"name\":\"Coletor de copos\"}]},{\"@type\":\"WebSite\",\"@id\":\"https:\\\/\\\/www.hods.eu\\\/pt-pt\\\/#website\",\"url\":\"https:\\\/\\\/www.hods.eu\\\/pt-pt\\\/\",\"name\":\"HODS\",\"description\":\"water? drink with us\",\"publisher\":{\"@id\":\"https:\\\/\\\/www.hods.eu\\\/pt-pt\\\/#organization\"},\"potentialAction\":[{\"@type\":\"SearchAction\",\"target\":{\"@type\":\"EntryPoint\",\"urlTemplate\":\"https:\\\/\\\/www.hods.eu\\\/pt-pt\\\/?s={search_term_string}\"},\"query-input\":{\"@type\":\"PropertyValueSpecification\",\"valueRequired\":true,\"valueName\":\"search_term_string\"}}],\"inLanguage\":\"pt-PT\"},{\"@type\":\"Organization\",\"@id\":\"https:\\\/\\\/www.hods.eu\\\/pt-pt\\\/#organization\",\"name\":\"HODS\",\"url\":\"https:\\\/\\\/www.hods.eu\\\/pt-pt\\\/\",\"logo\":{\"@type\":\"ImageObject\",\"inLanguage\":\"pt-PT\",\"@id\":\"https:\\\/\\\/www.hods.eu\\\/pt-pt\\\/#\\\/schema\\\/logo\\\/image\\\/\",\"url\":\"https:\\\/\\\/www.hods.eu\\\/wp-content\\\/uploads\\\/hods-completo-blanco2.jpg\",\"contentUrl\":\"https:\\\/\\\/www.hods.eu\\\/wp-content\\\/uploads\\\/hods-completo-blanco2.jpg\",\"width\":500,\"height\":179,\"caption\":\"HODS\"},\"image\":{\"@id\":\"https:\\\/\\\/www.hods.eu\\\/pt-pt\\\/#\\\/schema\\\/logo\\\/image\\\/\"}}]}<\/script>\n<!-- \/ Yoast SEO plugin. -->","yoast_head_json":{"title":"Coletor de copos descart\u00e1veis. Acess\u00f3rios para Distribuidores - HODS","description":"Coletor de copos descart\u00e1veis que permite reduzir o espa\u00e7o dos copos \u00e0 medida que s\u00e3o utilizados. Ajuda a organizar e a reciclagem.","robots":{"index":"index","follow":"follow","max-snippet":"max-snippet:-1","max-image-preview":"max-image-preview:large","max-video-preview":"max-video-preview:-1"},"canonical":"https:\/\/www.hods.eu\/pt-pt\/productos\/coletor-de-copos\/","og_locale":"pt_PT","og_type":"article","og_title":"Coletor de copos descart\u00e1veis. Acess\u00f3rios para Distribuidores - HODS","og_description":"Coletor de copos descart\u00e1veis que permite reduzir o espa\u00e7o dos copos \u00e0 medida que s\u00e3o utilizados. Ajuda a organizar e a reciclagem.","og_url":"https:\/\/www.hods.eu\/pt-pt\/productos\/coletor-de-copos\/","og_site_name":"HODS","article_modified_time":"2022-01-19T11:41:20+00:00","og_image":[{"width":768,"height":1024,"url":"https:\/\/www.hods.eu\/wp-content\/uploads\/colectorvasos_hods_web_01.jpg","type":"image\/jpeg"}],"twitter_card":"summary_large_image","twitter_misc":{"Tempo estimado de leitura":"1 minuto"},"schema":{"@context":"https:\/\/schema.org","@graph":[{"@type":"WebPage","@id":"https:\/\/www.hods.eu\/pt-pt\/productos\/coletor-de-copos\/","url":"https:\/\/www.hods.eu\/pt-pt\/productos\/coletor-de-copos\/","name":"Coletor de copos descart\u00e1veis. Acess\u00f3rios para Distribuidores - HODS","isPartOf":{"@id":"https:\/\/www.hods.eu\/pt-pt\/#website"},"primaryImageOfPage":{"@id":"https:\/\/www.hods.eu\/pt-pt\/productos\/coletor-de-copos\/#primaryimage"},"image":{"@id":"https:\/\/www.hods.eu\/pt-pt\/productos\/coletor-de-copos\/#primaryimage"},"thumbnailUrl":"https:\/\/www.hods.eu\/wp-content\/uploads\/colectorvasos_hods_web_01.jpg","datePublished":"2016-02-18T09:55:44+00:00","dateModified":"2022-01-19T11:41:20+00:00","description":"Coletor de copos descart\u00e1veis que permite reduzir o espa\u00e7o dos copos \u00e0 medida que s\u00e3o utilizados. Ajuda a organizar e a reciclagem.","breadcrumb":{"@id":"https:\/\/www.hods.eu\/pt-pt\/productos\/coletor-de-copos\/#breadcrumb"},"inLanguage":"pt-PT","potentialAction":[{"@type":"ReadAction","target":["https:\/\/www.hods.eu\/pt-pt\/productos\/coletor-de-copos\/"]}]},{"@type":"ImageObject","inLanguage":"pt-PT","@id":"https:\/\/www.hods.eu\/pt-pt\/productos\/coletor-de-copos\/#primaryimage","url":"https:\/\/www.hods.eu\/wp-content\/uploads\/colectorvasos_hods_web_01.jpg","contentUrl":"https:\/\/www.hods.eu\/wp-content\/uploads\/colectorvasos_hods_web_01.jpg","width":768,"height":1024,"caption":"Colector de copos a ser colocado junto ao distribuidor de \u00e1gua para eliminar copos descart\u00e1veis."},{"@type":"BreadcrumbList","@id":"https:\/\/www.hods.eu\/pt-pt\/productos\/coletor-de-copos\/#breadcrumb","itemListElement":[{"@type":"ListItem","position":1,"name":"Portada","item":"https:\/\/www.hods.eu\/pt-pt\/"},{"@type":"ListItem","position":2,"name":"Tienda","item":"https:\/\/www.hods.eu\/tienda\/"},{"@type":"ListItem","position":3,"name":"Coletor de copos"}]},{"@type":"WebSite","@id":"https:\/\/www.hods.eu\/pt-pt\/#website","url":"https:\/\/www.hods.eu\/pt-pt\/","name":"HODS","description":"water? drink with us","publisher":{"@id":"https:\/\/www.hods.eu\/pt-pt\/#organization"},"potentialAction":[{"@type":"SearchAction","target":{"@type":"EntryPoint","urlTemplate":"https:\/\/www.hods.eu\/pt-pt\/?s={search_term_string}"},"query-input":{"@type":"PropertyValueSpecification","valueRequired":true,"valueName":"search_term_string"}}],"inLanguage":"pt-PT"},{"@type":"Organization","@id":"https:\/\/www.hods.eu\/pt-pt\/#organization","name":"HODS","url":"https:\/\/www.hods.eu\/pt-pt\/","logo":{"@type":"ImageObject","inLanguage":"pt-PT","@id":"https:\/\/www.hods.eu\/pt-pt\/#\/schema\/logo\/image\/","url":"https:\/\/www.hods.eu\/wp-content\/uploads\/hods-completo-blanco2.jpg","contentUrl":"https:\/\/www.hods.eu\/wp-content\/uploads\/hods-completo-blanco2.jpg","width":500,"height":179,"caption":"HODS"},"image":{"@id":"https:\/\/www.hods.eu\/pt-pt\/#\/schema\/logo\/image\/"}}]}},"_links":{"self":[{"href":"https:\/\/www.hods.eu\/pt-pt\/wp-json\/wp\/v2\/product\/19145","targetHints":{"allow":["GET"]}}],"collection":[{"href":"https:\/\/www.hods.eu\/pt-pt\/wp-json\/wp\/v2\/product"}],"about":[{"href":"https:\/\/www.hods.eu\/pt-pt\/wp-json\/wp\/v2\/types\/product"}],"wp:featuredmedia":[{"embeddable":true,"href":"https:\/\/www.hods.eu\/pt-pt\/wp-json\/wp\/v2\/media\/26515"}],"wp:attachment":[{"href":"https:\/\/www.hods.eu\/pt-pt\/wp-json\/wp\/v2\/media?parent=19145"}],"wp:term":[{"taxonomy":"product_brand","embeddable":true,"href":"https:\/\/www.hods.eu\/pt-pt\/wp-json\/wp\/v2\/product_brand?post=19145"},{"taxonomy":"product_cat","embeddable":true,"href":"https:\/\/www.hods.eu\/pt-pt\/wp-json\/wp\/v2\/product_cat?post=19145"},{"taxonomy":"product_tag","embeddable":true,"href":"https:\/\/www.hods.eu\/pt-pt\/wp-json\/wp\/v2\/product_tag?post=19145"}],"curies":[{"name":"wp","href":"https:\/\/api.w.org\/{rel}","templated":true}]}}