{"id":19143,"date":"2016-02-18T10:58:30","date_gmt":"2016-02-18T09:58:30","guid":{"rendered":"https:\/\/www.hods.eu\/producto\/garrafeira-metalica-branca\/"},"modified":"2023-07-20T12:18:12","modified_gmt":"2023-07-20T10:18:12","slug":"garrafeira-metalica-branca","status":"publish","type":"product","link":"https:\/\/www.hods.eu\/pt-pt\/productos\/garrafeira-metalica-branca\/","title":{"rendered":"Garrafeira met\u00e1lica Branca"},"content":{"rendered":"<h3 style=\"text-align: justify; color: #6d6d6d;\"><b>Garrafeira met\u00e1lica Branca de design simples e de alta resist\u00eancia com capacidade para armazenar at\u00e9 4 garrafas. Permite formatos desde 11 litros at\u00e9 20 litros.<\/b><\/h3>\n<p style=\"text-align: justify; color: #6d6d6d;\">Tem capacidade para armazenar 4 <a href=\"https:\/\/www.hods.eu\/pt-pt\/producto\/garrafao-pet-18-9-litros\/\">garrafas<\/a>. Estas garrafas n\u00e3o t\u00eam de ter o mesmo tamanho, uma vez que o suporte met\u00e1lico aceita formatos de <a href=\"https:\/\/www.hods.eu\/pt-pt\/producto\/garrafao-pet-12-litros\/\">11 litros<\/a> a <a href=\"https:\/\/www.hods.eu\/pt-pt\/producto\/garrafao-pet-20-litros\/\">20 litros<\/a>. A Garrafeira branca met\u00e1lica e tem quatro suportes que proporcionam maior <strong>estabilidade<\/strong> do que qualquer outro suporte para garrafas no mercado. Al\u00e9m disso, incorpora <strong>blocos de borracha<\/strong> de grande resist\u00eancia que evitam arranhar qualquer tipo de solo.<\/p>\n<p style=\"text-align: justify; color: #6d6d6d;\">Est\u00e1 dispon\u00edvel em preto e branco, o que permite a sua combina\u00e7\u00e3o com qualquer um dos nossos dispensadores. O modelo branco \u00e9 ideal para ser colocado ao lado das nossas fontes de \u00e1gua nesta mesma cor, tais como: <a href=\"https:\/\/www.hods.eu\/pt-pt\/producto\/elegance-branca\/\">Elegance Branca<\/a>, <a href=\"https:\/\/www.hods.eu\/pt-pt\/producto\/elegance-one-branca\/\">Elegance One Branca<\/a>, <a href=\"https:\/\/www.hods.eu\/pt-pt\/producto\/le-plein\/\">Le Plein<\/a> e os modelos <a href=\"https:\/\/www.hods.eu\/pt-pt\/producto\/evosse-o3-up-branca\/\">Up<\/a> e <a href=\"https:\/\/www.hods.eu\/pt-pt\/producto\/evosse-o3-down-branca\/\">Down<\/a> da linha Evoss\u00e9 O<sub>3<\/sub>.<\/p>\n<p style=\"text-align: justify; color: #6d6d6d;\">O seu <strong>design fino e simples<\/strong> ajuda a manter a est\u00e9tica, sem comprometer a <strong>funcionalidade<\/strong>. Al\u00e9m disso, \u00e9 <strong>leve<\/strong>, pesando apenas <strong>6 kg<\/strong>, o que permite que seja transportado e movimentado se necess\u00e1rio. Como resultado, obtemos um porta-garrafas vers\u00e1til, que permite diferentes formatos de garrafas e tamb\u00e9m mant\u00e9m uma est\u00e9tica moderna e elegante juntamente com os dispensadores de \u00e1gua.<\/p>\n<p><a href=\"https:\/\/watcool.com\/pt\/transporte-e-armazenamento\/44-garrafeira-branca-de-garrafas.html\" target=\"_blank\" rel=\"noopener\">Watcool<\/a><\/p>\n","protected":false},"excerpt":{"rendered":"<p><img decoding=\"async\" src=\"https:\/\/www.hods.eu\/wp-content\/uploads\/botellon.png\" border=\"0\" \/><span style=\"color: #6d6d6d;\">Capacidade para <strong>4 garrafas de 11 litros a 20 litros.<\/strong><\/span><\/p>\n<p><img decoding=\"async\" src=\"https:\/\/www.hods.eu\/wp-content\/uploads\/golpes.png\" border=\"0\" \/><span style=\"color: #6d6d6d;\"><strong>Material resistente<\/strong> e <strong>blocos de borracha<\/strong> para evitar arranh\u00f5es no piso.<\/span><\/p>\n<p><img decoding=\"async\" src=\"https:\/\/www.hods.eu\/wp-content\/uploads\/diseno.png\" border=\"0\" \/><span style=\"color: #6d6d6d;\">Est\u00e9tica simples.<\/span><\/p>\n<p><img decoding=\"async\" src=\"https:\/\/www.hods.eu\/wp-content\/uploads\/estabilidad.png\" border=\"0\" \/><span style=\"color: #6d6d6d;\">Alta <strong>estabilidade<\/strong>.<\/span><\/p>\n<p>&nbsp;<\/p>\n<p>&nbsp;<\/p>\n<p><span style=\"color: #6d6d6d;\"><strong>Comprar na loja online <a href=\"https:\/\/watcool.com\/pt\/transporte-e-armazenamento\/44-garrafeira-metalica-branca.html\" target=\"_blank\" rel=\"noopener\"><img loading=\"lazy\" decoding=\"async\" class=\"alignnone wp-image-30290\" title=\"watcool\" src=\"https:\/\/www.hods.eu\/wp-content\/uploads\/web.jpg\" alt=\"watcool\" width=\"90\" height=\"18\" srcset=\"https:\/\/www.hods.eu\/wp-content\/uploads\/web.jpg 200w, https:\/\/www.hods.eu\/wp-content\/uploads\/web-150x30.jpg 150w\" sizes=\"auto, (max-width: 90px) 100vw, 90px\" \/><\/a><\/strong> <\/span><\/p>\n","protected":false},"featured_media":26467,"template":"","meta":[],"product_brand":[],"product_cat":[84],"product_tag":[],"class_list":{"0":"post-19143","1":"product","2":"type-product","3":"status-publish","4":"has-post-thumbnail","6":"product_cat-acessorios","8":"first","9":"instock","10":"shipping-taxable","11":"product-type-simple"},"yoast_head":"<!-- This site is optimized with the Yoast SEO plugin v27.3 - https:\/\/yoast.com\/product\/yoast-seo-wordpress\/ -->\n<title>Garrafeira met\u00e1lica Branca Acess\u00f3rios para Distribuidores - HODS<\/title>\n<meta name=\"description\" content=\"Garrafeira met\u00e1lica Branca design simples e de alta resist\u00eancia com capacidade para armazenar 4 garrafas. Aceita formatos de 11 a 20 litros.\" \/>\n<meta name=\"robots\" content=\"index, follow, max-snippet:-1, max-image-preview:large, max-video-preview:-1\" \/>\n<link rel=\"canonical\" href=\"https:\/\/www.hods.eu\/pt-pt\/productos\/garrafeira-metalica-branca\/\" \/>\n<meta property=\"og:locale\" content=\"pt_PT\" \/>\n<meta property=\"og:type\" content=\"article\" \/>\n<meta property=\"og:title\" content=\"Garrafeira met\u00e1lica Branca Acess\u00f3rios para Distribuidores - HODS\" \/>\n<meta property=\"og:description\" content=\"Garrafeira met\u00e1lica Branca design simples e de alta resist\u00eancia com capacidade para armazenar 4 garrafas. Aceita formatos de 11 a 20 litros.\" \/>\n<meta property=\"og:url\" content=\"https:\/\/www.hods.eu\/pt-pt\/productos\/garrafeira-metalica-branca\/\" \/>\n<meta property=\"og:site_name\" content=\"HODS\" \/>\n<meta property=\"article:modified_time\" content=\"2023-07-20T10:18:12+00:00\" \/>\n<meta property=\"og:image\" content=\"https:\/\/www.hods.eu\/wp-content\/uploads\/estanteriablanca_hods_web_01.jpg\" \/>\n\t<meta property=\"og:image:width\" content=\"768\" \/>\n\t<meta property=\"og:image:height\" content=\"1024\" \/>\n\t<meta property=\"og:image:type\" content=\"image\/jpeg\" \/>\n<meta name=\"twitter:card\" content=\"summary_large_image\" \/>\n<meta name=\"twitter:label1\" content=\"Tempo estimado de leitura\" \/>\n\t<meta name=\"twitter:data1\" content=\"1 minuto\" \/>\n<script type=\"application\/ld+json\" class=\"yoast-schema-graph\">{\"@context\":\"https:\\\/\\\/schema.org\",\"@graph\":[{\"@type\":\"WebPage\",\"@id\":\"https:\\\/\\\/www.hods.eu\\\/pt-pt\\\/productos\\\/garrafeira-metalica-branca\\\/\",\"url\":\"https:\\\/\\\/www.hods.eu\\\/pt-pt\\\/productos\\\/garrafeira-metalica-branca\\\/\",\"name\":\"Garrafeira met\u00e1lica Branca Acess\u00f3rios para Distribuidores - HODS\",\"isPartOf\":{\"@id\":\"https:\\\/\\\/www.hods.eu\\\/pt-pt\\\/#website\"},\"primaryImageOfPage\":{\"@id\":\"https:\\\/\\\/www.hods.eu\\\/pt-pt\\\/productos\\\/garrafeira-metalica-branca\\\/#primaryimage\"},\"image\":{\"@id\":\"https:\\\/\\\/www.hods.eu\\\/pt-pt\\\/productos\\\/garrafeira-metalica-branca\\\/#primaryimage\"},\"thumbnailUrl\":\"https:\\\/\\\/www.hods.eu\\\/wp-content\\\/uploads\\\/estanteriablanca_hods_web_01.jpg\",\"datePublished\":\"2016-02-18T09:58:30+00:00\",\"dateModified\":\"2023-07-20T10:18:12+00:00\",\"description\":\"Garrafeira met\u00e1lica Branca design simples e de alta resist\u00eancia com capacidade para armazenar 4 garrafas. Aceita formatos de 11 a 20 litros.\",\"breadcrumb\":{\"@id\":\"https:\\\/\\\/www.hods.eu\\\/pt-pt\\\/productos\\\/garrafeira-metalica-branca\\\/#breadcrumb\"},\"inLanguage\":\"pt-PT\",\"potentialAction\":[{\"@type\":\"ReadAction\",\"target\":[\"https:\\\/\\\/www.hods.eu\\\/pt-pt\\\/productos\\\/garrafeira-metalica-branca\\\/\"]}]},{\"@type\":\"ImageObject\",\"inLanguage\":\"pt-PT\",\"@id\":\"https:\\\/\\\/www.hods.eu\\\/pt-pt\\\/productos\\\/garrafeira-metalica-branca\\\/#primaryimage\",\"url\":\"https:\\\/\\\/www.hods.eu\\\/wp-content\\\/uploads\\\/estanteriablanca_hods_web_01.jpg\",\"contentUrl\":\"https:\\\/\\\/www.hods.eu\\\/wp-content\\\/uploads\\\/estanteriablanca_hods_web_01.jpg\",\"width\":768,\"height\":1024,\"caption\":\"Prateleira de metal branco para 4 garrafas ou garraf\u00f5es de \u00e1gua de 12 a 20 litros.\"},{\"@type\":\"BreadcrumbList\",\"@id\":\"https:\\\/\\\/www.hods.eu\\\/pt-pt\\\/productos\\\/garrafeira-metalica-branca\\\/#breadcrumb\",\"itemListElement\":[{\"@type\":\"ListItem\",\"position\":1,\"name\":\"Portada\",\"item\":\"https:\\\/\\\/www.hods.eu\\\/pt-pt\\\/\"},{\"@type\":\"ListItem\",\"position\":2,\"name\":\"Tienda\",\"item\":\"https:\\\/\\\/www.hods.eu\\\/tienda\\\/\"},{\"@type\":\"ListItem\",\"position\":3,\"name\":\"Garrafeira met\u00e1lica Branca\"}]},{\"@type\":\"WebSite\",\"@id\":\"https:\\\/\\\/www.hods.eu\\\/pt-pt\\\/#website\",\"url\":\"https:\\\/\\\/www.hods.eu\\\/pt-pt\\\/\",\"name\":\"HODS\",\"description\":\"water? drink with us\",\"publisher\":{\"@id\":\"https:\\\/\\\/www.hods.eu\\\/pt-pt\\\/#organization\"},\"potentialAction\":[{\"@type\":\"SearchAction\",\"target\":{\"@type\":\"EntryPoint\",\"urlTemplate\":\"https:\\\/\\\/www.hods.eu\\\/pt-pt\\\/?s={search_term_string}\"},\"query-input\":{\"@type\":\"PropertyValueSpecification\",\"valueRequired\":true,\"valueName\":\"search_term_string\"}}],\"inLanguage\":\"pt-PT\"},{\"@type\":\"Organization\",\"@id\":\"https:\\\/\\\/www.hods.eu\\\/pt-pt\\\/#organization\",\"name\":\"HODS\",\"url\":\"https:\\\/\\\/www.hods.eu\\\/pt-pt\\\/\",\"logo\":{\"@type\":\"ImageObject\",\"inLanguage\":\"pt-PT\",\"@id\":\"https:\\\/\\\/www.hods.eu\\\/pt-pt\\\/#\\\/schema\\\/logo\\\/image\\\/\",\"url\":\"https:\\\/\\\/www.hods.eu\\\/wp-content\\\/uploads\\\/hods-completo-blanco2.jpg\",\"contentUrl\":\"https:\\\/\\\/www.hods.eu\\\/wp-content\\\/uploads\\\/hods-completo-blanco2.jpg\",\"width\":500,\"height\":179,\"caption\":\"HODS\"},\"image\":{\"@id\":\"https:\\\/\\\/www.hods.eu\\\/pt-pt\\\/#\\\/schema\\\/logo\\\/image\\\/\"}}]}<\/script>\n<!-- \/ Yoast SEO plugin. -->","yoast_head_json":{"title":"Garrafeira met\u00e1lica Branca Acess\u00f3rios para Distribuidores - HODS","description":"Garrafeira met\u00e1lica Branca design simples e de alta resist\u00eancia com capacidade para armazenar 4 garrafas. Aceita formatos de 11 a 20 litros.","robots":{"index":"index","follow":"follow","max-snippet":"max-snippet:-1","max-image-preview":"max-image-preview:large","max-video-preview":"max-video-preview:-1"},"canonical":"https:\/\/www.hods.eu\/pt-pt\/productos\/garrafeira-metalica-branca\/","og_locale":"pt_PT","og_type":"article","og_title":"Garrafeira met\u00e1lica Branca Acess\u00f3rios para Distribuidores - HODS","og_description":"Garrafeira met\u00e1lica Branca design simples e de alta resist\u00eancia com capacidade para armazenar 4 garrafas. Aceita formatos de 11 a 20 litros.","og_url":"https:\/\/www.hods.eu\/pt-pt\/productos\/garrafeira-metalica-branca\/","og_site_name":"HODS","article_modified_time":"2023-07-20T10:18:12+00:00","og_image":[{"width":768,"height":1024,"url":"https:\/\/www.hods.eu\/wp-content\/uploads\/estanteriablanca_hods_web_01.jpg","type":"image\/jpeg"}],"twitter_card":"summary_large_image","twitter_misc":{"Tempo estimado de leitura":"1 minuto"},"schema":{"@context":"https:\/\/schema.org","@graph":[{"@type":"WebPage","@id":"https:\/\/www.hods.eu\/pt-pt\/productos\/garrafeira-metalica-branca\/","url":"https:\/\/www.hods.eu\/pt-pt\/productos\/garrafeira-metalica-branca\/","name":"Garrafeira met\u00e1lica Branca Acess\u00f3rios para Distribuidores - HODS","isPartOf":{"@id":"https:\/\/www.hods.eu\/pt-pt\/#website"},"primaryImageOfPage":{"@id":"https:\/\/www.hods.eu\/pt-pt\/productos\/garrafeira-metalica-branca\/#primaryimage"},"image":{"@id":"https:\/\/www.hods.eu\/pt-pt\/productos\/garrafeira-metalica-branca\/#primaryimage"},"thumbnailUrl":"https:\/\/www.hods.eu\/wp-content\/uploads\/estanteriablanca_hods_web_01.jpg","datePublished":"2016-02-18T09:58:30+00:00","dateModified":"2023-07-20T10:18:12+00:00","description":"Garrafeira met\u00e1lica Branca design simples e de alta resist\u00eancia com capacidade para armazenar 4 garrafas. Aceita formatos de 11 a 20 litros.","breadcrumb":{"@id":"https:\/\/www.hods.eu\/pt-pt\/productos\/garrafeira-metalica-branca\/#breadcrumb"},"inLanguage":"pt-PT","potentialAction":[{"@type":"ReadAction","target":["https:\/\/www.hods.eu\/pt-pt\/productos\/garrafeira-metalica-branca\/"]}]},{"@type":"ImageObject","inLanguage":"pt-PT","@id":"https:\/\/www.hods.eu\/pt-pt\/productos\/garrafeira-metalica-branca\/#primaryimage","url":"https:\/\/www.hods.eu\/wp-content\/uploads\/estanteriablanca_hods_web_01.jpg","contentUrl":"https:\/\/www.hods.eu\/wp-content\/uploads\/estanteriablanca_hods_web_01.jpg","width":768,"height":1024,"caption":"Prateleira de metal branco para 4 garrafas ou garraf\u00f5es de \u00e1gua de 12 a 20 litros."},{"@type":"BreadcrumbList","@id":"https:\/\/www.hods.eu\/pt-pt\/productos\/garrafeira-metalica-branca\/#breadcrumb","itemListElement":[{"@type":"ListItem","position":1,"name":"Portada","item":"https:\/\/www.hods.eu\/pt-pt\/"},{"@type":"ListItem","position":2,"name":"Tienda","item":"https:\/\/www.hods.eu\/tienda\/"},{"@type":"ListItem","position":3,"name":"Garrafeira met\u00e1lica Branca"}]},{"@type":"WebSite","@id":"https:\/\/www.hods.eu\/pt-pt\/#website","url":"https:\/\/www.hods.eu\/pt-pt\/","name":"HODS","description":"water? drink with us","publisher":{"@id":"https:\/\/www.hods.eu\/pt-pt\/#organization"},"potentialAction":[{"@type":"SearchAction","target":{"@type":"EntryPoint","urlTemplate":"https:\/\/www.hods.eu\/pt-pt\/?s={search_term_string}"},"query-input":{"@type":"PropertyValueSpecification","valueRequired":true,"valueName":"search_term_string"}}],"inLanguage":"pt-PT"},{"@type":"Organization","@id":"https:\/\/www.hods.eu\/pt-pt\/#organization","name":"HODS","url":"https:\/\/www.hods.eu\/pt-pt\/","logo":{"@type":"ImageObject","inLanguage":"pt-PT","@id":"https:\/\/www.hods.eu\/pt-pt\/#\/schema\/logo\/image\/","url":"https:\/\/www.hods.eu\/wp-content\/uploads\/hods-completo-blanco2.jpg","contentUrl":"https:\/\/www.hods.eu\/wp-content\/uploads\/hods-completo-blanco2.jpg","width":500,"height":179,"caption":"HODS"},"image":{"@id":"https:\/\/www.hods.eu\/pt-pt\/#\/schema\/logo\/image\/"}}]}},"_links":{"self":[{"href":"https:\/\/www.hods.eu\/pt-pt\/wp-json\/wp\/v2\/product\/19143","targetHints":{"allow":["GET"]}}],"collection":[{"href":"https:\/\/www.hods.eu\/pt-pt\/wp-json\/wp\/v2\/product"}],"about":[{"href":"https:\/\/www.hods.eu\/pt-pt\/wp-json\/wp\/v2\/types\/product"}],"wp:featuredmedia":[{"embeddable":true,"href":"https:\/\/www.hods.eu\/pt-pt\/wp-json\/wp\/v2\/media\/26467"}],"wp:attachment":[{"href":"https:\/\/www.hods.eu\/pt-pt\/wp-json\/wp\/v2\/media?parent=19143"}],"wp:term":[{"taxonomy":"product_brand","embeddable":true,"href":"https:\/\/www.hods.eu\/pt-pt\/wp-json\/wp\/v2\/product_brand?post=19143"},{"taxonomy":"product_cat","embeddable":true,"href":"https:\/\/www.hods.eu\/pt-pt\/wp-json\/wp\/v2\/product_cat?post=19143"},{"taxonomy":"product_tag","embeddable":true,"href":"https:\/\/www.hods.eu\/pt-pt\/wp-json\/wp\/v2\/product_tag?post=19143"}],"curies":[{"name":"wp","href":"https:\/\/api.w.org\/{rel}","templated":true}]}}