{"id":19141,"date":"2016-02-18T11:00:01","date_gmt":"2016-02-18T10:00:01","guid":{"rendered":"https:\/\/www.hods.eu\/producto\/carrinho-de-mao-porta-garrafoes-5-garrafoes\/"},"modified":"2023-02-15T09:22:08","modified_gmt":"2023-02-15T08:22:08","slug":"carrinho-de-mao-porta-garrafoes-5-garrafoes","status":"publish","type":"product","link":"https:\/\/www.hods.eu\/pt-pt\/productos\/carrinho-de-mao-porta-garrafoes-5-garrafoes\/","title":{"rendered":"Carrinho de m\u00e3o porta-garraf\u00f5es (5 garraf\u00f5es)"},"content":{"rendered":"<h3 style=\"text-align: justify; color: #6d6d6d;\"><b>Carrinho de m\u00e3o porta-garraf\u00f5es (5 garraf\u00f5es), feito de alum\u00ednio anodizado e refor\u00e7ado de grande dureza, for\u00e7a e leveza. Como resultado, torna-o perfeito para os distribuidores mais exigentes na distribui\u00e7\u00e3o di\u00e1ria de \u00e1gua.<\/b><\/h3>\n<p style=\"text-align: justify; color: #6d6d6d;\">A HODS Quality Assurance fez um esfor\u00e7o para garantir que o carrinho de m\u00e3o porta-garraf\u00f5es (5 garraf\u00f5es) cumpra as normas que nos caracterizam, por isso nossos t\u00e9cnicos melhoraram o modelo incorporando <strong>rolamentos FAG alem\u00e3es de alta qualidade<\/strong>.<\/p>\n<p style=\"text-align: justify; color: #6d6d6d;\">A <strong>anodiza\u00e7\u00e3o do alum\u00ednio<\/strong> \u00e9 um processo electroqu\u00edmico que forma uma camada protectora de \u00f3xido de alum\u00ednio na superf\u00edcie do alum\u00ednio de base. Como resultado, tem as seguintes propriedades e vantagens: n\u00e3o requer manuten\u00e7\u00e3o; maior prote\u00e7\u00e3o contra chuva, sol e umidade; maior dureza superficial; proporciona um acabamento decorativo; resist\u00eancia \u00e0 abras\u00e3o, ao desgaste e \u00e0 corros\u00e3o.<\/p>\n<p style=\"text-align: justify; color: #6d6d6d;\">Tamb\u00e9m incorpora <strong>rodas pneum\u00e1ticas<\/strong> com rolamentos refor\u00e7ados que permitem, por um lado, um melhor deslizamento e uma f\u00e1cil mobilidade do carrinho de m\u00e3o porta-garraf\u00f5es. Por outro lado, oferece maior resist\u00eancia ao aumentar os quilos de carga, assim como um revestimento de silicone no cabo do carrinho com maior ader\u00eancia, evitando assim poss\u00edveis deslizamentos acidentais.<\/p>\n<p style=\"text-align: justify; color: #6d6d6d;\">Tem uma capacidade de carga de 5 garrafas e cada bandeja foi equipada com <strong>silentblocks que reduzem as vibra\u00e7\u00f5es<\/strong> da <a href=\"https:\/\/www.hods.eu\/pt-pt\/producto\/garrafao-pet-18-9-litros\/\">garrafa PET<\/a>. Desta forma, evitamos oscila\u00e7\u00f5es do garraf\u00e3o e danos nos contentores durante o transporte. O <a href=\"https:\/\/www.hods.eu\/pt-pt\/producto\/carrinho-de-mao-porta-garrafoes-7-garrafoes\/\">carrinho de 7 garrafas<\/a> tamb\u00e9m est\u00e1 dispon\u00edvel.<\/p>\n<p style=\"text-align: justify; color: #6d6d6d;\">Al\u00e9m disso, estas bandejas s\u00e3o dobr\u00e1veis e h\u00e1 a possibilidade de dobr\u00e1-las e obter um carrinho para carregar outros tipos de embalagens, como caixas, por exemplo.<\/p>\n<p style=\"text-align: justify; color: #6d6d6d;\">O carrinho de m\u00e3o porta-garraf\u00f5es (5 garraf\u00f5es) pode ser equipado com um <strong>acess\u00f3rio<\/strong> feito do mesmo material que o resto da estrutura, que ajuda como suporte para poupar escadas. Desta forma, reduzimos o impacto do carrinho carregado ao subir ou descer degraus.<\/p>\n<p><a href=\"https:\/\/www.hods.eu\/pt-pt\/transporte-armazenamento\/\" target=\"_blank\" rel=\"noopener\">Watcool<\/a><\/p>\n","protected":false},"excerpt":{"rendered":"<p><img decoding=\"async\" src=\"https:\/\/www.hods.eu\/wp-content\/uploads\/golpes.png\" border=\"0\" \/><span style=\"color: #6d6d6d;\">Material de <strong>alum\u00ednio anodizado<\/strong> duro, resistente e leve.<\/span><\/p>\n<p><img decoding=\"async\" src=\"https:\/\/www.hods.eu\/wp-content\/uploads\/sol.png\" border=\"0\" \/><span style=\"color: #6d6d6d;\">Material protegido contra agentes ambientais sem necessidade de manuten\u00e7\u00e3o.<\/span><\/p>\n<p><img decoding=\"async\" src=\"https:\/\/www.hods.eu\/wp-content\/uploads\/fag.png\" border=\"0\" \/><span style=\"color: #6d6d6d;\"><strong>Rolamentos FAG<\/strong> alem\u00e3es de alta qualidade.<\/span><\/p>\n<p><img decoding=\"async\" src=\"https:\/\/www.hods.eu\/wp-content\/uploads\/silentblock.png\" border=\"0\" \/><span style=\"color: #6d6d6d;\"><strong>Silentblocks<\/strong> incorporados que reduzem as vibra\u00e7\u00f5es e evitam as oscila\u00e7\u00f5es dos garraf\u00f5es.<\/span><\/p>\n<p><img decoding=\"async\" src=\"https:\/\/www.hods.eu\/wp-content\/uploads\/combinable.png\" border=\"0\" \/><span style=\"color: #6d6d6d;\">Acess\u00f3rio sobe-escadas.<\/span><\/p>\n<p>&nbsp;<\/p>\n<p>&nbsp;<\/p>\n<p><span style=\"color: #6d6d6d;\"><strong>Comprar na loja online <a href=\"https:\/\/watcool.com\/pt\/transporte-e-armazenamento\/46-carrinho-5-garrafoes.html\" target=\"_blank\" rel=\"noopener\"><img loading=\"lazy\" decoding=\"async\" class=\"alignnone wp-image-30290\" title=\"watcool\" src=\"https:\/\/www.hods.eu\/wp-content\/uploads\/web.jpg\" alt=\"watcool\" width=\"90\" height=\"18\" srcset=\"https:\/\/www.hods.eu\/wp-content\/uploads\/web.jpg 200w, https:\/\/www.hods.eu\/wp-content\/uploads\/web-150x30.jpg 150w\" sizes=\"auto, (max-width: 90px) 100vw, 90px\" \/><\/a><\/strong> <\/span><\/p>\n","protected":false},"featured_media":26431,"template":"","meta":[],"product_brand":[],"product_cat":[91],"product_tag":[],"class_list":{"0":"post-19141","1":"product","2":"type-product","3":"status-publish","4":"has-post-thumbnail","6":"product_cat-transporte-armazenamento","8":"first","9":"instock","10":"shipping-taxable","11":"product-type-simple"},"yoast_head":"<!-- This site is optimized with the Yoast SEO plugin v27.3 - https:\/\/yoast.com\/product\/yoast-seo-wordpress\/ -->\n<title>Carrinho de m\u00e3o porta-garraf\u00f5es (5 garraf\u00f5es) Transporte - HODS<\/title>\n<meta name=\"description\" content=\"Carrinho de m\u00e3o porta-garraf\u00f5es (5 garraf\u00f5es) feito de alum\u00ednio anodizado e refor\u00e7ado de grande dureza, for\u00e7a e leveza.\" \/>\n<meta name=\"robots\" content=\"index, follow, max-snippet:-1, max-image-preview:large, max-video-preview:-1\" \/>\n<link rel=\"canonical\" href=\"https:\/\/www.hods.eu\/pt-pt\/productos\/carrinho-de-mao-porta-garrafoes-5-garrafoes\/\" \/>\n<meta property=\"og:locale\" content=\"pt_PT\" \/>\n<meta property=\"og:type\" content=\"article\" \/>\n<meta property=\"og:title\" content=\"Carrinho de m\u00e3o porta-garraf\u00f5es (5 garraf\u00f5es) Transporte - HODS\" \/>\n<meta property=\"og:description\" content=\"Carrinho de m\u00e3o porta-garraf\u00f5es (5 garraf\u00f5es) feito de alum\u00ednio anodizado e refor\u00e7ado de grande dureza, for\u00e7a e leveza.\" \/>\n<meta property=\"og:url\" content=\"https:\/\/www.hods.eu\/pt-pt\/productos\/carrinho-de-mao-porta-garrafoes-5-garrafoes\/\" \/>\n<meta property=\"og:site_name\" content=\"HODS\" \/>\n<meta property=\"article:modified_time\" content=\"2023-02-15T08:22:08+00:00\" \/>\n<meta property=\"og:image\" content=\"https:\/\/www.hods.eu\/wp-content\/uploads\/carretilla5_hods_web_01.jpg\" \/>\n\t<meta property=\"og:image:width\" content=\"768\" \/>\n\t<meta property=\"og:image:height\" content=\"1024\" \/>\n\t<meta property=\"og:image:type\" content=\"image\/jpeg\" \/>\n<meta name=\"twitter:card\" content=\"summary_large_image\" \/>\n<meta name=\"twitter:label1\" content=\"Tempo estimado de leitura\" \/>\n\t<meta name=\"twitter:data1\" content=\"2 minutos\" \/>\n<script type=\"application\/ld+json\" class=\"yoast-schema-graph\">{\"@context\":\"https:\\\/\\\/schema.org\",\"@graph\":[{\"@type\":\"WebPage\",\"@id\":\"https:\\\/\\\/www.hods.eu\\\/pt-pt\\\/productos\\\/carrinho-de-mao-porta-garrafoes-5-garrafoes\\\/\",\"url\":\"https:\\\/\\\/www.hods.eu\\\/pt-pt\\\/productos\\\/carrinho-de-mao-porta-garrafoes-5-garrafoes\\\/\",\"name\":\"Carrinho de m\u00e3o porta-garraf\u00f5es (5 garraf\u00f5es) Transporte - HODS\",\"isPartOf\":{\"@id\":\"https:\\\/\\\/www.hods.eu\\\/pt-pt\\\/#website\"},\"primaryImageOfPage\":{\"@id\":\"https:\\\/\\\/www.hods.eu\\\/pt-pt\\\/productos\\\/carrinho-de-mao-porta-garrafoes-5-garrafoes\\\/#primaryimage\"},\"image\":{\"@id\":\"https:\\\/\\\/www.hods.eu\\\/pt-pt\\\/productos\\\/carrinho-de-mao-porta-garrafoes-5-garrafoes\\\/#primaryimage\"},\"thumbnailUrl\":\"https:\\\/\\\/www.hods.eu\\\/wp-content\\\/uploads\\\/carretilla5_hods_web_01.jpg\",\"datePublished\":\"2016-02-18T10:00:01+00:00\",\"dateModified\":\"2023-02-15T08:22:08+00:00\",\"description\":\"Carrinho de m\u00e3o porta-garraf\u00f5es (5 garraf\u00f5es) feito de alum\u00ednio anodizado e refor\u00e7ado de grande dureza, for\u00e7a e leveza.\",\"breadcrumb\":{\"@id\":\"https:\\\/\\\/www.hods.eu\\\/pt-pt\\\/productos\\\/carrinho-de-mao-porta-garrafoes-5-garrafoes\\\/#breadcrumb\"},\"inLanguage\":\"pt-PT\",\"potentialAction\":[{\"@type\":\"ReadAction\",\"target\":[\"https:\\\/\\\/www.hods.eu\\\/pt-pt\\\/productos\\\/carrinho-de-mao-porta-garrafoes-5-garrafoes\\\/\"]}]},{\"@type\":\"ImageObject\",\"inLanguage\":\"pt-PT\",\"@id\":\"https:\\\/\\\/www.hods.eu\\\/pt-pt\\\/productos\\\/carrinho-de-mao-porta-garrafoes-5-garrafoes\\\/#primaryimage\",\"url\":\"https:\\\/\\\/www.hods.eu\\\/wp-content\\\/uploads\\\/carretilla5_hods_web_01.jpg\",\"contentUrl\":\"https:\\\/\\\/www.hods.eu\\\/wp-content\\\/uploads\\\/carretilla5_hods_web_01.jpg\",\"width\":768,\"height\":1024,\"caption\":\"Carrinho para o transporte de garrafas ou garraf\u00f5es de \u00e1gua. Capacidade para 5 garrafas, tanto cheias de \u00e1gua como vazias.\"},{\"@type\":\"BreadcrumbList\",\"@id\":\"https:\\\/\\\/www.hods.eu\\\/pt-pt\\\/productos\\\/carrinho-de-mao-porta-garrafoes-5-garrafoes\\\/#breadcrumb\",\"itemListElement\":[{\"@type\":\"ListItem\",\"position\":1,\"name\":\"Portada\",\"item\":\"https:\\\/\\\/www.hods.eu\\\/pt-pt\\\/\"},{\"@type\":\"ListItem\",\"position\":2,\"name\":\"Tienda\",\"item\":\"https:\\\/\\\/www.hods.eu\\\/tienda\\\/\"},{\"@type\":\"ListItem\",\"position\":3,\"name\":\"Carrinho de m\u00e3o porta-garraf\u00f5es (5 garraf\u00f5es)\"}]},{\"@type\":\"WebSite\",\"@id\":\"https:\\\/\\\/www.hods.eu\\\/pt-pt\\\/#website\",\"url\":\"https:\\\/\\\/www.hods.eu\\\/pt-pt\\\/\",\"name\":\"HODS\",\"description\":\"water? drink with us\",\"publisher\":{\"@id\":\"https:\\\/\\\/www.hods.eu\\\/pt-pt\\\/#organization\"},\"potentialAction\":[{\"@type\":\"SearchAction\",\"target\":{\"@type\":\"EntryPoint\",\"urlTemplate\":\"https:\\\/\\\/www.hods.eu\\\/pt-pt\\\/?s={search_term_string}\"},\"query-input\":{\"@type\":\"PropertyValueSpecification\",\"valueRequired\":true,\"valueName\":\"search_term_string\"}}],\"inLanguage\":\"pt-PT\"},{\"@type\":\"Organization\",\"@id\":\"https:\\\/\\\/www.hods.eu\\\/pt-pt\\\/#organization\",\"name\":\"HODS\",\"url\":\"https:\\\/\\\/www.hods.eu\\\/pt-pt\\\/\",\"logo\":{\"@type\":\"ImageObject\",\"inLanguage\":\"pt-PT\",\"@id\":\"https:\\\/\\\/www.hods.eu\\\/pt-pt\\\/#\\\/schema\\\/logo\\\/image\\\/\",\"url\":\"https:\\\/\\\/www.hods.eu\\\/wp-content\\\/uploads\\\/hods-completo-blanco2.jpg\",\"contentUrl\":\"https:\\\/\\\/www.hods.eu\\\/wp-content\\\/uploads\\\/hods-completo-blanco2.jpg\",\"width\":500,\"height\":179,\"caption\":\"HODS\"},\"image\":{\"@id\":\"https:\\\/\\\/www.hods.eu\\\/pt-pt\\\/#\\\/schema\\\/logo\\\/image\\\/\"}}]}<\/script>\n<!-- \/ Yoast SEO plugin. -->","yoast_head_json":{"title":"Carrinho de m\u00e3o porta-garraf\u00f5es (5 garraf\u00f5es) Transporte - HODS","description":"Carrinho de m\u00e3o porta-garraf\u00f5es (5 garraf\u00f5es) feito de alum\u00ednio anodizado e refor\u00e7ado de grande dureza, for\u00e7a e leveza.","robots":{"index":"index","follow":"follow","max-snippet":"max-snippet:-1","max-image-preview":"max-image-preview:large","max-video-preview":"max-video-preview:-1"},"canonical":"https:\/\/www.hods.eu\/pt-pt\/productos\/carrinho-de-mao-porta-garrafoes-5-garrafoes\/","og_locale":"pt_PT","og_type":"article","og_title":"Carrinho de m\u00e3o porta-garraf\u00f5es (5 garraf\u00f5es) Transporte - HODS","og_description":"Carrinho de m\u00e3o porta-garraf\u00f5es (5 garraf\u00f5es) feito de alum\u00ednio anodizado e refor\u00e7ado de grande dureza, for\u00e7a e leveza.","og_url":"https:\/\/www.hods.eu\/pt-pt\/productos\/carrinho-de-mao-porta-garrafoes-5-garrafoes\/","og_site_name":"HODS","article_modified_time":"2023-02-15T08:22:08+00:00","og_image":[{"width":768,"height":1024,"url":"https:\/\/www.hods.eu\/wp-content\/uploads\/carretilla5_hods_web_01.jpg","type":"image\/jpeg"}],"twitter_card":"summary_large_image","twitter_misc":{"Tempo estimado de leitura":"2 minutos"},"schema":{"@context":"https:\/\/schema.org","@graph":[{"@type":"WebPage","@id":"https:\/\/www.hods.eu\/pt-pt\/productos\/carrinho-de-mao-porta-garrafoes-5-garrafoes\/","url":"https:\/\/www.hods.eu\/pt-pt\/productos\/carrinho-de-mao-porta-garrafoes-5-garrafoes\/","name":"Carrinho de m\u00e3o porta-garraf\u00f5es (5 garraf\u00f5es) Transporte - HODS","isPartOf":{"@id":"https:\/\/www.hods.eu\/pt-pt\/#website"},"primaryImageOfPage":{"@id":"https:\/\/www.hods.eu\/pt-pt\/productos\/carrinho-de-mao-porta-garrafoes-5-garrafoes\/#primaryimage"},"image":{"@id":"https:\/\/www.hods.eu\/pt-pt\/productos\/carrinho-de-mao-porta-garrafoes-5-garrafoes\/#primaryimage"},"thumbnailUrl":"https:\/\/www.hods.eu\/wp-content\/uploads\/carretilla5_hods_web_01.jpg","datePublished":"2016-02-18T10:00:01+00:00","dateModified":"2023-02-15T08:22:08+00:00","description":"Carrinho de m\u00e3o porta-garraf\u00f5es (5 garraf\u00f5es) feito de alum\u00ednio anodizado e refor\u00e7ado de grande dureza, for\u00e7a e leveza.","breadcrumb":{"@id":"https:\/\/www.hods.eu\/pt-pt\/productos\/carrinho-de-mao-porta-garrafoes-5-garrafoes\/#breadcrumb"},"inLanguage":"pt-PT","potentialAction":[{"@type":"ReadAction","target":["https:\/\/www.hods.eu\/pt-pt\/productos\/carrinho-de-mao-porta-garrafoes-5-garrafoes\/"]}]},{"@type":"ImageObject","inLanguage":"pt-PT","@id":"https:\/\/www.hods.eu\/pt-pt\/productos\/carrinho-de-mao-porta-garrafoes-5-garrafoes\/#primaryimage","url":"https:\/\/www.hods.eu\/wp-content\/uploads\/carretilla5_hods_web_01.jpg","contentUrl":"https:\/\/www.hods.eu\/wp-content\/uploads\/carretilla5_hods_web_01.jpg","width":768,"height":1024,"caption":"Carrinho para o transporte de garrafas ou garraf\u00f5es de \u00e1gua. Capacidade para 5 garrafas, tanto cheias de \u00e1gua como vazias."},{"@type":"BreadcrumbList","@id":"https:\/\/www.hods.eu\/pt-pt\/productos\/carrinho-de-mao-porta-garrafoes-5-garrafoes\/#breadcrumb","itemListElement":[{"@type":"ListItem","position":1,"name":"Portada","item":"https:\/\/www.hods.eu\/pt-pt\/"},{"@type":"ListItem","position":2,"name":"Tienda","item":"https:\/\/www.hods.eu\/tienda\/"},{"@type":"ListItem","position":3,"name":"Carrinho de m\u00e3o porta-garraf\u00f5es (5 garraf\u00f5es)"}]},{"@type":"WebSite","@id":"https:\/\/www.hods.eu\/pt-pt\/#website","url":"https:\/\/www.hods.eu\/pt-pt\/","name":"HODS","description":"water? drink with us","publisher":{"@id":"https:\/\/www.hods.eu\/pt-pt\/#organization"},"potentialAction":[{"@type":"SearchAction","target":{"@type":"EntryPoint","urlTemplate":"https:\/\/www.hods.eu\/pt-pt\/?s={search_term_string}"},"query-input":{"@type":"PropertyValueSpecification","valueRequired":true,"valueName":"search_term_string"}}],"inLanguage":"pt-PT"},{"@type":"Organization","@id":"https:\/\/www.hods.eu\/pt-pt\/#organization","name":"HODS","url":"https:\/\/www.hods.eu\/pt-pt\/","logo":{"@type":"ImageObject","inLanguage":"pt-PT","@id":"https:\/\/www.hods.eu\/pt-pt\/#\/schema\/logo\/image\/","url":"https:\/\/www.hods.eu\/wp-content\/uploads\/hods-completo-blanco2.jpg","contentUrl":"https:\/\/www.hods.eu\/wp-content\/uploads\/hods-completo-blanco2.jpg","width":500,"height":179,"caption":"HODS"},"image":{"@id":"https:\/\/www.hods.eu\/pt-pt\/#\/schema\/logo\/image\/"}}]}},"_links":{"self":[{"href":"https:\/\/www.hods.eu\/pt-pt\/wp-json\/wp\/v2\/product\/19141","targetHints":{"allow":["GET"]}}],"collection":[{"href":"https:\/\/www.hods.eu\/pt-pt\/wp-json\/wp\/v2\/product"}],"about":[{"href":"https:\/\/www.hods.eu\/pt-pt\/wp-json\/wp\/v2\/types\/product"}],"wp:featuredmedia":[{"embeddable":true,"href":"https:\/\/www.hods.eu\/pt-pt\/wp-json\/wp\/v2\/media\/26431"}],"wp:attachment":[{"href":"https:\/\/www.hods.eu\/pt-pt\/wp-json\/wp\/v2\/media?parent=19141"}],"wp:term":[{"taxonomy":"product_brand","embeddable":true,"href":"https:\/\/www.hods.eu\/pt-pt\/wp-json\/wp\/v2\/product_brand?post=19141"},{"taxonomy":"product_cat","embeddable":true,"href":"https:\/\/www.hods.eu\/pt-pt\/wp-json\/wp\/v2\/product_cat?post=19141"},{"taxonomy":"product_tag","embeddable":true,"href":"https:\/\/www.hods.eu\/pt-pt\/wp-json\/wp\/v2\/product_tag?post=19141"}],"curies":[{"name":"wp","href":"https:\/\/api.w.org\/{rel}","templated":true}]}}