{"id":19139,"date":"2016-02-18T11:03:09","date_gmt":"2016-02-18T10:03:09","guid":{"rendered":"https:\/\/www.hods.eu\/producto\/suporte-torneira\/"},"modified":"2023-06-09T10:37:36","modified_gmt":"2023-06-09T09:37:36","slug":"kit-suporte-torneira","status":"publish","type":"product","link":"https:\/\/www.hods.eu\/pt-pt\/productos\/kit-suporte-torneira\/","title":{"rendered":"Suporte + Torneira"},"content":{"rendered":"<h3 style=\"text-align: justify; color: #6d6d6d;\"><b>Kit Suporte + Torneira<\/b> \u00e9 uma forma muito conveniente, econ\u00f3mica e eficiente de ter um dispensador de \u00e1gua natural em sua casa ou no seu escrit\u00f3rio.<\/h3>\n<p style=\"text-align: justify; color: #6d6d6d;\">No Kit Suporte + Torneira, o Suporte \u00e9 feito de <strong>ferro com um tratamento cromado<\/strong> que evita a corros\u00e3o e \u00e9 compat\u00edvel com qualquer uma das nossos <strong>garraf\u00f5es PET<\/strong> nos seus diferentes formatos, <a href=\"https:\/\/www.hods.eu\/pt-pt\/productos\/garrafao-pet-12-litros\/\" target=\"_blank\" rel=\"noopener\">12 litros<\/a>, <a href=\"https:\/\/www.hods.eu\/pt-pt\/productos\/garrafao-pet-18-9-litros\/\" target=\"_blank\" rel=\"noopener\">18,9 litros<\/a> e at\u00e9 <a href=\"https:\/\/www.hods.eu\/pt-pt\/productos\/garrafao-pet-20-litros\/\" target=\"_blank\" rel=\"noopener\">20 litros<\/a>. Tamb\u00e9m \u00e9 compat\u00edvel com as garrafas normais de supermercado, dependendo da torneira que escolher.<\/p>\n<p style=\"text-align: justify; color: #6d6d6d;\"><strong>H\u00e1 tr\u00eas torneiras dispon\u00edveis<\/strong>, todas elas em branco. A primeira \u00e9 a torneira <strong>com espig\u00e3o<\/strong> para ligar a tamp\u00f5es de 5 gal\u00f5es. A segunda \u00e9 uma torneira <strong>com rosca<\/strong> para colarinhos de <strong>55 mm<\/strong>, tamanho padr\u00e3o em garrafas de 12 a 20 litros. A \u00faltima \u00e9 uma torneira <strong>com rosca<\/strong> para gargalos de <strong>48 mm<\/strong>, que \u00e9 o tamanho mais comum para garrafas de \u00e1gua entre 3 e 10 litros, sendo a mais f\u00e1cil de encontrar num supermercado.<\/p>\n<p style=\"text-align: justify; color: #6d6d6d;\">O Kit Suporte + Torneira \u00e9 ideal para ser colocado na borda de uma mesa ou na borda da bancada da cozinha, para poder encher copos, garrafas e jarros com \u00e1gua de uma forma c\u00f3moda e f\u00e1cil.<\/p>\n<p style=\"text-align: justify; color: #6d6d6d;\">Al\u00e9m disso, n\u00f3s aumentamos sua funcionalidade se o complementamos com nosso <strong><a href=\"https:\/\/www.hods.eu\/pt-pt\/productos\/empilhador-de-garrafoes\/\" target=\"_blank\" rel=\"noopener\">Empilhador de 2 garrafas PET<\/a><\/strong>. Desta forma, voc\u00ea pode ter duas garrafas de reposi\u00e7\u00e3o e manter a est\u00e9tica do produto simples.<\/p>\n<p><a href=\"https:\/\/watcool.com\/es\/fuentes-de-agua\/35-soporte-grifo.html\" target=\"_blank\" rel=\"noopener\">Watcool<\/a><\/p>\n","protected":false},"excerpt":{"rendered":"<p><img decoding=\"async\" src=\"https:\/\/www.hods.eu\/wp-content\/uploads\/botellon.png\" border=\"0\" \/><span style=\"color: #6d6d6d;\">Adequado para <strong>garrafas<\/strong> ou <strong>garraf\u00f5es<\/strong>.<\/span><\/p>\n<p><img decoding=\"async\" src=\"https:\/\/www.hods.eu\/wp-content\/uploads\/economico.png\" border=\"0\" \/><span style=\"color: #6d6d6d;\"><strong>Simples e econ\u00f3mico<\/strong>.<\/span><\/p>\n<p><img decoding=\"async\" src=\"https:\/\/www.hods.eu\/wp-content\/uploads\/facil.png\" border=\"0\" \/><span style=\"color: #6d6d6d;\">Adapta a altura da garrafa facilitando a distribui\u00e7\u00e3o da \u00e1gua.<\/span><\/p>\n<p><img decoding=\"async\" src=\"https:\/\/www.hods.eu\/wp-content\/uploads\/soporte.png\" border=\"0\" \/><span style=\"color: #6d6d6d;\">2 hauteurs de support.<\/span><\/p>\n<p><img decoding=\"async\" src=\"https:\/\/www.hods.eu\/wp-content\/uploads\/pou.png\" border=\"0\" \/><span style=\"color: #6d6d6d;\">3 tipos de torneiras: para pesco\u00e7o de 55mm, pesco\u00e7o de 48mm ou com tampa de 5 gal\u00f5es.<\/span><\/p>\n<p>&nbsp;<\/p>\n<p>&nbsp;<\/p>\n<p><span style=\"color: #6d6d6d;\"><strong>Comprar online <a href=\"https:\/\/watcool.com\/pt\/fontes-de-agua\/35-4-suporte-torneira.html#\/8-type_de_bouteille-com_tampa_de_5_galoes\" target=\"_blank\" rel=\"noopener\"><img loading=\"lazy\" decoding=\"async\" class=\"alignnone wp-image-30290\" title=\"watcool\" src=\"https:\/\/www.hods.eu\/wp-content\/uploads\/web.jpg\" alt=\"watcool\" width=\"90\" height=\"18\" srcset=\"https:\/\/www.hods.eu\/wp-content\/uploads\/web.jpg 200w, https:\/\/www.hods.eu\/wp-content\/uploads\/web-150x30.jpg 150w\" sizes=\"auto, (max-width: 90px) 100vw, 90px\" \/><\/a><\/strong> <\/span><\/p>\n","protected":false},"featured_media":29234,"template":"","meta":[],"product_brand":[],"product_cat":[84],"product_tag":[],"class_list":{"0":"post-19139","1":"product","2":"type-product","3":"status-publish","4":"has-post-thumbnail","6":"product_cat-acessorios","8":"first","9":"instock","10":"shipping-taxable","11":"product-type-simple"},"yoast_head":"<!-- This site is optimized with the Yoast SEO plugin v27.3 - https:\/\/yoast.com\/product\/yoast-seo-wordpress\/ -->\n<title>Kit Suporte + Torneira Distribuidor manual de \u00e1gua - HODS<\/title>\n<meta name=\"description\" content=\"Kit Suporte + Torneira \u00e9 outra forma, tamb\u00e9m muito econ\u00f3mica, de ter um dispensador de \u00e1gua natural muito simples e eficiente em casa.\" \/>\n<meta name=\"robots\" content=\"index, follow, max-snippet:-1, max-image-preview:large, max-video-preview:-1\" \/>\n<link rel=\"canonical\" href=\"https:\/\/www.hods.eu\/pt-pt\/productos\/kit-suporte-torneira\/\" \/>\n<meta property=\"og:locale\" content=\"pt_PT\" \/>\n<meta property=\"og:type\" content=\"article\" \/>\n<meta property=\"og:title\" content=\"Kit Suporte + Torneira Distribuidor manual de \u00e1gua - HODS\" \/>\n<meta property=\"og:description\" content=\"Kit Suporte + Torneira \u00e9 outra forma, tamb\u00e9m muito econ\u00f3mica, de ter um dispensador de \u00e1gua natural muito simples e eficiente em casa.\" \/>\n<meta property=\"og:url\" content=\"https:\/\/www.hods.eu\/pt-pt\/productos\/kit-suporte-torneira\/\" \/>\n<meta property=\"og:site_name\" content=\"HODS\" \/>\n<meta property=\"article:modified_time\" content=\"2023-06-09T09:37:36+00:00\" \/>\n<meta property=\"og:image\" content=\"https:\/\/www.hods.eu\/wp-content\/uploads\/2021-hods_hq_grifo_blanco_rosca_03.jpg\" \/>\n\t<meta property=\"og:image:width\" content=\"768\" \/>\n\t<meta property=\"og:image:height\" content=\"1024\" \/>\n\t<meta property=\"og:image:type\" content=\"image\/jpeg\" \/>\n<meta name=\"twitter:card\" content=\"summary_large_image\" \/>\n<meta name=\"twitter:label1\" content=\"Tempo estimado de leitura\" \/>\n\t<meta name=\"twitter:data1\" content=\"1 minuto\" \/>\n<script type=\"application\/ld+json\" class=\"yoast-schema-graph\">{\"@context\":\"https:\\\/\\\/schema.org\",\"@graph\":[{\"@type\":\"WebPage\",\"@id\":\"https:\\\/\\\/www.hods.eu\\\/pt-pt\\\/productos\\\/kit-suporte-torneira\\\/\",\"url\":\"https:\\\/\\\/www.hods.eu\\\/pt-pt\\\/productos\\\/kit-suporte-torneira\\\/\",\"name\":\"Kit Suporte + Torneira Distribuidor manual de \u00e1gua - HODS\",\"isPartOf\":{\"@id\":\"https:\\\/\\\/www.hods.eu\\\/pt-pt\\\/#website\"},\"primaryImageOfPage\":{\"@id\":\"https:\\\/\\\/www.hods.eu\\\/pt-pt\\\/productos\\\/kit-suporte-torneira\\\/#primaryimage\"},\"image\":{\"@id\":\"https:\\\/\\\/www.hods.eu\\\/pt-pt\\\/productos\\\/kit-suporte-torneira\\\/#primaryimage\"},\"thumbnailUrl\":\"https:\\\/\\\/www.hods.eu\\\/wp-content\\\/uploads\\\/2021-hods_hq_grifo_blanco_rosca_03.jpg\",\"datePublished\":\"2016-02-18T10:03:09+00:00\",\"dateModified\":\"2023-06-09T09:37:36+00:00\",\"description\":\"Kit Suporte + Torneira \u00e9 outra forma, tamb\u00e9m muito econ\u00f3mica, de ter um dispensador de \u00e1gua natural muito simples e eficiente em casa.\",\"breadcrumb\":{\"@id\":\"https:\\\/\\\/www.hods.eu\\\/pt-pt\\\/productos\\\/kit-suporte-torneira\\\/#breadcrumb\"},\"inLanguage\":\"pt-PT\",\"potentialAction\":[{\"@type\":\"ReadAction\",\"target\":[\"https:\\\/\\\/www.hods.eu\\\/pt-pt\\\/productos\\\/kit-suporte-torneira\\\/\"]}]},{\"@type\":\"ImageObject\",\"inLanguage\":\"pt-PT\",\"@id\":\"https:\\\/\\\/www.hods.eu\\\/pt-pt\\\/productos\\\/kit-suporte-torneira\\\/#primaryimage\",\"url\":\"https:\\\/\\\/www.hods.eu\\\/wp-content\\\/uploads\\\/2021-hods_hq_grifo_blanco_rosca_03.jpg\",\"contentUrl\":\"https:\\\/\\\/www.hods.eu\\\/wp-content\\\/uploads\\\/2021-hods_hq_grifo_blanco_rosca_03.jpg\",\"width\":768,\"height\":1024,\"caption\":\"Kit de suporte de metal preto + torneira para garrafas com gargalo de 55mm\"},{\"@type\":\"BreadcrumbList\",\"@id\":\"https:\\\/\\\/www.hods.eu\\\/pt-pt\\\/productos\\\/kit-suporte-torneira\\\/#breadcrumb\",\"itemListElement\":[{\"@type\":\"ListItem\",\"position\":1,\"name\":\"Portada\",\"item\":\"https:\\\/\\\/www.hods.eu\\\/pt-pt\\\/\"},{\"@type\":\"ListItem\",\"position\":2,\"name\":\"Tienda\",\"item\":\"https:\\\/\\\/www.hods.eu\\\/tienda\\\/\"},{\"@type\":\"ListItem\",\"position\":3,\"name\":\"Suporte + Torneira\"}]},{\"@type\":\"WebSite\",\"@id\":\"https:\\\/\\\/www.hods.eu\\\/pt-pt\\\/#website\",\"url\":\"https:\\\/\\\/www.hods.eu\\\/pt-pt\\\/\",\"name\":\"HODS\",\"description\":\"water? drink with us\",\"publisher\":{\"@id\":\"https:\\\/\\\/www.hods.eu\\\/pt-pt\\\/#organization\"},\"potentialAction\":[{\"@type\":\"SearchAction\",\"target\":{\"@type\":\"EntryPoint\",\"urlTemplate\":\"https:\\\/\\\/www.hods.eu\\\/pt-pt\\\/?s={search_term_string}\"},\"query-input\":{\"@type\":\"PropertyValueSpecification\",\"valueRequired\":true,\"valueName\":\"search_term_string\"}}],\"inLanguage\":\"pt-PT\"},{\"@type\":\"Organization\",\"@id\":\"https:\\\/\\\/www.hods.eu\\\/pt-pt\\\/#organization\",\"name\":\"HODS\",\"url\":\"https:\\\/\\\/www.hods.eu\\\/pt-pt\\\/\",\"logo\":{\"@type\":\"ImageObject\",\"inLanguage\":\"pt-PT\",\"@id\":\"https:\\\/\\\/www.hods.eu\\\/pt-pt\\\/#\\\/schema\\\/logo\\\/image\\\/\",\"url\":\"https:\\\/\\\/www.hods.eu\\\/wp-content\\\/uploads\\\/hods-completo-blanco2.jpg\",\"contentUrl\":\"https:\\\/\\\/www.hods.eu\\\/wp-content\\\/uploads\\\/hods-completo-blanco2.jpg\",\"width\":500,\"height\":179,\"caption\":\"HODS\"},\"image\":{\"@id\":\"https:\\\/\\\/www.hods.eu\\\/pt-pt\\\/#\\\/schema\\\/logo\\\/image\\\/\"}}]}<\/script>\n<!-- \/ Yoast SEO plugin. -->","yoast_head_json":{"title":"Kit Suporte + Torneira Distribuidor manual de \u00e1gua - HODS","description":"Kit Suporte + Torneira \u00e9 outra forma, tamb\u00e9m muito econ\u00f3mica, de ter um dispensador de \u00e1gua natural muito simples e eficiente em casa.","robots":{"index":"index","follow":"follow","max-snippet":"max-snippet:-1","max-image-preview":"max-image-preview:large","max-video-preview":"max-video-preview:-1"},"canonical":"https:\/\/www.hods.eu\/pt-pt\/productos\/kit-suporte-torneira\/","og_locale":"pt_PT","og_type":"article","og_title":"Kit Suporte + Torneira Distribuidor manual de \u00e1gua - HODS","og_description":"Kit Suporte + Torneira \u00e9 outra forma, tamb\u00e9m muito econ\u00f3mica, de ter um dispensador de \u00e1gua natural muito simples e eficiente em casa.","og_url":"https:\/\/www.hods.eu\/pt-pt\/productos\/kit-suporte-torneira\/","og_site_name":"HODS","article_modified_time":"2023-06-09T09:37:36+00:00","og_image":[{"width":768,"height":1024,"url":"https:\/\/www.hods.eu\/wp-content\/uploads\/2021-hods_hq_grifo_blanco_rosca_03.jpg","type":"image\/jpeg"}],"twitter_card":"summary_large_image","twitter_misc":{"Tempo estimado de leitura":"1 minuto"},"schema":{"@context":"https:\/\/schema.org","@graph":[{"@type":"WebPage","@id":"https:\/\/www.hods.eu\/pt-pt\/productos\/kit-suporte-torneira\/","url":"https:\/\/www.hods.eu\/pt-pt\/productos\/kit-suporte-torneira\/","name":"Kit Suporte + Torneira Distribuidor manual de \u00e1gua - HODS","isPartOf":{"@id":"https:\/\/www.hods.eu\/pt-pt\/#website"},"primaryImageOfPage":{"@id":"https:\/\/www.hods.eu\/pt-pt\/productos\/kit-suporte-torneira\/#primaryimage"},"image":{"@id":"https:\/\/www.hods.eu\/pt-pt\/productos\/kit-suporte-torneira\/#primaryimage"},"thumbnailUrl":"https:\/\/www.hods.eu\/wp-content\/uploads\/2021-hods_hq_grifo_blanco_rosca_03.jpg","datePublished":"2016-02-18T10:03:09+00:00","dateModified":"2023-06-09T09:37:36+00:00","description":"Kit Suporte + Torneira \u00e9 outra forma, tamb\u00e9m muito econ\u00f3mica, de ter um dispensador de \u00e1gua natural muito simples e eficiente em casa.","breadcrumb":{"@id":"https:\/\/www.hods.eu\/pt-pt\/productos\/kit-suporte-torneira\/#breadcrumb"},"inLanguage":"pt-PT","potentialAction":[{"@type":"ReadAction","target":["https:\/\/www.hods.eu\/pt-pt\/productos\/kit-suporte-torneira\/"]}]},{"@type":"ImageObject","inLanguage":"pt-PT","@id":"https:\/\/www.hods.eu\/pt-pt\/productos\/kit-suporte-torneira\/#primaryimage","url":"https:\/\/www.hods.eu\/wp-content\/uploads\/2021-hods_hq_grifo_blanco_rosca_03.jpg","contentUrl":"https:\/\/www.hods.eu\/wp-content\/uploads\/2021-hods_hq_grifo_blanco_rosca_03.jpg","width":768,"height":1024,"caption":"Kit de suporte de metal preto + torneira para garrafas com gargalo de 55mm"},{"@type":"BreadcrumbList","@id":"https:\/\/www.hods.eu\/pt-pt\/productos\/kit-suporte-torneira\/#breadcrumb","itemListElement":[{"@type":"ListItem","position":1,"name":"Portada","item":"https:\/\/www.hods.eu\/pt-pt\/"},{"@type":"ListItem","position":2,"name":"Tienda","item":"https:\/\/www.hods.eu\/tienda\/"},{"@type":"ListItem","position":3,"name":"Suporte + Torneira"}]},{"@type":"WebSite","@id":"https:\/\/www.hods.eu\/pt-pt\/#website","url":"https:\/\/www.hods.eu\/pt-pt\/","name":"HODS","description":"water? drink with us","publisher":{"@id":"https:\/\/www.hods.eu\/pt-pt\/#organization"},"potentialAction":[{"@type":"SearchAction","target":{"@type":"EntryPoint","urlTemplate":"https:\/\/www.hods.eu\/pt-pt\/?s={search_term_string}"},"query-input":{"@type":"PropertyValueSpecification","valueRequired":true,"valueName":"search_term_string"}}],"inLanguage":"pt-PT"},{"@type":"Organization","@id":"https:\/\/www.hods.eu\/pt-pt\/#organization","name":"HODS","url":"https:\/\/www.hods.eu\/pt-pt\/","logo":{"@type":"ImageObject","inLanguage":"pt-PT","@id":"https:\/\/www.hods.eu\/pt-pt\/#\/schema\/logo\/image\/","url":"https:\/\/www.hods.eu\/wp-content\/uploads\/hods-completo-blanco2.jpg","contentUrl":"https:\/\/www.hods.eu\/wp-content\/uploads\/hods-completo-blanco2.jpg","width":500,"height":179,"caption":"HODS"},"image":{"@id":"https:\/\/www.hods.eu\/pt-pt\/#\/schema\/logo\/image\/"}}]}},"_links":{"self":[{"href":"https:\/\/www.hods.eu\/pt-pt\/wp-json\/wp\/v2\/product\/19139","targetHints":{"allow":["GET"]}}],"collection":[{"href":"https:\/\/www.hods.eu\/pt-pt\/wp-json\/wp\/v2\/product"}],"about":[{"href":"https:\/\/www.hods.eu\/pt-pt\/wp-json\/wp\/v2\/types\/product"}],"wp:featuredmedia":[{"embeddable":true,"href":"https:\/\/www.hods.eu\/pt-pt\/wp-json\/wp\/v2\/media\/29234"}],"wp:attachment":[{"href":"https:\/\/www.hods.eu\/pt-pt\/wp-json\/wp\/v2\/media?parent=19139"}],"wp:term":[{"taxonomy":"product_brand","embeddable":true,"href":"https:\/\/www.hods.eu\/pt-pt\/wp-json\/wp\/v2\/product_brand?post=19139"},{"taxonomy":"product_cat","embeddable":true,"href":"https:\/\/www.hods.eu\/pt-pt\/wp-json\/wp\/v2\/product_cat?post=19139"},{"taxonomy":"product_tag","embeddable":true,"href":"https:\/\/www.hods.eu\/pt-pt\/wp-json\/wp\/v2\/product_tag?post=19139"}],"curies":[{"name":"wp","href":"https:\/\/api.w.org\/{rel}","templated":true}]}}