{"id":19137,"date":"2016-02-18T11:04:20","date_gmt":"2016-02-18T10:04:20","guid":{"rendered":"https:\/\/www.hods.eu\/producto\/bomba-de-agua\/"},"modified":"2023-02-15T10:22:00","modified_gmt":"2023-02-15T09:22:00","slug":"bomba-de-agua","status":"publish","type":"product","link":"https:\/\/www.hods.eu\/pt-pt\/productos\/bomba-de-agua\/","title":{"rendered":"Bomba de \u00e1gua"},"content":{"rendered":"<h3 style=\"text-align: justify; color: #6d6d6d;\">A bomba de \u00e1gua manual \u00e9 a forma mais econ\u00f3mica de ter um dispensador de \u00e1gua natural \u00e0 temperatura ambiente em sua casa muito simples.<\/h3>\n<p style=\"text-align: justify; color: #6d6d6d;\">A sua utiliza\u00e7\u00e3o \u00e9 muito simples e eficaz. Incorpora uma v\u00e1lvula de escape que voc\u00ea pode operar para <strong>evitar derramamento<\/strong> do recipiente a ser enchido. Tamb\u00e9m cont\u00e9m um separador que n\u00e3o goteja para evitar que a \u00e1gua se derrame sobre o ch\u00e3o. Al\u00e9m disso, <strong>vem com 4 c\u00e2nulas<\/strong> que lhe permitem colocar a Bomba Manual de \u00c1gua em diferentes formatos de garrafas.<\/p>\n<p style=\"text-align: justify; color: #6d6d6d;\">Aceita formatos, tanto <a href=\"https:\/\/www.hods.eu\/pt-pt\/producto\/garrafao-pet-12-litros\/\">12 litros<\/a>, <a href=\"https:\/\/www.hods.eu\/pt-pt\/producto\/garrafao-pet-18-9-litros\/\">18,9 litros<\/a> e at\u00e9 <a href=\"https:\/\/www.hods.eu\/pt-pt\/producto\/garrafao-pet-20-litros\/\">20 litros<\/a>. \u00c9 totalmente compat\u00edvel com <strong>garrafas PET<\/strong> com a nossa <a href=\"https:\/\/www.hods.eu\/pt-pt\/producto\/tampa-5-galoes\/\">tampa de 5 gal\u00f5es<\/a>. Adapta-se perfeitamente a qualquer garrafa cujo gargalo mede 55 mil\u00edmetros.<\/p>\n<p style=\"text-align: justify; color: #6d6d6d;\">A bomba manual \u00e9 uma forma muito <strong>pr\u00e1tica<\/strong> e simples de dispensar \u00e1gua. \u00c9 um produto que simplifica a distribui\u00e7\u00e3o de \u00e1gua em garrafas de grande formato, permitindo-lhes reduzir o n\u00famero de pl\u00e1sticos gerados com a compra de muitas garrafas de \u00e1gua. \u00c9 muito f\u00e1cil de limpar e confort\u00e1vel de usar.<\/p>\n<p style=\"text-align: justify; color: #6d6d6d;\">A sua funcionalidade aumenta quando o complementamos com o nosso novo <a href=\"https:\/\/www.hods.eu\/pt-pt\/producto\/empilhador-de-garrafoes\/\">empilhador<\/a> de 2 garrafas. Desta forma, obtemos uma fonte de \u00e1gua temperada totalmente completa e o armazenamento de 2 garrafas, para al\u00e9m de o elevar do ch\u00e3o at\u00e9 uma altura perfeita para dispensar.<\/p>\n<p><a href=\"https:\/\/watcool.com\/pt\/fontes-de-agua\/39-bomba-agua.html\" target=\"_blank\" rel=\"noopener\">Watcool<\/a><\/p>\n","protected":false},"excerpt":{"rendered":"<p><img decoding=\"async\" src=\"https:\/\/www.hods.eu\/wp-content\/uploads\/agua.png\" border=\"0\" \/><span style=\"color: #6d6d6d;\">Distribuidor <strong>manual<\/strong> de \u00e1gua.<\/span><\/p>\n<p><img decoding=\"async\" src=\"https:\/\/www.hods.eu\/wp-content\/uploads\/botellon.png\" border=\"0\" \/><span style=\"color: #6d6d6d;\">Admite <strong>garrafas<\/strong> de 11,8 a 20 litros com tampa de 5 gal\u00f5es.<\/span><\/p>\n<p><img decoding=\"async\" src=\"https:\/\/www.hods.eu\/wp-content\/uploads\/facil.png\" border=\"0\" \/><span style=\"color: #6d6d6d;\">Leve e f\u00e1cil de usar.<\/span><\/p>\n<p><img decoding=\"async\" src=\"https:\/\/www.hods.eu\/wp-content\/uploads\/combinable.png\" border=\"0\" \/><span style=\"color: #6d6d6d;\">Combin\u00e1vel com empilhador de garrafas.<\/span><\/p>\n<p>&nbsp;<\/p>\n<p>&nbsp;<\/p>\n<p><span style=\"color: #6d6d6d;\"><strong>Comprar na loja online <a href=\"https:\/\/watcool.com\/pt\/fontes-de-agua\/39-bomba-agua.html\" target=\"_blank\" rel=\"noopener\"><img loading=\"lazy\" decoding=\"async\" class=\"alignnone wp-image-30290\" title=\"watcool\" src=\"https:\/\/www.hods.eu\/wp-content\/uploads\/web.jpg\" alt=\"watcool\" width=\"90\" height=\"18\" srcset=\"https:\/\/www.hods.eu\/wp-content\/uploads\/web.jpg 200w, https:\/\/www.hods.eu\/wp-content\/uploads\/web-150x30.jpg 150w\" sizes=\"auto, (max-width: 90px) 100vw, 90px\" \/><\/a><\/strong> <\/span><\/p>\n","protected":false},"featured_media":26335,"template":"","meta":[],"product_brand":[],"product_cat":[84],"product_tag":[],"class_list":{"0":"post-19137","1":"product","2":"type-product","3":"status-publish","4":"has-post-thumbnail","6":"product_cat-acessorios","8":"first","9":"instock","10":"shipping-taxable","11":"product-type-simple"},"yoast_head":"<!-- This site is optimized with the Yoast SEO plugin v27.3 - https:\/\/yoast.com\/product\/yoast-seo-wordpress\/ -->\n<title>Bomba de \u00e1gua manual Distribuidor de \u00e1gua - HODS<\/title>\n<meta name=\"description\" content=\"A bomba de \u00e1gua manual \u00e9 a forma mais econ\u00f3mica de ter um dispensador de \u00e1gua natural muito simples \u00e0 temperatura temperada.\" \/>\n<meta name=\"robots\" content=\"index, follow, max-snippet:-1, max-image-preview:large, max-video-preview:-1\" \/>\n<link rel=\"canonical\" href=\"https:\/\/www.hods.eu\/pt-pt\/productos\/bomba-de-agua\/\" \/>\n<meta property=\"og:locale\" content=\"pt_PT\" \/>\n<meta property=\"og:type\" content=\"article\" \/>\n<meta property=\"og:title\" content=\"Bomba de \u00e1gua manual Distribuidor de \u00e1gua - HODS\" \/>\n<meta property=\"og:description\" content=\"A bomba de \u00e1gua manual \u00e9 a forma mais econ\u00f3mica de ter um dispensador de \u00e1gua natural muito simples \u00e0 temperatura temperada.\" \/>\n<meta property=\"og:url\" content=\"https:\/\/www.hods.eu\/pt-pt\/productos\/bomba-de-agua\/\" \/>\n<meta property=\"og:site_name\" content=\"HODS\" \/>\n<meta property=\"article:modified_time\" content=\"2023-02-15T09:22:00+00:00\" \/>\n<meta property=\"og:image\" content=\"https:\/\/www.hods.eu\/wp-content\/uploads\/bombamanual_hods_web_01.jpg\" \/>\n\t<meta property=\"og:image:width\" content=\"768\" \/>\n\t<meta property=\"og:image:height\" content=\"1024\" \/>\n\t<meta property=\"og:image:type\" content=\"image\/jpeg\" \/>\n<meta name=\"twitter:card\" content=\"summary_large_image\" \/>\n<meta name=\"twitter:label1\" content=\"Tempo estimado de leitura\" \/>\n\t<meta name=\"twitter:data1\" content=\"1 minuto\" \/>\n<script type=\"application\/ld+json\" class=\"yoast-schema-graph\">{\"@context\":\"https:\\\/\\\/schema.org\",\"@graph\":[{\"@type\":\"WebPage\",\"@id\":\"https:\\\/\\\/www.hods.eu\\\/pt-pt\\\/productos\\\/bomba-de-agua\\\/\",\"url\":\"https:\\\/\\\/www.hods.eu\\\/pt-pt\\\/productos\\\/bomba-de-agua\\\/\",\"name\":\"Bomba de \u00e1gua manual Distribuidor de \u00e1gua - HODS\",\"isPartOf\":{\"@id\":\"https:\\\/\\\/www.hods.eu\\\/pt-pt\\\/#website\"},\"primaryImageOfPage\":{\"@id\":\"https:\\\/\\\/www.hods.eu\\\/pt-pt\\\/productos\\\/bomba-de-agua\\\/#primaryimage\"},\"image\":{\"@id\":\"https:\\\/\\\/www.hods.eu\\\/pt-pt\\\/productos\\\/bomba-de-agua\\\/#primaryimage\"},\"thumbnailUrl\":\"https:\\\/\\\/www.hods.eu\\\/wp-content\\\/uploads\\\/bombamanual_hods_web_01.jpg\",\"datePublished\":\"2016-02-18T10:04:20+00:00\",\"dateModified\":\"2023-02-15T09:22:00+00:00\",\"description\":\"A bomba de \u00e1gua manual \u00e9 a forma mais econ\u00f3mica de ter um dispensador de \u00e1gua natural muito simples \u00e0 temperatura temperada.\",\"breadcrumb\":{\"@id\":\"https:\\\/\\\/www.hods.eu\\\/pt-pt\\\/productos\\\/bomba-de-agua\\\/#breadcrumb\"},\"inLanguage\":\"pt-PT\",\"potentialAction\":[{\"@type\":\"ReadAction\",\"target\":[\"https:\\\/\\\/www.hods.eu\\\/pt-pt\\\/productos\\\/bomba-de-agua\\\/\"]}]},{\"@type\":\"ImageObject\",\"inLanguage\":\"pt-PT\",\"@id\":\"https:\\\/\\\/www.hods.eu\\\/pt-pt\\\/productos\\\/bomba-de-agua\\\/#primaryimage\",\"url\":\"https:\\\/\\\/www.hods.eu\\\/wp-content\\\/uploads\\\/bombamanual_hods_web_01.jpg\",\"contentUrl\":\"https:\\\/\\\/www.hods.eu\\\/wp-content\\\/uploads\\\/bombamanual_hods_web_01.jpg\",\"width\":768,\"height\":1024,\"caption\":\"Bomba de \u00e1gua manual para garraf\u00f5es de 5 gal\u00f5es ou garraf\u00f5es com rolha de 5 gal\u00f5es. Dispensa facilmente a \u00e1gua.\"},{\"@type\":\"BreadcrumbList\",\"@id\":\"https:\\\/\\\/www.hods.eu\\\/pt-pt\\\/productos\\\/bomba-de-agua\\\/#breadcrumb\",\"itemListElement\":[{\"@type\":\"ListItem\",\"position\":1,\"name\":\"Portada\",\"item\":\"https:\\\/\\\/www.hods.eu\\\/pt-pt\\\/\"},{\"@type\":\"ListItem\",\"position\":2,\"name\":\"Tienda\",\"item\":\"https:\\\/\\\/www.hods.eu\\\/tienda\\\/\"},{\"@type\":\"ListItem\",\"position\":3,\"name\":\"Bomba de \u00e1gua\"}]},{\"@type\":\"WebSite\",\"@id\":\"https:\\\/\\\/www.hods.eu\\\/pt-pt\\\/#website\",\"url\":\"https:\\\/\\\/www.hods.eu\\\/pt-pt\\\/\",\"name\":\"HODS\",\"description\":\"water? drink with us\",\"publisher\":{\"@id\":\"https:\\\/\\\/www.hods.eu\\\/pt-pt\\\/#organization\"},\"potentialAction\":[{\"@type\":\"SearchAction\",\"target\":{\"@type\":\"EntryPoint\",\"urlTemplate\":\"https:\\\/\\\/www.hods.eu\\\/pt-pt\\\/?s={search_term_string}\"},\"query-input\":{\"@type\":\"PropertyValueSpecification\",\"valueRequired\":true,\"valueName\":\"search_term_string\"}}],\"inLanguage\":\"pt-PT\"},{\"@type\":\"Organization\",\"@id\":\"https:\\\/\\\/www.hods.eu\\\/pt-pt\\\/#organization\",\"name\":\"HODS\",\"url\":\"https:\\\/\\\/www.hods.eu\\\/pt-pt\\\/\",\"logo\":{\"@type\":\"ImageObject\",\"inLanguage\":\"pt-PT\",\"@id\":\"https:\\\/\\\/www.hods.eu\\\/pt-pt\\\/#\\\/schema\\\/logo\\\/image\\\/\",\"url\":\"https:\\\/\\\/www.hods.eu\\\/wp-content\\\/uploads\\\/hods-completo-blanco2.jpg\",\"contentUrl\":\"https:\\\/\\\/www.hods.eu\\\/wp-content\\\/uploads\\\/hods-completo-blanco2.jpg\",\"width\":500,\"height\":179,\"caption\":\"HODS\"},\"image\":{\"@id\":\"https:\\\/\\\/www.hods.eu\\\/pt-pt\\\/#\\\/schema\\\/logo\\\/image\\\/\"}}]}<\/script>\n<!-- \/ Yoast SEO plugin. -->","yoast_head_json":{"title":"Bomba de \u00e1gua manual Distribuidor de \u00e1gua - HODS","description":"A bomba de \u00e1gua manual \u00e9 a forma mais econ\u00f3mica de ter um dispensador de \u00e1gua natural muito simples \u00e0 temperatura temperada.","robots":{"index":"index","follow":"follow","max-snippet":"max-snippet:-1","max-image-preview":"max-image-preview:large","max-video-preview":"max-video-preview:-1"},"canonical":"https:\/\/www.hods.eu\/pt-pt\/productos\/bomba-de-agua\/","og_locale":"pt_PT","og_type":"article","og_title":"Bomba de \u00e1gua manual Distribuidor de \u00e1gua - HODS","og_description":"A bomba de \u00e1gua manual \u00e9 a forma mais econ\u00f3mica de ter um dispensador de \u00e1gua natural muito simples \u00e0 temperatura temperada.","og_url":"https:\/\/www.hods.eu\/pt-pt\/productos\/bomba-de-agua\/","og_site_name":"HODS","article_modified_time":"2023-02-15T09:22:00+00:00","og_image":[{"width":768,"height":1024,"url":"https:\/\/www.hods.eu\/wp-content\/uploads\/bombamanual_hods_web_01.jpg","type":"image\/jpeg"}],"twitter_card":"summary_large_image","twitter_misc":{"Tempo estimado de leitura":"1 minuto"},"schema":{"@context":"https:\/\/schema.org","@graph":[{"@type":"WebPage","@id":"https:\/\/www.hods.eu\/pt-pt\/productos\/bomba-de-agua\/","url":"https:\/\/www.hods.eu\/pt-pt\/productos\/bomba-de-agua\/","name":"Bomba de \u00e1gua manual Distribuidor de \u00e1gua - HODS","isPartOf":{"@id":"https:\/\/www.hods.eu\/pt-pt\/#website"},"primaryImageOfPage":{"@id":"https:\/\/www.hods.eu\/pt-pt\/productos\/bomba-de-agua\/#primaryimage"},"image":{"@id":"https:\/\/www.hods.eu\/pt-pt\/productos\/bomba-de-agua\/#primaryimage"},"thumbnailUrl":"https:\/\/www.hods.eu\/wp-content\/uploads\/bombamanual_hods_web_01.jpg","datePublished":"2016-02-18T10:04:20+00:00","dateModified":"2023-02-15T09:22:00+00:00","description":"A bomba de \u00e1gua manual \u00e9 a forma mais econ\u00f3mica de ter um dispensador de \u00e1gua natural muito simples \u00e0 temperatura temperada.","breadcrumb":{"@id":"https:\/\/www.hods.eu\/pt-pt\/productos\/bomba-de-agua\/#breadcrumb"},"inLanguage":"pt-PT","potentialAction":[{"@type":"ReadAction","target":["https:\/\/www.hods.eu\/pt-pt\/productos\/bomba-de-agua\/"]}]},{"@type":"ImageObject","inLanguage":"pt-PT","@id":"https:\/\/www.hods.eu\/pt-pt\/productos\/bomba-de-agua\/#primaryimage","url":"https:\/\/www.hods.eu\/wp-content\/uploads\/bombamanual_hods_web_01.jpg","contentUrl":"https:\/\/www.hods.eu\/wp-content\/uploads\/bombamanual_hods_web_01.jpg","width":768,"height":1024,"caption":"Bomba de \u00e1gua manual para garraf\u00f5es de 5 gal\u00f5es ou garraf\u00f5es com rolha de 5 gal\u00f5es. Dispensa facilmente a \u00e1gua."},{"@type":"BreadcrumbList","@id":"https:\/\/www.hods.eu\/pt-pt\/productos\/bomba-de-agua\/#breadcrumb","itemListElement":[{"@type":"ListItem","position":1,"name":"Portada","item":"https:\/\/www.hods.eu\/pt-pt\/"},{"@type":"ListItem","position":2,"name":"Tienda","item":"https:\/\/www.hods.eu\/tienda\/"},{"@type":"ListItem","position":3,"name":"Bomba de \u00e1gua"}]},{"@type":"WebSite","@id":"https:\/\/www.hods.eu\/pt-pt\/#website","url":"https:\/\/www.hods.eu\/pt-pt\/","name":"HODS","description":"water? drink with us","publisher":{"@id":"https:\/\/www.hods.eu\/pt-pt\/#organization"},"potentialAction":[{"@type":"SearchAction","target":{"@type":"EntryPoint","urlTemplate":"https:\/\/www.hods.eu\/pt-pt\/?s={search_term_string}"},"query-input":{"@type":"PropertyValueSpecification","valueRequired":true,"valueName":"search_term_string"}}],"inLanguage":"pt-PT"},{"@type":"Organization","@id":"https:\/\/www.hods.eu\/pt-pt\/#organization","name":"HODS","url":"https:\/\/www.hods.eu\/pt-pt\/","logo":{"@type":"ImageObject","inLanguage":"pt-PT","@id":"https:\/\/www.hods.eu\/pt-pt\/#\/schema\/logo\/image\/","url":"https:\/\/www.hods.eu\/wp-content\/uploads\/hods-completo-blanco2.jpg","contentUrl":"https:\/\/www.hods.eu\/wp-content\/uploads\/hods-completo-blanco2.jpg","width":500,"height":179,"caption":"HODS"},"image":{"@id":"https:\/\/www.hods.eu\/pt-pt\/#\/schema\/logo\/image\/"}}]}},"_links":{"self":[{"href":"https:\/\/www.hods.eu\/pt-pt\/wp-json\/wp\/v2\/product\/19137","targetHints":{"allow":["GET"]}}],"collection":[{"href":"https:\/\/www.hods.eu\/pt-pt\/wp-json\/wp\/v2\/product"}],"about":[{"href":"https:\/\/www.hods.eu\/pt-pt\/wp-json\/wp\/v2\/types\/product"}],"wp:featuredmedia":[{"embeddable":true,"href":"https:\/\/www.hods.eu\/pt-pt\/wp-json\/wp\/v2\/media\/26335"}],"wp:attachment":[{"href":"https:\/\/www.hods.eu\/pt-pt\/wp-json\/wp\/v2\/media?parent=19137"}],"wp:term":[{"taxonomy":"product_brand","embeddable":true,"href":"https:\/\/www.hods.eu\/pt-pt\/wp-json\/wp\/v2\/product_brand?post=19137"},{"taxonomy":"product_cat","embeddable":true,"href":"https:\/\/www.hods.eu\/pt-pt\/wp-json\/wp\/v2\/product_cat?post=19137"},{"taxonomy":"product_tag","embeddable":true,"href":"https:\/\/www.hods.eu\/pt-pt\/wp-json\/wp\/v2\/product_tag?post=19137"}],"curies":[{"name":"wp","href":"https:\/\/api.w.org\/{rel}","templated":true}]}}