{"id":19133,"date":"2016-02-18T11:06:45","date_gmt":"2016-02-18T10:06:45","guid":{"rendered":"https:\/\/www.hods.eu\/producto\/gerador-de-ozonio\/"},"modified":"2023-02-15T12:11:42","modified_gmt":"2023-02-15T11:11:42","slug":"gerador-de-ozonio","status":"publish","type":"product","link":"https:\/\/www.hods.eu\/pt-pt\/productos\/gerador-de-ozonio\/","title":{"rendered":"Gerador de oz\u00f4nio"},"content":{"rendered":"<h3 style=\"text-align: justify; color: #6d6d6d;\" data-mce-style=\"text-align: justify; color: #6d6d6d;\">O Gerador de Oz\u00f4nio ou Ozonizador \u00e9 considerado o melhor desinfetante do mercado. \u00c9 utilizado em todos os tipos de ind\u00fastrias e ambientes, j\u00e1 que pode desinfetar onde outros produtos qu\u00edmicos n\u00e3o podem.<\/h3>\n<p style=\"text-align: justify; color: #6d6d6d;\" data-mce-style=\"text-align: justify; color: #6d6d6d;\">Entre as propriedades do Gerador de Oz\u00f4nio est\u00e3o <strong>BACTERIZA\u00c7\u00c3O<\/strong>, <strong>ESTERILIZA\u00c7\u00c3O<\/strong>, <strong>MICROBICIDADE<\/strong>, <strong>DESORIZA\u00c7\u00c3O<\/strong>, <strong>CURA\u00c7\u00c3O<\/strong> e <strong>VIRULICIDADE<\/strong>, o que o torna o produto ideal para a higieniza\u00e7\u00e3o completa dos dispensadores de \u00e1gua de uma forma r\u00e1pida, simples e segura. Desta forma, consegue \u00e1gua purificada e saud\u00e1vel para o consumo humano.<\/p>\n<p style=\"text-align: justify; color: #6d6d6d;\" data-mce-style=\"text-align: justify; color: #6d6d6d;\">\u00c9 um produto indispens\u00e1vel no <strong>cuidado dos <a href=\"https:\/\/www.hods.eu\/pt-pt\/producto\/elegance-branca\/\" data-mce-href=\"https:\/\/www.hods.eu\/pt-pt\/producto\/elegance-branca\/\">dispensadores de \u00e1gua<\/a><\/strong>. Mant\u00e9m uma correta higieniza\u00e7\u00e3o eliminando as bact\u00e9rias que podem ser geradas. \u00c9 aconselh\u00e1vel utilizar outro produto higienizante como o <a href=\"https:\/\/www.hods.eu\/pt-pt\/producto\/divosan-mezzo\/\" data-mce-href=\"https:\/\/www.hods.eu\/pt-pt\/producto\/divosan-mezzo\/\">Divosan Mezzo<\/a>, pois este tamb\u00e9m pode remover a sujidade. Al\u00e9m disso, ap\u00f3s qualquer sanitiza\u00e7\u00e3o, o pH da \u00e1gua deve ser verificado, para isso voc\u00ea pode usar o <a href=\"https:\/\/www.hods.eu\/pt-pt\/producto\/medidor-de-ph\/\" data-mce-href=\"https:\/\/www.hods.eu\/pt-pt\/producto\/medidor-de-ph\/\">medidor de pH<\/a>.<\/p>\n<p style=\"text-align: justify; color: #6d6d6d;\" data-mce-style=\"text-align: justify; color: #6d6d6d;\">O gerador de oz\u00f4nio n\u00e3o cont\u00e9m oz\u00f4nio, mas o gera. Gra\u00e7as \u00e0 eletricidade, dentro do sistema, o oz\u00f4nio \u00e9 produzido por uma rea\u00e7\u00e3o fotoqu\u00edmica. Nesta rea\u00e7\u00e3o, o oxig\u00eanio absorve um f\u00f3ton de luz e d\u00e1 origem a uma mol\u00e9cula de oz\u00f4nio. Portanto, \u00e9 um <strong>produto seguro<\/strong>. Tamb\u00e9m \u00e9 f\u00e1cil de transportar e armazenar, uma vez que a caixa est\u00e1 fechada com todos os componentes no seu interior.<\/p>\n<p><a data-mce-href=\"https:\/\/watcool.com\/pt\/limpeza-e-higiene\/56-gerador-ozonio.html\" href=\"https:\/\/watcool.com\/pt\/limpeza-e-higiene\/56-gerador-ozonio.html\">Watcool<\/a><\/p>\n","protected":false},"excerpt":{"rendered":"<p><img decoding=\"async\" src=\"https:\/\/www.hods.eu\/wp-content\/uploads\/bacterizida.png\" border=\"0\" data-mce-src=\"https:\/\/www.hods.eu\/wp-content\/uploads\/bacterizida.png\"><span style=\"color: #6d6d6d;\" data-mce-style=\"color: #6d6d6d;\"><strong>Virulicida<\/strong>, <strong>bactericida<\/strong> e <strong>microbicida<\/strong>.<\/span><\/p>\n<p><img decoding=\"async\" src=\"https:\/\/www.hods.eu\/wp-content\/uploads\/sinolor.png\" border=\"0\" data-mce-src=\"https:\/\/www.hods.eu\/wp-content\/uploads\/sinolor.png\"><span style=\"color: #6d6d6d;\" data-mce-style=\"color: #6d6d6d;\">Elimina odores nocivos.<\/span><\/p>\n<p><img decoding=\"async\" src=\"https:\/\/www.hods.eu\/wp-content\/uploads\/ozono.png\" border=\"0\" data-mce-src=\"https:\/\/www.hods.eu\/wp-content\/uploads\/ozono.png\"><span style=\"color: #6d6d6d;\" data-mce-style=\"color: #6d6d6d;\">N\u00e3o cont\u00e9m ozono. <strong>Gera ozono<\/strong>.<\/span><\/p>\n<p><img decoding=\"async\" src=\"https:\/\/www.hods.eu\/wp-content\/uploads\/facil.png\" border=\"0\" data-mce-src=\"https:\/\/www.hods.eu\/wp-content\/uploads\/facil.png\"><span style=\"color: #6d6d6d;\" data-mce-style=\"color: #6d6d6d;\">F\u00e1cil de transportar.<\/span><\/p>\n<p><\/p>\n<p><\/p>\n<p><span style=\"color: #6d6d6d;\" data-mce-style=\"color: #6d6d6d;\"><strong>Comprar na loja online <a href=\"https:\/\/watcool.com\/pt\/limpeza-e-higiene\/56-gerador-ozonio.html\" target=\"_blank\" rel=\"noopener\" data-mce-href=\"https:\/\/watcool.com\/pt\/limpeza-e-higiene\/56-gerador-ozonio.html\"><img loading=\"lazy\" decoding=\"async\" class=\"alignnone wp-image-30290\" title=\"watcool\" src=\"https:\/\/www.hods.eu\/wp-content\/uploads\/web.jpg\" alt=\"watcool\" width=\"90\" height=\"18\" data-mce-src=\"https:\/\/www.hods.eu\/wp-content\/uploads\/web.jpg\" srcset=\"https:\/\/www.hods.eu\/wp-content\/uploads\/web.jpg 200w, https:\/\/www.hods.eu\/wp-content\/uploads\/web-150x30.jpg 150w\" sizes=\"auto, (max-width: 90px) 100vw, 90px\" \/><\/a><\/strong> <\/span><\/p>\n","protected":false},"featured_media":26293,"template":"","meta":[],"product_brand":[],"product_cat":[89],"product_tag":[],"class_list":{"0":"post-19133","1":"product","2":"type-product","3":"status-publish","4":"has-post-thumbnail","6":"product_cat-limpeza-higiene","8":"first","9":"instock","10":"shipping-taxable","11":"product-type-simple"},"yoast_head":"<!-- This site is optimized with the Yoast SEO plugin v27.3 - https:\/\/yoast.com\/product\/yoast-seo-wordpress\/ -->\n<title>Gerador de oz\u00f4nio Limpeza do dispensador de \u00e1gua - HODS<\/title>\n<meta name=\"description\" content=\"O Gerador de Oz\u00f4nio ou Ozonizador \u00e9 considerado o melhor desinfetante do mercado. \u00c9 utilizado em todos os tipos de ind\u00fastrias e ambientes.\" \/>\n<meta name=\"robots\" content=\"index, follow, max-snippet:-1, max-image-preview:large, max-video-preview:-1\" \/>\n<link rel=\"canonical\" href=\"https:\/\/www.hods.eu\/pt-pt\/productos\/gerador-de-ozonio\/\" \/>\n<meta property=\"og:locale\" content=\"pt_PT\" \/>\n<meta property=\"og:type\" content=\"article\" \/>\n<meta property=\"og:title\" content=\"Gerador de oz\u00f4nio Limpeza do dispensador de \u00e1gua - HODS\" \/>\n<meta property=\"og:description\" content=\"O Gerador de Oz\u00f4nio ou Ozonizador \u00e9 considerado o melhor desinfetante do mercado. \u00c9 utilizado em todos os tipos de ind\u00fastrias e ambientes.\" \/>\n<meta property=\"og:url\" content=\"https:\/\/www.hods.eu\/pt-pt\/productos\/gerador-de-ozonio\/\" \/>\n<meta property=\"og:site_name\" content=\"HODS\" \/>\n<meta property=\"article:modified_time\" content=\"2023-02-15T11:11:42+00:00\" \/>\n<meta property=\"og:image\" content=\"https:\/\/www.hods.eu\/wp-content\/uploads\/ozono_hods_web_01.jpg\" \/>\n\t<meta property=\"og:image:width\" content=\"768\" \/>\n\t<meta property=\"og:image:height\" content=\"1024\" \/>\n\t<meta property=\"og:image:type\" content=\"image\/jpeg\" \/>\n<meta name=\"twitter:card\" content=\"summary_large_image\" \/>\n<meta name=\"twitter:label1\" content=\"Tempo estimado de leitura\" \/>\n\t<meta name=\"twitter:data1\" content=\"1 minuto\" \/>\n<script type=\"application\/ld+json\" class=\"yoast-schema-graph\">{\"@context\":\"https:\\\/\\\/schema.org\",\"@graph\":[{\"@type\":\"WebPage\",\"@id\":\"https:\\\/\\\/www.hods.eu\\\/pt-pt\\\/productos\\\/gerador-de-ozonio\\\/\",\"url\":\"https:\\\/\\\/www.hods.eu\\\/pt-pt\\\/productos\\\/gerador-de-ozonio\\\/\",\"name\":\"Gerador de oz\u00f4nio Limpeza do dispensador de \u00e1gua - HODS\",\"isPartOf\":{\"@id\":\"https:\\\/\\\/www.hods.eu\\\/pt-pt\\\/#website\"},\"primaryImageOfPage\":{\"@id\":\"https:\\\/\\\/www.hods.eu\\\/pt-pt\\\/productos\\\/gerador-de-ozonio\\\/#primaryimage\"},\"image\":{\"@id\":\"https:\\\/\\\/www.hods.eu\\\/pt-pt\\\/productos\\\/gerador-de-ozonio\\\/#primaryimage\"},\"thumbnailUrl\":\"https:\\\/\\\/www.hods.eu\\\/wp-content\\\/uploads\\\/ozono_hods_web_01.jpg\",\"datePublished\":\"2016-02-18T10:06:45+00:00\",\"dateModified\":\"2023-02-15T11:11:42+00:00\",\"description\":\"O Gerador de Oz\u00f4nio ou Ozonizador \u00e9 considerado o melhor desinfetante do mercado. \u00c9 utilizado em todos os tipos de ind\u00fastrias e ambientes.\",\"breadcrumb\":{\"@id\":\"https:\\\/\\\/www.hods.eu\\\/pt-pt\\\/productos\\\/gerador-de-ozonio\\\/#breadcrumb\"},\"inLanguage\":\"pt-PT\",\"potentialAction\":[{\"@type\":\"ReadAction\",\"target\":[\"https:\\\/\\\/www.hods.eu\\\/pt-pt\\\/productos\\\/gerador-de-ozonio\\\/\"]}]},{\"@type\":\"ImageObject\",\"inLanguage\":\"pt-PT\",\"@id\":\"https:\\\/\\\/www.hods.eu\\\/pt-pt\\\/productos\\\/gerador-de-ozonio\\\/#primaryimage\",\"url\":\"https:\\\/\\\/www.hods.eu\\\/wp-content\\\/uploads\\\/ozono_hods_web_01.jpg\",\"contentUrl\":\"https:\\\/\\\/www.hods.eu\\\/wp-content\\\/uploads\\\/ozono_hods_web_01.jpg\",\"width\":768,\"height\":1024,\"caption\":\"Gerador de ozono para a limpeza dos distribuidores de \u00e1gua. N\u00e3o cont\u00e9m ozono, ele gera ozono. Desinfectante.\"},{\"@type\":\"BreadcrumbList\",\"@id\":\"https:\\\/\\\/www.hods.eu\\\/pt-pt\\\/productos\\\/gerador-de-ozonio\\\/#breadcrumb\",\"itemListElement\":[{\"@type\":\"ListItem\",\"position\":1,\"name\":\"Portada\",\"item\":\"https:\\\/\\\/www.hods.eu\\\/pt-pt\\\/\"},{\"@type\":\"ListItem\",\"position\":2,\"name\":\"Tienda\",\"item\":\"https:\\\/\\\/www.hods.eu\\\/tienda\\\/\"},{\"@type\":\"ListItem\",\"position\":3,\"name\":\"Gerador de oz\u00f4nio\"}]},{\"@type\":\"WebSite\",\"@id\":\"https:\\\/\\\/www.hods.eu\\\/pt-pt\\\/#website\",\"url\":\"https:\\\/\\\/www.hods.eu\\\/pt-pt\\\/\",\"name\":\"HODS\",\"description\":\"water? drink with us\",\"publisher\":{\"@id\":\"https:\\\/\\\/www.hods.eu\\\/pt-pt\\\/#organization\"},\"potentialAction\":[{\"@type\":\"SearchAction\",\"target\":{\"@type\":\"EntryPoint\",\"urlTemplate\":\"https:\\\/\\\/www.hods.eu\\\/pt-pt\\\/?s={search_term_string}\"},\"query-input\":{\"@type\":\"PropertyValueSpecification\",\"valueRequired\":true,\"valueName\":\"search_term_string\"}}],\"inLanguage\":\"pt-PT\"},{\"@type\":\"Organization\",\"@id\":\"https:\\\/\\\/www.hods.eu\\\/pt-pt\\\/#organization\",\"name\":\"HODS\",\"url\":\"https:\\\/\\\/www.hods.eu\\\/pt-pt\\\/\",\"logo\":{\"@type\":\"ImageObject\",\"inLanguage\":\"pt-PT\",\"@id\":\"https:\\\/\\\/www.hods.eu\\\/pt-pt\\\/#\\\/schema\\\/logo\\\/image\\\/\",\"url\":\"https:\\\/\\\/www.hods.eu\\\/wp-content\\\/uploads\\\/hods-completo-blanco2.jpg\",\"contentUrl\":\"https:\\\/\\\/www.hods.eu\\\/wp-content\\\/uploads\\\/hods-completo-blanco2.jpg\",\"width\":500,\"height\":179,\"caption\":\"HODS\"},\"image\":{\"@id\":\"https:\\\/\\\/www.hods.eu\\\/pt-pt\\\/#\\\/schema\\\/logo\\\/image\\\/\"}}]}<\/script>\n<!-- \/ Yoast SEO plugin. -->","yoast_head_json":{"title":"Gerador de oz\u00f4nio Limpeza do dispensador de \u00e1gua - HODS","description":"O Gerador de Oz\u00f4nio ou Ozonizador \u00e9 considerado o melhor desinfetante do mercado. \u00c9 utilizado em todos os tipos de ind\u00fastrias e ambientes.","robots":{"index":"index","follow":"follow","max-snippet":"max-snippet:-1","max-image-preview":"max-image-preview:large","max-video-preview":"max-video-preview:-1"},"canonical":"https:\/\/www.hods.eu\/pt-pt\/productos\/gerador-de-ozonio\/","og_locale":"pt_PT","og_type":"article","og_title":"Gerador de oz\u00f4nio Limpeza do dispensador de \u00e1gua - HODS","og_description":"O Gerador de Oz\u00f4nio ou Ozonizador \u00e9 considerado o melhor desinfetante do mercado. \u00c9 utilizado em todos os tipos de ind\u00fastrias e ambientes.","og_url":"https:\/\/www.hods.eu\/pt-pt\/productos\/gerador-de-ozonio\/","og_site_name":"HODS","article_modified_time":"2023-02-15T11:11:42+00:00","og_image":[{"width":768,"height":1024,"url":"https:\/\/www.hods.eu\/wp-content\/uploads\/ozono_hods_web_01.jpg","type":"image\/jpeg"}],"twitter_card":"summary_large_image","twitter_misc":{"Tempo estimado de leitura":"1 minuto"},"schema":{"@context":"https:\/\/schema.org","@graph":[{"@type":"WebPage","@id":"https:\/\/www.hods.eu\/pt-pt\/productos\/gerador-de-ozonio\/","url":"https:\/\/www.hods.eu\/pt-pt\/productos\/gerador-de-ozonio\/","name":"Gerador de oz\u00f4nio Limpeza do dispensador de \u00e1gua - HODS","isPartOf":{"@id":"https:\/\/www.hods.eu\/pt-pt\/#website"},"primaryImageOfPage":{"@id":"https:\/\/www.hods.eu\/pt-pt\/productos\/gerador-de-ozonio\/#primaryimage"},"image":{"@id":"https:\/\/www.hods.eu\/pt-pt\/productos\/gerador-de-ozonio\/#primaryimage"},"thumbnailUrl":"https:\/\/www.hods.eu\/wp-content\/uploads\/ozono_hods_web_01.jpg","datePublished":"2016-02-18T10:06:45+00:00","dateModified":"2023-02-15T11:11:42+00:00","description":"O Gerador de Oz\u00f4nio ou Ozonizador \u00e9 considerado o melhor desinfetante do mercado. \u00c9 utilizado em todos os tipos de ind\u00fastrias e ambientes.","breadcrumb":{"@id":"https:\/\/www.hods.eu\/pt-pt\/productos\/gerador-de-ozonio\/#breadcrumb"},"inLanguage":"pt-PT","potentialAction":[{"@type":"ReadAction","target":["https:\/\/www.hods.eu\/pt-pt\/productos\/gerador-de-ozonio\/"]}]},{"@type":"ImageObject","inLanguage":"pt-PT","@id":"https:\/\/www.hods.eu\/pt-pt\/productos\/gerador-de-ozonio\/#primaryimage","url":"https:\/\/www.hods.eu\/wp-content\/uploads\/ozono_hods_web_01.jpg","contentUrl":"https:\/\/www.hods.eu\/wp-content\/uploads\/ozono_hods_web_01.jpg","width":768,"height":1024,"caption":"Gerador de ozono para a limpeza dos distribuidores de \u00e1gua. N\u00e3o cont\u00e9m ozono, ele gera ozono. Desinfectante."},{"@type":"BreadcrumbList","@id":"https:\/\/www.hods.eu\/pt-pt\/productos\/gerador-de-ozonio\/#breadcrumb","itemListElement":[{"@type":"ListItem","position":1,"name":"Portada","item":"https:\/\/www.hods.eu\/pt-pt\/"},{"@type":"ListItem","position":2,"name":"Tienda","item":"https:\/\/www.hods.eu\/tienda\/"},{"@type":"ListItem","position":3,"name":"Gerador de oz\u00f4nio"}]},{"@type":"WebSite","@id":"https:\/\/www.hods.eu\/pt-pt\/#website","url":"https:\/\/www.hods.eu\/pt-pt\/","name":"HODS","description":"water? drink with us","publisher":{"@id":"https:\/\/www.hods.eu\/pt-pt\/#organization"},"potentialAction":[{"@type":"SearchAction","target":{"@type":"EntryPoint","urlTemplate":"https:\/\/www.hods.eu\/pt-pt\/?s={search_term_string}"},"query-input":{"@type":"PropertyValueSpecification","valueRequired":true,"valueName":"search_term_string"}}],"inLanguage":"pt-PT"},{"@type":"Organization","@id":"https:\/\/www.hods.eu\/pt-pt\/#organization","name":"HODS","url":"https:\/\/www.hods.eu\/pt-pt\/","logo":{"@type":"ImageObject","inLanguage":"pt-PT","@id":"https:\/\/www.hods.eu\/pt-pt\/#\/schema\/logo\/image\/","url":"https:\/\/www.hods.eu\/wp-content\/uploads\/hods-completo-blanco2.jpg","contentUrl":"https:\/\/www.hods.eu\/wp-content\/uploads\/hods-completo-blanco2.jpg","width":500,"height":179,"caption":"HODS"},"image":{"@id":"https:\/\/www.hods.eu\/pt-pt\/#\/schema\/logo\/image\/"}}]}},"_links":{"self":[{"href":"https:\/\/www.hods.eu\/pt-pt\/wp-json\/wp\/v2\/product\/19133","targetHints":{"allow":["GET"]}}],"collection":[{"href":"https:\/\/www.hods.eu\/pt-pt\/wp-json\/wp\/v2\/product"}],"about":[{"href":"https:\/\/www.hods.eu\/pt-pt\/wp-json\/wp\/v2\/types\/product"}],"wp:featuredmedia":[{"embeddable":true,"href":"https:\/\/www.hods.eu\/pt-pt\/wp-json\/wp\/v2\/media\/26293"}],"wp:attachment":[{"href":"https:\/\/www.hods.eu\/pt-pt\/wp-json\/wp\/v2\/media?parent=19133"}],"wp:term":[{"taxonomy":"product_brand","embeddable":true,"href":"https:\/\/www.hods.eu\/pt-pt\/wp-json\/wp\/v2\/product_brand?post=19133"},{"taxonomy":"product_cat","embeddable":true,"href":"https:\/\/www.hods.eu\/pt-pt\/wp-json\/wp\/v2\/product_cat?post=19133"},{"taxonomy":"product_tag","embeddable":true,"href":"https:\/\/www.hods.eu\/pt-pt\/wp-json\/wp\/v2\/product_tag?post=19133"}],"curies":[{"name":"wp","href":"https:\/\/api.w.org\/{rel}","templated":true}]}}