{"id":19130,"date":"2016-03-03T09:44:02","date_gmt":"2016-03-03T08:44:02","guid":{"rendered":"https:\/\/www.hods.eu\/producto\/carrinho-de-mao-porta-garrafoes-7-garrafoes\/"},"modified":"2023-02-15T10:00:07","modified_gmt":"2023-02-15T09:00:07","slug":"carrinho-de-mao-porta-garrafoes-7-garrafoes","status":"publish","type":"product","link":"https:\/\/www.hods.eu\/pt-pt\/productos\/carrinho-de-mao-porta-garrafoes-7-garrafoes\/","title":{"rendered":"Carrinho de m\u00e3o Porta-garraf\u00f5es (7 garraf\u00f5es)"},"content":{"rendered":"<h3 style=\"text-align: justify; color: #6d6d6d;\" data-mce-style=\"text-align: justify; color: #6d6d6d;\"><b>Carrinho de m\u00e3o Porta-garraf\u00f5es (7 garraf\u00f5es) \u00e9 feito de alum\u00ednio anodizado com maior refor\u00e7o estrutural, resist\u00eancia e leveza. Tornando-o perfeito para os distribuidores mais exigentes na distribui\u00e7\u00e3o de \u00e1gua todos os dias.<\/b><\/h3>\n<p style=\"text-align: justify; color: #6d6d6d;\" data-mce-style=\"text-align: justify; color: #6d6d6d;\">A <strong>HODS Quality Assurance<\/strong> trabalhou arduamente para garantir que Carrinho de m\u00e3o Porta-garraf\u00f5es (7 garraf\u00f5es) cumpra os padr\u00f5es que nos caracterizam. Por esta raz\u00e3o, nossos t\u00e9cnicos melhoraram o modelo, incorporando rolamentos FAG alem\u00e3es de alta qualidade.<\/p>\n<p style=\"text-align: justify; color: #6d6d6d;\" data-mce-style=\"text-align: justify; color: #6d6d6d;\">O Carrinho de m\u00e3o Porta-garraf\u00f5es (7 garraf\u00f5es) \u00e9 feito de <strong>anodiza\u00e7\u00e3o do alum\u00ednio<\/strong> \u00e9 um processo electroqu\u00edmico que forma uma camada protectora de \u00f3xido de alum\u00ednio na superf\u00edcie do alum\u00ednio de base. Tem diferentes propriedades e vantagens. Por exemplo, \u00e9 livre de manuten\u00e7\u00e3o. Tamb\u00e9m oferece maior protec\u00e7\u00e3o contra a chuva, o sol e a humidade. Oferece maior dureza superficial. Tamb\u00e9m oferece um acabamento decorativo. Finalmente, oferece resist\u00eancia \u00e0 abras\u00e3o, ao desgaste e \u00e0 corros\u00e3o.<\/p>\n<p style=\"text-align: justify; color: #6d6d6d;\" data-mce-style=\"text-align: justify; color: #6d6d6d;\">O carrinho porta-garraf\u00f5es de 7 garraf\u00f5es <strong>tem refor\u00e7o estrutural adicional na traseira<\/strong>. Oferece v\u00e1rias vantagens:<\/p>\n<ul>\n<li>\n<p style=\"text-align: justify; color: #6d6d6d;\" data-mce-style=\"text-align: justify; color: #6d6d6d;\">Ajuda a poupar escadas, reduzindo o impacto do carrinho ao subir ou descer degraus.<\/p>\n<\/li>\n<li>\n<p style=\"text-align: justify; color: #6d6d6d;\" data-mce-style=\"text-align: justify; color: #6d6d6d;\">Protec\u00e7\u00e3o antifric\u00e7\u00e3o.<\/p>\n<\/li>\n<li>\n<p style=\"text-align: justify; color: #6d6d6d;\" data-mce-style=\"text-align: justify; color: #6d6d6d;\">Permite que o carrinho se deite mesmo quando carregado.<\/p>\n<\/li>\n<li>\n<p style=\"text-align: justify; color: #6d6d6d;\" data-mce-style=\"text-align: justify; color: #6d6d6d;\">Proporciona maior estabilidade.<\/p>\n<\/li>\n<li>\n<p style=\"text-align: justify; color: #6d6d6d;\" data-mce-style=\"text-align: justify; color: #6d6d6d;\">Aumenta a capacidade de carga final.<\/p>\n<\/li>\n<\/ul>\n<p style=\"text-align: justify; color: #6d6d6d;\" data-mce-style=\"text-align: justify; color: #6d6d6d;\">Alem diss\u00f3 incorpora pegas que permitem que o carrinho seja agarrado de forma mais ergon\u00f3mica e com maior protec\u00e7\u00e3o das m\u00e3os para evitar poss\u00edveis pancadas.<\/p>\n<p style=\"text-align: justify; color: #6d6d6d;\" data-mce-style=\"text-align: justify; color: #6d6d6d;\">Tamb\u00e9m incorpora <strong>rodas pneum\u00e1ticas<\/strong> com <strong>rolamentos refor\u00e7ados<\/strong>. Que permitem melhor deslizamento e f\u00e1cil mobilidade do cami\u00e3o carregado e maior resist\u00eancia aumentando os quilos de carga. Al\u00e9m disso, cont\u00e9m um segundo cabo horizontal com um revestimento de silicone com maior ader\u00eancia, evitando assim o deslizamento acidental.<\/p>\n<p style=\"text-align: justify; color: #6d6d6d;\" data-mce-style=\"text-align: justify; color: #6d6d6d;\">Tem uma capacidade de carga de 7 garrafas. Cada bandeja foi equipada com blocos silenciosos que reduzem as vibra\u00e7\u00f5es da <a href=\"https:\/\/www.hods.eu\/pt-pt\/producto\/garrafao-pet-18-9-litros\/\" data-mce-href=\"https:\/\/www.hods.eu\/pt-pt\/producto\/garrafao-pet-18-9-litros\/\">garrafa PET<\/a>. Por causa disso evita oscila\u00e7\u00f5es da garrafa e danos nos recipientes durante o transporte. Al\u00e9m disso, estas bandejas s\u00e3o dobr\u00e1veis e h\u00e1 a possibilidade de dobr\u00e1-las e obter um carrinho para carregar outros tipos de embalagens.<\/p>\n<p style=\"text-align: justify; color: #6d6d6d;\" data-mce-style=\"text-align: justify; color: #6d6d6d;\">Tamb\u00e9m est\u00e1 dispon\u00edvel o <a href=\"https:\/\/www.hods.eu\/pt-pt\/producto\/carrinho-de-mao-porta-garrafoes-5-garrafoes\/\" data-mce-href=\"https:\/\/www.hods.eu\/pt-pt\/producto\/carrinho-de-mao-porta-garrafoes-5-garrafoes\/\">Carrinho Porta-garraf\u00f5es de 5 garraf\u00f5es<\/a>.<\/p>\n<p style=\"text-align: justify; color: #6d6d6d;\" data-mce-style=\"text-align: justify; color: #6d6d6d;\"><strong>Carga<\/strong>: 160 kg.<\/p>\n<p><a href=\"https:\/\/watcool.com\/pt\/transporte-e-armazenamento\/47-carrinho-7-garrafoes.html\" target=\"_blank\" rel=\"noopener\" data-mce-href=\"https:\/\/watcool.com\/pt\/transporte-e-armazenamento\/47-carrinho-7-garrafoes.html\">Watcool<\/a><\/p>\n","protected":false},"excerpt":{"rendered":"<p><img decoding=\"async\" src=\"https:\/\/www.hods.eu\/wp-content\/uploads\/golpes.png\" border=\"0\" data-mce-src=\"https:\/\/www.hods.eu\/wp-content\/uploads\/golpes.png\"><span style=\"color: #6d6d6d;\" data-mce-style=\"color: #6d6d6d;\">Material de alum\u00ednio anodizado <strong>duro, resistente e leve<\/strong>.<\/span><\/p>\n<p><img decoding=\"async\" src=\"https:\/\/www.hods.eu\/wp-content\/uploads\/sol.png\" border=\"0\" data-mce-src=\"https:\/\/www.hods.eu\/wp-content\/uploads\/sol.png\"><span style=\"color: #6d6d6d;\" data-mce-style=\"color: #6d6d6d;\">Material protegido contra agentes ambientais sem manuten\u00e7\u00e3o.<\/span><\/p>\n<p><img decoding=\"async\" src=\"https:\/\/www.hods.eu\/wp-content\/uploads\/fag.png\" border=\"0\" data-mce-src=\"https:\/\/www.hods.eu\/wp-content\/uploads\/fag.png\"><span style=\"color: #6d6d6d;\" data-mce-style=\"color: #6d6d6d;\"><strong>Rolamentos FAG<\/strong> alem\u00e3es de alta qualidade.<\/span><\/p>\n<p><img decoding=\"async\" src=\"https:\/\/www.hods.eu\/wp-content\/uploads\/silentblock.png\" border=\"0\" data-mce-src=\"https:\/\/www.hods.eu\/wp-content\/uploads\/silentblock.png\"><span style=\"color: #6d6d6d;\" data-mce-style=\"color: #6d6d6d;\">Os <strong>silenciadores<\/strong> incorporados reduzem a vibra\u00e7\u00e3o e previnem a oscila\u00e7\u00e3o da garrafa.<\/span><\/p>\n<p><\/p>\n<p><\/p>\n<p><span style=\"color: #6d6d6d;\" data-mce-style=\"color: #6d6d6d;\"><strong>Comprar na loja online <a href=\"https:\/\/watcool.com\/pt\/transporte-e-armazenamento\/47-carrinho-7-garrafoes.html\" target=\"_blank\" rel=\"noopener\" data-mce-href=\"https:\/\/watcool.com\/pt\/transporte-e-armazenamento\/47-carrinho-7-garrafoes.html\"><img loading=\"lazy\" decoding=\"async\" class=\"alignnone wp-image-30290\" title=\"watcool\" src=\"https:\/\/www.hods.eu\/wp-content\/uploads\/web.jpg\" alt=\"watcool\" width=\"90\" height=\"18\" data-mce-src=\"https:\/\/www.hods.eu\/wp-content\/uploads\/web.jpg\" srcset=\"https:\/\/www.hods.eu\/wp-content\/uploads\/web.jpg 200w, https:\/\/www.hods.eu\/wp-content\/uploads\/web-150x30.jpg 150w\" sizes=\"auto, (max-width: 90px) 100vw, 90px\" \/><\/a><\/strong> <\/span><\/p>\n","protected":false},"featured_media":26257,"template":"","meta":[],"product_brand":[],"product_cat":[91],"product_tag":[],"class_list":{"0":"post-19130","1":"product","2":"type-product","3":"status-publish","4":"has-post-thumbnail","6":"product_cat-transporte-armazenamento","8":"first","9":"instock","10":"featured","11":"shipping-taxable","12":"product-type-simple"},"yoast_head":"<!-- This site is optimized with the Yoast SEO plugin v27.3 - https:\/\/yoast.com\/product\/yoast-seo-wordpress\/ -->\n<title>Carrinho de m\u00e3o Porta-garraf\u00f5es (7 garraf\u00f5es) - HODS<\/title>\n<meta name=\"description\" content=\"Carrinho de m\u00e3o Porta-garraf\u00f5es (7 garraf\u00f5es). Feito de Alum\u00ednio anodizado com maior refor\u00e7o estrutural, resist\u00eancia e leveza.\" \/>\n<meta name=\"robots\" content=\"index, follow, max-snippet:-1, max-image-preview:large, max-video-preview:-1\" \/>\n<link rel=\"canonical\" href=\"https:\/\/www.hods.eu\/pt-pt\/productos\/carrinho-de-mao-porta-garrafoes-7-garrafoes\/\" \/>\n<meta property=\"og:locale\" content=\"pt_PT\" \/>\n<meta property=\"og:type\" content=\"article\" \/>\n<meta property=\"og:title\" content=\"Carrinho de m\u00e3o Porta-garraf\u00f5es (7 garraf\u00f5es) - HODS\" \/>\n<meta property=\"og:description\" content=\"Carrinho de m\u00e3o Porta-garraf\u00f5es (7 garraf\u00f5es). Feito de Alum\u00ednio anodizado com maior refor\u00e7o estrutural, resist\u00eancia e leveza.\" \/>\n<meta property=\"og:url\" content=\"https:\/\/www.hods.eu\/pt-pt\/productos\/carrinho-de-mao-porta-garrafoes-7-garrafoes\/\" \/>\n<meta property=\"og:site_name\" content=\"HODS\" \/>\n<meta property=\"article:modified_time\" content=\"2023-02-15T09:00:07+00:00\" \/>\n<meta property=\"og:image\" content=\"https:\/\/www.hods.eu\/wp-content\/uploads\/carretilla7_hods_web_01.jpg\" \/>\n\t<meta property=\"og:image:width\" content=\"768\" \/>\n\t<meta property=\"og:image:height\" content=\"1024\" \/>\n\t<meta property=\"og:image:type\" content=\"image\/jpeg\" \/>\n<meta name=\"twitter:card\" content=\"summary_large_image\" \/>\n<meta name=\"twitter:label1\" content=\"Tempo estimado de leitura\" \/>\n\t<meta name=\"twitter:data1\" content=\"2 minutos\" \/>\n<script type=\"application\/ld+json\" class=\"yoast-schema-graph\">{\"@context\":\"https:\\\/\\\/schema.org\",\"@graph\":[{\"@type\":\"WebPage\",\"@id\":\"https:\\\/\\\/www.hods.eu\\\/pt-pt\\\/productos\\\/carrinho-de-mao-porta-garrafoes-7-garrafoes\\\/\",\"url\":\"https:\\\/\\\/www.hods.eu\\\/pt-pt\\\/productos\\\/carrinho-de-mao-porta-garrafoes-7-garrafoes\\\/\",\"name\":\"Carrinho de m\u00e3o Porta-garraf\u00f5es (7 garraf\u00f5es) - HODS\",\"isPartOf\":{\"@id\":\"https:\\\/\\\/www.hods.eu\\\/pt-pt\\\/#website\"},\"primaryImageOfPage\":{\"@id\":\"https:\\\/\\\/www.hods.eu\\\/pt-pt\\\/productos\\\/carrinho-de-mao-porta-garrafoes-7-garrafoes\\\/#primaryimage\"},\"image\":{\"@id\":\"https:\\\/\\\/www.hods.eu\\\/pt-pt\\\/productos\\\/carrinho-de-mao-porta-garrafoes-7-garrafoes\\\/#primaryimage\"},\"thumbnailUrl\":\"https:\\\/\\\/www.hods.eu\\\/wp-content\\\/uploads\\\/carretilla7_hods_web_01.jpg\",\"datePublished\":\"2016-03-03T08:44:02+00:00\",\"dateModified\":\"2023-02-15T09:00:07+00:00\",\"description\":\"Carrinho de m\u00e3o Porta-garraf\u00f5es (7 garraf\u00f5es). Feito de Alum\u00ednio anodizado com maior refor\u00e7o estrutural, resist\u00eancia e leveza.\",\"breadcrumb\":{\"@id\":\"https:\\\/\\\/www.hods.eu\\\/pt-pt\\\/productos\\\/carrinho-de-mao-porta-garrafoes-7-garrafoes\\\/#breadcrumb\"},\"inLanguage\":\"pt-PT\",\"potentialAction\":[{\"@type\":\"ReadAction\",\"target\":[\"https:\\\/\\\/www.hods.eu\\\/pt-pt\\\/productos\\\/carrinho-de-mao-porta-garrafoes-7-garrafoes\\\/\"]}]},{\"@type\":\"ImageObject\",\"inLanguage\":\"pt-PT\",\"@id\":\"https:\\\/\\\/www.hods.eu\\\/pt-pt\\\/productos\\\/carrinho-de-mao-porta-garrafoes-7-garrafoes\\\/#primaryimage\",\"url\":\"https:\\\/\\\/www.hods.eu\\\/wp-content\\\/uploads\\\/carretilla7_hods_web_01.jpg\",\"contentUrl\":\"https:\\\/\\\/www.hods.eu\\\/wp-content\\\/uploads\\\/carretilla7_hods_web_01.jpg\",\"width\":768,\"height\":1024,\"caption\":\"Carrinho para o transporte de garrafas ou garraf\u00f5es de \u00e1gua. Capacidade para 7 garrafas, tanto cheias de \u00e1gua como vazias.\"},{\"@type\":\"BreadcrumbList\",\"@id\":\"https:\\\/\\\/www.hods.eu\\\/pt-pt\\\/productos\\\/carrinho-de-mao-porta-garrafoes-7-garrafoes\\\/#breadcrumb\",\"itemListElement\":[{\"@type\":\"ListItem\",\"position\":1,\"name\":\"Portada\",\"item\":\"https:\\\/\\\/www.hods.eu\\\/pt-pt\\\/\"},{\"@type\":\"ListItem\",\"position\":2,\"name\":\"Tienda\",\"item\":\"https:\\\/\\\/www.hods.eu\\\/tienda\\\/\"},{\"@type\":\"ListItem\",\"position\":3,\"name\":\"Carrinho de m\u00e3o Porta-garraf\u00f5es (7 garraf\u00f5es)\"}]},{\"@type\":\"WebSite\",\"@id\":\"https:\\\/\\\/www.hods.eu\\\/pt-pt\\\/#website\",\"url\":\"https:\\\/\\\/www.hods.eu\\\/pt-pt\\\/\",\"name\":\"HODS\",\"description\":\"water? drink with us\",\"publisher\":{\"@id\":\"https:\\\/\\\/www.hods.eu\\\/pt-pt\\\/#organization\"},\"potentialAction\":[{\"@type\":\"SearchAction\",\"target\":{\"@type\":\"EntryPoint\",\"urlTemplate\":\"https:\\\/\\\/www.hods.eu\\\/pt-pt\\\/?s={search_term_string}\"},\"query-input\":{\"@type\":\"PropertyValueSpecification\",\"valueRequired\":true,\"valueName\":\"search_term_string\"}}],\"inLanguage\":\"pt-PT\"},{\"@type\":\"Organization\",\"@id\":\"https:\\\/\\\/www.hods.eu\\\/pt-pt\\\/#organization\",\"name\":\"HODS\",\"url\":\"https:\\\/\\\/www.hods.eu\\\/pt-pt\\\/\",\"logo\":{\"@type\":\"ImageObject\",\"inLanguage\":\"pt-PT\",\"@id\":\"https:\\\/\\\/www.hods.eu\\\/pt-pt\\\/#\\\/schema\\\/logo\\\/image\\\/\",\"url\":\"https:\\\/\\\/www.hods.eu\\\/wp-content\\\/uploads\\\/hods-completo-blanco2.jpg\",\"contentUrl\":\"https:\\\/\\\/www.hods.eu\\\/wp-content\\\/uploads\\\/hods-completo-blanco2.jpg\",\"width\":500,\"height\":179,\"caption\":\"HODS\"},\"image\":{\"@id\":\"https:\\\/\\\/www.hods.eu\\\/pt-pt\\\/#\\\/schema\\\/logo\\\/image\\\/\"}}]}<\/script>\n<!-- \/ Yoast SEO plugin. -->","yoast_head_json":{"title":"Carrinho de m\u00e3o Porta-garraf\u00f5es (7 garraf\u00f5es) - HODS","description":"Carrinho de m\u00e3o Porta-garraf\u00f5es (7 garraf\u00f5es). Feito de Alum\u00ednio anodizado com maior refor\u00e7o estrutural, resist\u00eancia e leveza.","robots":{"index":"index","follow":"follow","max-snippet":"max-snippet:-1","max-image-preview":"max-image-preview:large","max-video-preview":"max-video-preview:-1"},"canonical":"https:\/\/www.hods.eu\/pt-pt\/productos\/carrinho-de-mao-porta-garrafoes-7-garrafoes\/","og_locale":"pt_PT","og_type":"article","og_title":"Carrinho de m\u00e3o Porta-garraf\u00f5es (7 garraf\u00f5es) - HODS","og_description":"Carrinho de m\u00e3o Porta-garraf\u00f5es (7 garraf\u00f5es). Feito de Alum\u00ednio anodizado com maior refor\u00e7o estrutural, resist\u00eancia e leveza.","og_url":"https:\/\/www.hods.eu\/pt-pt\/productos\/carrinho-de-mao-porta-garrafoes-7-garrafoes\/","og_site_name":"HODS","article_modified_time":"2023-02-15T09:00:07+00:00","og_image":[{"width":768,"height":1024,"url":"https:\/\/www.hods.eu\/wp-content\/uploads\/carretilla7_hods_web_01.jpg","type":"image\/jpeg"}],"twitter_card":"summary_large_image","twitter_misc":{"Tempo estimado de leitura":"2 minutos"},"schema":{"@context":"https:\/\/schema.org","@graph":[{"@type":"WebPage","@id":"https:\/\/www.hods.eu\/pt-pt\/productos\/carrinho-de-mao-porta-garrafoes-7-garrafoes\/","url":"https:\/\/www.hods.eu\/pt-pt\/productos\/carrinho-de-mao-porta-garrafoes-7-garrafoes\/","name":"Carrinho de m\u00e3o Porta-garraf\u00f5es (7 garraf\u00f5es) - HODS","isPartOf":{"@id":"https:\/\/www.hods.eu\/pt-pt\/#website"},"primaryImageOfPage":{"@id":"https:\/\/www.hods.eu\/pt-pt\/productos\/carrinho-de-mao-porta-garrafoes-7-garrafoes\/#primaryimage"},"image":{"@id":"https:\/\/www.hods.eu\/pt-pt\/productos\/carrinho-de-mao-porta-garrafoes-7-garrafoes\/#primaryimage"},"thumbnailUrl":"https:\/\/www.hods.eu\/wp-content\/uploads\/carretilla7_hods_web_01.jpg","datePublished":"2016-03-03T08:44:02+00:00","dateModified":"2023-02-15T09:00:07+00:00","description":"Carrinho de m\u00e3o Porta-garraf\u00f5es (7 garraf\u00f5es). Feito de Alum\u00ednio anodizado com maior refor\u00e7o estrutural, resist\u00eancia e leveza.","breadcrumb":{"@id":"https:\/\/www.hods.eu\/pt-pt\/productos\/carrinho-de-mao-porta-garrafoes-7-garrafoes\/#breadcrumb"},"inLanguage":"pt-PT","potentialAction":[{"@type":"ReadAction","target":["https:\/\/www.hods.eu\/pt-pt\/productos\/carrinho-de-mao-porta-garrafoes-7-garrafoes\/"]}]},{"@type":"ImageObject","inLanguage":"pt-PT","@id":"https:\/\/www.hods.eu\/pt-pt\/productos\/carrinho-de-mao-porta-garrafoes-7-garrafoes\/#primaryimage","url":"https:\/\/www.hods.eu\/wp-content\/uploads\/carretilla7_hods_web_01.jpg","contentUrl":"https:\/\/www.hods.eu\/wp-content\/uploads\/carretilla7_hods_web_01.jpg","width":768,"height":1024,"caption":"Carrinho para o transporte de garrafas ou garraf\u00f5es de \u00e1gua. Capacidade para 7 garrafas, tanto cheias de \u00e1gua como vazias."},{"@type":"BreadcrumbList","@id":"https:\/\/www.hods.eu\/pt-pt\/productos\/carrinho-de-mao-porta-garrafoes-7-garrafoes\/#breadcrumb","itemListElement":[{"@type":"ListItem","position":1,"name":"Portada","item":"https:\/\/www.hods.eu\/pt-pt\/"},{"@type":"ListItem","position":2,"name":"Tienda","item":"https:\/\/www.hods.eu\/tienda\/"},{"@type":"ListItem","position":3,"name":"Carrinho de m\u00e3o Porta-garraf\u00f5es (7 garraf\u00f5es)"}]},{"@type":"WebSite","@id":"https:\/\/www.hods.eu\/pt-pt\/#website","url":"https:\/\/www.hods.eu\/pt-pt\/","name":"HODS","description":"water? drink with us","publisher":{"@id":"https:\/\/www.hods.eu\/pt-pt\/#organization"},"potentialAction":[{"@type":"SearchAction","target":{"@type":"EntryPoint","urlTemplate":"https:\/\/www.hods.eu\/pt-pt\/?s={search_term_string}"},"query-input":{"@type":"PropertyValueSpecification","valueRequired":true,"valueName":"search_term_string"}}],"inLanguage":"pt-PT"},{"@type":"Organization","@id":"https:\/\/www.hods.eu\/pt-pt\/#organization","name":"HODS","url":"https:\/\/www.hods.eu\/pt-pt\/","logo":{"@type":"ImageObject","inLanguage":"pt-PT","@id":"https:\/\/www.hods.eu\/pt-pt\/#\/schema\/logo\/image\/","url":"https:\/\/www.hods.eu\/wp-content\/uploads\/hods-completo-blanco2.jpg","contentUrl":"https:\/\/www.hods.eu\/wp-content\/uploads\/hods-completo-blanco2.jpg","width":500,"height":179,"caption":"HODS"},"image":{"@id":"https:\/\/www.hods.eu\/pt-pt\/#\/schema\/logo\/image\/"}}]}},"_links":{"self":[{"href":"https:\/\/www.hods.eu\/pt-pt\/wp-json\/wp\/v2\/product\/19130","targetHints":{"allow":["GET"]}}],"collection":[{"href":"https:\/\/www.hods.eu\/pt-pt\/wp-json\/wp\/v2\/product"}],"about":[{"href":"https:\/\/www.hods.eu\/pt-pt\/wp-json\/wp\/v2\/types\/product"}],"wp:featuredmedia":[{"embeddable":true,"href":"https:\/\/www.hods.eu\/pt-pt\/wp-json\/wp\/v2\/media\/26257"}],"wp:attachment":[{"href":"https:\/\/www.hods.eu\/pt-pt\/wp-json\/wp\/v2\/media?parent=19130"}],"wp:term":[{"taxonomy":"product_brand","embeddable":true,"href":"https:\/\/www.hods.eu\/pt-pt\/wp-json\/wp\/v2\/product_brand?post=19130"},{"taxonomy":"product_cat","embeddable":true,"href":"https:\/\/www.hods.eu\/pt-pt\/wp-json\/wp\/v2\/product_cat?post=19130"},{"taxonomy":"product_tag","embeddable":true,"href":"https:\/\/www.hods.eu\/pt-pt\/wp-json\/wp\/v2\/product_tag?post=19130"}],"curies":[{"name":"wp","href":"https:\/\/api.w.org\/{rel}","templated":true}]}}