{"id":19120,"date":"2016-03-11T08:28:59","date_gmt":"2016-03-11T07:28:59","guid":{"rendered":"https:\/\/www.hods.eu\/producto\/medidor-de-ph\/"},"modified":"2022-01-19T12:22:26","modified_gmt":"2022-01-19T11:22:26","slug":"medidor-de-ph","status":"publish","type":"product","link":"https:\/\/www.hods.eu\/pt-pt\/productos\/medidor-de-ph\/","title":{"rendered":"Medidor de pH"},"content":{"rendered":"<h3 style=\"text-align: justify; color: #6d6d6d;\">Medidor de pH de laborat\u00f3rio para verificar os n\u00edveis de acidez e a temperatura da \u00e1gua.<\/h3>\n<p style=\"text-align: justify; color: #6d6d6d;\">Este medidor de PH de alta qualidade cumpre todos os <strong>requisitos e marca\u00e7\u00f5es europeus<\/strong>. Tamb\u00e9m tem a Garantia de Qualidade HODS. Esta garantia verifica que o produto \u00e9 de alta qualidade e com precis\u00e3o exacta.<\/p>\n<p style=\"text-align: justify; color: #6d6d6d;\">\u00c9 extraordinariamente eficaz na <strong>verifica\u00e7\u00e3o da acidez da \u00e1gua e da sua temperatura<\/strong>. Oferece \u00f3timo desempenho e valores imediatos no momento da medi\u00e7\u00e3o atrav\u00e9s de seu display digital. Al\u00e9m disso pode congelar os valores da medi\u00e7\u00e3o para n\u00e3o perd\u00ea-los e medir a temperatura fazendo a compensa\u00e7\u00e3o autom\u00e1tica. Al\u00e9m disso, incorpora os reguladores necess\u00e1rios para realizar a calibra\u00e7\u00e3o do aparelho quando \u00e9 necess\u00e1rio e de uma forma incrivelmente simples.<\/p>\n<p style=\"text-align: justify; color: #6d6d6d;\">\u00c9 o produto perfeito para <strong>verificar a correcta higieniza\u00e7\u00e3o do doseador de \u00e1gua<\/strong>. Depois de higienizar o doseador com produtos detergentes como o <a href=\"https:\/\/www.hods.eu\/pt-pt\/producto\/divosan-mezzo\/\">Divosan Mezzo<\/a>, \u00e9 conveniente verificar o pH correcto da \u00e1gua. Por causa disso evita que restos do detergente fiquem na \u00e1gua.<\/p>\n<p style=\"text-align: justify; color: #6d6d6d;\">\u00c9 alimentado por baterias AG13, permitindo total liberdade de movimento sem ter que ser ligado \u00e0 rede el\u00e9ctrica.<\/p>\n<p style=\"text-align: justify; color: #6d6d6d;\">Nota: <em>o medidor j\u00e1 vem com uma calibra\u00e7\u00e3o testada, basta lig\u00e1-lo e utiliz\u00e1-lo. Funciona com baterias AG13, elas est\u00e3o inclu\u00eddas no produto<\/em>.<\/p>\n","protected":false},"excerpt":{"rendered":"<p><img decoding=\"async\" src=\"https:\/\/www.hods.eu\/wp-content\/uploads\/estabilidad.png\" border=\"0\" \/><span style=\"color: #6d6d6d;\">Calibra\u00e7\u00e3o testada.<\/span><\/p>\n<p><img decoding=\"async\" src=\"https:\/\/www.hods.eu\/wp-content\/uploads\/bloquear.png\" border=\"0\" \/><span style=\"color: #6d6d6d;\">Possibilidade de congelamento de valores.<\/span><\/p>\n<p><img decoding=\"async\" src=\"https:\/\/www.hods.eu\/wp-content\/uploads\/enfriamiento.png\" border=\"0\" \/><span style=\"color: #6d6d6d;\">Verifica a <strong>acidez<\/strong> e a <strong>temperatura<\/strong> da \u00e1gua.<\/span><\/p>\n<p><img decoding=\"async\" src=\"https:\/\/www.hods.eu\/wp-content\/uploads\/fuentes.png\" border=\"0\" \/><span style=\"color: #6d6d6d;\">Ajuda na <strong>verifica\u00e7\u00e3o correta do dispensador<\/strong> ap\u00f3s a limpeza.<\/span><\/p>\n<p>&nbsp;<\/p>\n<p>&nbsp;<\/p>\n<p><span style=\"color: #6d6d6d;\"><strong>Comprar na loja online <a href=\"https:\/\/watcool.com\/pt\/limpeza-e-higiene\/57-medidor-ph.html\" target=\"_blank\" rel=\"noopener\"><img loading=\"lazy\" decoding=\"async\" class=\"alignnone wp-image-30290\" title=\"watcool\" src=\"https:\/\/www.hods.eu\/wp-content\/uploads\/web.jpg\" alt=\"watcool\" width=\"90\" height=\"18\" srcset=\"https:\/\/www.hods.eu\/wp-content\/uploads\/web.jpg 200w, https:\/\/www.hods.eu\/wp-content\/uploads\/web-150x30.jpg 150w\" sizes=\"auto, (max-width: 90px) 100vw, 90px\" \/><\/a><\/strong> <\/span><\/p>\n","protected":false},"featured_media":26155,"template":"","meta":[],"product_brand":[],"product_cat":[89],"product_tag":[],"class_list":{"0":"post-19120","1":"product","2":"type-product","3":"status-publish","4":"has-post-thumbnail","6":"product_cat-limpeza-higiene","8":"first","9":"instock","10":"shipping-taxable","11":"product-type-simple"},"yoast_head":"<!-- This site is optimized with the Yoast SEO plugin v27.3 - https:\/\/yoast.com\/product\/yoast-seo-wordpress\/ -->\n<title>Medidor de pH de Laborat\u00f3rio Limpeza e Higiene - HODS<\/title>\n<meta name=\"description\" content=\"Medidor de PH teste de laborat\u00f3rio para verificar os n\u00edveis de acidez e a temperatura da \u00e1gua. Ideal para verificar a correcta higieniza\u00e7\u00e3o.\" \/>\n<meta name=\"robots\" content=\"index, follow, max-snippet:-1, max-image-preview:large, max-video-preview:-1\" \/>\n<link rel=\"canonical\" href=\"https:\/\/www.hods.eu\/pt-pt\/productos\/medidor-de-ph\/\" \/>\n<meta property=\"og:locale\" content=\"pt_PT\" \/>\n<meta property=\"og:type\" content=\"article\" \/>\n<meta property=\"og:title\" content=\"Medidor de pH de Laborat\u00f3rio Limpeza e Higiene - HODS\" \/>\n<meta property=\"og:description\" content=\"Medidor de PH teste de laborat\u00f3rio para verificar os n\u00edveis de acidez e a temperatura da \u00e1gua. Ideal para verificar a correcta higieniza\u00e7\u00e3o.\" \/>\n<meta property=\"og:url\" content=\"https:\/\/www.hods.eu\/pt-pt\/productos\/medidor-de-ph\/\" \/>\n<meta property=\"og:site_name\" content=\"HODS\" \/>\n<meta property=\"article:modified_time\" content=\"2022-01-19T11:22:26+00:00\" \/>\n<meta property=\"og:image\" content=\"https:\/\/www.hods.eu\/wp-content\/uploads\/phmeter_hods_web_01.jpg\" \/>\n\t<meta property=\"og:image:width\" content=\"768\" \/>\n\t<meta property=\"og:image:height\" content=\"1024\" \/>\n\t<meta property=\"og:image:type\" content=\"image\/jpeg\" \/>\n<meta name=\"twitter:card\" content=\"summary_large_image\" \/>\n<meta name=\"twitter:label1\" content=\"Tempo estimado de leitura\" \/>\n\t<meta name=\"twitter:data1\" content=\"1 minuto\" \/>\n<script type=\"application\/ld+json\" class=\"yoast-schema-graph\">{\"@context\":\"https:\\\/\\\/schema.org\",\"@graph\":[{\"@type\":\"WebPage\",\"@id\":\"https:\\\/\\\/www.hods.eu\\\/pt-pt\\\/productos\\\/medidor-de-ph\\\/\",\"url\":\"https:\\\/\\\/www.hods.eu\\\/pt-pt\\\/productos\\\/medidor-de-ph\\\/\",\"name\":\"Medidor de pH de Laborat\u00f3rio Limpeza e Higiene - HODS\",\"isPartOf\":{\"@id\":\"https:\\\/\\\/www.hods.eu\\\/pt-pt\\\/#website\"},\"primaryImageOfPage\":{\"@id\":\"https:\\\/\\\/www.hods.eu\\\/pt-pt\\\/productos\\\/medidor-de-ph\\\/#primaryimage\"},\"image\":{\"@id\":\"https:\\\/\\\/www.hods.eu\\\/pt-pt\\\/productos\\\/medidor-de-ph\\\/#primaryimage\"},\"thumbnailUrl\":\"https:\\\/\\\/www.hods.eu\\\/wp-content\\\/uploads\\\/phmeter_hods_web_01.jpg\",\"datePublished\":\"2016-03-11T07:28:59+00:00\",\"dateModified\":\"2022-01-19T11:22:26+00:00\",\"description\":\"Medidor de PH teste de laborat\u00f3rio para verificar os n\u00edveis de acidez e a temperatura da \u00e1gua. Ideal para verificar a correcta higieniza\u00e7\u00e3o.\",\"breadcrumb\":{\"@id\":\"https:\\\/\\\/www.hods.eu\\\/pt-pt\\\/productos\\\/medidor-de-ph\\\/#breadcrumb\"},\"inLanguage\":\"pt-PT\",\"potentialAction\":[{\"@type\":\"ReadAction\",\"target\":[\"https:\\\/\\\/www.hods.eu\\\/pt-pt\\\/productos\\\/medidor-de-ph\\\/\"]}]},{\"@type\":\"ImageObject\",\"inLanguage\":\"pt-PT\",\"@id\":\"https:\\\/\\\/www.hods.eu\\\/pt-pt\\\/productos\\\/medidor-de-ph\\\/#primaryimage\",\"url\":\"https:\\\/\\\/www.hods.eu\\\/wp-content\\\/uploads\\\/phmeter_hods_web_01.jpg\",\"contentUrl\":\"https:\\\/\\\/www.hods.eu\\\/wp-content\\\/uploads\\\/phmeter_hods_web_01.jpg\",\"width\":768,\"height\":1024,\"caption\":\"Medidor de pH de laborat\u00f3rio para \u00e1gua. Tamb\u00e9m mede a temperatura da \u00e1gua e os dados podem ser congelados.\"},{\"@type\":\"BreadcrumbList\",\"@id\":\"https:\\\/\\\/www.hods.eu\\\/pt-pt\\\/productos\\\/medidor-de-ph\\\/#breadcrumb\",\"itemListElement\":[{\"@type\":\"ListItem\",\"position\":1,\"name\":\"Portada\",\"item\":\"https:\\\/\\\/www.hods.eu\\\/pt-pt\\\/\"},{\"@type\":\"ListItem\",\"position\":2,\"name\":\"Tienda\",\"item\":\"https:\\\/\\\/www.hods.eu\\\/tienda\\\/\"},{\"@type\":\"ListItem\",\"position\":3,\"name\":\"Medidor de pH\"}]},{\"@type\":\"WebSite\",\"@id\":\"https:\\\/\\\/www.hods.eu\\\/pt-pt\\\/#website\",\"url\":\"https:\\\/\\\/www.hods.eu\\\/pt-pt\\\/\",\"name\":\"HODS\",\"description\":\"water? drink with us\",\"publisher\":{\"@id\":\"https:\\\/\\\/www.hods.eu\\\/pt-pt\\\/#organization\"},\"potentialAction\":[{\"@type\":\"SearchAction\",\"target\":{\"@type\":\"EntryPoint\",\"urlTemplate\":\"https:\\\/\\\/www.hods.eu\\\/pt-pt\\\/?s={search_term_string}\"},\"query-input\":{\"@type\":\"PropertyValueSpecification\",\"valueRequired\":true,\"valueName\":\"search_term_string\"}}],\"inLanguage\":\"pt-PT\"},{\"@type\":\"Organization\",\"@id\":\"https:\\\/\\\/www.hods.eu\\\/pt-pt\\\/#organization\",\"name\":\"HODS\",\"url\":\"https:\\\/\\\/www.hods.eu\\\/pt-pt\\\/\",\"logo\":{\"@type\":\"ImageObject\",\"inLanguage\":\"pt-PT\",\"@id\":\"https:\\\/\\\/www.hods.eu\\\/pt-pt\\\/#\\\/schema\\\/logo\\\/image\\\/\",\"url\":\"https:\\\/\\\/www.hods.eu\\\/wp-content\\\/uploads\\\/hods-completo-blanco2.jpg\",\"contentUrl\":\"https:\\\/\\\/www.hods.eu\\\/wp-content\\\/uploads\\\/hods-completo-blanco2.jpg\",\"width\":500,\"height\":179,\"caption\":\"HODS\"},\"image\":{\"@id\":\"https:\\\/\\\/www.hods.eu\\\/pt-pt\\\/#\\\/schema\\\/logo\\\/image\\\/\"}}]}<\/script>\n<!-- \/ Yoast SEO plugin. -->","yoast_head_json":{"title":"Medidor de pH de Laborat\u00f3rio Limpeza e Higiene - HODS","description":"Medidor de PH teste de laborat\u00f3rio para verificar os n\u00edveis de acidez e a temperatura da \u00e1gua. Ideal para verificar a correcta higieniza\u00e7\u00e3o.","robots":{"index":"index","follow":"follow","max-snippet":"max-snippet:-1","max-image-preview":"max-image-preview:large","max-video-preview":"max-video-preview:-1"},"canonical":"https:\/\/www.hods.eu\/pt-pt\/productos\/medidor-de-ph\/","og_locale":"pt_PT","og_type":"article","og_title":"Medidor de pH de Laborat\u00f3rio Limpeza e Higiene - HODS","og_description":"Medidor de PH teste de laborat\u00f3rio para verificar os n\u00edveis de acidez e a temperatura da \u00e1gua. Ideal para verificar a correcta higieniza\u00e7\u00e3o.","og_url":"https:\/\/www.hods.eu\/pt-pt\/productos\/medidor-de-ph\/","og_site_name":"HODS","article_modified_time":"2022-01-19T11:22:26+00:00","og_image":[{"width":768,"height":1024,"url":"https:\/\/www.hods.eu\/wp-content\/uploads\/phmeter_hods_web_01.jpg","type":"image\/jpeg"}],"twitter_card":"summary_large_image","twitter_misc":{"Tempo estimado de leitura":"1 minuto"},"schema":{"@context":"https:\/\/schema.org","@graph":[{"@type":"WebPage","@id":"https:\/\/www.hods.eu\/pt-pt\/productos\/medidor-de-ph\/","url":"https:\/\/www.hods.eu\/pt-pt\/productos\/medidor-de-ph\/","name":"Medidor de pH de Laborat\u00f3rio Limpeza e Higiene - HODS","isPartOf":{"@id":"https:\/\/www.hods.eu\/pt-pt\/#website"},"primaryImageOfPage":{"@id":"https:\/\/www.hods.eu\/pt-pt\/productos\/medidor-de-ph\/#primaryimage"},"image":{"@id":"https:\/\/www.hods.eu\/pt-pt\/productos\/medidor-de-ph\/#primaryimage"},"thumbnailUrl":"https:\/\/www.hods.eu\/wp-content\/uploads\/phmeter_hods_web_01.jpg","datePublished":"2016-03-11T07:28:59+00:00","dateModified":"2022-01-19T11:22:26+00:00","description":"Medidor de PH teste de laborat\u00f3rio para verificar os n\u00edveis de acidez e a temperatura da \u00e1gua. Ideal para verificar a correcta higieniza\u00e7\u00e3o.","breadcrumb":{"@id":"https:\/\/www.hods.eu\/pt-pt\/productos\/medidor-de-ph\/#breadcrumb"},"inLanguage":"pt-PT","potentialAction":[{"@type":"ReadAction","target":["https:\/\/www.hods.eu\/pt-pt\/productos\/medidor-de-ph\/"]}]},{"@type":"ImageObject","inLanguage":"pt-PT","@id":"https:\/\/www.hods.eu\/pt-pt\/productos\/medidor-de-ph\/#primaryimage","url":"https:\/\/www.hods.eu\/wp-content\/uploads\/phmeter_hods_web_01.jpg","contentUrl":"https:\/\/www.hods.eu\/wp-content\/uploads\/phmeter_hods_web_01.jpg","width":768,"height":1024,"caption":"Medidor de pH de laborat\u00f3rio para \u00e1gua. Tamb\u00e9m mede a temperatura da \u00e1gua e os dados podem ser congelados."},{"@type":"BreadcrumbList","@id":"https:\/\/www.hods.eu\/pt-pt\/productos\/medidor-de-ph\/#breadcrumb","itemListElement":[{"@type":"ListItem","position":1,"name":"Portada","item":"https:\/\/www.hods.eu\/pt-pt\/"},{"@type":"ListItem","position":2,"name":"Tienda","item":"https:\/\/www.hods.eu\/tienda\/"},{"@type":"ListItem","position":3,"name":"Medidor de pH"}]},{"@type":"WebSite","@id":"https:\/\/www.hods.eu\/pt-pt\/#website","url":"https:\/\/www.hods.eu\/pt-pt\/","name":"HODS","description":"water? drink with us","publisher":{"@id":"https:\/\/www.hods.eu\/pt-pt\/#organization"},"potentialAction":[{"@type":"SearchAction","target":{"@type":"EntryPoint","urlTemplate":"https:\/\/www.hods.eu\/pt-pt\/?s={search_term_string}"},"query-input":{"@type":"PropertyValueSpecification","valueRequired":true,"valueName":"search_term_string"}}],"inLanguage":"pt-PT"},{"@type":"Organization","@id":"https:\/\/www.hods.eu\/pt-pt\/#organization","name":"HODS","url":"https:\/\/www.hods.eu\/pt-pt\/","logo":{"@type":"ImageObject","inLanguage":"pt-PT","@id":"https:\/\/www.hods.eu\/pt-pt\/#\/schema\/logo\/image\/","url":"https:\/\/www.hods.eu\/wp-content\/uploads\/hods-completo-blanco2.jpg","contentUrl":"https:\/\/www.hods.eu\/wp-content\/uploads\/hods-completo-blanco2.jpg","width":500,"height":179,"caption":"HODS"},"image":{"@id":"https:\/\/www.hods.eu\/pt-pt\/#\/schema\/logo\/image\/"}}]}},"_links":{"self":[{"href":"https:\/\/www.hods.eu\/pt-pt\/wp-json\/wp\/v2\/product\/19120","targetHints":{"allow":["GET"]}}],"collection":[{"href":"https:\/\/www.hods.eu\/pt-pt\/wp-json\/wp\/v2\/product"}],"about":[{"href":"https:\/\/www.hods.eu\/pt-pt\/wp-json\/wp\/v2\/types\/product"}],"wp:featuredmedia":[{"embeddable":true,"href":"https:\/\/www.hods.eu\/pt-pt\/wp-json\/wp\/v2\/media\/26155"}],"wp:attachment":[{"href":"https:\/\/www.hods.eu\/pt-pt\/wp-json\/wp\/v2\/media?parent=19120"}],"wp:term":[{"taxonomy":"product_brand","embeddable":true,"href":"https:\/\/www.hods.eu\/pt-pt\/wp-json\/wp\/v2\/product_brand?post=19120"},{"taxonomy":"product_cat","embeddable":true,"href":"https:\/\/www.hods.eu\/pt-pt\/wp-json\/wp\/v2\/product_cat?post=19120"},{"taxonomy":"product_tag","embeddable":true,"href":"https:\/\/www.hods.eu\/pt-pt\/wp-json\/wp\/v2\/product_tag?post=19120"}],"curies":[{"name":"wp","href":"https:\/\/api.w.org\/{rel}","templated":true}]}}