{"id":19113,"date":"2016-12-01T07:50:17","date_gmt":"2016-12-01T06:50:17","guid":{"rendered":"https:\/\/www.hods.eu\/producto\/garrafao-pet-turquesa-20-litros\/"},"modified":"2023-01-11T11:49:00","modified_gmt":"2023-01-11T10:49:00","slug":"garrafao-pet-turquesa-20-litros","status":"publish","type":"product","link":"https:\/\/www.hods.eu\/pt-pt\/productos\/garrafao-pet-turquesa-20-litros\/","title":{"rendered":"Garraf\u00e3o PET Turquesa 20 Litros"},"content":{"rendered":"<h3 style=\"text-align: justify; color: #6d6d6d;\">Garraf\u00e3o PET Turquesa 20 Litros. Feito de PET livre de Bisfenol-A. Garrafa esteticamente mais agrad\u00e1vel e protec\u00e7\u00e3o contra os raios solares.<\/h3>\n<p style=\"text-align: justify; color: #6d6d6d;\">A nosso <strong>garraf\u00e3o turquesa PET de 20 litros<\/strong> \u00e9 <strong>muito mais higi\u00e9nico<\/strong>, pois tem uma <strong>pega em ABS inserida<\/strong> na garrafa. A pega externa permite que a garrafa seja completamente lavada e desinfectada, ao contr\u00e1rio de outras garrafas de Policarbonato, que t\u00eam uma pega que faz parte do recipiente e atrav\u00e9s da qual a \u00e1gua n\u00e3o circula durante a lavagem. Desta forma, eliminamos a possibilidade de acumula\u00e7\u00e3o de bact\u00e9rias e obtemos uma limpeza total do recipiente, garantindo a salubridade da \u00e1gua e das pessoas.<\/p>\n<p style=\"text-align: justify; color: #6d6d6d;\">As nossas <strong>garrafas PET<\/strong>, nos seus diferentes formatos, tanto <a href=\"https:\/\/www.hods.eu\/pt-pt\/producto\/garrafao-pet-12-litros\/\">12 litros<\/a>, <a href=\"https:\/\/www.hods.eu\/pt-pt\/producto\/garrafao-pet-turquesa-18-9-litros\/\">18,9 litros<\/a> como 20 litros, s\u00e3o totalmente <strong>adequadas para qualquer dispensador de \u00e1gua<\/strong>. Al\u00e9m disso, cabem nas nossas <strong><a href=\"https:\/\/www.hods.eu\/pt-pt\/producto\/garrafeira-metalica-branca\/\">Garrafeiras met\u00e1licas<\/a><\/strong> para armazenar at\u00e9 4 garrafas e nos <strong><a href=\"https:\/\/www.hods.eu\/pt-pt\/producto\/empilhador-de-garrafoes\/\">Empilhadores<\/a><\/strong> de 2 garrafas.<\/p>\n<p style=\"text-align: justify; color: #6d6d6d;\">As garrafas s\u00e3o fabricadas nas nossas instala\u00e7\u00f5es em <strong>Val\u00eancia<\/strong> (Espanha) e cumprem com todas as <strong>normas e garantias de qualidade exigidas<\/strong>.<\/p>\n<p style=\"text-align: justify; color: #6d6d6d;\">As cores em que \u00e9 fabricado fornecem <strong>prote\u00e7\u00e3o \u00e0 \u00e1gua contra os raios solares UV<\/strong>. Ao mesmo tempo, ganhamos na est\u00e9tica final da <strong>garrafa PET<\/strong>, sendo as cores dispon\u00edveis: <a href=\"https:\/\/www.hods.eu\/pt-pt\/producto\/garrafao-pet-20-litros\/\">Azul<\/a>, <a href=\"https:\/\/www.hods.eu\/pt-pt\/producto\/garrafao-pet-vermelho-20-litros\/\">Vermelho<\/a> e Verde Turquesa.<\/p>\n<p><a href=\"https:\/\/watcool.com\/pt\/garrafoes-e-tampas\/41-garrafao-20-litros-pet.html\">Watcool<\/a><\/p>\n","protected":false},"excerpt":{"rendered":"<p><img decoding=\"async\" src=\"https:\/\/www.hods.eu\/wp-content\/uploads\/botellon.png\" border=\"0\" \/><span style=\"color: #6d6d6d;\"><strong>Garrafa PET<\/strong> de alta qualidade fabricada em Val\u00eancia (Espanha).<\/span><\/p>\n<p><img decoding=\"async\" src=\"https:\/\/www.hods.eu\/wp-content\/uploads\/asa.png\" border=\"0\" \/><span style=\"color: #6d6d6d;\"><strong>Com cabo em ABS<\/strong> inserido e higi\u00e9nica. \u00c9 o mais <strong>higi\u00e9nico<\/strong> porque \u00e9 totalmente lav\u00e1vel.<\/span><\/p>\n<p><img decoding=\"async\" src=\"https:\/\/www.hods.eu\/wp-content\/uploads\/bpa.png\" border=\"0\" \/><span style=\"color: #6d6d6d;\">Produto fabricado em PET e <strong>completamente<\/strong> <strong>livre de BPA<\/strong>.<\/span><\/p>\n<p><img decoding=\"async\" src=\"https:\/\/www.hods.eu\/wp-content\/uploads\/golpes.png\" border=\"0\" \/><span style=\"color: #6d6d6d;\">Material <strong>resistente a impactos e protege a \u00e1gua dos raios solares UV<\/strong>, pois \u00e9 fabricada em verde turquesa.<\/span><\/p>\n<p><img decoding=\"async\" src=\"https:\/\/www.hods.eu\/wp-content\/uploads\/tapon.png\" border=\"0\" \/><span style=\"color: #6d6d6d;\">Pesco\u00e7o de <strong>55 mil\u00edmetros<\/strong> adequado para tampa de 5 gal\u00f5es.<\/span><\/p>\n<p><img decoding=\"async\" src=\"https:\/\/www.hods.eu\/wp-content\/uploads\/personalizable.png\" border=\"0\" \/><span style=\"color: #6d6d6d;\">Etiqueta <strong>personaliz\u00e1vel<\/strong>.<\/span><\/p>\n<p>&nbsp;<\/p>\n<p>&nbsp;<\/p>\n<p><span style=\"color: #6d6d6d;\"><strong>Comprar na loja online <a href=\"https:\/\/watcool.com\/pt\/garrafoes-e-tampas\/41-14-garrafao-20-litros-pet.html#\/4-color-turquesa\" target=\"_blank\" rel=\"noopener\"><img loading=\"lazy\" decoding=\"async\" class=\"alignnone wp-image-30290\" title=\"watcool\" src=\"https:\/\/www.hods.eu\/wp-content\/uploads\/web.jpg\" alt=\"watcool\" width=\"90\" height=\"18\" srcset=\"https:\/\/www.hods.eu\/wp-content\/uploads\/web.jpg 200w, https:\/\/www.hods.eu\/wp-content\/uploads\/web-150x30.jpg 150w\" sizes=\"auto, (max-width: 90px) 100vw, 90px\" \/><\/a><\/strong> <\/span><\/p>\n","protected":false},"featured_media":26065,"template":"","meta":[],"product_brand":[],"product_cat":[85],"product_tag":[],"class_list":{"0":"post-19113","1":"product","2":"type-product","3":"status-publish","4":"has-post-thumbnail","6":"product_cat-garrafoes-tampa","8":"first","9":"instock","10":"shipping-taxable","11":"product-type-simple"},"yoast_head":"<!-- This site is optimized with the Yoast SEO plugin v27.3 - https:\/\/yoast.com\/product\/yoast-seo-wordpress\/ -->\n<title>Garraf\u00e3o PET Turquesa 20 Litros Garrafoes e Tampa - HODS<\/title>\n<meta name=\"description\" content=\"Garraf\u00e3o PET Turquesa 20 Litros. Feito de PET livre de Bisfenol-A. De cor vermelha, mais est\u00e9tica e protectora contra os raios solares.\" \/>\n<meta name=\"robots\" content=\"index, follow, max-snippet:-1, max-image-preview:large, max-video-preview:-1\" \/>\n<link rel=\"canonical\" href=\"https:\/\/www.hods.eu\/pt-pt\/productos\/garrafao-pet-turquesa-20-litros\/\" \/>\n<meta property=\"og:locale\" content=\"pt_PT\" \/>\n<meta property=\"og:type\" content=\"article\" \/>\n<meta property=\"og:title\" content=\"Garraf\u00e3o PET Turquesa 20 Litros Garrafoes e Tampa - HODS\" \/>\n<meta property=\"og:description\" content=\"Garraf\u00e3o PET Turquesa 20 Litros. Feito de PET livre de Bisfenol-A. De cor vermelha, mais est\u00e9tica e protectora contra os raios solares.\" \/>\n<meta property=\"og:url\" content=\"https:\/\/www.hods.eu\/pt-pt\/productos\/garrafao-pet-turquesa-20-litros\/\" \/>\n<meta property=\"og:site_name\" content=\"HODS\" \/>\n<meta property=\"article:modified_time\" content=\"2023-01-11T10:49:00+00:00\" \/>\n<meta property=\"og:image\" content=\"https:\/\/www.hods.eu\/wp-content\/uploads\/botellon20_turquesa_hods_web_01.jpg\" \/>\n\t<meta property=\"og:image:width\" content=\"768\" \/>\n\t<meta property=\"og:image:height\" content=\"1024\" \/>\n\t<meta property=\"og:image:type\" content=\"image\/jpeg\" \/>\n<meta name=\"twitter:card\" content=\"summary_large_image\" \/>\n<meta name=\"twitter:label1\" content=\"Tempo estimado de leitura\" \/>\n\t<meta name=\"twitter:data1\" content=\"1 minuto\" \/>\n<script type=\"application\/ld+json\" class=\"yoast-schema-graph\">{\"@context\":\"https:\\\/\\\/schema.org\",\"@graph\":[{\"@type\":\"WebPage\",\"@id\":\"https:\\\/\\\/www.hods.eu\\\/pt-pt\\\/productos\\\/garrafao-pet-turquesa-20-litros\\\/\",\"url\":\"https:\\\/\\\/www.hods.eu\\\/pt-pt\\\/productos\\\/garrafao-pet-turquesa-20-litros\\\/\",\"name\":\"Garraf\u00e3o PET Turquesa 20 Litros Garrafoes e Tampa - HODS\",\"isPartOf\":{\"@id\":\"https:\\\/\\\/www.hods.eu\\\/pt-pt\\\/#website\"},\"primaryImageOfPage\":{\"@id\":\"https:\\\/\\\/www.hods.eu\\\/pt-pt\\\/productos\\\/garrafao-pet-turquesa-20-litros\\\/#primaryimage\"},\"image\":{\"@id\":\"https:\\\/\\\/www.hods.eu\\\/pt-pt\\\/productos\\\/garrafao-pet-turquesa-20-litros\\\/#primaryimage\"},\"thumbnailUrl\":\"https:\\\/\\\/www.hods.eu\\\/wp-content\\\/uploads\\\/botellon20_turquesa_hods_web_01.jpg\",\"datePublished\":\"2016-12-01T06:50:17+00:00\",\"dateModified\":\"2023-01-11T10:49:00+00:00\",\"description\":\"Garraf\u00e3o PET Turquesa 20 Litros. Feito de PET livre de Bisfenol-A. De cor vermelha, mais est\u00e9tica e protectora contra os raios solares.\",\"breadcrumb\":{\"@id\":\"https:\\\/\\\/www.hods.eu\\\/pt-pt\\\/productos\\\/garrafao-pet-turquesa-20-litros\\\/#breadcrumb\"},\"inLanguage\":\"pt-PT\",\"potentialAction\":[{\"@type\":\"ReadAction\",\"target\":[\"https:\\\/\\\/www.hods.eu\\\/pt-pt\\\/productos\\\/garrafao-pet-turquesa-20-litros\\\/\"]}]},{\"@type\":\"ImageObject\",\"inLanguage\":\"pt-PT\",\"@id\":\"https:\\\/\\\/www.hods.eu\\\/pt-pt\\\/productos\\\/garrafao-pet-turquesa-20-litros\\\/#primaryimage\",\"url\":\"https:\\\/\\\/www.hods.eu\\\/wp-content\\\/uploads\\\/botellon20_turquesa_hods_web_01.jpg\",\"contentUrl\":\"https:\\\/\\\/www.hods.eu\\\/wp-content\\\/uploads\\\/botellon20_turquesa_hods_web_01.jpg\",\"width\":768,\"height\":1024,\"caption\":\"Garrafa de \u00e1gua PET de 20 litros na cor turquesa. Sem bisfenol-A. Com um pesco\u00e7o de 55mm adequado para tampas de 5 gal\u00f5es.\"},{\"@type\":\"BreadcrumbList\",\"@id\":\"https:\\\/\\\/www.hods.eu\\\/pt-pt\\\/productos\\\/garrafao-pet-turquesa-20-litros\\\/#breadcrumb\",\"itemListElement\":[{\"@type\":\"ListItem\",\"position\":1,\"name\":\"Portada\",\"item\":\"https:\\\/\\\/www.hods.eu\\\/pt-pt\\\/\"},{\"@type\":\"ListItem\",\"position\":2,\"name\":\"Tienda\",\"item\":\"https:\\\/\\\/www.hods.eu\\\/tienda\\\/\"},{\"@type\":\"ListItem\",\"position\":3,\"name\":\"Garraf\u00e3o PET Turquesa 20 Litros\"}]},{\"@type\":\"WebSite\",\"@id\":\"https:\\\/\\\/www.hods.eu\\\/pt-pt\\\/#website\",\"url\":\"https:\\\/\\\/www.hods.eu\\\/pt-pt\\\/\",\"name\":\"HODS\",\"description\":\"water? drink with us\",\"publisher\":{\"@id\":\"https:\\\/\\\/www.hods.eu\\\/pt-pt\\\/#organization\"},\"potentialAction\":[{\"@type\":\"SearchAction\",\"target\":{\"@type\":\"EntryPoint\",\"urlTemplate\":\"https:\\\/\\\/www.hods.eu\\\/pt-pt\\\/?s={search_term_string}\"},\"query-input\":{\"@type\":\"PropertyValueSpecification\",\"valueRequired\":true,\"valueName\":\"search_term_string\"}}],\"inLanguage\":\"pt-PT\"},{\"@type\":\"Organization\",\"@id\":\"https:\\\/\\\/www.hods.eu\\\/pt-pt\\\/#organization\",\"name\":\"HODS\",\"url\":\"https:\\\/\\\/www.hods.eu\\\/pt-pt\\\/\",\"logo\":{\"@type\":\"ImageObject\",\"inLanguage\":\"pt-PT\",\"@id\":\"https:\\\/\\\/www.hods.eu\\\/pt-pt\\\/#\\\/schema\\\/logo\\\/image\\\/\",\"url\":\"https:\\\/\\\/www.hods.eu\\\/wp-content\\\/uploads\\\/hods-completo-blanco2.jpg\",\"contentUrl\":\"https:\\\/\\\/www.hods.eu\\\/wp-content\\\/uploads\\\/hods-completo-blanco2.jpg\",\"width\":500,\"height\":179,\"caption\":\"HODS\"},\"image\":{\"@id\":\"https:\\\/\\\/www.hods.eu\\\/pt-pt\\\/#\\\/schema\\\/logo\\\/image\\\/\"}}]}<\/script>\n<!-- \/ Yoast SEO plugin. -->","yoast_head_json":{"title":"Garraf\u00e3o PET Turquesa 20 Litros Garrafoes e Tampa - HODS","description":"Garraf\u00e3o PET Turquesa 20 Litros. Feito de PET livre de Bisfenol-A. De cor vermelha, mais est\u00e9tica e protectora contra os raios solares.","robots":{"index":"index","follow":"follow","max-snippet":"max-snippet:-1","max-image-preview":"max-image-preview:large","max-video-preview":"max-video-preview:-1"},"canonical":"https:\/\/www.hods.eu\/pt-pt\/productos\/garrafao-pet-turquesa-20-litros\/","og_locale":"pt_PT","og_type":"article","og_title":"Garraf\u00e3o PET Turquesa 20 Litros Garrafoes e Tampa - HODS","og_description":"Garraf\u00e3o PET Turquesa 20 Litros. Feito de PET livre de Bisfenol-A. De cor vermelha, mais est\u00e9tica e protectora contra os raios solares.","og_url":"https:\/\/www.hods.eu\/pt-pt\/productos\/garrafao-pet-turquesa-20-litros\/","og_site_name":"HODS","article_modified_time":"2023-01-11T10:49:00+00:00","og_image":[{"width":768,"height":1024,"url":"https:\/\/www.hods.eu\/wp-content\/uploads\/botellon20_turquesa_hods_web_01.jpg","type":"image\/jpeg"}],"twitter_card":"summary_large_image","twitter_misc":{"Tempo estimado de leitura":"1 minuto"},"schema":{"@context":"https:\/\/schema.org","@graph":[{"@type":"WebPage","@id":"https:\/\/www.hods.eu\/pt-pt\/productos\/garrafao-pet-turquesa-20-litros\/","url":"https:\/\/www.hods.eu\/pt-pt\/productos\/garrafao-pet-turquesa-20-litros\/","name":"Garraf\u00e3o PET Turquesa 20 Litros Garrafoes e Tampa - HODS","isPartOf":{"@id":"https:\/\/www.hods.eu\/pt-pt\/#website"},"primaryImageOfPage":{"@id":"https:\/\/www.hods.eu\/pt-pt\/productos\/garrafao-pet-turquesa-20-litros\/#primaryimage"},"image":{"@id":"https:\/\/www.hods.eu\/pt-pt\/productos\/garrafao-pet-turquesa-20-litros\/#primaryimage"},"thumbnailUrl":"https:\/\/www.hods.eu\/wp-content\/uploads\/botellon20_turquesa_hods_web_01.jpg","datePublished":"2016-12-01T06:50:17+00:00","dateModified":"2023-01-11T10:49:00+00:00","description":"Garraf\u00e3o PET Turquesa 20 Litros. Feito de PET livre de Bisfenol-A. De cor vermelha, mais est\u00e9tica e protectora contra os raios solares.","breadcrumb":{"@id":"https:\/\/www.hods.eu\/pt-pt\/productos\/garrafao-pet-turquesa-20-litros\/#breadcrumb"},"inLanguage":"pt-PT","potentialAction":[{"@type":"ReadAction","target":["https:\/\/www.hods.eu\/pt-pt\/productos\/garrafao-pet-turquesa-20-litros\/"]}]},{"@type":"ImageObject","inLanguage":"pt-PT","@id":"https:\/\/www.hods.eu\/pt-pt\/productos\/garrafao-pet-turquesa-20-litros\/#primaryimage","url":"https:\/\/www.hods.eu\/wp-content\/uploads\/botellon20_turquesa_hods_web_01.jpg","contentUrl":"https:\/\/www.hods.eu\/wp-content\/uploads\/botellon20_turquesa_hods_web_01.jpg","width":768,"height":1024,"caption":"Garrafa de \u00e1gua PET de 20 litros na cor turquesa. Sem bisfenol-A. Com um pesco\u00e7o de 55mm adequado para tampas de 5 gal\u00f5es."},{"@type":"BreadcrumbList","@id":"https:\/\/www.hods.eu\/pt-pt\/productos\/garrafao-pet-turquesa-20-litros\/#breadcrumb","itemListElement":[{"@type":"ListItem","position":1,"name":"Portada","item":"https:\/\/www.hods.eu\/pt-pt\/"},{"@type":"ListItem","position":2,"name":"Tienda","item":"https:\/\/www.hods.eu\/tienda\/"},{"@type":"ListItem","position":3,"name":"Garraf\u00e3o PET Turquesa 20 Litros"}]},{"@type":"WebSite","@id":"https:\/\/www.hods.eu\/pt-pt\/#website","url":"https:\/\/www.hods.eu\/pt-pt\/","name":"HODS","description":"water? drink with us","publisher":{"@id":"https:\/\/www.hods.eu\/pt-pt\/#organization"},"potentialAction":[{"@type":"SearchAction","target":{"@type":"EntryPoint","urlTemplate":"https:\/\/www.hods.eu\/pt-pt\/?s={search_term_string}"},"query-input":{"@type":"PropertyValueSpecification","valueRequired":true,"valueName":"search_term_string"}}],"inLanguage":"pt-PT"},{"@type":"Organization","@id":"https:\/\/www.hods.eu\/pt-pt\/#organization","name":"HODS","url":"https:\/\/www.hods.eu\/pt-pt\/","logo":{"@type":"ImageObject","inLanguage":"pt-PT","@id":"https:\/\/www.hods.eu\/pt-pt\/#\/schema\/logo\/image\/","url":"https:\/\/www.hods.eu\/wp-content\/uploads\/hods-completo-blanco2.jpg","contentUrl":"https:\/\/www.hods.eu\/wp-content\/uploads\/hods-completo-blanco2.jpg","width":500,"height":179,"caption":"HODS"},"image":{"@id":"https:\/\/www.hods.eu\/pt-pt\/#\/schema\/logo\/image\/"}}]}},"_links":{"self":[{"href":"https:\/\/www.hods.eu\/pt-pt\/wp-json\/wp\/v2\/product\/19113","targetHints":{"allow":["GET"]}}],"collection":[{"href":"https:\/\/www.hods.eu\/pt-pt\/wp-json\/wp\/v2\/product"}],"about":[{"href":"https:\/\/www.hods.eu\/pt-pt\/wp-json\/wp\/v2\/types\/product"}],"wp:featuredmedia":[{"embeddable":true,"href":"https:\/\/www.hods.eu\/pt-pt\/wp-json\/wp\/v2\/media\/26065"}],"wp:attachment":[{"href":"https:\/\/www.hods.eu\/pt-pt\/wp-json\/wp\/v2\/media?parent=19113"}],"wp:term":[{"taxonomy":"product_brand","embeddable":true,"href":"https:\/\/www.hods.eu\/pt-pt\/wp-json\/wp\/v2\/product_brand?post=19113"},{"taxonomy":"product_cat","embeddable":true,"href":"https:\/\/www.hods.eu\/pt-pt\/wp-json\/wp\/v2\/product_cat?post=19113"},{"taxonomy":"product_tag","embeddable":true,"href":"https:\/\/www.hods.eu\/pt-pt\/wp-json\/wp\/v2\/product_tag?post=19113"}],"curies":[{"name":"wp","href":"https:\/\/api.w.org\/{rel}","templated":true}]}}