{"id":19105,"date":"2019-04-12T09:56:48","date_gmt":"2019-04-12T08:56:48","guid":{"rendered":"https:\/\/www.hods.eu\/producto\/suporte-de-madeira-sobre-mesa\/"},"modified":"2022-01-19T12:20:46","modified_gmt":"2022-01-19T11:20:46","slug":"suporte-de-madeira-sobre-mesa","status":"publish","type":"product","link":"https:\/\/www.hods.eu\/pt-pt\/productos\/suporte-de-madeira-sobre-mesa\/","title":{"rendered":"Suporte de madeira sobre mesa"},"content":{"rendered":"<h3 style=\"text-align: justify; color: #6d6d6d;\">O suporte de madeira sobre mesa \u00e9 um acess\u00f3rio para dispensadores de \u00e1gua que oferece uma solu\u00e7\u00e3o conveniente para adaptar a altura do dispensador \u00e0s necessidades do cliente. Por exemplo, coloc\u00e1-lo sobre uma bancada de cozinha ou sobre uma superf\u00edcie a uma certa altura.<\/h3>\n<p style=\"text-align: justify; color: #6d6d6d;\">Com este suporte de madeira sobre mesa, por um lado, podem ser oferecidas solu\u00e7\u00f5es a diferentes n\u00edveis e\/ou em diferentes ambientes. Por outro lado, proporcionar <strong>estabilidade e seguran\u00e7a<\/strong> com seu desenho cruzado refor\u00e7ado que melhora a sujei\u00e7\u00e3o na base e no suporte. \u00c9 feita de madeira, numa cor interm\u00e9dia que n\u00e3o \u00e9 nem demasiado clara nem demasiado escura, para que possa ser combinada com a decora\u00e7\u00e3o de qualquer divis\u00e3o.<\/p>\n<p style=\"text-align: justify; color: #6d6d6d;\">Al\u00e9m disso, os suportes salientes da base onde o dispensador \u00e9 colocado proporcionam <strong>est\u00e9tica e consist\u00eancia \u00e0 estrutura<\/strong>. Al\u00e9m disso, deve-se destacar a limpeza f\u00e1cil e r\u00e1pida de toda a superf\u00edcie sobre a qual \u00e9 colocada.<\/p>\n<p style=\"text-align: justify; color: #6d6d6d;\">Finalmente, \u00e9 de notar que se trata de estruturas leves, r\u00e1pidas, f\u00e1ceis de montar e com um pre\u00e7o muito razo\u00e1vel.<\/p>\n<p style=\"text-align: justify; color: #6d6d6d;\">\u00c9 o <strong>complemento perfeito<\/strong> para o <a href=\"https:\/\/www.hods.eu\/pt-pt\/producto\/dispensador-simples\/\">Dispensador Simples<\/a> e <a href=\"https:\/\/www.hods.eu\/pt-pt\/producto\/dispensador-ceramico\/\">Dispensador Cer\u00e2mico<\/a>, pois d\u00e1-lhes a altura necess\u00e1ria para tornar a distribui\u00e7\u00e3o de \u00e1gua mais confort\u00e1vel. Tamb\u00e9m est\u00e1 dispon\u00edvel o <a href=\"https:\/\/www.hods.eu\/pt-pt\/producto\/suporte-de-madeira-para-chao\/\">suporte de madeira para ch\u00e3o<\/a>, que permite que o dispensador seja levantado directamente do ch\u00e3o.<\/p>\n","protected":false},"excerpt":{"rendered":"<p><img decoding=\"async\" src=\"https:\/\/www.hods.eu\/wp-content\/uploads\/dispensador.png\" border=\"0\" \/><span style=\"color: #6d6d6d;\"><strong>Adapta a altura<\/strong> do distribuidor de \u00e1gua sobre uma mesa ou bancada.<\/span><\/p>\n<p><img decoding=\"async\" src=\"https:\/\/www.hods.eu\/wp-content\/uploads\/estabilidad.png\" border=\"0\" \/><span style=\"color: #6d6d6d;\"><strong>Estabilidade<\/strong> e <strong>seguran\u00e7a<\/strong>.<\/span><\/p>\n<p><img decoding=\"async\" src=\"https:\/\/www.hods.eu\/wp-content\/uploads\/facil.png\" border=\"0\" \/><span style=\"color: #6d6d6d;\">Limpeza r\u00e1pida e f\u00e1cil.<\/span><\/p>\n<p><img decoding=\"async\" src=\"https:\/\/www.hods.eu\/wp-content\/uploads\/combinable.png\" border=\"0\" \/><span style=\"color: #6d6d6d;\">Combina com o Dispensador Simples e o Dispensador Cer\u00e2mico.<\/span><\/p>\n<p>&nbsp;<\/p>\n<p>&nbsp;<\/p>\n<p><span style=\"color: #6d6d6d;\"><strong>Comprar na loja online <a href=\"https:\/\/watcool.com\/pt\/acessorios\/51-suporte-mesa.html\" target=\"_blank\" rel=\"noopener\"><img loading=\"lazy\" decoding=\"async\" class=\"alignnone wp-image-30290\" title=\"watcool\" src=\"https:\/\/www.hods.eu\/wp-content\/uploads\/web.jpg\" alt=\"watcool\" width=\"90\" height=\"18\" srcset=\"https:\/\/www.hods.eu\/wp-content\/uploads\/web.jpg 200w, https:\/\/www.hods.eu\/wp-content\/uploads\/web-150x30.jpg 150w\" sizes=\"auto, (max-width: 90px) 100vw, 90px\" \/><\/a><\/strong> <\/span><\/p>\n","protected":false},"featured_media":26023,"template":"","meta":[],"product_brand":[],"product_cat":[84],"product_tag":[],"class_list":{"0":"post-19105","1":"product","2":"type-product","3":"status-publish","4":"has-post-thumbnail","6":"product_cat-acessorios","8":"first","9":"instock","10":"shipping-taxable","11":"product-type-simple"},"yoast_head":"<!-- This site is optimized with the Yoast SEO plugin v27.3 - https:\/\/yoast.com\/product\/yoast-seo-wordpress\/ -->\n<title>Suporte de madeira sobre mesa Acess\u00f3rios do dispensador - HODS<\/title>\n<meta name=\"description\" content=\"O suporte de madeira sobre mesa \u00e9 um acess\u00f3rio para dispensadores de \u00e1gua que oferece uma solu\u00e7\u00e3o para adaptar a altura do dispensador.\" \/>\n<meta name=\"robots\" content=\"index, follow, max-snippet:-1, max-image-preview:large, max-video-preview:-1\" \/>\n<link rel=\"canonical\" href=\"https:\/\/www.hods.eu\/pt-pt\/productos\/suporte-de-madeira-sobre-mesa\/\" \/>\n<meta property=\"og:locale\" content=\"pt_PT\" \/>\n<meta property=\"og:type\" content=\"article\" \/>\n<meta property=\"og:title\" content=\"Suporte de madeira sobre mesa Acess\u00f3rios do dispensador - HODS\" \/>\n<meta property=\"og:description\" content=\"O suporte de madeira sobre mesa \u00e9 um acess\u00f3rio para dispensadores de \u00e1gua que oferece uma solu\u00e7\u00e3o para adaptar a altura do dispensador.\" \/>\n<meta property=\"og:url\" content=\"https:\/\/www.hods.eu\/pt-pt\/productos\/suporte-de-madeira-sobre-mesa\/\" \/>\n<meta property=\"og:site_name\" content=\"HODS\" \/>\n<meta property=\"article:modified_time\" content=\"2022-01-19T11:20:46+00:00\" \/>\n<meta property=\"og:image\" content=\"https:\/\/www.hods.eu\/wp-content\/uploads\/standmaderamesa_hods_web_01.jpg\" \/>\n\t<meta property=\"og:image:width\" content=\"768\" \/>\n\t<meta property=\"og:image:height\" content=\"1024\" \/>\n\t<meta property=\"og:image:type\" content=\"image\/jpeg\" \/>\n<meta name=\"twitter:card\" content=\"summary_large_image\" \/>\n<meta name=\"twitter:label1\" content=\"Tempo estimado de leitura\" \/>\n\t<meta name=\"twitter:data1\" content=\"1 minuto\" \/>\n<script type=\"application\/ld+json\" class=\"yoast-schema-graph\">{\"@context\":\"https:\\\/\\\/schema.org\",\"@graph\":[{\"@type\":\"WebPage\",\"@id\":\"https:\\\/\\\/www.hods.eu\\\/pt-pt\\\/productos\\\/suporte-de-madeira-sobre-mesa\\\/\",\"url\":\"https:\\\/\\\/www.hods.eu\\\/pt-pt\\\/productos\\\/suporte-de-madeira-sobre-mesa\\\/\",\"name\":\"Suporte de madeira sobre mesa Acess\u00f3rios do dispensador - HODS\",\"isPartOf\":{\"@id\":\"https:\\\/\\\/www.hods.eu\\\/pt-pt\\\/#website\"},\"primaryImageOfPage\":{\"@id\":\"https:\\\/\\\/www.hods.eu\\\/pt-pt\\\/productos\\\/suporte-de-madeira-sobre-mesa\\\/#primaryimage\"},\"image\":{\"@id\":\"https:\\\/\\\/www.hods.eu\\\/pt-pt\\\/productos\\\/suporte-de-madeira-sobre-mesa\\\/#primaryimage\"},\"thumbnailUrl\":\"https:\\\/\\\/www.hods.eu\\\/wp-content\\\/uploads\\\/standmaderamesa_hods_web_01.jpg\",\"datePublished\":\"2019-04-12T08:56:48+00:00\",\"dateModified\":\"2022-01-19T11:20:46+00:00\",\"description\":\"O suporte de madeira sobre mesa \u00e9 um acess\u00f3rio para dispensadores de \u00e1gua que oferece uma solu\u00e7\u00e3o para adaptar a altura do dispensador.\",\"breadcrumb\":{\"@id\":\"https:\\\/\\\/www.hods.eu\\\/pt-pt\\\/productos\\\/suporte-de-madeira-sobre-mesa\\\/#breadcrumb\"},\"inLanguage\":\"pt-PT\",\"potentialAction\":[{\"@type\":\"ReadAction\",\"target\":[\"https:\\\/\\\/www.hods.eu\\\/pt-pt\\\/productos\\\/suporte-de-madeira-sobre-mesa\\\/\"]}]},{\"@type\":\"ImageObject\",\"inLanguage\":\"pt-PT\",\"@id\":\"https:\\\/\\\/www.hods.eu\\\/pt-pt\\\/productos\\\/suporte-de-madeira-sobre-mesa\\\/#primaryimage\",\"url\":\"https:\\\/\\\/www.hods.eu\\\/wp-content\\\/uploads\\\/standmaderamesa_hods_web_01.jpg\",\"contentUrl\":\"https:\\\/\\\/www.hods.eu\\\/wp-content\\\/uploads\\\/standmaderamesa_hods_web_01.jpg\",\"width\":768,\"height\":1024,\"caption\":\"Suporte de madeira sobre mesa para dispensador de \u00e1gua, adapta a altura do dispensador. Proporciona estabilidade e seguran\u00e7a.\"},{\"@type\":\"BreadcrumbList\",\"@id\":\"https:\\\/\\\/www.hods.eu\\\/pt-pt\\\/productos\\\/suporte-de-madeira-sobre-mesa\\\/#breadcrumb\",\"itemListElement\":[{\"@type\":\"ListItem\",\"position\":1,\"name\":\"Portada\",\"item\":\"https:\\\/\\\/www.hods.eu\\\/pt-pt\\\/\"},{\"@type\":\"ListItem\",\"position\":2,\"name\":\"Tienda\",\"item\":\"https:\\\/\\\/www.hods.eu\\\/tienda\\\/\"},{\"@type\":\"ListItem\",\"position\":3,\"name\":\"Suporte de madeira sobre mesa\"}]},{\"@type\":\"WebSite\",\"@id\":\"https:\\\/\\\/www.hods.eu\\\/pt-pt\\\/#website\",\"url\":\"https:\\\/\\\/www.hods.eu\\\/pt-pt\\\/\",\"name\":\"HODS\",\"description\":\"water? drink with us\",\"publisher\":{\"@id\":\"https:\\\/\\\/www.hods.eu\\\/pt-pt\\\/#organization\"},\"potentialAction\":[{\"@type\":\"SearchAction\",\"target\":{\"@type\":\"EntryPoint\",\"urlTemplate\":\"https:\\\/\\\/www.hods.eu\\\/pt-pt\\\/?s={search_term_string}\"},\"query-input\":{\"@type\":\"PropertyValueSpecification\",\"valueRequired\":true,\"valueName\":\"search_term_string\"}}],\"inLanguage\":\"pt-PT\"},{\"@type\":\"Organization\",\"@id\":\"https:\\\/\\\/www.hods.eu\\\/pt-pt\\\/#organization\",\"name\":\"HODS\",\"url\":\"https:\\\/\\\/www.hods.eu\\\/pt-pt\\\/\",\"logo\":{\"@type\":\"ImageObject\",\"inLanguage\":\"pt-PT\",\"@id\":\"https:\\\/\\\/www.hods.eu\\\/pt-pt\\\/#\\\/schema\\\/logo\\\/image\\\/\",\"url\":\"https:\\\/\\\/www.hods.eu\\\/wp-content\\\/uploads\\\/hods-completo-blanco2.jpg\",\"contentUrl\":\"https:\\\/\\\/www.hods.eu\\\/wp-content\\\/uploads\\\/hods-completo-blanco2.jpg\",\"width\":500,\"height\":179,\"caption\":\"HODS\"},\"image\":{\"@id\":\"https:\\\/\\\/www.hods.eu\\\/pt-pt\\\/#\\\/schema\\\/logo\\\/image\\\/\"}}]}<\/script>\n<!-- \/ Yoast SEO plugin. -->","yoast_head_json":{"title":"Suporte de madeira sobre mesa Acess\u00f3rios do dispensador - HODS","description":"O suporte de madeira sobre mesa \u00e9 um acess\u00f3rio para dispensadores de \u00e1gua que oferece uma solu\u00e7\u00e3o para adaptar a altura do dispensador.","robots":{"index":"index","follow":"follow","max-snippet":"max-snippet:-1","max-image-preview":"max-image-preview:large","max-video-preview":"max-video-preview:-1"},"canonical":"https:\/\/www.hods.eu\/pt-pt\/productos\/suporte-de-madeira-sobre-mesa\/","og_locale":"pt_PT","og_type":"article","og_title":"Suporte de madeira sobre mesa Acess\u00f3rios do dispensador - HODS","og_description":"O suporte de madeira sobre mesa \u00e9 um acess\u00f3rio para dispensadores de \u00e1gua que oferece uma solu\u00e7\u00e3o para adaptar a altura do dispensador.","og_url":"https:\/\/www.hods.eu\/pt-pt\/productos\/suporte-de-madeira-sobre-mesa\/","og_site_name":"HODS","article_modified_time":"2022-01-19T11:20:46+00:00","og_image":[{"width":768,"height":1024,"url":"https:\/\/www.hods.eu\/wp-content\/uploads\/standmaderamesa_hods_web_01.jpg","type":"image\/jpeg"}],"twitter_card":"summary_large_image","twitter_misc":{"Tempo estimado de leitura":"1 minuto"},"schema":{"@context":"https:\/\/schema.org","@graph":[{"@type":"WebPage","@id":"https:\/\/www.hods.eu\/pt-pt\/productos\/suporte-de-madeira-sobre-mesa\/","url":"https:\/\/www.hods.eu\/pt-pt\/productos\/suporte-de-madeira-sobre-mesa\/","name":"Suporte de madeira sobre mesa Acess\u00f3rios do dispensador - HODS","isPartOf":{"@id":"https:\/\/www.hods.eu\/pt-pt\/#website"},"primaryImageOfPage":{"@id":"https:\/\/www.hods.eu\/pt-pt\/productos\/suporte-de-madeira-sobre-mesa\/#primaryimage"},"image":{"@id":"https:\/\/www.hods.eu\/pt-pt\/productos\/suporte-de-madeira-sobre-mesa\/#primaryimage"},"thumbnailUrl":"https:\/\/www.hods.eu\/wp-content\/uploads\/standmaderamesa_hods_web_01.jpg","datePublished":"2019-04-12T08:56:48+00:00","dateModified":"2022-01-19T11:20:46+00:00","description":"O suporte de madeira sobre mesa \u00e9 um acess\u00f3rio para dispensadores de \u00e1gua que oferece uma solu\u00e7\u00e3o para adaptar a altura do dispensador.","breadcrumb":{"@id":"https:\/\/www.hods.eu\/pt-pt\/productos\/suporte-de-madeira-sobre-mesa\/#breadcrumb"},"inLanguage":"pt-PT","potentialAction":[{"@type":"ReadAction","target":["https:\/\/www.hods.eu\/pt-pt\/productos\/suporte-de-madeira-sobre-mesa\/"]}]},{"@type":"ImageObject","inLanguage":"pt-PT","@id":"https:\/\/www.hods.eu\/pt-pt\/productos\/suporte-de-madeira-sobre-mesa\/#primaryimage","url":"https:\/\/www.hods.eu\/wp-content\/uploads\/standmaderamesa_hods_web_01.jpg","contentUrl":"https:\/\/www.hods.eu\/wp-content\/uploads\/standmaderamesa_hods_web_01.jpg","width":768,"height":1024,"caption":"Suporte de madeira sobre mesa para dispensador de \u00e1gua, adapta a altura do dispensador. Proporciona estabilidade e seguran\u00e7a."},{"@type":"BreadcrumbList","@id":"https:\/\/www.hods.eu\/pt-pt\/productos\/suporte-de-madeira-sobre-mesa\/#breadcrumb","itemListElement":[{"@type":"ListItem","position":1,"name":"Portada","item":"https:\/\/www.hods.eu\/pt-pt\/"},{"@type":"ListItem","position":2,"name":"Tienda","item":"https:\/\/www.hods.eu\/tienda\/"},{"@type":"ListItem","position":3,"name":"Suporte de madeira sobre mesa"}]},{"@type":"WebSite","@id":"https:\/\/www.hods.eu\/pt-pt\/#website","url":"https:\/\/www.hods.eu\/pt-pt\/","name":"HODS","description":"water? drink with us","publisher":{"@id":"https:\/\/www.hods.eu\/pt-pt\/#organization"},"potentialAction":[{"@type":"SearchAction","target":{"@type":"EntryPoint","urlTemplate":"https:\/\/www.hods.eu\/pt-pt\/?s={search_term_string}"},"query-input":{"@type":"PropertyValueSpecification","valueRequired":true,"valueName":"search_term_string"}}],"inLanguage":"pt-PT"},{"@type":"Organization","@id":"https:\/\/www.hods.eu\/pt-pt\/#organization","name":"HODS","url":"https:\/\/www.hods.eu\/pt-pt\/","logo":{"@type":"ImageObject","inLanguage":"pt-PT","@id":"https:\/\/www.hods.eu\/pt-pt\/#\/schema\/logo\/image\/","url":"https:\/\/www.hods.eu\/wp-content\/uploads\/hods-completo-blanco2.jpg","contentUrl":"https:\/\/www.hods.eu\/wp-content\/uploads\/hods-completo-blanco2.jpg","width":500,"height":179,"caption":"HODS"},"image":{"@id":"https:\/\/www.hods.eu\/pt-pt\/#\/schema\/logo\/image\/"}}]}},"_links":{"self":[{"href":"https:\/\/www.hods.eu\/pt-pt\/wp-json\/wp\/v2\/product\/19105","targetHints":{"allow":["GET"]}}],"collection":[{"href":"https:\/\/www.hods.eu\/pt-pt\/wp-json\/wp\/v2\/product"}],"about":[{"href":"https:\/\/www.hods.eu\/pt-pt\/wp-json\/wp\/v2\/types\/product"}],"wp:featuredmedia":[{"embeddable":true,"href":"https:\/\/www.hods.eu\/pt-pt\/wp-json\/wp\/v2\/media\/26023"}],"wp:attachment":[{"href":"https:\/\/www.hods.eu\/pt-pt\/wp-json\/wp\/v2\/media?parent=19105"}],"wp:term":[{"taxonomy":"product_brand","embeddable":true,"href":"https:\/\/www.hods.eu\/pt-pt\/wp-json\/wp\/v2\/product_brand?post=19105"},{"taxonomy":"product_cat","embeddable":true,"href":"https:\/\/www.hods.eu\/pt-pt\/wp-json\/wp\/v2\/product_cat?post=19105"},{"taxonomy":"product_tag","embeddable":true,"href":"https:\/\/www.hods.eu\/pt-pt\/wp-json\/wp\/v2\/product_tag?post=19105"}],"curies":[{"name":"wp","href":"https:\/\/api.w.org\/{rel}","templated":true}]}}