{"id":19101,"date":"2019-04-12T10:18:50","date_gmt":"2019-04-12T09:18:50","guid":{"rendered":"https:\/\/www.hods.eu\/producto\/suporte-de-madeira-para-chao\/"},"modified":"2022-01-19T12:20:34","modified_gmt":"2022-01-19T11:20:34","slug":"suporte-de-madeira-para-chao","status":"publish","type":"product","link":"https:\/\/www.hods.eu\/pt-pt\/productos\/suporte-de-madeira-para-chao\/","title":{"rendered":"Suporte de madeira para ch\u00e3o"},"content":{"rendered":"<h3 style=\"text-align: justify; color: #6d6d6d;\">Suporte de madeira para ch\u00e3o, \u00e9 um acess\u00f3rio ideal para dispensadores que se destinam a ser incorporados directamente a partir do ch\u00e3o. Com o suporte, um dispensador \u00e9 capaz de funcionar como uma fonte a uma altura melhor. N\u00e3o \u00e9 necess\u00e1rio estar sobre uma mesa ou outra superf\u00edcie, directamente no ch\u00e3o.<\/h3>\n<p style=\"text-align: justify; color: #6d6d6d;\">Com este suporte de madeira para ch\u00e3o, por um lado, podemos oferecer solu\u00e7\u00f5es em diferentes n\u00edveis e\/ou ambientes. Por outro lado, proporcionar <strong>estabilidade e seguran\u00e7a<\/strong> com seu desenho cruzado refor\u00e7ado que melhora a sujei\u00e7\u00e3o na base e no suporte. \u00c9 feita de madeira, numa cor interm\u00e9dia que n\u00e3o \u00e9 nem demasiado clara nem demasiado escura. Para que possa ser combinada com a decora\u00e7\u00e3o de qualquer divis\u00e3o.<\/p>\n<p style=\"text-align: justify; color: #6d6d6d;\">Al\u00e9m disso, os suportes salientes da base onde o dispensador \u00e9 colocado proporcionam est\u00e9tica e <strong>consist\u00eancia \u00e0 estrutura<\/strong>. Al\u00e9m disso, deve-se destacar a <strong>limpeza f\u00e1cil e r\u00e1pida<\/strong> de toda a superf\u00edcie sobre a qual \u00e9 colocada.<\/p>\n<p style=\"text-align: justify; color: #6d6d6d;\">Finalmente, \u00e9 de notar que se trata de estruturas leves, r\u00e1pidas, f\u00e1ceis de montar e com um pre\u00e7o muito razo\u00e1vel.<\/p>\n<p style=\"text-align: justify; color: #6d6d6d;\">\u00c9 o <strong>complemento perfeito<\/strong> para o <a href=\"https:\/\/www.hods.eu\/pt-pt\/producto\/dispensador-simples\/\">Dispensador Simples<\/a> e <a href=\"https:\/\/www.hods.eu\/pt-pt\/producto\/dispensador-ceramico\/\">Dispensador Cer\u00e2mico<\/a>, pois d\u00e1-lhes a altura necess\u00e1ria para tornar a distribui\u00e7\u00e3o de \u00e1gua mais confort\u00e1vel.<\/p>\n<p style=\"text-align: justify; color: #6d6d6d;\">Tamb\u00e9m dispon\u00edvel, o <a href=\"https:\/\/www.hods.eu\/pt-pt\/producto\/suporte-de-madeira-sobre-mesa\/\">suporte de madeira sobre mesa<\/a>, ideal para colocar o dispensador sobre uma mesa ou banco.<\/p>\n","protected":false},"excerpt":{"rendered":"<p><img decoding=\"async\" src=\"https:\/\/www.hods.eu\/wp-content\/uploads\/dispensador.png\" border=\"0\" \/><span style=\"color: #6d6d6d;\"><strong>Adapta a altura<\/strong> do distribuidor de \u00e1gua directamente ao ch\u00e3o.<\/span><\/p>\n<p><img decoding=\"async\" src=\"https:\/\/www.hods.eu\/wp-content\/uploads\/estabilidad.png\" border=\"0\" \/><span style=\"color: #6d6d6d;\"><strong>Estabilidade<\/strong> e <strong>seguran\u00e7a<\/strong>.<\/span><\/p>\n<p><img decoding=\"async\" src=\"https:\/\/www.hods.eu\/wp-content\/uploads\/facil.png\" border=\"0\" \/><span style=\"color: #6d6d6d;\">Limpeza r\u00e1pida e f\u00e1cil.<\/span><\/p>\n<p><img decoding=\"async\" src=\"https:\/\/www.hods.eu\/wp-content\/uploads\/combinable.png\" border=\"0\" \/><span style=\"color: #6d6d6d;\">Combina com o Dispensador Simples e o Dispensador Cer\u00e2mico.<\/span><\/p>\n<p>&nbsp;<\/p>\n<p>&nbsp;<\/p>\n<p><span style=\"color: #6d6d6d;\"><strong>Comprar na loja online <a href=\"https:\/\/watcool.com\/pt\/acessorios\/52-suporte-chao.html\" target=\"_blank\" rel=\"noopener\"><img loading=\"lazy\" decoding=\"async\" class=\"alignnone wp-image-30290\" title=\"watcool\" src=\"https:\/\/www.hods.eu\/wp-content\/uploads\/web.jpg\" alt=\"watcool\" width=\"90\" height=\"18\" srcset=\"https:\/\/www.hods.eu\/wp-content\/uploads\/web.jpg 200w, https:\/\/www.hods.eu\/wp-content\/uploads\/web-150x30.jpg 150w\" sizes=\"auto, (max-width: 90px) 100vw, 90px\" \/><\/a><\/strong> <\/span><\/p>\n","protected":false},"featured_media":26011,"template":"","meta":[],"product_brand":[],"product_cat":[84],"product_tag":[],"class_list":{"0":"post-19101","1":"product","2":"type-product","3":"status-publish","4":"has-post-thumbnail","6":"product_cat-acessorios","8":"first","9":"instock","10":"shipping-taxable","11":"product-type-simple"},"yoast_head":"<!-- This site is optimized with the Yoast SEO plugin v27.3 - https:\/\/yoast.com\/product\/yoast-seo-wordpress\/ -->\n<title>Suporte de madeira para ch\u00e3o Acess\u00f3rios do dispensador - HODS<\/title>\n<meta name=\"description\" content=\"Suporte de madeira para ch\u00e3o. \u00e9 um acess\u00f3rio ideal para dispensadores que se destinam a ser incorporados directamente a partir do ch\u00e3o.\" \/>\n<meta name=\"robots\" content=\"index, follow, max-snippet:-1, max-image-preview:large, max-video-preview:-1\" \/>\n<link rel=\"canonical\" href=\"https:\/\/www.hods.eu\/pt-pt\/productos\/suporte-de-madeira-para-chao\/\" \/>\n<meta property=\"og:locale\" content=\"pt_PT\" \/>\n<meta property=\"og:type\" content=\"article\" \/>\n<meta property=\"og:title\" content=\"Suporte de madeira para ch\u00e3o Acess\u00f3rios do dispensador - HODS\" \/>\n<meta property=\"og:description\" content=\"Suporte de madeira para ch\u00e3o. \u00e9 um acess\u00f3rio ideal para dispensadores que se destinam a ser incorporados directamente a partir do ch\u00e3o.\" \/>\n<meta property=\"og:url\" content=\"https:\/\/www.hods.eu\/pt-pt\/productos\/suporte-de-madeira-para-chao\/\" \/>\n<meta property=\"og:site_name\" content=\"HODS\" \/>\n<meta property=\"article:modified_time\" content=\"2022-01-19T11:20:34+00:00\" \/>\n<meta property=\"og:image\" content=\"https:\/\/www.hods.eu\/wp-content\/uploads\/standmaderasuelo_hods_web_01.jpg\" \/>\n\t<meta property=\"og:image:width\" content=\"768\" \/>\n\t<meta property=\"og:image:height\" content=\"1024\" \/>\n\t<meta property=\"og:image:type\" content=\"image\/jpeg\" \/>\n<meta name=\"twitter:card\" content=\"summary_large_image\" \/>\n<meta name=\"twitter:label1\" content=\"Tempo estimado de leitura\" \/>\n\t<meta name=\"twitter:data1\" content=\"1 minuto\" \/>\n<script type=\"application\/ld+json\" class=\"yoast-schema-graph\">{\"@context\":\"https:\\\/\\\/schema.org\",\"@graph\":[{\"@type\":\"WebPage\",\"@id\":\"https:\\\/\\\/www.hods.eu\\\/pt-pt\\\/productos\\\/suporte-de-madeira-para-chao\\\/\",\"url\":\"https:\\\/\\\/www.hods.eu\\\/pt-pt\\\/productos\\\/suporte-de-madeira-para-chao\\\/\",\"name\":\"Suporte de madeira para ch\u00e3o Acess\u00f3rios do dispensador - HODS\",\"isPartOf\":{\"@id\":\"https:\\\/\\\/www.hods.eu\\\/pt-pt\\\/#website\"},\"primaryImageOfPage\":{\"@id\":\"https:\\\/\\\/www.hods.eu\\\/pt-pt\\\/productos\\\/suporte-de-madeira-para-chao\\\/#primaryimage\"},\"image\":{\"@id\":\"https:\\\/\\\/www.hods.eu\\\/pt-pt\\\/productos\\\/suporte-de-madeira-para-chao\\\/#primaryimage\"},\"thumbnailUrl\":\"https:\\\/\\\/www.hods.eu\\\/wp-content\\\/uploads\\\/standmaderasuelo_hods_web_01.jpg\",\"datePublished\":\"2019-04-12T09:18:50+00:00\",\"dateModified\":\"2022-01-19T11:20:34+00:00\",\"description\":\"Suporte de madeira para ch\u00e3o. \u00e9 um acess\u00f3rio ideal para dispensadores que se destinam a ser incorporados directamente a partir do ch\u00e3o.\",\"breadcrumb\":{\"@id\":\"https:\\\/\\\/www.hods.eu\\\/pt-pt\\\/productos\\\/suporte-de-madeira-para-chao\\\/#breadcrumb\"},\"inLanguage\":\"pt-PT\",\"potentialAction\":[{\"@type\":\"ReadAction\",\"target\":[\"https:\\\/\\\/www.hods.eu\\\/pt-pt\\\/productos\\\/suporte-de-madeira-para-chao\\\/\"]}]},{\"@type\":\"ImageObject\",\"inLanguage\":\"pt-PT\",\"@id\":\"https:\\\/\\\/www.hods.eu\\\/pt-pt\\\/productos\\\/suporte-de-madeira-para-chao\\\/#primaryimage\",\"url\":\"https:\\\/\\\/www.hods.eu\\\/wp-content\\\/uploads\\\/standmaderasuelo_hods_web_01.jpg\",\"contentUrl\":\"https:\\\/\\\/www.hods.eu\\\/wp-content\\\/uploads\\\/standmaderasuelo_hods_web_01.jpg\",\"width\":768,\"height\":1024,\"caption\":\"Suporte de ch\u00e3o de madeira para dispensador de \u00e1gua, adapta a altura do dispensador. Proporciona estabilidade e seguran\u00e7a.\"},{\"@type\":\"BreadcrumbList\",\"@id\":\"https:\\\/\\\/www.hods.eu\\\/pt-pt\\\/productos\\\/suporte-de-madeira-para-chao\\\/#breadcrumb\",\"itemListElement\":[{\"@type\":\"ListItem\",\"position\":1,\"name\":\"Portada\",\"item\":\"https:\\\/\\\/www.hods.eu\\\/pt-pt\\\/\"},{\"@type\":\"ListItem\",\"position\":2,\"name\":\"Tienda\",\"item\":\"https:\\\/\\\/www.hods.eu\\\/tienda\\\/\"},{\"@type\":\"ListItem\",\"position\":3,\"name\":\"Suporte de madeira para ch\u00e3o\"}]},{\"@type\":\"WebSite\",\"@id\":\"https:\\\/\\\/www.hods.eu\\\/pt-pt\\\/#website\",\"url\":\"https:\\\/\\\/www.hods.eu\\\/pt-pt\\\/\",\"name\":\"HODS\",\"description\":\"water? drink with us\",\"publisher\":{\"@id\":\"https:\\\/\\\/www.hods.eu\\\/pt-pt\\\/#organization\"},\"potentialAction\":[{\"@type\":\"SearchAction\",\"target\":{\"@type\":\"EntryPoint\",\"urlTemplate\":\"https:\\\/\\\/www.hods.eu\\\/pt-pt\\\/?s={search_term_string}\"},\"query-input\":{\"@type\":\"PropertyValueSpecification\",\"valueRequired\":true,\"valueName\":\"search_term_string\"}}],\"inLanguage\":\"pt-PT\"},{\"@type\":\"Organization\",\"@id\":\"https:\\\/\\\/www.hods.eu\\\/pt-pt\\\/#organization\",\"name\":\"HODS\",\"url\":\"https:\\\/\\\/www.hods.eu\\\/pt-pt\\\/\",\"logo\":{\"@type\":\"ImageObject\",\"inLanguage\":\"pt-PT\",\"@id\":\"https:\\\/\\\/www.hods.eu\\\/pt-pt\\\/#\\\/schema\\\/logo\\\/image\\\/\",\"url\":\"https:\\\/\\\/www.hods.eu\\\/wp-content\\\/uploads\\\/hods-completo-blanco2.jpg\",\"contentUrl\":\"https:\\\/\\\/www.hods.eu\\\/wp-content\\\/uploads\\\/hods-completo-blanco2.jpg\",\"width\":500,\"height\":179,\"caption\":\"HODS\"},\"image\":{\"@id\":\"https:\\\/\\\/www.hods.eu\\\/pt-pt\\\/#\\\/schema\\\/logo\\\/image\\\/\"}}]}<\/script>\n<!-- \/ Yoast SEO plugin. -->","yoast_head_json":{"title":"Suporte de madeira para ch\u00e3o Acess\u00f3rios do dispensador - HODS","description":"Suporte de madeira para ch\u00e3o. \u00e9 um acess\u00f3rio ideal para dispensadores que se destinam a ser incorporados directamente a partir do ch\u00e3o.","robots":{"index":"index","follow":"follow","max-snippet":"max-snippet:-1","max-image-preview":"max-image-preview:large","max-video-preview":"max-video-preview:-1"},"canonical":"https:\/\/www.hods.eu\/pt-pt\/productos\/suporte-de-madeira-para-chao\/","og_locale":"pt_PT","og_type":"article","og_title":"Suporte de madeira para ch\u00e3o Acess\u00f3rios do dispensador - HODS","og_description":"Suporte de madeira para ch\u00e3o. \u00e9 um acess\u00f3rio ideal para dispensadores que se destinam a ser incorporados directamente a partir do ch\u00e3o.","og_url":"https:\/\/www.hods.eu\/pt-pt\/productos\/suporte-de-madeira-para-chao\/","og_site_name":"HODS","article_modified_time":"2022-01-19T11:20:34+00:00","og_image":[{"width":768,"height":1024,"url":"https:\/\/www.hods.eu\/wp-content\/uploads\/standmaderasuelo_hods_web_01.jpg","type":"image\/jpeg"}],"twitter_card":"summary_large_image","twitter_misc":{"Tempo estimado de leitura":"1 minuto"},"schema":{"@context":"https:\/\/schema.org","@graph":[{"@type":"WebPage","@id":"https:\/\/www.hods.eu\/pt-pt\/productos\/suporte-de-madeira-para-chao\/","url":"https:\/\/www.hods.eu\/pt-pt\/productos\/suporte-de-madeira-para-chao\/","name":"Suporte de madeira para ch\u00e3o Acess\u00f3rios do dispensador - HODS","isPartOf":{"@id":"https:\/\/www.hods.eu\/pt-pt\/#website"},"primaryImageOfPage":{"@id":"https:\/\/www.hods.eu\/pt-pt\/productos\/suporte-de-madeira-para-chao\/#primaryimage"},"image":{"@id":"https:\/\/www.hods.eu\/pt-pt\/productos\/suporte-de-madeira-para-chao\/#primaryimage"},"thumbnailUrl":"https:\/\/www.hods.eu\/wp-content\/uploads\/standmaderasuelo_hods_web_01.jpg","datePublished":"2019-04-12T09:18:50+00:00","dateModified":"2022-01-19T11:20:34+00:00","description":"Suporte de madeira para ch\u00e3o. \u00e9 um acess\u00f3rio ideal para dispensadores que se destinam a ser incorporados directamente a partir do ch\u00e3o.","breadcrumb":{"@id":"https:\/\/www.hods.eu\/pt-pt\/productos\/suporte-de-madeira-para-chao\/#breadcrumb"},"inLanguage":"pt-PT","potentialAction":[{"@type":"ReadAction","target":["https:\/\/www.hods.eu\/pt-pt\/productos\/suporte-de-madeira-para-chao\/"]}]},{"@type":"ImageObject","inLanguage":"pt-PT","@id":"https:\/\/www.hods.eu\/pt-pt\/productos\/suporte-de-madeira-para-chao\/#primaryimage","url":"https:\/\/www.hods.eu\/wp-content\/uploads\/standmaderasuelo_hods_web_01.jpg","contentUrl":"https:\/\/www.hods.eu\/wp-content\/uploads\/standmaderasuelo_hods_web_01.jpg","width":768,"height":1024,"caption":"Suporte de ch\u00e3o de madeira para dispensador de \u00e1gua, adapta a altura do dispensador. Proporciona estabilidade e seguran\u00e7a."},{"@type":"BreadcrumbList","@id":"https:\/\/www.hods.eu\/pt-pt\/productos\/suporte-de-madeira-para-chao\/#breadcrumb","itemListElement":[{"@type":"ListItem","position":1,"name":"Portada","item":"https:\/\/www.hods.eu\/pt-pt\/"},{"@type":"ListItem","position":2,"name":"Tienda","item":"https:\/\/www.hods.eu\/tienda\/"},{"@type":"ListItem","position":3,"name":"Suporte de madeira para ch\u00e3o"}]},{"@type":"WebSite","@id":"https:\/\/www.hods.eu\/pt-pt\/#website","url":"https:\/\/www.hods.eu\/pt-pt\/","name":"HODS","description":"water? drink with us","publisher":{"@id":"https:\/\/www.hods.eu\/pt-pt\/#organization"},"potentialAction":[{"@type":"SearchAction","target":{"@type":"EntryPoint","urlTemplate":"https:\/\/www.hods.eu\/pt-pt\/?s={search_term_string}"},"query-input":{"@type":"PropertyValueSpecification","valueRequired":true,"valueName":"search_term_string"}}],"inLanguage":"pt-PT"},{"@type":"Organization","@id":"https:\/\/www.hods.eu\/pt-pt\/#organization","name":"HODS","url":"https:\/\/www.hods.eu\/pt-pt\/","logo":{"@type":"ImageObject","inLanguage":"pt-PT","@id":"https:\/\/www.hods.eu\/pt-pt\/#\/schema\/logo\/image\/","url":"https:\/\/www.hods.eu\/wp-content\/uploads\/hods-completo-blanco2.jpg","contentUrl":"https:\/\/www.hods.eu\/wp-content\/uploads\/hods-completo-blanco2.jpg","width":500,"height":179,"caption":"HODS"},"image":{"@id":"https:\/\/www.hods.eu\/pt-pt\/#\/schema\/logo\/image\/"}}]}},"_links":{"self":[{"href":"https:\/\/www.hods.eu\/pt-pt\/wp-json\/wp\/v2\/product\/19101","targetHints":{"allow":["GET"]}}],"collection":[{"href":"https:\/\/www.hods.eu\/pt-pt\/wp-json\/wp\/v2\/product"}],"about":[{"href":"https:\/\/www.hods.eu\/pt-pt\/wp-json\/wp\/v2\/types\/product"}],"wp:featuredmedia":[{"embeddable":true,"href":"https:\/\/www.hods.eu\/pt-pt\/wp-json\/wp\/v2\/media\/26011"}],"wp:attachment":[{"href":"https:\/\/www.hods.eu\/pt-pt\/wp-json\/wp\/v2\/media?parent=19101"}],"wp:term":[{"taxonomy":"product_brand","embeddable":true,"href":"https:\/\/www.hods.eu\/pt-pt\/wp-json\/wp\/v2\/product_brand?post=19101"},{"taxonomy":"product_cat","embeddable":true,"href":"https:\/\/www.hods.eu\/pt-pt\/wp-json\/wp\/v2\/product_cat?post=19101"},{"taxonomy":"product_tag","embeddable":true,"href":"https:\/\/www.hods.eu\/pt-pt\/wp-json\/wp\/v2\/product_tag?post=19101"}],"curies":[{"name":"wp","href":"https:\/\/api.w.org\/{rel}","templated":true}]}}