{"id":19098,"date":"2019-04-12T10:50:55","date_gmt":"2019-04-12T09:50:55","guid":{"rendered":"https:\/\/www.hods.eu\/producto\/dispensador-simples\/"},"modified":"2022-01-19T12:20:20","modified_gmt":"2022-01-19T11:20:20","slug":"dispensador-simples","status":"publish","type":"product","link":"https:\/\/www.hods.eu\/pt-pt\/productos\/dispensador-simples\/","title":{"rendered":"Dispensador Simples"},"content":{"rendered":"<h3 style=\"text-align: justify; color: #6d6d6d;\"><strong>Dispensador Simples de agua natural temperada<\/strong>, oferece simplicidade e economia. \u00c9 um tipo de dispensador de \u00e1gua que utiliza a gravidade como sistema doseador e o seu design \u00e9 t\u00e9cnica e higienicamente muito completo. Admite a incorpora\u00e7\u00e3o de um suporte de madeira dispon\u00edvel tanto para mesa como para ch\u00e3o, facilitando a sua utiliza\u00e7\u00e3o em todas as circunst\u00e2ncias.<\/h3>\n<p style=\"text-align: justify; color: #6d6d6d;\">Dispensador Simples de \u00c1gua temperada \u00e9 fabricado em uma \u00fanica pe\u00e7a de<strong> polipropileno (PP)<\/strong>, o que o torna muito <strong>robusto e resistente<\/strong>. Al\u00e9m disso, permite uma instala\u00e7\u00e3o f\u00e1cil sem o uso de ferramentas.<\/p>\n<p style=\"text-align: justify; color: #6d6d6d;\">O seu sistema de inser\u00e7\u00e3o de garrafas \u00e9 o mesmo que o das nossas fontes com compressor. Ou seja, incorpora um espig\u00e3o que entra na <a href=\"https:\/\/www.hods.eu\/pt-pt\/producto\/garrafao-pet-18-9-litros\/\"><strong>garrafa PET<\/strong><\/a>, atrav\u00e9s da <a href=\"https:\/\/www.hods.eu\/pt-pt\/producto\/tampa-5-galoes\/\">tampa de 5 gal\u00f5es<\/a>, e atrav\u00e9s do qual a \u00e1gua circula atrav\u00e9s da sua linha de tubos at\u00e9 ser dosada atrav\u00e9s da torneira. Isto \u00e9 feito para evitar fugas. Este design garante que a <strong>\u00e1gua nunca entra em contacto com o exterior do recipiente<\/strong>, libertando-o assim da entrada e transmiss\u00e3o de sujidade.<\/p>\n<p style=\"text-align: justify; color: #6d6d6d;\">\u00c9 compat\u00edvel com o <a href=\"https:\/\/www.hods.eu\/pt-pt\/producto\/suporte-de-madeira-sobre-mesa\/\">suporte de madeira sobre mesa<\/a> e tamb\u00e9m com o <a href=\"https:\/\/www.hods.eu\/pt-pt\/producto\/suporte-de-madeira-para-chao\/\">suporte de madeira para ch\u00e3o<\/a>. Estes suportes permitem que o dispensador seja levantado ao gosto do cliente.<\/p>\n","protected":false},"excerpt":{"rendered":"<p><img decoding=\"async\" src=\"https:\/\/www.hods.eu\/wp-content\/uploads\/agua.png\" border=\"0\" \/><span style=\"color: #6d6d6d;\">Dispensador de \u00e1gua temperada.<\/span><\/p>\n<p><img decoding=\"async\" src=\"https:\/\/www.hods.eu\/wp-content\/uploads\/diseno.png\" border=\"0\" \/><span style=\"color: #6d6d6d;\"><strong>Design simples<\/strong>.<\/span><\/p>\n<p><img decoding=\"async\" src=\"https:\/\/www.hods.eu\/wp-content\/uploads\/botellon.png\" border=\"0\" \/><span style=\"color: #6d6d6d;\">Admite <strong>garrafas<\/strong> de 11,8 a 20 litros com tampa de 5 gal\u00f5es.<\/span><\/p>\n<p><img decoding=\"async\" src=\"https:\/\/www.hods.eu\/wp-content\/uploads\/combinable.png\" border=\"0\" \/><span style=\"color: #6d6d6d;\">Pode ser combinado com suporte de madeira no ch\u00e3o e suporte de madeira sobre a mesa.<\/span><\/p>\n<p>&nbsp;<\/p>\n<p>&nbsp;<\/p>\n<p><span style=\"color: #6d6d6d;\"><strong>Comprar na loja online <a href=\"https:\/\/watcool.com\/pt\/fontes-de-agua\/33-dispensador-simples.html\" target=\"_blank\" rel=\"noopener\"><img loading=\"lazy\" decoding=\"async\" class=\"alignnone wp-image-30290\" title=\"watcool\" src=\"https:\/\/www.hods.eu\/wp-content\/uploads\/web.jpg\" alt=\"watcool\" width=\"90\" height=\"18\" srcset=\"https:\/\/www.hods.eu\/wp-content\/uploads\/web.jpg 200w, https:\/\/www.hods.eu\/wp-content\/uploads\/web-150x30.jpg 150w\" sizes=\"auto, (max-width: 90px) 100vw, 90px\" \/><\/a><\/strong> <\/span><\/p>\n","protected":false},"featured_media":25975,"template":"","meta":[],"product_brand":[],"product_cat":[87],"product_tag":[],"class_list":{"0":"post-19098","1":"product","2":"type-product","3":"status-publish","4":"has-post-thumbnail","6":"product_cat-fontes-garrafa","8":"first","9":"instock","10":"shipping-taxable","11":"product-type-simple"},"yoast_head":"<!-- This site is optimized with the Yoast SEO plugin v27.3 - https:\/\/yoast.com\/product\/yoast-seo-wordpress\/ -->\n<title>Dispensador Simples de Agua Natural Temperada - HODS<\/title>\n<meta name=\"description\" content=\"O Dispensador Simples de Agua Natural Temperada, oferece simplicidade e economia ao usar a gravidade como sistema de dosagem.\" \/>\n<meta name=\"robots\" content=\"index, follow, max-snippet:-1, max-image-preview:large, max-video-preview:-1\" \/>\n<link rel=\"canonical\" href=\"https:\/\/www.hods.eu\/pt-pt\/productos\/dispensador-simples\/\" \/>\n<meta property=\"og:locale\" content=\"pt_PT\" \/>\n<meta property=\"og:type\" content=\"article\" \/>\n<meta property=\"og:title\" content=\"Dispensador Simples de Agua Natural Temperada - HODS\" \/>\n<meta property=\"og:description\" content=\"O Dispensador Simples de Agua Natural Temperada, oferece simplicidade e economia ao usar a gravidade como sistema de dosagem.\" \/>\n<meta property=\"og:url\" content=\"https:\/\/www.hods.eu\/pt-pt\/productos\/dispensador-simples\/\" \/>\n<meta property=\"og:site_name\" content=\"HODS\" \/>\n<meta property=\"article:modified_time\" content=\"2022-01-19T11:20:20+00:00\" \/>\n<meta property=\"og:image\" content=\"https:\/\/www.hods.eu\/wp-content\/uploads\/dispensadorsimple_hods_web_01.jpg\" \/>\n\t<meta property=\"og:image:width\" content=\"768\" \/>\n\t<meta property=\"og:image:height\" content=\"1024\" \/>\n\t<meta property=\"og:image:type\" content=\"image\/jpeg\" \/>\n<meta name=\"twitter:card\" content=\"summary_large_image\" \/>\n<meta name=\"twitter:label1\" content=\"Tempo estimado de leitura\" \/>\n\t<meta name=\"twitter:data1\" content=\"1 minuto\" \/>\n<script type=\"application\/ld+json\" class=\"yoast-schema-graph\">{\"@context\":\"https:\\\/\\\/schema.org\",\"@graph\":[{\"@type\":\"WebPage\",\"@id\":\"https:\\\/\\\/www.hods.eu\\\/pt-pt\\\/productos\\\/dispensador-simples\\\/\",\"url\":\"https:\\\/\\\/www.hods.eu\\\/pt-pt\\\/productos\\\/dispensador-simples\\\/\",\"name\":\"Dispensador Simples de Agua Natural Temperada - HODS\",\"isPartOf\":{\"@id\":\"https:\\\/\\\/www.hods.eu\\\/pt-pt\\\/#website\"},\"primaryImageOfPage\":{\"@id\":\"https:\\\/\\\/www.hods.eu\\\/pt-pt\\\/productos\\\/dispensador-simples\\\/#primaryimage\"},\"image\":{\"@id\":\"https:\\\/\\\/www.hods.eu\\\/pt-pt\\\/productos\\\/dispensador-simples\\\/#primaryimage\"},\"thumbnailUrl\":\"https:\\\/\\\/www.hods.eu\\\/wp-content\\\/uploads\\\/dispensadorsimple_hods_web_01.jpg\",\"datePublished\":\"2019-04-12T09:50:55+00:00\",\"dateModified\":\"2022-01-19T11:20:20+00:00\",\"description\":\"O Dispensador Simples de Agua Natural Temperada, oferece simplicidade e economia ao usar a gravidade como sistema de dosagem.\",\"breadcrumb\":{\"@id\":\"https:\\\/\\\/www.hods.eu\\\/pt-pt\\\/productos\\\/dispensador-simples\\\/#breadcrumb\"},\"inLanguage\":\"pt-PT\",\"potentialAction\":[{\"@type\":\"ReadAction\",\"target\":[\"https:\\\/\\\/www.hods.eu\\\/pt-pt\\\/productos\\\/dispensador-simples\\\/\"]}]},{\"@type\":\"ImageObject\",\"inLanguage\":\"pt-PT\",\"@id\":\"https:\\\/\\\/www.hods.eu\\\/pt-pt\\\/productos\\\/dispensador-simples\\\/#primaryimage\",\"url\":\"https:\\\/\\\/www.hods.eu\\\/wp-content\\\/uploads\\\/dispensadorsimple_hods_web_01.jpg\",\"contentUrl\":\"https:\\\/\\\/www.hods.eu\\\/wp-content\\\/uploads\\\/dispensadorsimple_hods_web_01.jpg\",\"width\":768,\"height\":1024,\"caption\":\"Distribuidor simples para garrafas ou garraf\u00f5es de \u00e1gua de 12 a 20 litros. Fonte de \u00e1gua natural \u00e0 temperatura ambiente.\"},{\"@type\":\"BreadcrumbList\",\"@id\":\"https:\\\/\\\/www.hods.eu\\\/pt-pt\\\/productos\\\/dispensador-simples\\\/#breadcrumb\",\"itemListElement\":[{\"@type\":\"ListItem\",\"position\":1,\"name\":\"Portada\",\"item\":\"https:\\\/\\\/www.hods.eu\\\/pt-pt\\\/\"},{\"@type\":\"ListItem\",\"position\":2,\"name\":\"Tienda\",\"item\":\"https:\\\/\\\/www.hods.eu\\\/tienda\\\/\"},{\"@type\":\"ListItem\",\"position\":3,\"name\":\"Dispensador Simples\"}]},{\"@type\":\"WebSite\",\"@id\":\"https:\\\/\\\/www.hods.eu\\\/pt-pt\\\/#website\",\"url\":\"https:\\\/\\\/www.hods.eu\\\/pt-pt\\\/\",\"name\":\"HODS\",\"description\":\"water? drink with us\",\"publisher\":{\"@id\":\"https:\\\/\\\/www.hods.eu\\\/pt-pt\\\/#organization\"},\"potentialAction\":[{\"@type\":\"SearchAction\",\"target\":{\"@type\":\"EntryPoint\",\"urlTemplate\":\"https:\\\/\\\/www.hods.eu\\\/pt-pt\\\/?s={search_term_string}\"},\"query-input\":{\"@type\":\"PropertyValueSpecification\",\"valueRequired\":true,\"valueName\":\"search_term_string\"}}],\"inLanguage\":\"pt-PT\"},{\"@type\":\"Organization\",\"@id\":\"https:\\\/\\\/www.hods.eu\\\/pt-pt\\\/#organization\",\"name\":\"HODS\",\"url\":\"https:\\\/\\\/www.hods.eu\\\/pt-pt\\\/\",\"logo\":{\"@type\":\"ImageObject\",\"inLanguage\":\"pt-PT\",\"@id\":\"https:\\\/\\\/www.hods.eu\\\/pt-pt\\\/#\\\/schema\\\/logo\\\/image\\\/\",\"url\":\"https:\\\/\\\/www.hods.eu\\\/wp-content\\\/uploads\\\/hods-completo-blanco2.jpg\",\"contentUrl\":\"https:\\\/\\\/www.hods.eu\\\/wp-content\\\/uploads\\\/hods-completo-blanco2.jpg\",\"width\":500,\"height\":179,\"caption\":\"HODS\"},\"image\":{\"@id\":\"https:\\\/\\\/www.hods.eu\\\/pt-pt\\\/#\\\/schema\\\/logo\\\/image\\\/\"}}]}<\/script>\n<!-- \/ Yoast SEO plugin. -->","yoast_head_json":{"title":"Dispensador Simples de Agua Natural Temperada - HODS","description":"O Dispensador Simples de Agua Natural Temperada, oferece simplicidade e economia ao usar a gravidade como sistema de dosagem.","robots":{"index":"index","follow":"follow","max-snippet":"max-snippet:-1","max-image-preview":"max-image-preview:large","max-video-preview":"max-video-preview:-1"},"canonical":"https:\/\/www.hods.eu\/pt-pt\/productos\/dispensador-simples\/","og_locale":"pt_PT","og_type":"article","og_title":"Dispensador Simples de Agua Natural Temperada - HODS","og_description":"O Dispensador Simples de Agua Natural Temperada, oferece simplicidade e economia ao usar a gravidade como sistema de dosagem.","og_url":"https:\/\/www.hods.eu\/pt-pt\/productos\/dispensador-simples\/","og_site_name":"HODS","article_modified_time":"2022-01-19T11:20:20+00:00","og_image":[{"width":768,"height":1024,"url":"https:\/\/www.hods.eu\/wp-content\/uploads\/dispensadorsimple_hods_web_01.jpg","type":"image\/jpeg"}],"twitter_card":"summary_large_image","twitter_misc":{"Tempo estimado de leitura":"1 minuto"},"schema":{"@context":"https:\/\/schema.org","@graph":[{"@type":"WebPage","@id":"https:\/\/www.hods.eu\/pt-pt\/productos\/dispensador-simples\/","url":"https:\/\/www.hods.eu\/pt-pt\/productos\/dispensador-simples\/","name":"Dispensador Simples de Agua Natural Temperada - HODS","isPartOf":{"@id":"https:\/\/www.hods.eu\/pt-pt\/#website"},"primaryImageOfPage":{"@id":"https:\/\/www.hods.eu\/pt-pt\/productos\/dispensador-simples\/#primaryimage"},"image":{"@id":"https:\/\/www.hods.eu\/pt-pt\/productos\/dispensador-simples\/#primaryimage"},"thumbnailUrl":"https:\/\/www.hods.eu\/wp-content\/uploads\/dispensadorsimple_hods_web_01.jpg","datePublished":"2019-04-12T09:50:55+00:00","dateModified":"2022-01-19T11:20:20+00:00","description":"O Dispensador Simples de Agua Natural Temperada, oferece simplicidade e economia ao usar a gravidade como sistema de dosagem.","breadcrumb":{"@id":"https:\/\/www.hods.eu\/pt-pt\/productos\/dispensador-simples\/#breadcrumb"},"inLanguage":"pt-PT","potentialAction":[{"@type":"ReadAction","target":["https:\/\/www.hods.eu\/pt-pt\/productos\/dispensador-simples\/"]}]},{"@type":"ImageObject","inLanguage":"pt-PT","@id":"https:\/\/www.hods.eu\/pt-pt\/productos\/dispensador-simples\/#primaryimage","url":"https:\/\/www.hods.eu\/wp-content\/uploads\/dispensadorsimple_hods_web_01.jpg","contentUrl":"https:\/\/www.hods.eu\/wp-content\/uploads\/dispensadorsimple_hods_web_01.jpg","width":768,"height":1024,"caption":"Distribuidor simples para garrafas ou garraf\u00f5es de \u00e1gua de 12 a 20 litros. Fonte de \u00e1gua natural \u00e0 temperatura ambiente."},{"@type":"BreadcrumbList","@id":"https:\/\/www.hods.eu\/pt-pt\/productos\/dispensador-simples\/#breadcrumb","itemListElement":[{"@type":"ListItem","position":1,"name":"Portada","item":"https:\/\/www.hods.eu\/pt-pt\/"},{"@type":"ListItem","position":2,"name":"Tienda","item":"https:\/\/www.hods.eu\/tienda\/"},{"@type":"ListItem","position":3,"name":"Dispensador Simples"}]},{"@type":"WebSite","@id":"https:\/\/www.hods.eu\/pt-pt\/#website","url":"https:\/\/www.hods.eu\/pt-pt\/","name":"HODS","description":"water? drink with us","publisher":{"@id":"https:\/\/www.hods.eu\/pt-pt\/#organization"},"potentialAction":[{"@type":"SearchAction","target":{"@type":"EntryPoint","urlTemplate":"https:\/\/www.hods.eu\/pt-pt\/?s={search_term_string}"},"query-input":{"@type":"PropertyValueSpecification","valueRequired":true,"valueName":"search_term_string"}}],"inLanguage":"pt-PT"},{"@type":"Organization","@id":"https:\/\/www.hods.eu\/pt-pt\/#organization","name":"HODS","url":"https:\/\/www.hods.eu\/pt-pt\/","logo":{"@type":"ImageObject","inLanguage":"pt-PT","@id":"https:\/\/www.hods.eu\/pt-pt\/#\/schema\/logo\/image\/","url":"https:\/\/www.hods.eu\/wp-content\/uploads\/hods-completo-blanco2.jpg","contentUrl":"https:\/\/www.hods.eu\/wp-content\/uploads\/hods-completo-blanco2.jpg","width":500,"height":179,"caption":"HODS"},"image":{"@id":"https:\/\/www.hods.eu\/pt-pt\/#\/schema\/logo\/image\/"}}]}},"_links":{"self":[{"href":"https:\/\/www.hods.eu\/pt-pt\/wp-json\/wp\/v2\/product\/19098","targetHints":{"allow":["GET"]}}],"collection":[{"href":"https:\/\/www.hods.eu\/pt-pt\/wp-json\/wp\/v2\/product"}],"about":[{"href":"https:\/\/www.hods.eu\/pt-pt\/wp-json\/wp\/v2\/types\/product"}],"wp:featuredmedia":[{"embeddable":true,"href":"https:\/\/www.hods.eu\/pt-pt\/wp-json\/wp\/v2\/media\/25975"}],"wp:attachment":[{"href":"https:\/\/www.hods.eu\/pt-pt\/wp-json\/wp\/v2\/media?parent=19098"}],"wp:term":[{"taxonomy":"product_brand","embeddable":true,"href":"https:\/\/www.hods.eu\/pt-pt\/wp-json\/wp\/v2\/product_brand?post=19098"},{"taxonomy":"product_cat","embeddable":true,"href":"https:\/\/www.hods.eu\/pt-pt\/wp-json\/wp\/v2\/product_cat?post=19098"},{"taxonomy":"product_tag","embeddable":true,"href":"https:\/\/www.hods.eu\/pt-pt\/wp-json\/wp\/v2\/product_tag?post=19098"}],"curies":[{"name":"wp","href":"https:\/\/api.w.org\/{rel}","templated":true}]}}