{"id":19088,"date":"2019-07-02T09:38:58","date_gmt":"2019-07-02T08:38:58","guid":{"rendered":"https:\/\/www.hods.eu\/producto\/evosse-o3-down-preta\/"},"modified":"2022-01-19T12:19:44","modified_gmt":"2022-01-19T11:19:44","slug":"evosse-o3-down-preta","status":"publish","type":"product","link":"https:\/\/www.hods.eu\/pt-pt\/productos\/evosse-o3-down-preta\/","title":{"rendered":"Evoss\u00e9 O3 Down Preta"},"content":{"rendered":"<h3 style=\"text-align: justify; color: #6d6d6d;\">Evoss\u00e9 O<sub>3<\/sub> Down Preta. A linha<strong>\u00a0Evoss\u00e9 O<sub>3<\/sub><\/strong> de dispensadores de \u00e1gua fria, quente e temperada tem um design elegante e funcional em linhas rectas e simples. Fabricadas com os melhores materiais, combinam dois acabamentos, ABS brilhante na frente e chapa de a\u00e7o laminada a frio mate nos lados.<\/h3>\n<p style=\"text-align: justify; color: #6d6d6d;\">A Evoss\u00e9 O<sub>3<\/sub> Down Preta o sistema de auto-limpeza <strong>AutoSelf Clean<\/strong>, um sistema de <strong>ozoniza\u00e7\u00e3o<\/strong> incorporado. A cada 4,5 horas gera uma descarga autom\u00e1tica, auto-sanit\u00e1rio e desinfetante. Este sistema injeta uma pequena dose de oz\u00f4nio, inferior a 50 ppb, que entra no circuito da \u00e1gua e evita a forma\u00e7\u00e3o de bact\u00e9rias. Assim prolongando a vida \u00fatil do dispensador.<\/p>\n<p style=\"text-align: justify; color: #6d6d6d;\">Tem um <strong>regulador de temperatura<\/strong> da \u00e1gua para o ajustar ao sabor. Tamb\u00e9m tem <strong>interruptores<\/strong> quentes e frios na parte de tr\u00e1s para poupar energia.<\/p>\n<p style=\"text-align: justify; color: #6d6d6d;\">O modelo <strong>Evoss\u00e9 O<sub>3<\/sub><\/strong> <strong>Down<\/strong> <strong>carregue-o por baixo com uma bomba<\/strong>. Portanto, a garrafa \u00e9 inserida na parte inferior do doseador, evitando assim o esfor\u00e7o de levantar a garrafa. Aceita as nossas <a href=\"https:\/\/www.hods.eu\/pt-pt\/producto\/garrafao-pet-18-9-litros\/\">garrafas PET<\/a> em todos os formatos, desde <a href=\"https:\/\/www.hods.eu\/pt-pt\/producto\/garrafao-pet-12-litros\/\">12 litros<\/a> a <a href=\"https:\/\/www.hods.eu\/pt-pt\/producto\/garrafao-pet-20-litros\/\">20 litros<\/a>, fornecidas com a <a href=\"https:\/\/www.hods.eu\/pt-pt\/producto\/tampa-5-galoes\/\">tampa de 5 gal\u00f5es<\/a>.<\/p>\n<p style=\"text-align: justify; color: #6d6d6d;\">Incorpora uma <strong>bandeja de gotejamento<\/strong> em a\u00e7o inoxid\u00e1vel, que capta a \u00e1gua quando o copo est\u00e1 a transbordar.<\/p>\n<p style=\"text-align: justify; color: #6d6d6d;\">O modelo Evoss\u00e9 O<sub>3<\/sub> Down tamb\u00e9m est\u00e1 dispon\u00edvel em <a href=\"https:\/\/www.hods.eu\/pt-pt\/producto\/evosse-o3-down-branca\/\">Branco<\/a>.<\/p>\n<table dir=\"ltr\" style=\"height: 403px;\" border=\"1\" summary=\"dimensiones y caracteristicas\" width=\"907\">\n<colgroup width=\"50%\"><\/colgroup>\n<colgroup id=\"colgroup\" class=\"colgroup\" title=\"title\" span=\"2\" width=\"1*\" align=\"center\" valign=\"middle\"><\/colgroup>\n<thead>\n<tr>\n<th scope=\"col\"><b>Dimens\u00f5es e peso<\/b><\/th>\n<th scope=\"col\"><b>Caracter\u00edsticas<\/b><\/th>\n<\/tr>\n<\/thead>\n<tfoot>\n<tr>\n<td><\/td>\n<td><b>Tens\u00e3o:<\/b> 230V \/ 50Hz<\/td>\n<\/tr>\n<\/tfoot>\n<tbody>\n<tr>\n<td><b>Peso:<\/b> 16 kg<\/td>\n<td><b>Capacidade de arrefecimento:<\/b> 4 litros\/hora<\/td>\n<\/tr>\n<tr>\n<td><b>Largura:<\/b> 32 cm<\/td>\n<td><b>Capacidade para aquecer:<\/b> 6 litros\/hora<\/td>\n<\/tr>\n<tr>\n<td><b>Profundidade:<\/b> 38,2 cm<\/td>\n<td><b>Temperatura \u00e1gua fr\u00eda:<\/b> 3\u00baC &#8211; 10\u00baC<\/td>\n<\/tr>\n<tr>\n<td><b>Altura:<\/b> 102,8 cm<\/td>\n<td><b>Temperatura \u00e1gua quente:<\/b> 80\u00baC &#8211; 92\u00baC<\/td>\n<\/tr>\n<tr>\n<td><\/td>\n<td><b>Capacidade tanque fr\u00edo:<\/b> 4 litros<\/td>\n<\/tr>\n<tr>\n<td><\/td>\n<td><b>Capacidade tanque quente:<\/b> 1,2 litros<\/td>\n<\/tr>\n<tr>\n<td><\/td>\n<td><b>Pot\u00eancia de aquecimento e arrefecimento:<\/b> 100 W \/ 650 W<\/td>\n<\/tr>\n<tr>\n<td><\/td>\n<td><b>\u00cdndice de Consumo El\u00e9ctrico:<\/b> 56w \/ hora<\/td>\n<\/tr>\n<\/tbody>\n<\/table>\n<p>&nbsp;<\/p>\n","protected":false},"excerpt":{"rendered":"<p><img decoding=\"async\" src=\"https:\/\/www.hods.eu\/wp-content\/uploads\/friacalientenatural.png\" border=\"0\" \/><span style=\"color: #6d6d6d;\">Fonte de \u00e1gua quente, fria e temperada.<\/span><\/p>\n<p><img decoding=\"async\" src=\"https:\/\/www.hods.eu\/wp-content\/uploads\/autoseflclean.png\" border=\"0\" \/><span style=\"color: #6d6d6d;\"><strong>AutoSelf Clean ozonizer<\/strong> incorporado. Auto-higieniza\u00e7\u00e3o e desinfec\u00e7\u00e3o de circuitos internos.<\/span><\/p>\n<p><img decoding=\"async\" src=\"https:\/\/www.hods.eu\/wp-content\/uploads\/eficiencia.png\" border=\"0\" \/><span style=\"color: #6d6d6d;\"><strong>Termostatos e compressores<\/strong> mais potentes. Eles prolongam a vida \u00fatil e s\u00e3o mais silenciosos.<\/span><\/p>\n<p><img decoding=\"async\" src=\"https:\/\/www.hods.eu\/wp-content\/uploads\/cargainferior.png\" border=\"0\" \/><span style=\"color: #6d6d6d;\">Sistema de <strong>carregamento inferior<\/strong> admite garrafas de 11,8 a 20 litros com tampa de 5 gal\u00f5es.<\/span><\/p>\n<p><img decoding=\"async\" src=\"https:\/\/www.hods.eu\/wp-content\/uploads\/antiderrame.png\" border=\"0\" \/><span style=\"color: #6d6d6d;\">Coletor de gotejamento integrado.<\/span><\/p>\n<p><img decoding=\"async\" src=\"https:\/\/www.hods.eu\/wp-content\/uploads\/accidentes.png\" border=\"0\" \/><span style=\"color: #6d6d6d;\">Torneira de seguran\u00e7a.<\/span><\/p>\n<p>&nbsp;<\/p>\n<p>&nbsp;<\/p>\n<p><span style=\"color: #6d6d6d;\"><strong>Comprar na loja online <a href=\"https:\/\/watcool.com\/pt\/fontes-de-agua\/13-evosse-o3-down-preta.html\" target=\"_blank\" rel=\"noopener\"><img loading=\"lazy\" decoding=\"async\" class=\"alignnone wp-image-30290\" title=\"watcool\" src=\"https:\/\/www.hods.eu\/wp-content\/uploads\/web.jpg\" alt=\"watcool\" width=\"90\" height=\"18\" srcset=\"https:\/\/www.hods.eu\/wp-content\/uploads\/web.jpg 200w, https:\/\/www.hods.eu\/wp-content\/uploads\/web-150x30.jpg 150w\" sizes=\"auto, (max-width: 90px) 100vw, 90px\" \/><\/a><\/strong> <\/span><\/p>\n","protected":false},"featured_media":25879,"template":"","meta":[],"product_brand":[],"product_cat":[87],"product_tag":[],"class_list":{"0":"post-19088","1":"product","2":"type-product","3":"status-publish","4":"has-post-thumbnail","6":"product_cat-fontes-garrafa","8":"first","9":"instock","10":"featured","11":"shipping-taxable","12":"product-type-simple"},"yoast_head":"<!-- This site is optimized with the Yoast SEO plugin v27.3 - https:\/\/yoast.com\/product\/yoast-seo-wordpress\/ -->\n<title>Evoss\u00e9 O3 Down Preta. \u00c1gua fria, quente e temperada - HODS<\/title>\n<meta name=\"description\" content=\"Evoss\u00e9 O3 Down Preta. Dispensador da garrafa, com carga inferior, tem um design elegante e funcional em linhas rectas e simples.\" \/>\n<meta name=\"robots\" content=\"index, follow, max-snippet:-1, max-image-preview:large, max-video-preview:-1\" \/>\n<link rel=\"canonical\" href=\"https:\/\/www.hods.eu\/pt-pt\/productos\/evosse-o3-down-preta\/\" \/>\n<meta property=\"og:locale\" content=\"pt_PT\" \/>\n<meta property=\"og:type\" content=\"article\" \/>\n<meta property=\"og:title\" content=\"Evoss\u00e9 O3 Down Preta. \u00c1gua fria, quente e temperada - HODS\" \/>\n<meta property=\"og:description\" content=\"Evoss\u00e9 O3 Down Preta. Dispensador da garrafa, com carga inferior, tem um design elegante e funcional em linhas rectas e simples.\" \/>\n<meta property=\"og:url\" content=\"https:\/\/www.hods.eu\/pt-pt\/productos\/evosse-o3-down-preta\/\" \/>\n<meta property=\"og:site_name\" content=\"HODS\" \/>\n<meta property=\"article:modified_time\" content=\"2022-01-19T11:19:44+00:00\" \/>\n<meta property=\"og:image\" content=\"https:\/\/www.hods.eu\/wp-content\/uploads\/evosse_down_negra_hods_web_01-1.jpg\" \/>\n\t<meta property=\"og:image:width\" content=\"768\" \/>\n\t<meta property=\"og:image:height\" content=\"1024\" \/>\n\t<meta property=\"og:image:type\" content=\"image\/jpeg\" \/>\n<meta name=\"twitter:card\" content=\"summary_large_image\" \/>\n<meta name=\"twitter:label1\" content=\"Tempo estimado de leitura\" \/>\n\t<meta name=\"twitter:data1\" content=\"1 minuto\" \/>\n<script type=\"application\/ld+json\" class=\"yoast-schema-graph\">{\"@context\":\"https:\\\/\\\/schema.org\",\"@graph\":[{\"@type\":\"WebPage\",\"@id\":\"https:\\\/\\\/www.hods.eu\\\/pt-pt\\\/productos\\\/evosse-o3-down-preta\\\/\",\"url\":\"https:\\\/\\\/www.hods.eu\\\/pt-pt\\\/productos\\\/evosse-o3-down-preta\\\/\",\"name\":\"Evoss\u00e9 O3 Down Preta. \u00c1gua fria, quente e temperada - HODS\",\"isPartOf\":{\"@id\":\"https:\\\/\\\/www.hods.eu\\\/pt-pt\\\/#website\"},\"primaryImageOfPage\":{\"@id\":\"https:\\\/\\\/www.hods.eu\\\/pt-pt\\\/productos\\\/evosse-o3-down-preta\\\/#primaryimage\"},\"image\":{\"@id\":\"https:\\\/\\\/www.hods.eu\\\/pt-pt\\\/productos\\\/evosse-o3-down-preta\\\/#primaryimage\"},\"thumbnailUrl\":\"https:\\\/\\\/www.hods.eu\\\/wp-content\\\/uploads\\\/evosse_down_negra_hods_web_01-1.jpg\",\"datePublished\":\"2019-07-02T08:38:58+00:00\",\"dateModified\":\"2022-01-19T11:19:44+00:00\",\"description\":\"Evoss\u00e9 O3 Down Preta. Dispensador da garrafa, com carga inferior, tem um design elegante e funcional em linhas rectas e simples.\",\"breadcrumb\":{\"@id\":\"https:\\\/\\\/www.hods.eu\\\/pt-pt\\\/productos\\\/evosse-o3-down-preta\\\/#breadcrumb\"},\"inLanguage\":\"pt-PT\",\"potentialAction\":[{\"@type\":\"ReadAction\",\"target\":[\"https:\\\/\\\/www.hods.eu\\\/pt-pt\\\/productos\\\/evosse-o3-down-preta\\\/\"]}]},{\"@type\":\"ImageObject\",\"inLanguage\":\"pt-PT\",\"@id\":\"https:\\\/\\\/www.hods.eu\\\/pt-pt\\\/productos\\\/evosse-o3-down-preta\\\/#primaryimage\",\"url\":\"https:\\\/\\\/www.hods.eu\\\/wp-content\\\/uploads\\\/evosse_down_negra_hods_web_01-1.jpg\",\"contentUrl\":\"https:\\\/\\\/www.hods.eu\\\/wp-content\\\/uploads\\\/evosse_down_negra_hods_web_01-1.jpg\",\"width\":768,\"height\":1024,\"caption\":\"Evoss\u00e9 O3 Down Preta Distribuidor de \u00e1gua quente e fria com carregamento de fundo para garrafas ou garraf\u00f5es de \u00e1gua. Inclui sistema de auto-sanitiza\u00e7\u00e3o do ozono.\"},{\"@type\":\"BreadcrumbList\",\"@id\":\"https:\\\/\\\/www.hods.eu\\\/pt-pt\\\/productos\\\/evosse-o3-down-preta\\\/#breadcrumb\",\"itemListElement\":[{\"@type\":\"ListItem\",\"position\":1,\"name\":\"Portada\",\"item\":\"https:\\\/\\\/www.hods.eu\\\/pt-pt\\\/\"},{\"@type\":\"ListItem\",\"position\":2,\"name\":\"Tienda\",\"item\":\"https:\\\/\\\/www.hods.eu\\\/tienda\\\/\"},{\"@type\":\"ListItem\",\"position\":3,\"name\":\"Evoss\u00e9 O3 Down Preta\"}]},{\"@type\":\"WebSite\",\"@id\":\"https:\\\/\\\/www.hods.eu\\\/pt-pt\\\/#website\",\"url\":\"https:\\\/\\\/www.hods.eu\\\/pt-pt\\\/\",\"name\":\"HODS\",\"description\":\"water? drink with us\",\"publisher\":{\"@id\":\"https:\\\/\\\/www.hods.eu\\\/pt-pt\\\/#organization\"},\"potentialAction\":[{\"@type\":\"SearchAction\",\"target\":{\"@type\":\"EntryPoint\",\"urlTemplate\":\"https:\\\/\\\/www.hods.eu\\\/pt-pt\\\/?s={search_term_string}\"},\"query-input\":{\"@type\":\"PropertyValueSpecification\",\"valueRequired\":true,\"valueName\":\"search_term_string\"}}],\"inLanguage\":\"pt-PT\"},{\"@type\":\"Organization\",\"@id\":\"https:\\\/\\\/www.hods.eu\\\/pt-pt\\\/#organization\",\"name\":\"HODS\",\"url\":\"https:\\\/\\\/www.hods.eu\\\/pt-pt\\\/\",\"logo\":{\"@type\":\"ImageObject\",\"inLanguage\":\"pt-PT\",\"@id\":\"https:\\\/\\\/www.hods.eu\\\/pt-pt\\\/#\\\/schema\\\/logo\\\/image\\\/\",\"url\":\"https:\\\/\\\/www.hods.eu\\\/wp-content\\\/uploads\\\/hods-completo-blanco2.jpg\",\"contentUrl\":\"https:\\\/\\\/www.hods.eu\\\/wp-content\\\/uploads\\\/hods-completo-blanco2.jpg\",\"width\":500,\"height\":179,\"caption\":\"HODS\"},\"image\":{\"@id\":\"https:\\\/\\\/www.hods.eu\\\/pt-pt\\\/#\\\/schema\\\/logo\\\/image\\\/\"}}]}<\/script>\n<!-- \/ Yoast SEO plugin. -->","yoast_head_json":{"title":"Evoss\u00e9 O3 Down Preta. \u00c1gua fria, quente e temperada - HODS","description":"Evoss\u00e9 O3 Down Preta. Dispensador da garrafa, com carga inferior, tem um design elegante e funcional em linhas rectas e simples.","robots":{"index":"index","follow":"follow","max-snippet":"max-snippet:-1","max-image-preview":"max-image-preview:large","max-video-preview":"max-video-preview:-1"},"canonical":"https:\/\/www.hods.eu\/pt-pt\/productos\/evosse-o3-down-preta\/","og_locale":"pt_PT","og_type":"article","og_title":"Evoss\u00e9 O3 Down Preta. \u00c1gua fria, quente e temperada - HODS","og_description":"Evoss\u00e9 O3 Down Preta. Dispensador da garrafa, com carga inferior, tem um design elegante e funcional em linhas rectas e simples.","og_url":"https:\/\/www.hods.eu\/pt-pt\/productos\/evosse-o3-down-preta\/","og_site_name":"HODS","article_modified_time":"2022-01-19T11:19:44+00:00","og_image":[{"width":768,"height":1024,"url":"https:\/\/www.hods.eu\/wp-content\/uploads\/evosse_down_negra_hods_web_01-1.jpg","type":"image\/jpeg"}],"twitter_card":"summary_large_image","twitter_misc":{"Tempo estimado de leitura":"1 minuto"},"schema":{"@context":"https:\/\/schema.org","@graph":[{"@type":"WebPage","@id":"https:\/\/www.hods.eu\/pt-pt\/productos\/evosse-o3-down-preta\/","url":"https:\/\/www.hods.eu\/pt-pt\/productos\/evosse-o3-down-preta\/","name":"Evoss\u00e9 O3 Down Preta. \u00c1gua fria, quente e temperada - HODS","isPartOf":{"@id":"https:\/\/www.hods.eu\/pt-pt\/#website"},"primaryImageOfPage":{"@id":"https:\/\/www.hods.eu\/pt-pt\/productos\/evosse-o3-down-preta\/#primaryimage"},"image":{"@id":"https:\/\/www.hods.eu\/pt-pt\/productos\/evosse-o3-down-preta\/#primaryimage"},"thumbnailUrl":"https:\/\/www.hods.eu\/wp-content\/uploads\/evosse_down_negra_hods_web_01-1.jpg","datePublished":"2019-07-02T08:38:58+00:00","dateModified":"2022-01-19T11:19:44+00:00","description":"Evoss\u00e9 O3 Down Preta. Dispensador da garrafa, com carga inferior, tem um design elegante e funcional em linhas rectas e simples.","breadcrumb":{"@id":"https:\/\/www.hods.eu\/pt-pt\/productos\/evosse-o3-down-preta\/#breadcrumb"},"inLanguage":"pt-PT","potentialAction":[{"@type":"ReadAction","target":["https:\/\/www.hods.eu\/pt-pt\/productos\/evosse-o3-down-preta\/"]}]},{"@type":"ImageObject","inLanguage":"pt-PT","@id":"https:\/\/www.hods.eu\/pt-pt\/productos\/evosse-o3-down-preta\/#primaryimage","url":"https:\/\/www.hods.eu\/wp-content\/uploads\/evosse_down_negra_hods_web_01-1.jpg","contentUrl":"https:\/\/www.hods.eu\/wp-content\/uploads\/evosse_down_negra_hods_web_01-1.jpg","width":768,"height":1024,"caption":"Evoss\u00e9 O3 Down Preta Distribuidor de \u00e1gua quente e fria com carregamento de fundo para garrafas ou garraf\u00f5es de \u00e1gua. Inclui sistema de auto-sanitiza\u00e7\u00e3o do ozono."},{"@type":"BreadcrumbList","@id":"https:\/\/www.hods.eu\/pt-pt\/productos\/evosse-o3-down-preta\/#breadcrumb","itemListElement":[{"@type":"ListItem","position":1,"name":"Portada","item":"https:\/\/www.hods.eu\/pt-pt\/"},{"@type":"ListItem","position":2,"name":"Tienda","item":"https:\/\/www.hods.eu\/tienda\/"},{"@type":"ListItem","position":3,"name":"Evoss\u00e9 O3 Down Preta"}]},{"@type":"WebSite","@id":"https:\/\/www.hods.eu\/pt-pt\/#website","url":"https:\/\/www.hods.eu\/pt-pt\/","name":"HODS","description":"water? drink with us","publisher":{"@id":"https:\/\/www.hods.eu\/pt-pt\/#organization"},"potentialAction":[{"@type":"SearchAction","target":{"@type":"EntryPoint","urlTemplate":"https:\/\/www.hods.eu\/pt-pt\/?s={search_term_string}"},"query-input":{"@type":"PropertyValueSpecification","valueRequired":true,"valueName":"search_term_string"}}],"inLanguage":"pt-PT"},{"@type":"Organization","@id":"https:\/\/www.hods.eu\/pt-pt\/#organization","name":"HODS","url":"https:\/\/www.hods.eu\/pt-pt\/","logo":{"@type":"ImageObject","inLanguage":"pt-PT","@id":"https:\/\/www.hods.eu\/pt-pt\/#\/schema\/logo\/image\/","url":"https:\/\/www.hods.eu\/wp-content\/uploads\/hods-completo-blanco2.jpg","contentUrl":"https:\/\/www.hods.eu\/wp-content\/uploads\/hods-completo-blanco2.jpg","width":500,"height":179,"caption":"HODS"},"image":{"@id":"https:\/\/www.hods.eu\/pt-pt\/#\/schema\/logo\/image\/"}}]}},"_links":{"self":[{"href":"https:\/\/www.hods.eu\/pt-pt\/wp-json\/wp\/v2\/product\/19088","targetHints":{"allow":["GET"]}}],"collection":[{"href":"https:\/\/www.hods.eu\/pt-pt\/wp-json\/wp\/v2\/product"}],"about":[{"href":"https:\/\/www.hods.eu\/pt-pt\/wp-json\/wp\/v2\/types\/product"}],"wp:featuredmedia":[{"embeddable":true,"href":"https:\/\/www.hods.eu\/pt-pt\/wp-json\/wp\/v2\/media\/25879"}],"wp:attachment":[{"href":"https:\/\/www.hods.eu\/pt-pt\/wp-json\/wp\/v2\/media?parent=19088"}],"wp:term":[{"taxonomy":"product_brand","embeddable":true,"href":"https:\/\/www.hods.eu\/pt-pt\/wp-json\/wp\/v2\/product_brand?post=19088"},{"taxonomy":"product_cat","embeddable":true,"href":"https:\/\/www.hods.eu\/pt-pt\/wp-json\/wp\/v2\/product_cat?post=19088"},{"taxonomy":"product_tag","embeddable":true,"href":"https:\/\/www.hods.eu\/pt-pt\/wp-json\/wp\/v2\/product_tag?post=19088"}],"curies":[{"name":"wp","href":"https:\/\/api.w.org\/{rel}","templated":true}]}}