{"id":19069,"date":"2019-07-03T09:46:23","date_gmt":"2019-07-03T08:46:23","guid":{"rendered":"https:\/\/www.hods.eu\/producto\/evosse-o3-up-branca\/"},"modified":"2023-07-13T16:03:58","modified_gmt":"2023-07-13T14:03:58","slug":"evosse-o3-up-branca","status":"publish","type":"product","link":"https:\/\/www.hods.eu\/pt-pt\/productos\/evosse-o3-up-branca\/","title":{"rendered":"Evoss\u00e9 O3 Up Branca"},"content":{"rendered":"<h3 style=\"text-align: justify; color: #6d6d6d;\"><strong>A fonte de \u00e1gua Evoss\u00e9 O<sub>3<\/sub><\/strong> <strong>Up Branca tem um design elegante e funcional e oferece \u00e1gua quente e fria. S\u00e3o fabricados com os melhores materiais, combinando dois acabamentos, ABS brilhante na parte frontal e chapa de a\u00e7o laminado a frio mate nas partes laterais.<\/strong><\/h3>\n<p style=\"text-align: justify; color: #6d6d6d;\">O dispensador de \u00e1gua Evoss\u00e9 O3 Up Blanca possui o sistema de higieniza\u00e7\u00e3o Auto Self Clean, um sistema de ozoniza\u00e7\u00e3o integrado que gera uma descarga autom\u00e1tica a cada 4,5 horas, higieniza-se e desinfecta-se. Este sistema injecta uma pequena dose de ozono, inferior a 50 ppb, que entra no circuito da \u00e1gua e impede a forma\u00e7\u00e3o de bact\u00e9rias. Prolonga assim a vida \u00fatil do dispensador.<\/p>\n<p style=\"text-align: justify; color: #6d6d6d;\">Tem um <strong>regulador de temperatura<\/strong> da \u00e1gua para ajust\u00e1-lo ao sabor. Tamb\u00e9m tem <strong>interruptores<\/strong> quentes e frios na parte de tr\u00e1s para poupar energia.<\/p>\n<p style=\"text-align: justify; color: #6d6d6d;\">O modelo <strong>Evoss\u00e9 O<sub>3<\/sub><\/strong> <strong>Up <\/strong>aceita as nossas <a href=\"https:\/\/www.hods.eu\/pt-pt\/producto\/garrafao-pet-18-9-litros\/\">garrafas PET<\/a> em todos os formatos, de <a href=\"https:\/\/www.hods.eu\/pt-pt\/producto\/garrafao-pet-12-litros\/\">12 litros<\/a> a <a href=\"https:\/\/www.hods.eu\/pt-pt\/producto\/garrafao-pet-20-litros\/\">20 litros<\/a>, fornecidas com a <a href=\"https:\/\/www.hods.eu\/pt-pt\/producto\/tampa-5-galoes\/\">tampa de 5 gal\u00f5es<\/a>. Al\u00e9m disso, o <strong>Sistema Anti-Derramamento<\/strong> que incorpora, funciona com uma b\u00f3ia interna que evita o transbordo de \u00e1gua quando a capacidade do reservat\u00f3rio de \u00e1gua do dispensador est\u00e1 no n\u00edvel m\u00e1ximo de enchimento. Tamb\u00e9m incorpora um <strong>colector de gotejamento<\/strong> em a\u00e7o inoxid\u00e1vel, que capta a \u00e1gua quando o copo a ser enchido transborda.<\/p>\n<p style=\"text-align: justify; color: #6d6d6d;\">Al\u00e9m disso, todas as tubagens em contacto com a \u00e1gua s\u00e3o feitas de <strong>a\u00e7o inoxid\u00e1vel de alta qualidade<\/strong>, o que garante que n\u00e3o ocorra qualquer migra\u00e7\u00e3o para a \u00e1gua.<\/p>\n<p style=\"text-align: justify; color: #6d6d6d;\">O modelo Evoss\u00e9 O<sub>3<\/sub> Up tamb\u00e9m est\u00e1 dispon\u00edvel em <a href=\"https:\/\/www.hods.eu\/pt-pt\/producto\/evosse-o3-up-preta\/\">Preta<\/a>.<\/p>\n<table dir=\"ltr\" style=\"height: 323px;\" border=\"1\" summary=\"dimensiones y caracteristicas\" width=\"878\">\n<colgroup width=\"50%\"><\/colgroup>\n<colgroup id=\"colgroup\" class=\"colgroup\" title=\"title\" span=\"2\" width=\"1*\" align=\"center\" valign=\"middle\"><\/colgroup>\n<thead>\n<tr>\n<th scope=\"col\">Dimens\u00f5es e peso<\/th>\n<th scope=\"col\"><b>Caracter\u00edsticas<\/b><\/th>\n<\/tr>\n<\/thead>\n<tfoot>\n<tr>\n<td><\/td>\n<td><b>Tens\u00e3o:<\/b> 230V \/ 50Hz<\/td>\n<\/tr>\n<\/tfoot>\n<tbody>\n<tr>\n<td><b>Peso:<\/b> 12 kg<\/td>\n<td><b>Capacidade de arrefecimento:<\/b> 3,5 litros\/hora<\/td>\n<\/tr>\n<tr>\n<td><b>Largura:<\/b> 27,5 cm<\/td>\n<td><b>Capacidade para aquecer:<\/b> 6 litros\/hora<\/td>\n<\/tr>\n<tr>\n<td><b>Profundidade:<\/b> 28,6 cm<\/td>\n<td><b>Temperatura \u00e1gua fr\u00eda:<\/b> 3\u00baC &#8211; 10\u00baC<\/td>\n<\/tr>\n<tr>\n<td><b>Altura:<\/b> 92,7 cm<\/td>\n<td><b>Temperatura \u00e1gua quente:<\/b> 80\u00baC &#8211; 92\u00baC<\/td>\n<\/tr>\n<tr>\n<td><\/td>\n<td><b>Capacidade tanque fr\u00edo:<\/b> 3,5 litros<\/td>\n<\/tr>\n<tr>\n<td><\/td>\n<td><b>Capacidade tanque quente:<\/b> 1,2 litros<\/td>\n<\/tr>\n<tr>\n<td><\/td>\n<td><b>Pot\u00eancia de aquecimento e arrefecimento:<\/b> 100 W \/ 650 W<\/td>\n<\/tr>\n<tr>\n<td><\/td>\n<td><b>\u00cdndice de Consumo El\u00e9ctrico:<\/b> 56w \/ hora<\/td>\n<\/tr>\n<\/tbody>\n<\/table>\n","protected":false},"excerpt":{"rendered":"<p><img decoding=\"async\" src=\"https:\/\/www.hods.eu\/wp-content\/uploads\/friacaliente.png\" border=\"0\" \/><span style=\"color: #6d6d6d;\">Fonte de \u00e1gua quente e fria.<\/span><\/p>\n<p><img decoding=\"async\" src=\"https:\/\/www.hods.eu\/wp-content\/uploads\/autoseflclean.png\" border=\"0\" \/><span style=\"color: #6d6d6d;\"><strong>AutoSelf Clean ozonizer<\/strong> incorporado. Auto-higieniza\u00e7\u00e3o e desinfec\u00e7\u00e3o de circuitos internos.<\/span><\/p>\n<p><img decoding=\"async\" src=\"https:\/\/www.hods.eu\/wp-content\/uploads\/eficiencia.png\" border=\"0\" \/><span style=\"color: #6d6d6d;\"><strong>Termostatos e compressores<\/strong> mais potentes. Eles prolongam a vida \u00fatil e s\u00e3o mais silenciosos.<\/span><\/p>\n<p><img decoding=\"async\" src=\"https:\/\/www.hods.eu\/wp-content\/uploads\/botellon.png\" border=\"0\" \/><span style=\"color: #6d6d6d;\">Admite <strong>garrafas<\/strong> de 11,8 a 20 litros com tampa de 5 gal\u00f5es.<\/span><\/p>\n<p><img decoding=\"async\" src=\"https:\/\/www.hods.eu\/wp-content\/uploads\/antiderrame.png\" border=\"0\" \/><span style=\"color: #6d6d6d;\"><strong>Sistema antiderramamento<\/strong> e <strong>coletor de gotejamento<\/strong> integrado.<\/span><\/p>\n<p><img decoding=\"async\" src=\"https:\/\/www.hods.eu\/wp-content\/uploads\/accidentes.png\" border=\"0\" \/><span style=\"color: #6d6d6d;\">Torneira de seguran\u00e7a.<\/span><\/p>\n<p>&nbsp;<\/p>\n<p>&nbsp;<\/p>\n<p><span style=\"color: #6d6d6d;\"><strong>Comprar na loja online <a href=\"https:\/\/watcool.com\/pt\/fontes-de-agua\/10-evosse-o3-up-branca.html\" target=\"_blank\" rel=\"noopener\"><img loading=\"lazy\" decoding=\"async\" class=\"alignnone wp-image-30290\" title=\"watcool\" src=\"https:\/\/www.hods.eu\/wp-content\/uploads\/web.jpg\" alt=\"watcool\" width=\"90\" height=\"18\" srcset=\"https:\/\/www.hods.eu\/wp-content\/uploads\/web.jpg 200w, https:\/\/www.hods.eu\/wp-content\/uploads\/web-150x30.jpg 150w\" sizes=\"auto, (max-width: 90px) 100vw, 90px\" \/><\/a><\/strong> <\/span><\/p>\n","protected":false},"featured_media":25771,"template":"","meta":[],"product_brand":[],"product_cat":[87],"product_tag":[],"class_list":{"0":"post-19069","1":"product","2":"type-product","3":"status-publish","4":"has-post-thumbnail","6":"product_cat-fontes-garrafa","8":"first","9":"instock","10":"featured","11":"shipping-taxable","12":"product-type-simple"},"yoast_head":"<!-- This site is optimized with the Yoast SEO plugin v27.3 - https:\/\/yoast.com\/product\/yoast-seo-wordpress\/ -->\n<title>Evoss\u00e9 O3 Up Branca Fonte de \u00e1gua quente e fria - HODS<\/title>\n<meta name=\"description\" content=\"Evoss\u00e9 O3 Up Branca. A linha Evoss\u00e9 O3 de dispensadores de \u00e1gua quente e fria tem um design elegante e funcional em linhas rectas e simples.\" \/>\n<meta name=\"robots\" content=\"index, follow, max-snippet:-1, max-image-preview:large, max-video-preview:-1\" \/>\n<link rel=\"canonical\" href=\"https:\/\/www.hods.eu\/pt-pt\/productos\/evosse-o3-up-branca\/\" \/>\n<meta property=\"og:locale\" content=\"pt_PT\" \/>\n<meta property=\"og:type\" content=\"article\" \/>\n<meta property=\"og:title\" content=\"Evoss\u00e9 O3 Up Branca Fonte de \u00e1gua quente e fria - HODS\" \/>\n<meta property=\"og:description\" content=\"Evoss\u00e9 O3 Up Branca. A linha Evoss\u00e9 O3 de dispensadores de \u00e1gua quente e fria tem um design elegante e funcional em linhas rectas e simples.\" \/>\n<meta property=\"og:url\" content=\"https:\/\/www.hods.eu\/pt-pt\/productos\/evosse-o3-up-branca\/\" \/>\n<meta property=\"og:site_name\" content=\"HODS\" \/>\n<meta property=\"article:modified_time\" content=\"2023-07-13T14:03:58+00:00\" \/>\n<meta property=\"og:image\" content=\"https:\/\/www.hods.eu\/wp-content\/uploads\/evosse_up_blanca_hods_web_01-1.jpg\" \/>\n\t<meta property=\"og:image:width\" content=\"768\" \/>\n\t<meta property=\"og:image:height\" content=\"1024\" \/>\n\t<meta property=\"og:image:type\" content=\"image\/jpeg\" \/>\n<meta name=\"twitter:card\" content=\"summary_large_image\" \/>\n<meta name=\"twitter:label1\" content=\"Tempo estimado de leitura\" \/>\n\t<meta name=\"twitter:data1\" content=\"2 minutos\" \/>\n<script type=\"application\/ld+json\" class=\"yoast-schema-graph\">{\"@context\":\"https:\\\/\\\/schema.org\",\"@graph\":[{\"@type\":\"WebPage\",\"@id\":\"https:\\\/\\\/www.hods.eu\\\/pt-pt\\\/productos\\\/evosse-o3-up-branca\\\/\",\"url\":\"https:\\\/\\\/www.hods.eu\\\/pt-pt\\\/productos\\\/evosse-o3-up-branca\\\/\",\"name\":\"Evoss\u00e9 O3 Up Branca Fonte de \u00e1gua quente e fria - HODS\",\"isPartOf\":{\"@id\":\"https:\\\/\\\/www.hods.eu\\\/pt-pt\\\/#website\"},\"primaryImageOfPage\":{\"@id\":\"https:\\\/\\\/www.hods.eu\\\/pt-pt\\\/productos\\\/evosse-o3-up-branca\\\/#primaryimage\"},\"image\":{\"@id\":\"https:\\\/\\\/www.hods.eu\\\/pt-pt\\\/productos\\\/evosse-o3-up-branca\\\/#primaryimage\"},\"thumbnailUrl\":\"https:\\\/\\\/www.hods.eu\\\/wp-content\\\/uploads\\\/evosse_up_blanca_hods_web_01-1.jpg\",\"datePublished\":\"2019-07-03T08:46:23+00:00\",\"dateModified\":\"2023-07-13T14:03:58+00:00\",\"description\":\"Evoss\u00e9 O3 Up Branca. A linha Evoss\u00e9 O3 de dispensadores de \u00e1gua quente e fria tem um design elegante e funcional em linhas rectas e simples.\",\"breadcrumb\":{\"@id\":\"https:\\\/\\\/www.hods.eu\\\/pt-pt\\\/productos\\\/evosse-o3-up-branca\\\/#breadcrumb\"},\"inLanguage\":\"pt-PT\",\"potentialAction\":[{\"@type\":\"ReadAction\",\"target\":[\"https:\\\/\\\/www.hods.eu\\\/pt-pt\\\/productos\\\/evosse-o3-up-branca\\\/\"]}]},{\"@type\":\"ImageObject\",\"inLanguage\":\"pt-PT\",\"@id\":\"https:\\\/\\\/www.hods.eu\\\/pt-pt\\\/productos\\\/evosse-o3-up-branca\\\/#primaryimage\",\"url\":\"https:\\\/\\\/www.hods.eu\\\/wp-content\\\/uploads\\\/evosse_up_blanca_hods_web_01-1.jpg\",\"contentUrl\":\"https:\\\/\\\/www.hods.eu\\\/wp-content\\\/uploads\\\/evosse_up_blanca_hods_web_01-1.jpg\",\"width\":768,\"height\":1024,\"caption\":\"Evoss\u00e9 O3 Up Branco distribuidor de \u00e1gua quente e fria em para garraf\u00f5es ou garrafas com tampa de 5 gal\u00f5es. Inclui sistema auto higienizante de ozono.\"},{\"@type\":\"BreadcrumbList\",\"@id\":\"https:\\\/\\\/www.hods.eu\\\/pt-pt\\\/productos\\\/evosse-o3-up-branca\\\/#breadcrumb\",\"itemListElement\":[{\"@type\":\"ListItem\",\"position\":1,\"name\":\"Portada\",\"item\":\"https:\\\/\\\/www.hods.eu\\\/pt-pt\\\/\"},{\"@type\":\"ListItem\",\"position\":2,\"name\":\"Tienda\",\"item\":\"https:\\\/\\\/www.hods.eu\\\/tienda\\\/\"},{\"@type\":\"ListItem\",\"position\":3,\"name\":\"Evoss\u00e9 O3 Up Branca\"}]},{\"@type\":\"WebSite\",\"@id\":\"https:\\\/\\\/www.hods.eu\\\/pt-pt\\\/#website\",\"url\":\"https:\\\/\\\/www.hods.eu\\\/pt-pt\\\/\",\"name\":\"HODS\",\"description\":\"water? drink with us\",\"publisher\":{\"@id\":\"https:\\\/\\\/www.hods.eu\\\/pt-pt\\\/#organization\"},\"potentialAction\":[{\"@type\":\"SearchAction\",\"target\":{\"@type\":\"EntryPoint\",\"urlTemplate\":\"https:\\\/\\\/www.hods.eu\\\/pt-pt\\\/?s={search_term_string}\"},\"query-input\":{\"@type\":\"PropertyValueSpecification\",\"valueRequired\":true,\"valueName\":\"search_term_string\"}}],\"inLanguage\":\"pt-PT\"},{\"@type\":\"Organization\",\"@id\":\"https:\\\/\\\/www.hods.eu\\\/pt-pt\\\/#organization\",\"name\":\"HODS\",\"url\":\"https:\\\/\\\/www.hods.eu\\\/pt-pt\\\/\",\"logo\":{\"@type\":\"ImageObject\",\"inLanguage\":\"pt-PT\",\"@id\":\"https:\\\/\\\/www.hods.eu\\\/pt-pt\\\/#\\\/schema\\\/logo\\\/image\\\/\",\"url\":\"https:\\\/\\\/www.hods.eu\\\/wp-content\\\/uploads\\\/hods-completo-blanco2.jpg\",\"contentUrl\":\"https:\\\/\\\/www.hods.eu\\\/wp-content\\\/uploads\\\/hods-completo-blanco2.jpg\",\"width\":500,\"height\":179,\"caption\":\"HODS\"},\"image\":{\"@id\":\"https:\\\/\\\/www.hods.eu\\\/pt-pt\\\/#\\\/schema\\\/logo\\\/image\\\/\"}}]}<\/script>\n<!-- \/ Yoast SEO plugin. -->","yoast_head_json":{"title":"Evoss\u00e9 O3 Up Branca Fonte de \u00e1gua quente e fria - HODS","description":"Evoss\u00e9 O3 Up Branca. A linha Evoss\u00e9 O3 de dispensadores de \u00e1gua quente e fria tem um design elegante e funcional em linhas rectas e simples.","robots":{"index":"index","follow":"follow","max-snippet":"max-snippet:-1","max-image-preview":"max-image-preview:large","max-video-preview":"max-video-preview:-1"},"canonical":"https:\/\/www.hods.eu\/pt-pt\/productos\/evosse-o3-up-branca\/","og_locale":"pt_PT","og_type":"article","og_title":"Evoss\u00e9 O3 Up Branca Fonte de \u00e1gua quente e fria - HODS","og_description":"Evoss\u00e9 O3 Up Branca. A linha Evoss\u00e9 O3 de dispensadores de \u00e1gua quente e fria tem um design elegante e funcional em linhas rectas e simples.","og_url":"https:\/\/www.hods.eu\/pt-pt\/productos\/evosse-o3-up-branca\/","og_site_name":"HODS","article_modified_time":"2023-07-13T14:03:58+00:00","og_image":[{"width":768,"height":1024,"url":"https:\/\/www.hods.eu\/wp-content\/uploads\/evosse_up_blanca_hods_web_01-1.jpg","type":"image\/jpeg"}],"twitter_card":"summary_large_image","twitter_misc":{"Tempo estimado de leitura":"2 minutos"},"schema":{"@context":"https:\/\/schema.org","@graph":[{"@type":"WebPage","@id":"https:\/\/www.hods.eu\/pt-pt\/productos\/evosse-o3-up-branca\/","url":"https:\/\/www.hods.eu\/pt-pt\/productos\/evosse-o3-up-branca\/","name":"Evoss\u00e9 O3 Up Branca Fonte de \u00e1gua quente e fria - HODS","isPartOf":{"@id":"https:\/\/www.hods.eu\/pt-pt\/#website"},"primaryImageOfPage":{"@id":"https:\/\/www.hods.eu\/pt-pt\/productos\/evosse-o3-up-branca\/#primaryimage"},"image":{"@id":"https:\/\/www.hods.eu\/pt-pt\/productos\/evosse-o3-up-branca\/#primaryimage"},"thumbnailUrl":"https:\/\/www.hods.eu\/wp-content\/uploads\/evosse_up_blanca_hods_web_01-1.jpg","datePublished":"2019-07-03T08:46:23+00:00","dateModified":"2023-07-13T14:03:58+00:00","description":"Evoss\u00e9 O3 Up Branca. A linha Evoss\u00e9 O3 de dispensadores de \u00e1gua quente e fria tem um design elegante e funcional em linhas rectas e simples.","breadcrumb":{"@id":"https:\/\/www.hods.eu\/pt-pt\/productos\/evosse-o3-up-branca\/#breadcrumb"},"inLanguage":"pt-PT","potentialAction":[{"@type":"ReadAction","target":["https:\/\/www.hods.eu\/pt-pt\/productos\/evosse-o3-up-branca\/"]}]},{"@type":"ImageObject","inLanguage":"pt-PT","@id":"https:\/\/www.hods.eu\/pt-pt\/productos\/evosse-o3-up-branca\/#primaryimage","url":"https:\/\/www.hods.eu\/wp-content\/uploads\/evosse_up_blanca_hods_web_01-1.jpg","contentUrl":"https:\/\/www.hods.eu\/wp-content\/uploads\/evosse_up_blanca_hods_web_01-1.jpg","width":768,"height":1024,"caption":"Evoss\u00e9 O3 Up Branco distribuidor de \u00e1gua quente e fria em para garraf\u00f5es ou garrafas com tampa de 5 gal\u00f5es. Inclui sistema auto higienizante de ozono."},{"@type":"BreadcrumbList","@id":"https:\/\/www.hods.eu\/pt-pt\/productos\/evosse-o3-up-branca\/#breadcrumb","itemListElement":[{"@type":"ListItem","position":1,"name":"Portada","item":"https:\/\/www.hods.eu\/pt-pt\/"},{"@type":"ListItem","position":2,"name":"Tienda","item":"https:\/\/www.hods.eu\/tienda\/"},{"@type":"ListItem","position":3,"name":"Evoss\u00e9 O3 Up Branca"}]},{"@type":"WebSite","@id":"https:\/\/www.hods.eu\/pt-pt\/#website","url":"https:\/\/www.hods.eu\/pt-pt\/","name":"HODS","description":"water? drink with us","publisher":{"@id":"https:\/\/www.hods.eu\/pt-pt\/#organization"},"potentialAction":[{"@type":"SearchAction","target":{"@type":"EntryPoint","urlTemplate":"https:\/\/www.hods.eu\/pt-pt\/?s={search_term_string}"},"query-input":{"@type":"PropertyValueSpecification","valueRequired":true,"valueName":"search_term_string"}}],"inLanguage":"pt-PT"},{"@type":"Organization","@id":"https:\/\/www.hods.eu\/pt-pt\/#organization","name":"HODS","url":"https:\/\/www.hods.eu\/pt-pt\/","logo":{"@type":"ImageObject","inLanguage":"pt-PT","@id":"https:\/\/www.hods.eu\/pt-pt\/#\/schema\/logo\/image\/","url":"https:\/\/www.hods.eu\/wp-content\/uploads\/hods-completo-blanco2.jpg","contentUrl":"https:\/\/www.hods.eu\/wp-content\/uploads\/hods-completo-blanco2.jpg","width":500,"height":179,"caption":"HODS"},"image":{"@id":"https:\/\/www.hods.eu\/pt-pt\/#\/schema\/logo\/image\/"}}]}},"_links":{"self":[{"href":"https:\/\/www.hods.eu\/pt-pt\/wp-json\/wp\/v2\/product\/19069","targetHints":{"allow":["GET"]}}],"collection":[{"href":"https:\/\/www.hods.eu\/pt-pt\/wp-json\/wp\/v2\/product"}],"about":[{"href":"https:\/\/www.hods.eu\/pt-pt\/wp-json\/wp\/v2\/types\/product"}],"wp:featuredmedia":[{"embeddable":true,"href":"https:\/\/www.hods.eu\/pt-pt\/wp-json\/wp\/v2\/media\/25771"}],"wp:attachment":[{"href":"https:\/\/www.hods.eu\/pt-pt\/wp-json\/wp\/v2\/media?parent=19069"}],"wp:term":[{"taxonomy":"product_brand","embeddable":true,"href":"https:\/\/www.hods.eu\/pt-pt\/wp-json\/wp\/v2\/product_brand?post=19069"},{"taxonomy":"product_cat","embeddable":true,"href":"https:\/\/www.hods.eu\/pt-pt\/wp-json\/wp\/v2\/product_cat?post=19069"},{"taxonomy":"product_tag","embeddable":true,"href":"https:\/\/www.hods.eu\/pt-pt\/wp-json\/wp\/v2\/product_tag?post=19069"}],"curies":[{"name":"wp","href":"https:\/\/api.w.org\/{rel}","templated":true}]}}