{"id":19065,"date":"2019-10-10T14:16:40","date_gmt":"2019-10-10T13:16:40","guid":{"rendered":"https:\/\/www.hods.eu\/producto\/pega-redonda-de-suspensao\/"},"modified":"2022-01-19T12:04:05","modified_gmt":"2022-01-19T11:04:05","slug":"pega-redonda-de-suspensao","status":"publish","type":"product","link":"https:\/\/www.hods.eu\/pt-pt\/productos\/pega-redonda-de-suspensao\/","title":{"rendered":"Pega Redonda de suspens\u00e3o"},"content":{"rendered":"<h3 style=\"text-align: justify; color: #6d6d6d;\">Pega Redonda de suspens\u00e3o. \u00c9 feita de Polipropileno (PP) dando uma alta resist\u00eancia e leveza ao produto.<\/h3>\n<p style=\"text-align: justify; color: #6d6d6d;\">A pega redonda de suspens\u00e3o circular \u00e9 feita de <strong>polipropileno<\/strong>. Este \u00e9 o material mais leve e mais r\u00edgido em termopl\u00e1sticos. Tamb\u00e9m tem uma alta resist\u00eancia ao impacto e uma capacidade de carga de at\u00e9 40kg. Mas ao mesmo tempo \u00e9 um material leve, de modo a n\u00e3o contribuir com mais peso.<\/p>\n<p style=\"text-align: justify; color: #6d6d6d;\">A pega circular pendurada \u00e9 uma grande ajuda na movimenta\u00e7\u00e3o de garrafas. Por este motivo, facilita o esfor\u00e7o e evita poss\u00edveis les\u00f5es cervicais ou nas costas do trabalhador devido a movimentos repetitivos.<\/p>\n<p style=\"text-align: justify; color: #6d6d6d;\">\u00c9 especialmente concebido para <strong><a href=\"https:\/\/www.hods.eu\/pt-pt\/producto\/garrafao-pet-18-9-litros\/\">garrafas<\/a> com <a href=\"https:\/\/www.hods.eu\/pt-pt\/producto\/tampa-5-galoes\/\">tampas de 5 gal\u00f5es<\/a><\/strong>. Ou seja, cujo pesco\u00e7o mede 55 mil\u00edmetros. Este tipo de garrafas de grande formato, uma vez cheias de \u00e1gua, t\u00eam um grande peso. Com o cabo pendurado, \u00e9 poss\u00edvel transportar as garrafas de uma forma muito mais confort\u00e1vel.<\/p>\n<p style=\"text-align: justify; color: #6d6d6d;\">Existem diferentes tipos de cabos para pendurar, mas com a mesma fun\u00e7\u00e3o, para <strong>facilitar o trabalho<\/strong> dos operadores encarregados de servir ou armazenar as garrafas de \u00e1gua.<\/p>\n<p style=\"text-align: justify; color: #6d6d6d;\">O cabo pendurado \u00e9 especialmente <strong>compat\u00edvel com a <a href=\"https:\/\/www.hods.eu\/pt-pt\/producto\/garrafao-pet-12-litros\/\">garrafa PET de 12 litros<\/a><\/strong>. Como esta garrafa n\u00e3o tem uma pega inserida, a adi\u00e7\u00e3o de uma pega suspensa facilita o seu transporte.<\/p>\n<p style=\"text-align: justify; color: #6d6d6d;\">Tamb\u00e9m est\u00e1 dispon\u00edvel a <a href=\"https:\/\/www.hods.eu\/pt-pt\/producto\/pega-quadrada-de-suspensao\/\">Pega Quadrada de suspens\u00e3o<\/a>, com a mesma fun\u00e7\u00e3o de ajudar a transportar garrafas.<\/p>\n","protected":false},"excerpt":{"rendered":"<p><img decoding=\"async\" src=\"https:\/\/www.hods.eu\/wp-content\/uploads\/botellon.png\" border=\"0\" \/><span style=\"color: #6d6d6d;\">Pega redonda de suspens\u00e3o para garrafas.<\/span><\/p>\n<p><img decoding=\"async\" src=\"https:\/\/www.hods.eu\/wp-content\/uploads\/estabilidad.png\" border=\"0\" \/><span style=\"color: #6d6d6d;\">Fabricada em <strong>Polipropileno (PP)<\/strong>.<\/span><\/p>\n<p><img decoding=\"async\" src=\"https:\/\/www.hods.eu\/wp-content\/uploads\/golpes.png\" border=\"0\" \/><span style=\"color: #6d6d6d;\">Altamente <strong>resistente e leve<\/strong>.<\/span><\/p>\n<p><img decoding=\"async\" src=\"https:\/\/www.hods.eu\/wp-content\/uploads\/facil.png\" border=\"0\" \/><span style=\"color: #6d6d6d;\">Facilita o carregamento e reduz o esfor\u00e7o.<\/span><\/p>\n<p>&nbsp;<\/p>\n<p>&nbsp;<\/p>\n<p><span style=\"color: #6d6d6d;\"><strong>Comprar na loja online <a href=\"https:\/\/watcool.com\/pt\/acessorios\/53-pega-redonda.html\" target=\"_blank\" rel=\"noopener\"><img loading=\"lazy\" decoding=\"async\" class=\"alignnone wp-image-30290\" title=\"watcool\" src=\"https:\/\/www.hods.eu\/wp-content\/uploads\/web.jpg\" alt=\"watcool\" width=\"90\" height=\"18\" srcset=\"https:\/\/www.hods.eu\/wp-content\/uploads\/web.jpg 200w, https:\/\/www.hods.eu\/wp-content\/uploads\/web-150x30.jpg 150w\" sizes=\"auto, (max-width: 90px) 100vw, 90px\" \/><\/a><\/strong> <\/span><\/p>\n","protected":false},"featured_media":25717,"template":"","meta":[],"product_brand":[],"product_cat":[84],"product_tag":[],"class_list":{"0":"post-19065","1":"product","2":"type-product","3":"status-publish","4":"has-post-thumbnail","6":"product_cat-acessorios","8":"first","9":"instock","10":"shipping-taxable","11":"product-type-simple"},"yoast_head":"<!-- This site is optimized with the Yoast SEO plugin v27.3 - https:\/\/yoast.com\/product\/yoast-seo-wordpress\/ -->\n<title>Pega Redonda de suspens\u00e3o Acess\u00f3rios para Garrafas - HODS<\/title>\n<meta name=\"description\" content=\"A Pega Redonda de suspens\u00e3o \u00e9 feita de Polipropileno (PP) dando uma alta resist\u00eancia e leveza ao produto. Ajuda a carregar garrafas.\" \/>\n<meta name=\"robots\" content=\"index, follow, max-snippet:-1, max-image-preview:large, max-video-preview:-1\" \/>\n<link rel=\"canonical\" href=\"https:\/\/www.hods.eu\/pt-pt\/productos\/pega-redonda-de-suspensao\/\" \/>\n<meta property=\"og:locale\" content=\"pt_PT\" \/>\n<meta property=\"og:type\" content=\"article\" \/>\n<meta property=\"og:title\" content=\"Pega Redonda de suspens\u00e3o Acess\u00f3rios para Garrafas - HODS\" \/>\n<meta property=\"og:description\" content=\"A Pega Redonda de suspens\u00e3o \u00e9 feita de Polipropileno (PP) dando uma alta resist\u00eancia e leveza ao produto. Ajuda a carregar garrafas.\" \/>\n<meta property=\"og:url\" content=\"https:\/\/www.hods.eu\/pt-pt\/productos\/pega-redonda-de-suspensao\/\" \/>\n<meta property=\"og:site_name\" content=\"HODS\" \/>\n<meta property=\"article:modified_time\" content=\"2022-01-19T11:04:05+00:00\" \/>\n<meta property=\"og:image\" content=\"https:\/\/www.hods.eu\/wp-content\/uploads\/asacircular_hods_web_01.jpg\" \/>\n\t<meta property=\"og:image:width\" content=\"768\" \/>\n\t<meta property=\"og:image:height\" content=\"1024\" \/>\n\t<meta property=\"og:image:type\" content=\"image\/jpeg\" \/>\n<meta name=\"twitter:card\" content=\"summary_large_image\" \/>\n<meta name=\"twitter:label1\" content=\"Tempo estimado de leitura\" \/>\n\t<meta name=\"twitter:data1\" content=\"1 minuto\" \/>\n<script type=\"application\/ld+json\" class=\"yoast-schema-graph\">{\"@context\":\"https:\\\/\\\/schema.org\",\"@graph\":[{\"@type\":\"WebPage\",\"@id\":\"https:\\\/\\\/www.hods.eu\\\/pt-pt\\\/productos\\\/pega-redonda-de-suspensao\\\/\",\"url\":\"https:\\\/\\\/www.hods.eu\\\/pt-pt\\\/productos\\\/pega-redonda-de-suspensao\\\/\",\"name\":\"Pega Redonda de suspens\u00e3o Acess\u00f3rios para Garrafas - HODS\",\"isPartOf\":{\"@id\":\"https:\\\/\\\/www.hods.eu\\\/pt-pt\\\/#website\"},\"primaryImageOfPage\":{\"@id\":\"https:\\\/\\\/www.hods.eu\\\/pt-pt\\\/productos\\\/pega-redonda-de-suspensao\\\/#primaryimage\"},\"image\":{\"@id\":\"https:\\\/\\\/www.hods.eu\\\/pt-pt\\\/productos\\\/pega-redonda-de-suspensao\\\/#primaryimage\"},\"thumbnailUrl\":\"https:\\\/\\\/www.hods.eu\\\/wp-content\\\/uploads\\\/asacircular_hods_web_01.jpg\",\"datePublished\":\"2019-10-10T13:16:40+00:00\",\"dateModified\":\"2022-01-19T11:04:05+00:00\",\"description\":\"A Pega Redonda de suspens\u00e3o \u00e9 feita de Polipropileno (PP) dando uma alta resist\u00eancia e leveza ao produto. Ajuda a carregar garrafas.\",\"breadcrumb\":{\"@id\":\"https:\\\/\\\/www.hods.eu\\\/pt-pt\\\/productos\\\/pega-redonda-de-suspensao\\\/#breadcrumb\"},\"inLanguage\":\"pt-PT\",\"potentialAction\":[{\"@type\":\"ReadAction\",\"target\":[\"https:\\\/\\\/www.hods.eu\\\/pt-pt\\\/productos\\\/pega-redonda-de-suspensao\\\/\"]}]},{\"@type\":\"ImageObject\",\"inLanguage\":\"pt-PT\",\"@id\":\"https:\\\/\\\/www.hods.eu\\\/pt-pt\\\/productos\\\/pega-redonda-de-suspensao\\\/#primaryimage\",\"url\":\"https:\\\/\\\/www.hods.eu\\\/wp-content\\\/uploads\\\/asacircular_hods_web_01.jpg\",\"contentUrl\":\"https:\\\/\\\/www.hods.eu\\\/wp-content\\\/uploads\\\/asacircular_hods_web_01.jpg\",\"width\":768,\"height\":1024,\"caption\":\"Pega circular para transportar garrafas ou garraf\u00f5es de \u00e1gua com um gargalo de 55 mil\u00edmetros.\"},{\"@type\":\"BreadcrumbList\",\"@id\":\"https:\\\/\\\/www.hods.eu\\\/pt-pt\\\/productos\\\/pega-redonda-de-suspensao\\\/#breadcrumb\",\"itemListElement\":[{\"@type\":\"ListItem\",\"position\":1,\"name\":\"Portada\",\"item\":\"https:\\\/\\\/www.hods.eu\\\/pt-pt\\\/\"},{\"@type\":\"ListItem\",\"position\":2,\"name\":\"Tienda\",\"item\":\"https:\\\/\\\/www.hods.eu\\\/tienda\\\/\"},{\"@type\":\"ListItem\",\"position\":3,\"name\":\"Pega Redonda de suspens\u00e3o\"}]},{\"@type\":\"WebSite\",\"@id\":\"https:\\\/\\\/www.hods.eu\\\/pt-pt\\\/#website\",\"url\":\"https:\\\/\\\/www.hods.eu\\\/pt-pt\\\/\",\"name\":\"HODS\",\"description\":\"water? drink with us\",\"publisher\":{\"@id\":\"https:\\\/\\\/www.hods.eu\\\/pt-pt\\\/#organization\"},\"potentialAction\":[{\"@type\":\"SearchAction\",\"target\":{\"@type\":\"EntryPoint\",\"urlTemplate\":\"https:\\\/\\\/www.hods.eu\\\/pt-pt\\\/?s={search_term_string}\"},\"query-input\":{\"@type\":\"PropertyValueSpecification\",\"valueRequired\":true,\"valueName\":\"search_term_string\"}}],\"inLanguage\":\"pt-PT\"},{\"@type\":\"Organization\",\"@id\":\"https:\\\/\\\/www.hods.eu\\\/pt-pt\\\/#organization\",\"name\":\"HODS\",\"url\":\"https:\\\/\\\/www.hods.eu\\\/pt-pt\\\/\",\"logo\":{\"@type\":\"ImageObject\",\"inLanguage\":\"pt-PT\",\"@id\":\"https:\\\/\\\/www.hods.eu\\\/pt-pt\\\/#\\\/schema\\\/logo\\\/image\\\/\",\"url\":\"https:\\\/\\\/www.hods.eu\\\/wp-content\\\/uploads\\\/hods-completo-blanco2.jpg\",\"contentUrl\":\"https:\\\/\\\/www.hods.eu\\\/wp-content\\\/uploads\\\/hods-completo-blanco2.jpg\",\"width\":500,\"height\":179,\"caption\":\"HODS\"},\"image\":{\"@id\":\"https:\\\/\\\/www.hods.eu\\\/pt-pt\\\/#\\\/schema\\\/logo\\\/image\\\/\"}}]}<\/script>\n<!-- \/ Yoast SEO plugin. -->","yoast_head_json":{"title":"Pega Redonda de suspens\u00e3o Acess\u00f3rios para Garrafas - HODS","description":"A Pega Redonda de suspens\u00e3o \u00e9 feita de Polipropileno (PP) dando uma alta resist\u00eancia e leveza ao produto. Ajuda a carregar garrafas.","robots":{"index":"index","follow":"follow","max-snippet":"max-snippet:-1","max-image-preview":"max-image-preview:large","max-video-preview":"max-video-preview:-1"},"canonical":"https:\/\/www.hods.eu\/pt-pt\/productos\/pega-redonda-de-suspensao\/","og_locale":"pt_PT","og_type":"article","og_title":"Pega Redonda de suspens\u00e3o Acess\u00f3rios para Garrafas - HODS","og_description":"A Pega Redonda de suspens\u00e3o \u00e9 feita de Polipropileno (PP) dando uma alta resist\u00eancia e leveza ao produto. Ajuda a carregar garrafas.","og_url":"https:\/\/www.hods.eu\/pt-pt\/productos\/pega-redonda-de-suspensao\/","og_site_name":"HODS","article_modified_time":"2022-01-19T11:04:05+00:00","og_image":[{"width":768,"height":1024,"url":"https:\/\/www.hods.eu\/wp-content\/uploads\/asacircular_hods_web_01.jpg","type":"image\/jpeg"}],"twitter_card":"summary_large_image","twitter_misc":{"Tempo estimado de leitura":"1 minuto"},"schema":{"@context":"https:\/\/schema.org","@graph":[{"@type":"WebPage","@id":"https:\/\/www.hods.eu\/pt-pt\/productos\/pega-redonda-de-suspensao\/","url":"https:\/\/www.hods.eu\/pt-pt\/productos\/pega-redonda-de-suspensao\/","name":"Pega Redonda de suspens\u00e3o Acess\u00f3rios para Garrafas - HODS","isPartOf":{"@id":"https:\/\/www.hods.eu\/pt-pt\/#website"},"primaryImageOfPage":{"@id":"https:\/\/www.hods.eu\/pt-pt\/productos\/pega-redonda-de-suspensao\/#primaryimage"},"image":{"@id":"https:\/\/www.hods.eu\/pt-pt\/productos\/pega-redonda-de-suspensao\/#primaryimage"},"thumbnailUrl":"https:\/\/www.hods.eu\/wp-content\/uploads\/asacircular_hods_web_01.jpg","datePublished":"2019-10-10T13:16:40+00:00","dateModified":"2022-01-19T11:04:05+00:00","description":"A Pega Redonda de suspens\u00e3o \u00e9 feita de Polipropileno (PP) dando uma alta resist\u00eancia e leveza ao produto. Ajuda a carregar garrafas.","breadcrumb":{"@id":"https:\/\/www.hods.eu\/pt-pt\/productos\/pega-redonda-de-suspensao\/#breadcrumb"},"inLanguage":"pt-PT","potentialAction":[{"@type":"ReadAction","target":["https:\/\/www.hods.eu\/pt-pt\/productos\/pega-redonda-de-suspensao\/"]}]},{"@type":"ImageObject","inLanguage":"pt-PT","@id":"https:\/\/www.hods.eu\/pt-pt\/productos\/pega-redonda-de-suspensao\/#primaryimage","url":"https:\/\/www.hods.eu\/wp-content\/uploads\/asacircular_hods_web_01.jpg","contentUrl":"https:\/\/www.hods.eu\/wp-content\/uploads\/asacircular_hods_web_01.jpg","width":768,"height":1024,"caption":"Pega circular para transportar garrafas ou garraf\u00f5es de \u00e1gua com um gargalo de 55 mil\u00edmetros."},{"@type":"BreadcrumbList","@id":"https:\/\/www.hods.eu\/pt-pt\/productos\/pega-redonda-de-suspensao\/#breadcrumb","itemListElement":[{"@type":"ListItem","position":1,"name":"Portada","item":"https:\/\/www.hods.eu\/pt-pt\/"},{"@type":"ListItem","position":2,"name":"Tienda","item":"https:\/\/www.hods.eu\/tienda\/"},{"@type":"ListItem","position":3,"name":"Pega Redonda de suspens\u00e3o"}]},{"@type":"WebSite","@id":"https:\/\/www.hods.eu\/pt-pt\/#website","url":"https:\/\/www.hods.eu\/pt-pt\/","name":"HODS","description":"water? drink with us","publisher":{"@id":"https:\/\/www.hods.eu\/pt-pt\/#organization"},"potentialAction":[{"@type":"SearchAction","target":{"@type":"EntryPoint","urlTemplate":"https:\/\/www.hods.eu\/pt-pt\/?s={search_term_string}"},"query-input":{"@type":"PropertyValueSpecification","valueRequired":true,"valueName":"search_term_string"}}],"inLanguage":"pt-PT"},{"@type":"Organization","@id":"https:\/\/www.hods.eu\/pt-pt\/#organization","name":"HODS","url":"https:\/\/www.hods.eu\/pt-pt\/","logo":{"@type":"ImageObject","inLanguage":"pt-PT","@id":"https:\/\/www.hods.eu\/pt-pt\/#\/schema\/logo\/image\/","url":"https:\/\/www.hods.eu\/wp-content\/uploads\/hods-completo-blanco2.jpg","contentUrl":"https:\/\/www.hods.eu\/wp-content\/uploads\/hods-completo-blanco2.jpg","width":500,"height":179,"caption":"HODS"},"image":{"@id":"https:\/\/www.hods.eu\/pt-pt\/#\/schema\/logo\/image\/"}}]}},"_links":{"self":[{"href":"https:\/\/www.hods.eu\/pt-pt\/wp-json\/wp\/v2\/product\/19065","targetHints":{"allow":["GET"]}}],"collection":[{"href":"https:\/\/www.hods.eu\/pt-pt\/wp-json\/wp\/v2\/product"}],"about":[{"href":"https:\/\/www.hods.eu\/pt-pt\/wp-json\/wp\/v2\/types\/product"}],"wp:featuredmedia":[{"embeddable":true,"href":"https:\/\/www.hods.eu\/pt-pt\/wp-json\/wp\/v2\/media\/25717"}],"wp:attachment":[{"href":"https:\/\/www.hods.eu\/pt-pt\/wp-json\/wp\/v2\/media?parent=19065"}],"wp:term":[{"taxonomy":"product_brand","embeddable":true,"href":"https:\/\/www.hods.eu\/pt-pt\/wp-json\/wp\/v2\/product_brand?post=19065"},{"taxonomy":"product_cat","embeddable":true,"href":"https:\/\/www.hods.eu\/pt-pt\/wp-json\/wp\/v2\/product_cat?post=19065"},{"taxonomy":"product_tag","embeddable":true,"href":"https:\/\/www.hods.eu\/pt-pt\/wp-json\/wp\/v2\/product_tag?post=19065"}],"curies":[{"name":"wp","href":"https:\/\/api.w.org\/{rel}","templated":true}]}}