{"id":19064,"date":"2019-10-10T14:27:36","date_gmt":"2019-10-10T13:27:36","guid":{"rendered":"https:\/\/www.hods.eu\/producto\/pega-quadrada-de-suspensao\/"},"modified":"2020-02-17T11:34:55","modified_gmt":"2020-02-17T10:34:55","slug":"pega-quadrada-de-suspensao","status":"publish","type":"product","link":"https:\/\/www.hods.eu\/pt-pt\/productos\/pega-quadrada-de-suspensao\/","title":{"rendered":"Pega Quadrada de suspens\u00e3o"},"content":{"rendered":"<h3 style=\"text-align: justify; color: #6d6d6d;\">Pega Quadrada de suspens\u00e3o. \u00c9 feito de pl\u00e1stico ABS dando uma alta resist\u00eancia e leveza ao produto.<\/h3>\n<p style=\"text-align: justify; color: #6d6d6d;\">A pega quadrada de suspens\u00e3o, ao contr\u00e1rio da pega circular, permite uma pega mais compacta na garrafa, uma vez que a pega circular n\u00e3o cabe no gargalo da garrafa e esta pega cabe. Isto facilita a mudan\u00e7a cont\u00ednua da garrafa.<\/p>\n<p style=\"text-align: justify; color: #6d6d6d;\">A pega quadrada pendurada \u00e9 uma grande <strong>ajuda na movimenta\u00e7\u00e3o de garrafas<\/strong>. Por este motivo, facilita o esfor\u00e7o e evita poss\u00edveis les\u00f5es cervicais ou nas costas do trabalhador devido a movimentos repetitivos.<\/p>\n<p style=\"text-align: justify; color: #6d6d6d;\">\u00c9 especialmente concebido para <strong><a href=\"https:\/\/www.hods.eu\/pt-pt\/producto\/garrafao-pet-18-9-litros\/\">garrafas<\/a> com <a href=\"https:\/\/www.hods.eu\/pt-pt\/producto\/tampa-5-galoes\/\">tampas de 5 gal\u00f5es<\/a><\/strong>. Ou seja, cujo pesco\u00e7o mede 55 mil\u00edmetros. Este tipo de garrafas de grande formato, uma vez cheias de \u00e1gua, t\u00eam um grande peso. Com o cabo pendurado, \u00e9 poss\u00edvel transportar as garrafas de uma forma muito mais confort\u00e1vel.<\/p>\n<p style=\"text-align: justify; color: #6d6d6d;\">Existem diferentes tipos de cabos para pendurar, mas com a mesma fun\u00e7\u00e3o, para <strong>facilitar o trabalho<\/strong> dos operadores encarregados de servir ou armazenar as garrafas de \u00e1gua.<\/p>\n<p style=\"text-align: justify; color: #6d6d6d;\">O cabo pendurado \u00e9 especialmente compat\u00edvel com a <a href=\"https:\/\/www.hods.eu\/pt-pt\/producto\/garrafao-pet-12-litros\/\"><strong>garrafa PET de 12 litros<\/strong><\/a>. Como esta garrafa n\u00e3o tem uma pega inserida, a adi\u00e7\u00e3o de uma pega suspensa facilita o seu transporte.<\/p>\n<p style=\"text-align: justify; color: #6d6d6d;\">Tamb\u00e9m est\u00e1 dispon\u00edvel a <a href=\"https:\/\/www.hods.eu\/pt-pt\/producto\/pega-redonda-de-suspensao\/\">pega redonda de suspens\u00e3o<\/a>, com a mesma fun\u00e7\u00e3o de ajudar a transportar as garrafas.<\/p>\n","protected":false},"excerpt":{"rendered":"<p><img decoding=\"async\" src=\"https:\/\/www.hods.eu\/wp-content\/uploads\/botellon.png\" border=\"0\" \/><span style=\"color: #6d6d6d;\">Pega quadrada de suspens\u00e3o para garrafas.<\/span><\/p>\n<p><img decoding=\"async\" src=\"https:\/\/www.hods.eu\/wp-content\/uploads\/estabilidad.png\" border=\"0\" \/><span style=\"color: #6d6d6d;\">Feito de <strong>pl\u00e1stico ABS<\/strong>.<\/span><\/p>\n<p><img decoding=\"async\" src=\"https:\/\/www.hods.eu\/wp-content\/uploads\/golpes.png\" border=\"0\" \/><span style=\"color: #6d6d6d;\">Alta <strong>resist\u00eancia<\/strong> e <strong>leveza<\/strong>.<\/span><\/p>\n<p><img decoding=\"async\" src=\"https:\/\/www.hods.eu\/wp-content\/uploads\/facil.png\" border=\"0\" \/><span style=\"color: #6d6d6d;\"><strong>Melhor ader\u00eancia<\/strong> para facilitar o carregamento e reduzir o esfor\u00e7o.<\/span><\/p>\n","protected":false},"featured_media":25705,"template":"","meta":[],"product_brand":[],"product_cat":[84],"product_tag":[],"class_list":{"0":"post-19064","1":"product","2":"type-product","3":"status-publish","4":"has-post-thumbnail","6":"product_cat-acessorios","8":"first","9":"instock","10":"shipping-taxable","11":"product-type-simple"},"yoast_head":"<!-- This site is optimized with the Yoast SEO plugin v27.3 - https:\/\/yoast.com\/product\/yoast-seo-wordpress\/ -->\n<title>Pega Quadrada de suspens\u00e3o Acess\u00f3rio para garrafa - HODS<\/title>\n<meta name=\"description\" content=\"Pega Quadrada de suspens\u00e3o. \u00c9 feito de pl\u00e1stico ABS dando uma alta resist\u00eancia e leveza ao produto. Acess\u00f3rio para garrafa.\" \/>\n<meta name=\"robots\" content=\"index, follow, max-snippet:-1, max-image-preview:large, max-video-preview:-1\" \/>\n<link rel=\"canonical\" href=\"https:\/\/www.hods.eu\/pt-pt\/productos\/pega-quadrada-de-suspensao\/\" \/>\n<meta property=\"og:locale\" content=\"pt_PT\" \/>\n<meta property=\"og:type\" content=\"article\" \/>\n<meta property=\"og:title\" content=\"Pega Quadrada de suspens\u00e3o Acess\u00f3rio para garrafa - HODS\" \/>\n<meta property=\"og:description\" content=\"Pega Quadrada de suspens\u00e3o. \u00c9 feito de pl\u00e1stico ABS dando uma alta resist\u00eancia e leveza ao produto. Acess\u00f3rio para garrafa.\" \/>\n<meta property=\"og:url\" content=\"https:\/\/www.hods.eu\/pt-pt\/productos\/pega-quadrada-de-suspensao\/\" \/>\n<meta property=\"og:site_name\" content=\"HODS\" \/>\n<meta property=\"article:modified_time\" content=\"2020-02-17T10:34:55+00:00\" \/>\n<meta property=\"og:image\" content=\"https:\/\/www.hods.eu\/wp-content\/uploads\/asacuadrada_hods_web_01.jpg\" \/>\n\t<meta property=\"og:image:width\" content=\"768\" \/>\n\t<meta property=\"og:image:height\" content=\"1024\" \/>\n\t<meta property=\"og:image:type\" content=\"image\/jpeg\" \/>\n<meta name=\"twitter:card\" content=\"summary_large_image\" \/>\n<meta name=\"twitter:label1\" content=\"Tempo estimado de leitura\" \/>\n\t<meta name=\"twitter:data1\" content=\"1 minuto\" \/>\n<script type=\"application\/ld+json\" class=\"yoast-schema-graph\">{\"@context\":\"https:\\\/\\\/schema.org\",\"@graph\":[{\"@type\":\"WebPage\",\"@id\":\"https:\\\/\\\/www.hods.eu\\\/pt-pt\\\/productos\\\/pega-quadrada-de-suspensao\\\/\",\"url\":\"https:\\\/\\\/www.hods.eu\\\/pt-pt\\\/productos\\\/pega-quadrada-de-suspensao\\\/\",\"name\":\"Pega Quadrada de suspens\u00e3o Acess\u00f3rio para garrafa - HODS\",\"isPartOf\":{\"@id\":\"https:\\\/\\\/www.hods.eu\\\/pt-pt\\\/#website\"},\"primaryImageOfPage\":{\"@id\":\"https:\\\/\\\/www.hods.eu\\\/pt-pt\\\/productos\\\/pega-quadrada-de-suspensao\\\/#primaryimage\"},\"image\":{\"@id\":\"https:\\\/\\\/www.hods.eu\\\/pt-pt\\\/productos\\\/pega-quadrada-de-suspensao\\\/#primaryimage\"},\"thumbnailUrl\":\"https:\\\/\\\/www.hods.eu\\\/wp-content\\\/uploads\\\/asacuadrada_hods_web_01.jpg\",\"datePublished\":\"2019-10-10T13:27:36+00:00\",\"dateModified\":\"2020-02-17T10:34:55+00:00\",\"description\":\"Pega Quadrada de suspens\u00e3o. \u00c9 feito de pl\u00e1stico ABS dando uma alta resist\u00eancia e leveza ao produto. Acess\u00f3rio para garrafa.\",\"breadcrumb\":{\"@id\":\"https:\\\/\\\/www.hods.eu\\\/pt-pt\\\/productos\\\/pega-quadrada-de-suspensao\\\/#breadcrumb\"},\"inLanguage\":\"pt-PT\",\"potentialAction\":[{\"@type\":\"ReadAction\",\"target\":[\"https:\\\/\\\/www.hods.eu\\\/pt-pt\\\/productos\\\/pega-quadrada-de-suspensao\\\/\"]}]},{\"@type\":\"ImageObject\",\"inLanguage\":\"pt-PT\",\"@id\":\"https:\\\/\\\/www.hods.eu\\\/pt-pt\\\/productos\\\/pega-quadrada-de-suspensao\\\/#primaryimage\",\"url\":\"https:\\\/\\\/www.hods.eu\\\/wp-content\\\/uploads\\\/asacuadrada_hods_web_01.jpg\",\"contentUrl\":\"https:\\\/\\\/www.hods.eu\\\/wp-content\\\/uploads\\\/asacuadrada_hods_web_01.jpg\",\"width\":768,\"height\":1024,\"caption\":\"Pega quadrada suspensa para transportar garrafas ou garraf\u00f5es com gargalo de 55 mil\u00edmetros.\"},{\"@type\":\"BreadcrumbList\",\"@id\":\"https:\\\/\\\/www.hods.eu\\\/pt-pt\\\/productos\\\/pega-quadrada-de-suspensao\\\/#breadcrumb\",\"itemListElement\":[{\"@type\":\"ListItem\",\"position\":1,\"name\":\"Portada\",\"item\":\"https:\\\/\\\/www.hods.eu\\\/pt-pt\\\/\"},{\"@type\":\"ListItem\",\"position\":2,\"name\":\"Tienda\",\"item\":\"https:\\\/\\\/www.hods.eu\\\/tienda\\\/\"},{\"@type\":\"ListItem\",\"position\":3,\"name\":\"Pega Quadrada de suspens\u00e3o\"}]},{\"@type\":\"WebSite\",\"@id\":\"https:\\\/\\\/www.hods.eu\\\/pt-pt\\\/#website\",\"url\":\"https:\\\/\\\/www.hods.eu\\\/pt-pt\\\/\",\"name\":\"HODS\",\"description\":\"water? drink with us\",\"publisher\":{\"@id\":\"https:\\\/\\\/www.hods.eu\\\/pt-pt\\\/#organization\"},\"potentialAction\":[{\"@type\":\"SearchAction\",\"target\":{\"@type\":\"EntryPoint\",\"urlTemplate\":\"https:\\\/\\\/www.hods.eu\\\/pt-pt\\\/?s={search_term_string}\"},\"query-input\":{\"@type\":\"PropertyValueSpecification\",\"valueRequired\":true,\"valueName\":\"search_term_string\"}}],\"inLanguage\":\"pt-PT\"},{\"@type\":\"Organization\",\"@id\":\"https:\\\/\\\/www.hods.eu\\\/pt-pt\\\/#organization\",\"name\":\"HODS\",\"url\":\"https:\\\/\\\/www.hods.eu\\\/pt-pt\\\/\",\"logo\":{\"@type\":\"ImageObject\",\"inLanguage\":\"pt-PT\",\"@id\":\"https:\\\/\\\/www.hods.eu\\\/pt-pt\\\/#\\\/schema\\\/logo\\\/image\\\/\",\"url\":\"https:\\\/\\\/www.hods.eu\\\/wp-content\\\/uploads\\\/hods-completo-blanco2.jpg\",\"contentUrl\":\"https:\\\/\\\/www.hods.eu\\\/wp-content\\\/uploads\\\/hods-completo-blanco2.jpg\",\"width\":500,\"height\":179,\"caption\":\"HODS\"},\"image\":{\"@id\":\"https:\\\/\\\/www.hods.eu\\\/pt-pt\\\/#\\\/schema\\\/logo\\\/image\\\/\"}}]}<\/script>\n<!-- \/ Yoast SEO plugin. -->","yoast_head_json":{"title":"Pega Quadrada de suspens\u00e3o Acess\u00f3rio para garrafa - HODS","description":"Pega Quadrada de suspens\u00e3o. \u00c9 feito de pl\u00e1stico ABS dando uma alta resist\u00eancia e leveza ao produto. Acess\u00f3rio para garrafa.","robots":{"index":"index","follow":"follow","max-snippet":"max-snippet:-1","max-image-preview":"max-image-preview:large","max-video-preview":"max-video-preview:-1"},"canonical":"https:\/\/www.hods.eu\/pt-pt\/productos\/pega-quadrada-de-suspensao\/","og_locale":"pt_PT","og_type":"article","og_title":"Pega Quadrada de suspens\u00e3o Acess\u00f3rio para garrafa - HODS","og_description":"Pega Quadrada de suspens\u00e3o. \u00c9 feito de pl\u00e1stico ABS dando uma alta resist\u00eancia e leveza ao produto. Acess\u00f3rio para garrafa.","og_url":"https:\/\/www.hods.eu\/pt-pt\/productos\/pega-quadrada-de-suspensao\/","og_site_name":"HODS","article_modified_time":"2020-02-17T10:34:55+00:00","og_image":[{"width":768,"height":1024,"url":"https:\/\/www.hods.eu\/wp-content\/uploads\/asacuadrada_hods_web_01.jpg","type":"image\/jpeg"}],"twitter_card":"summary_large_image","twitter_misc":{"Tempo estimado de leitura":"1 minuto"},"schema":{"@context":"https:\/\/schema.org","@graph":[{"@type":"WebPage","@id":"https:\/\/www.hods.eu\/pt-pt\/productos\/pega-quadrada-de-suspensao\/","url":"https:\/\/www.hods.eu\/pt-pt\/productos\/pega-quadrada-de-suspensao\/","name":"Pega Quadrada de suspens\u00e3o Acess\u00f3rio para garrafa - HODS","isPartOf":{"@id":"https:\/\/www.hods.eu\/pt-pt\/#website"},"primaryImageOfPage":{"@id":"https:\/\/www.hods.eu\/pt-pt\/productos\/pega-quadrada-de-suspensao\/#primaryimage"},"image":{"@id":"https:\/\/www.hods.eu\/pt-pt\/productos\/pega-quadrada-de-suspensao\/#primaryimage"},"thumbnailUrl":"https:\/\/www.hods.eu\/wp-content\/uploads\/asacuadrada_hods_web_01.jpg","datePublished":"2019-10-10T13:27:36+00:00","dateModified":"2020-02-17T10:34:55+00:00","description":"Pega Quadrada de suspens\u00e3o. \u00c9 feito de pl\u00e1stico ABS dando uma alta resist\u00eancia e leveza ao produto. Acess\u00f3rio para garrafa.","breadcrumb":{"@id":"https:\/\/www.hods.eu\/pt-pt\/productos\/pega-quadrada-de-suspensao\/#breadcrumb"},"inLanguage":"pt-PT","potentialAction":[{"@type":"ReadAction","target":["https:\/\/www.hods.eu\/pt-pt\/productos\/pega-quadrada-de-suspensao\/"]}]},{"@type":"ImageObject","inLanguage":"pt-PT","@id":"https:\/\/www.hods.eu\/pt-pt\/productos\/pega-quadrada-de-suspensao\/#primaryimage","url":"https:\/\/www.hods.eu\/wp-content\/uploads\/asacuadrada_hods_web_01.jpg","contentUrl":"https:\/\/www.hods.eu\/wp-content\/uploads\/asacuadrada_hods_web_01.jpg","width":768,"height":1024,"caption":"Pega quadrada suspensa para transportar garrafas ou garraf\u00f5es com gargalo de 55 mil\u00edmetros."},{"@type":"BreadcrumbList","@id":"https:\/\/www.hods.eu\/pt-pt\/productos\/pega-quadrada-de-suspensao\/#breadcrumb","itemListElement":[{"@type":"ListItem","position":1,"name":"Portada","item":"https:\/\/www.hods.eu\/pt-pt\/"},{"@type":"ListItem","position":2,"name":"Tienda","item":"https:\/\/www.hods.eu\/tienda\/"},{"@type":"ListItem","position":3,"name":"Pega Quadrada de suspens\u00e3o"}]},{"@type":"WebSite","@id":"https:\/\/www.hods.eu\/pt-pt\/#website","url":"https:\/\/www.hods.eu\/pt-pt\/","name":"HODS","description":"water? drink with us","publisher":{"@id":"https:\/\/www.hods.eu\/pt-pt\/#organization"},"potentialAction":[{"@type":"SearchAction","target":{"@type":"EntryPoint","urlTemplate":"https:\/\/www.hods.eu\/pt-pt\/?s={search_term_string}"},"query-input":{"@type":"PropertyValueSpecification","valueRequired":true,"valueName":"search_term_string"}}],"inLanguage":"pt-PT"},{"@type":"Organization","@id":"https:\/\/www.hods.eu\/pt-pt\/#organization","name":"HODS","url":"https:\/\/www.hods.eu\/pt-pt\/","logo":{"@type":"ImageObject","inLanguage":"pt-PT","@id":"https:\/\/www.hods.eu\/pt-pt\/#\/schema\/logo\/image\/","url":"https:\/\/www.hods.eu\/wp-content\/uploads\/hods-completo-blanco2.jpg","contentUrl":"https:\/\/www.hods.eu\/wp-content\/uploads\/hods-completo-blanco2.jpg","width":500,"height":179,"caption":"HODS"},"image":{"@id":"https:\/\/www.hods.eu\/pt-pt\/#\/schema\/logo\/image\/"}}]}},"_links":{"self":[{"href":"https:\/\/www.hods.eu\/pt-pt\/wp-json\/wp\/v2\/product\/19064","targetHints":{"allow":["GET"]}}],"collection":[{"href":"https:\/\/www.hods.eu\/pt-pt\/wp-json\/wp\/v2\/product"}],"about":[{"href":"https:\/\/www.hods.eu\/pt-pt\/wp-json\/wp\/v2\/types\/product"}],"wp:featuredmedia":[{"embeddable":true,"href":"https:\/\/www.hods.eu\/pt-pt\/wp-json\/wp\/v2\/media\/25705"}],"wp:attachment":[{"href":"https:\/\/www.hods.eu\/pt-pt\/wp-json\/wp\/v2\/media?parent=19064"}],"wp:term":[{"taxonomy":"product_brand","embeddable":true,"href":"https:\/\/www.hods.eu\/pt-pt\/wp-json\/wp\/v2\/product_brand?post=19064"},{"taxonomy":"product_cat","embeddable":true,"href":"https:\/\/www.hods.eu\/pt-pt\/wp-json\/wp\/v2\/product_cat?post=19064"},{"taxonomy":"product_tag","embeddable":true,"href":"https:\/\/www.hods.eu\/pt-pt\/wp-json\/wp\/v2\/product_tag?post=19064"}],"curies":[{"name":"wp","href":"https:\/\/api.w.org\/{rel}","templated":true}]}}