{"id":19057,"date":"2019-10-15T13:21:35","date_gmt":"2019-10-15T12:21:35","guid":{"rendered":"https:\/\/www.hods.eu\/producto\/elegance-preta-pou\/"},"modified":"2022-01-19T12:03:41","modified_gmt":"2022-01-19T11:03:41","slug":"elegance-pou-preta","status":"publish","type":"product","link":"https:\/\/www.hods.eu\/pt-pt\/productos\/elegance-pou-preta\/","title":{"rendered":"Elegance POU Preta"},"content":{"rendered":"<h3 style=\"text-align: justify; color: #6d6d6d;\">Distribuidor de filtra\u00e7\u00e3o de \u00e1gua quente e fria, Elegance POU Preta. Concebido na cor preta e nos lados met\u00e1licos com tratamento inox que evita a corros\u00e3o. \u00c9 fabricado com melhores componentes e com um novo compressor mais eficiente que aumenta a capacidade de refrigera\u00e7\u00e3o. Este novo compressor reduz o consumo de energia e \u00e9 muito mais silencioso.<\/h3>\n<p style=\"text-align: justify; color: #6d6d6d;\">O Elegance POU Preta cont\u00e9m uma <strong>v\u00e1lvula de corte<\/strong> que impede a entrada de \u00e1gua na fonte no caso de uma fuga. Como resultado, obtemos uma fonte de filtragem mais segura que evita o desperd\u00edcio desnecess\u00e1rio de \u00e1gua.<\/p>\n<p style=\"text-align: justify; color: #6d6d6d;\">Tamb\u00e9m incorpora uma <strong>torneira<\/strong> para facilitar a passagem de \u00e1gua para a m\u00e1quina. Para evitar fugas internas, cont\u00e9m uma b\u00f3ia que quando os tanques est\u00e3o cheios fecha a entrada de \u00e1gua da rede.<\/p>\n<p style=\"text-align: justify; color: #6d6d6d;\">Tamb\u00e9m inclui um <strong>colector de gotejamento<\/strong>, que capta a \u00e1gua quando o copo est\u00e1 a transbordar.<\/p>\n<p style=\"text-align: justify; color: #6d6d6d;\">O filtro de <strong>carv\u00e3o activado de 1 m\u00edcron<\/strong> proporciona uma distribui\u00e7\u00e3o de \u00e1gua segura e limpa.<\/p>\n<p style=\"text-align: justify; color: #6d6d6d;\">O regulador de temperatura permite ajust\u00e1-lo ao seu gosto, e o interruptor de \u00e1gua quente permite deslig\u00e1-lo, mudando para a op\u00e7\u00e3o de \u00e1gua temperada. A <strong>torneira de seguran\u00e7a<\/strong> de \u00e1gua quente evita queimaduras acidentais. Al\u00e9m disso, todos os tubos em contato com a \u00e1gua s\u00e3o feitos de <strong>A\u00c7O INOXID\u00c1VEL<\/strong> de alta qualidade, o que garante que n\u00e3o ocorra nenhuma migra\u00e7\u00e3o na \u00e1gua.<\/p>\n<p style=\"text-align: justify; color: #6d6d6d;\">A fonte Elegance POU tamb\u00e9m est\u00e1 dispon\u00edvel em <a href=\"https:\/\/www.hods.eu\/pt-pt\/producto\/elegance-pou-branca\/\">Branca<\/a>. H\u00e1 tamb\u00e9m uma vers\u00e3o em garrafa, a <a href=\"https:\/\/www.hods.eu\/pt-pt\/producto\/elegance-preta\/\">Elegance Preta<\/a>.<\/p>\n<table dir=\"ltr\" style=\"height: 400px;\" border=\"1\" summary=\"dimensiones y caracteristicas\" width=\"873\">\n<colgroup width=\"50%\"><\/colgroup>\n<colgroup id=\"colgroup\" class=\"colgroup\" title=\"title\" span=\"2\" width=\"1*\" align=\"center\" valign=\"middle\"><\/colgroup>\n<thead>\n<tr>\n<th scope=\"col\">Dimens\u00f5es e peso<\/th>\n<th scope=\"col\"><b>Caracter\u00edsticas<\/b><\/th>\n<\/tr>\n<\/thead>\n<tfoot>\n<tr>\n<td><\/td>\n<td><b>Tens\u00e3o:<\/b> 220V &#8211; 240V \/ 50Hz &#8211; 60Hz<\/td>\n<\/tr>\n<\/tfoot>\n<tbody>\n<tr>\n<td><b>Peso:<\/b> 13,345 kg<\/td>\n<td><b>Capacidade de arrefecimento:<\/b> 3,5 litros\/hora<\/td>\n<\/tr>\n<tr>\n<td><b>Largura:<\/b> 27cm<\/td>\n<td><b>Capacidade para aquecer:<\/b> 5 litros\/hora<\/td>\n<\/tr>\n<tr>\n<td><b>Profundidade:<\/b> 31 cm<\/td>\n<td><b>Temperatura \u00e1gua fr\u00eda:<\/b> 5\u00baC &#8211; 10\u00baC<\/td>\n<\/tr>\n<tr>\n<td><b>Altura:<\/b> 96 cm<\/td>\n<td><b>Temperatura \u00e1gua quente:<\/b> 85\u00baC &#8211; 95\u00baC<\/td>\n<\/tr>\n<tr>\n<td><\/td>\n<td><b>Capacidade tanque fr\u00edo:<\/b> 2 litros<\/td>\n<\/tr>\n<tr>\n<td><\/td>\n<td><b>Capacidade tanque quente:<\/b> 2 litros<\/td>\n<\/tr>\n<tr>\n<td><\/td>\n<td><b>Pot\u00eancia de aquecimento e arrefecimento:<\/b> 85 W \/ 500 W<\/td>\n<\/tr>\n<tr>\n<td><\/td>\n<td><b>\u00cdndice de Consumo El\u00e9ctrico:<\/b> 56w \/ hora<\/td>\n<\/tr>\n<\/tbody>\n<\/table>\n","protected":false},"excerpt":{"rendered":"<p><img decoding=\"async\" src=\"https:\/\/www.hods.eu\/wp-content\/uploads\/friacaliente.png\" border=\"0\" \/><span style=\"color: #6d6d6d;\">Fonte de \u00e1gua quente e fria.<\/span><\/p>\n<p><img decoding=\"async\" src=\"https:\/\/www.hods.eu\/wp-content\/uploads\/estabilidad.png\" border=\"0\" \/><span style=\"color: #6d6d6d;\"><strong>V\u00e1lvula de intercep\u00e7\u00e3o<\/strong> que impede a entrada de \u00e1gua na rede em caso de fuga.<\/span><\/p>\n<p><img decoding=\"async\" src=\"https:\/\/www.hods.eu\/wp-content\/uploads\/eficiencia.png\" border=\"0\" \/><span style=\"color: #6d6d6d;\"><strong>Termostatos e compressores<\/strong> mais potentes. Eles prolongam a vida \u00fatil e s\u00e3o mais silenciosos.<\/span><\/p>\n<p><img decoding=\"async\" src=\"https:\/\/www.hods.eu\/wp-content\/uploads\/diseno.png\" border=\"0\" \/><span style=\"color: #6d6d6d;\">Design mais fino e elegante.<\/span><\/p>\n<p><img decoding=\"async\" src=\"https:\/\/www.hods.eu\/wp-content\/uploads\/filtracion.png\" border=\"0\" \/><span style=\"color: #6d6d6d;\">Fonte de filtra\u00e7\u00e3o com filtro de <strong>carv\u00e3o activo de 1 m\u00edcron<\/strong>.<\/span><\/p>\n<p><img decoding=\"async\" src=\"https:\/\/www.hods.eu\/wp-content\/uploads\/inox.png\" border=\"0\" \/><span style=\"color: #6d6d6d;\">Tubos interiores de a\u00e7o inoxid\u00e1vel.<\/span><\/p>\n<p>&nbsp;<\/p>\n<p>&nbsp;<\/p>\n<p><span style=\"color: #6d6d6d;\"><strong>Comprar na loja online <a href=\"https:\/\/watcool.com\/pt\/fontes-de-agua\/23-elegance-preta-pou.html\" target=\"_blank\" rel=\"noopener\"><img loading=\"lazy\" decoding=\"async\" class=\"alignnone wp-image-30290\" title=\"watcool\" src=\"https:\/\/www.hods.eu\/wp-content\/uploads\/web.jpg\" alt=\"watcool\" width=\"90\" height=\"18\" srcset=\"https:\/\/www.hods.eu\/wp-content\/uploads\/web.jpg 200w, https:\/\/www.hods.eu\/wp-content\/uploads\/web-150x30.jpg 150w\" sizes=\"auto, (max-width: 90px) 100vw, 90px\" \/><\/a><\/strong> <\/span><\/p>\n","protected":false},"featured_media":25657,"template":"","meta":[],"product_brand":[],"product_cat":[88],"product_tag":[],"class_list":{"0":"post-19057","1":"product","2":"type-product","3":"status-publish","4":"has-post-thumbnail","6":"product_cat-fontes-filtracao","8":"first","9":"instock","10":"featured","11":"shipping-taxable","12":"product-type-simple"},"yoast_head":"<!-- This site is optimized with the Yoast SEO plugin v27.3 - https:\/\/yoast.com\/product\/yoast-seo-wordpress\/ -->\n<title>Elegance POU Preta Distribuidor de \u00e1gua de filtra\u00e7\u00e3o - HODS<\/title>\n<meta name=\"description\" content=\"Elegance POU Preta. Fonte de filtra\u00e7\u00e3o. Desenhada em preto e metal com tratamento em a\u00e7o inoxid\u00e1vel que evita a corros\u00e3o.\" \/>\n<meta name=\"robots\" content=\"index, follow, max-snippet:-1, max-image-preview:large, max-video-preview:-1\" \/>\n<link rel=\"canonical\" href=\"https:\/\/www.hods.eu\/pt-pt\/productos\/elegance-pou-preta\/\" \/>\n<meta property=\"og:locale\" content=\"pt_PT\" \/>\n<meta property=\"og:type\" content=\"article\" \/>\n<meta property=\"og:title\" content=\"Elegance POU Preta Distribuidor de \u00e1gua de filtra\u00e7\u00e3o - HODS\" \/>\n<meta property=\"og:description\" content=\"Elegance POU Preta. Fonte de filtra\u00e7\u00e3o. Desenhada em preto e metal com tratamento em a\u00e7o inoxid\u00e1vel que evita a corros\u00e3o.\" \/>\n<meta property=\"og:url\" content=\"https:\/\/www.hods.eu\/pt-pt\/productos\/elegance-pou-preta\/\" \/>\n<meta property=\"og:site_name\" content=\"HODS\" \/>\n<meta property=\"article:modified_time\" content=\"2022-01-19T11:03:41+00:00\" \/>\n<meta property=\"og:image\" content=\"https:\/\/www.hods.eu\/wp-content\/uploads\/elegancenegra_pou_hods_web_01.jpg\" \/>\n\t<meta property=\"og:image:width\" content=\"768\" \/>\n\t<meta property=\"og:image:height\" content=\"1024\" \/>\n\t<meta property=\"og:image:type\" content=\"image\/jpeg\" \/>\n<meta name=\"twitter:card\" content=\"summary_large_image\" \/>\n<meta name=\"twitter:label1\" content=\"Tempo estimado de leitura\" \/>\n\t<meta name=\"twitter:data1\" content=\"2 minutos\" \/>\n<script type=\"application\/ld+json\" class=\"yoast-schema-graph\">{\"@context\":\"https:\\\/\\\/schema.org\",\"@graph\":[{\"@type\":\"WebPage\",\"@id\":\"https:\\\/\\\/www.hods.eu\\\/pt-pt\\\/productos\\\/elegance-pou-preta\\\/\",\"url\":\"https:\\\/\\\/www.hods.eu\\\/pt-pt\\\/productos\\\/elegance-pou-preta\\\/\",\"name\":\"Elegance POU Preta Distribuidor de \u00e1gua de filtra\u00e7\u00e3o - HODS\",\"isPartOf\":{\"@id\":\"https:\\\/\\\/www.hods.eu\\\/pt-pt\\\/#website\"},\"primaryImageOfPage\":{\"@id\":\"https:\\\/\\\/www.hods.eu\\\/pt-pt\\\/productos\\\/elegance-pou-preta\\\/#primaryimage\"},\"image\":{\"@id\":\"https:\\\/\\\/www.hods.eu\\\/pt-pt\\\/productos\\\/elegance-pou-preta\\\/#primaryimage\"},\"thumbnailUrl\":\"https:\\\/\\\/www.hods.eu\\\/wp-content\\\/uploads\\\/elegancenegra_pou_hods_web_01.jpg\",\"datePublished\":\"2019-10-15T12:21:35+00:00\",\"dateModified\":\"2022-01-19T11:03:41+00:00\",\"description\":\"Elegance POU Preta. Fonte de filtra\u00e7\u00e3o. Desenhada em preto e metal com tratamento em a\u00e7o inoxid\u00e1vel que evita a corros\u00e3o.\",\"breadcrumb\":{\"@id\":\"https:\\\/\\\/www.hods.eu\\\/pt-pt\\\/productos\\\/elegance-pou-preta\\\/#breadcrumb\"},\"inLanguage\":\"pt-PT\",\"potentialAction\":[{\"@type\":\"ReadAction\",\"target\":[\"https:\\\/\\\/www.hods.eu\\\/pt-pt\\\/productos\\\/elegance-pou-preta\\\/\"]}]},{\"@type\":\"ImageObject\",\"inLanguage\":\"pt-PT\",\"@id\":\"https:\\\/\\\/www.hods.eu\\\/pt-pt\\\/productos\\\/elegance-pou-preta\\\/#primaryimage\",\"url\":\"https:\\\/\\\/www.hods.eu\\\/wp-content\\\/uploads\\\/elegancenegra_pou_hods_web_01.jpg\",\"contentUrl\":\"https:\\\/\\\/www.hods.eu\\\/wp-content\\\/uploads\\\/elegancenegra_pou_hods_web_01.jpg\",\"width\":768,\"height\":1024,\"caption\":\"Distribuidor de \u00e1gua quente e fria por filtra\u00e7\u00e3o Elegance POU Preta. Conecta-se \u00e0 rede de \u00e1gua e cont\u00e9m filtro de carv\u00e3o activo.\"},{\"@type\":\"BreadcrumbList\",\"@id\":\"https:\\\/\\\/www.hods.eu\\\/pt-pt\\\/productos\\\/elegance-pou-preta\\\/#breadcrumb\",\"itemListElement\":[{\"@type\":\"ListItem\",\"position\":1,\"name\":\"Portada\",\"item\":\"https:\\\/\\\/www.hods.eu\\\/pt-pt\\\/\"},{\"@type\":\"ListItem\",\"position\":2,\"name\":\"Tienda\",\"item\":\"https:\\\/\\\/www.hods.eu\\\/tienda\\\/\"},{\"@type\":\"ListItem\",\"position\":3,\"name\":\"Elegance POU Preta\"}]},{\"@type\":\"WebSite\",\"@id\":\"https:\\\/\\\/www.hods.eu\\\/pt-pt\\\/#website\",\"url\":\"https:\\\/\\\/www.hods.eu\\\/pt-pt\\\/\",\"name\":\"HODS\",\"description\":\"water? drink with us\",\"publisher\":{\"@id\":\"https:\\\/\\\/www.hods.eu\\\/pt-pt\\\/#organization\"},\"potentialAction\":[{\"@type\":\"SearchAction\",\"target\":{\"@type\":\"EntryPoint\",\"urlTemplate\":\"https:\\\/\\\/www.hods.eu\\\/pt-pt\\\/?s={search_term_string}\"},\"query-input\":{\"@type\":\"PropertyValueSpecification\",\"valueRequired\":true,\"valueName\":\"search_term_string\"}}],\"inLanguage\":\"pt-PT\"},{\"@type\":\"Organization\",\"@id\":\"https:\\\/\\\/www.hods.eu\\\/pt-pt\\\/#organization\",\"name\":\"HODS\",\"url\":\"https:\\\/\\\/www.hods.eu\\\/pt-pt\\\/\",\"logo\":{\"@type\":\"ImageObject\",\"inLanguage\":\"pt-PT\",\"@id\":\"https:\\\/\\\/www.hods.eu\\\/pt-pt\\\/#\\\/schema\\\/logo\\\/image\\\/\",\"url\":\"https:\\\/\\\/www.hods.eu\\\/wp-content\\\/uploads\\\/hods-completo-blanco2.jpg\",\"contentUrl\":\"https:\\\/\\\/www.hods.eu\\\/wp-content\\\/uploads\\\/hods-completo-blanco2.jpg\",\"width\":500,\"height\":179,\"caption\":\"HODS\"},\"image\":{\"@id\":\"https:\\\/\\\/www.hods.eu\\\/pt-pt\\\/#\\\/schema\\\/logo\\\/image\\\/\"}}]}<\/script>\n<!-- \/ Yoast SEO plugin. -->","yoast_head_json":{"title":"Elegance POU Preta Distribuidor de \u00e1gua de filtra\u00e7\u00e3o - HODS","description":"Elegance POU Preta. Fonte de filtra\u00e7\u00e3o. Desenhada em preto e metal com tratamento em a\u00e7o inoxid\u00e1vel que evita a corros\u00e3o.","robots":{"index":"index","follow":"follow","max-snippet":"max-snippet:-1","max-image-preview":"max-image-preview:large","max-video-preview":"max-video-preview:-1"},"canonical":"https:\/\/www.hods.eu\/pt-pt\/productos\/elegance-pou-preta\/","og_locale":"pt_PT","og_type":"article","og_title":"Elegance POU Preta Distribuidor de \u00e1gua de filtra\u00e7\u00e3o - HODS","og_description":"Elegance POU Preta. Fonte de filtra\u00e7\u00e3o. Desenhada em preto e metal com tratamento em a\u00e7o inoxid\u00e1vel que evita a corros\u00e3o.","og_url":"https:\/\/www.hods.eu\/pt-pt\/productos\/elegance-pou-preta\/","og_site_name":"HODS","article_modified_time":"2022-01-19T11:03:41+00:00","og_image":[{"width":768,"height":1024,"url":"https:\/\/www.hods.eu\/wp-content\/uploads\/elegancenegra_pou_hods_web_01.jpg","type":"image\/jpeg"}],"twitter_card":"summary_large_image","twitter_misc":{"Tempo estimado de leitura":"2 minutos"},"schema":{"@context":"https:\/\/schema.org","@graph":[{"@type":"WebPage","@id":"https:\/\/www.hods.eu\/pt-pt\/productos\/elegance-pou-preta\/","url":"https:\/\/www.hods.eu\/pt-pt\/productos\/elegance-pou-preta\/","name":"Elegance POU Preta Distribuidor de \u00e1gua de filtra\u00e7\u00e3o - HODS","isPartOf":{"@id":"https:\/\/www.hods.eu\/pt-pt\/#website"},"primaryImageOfPage":{"@id":"https:\/\/www.hods.eu\/pt-pt\/productos\/elegance-pou-preta\/#primaryimage"},"image":{"@id":"https:\/\/www.hods.eu\/pt-pt\/productos\/elegance-pou-preta\/#primaryimage"},"thumbnailUrl":"https:\/\/www.hods.eu\/wp-content\/uploads\/elegancenegra_pou_hods_web_01.jpg","datePublished":"2019-10-15T12:21:35+00:00","dateModified":"2022-01-19T11:03:41+00:00","description":"Elegance POU Preta. Fonte de filtra\u00e7\u00e3o. Desenhada em preto e metal com tratamento em a\u00e7o inoxid\u00e1vel que evita a corros\u00e3o.","breadcrumb":{"@id":"https:\/\/www.hods.eu\/pt-pt\/productos\/elegance-pou-preta\/#breadcrumb"},"inLanguage":"pt-PT","potentialAction":[{"@type":"ReadAction","target":["https:\/\/www.hods.eu\/pt-pt\/productos\/elegance-pou-preta\/"]}]},{"@type":"ImageObject","inLanguage":"pt-PT","@id":"https:\/\/www.hods.eu\/pt-pt\/productos\/elegance-pou-preta\/#primaryimage","url":"https:\/\/www.hods.eu\/wp-content\/uploads\/elegancenegra_pou_hods_web_01.jpg","contentUrl":"https:\/\/www.hods.eu\/wp-content\/uploads\/elegancenegra_pou_hods_web_01.jpg","width":768,"height":1024,"caption":"Distribuidor de \u00e1gua quente e fria por filtra\u00e7\u00e3o Elegance POU Preta. Conecta-se \u00e0 rede de \u00e1gua e cont\u00e9m filtro de carv\u00e3o activo."},{"@type":"BreadcrumbList","@id":"https:\/\/www.hods.eu\/pt-pt\/productos\/elegance-pou-preta\/#breadcrumb","itemListElement":[{"@type":"ListItem","position":1,"name":"Portada","item":"https:\/\/www.hods.eu\/pt-pt\/"},{"@type":"ListItem","position":2,"name":"Tienda","item":"https:\/\/www.hods.eu\/tienda\/"},{"@type":"ListItem","position":3,"name":"Elegance POU Preta"}]},{"@type":"WebSite","@id":"https:\/\/www.hods.eu\/pt-pt\/#website","url":"https:\/\/www.hods.eu\/pt-pt\/","name":"HODS","description":"water? drink with us","publisher":{"@id":"https:\/\/www.hods.eu\/pt-pt\/#organization"},"potentialAction":[{"@type":"SearchAction","target":{"@type":"EntryPoint","urlTemplate":"https:\/\/www.hods.eu\/pt-pt\/?s={search_term_string}"},"query-input":{"@type":"PropertyValueSpecification","valueRequired":true,"valueName":"search_term_string"}}],"inLanguage":"pt-PT"},{"@type":"Organization","@id":"https:\/\/www.hods.eu\/pt-pt\/#organization","name":"HODS","url":"https:\/\/www.hods.eu\/pt-pt\/","logo":{"@type":"ImageObject","inLanguage":"pt-PT","@id":"https:\/\/www.hods.eu\/pt-pt\/#\/schema\/logo\/image\/","url":"https:\/\/www.hods.eu\/wp-content\/uploads\/hods-completo-blanco2.jpg","contentUrl":"https:\/\/www.hods.eu\/wp-content\/uploads\/hods-completo-blanco2.jpg","width":500,"height":179,"caption":"HODS"},"image":{"@id":"https:\/\/www.hods.eu\/pt-pt\/#\/schema\/logo\/image\/"}}]}},"_links":{"self":[{"href":"https:\/\/www.hods.eu\/pt-pt\/wp-json\/wp\/v2\/product\/19057","targetHints":{"allow":["GET"]}}],"collection":[{"href":"https:\/\/www.hods.eu\/pt-pt\/wp-json\/wp\/v2\/product"}],"about":[{"href":"https:\/\/www.hods.eu\/pt-pt\/wp-json\/wp\/v2\/types\/product"}],"wp:featuredmedia":[{"embeddable":true,"href":"https:\/\/www.hods.eu\/pt-pt\/wp-json\/wp\/v2\/media\/25657"}],"wp:attachment":[{"href":"https:\/\/www.hods.eu\/pt-pt\/wp-json\/wp\/v2\/media?parent=19057"}],"wp:term":[{"taxonomy":"product_brand","embeddable":true,"href":"https:\/\/www.hods.eu\/pt-pt\/wp-json\/wp\/v2\/product_brand?post=19057"},{"taxonomy":"product_cat","embeddable":true,"href":"https:\/\/www.hods.eu\/pt-pt\/wp-json\/wp\/v2\/product_cat?post=19057"},{"taxonomy":"product_tag","embeddable":true,"href":"https:\/\/www.hods.eu\/pt-pt\/wp-json\/wp\/v2\/product_tag?post=19057"}],"curies":[{"name":"wp","href":"https:\/\/api.w.org\/{rel}","templated":true}]}}