{"id":28844,"date":"2021-03-05T13:33:59","date_gmt":"2021-03-05T12:33:59","guid":{"rendered":"https:\/\/www.hods.eu\/politica-de-qualidade\/"},"modified":"2022-02-23T16:23:07","modified_gmt":"2022-02-23T15:23:07","slug":"politica-de-qualidade","status":"publish","type":"page","link":"https:\/\/www.hods.eu\/pt-pt\/politica-de-qualidade\/","title":{"rendered":"Pol\u00edtica de Qualidade"},"content":{"rendered":"<section class=\"wpb-content-wrapper\"><p>[vc_row full_width=&#8221;stretch_row&#8221; css=&#8221;.vc_custom_1614943623975{background-color: #017ec1 !important;}&#8221;][vc_column][vc_column_text css=&#8221;.vc_custom_1614943595601{padding-bottom: 25px !important;}&#8221;]<\/p>\n<p style=\"text-align: left;\"><span style=\"font-size: 28px; color: #ffffff;\">Pol\u00edtica de Qualidade<\/span><\/p>\n<p>[\/vc_column_text][\/vc_column][\/vc_row][vc_row][vc_column][vc_column_text]<\/p>\n<h3 style=\"text-align: justify; color: #6d6d6d;\">HOME OFFICE DELIVERY SERVICES, S.L. \u00e9 uma empresa dedicada ao fabrico de embalagens e venda por grosso de dispensadores e acess\u00f3rios para o consumo de \u00e1gua em grandes formatos. Estabelecemos esta pol\u00edtica de qualidade para a implementa\u00e7\u00e3o e desenvolvimento do nosso Sistema de Gest\u00e3o da Qualidade.<\/h3>\n<h3 style=\"text-align: justify; color: #6d6d6d;\">O nosso Sistema de Gest\u00e3o de Qualidade chega a todos os departamentos da nossa empresa, prestando especial aten\u00e7\u00e3o ao controlo de qualidade de bens e servi\u00e7os e ao processo geral de fabrico de garrafas PET.<\/h3>\n<p style=\"text-align: justify; color: #6d6d6d;\">HOME OFFICE DELIVERY SERVICES compromete-se a cumprir os requisitos especificados pelas partes interessadas: tanto legais como regulamentares, e outros requisitos com os quais nos queremos comprometer, procuraremos a satisfa\u00e7\u00e3o de todas as partes e procederemos \u00e0 melhoria cont\u00ednua do Sistema de Gest\u00e3o da Qualidade e Seguran\u00e7a Alimentar.<\/p>\n<p style=\"text-align: justify; color: #6d6d6d;\">Do mesmo modo, o presente documento estabelece o quadro de refer\u00eancia para estabelecer e rever os objectivos e metas da Qualidade, tentando alcan\u00e7ar os seguintes objectivos gerais:<\/p>\n<ul>\n<li style=\"list-style-type: none;\">\n<ul>\n<li>\n<p style=\"text-align: justify; color: #6d6d6d;\">Tentaremos assegurar que a nossa qualidade de servi\u00e7o satisfa\u00e7a todos os nossos intervenientes, descrevendo as suas necessidades e ouvindo atentamente as suas queixas, reclama\u00e7\u00f5es e sugest\u00f5es.<\/p>\n<\/li>\n<li>\n<p style=\"text-align: justify; color: #6d6d6d;\">Aumentaremos a satisfa\u00e7\u00e3o de todas as partes interessadas (necessidades e expectativas) atrav\u00e9s da aplica\u00e7\u00e3o eficaz do Sistema de Gest\u00e3o da Qualidade, reduzindo o n\u00famero de incidentes que possam afectar a actividade da organiza\u00e7\u00e3o.<\/p>\n<\/li>\n<li>\n<p style=\"text-align: justify; color: #6d6d6d;\">Iremos melhorar continuamente o Sistema de Gest\u00e3o da Qualidade e os seus processos.<\/p>\n<\/li>\n<li>\n<p style=\"text-align: justify; color: #6d6d6d;\">Vamos garantir a Seguran\u00e7a Alimentar atrav\u00e9s da aplica\u00e7\u00e3o de um sistema HACCP.<\/p>\n<\/li>\n<li>\n<p style=\"text-align: justify; color: #6d6d6d;\">Forneceremos os recursos necess\u00e1rios para manter e melhorar continuamente a efic\u00e1cia do Sistema de Gest\u00e3o da Qualidade.<\/p>\n<\/li>\n<li>\n<p style=\"text-align: justify; color: #6d6d6d;\">Iremos melhorar as rela\u00e7\u00f5es e comunica\u00e7\u00f5es com as partes interessadas a fim de reduzir gradualmente os incidentes de entrega e as n\u00e3o conformidades relacionadas com estes fornecedores.<\/p>\n<\/li>\n<\/ul>\n<\/li>\n<\/ul>\n<p style=\"text-align: justify; color: #6d6d6d;\">No HOME OFFICE DELIVERY DELIVERY SERVICES vamos perseverar em:<\/p>\n<ul>\n<li>\n<p style=\"text-align: justify; color: #6d6d6d;\">Melhorar a coordena\u00e7\u00e3o e transfer\u00eancia de informa\u00e7\u00e3o documentada entre os departamentos da empresa.<\/p>\n<\/li>\n<li>\n<p style=\"text-align: justify; color: #6d6d6d;\">Encorajar a forma\u00e7\u00e3o do pessoal.<\/p>\n<\/li>\n<li>\n<p style=\"text-align: justify; color: #6d6d6d;\">Assegurar o n\u00edvel de qualidade oferecido e a fiabilidade do trabalho realizado.<\/p>\n<\/li>\n<\/ul>\n<p style=\"text-align: justify; color: #6d6d6d;\">Tudo isto com o objectivo final de melhorar o nosso produto e servi\u00e7o \u00e0s partes interessadas, melhorar a posi\u00e7\u00e3o competitiva da empresa no mercado e consolidar a Garantia de Qualidade Hods.<\/p>\n<p style=\"text-align: justify; color: #6d6d6d;\">Em resumo, a Gest\u00e3o dos SERVI\u00c7OS DE ENTREGA DOS OFICIAIS INTERNOS procura uma melhoria cont\u00ednua atrav\u00e9s do estabelecimento de objectivos de qualidade e da sua revis\u00e3o cont\u00ednua dentro do quadro estabelecido por este documento.<\/p>\n<p style=\"text-align: justify; color: #6d6d6d;\">Todo o pessoal do HOME OFFICE DELIVERY DELIVERY SERVICES est\u00e1 empenhado em cumprir as directrizes e objectivos em termos de Qualidade de acordo com a filosofia da Direc\u00e7\u00e3o. Do mesmo modo, esta pol\u00edtica de qualidade est\u00e1 dispon\u00edvel ao p\u00fablico nas instala\u00e7\u00f5es do HOME OFFICE DELIVERY DELIVERY SERVICES.<\/p>\n<p>[\/vc_column_text][\/vc_column][\/vc_row]<\/p>\n<\/section>","protected":false},"excerpt":{"rendered":"<p>[vc_row full_width=&#8221;stretch_row&#8221; css=&#8221;.vc_custom_1614943623975{background-color: #017ec1 !important;}&#8221;][vc_column][vc_column_text css=&#8221;.vc_custom_1614943595601{padding-bottom: 25px !important;}&#8221;] Pol\u00edtica de Qualidade [\/vc_column_text][\/vc_column][\/vc_row][vc_row][vc_column][vc_column_text] HOME OFFICE DELIVERY SERVICES, S.L. \u00e9 uma empresa dedicada ao fabrico de embalagens e venda por grosso de dispensadores e acess\u00f3rios para o consumo de \u00e1gua em grandes formatos. Estabelecemos esta pol\u00edtica de qualidade para a implementa\u00e7\u00e3o e desenvolvimento do nosso Sistema de [&hellip;]<\/p>\n","protected":false},"author":1,"featured_media":0,"parent":0,"menu_order":0,"comment_status":"closed","ping_status":"closed","template":"","meta":{"footnotes":""},"class_list":["post-28844","page","type-page","status-publish","hentry"],"yoast_head":"<!-- This site is optimized with the Yoast SEO plugin v27.3 - https:\/\/yoast.com\/product\/yoast-seo-wordpress\/ -->\n<title>Pol\u00edtica de qualidade e compromisso com o cumprimento dos requisitos - HODS<\/title>\n<meta name=\"description\" content=\"O Sistema de Gest\u00e3o de Qualidade chega a todos os nossos departamentos, prestando especial aten\u00e7\u00e3o ao controlo de qualidade de bens e servi\u00e7os.\" \/>\n<meta name=\"robots\" content=\"index, follow, max-snippet:-1, max-image-preview:large, max-video-preview:-1\" \/>\n<link rel=\"canonical\" href=\"https:\/\/www.hods.eu\/pt-pt\/politica-de-qualidade\/\" \/>\n<meta property=\"og:locale\" content=\"pt_PT\" \/>\n<meta property=\"og:type\" content=\"article\" \/>\n<meta property=\"og:title\" content=\"Pol\u00edtica de qualidade e compromisso com o cumprimento dos requisitos - HODS\" \/>\n<meta property=\"og:description\" content=\"O Sistema de Gest\u00e3o de Qualidade chega a todos os nossos departamentos, prestando especial aten\u00e7\u00e3o ao controlo de qualidade de bens e servi\u00e7os.\" \/>\n<meta property=\"og:url\" content=\"https:\/\/www.hods.eu\/pt-pt\/politica-de-qualidade\/\" \/>\n<meta property=\"og:site_name\" content=\"HODS\" \/>\n<meta property=\"article:modified_time\" content=\"2022-02-23T15:23:07+00:00\" \/>\n<meta name=\"twitter:card\" content=\"summary_large_image\" \/>\n<meta name=\"twitter:label1\" content=\"Tempo estimado de leitura\" \/>\n\t<meta name=\"twitter:data1\" content=\"3 minutos\" \/>\n<script type=\"application\/ld+json\" class=\"yoast-schema-graph\">{\"@context\":\"https:\\\/\\\/schema.org\",\"@graph\":[{\"@type\":\"WebPage\",\"@id\":\"https:\\\/\\\/www.hods.eu\\\/pt-pt\\\/politica-de-qualidade\\\/\",\"url\":\"https:\\\/\\\/www.hods.eu\\\/pt-pt\\\/politica-de-qualidade\\\/\",\"name\":\"Pol\u00edtica de qualidade e compromisso com o cumprimento dos requisitos - HODS\",\"isPartOf\":{\"@id\":\"https:\\\/\\\/www.hods.eu\\\/pt-pt\\\/#website\"},\"datePublished\":\"2021-03-05T12:33:59+00:00\",\"dateModified\":\"2022-02-23T15:23:07+00:00\",\"description\":\"O Sistema de Gest\u00e3o de Qualidade chega a todos os nossos departamentos, prestando especial aten\u00e7\u00e3o ao controlo de qualidade de bens e servi\u00e7os.\",\"breadcrumb\":{\"@id\":\"https:\\\/\\\/www.hods.eu\\\/pt-pt\\\/politica-de-qualidade\\\/#breadcrumb\"},\"inLanguage\":\"pt-PT\",\"potentialAction\":[{\"@type\":\"ReadAction\",\"target\":[\"https:\\\/\\\/www.hods.eu\\\/pt-pt\\\/politica-de-qualidade\\\/\"]}]},{\"@type\":\"BreadcrumbList\",\"@id\":\"https:\\\/\\\/www.hods.eu\\\/pt-pt\\\/politica-de-qualidade\\\/#breadcrumb\",\"itemListElement\":[{\"@type\":\"ListItem\",\"position\":1,\"name\":\"Portada\",\"item\":\"https:\\\/\\\/www.hods.eu\\\/pt-pt\\\/\"},{\"@type\":\"ListItem\",\"position\":2,\"name\":\"Pol\u00edtica de Qualidade\"}]},{\"@type\":\"WebSite\",\"@id\":\"https:\\\/\\\/www.hods.eu\\\/pt-pt\\\/#website\",\"url\":\"https:\\\/\\\/www.hods.eu\\\/pt-pt\\\/\",\"name\":\"HODS\",\"description\":\"water? drink with us\",\"publisher\":{\"@id\":\"https:\\\/\\\/www.hods.eu\\\/pt-pt\\\/#organization\"},\"potentialAction\":[{\"@type\":\"SearchAction\",\"target\":{\"@type\":\"EntryPoint\",\"urlTemplate\":\"https:\\\/\\\/www.hods.eu\\\/pt-pt\\\/?s={search_term_string}\"},\"query-input\":{\"@type\":\"PropertyValueSpecification\",\"valueRequired\":true,\"valueName\":\"search_term_string\"}}],\"inLanguage\":\"pt-PT\"},{\"@type\":\"Organization\",\"@id\":\"https:\\\/\\\/www.hods.eu\\\/pt-pt\\\/#organization\",\"name\":\"HODS\",\"url\":\"https:\\\/\\\/www.hods.eu\\\/pt-pt\\\/\",\"logo\":{\"@type\":\"ImageObject\",\"inLanguage\":\"pt-PT\",\"@id\":\"https:\\\/\\\/www.hods.eu\\\/pt-pt\\\/#\\\/schema\\\/logo\\\/image\\\/\",\"url\":\"https:\\\/\\\/www.hods.eu\\\/wp-content\\\/uploads\\\/hods-completo-blanco2.jpg\",\"contentUrl\":\"https:\\\/\\\/www.hods.eu\\\/wp-content\\\/uploads\\\/hods-completo-blanco2.jpg\",\"width\":500,\"height\":179,\"caption\":\"HODS\"},\"image\":{\"@id\":\"https:\\\/\\\/www.hods.eu\\\/pt-pt\\\/#\\\/schema\\\/logo\\\/image\\\/\"}}]}<\/script>\n<!-- \/ Yoast SEO plugin. -->","yoast_head_json":{"title":"Pol\u00edtica de qualidade e compromisso com o cumprimento dos requisitos - HODS","description":"O Sistema de Gest\u00e3o de Qualidade chega a todos os nossos departamentos, prestando especial aten\u00e7\u00e3o ao controlo de qualidade de bens e servi\u00e7os.","robots":{"index":"index","follow":"follow","max-snippet":"max-snippet:-1","max-image-preview":"max-image-preview:large","max-video-preview":"max-video-preview:-1"},"canonical":"https:\/\/www.hods.eu\/pt-pt\/politica-de-qualidade\/","og_locale":"pt_PT","og_type":"article","og_title":"Pol\u00edtica de qualidade e compromisso com o cumprimento dos requisitos - HODS","og_description":"O Sistema de Gest\u00e3o de Qualidade chega a todos os nossos departamentos, prestando especial aten\u00e7\u00e3o ao controlo de qualidade de bens e servi\u00e7os.","og_url":"https:\/\/www.hods.eu\/pt-pt\/politica-de-qualidade\/","og_site_name":"HODS","article_modified_time":"2022-02-23T15:23:07+00:00","twitter_card":"summary_large_image","twitter_misc":{"Tempo estimado de leitura":"3 minutos"},"schema":{"@context":"https:\/\/schema.org","@graph":[{"@type":"WebPage","@id":"https:\/\/www.hods.eu\/pt-pt\/politica-de-qualidade\/","url":"https:\/\/www.hods.eu\/pt-pt\/politica-de-qualidade\/","name":"Pol\u00edtica de qualidade e compromisso com o cumprimento dos requisitos - HODS","isPartOf":{"@id":"https:\/\/www.hods.eu\/pt-pt\/#website"},"datePublished":"2021-03-05T12:33:59+00:00","dateModified":"2022-02-23T15:23:07+00:00","description":"O Sistema de Gest\u00e3o de Qualidade chega a todos os nossos departamentos, prestando especial aten\u00e7\u00e3o ao controlo de qualidade de bens e servi\u00e7os.","breadcrumb":{"@id":"https:\/\/www.hods.eu\/pt-pt\/politica-de-qualidade\/#breadcrumb"},"inLanguage":"pt-PT","potentialAction":[{"@type":"ReadAction","target":["https:\/\/www.hods.eu\/pt-pt\/politica-de-qualidade\/"]}]},{"@type":"BreadcrumbList","@id":"https:\/\/www.hods.eu\/pt-pt\/politica-de-qualidade\/#breadcrumb","itemListElement":[{"@type":"ListItem","position":1,"name":"Portada","item":"https:\/\/www.hods.eu\/pt-pt\/"},{"@type":"ListItem","position":2,"name":"Pol\u00edtica de Qualidade"}]},{"@type":"WebSite","@id":"https:\/\/www.hods.eu\/pt-pt\/#website","url":"https:\/\/www.hods.eu\/pt-pt\/","name":"HODS","description":"water? drink with us","publisher":{"@id":"https:\/\/www.hods.eu\/pt-pt\/#organization"},"potentialAction":[{"@type":"SearchAction","target":{"@type":"EntryPoint","urlTemplate":"https:\/\/www.hods.eu\/pt-pt\/?s={search_term_string}"},"query-input":{"@type":"PropertyValueSpecification","valueRequired":true,"valueName":"search_term_string"}}],"inLanguage":"pt-PT"},{"@type":"Organization","@id":"https:\/\/www.hods.eu\/pt-pt\/#organization","name":"HODS","url":"https:\/\/www.hods.eu\/pt-pt\/","logo":{"@type":"ImageObject","inLanguage":"pt-PT","@id":"https:\/\/www.hods.eu\/pt-pt\/#\/schema\/logo\/image\/","url":"https:\/\/www.hods.eu\/wp-content\/uploads\/hods-completo-blanco2.jpg","contentUrl":"https:\/\/www.hods.eu\/wp-content\/uploads\/hods-completo-blanco2.jpg","width":500,"height":179,"caption":"HODS"},"image":{"@id":"https:\/\/www.hods.eu\/pt-pt\/#\/schema\/logo\/image\/"}}]}},"_links":{"self":[{"href":"https:\/\/www.hods.eu\/pt-pt\/wp-json\/wp\/v2\/pages\/28844","targetHints":{"allow":["GET"]}}],"collection":[{"href":"https:\/\/www.hods.eu\/pt-pt\/wp-json\/wp\/v2\/pages"}],"about":[{"href":"https:\/\/www.hods.eu\/pt-pt\/wp-json\/wp\/v2\/types\/page"}],"author":[{"embeddable":true,"href":"https:\/\/www.hods.eu\/pt-pt\/wp-json\/wp\/v2\/users\/1"}],"replies":[{"embeddable":true,"href":"https:\/\/www.hods.eu\/pt-pt\/wp-json\/wp\/v2\/comments?post=28844"}],"version-history":[{"count":3,"href":"https:\/\/www.hods.eu\/pt-pt\/wp-json\/wp\/v2\/pages\/28844\/revisions"}],"predecessor-version":[{"id":30706,"href":"https:\/\/www.hods.eu\/pt-pt\/wp-json\/wp\/v2\/pages\/28844\/revisions\/30706"}],"wp:attachment":[{"href":"https:\/\/www.hods.eu\/pt-pt\/wp-json\/wp\/v2\/media?parent=28844"}],"curies":[{"name":"wp","href":"https:\/\/api.w.org\/{rel}","templated":true}]}}