{"id":23108,"date":"2020-03-04T08:39:36","date_gmt":"2020-03-04T07:39:36","guid":{"rendered":"https:\/\/www.hods.eu\/?page_id=23108"},"modified":"2020-03-04T08:54:32","modified_gmt":"2020-03-04T07:54:32","slug":"aviso-legal","status":"publish","type":"page","link":"https:\/\/www.hods.eu\/pt-pt\/aviso-legal\/","title":{"rendered":"Aviso legal"},"content":{"rendered":"<section class=\"wpb-content-wrapper\"><p>[vc_row full_width=&#8221;stretch_row&#8221; css=&#8221;.vc_custom_1582808452224{padding-bottom: 25px !important;background-color: #017ec1 !important;}&#8221;][vc_column][vc_column_text]<\/p>\n<p style=\"text-align: center; font-size: 28px; color: #fff;\">Aviso legal<\/p>\n<p>[\/vc_column_text][\/vc_column][\/vc_row][vc_row css=&#8221;.vc_custom_1582808238999{margin-top: 15px !important;}&#8221;][vc_column][vc_toggle title=&#8221;Prote\u00e7\u00e3o de dados Home Office Delivery Services, S.L.&#8221; style=&#8221;rounded_outline&#8221; open=&#8221;true&#8221;]<\/p>\n<p style=\"text-align: justify; color: #6d6d6d;\">A empresa garante aos utilizadores do website que cumpre o Regulamento Geral de Protec\u00e7\u00e3o de Dados (UE) 2016\/679, e que estabeleceu as medidas de seguran\u00e7a exigidas pelas leis e regulamentos destinados a preservar o sigilo, confidencialidade e integridade do tratamento dos seus dados pessoais.<\/p>\n<p style=\"text-align: justify; color: #6d6d6d;\">Tais dados pessoais ser\u00e3o utilizados da forma e com as limita\u00e7\u00f5es e direitos concedidos pela protec\u00e7\u00e3o de dados pessoais.<\/p>\n<p style=\"text-align: justify; color: #6d6d6d;\">A recolha e tratamento dos dados pessoais solicitados destina-se a fornecer ao utilizador uma assist\u00eancia administrativa e comercial. Home Office Delivery Services, S.L. compromete-se a manter a m\u00e1xima reserva, sigilo e confidencialidade dos dados pessoais que tem \u00e0 sua disposi\u00e7\u00e3o. Tem o direito de obter confirma\u00e7\u00e3o sobre se os seus dados pessoais est\u00e3o ou n\u00e3o a ser processados pelo Home Office Delivery Services, S.L. Tem, portanto, o direito de aceder aos seus dados pessoais, rectificar dados incorrectos ou solicitar a sua elimina\u00e7\u00e3o quando os dados j\u00e1 n\u00e3o forem necess\u00e1rios para os fins para os quais foram recolhidos.<\/p>\n<p>[\/vc_toggle][vc_toggle title=&#8221;Aviso legal LSSI &#8211; CE&#8221; style=&#8221;rounded_outline&#8221;]<\/p>\n<p style=\"text-align: justify; color: #6d6d6d;\">Em cumprimento da Lei 34\/2002, de 11 de Julho, de Servi\u00e7os da Sociedade da Informa\u00e7\u00e3o e Com\u00e9rcio Electr\u00f3nico (LSSI-CE), a entidade Home Office Delivery Services, S.L. informa-o que \u00e9 o propriet\u00e1rio da p\u00e1gina web.<\/p>\n<p style=\"text-align: justify; color: #6d6d6d;\">De acordo com a exig\u00eancia do artigo 10\u00ba da referida Lei, reporta as seguintes informa\u00e7\u00f5es:<\/p>\n<p style=\"text-align: justify; color: #6d6d6d;\">O propriet\u00e1rio deste site \u00e9: Home Office Delivery Services, S.L. &#8211; CIF : ESB98648470<br \/>\nDomicilio social: C\/ dels Matalafers, 29 &#8211; Ribarroja del Turia. 46394 &#8211; VALENCIA<\/p>\n<p>[\/vc_toggle][vc_toggle title=&#8221;Usu\u00e1rios&#8221; style=&#8221;rounded_outline&#8221;]<\/p>\n<p style=\"text-align: justify; color: #6d6d6d;\">O acesso e\/ou uso deste portal confere a condi\u00e7\u00e3o de USU\u00c1RIO, que aceita, a partir desse acesso e\/ou uso, as Condi\u00e7\u00f5es Gerais de Uso aqui refletidas.<\/p>\n<p style=\"text-align: justify; color: #6d6d6d;\">As condi\u00e7\u00f5es acima mencionadas aplicam-se independentemente dos Termos e Condi\u00e7\u00f5es Gerais de Neg\u00f3cios que possam ser exigidos.<\/p>\n<p>[\/vc_toggle][vc_toggle title=&#8221;Utiliza\u00e7\u00e3o do Portal&#8221; style=&#8221;rounded_outline&#8221;]<\/p>\n<p style=\"text-align: justify; color: #6d6d6d;\">O s\u00edtio web proporciona acesso a uma multiplicidade de informa\u00e7\u00f5es, servi\u00e7os, programas ou dados (doravante &#8220;os conte\u00fados&#8221;) na Internet pertencentes ao Home Office Delivery Services, S.L. ou aos seus licenciadores aos quais o USU\u00c1RIO pode ter acesso. O USU\u00c1RIO assume a responsabilidade pelo uso do portal. Esta responsabilidade estende-se ao registo que possa ser necess\u00e1rio para aceder a determinados servi\u00e7os ou conte\u00fados.<\/p>\n<p style=\"text-align: justify; color: #6d6d6d;\">Em tal registro o USU\u00c1RIO ser\u00e1 respons\u00e1vel por fornecer informa\u00e7\u00f5es verdadeiras e legais. Como consequ\u00eancia deste registo, o USU\u00c1RIO poder\u00e1 receber uma senha pela qual ser\u00e1 respons\u00e1vel, comprometendo-se a fazer um uso diligente e confidencial da mesma. O USU\u00c1RIO compromete-se a fazer um uso adequado dos conte\u00fados e servi\u00e7os que o Home Office Delivery Services, S.L. oferece atrav\u00e9s do seu portal e, a t\u00edtulo de exemplo, mas sem limita\u00e7\u00e3o, a n\u00e3o os utilizar:<\/p>\n<p style=\"text-align: justify; color: #6d6d6d;\">(i) exercer actividades il\u00edcitas, ilegais ou contr\u00e1rias \u00e0 boa f\u00e9 e \u00e0 ordem p\u00fablica<br \/>\n(ii) divulgar conte\u00fados ou propaganda de natureza racista, xen\u00f3foba, pornogr\u00e1fica ou ilegal, ou em apoio ao terrorismo ou \u00e0s viola\u00e7\u00f5es dos direitos humanos<br \/>\n(iii) causar danos nos sistemas f\u00edsicos e l\u00f3gicos da Home Office Delivery Services, S.L., seus fornecedores ou terceiros, introduzir ou difundir v\u00edrus inform\u00e1ticos ou quaisquer outros sistemas f\u00edsicos ou l\u00f3gicos que possam causar os referidos danos;<br \/>\n(iv) tentar acessar e, quando apropriado, usar as contas de e-mail de outros usu\u00e1rios e modificar a manipula\u00e7\u00e3o de suas mensagens. Home Office Delivery Services, S.L. reserva-se o direito de retirar todos aqueles coment\u00e1rios e contribui\u00e7\u00f5es que violem o respeito pela dignidade da pessoa, que sejam discriminat\u00f3rios, xen\u00f3fobos, racistas, pornogr\u00e1ficos, que ameacem a juventude ou as crian\u00e7as, a ordem ou a seguran\u00e7a p\u00fablica ou que, na sua opini\u00e3o, n\u00e3o sejam adequados para publica\u00e7\u00e3o. Em qualquer caso, a Home Office Delivery Services, S.L. n\u00e3o ser\u00e1 respons\u00e1vel pelas opini\u00f5es expressas pelos utilizadores atrav\u00e9s dos f\u00f3runs, chats, ou outras ferramentas de participa\u00e7\u00e3o.<\/p>\n<p>[\/vc_toggle][vc_toggle title=&#8221;Propriedade Intelectual e Industrial&#8221; style=&#8221;rounded_outline&#8221;]<\/p>\n<p style=\"text-align: justify; color: #6d6d6d;\">Home Office Delivery Services, S.L. ser\u00e1 titular de todos os direitos de propriedade intelectual e industrial da sua web, assim como dos elementos nela contidos (a t\u00edtulo de exemplo, imagens, som, \u00e1udio, v\u00eddeo, software ou texto; marcas ou logotipos, combina\u00e7\u00f5es de cores, estrutura e design, selec\u00e7\u00e3o de materiais utilizados, programas inform\u00e1ticos necess\u00e1rios para o seu funcionamento, acesso e utiliza\u00e7\u00e3o, etc.).<\/p>\n<p style=\"text-align: justify; color: #6d6d6d;\">Todos os direitos reservados. Em virtude do disposto nos artigos 8\u00ba e 32.1, segundo par\u00e1grafo, da Lei de Propriedade Intelectual, \u00e9 expressamente proibida a reprodu\u00e7\u00e3o, distribui\u00e7\u00e3o e comunica\u00e7\u00e3o p\u00fablica, incluindo o m\u00e9todo de disponibiliza\u00e7\u00e3o, total ou parcial do conte\u00fado deste website, para fins comerciais, em qualquer suporte e por qualquer meio t\u00e9cnico, sem a autoriza\u00e7\u00e3o do Home Office Delivery Services, S.L. O USU\u00c1RIO compromete-se a respeitar os direitos de Propriedade Intelectual e Industrial detidos pela Home Office Delivery Services, S.L. Poder\u00e1 visualizar os elementos do portal e inclusive imprimi-los, copi\u00e1-los e armazen\u00e1-los no disco r\u00edgido do seu computador ou em qualquer outro suporte f\u00edsico desde que seja \u00fanica e exclusivamente para seu uso pessoal e privado.<\/p>\n<p style=\"text-align: justify; color: #6d6d6d;\">O USU\u00c1RIO deve abster-se de apagar, alterar, eludir ou manipular qualquer dispositivo de protec\u00e7\u00e3o ou sistema de seguran\u00e7a que tenha sido instalado nas p\u00e1ginas de Home Office Delivery Services, S.L.<\/p>\n<p>[\/vc_toggle][vc_toggle title=&#8221;Modifica\u00e7\u00f5es&#8221; style=&#8221;rounded_outline&#8221;]<\/p>\n<p style=\"text-align: justify; color: #6d6d6d;\">Home Office Delivery Services, S.L., reserva-se o direito de efectuar sem aviso pr\u00e9vio as altera\u00e7\u00f5es que considere oportunas ao seu portal, podendo alterar, remover ou acrescentar tanto os conte\u00fados como os servi\u00e7os prestados atrav\u00e9s da mesma forma em que s\u00e3o apresentados ou localizados no seu portal.<\/p>\n<p>[\/vc_toggle][vc_toggle title=&#8221;Liga\u00e7\u00f5es&#8221; style=&#8221;rounded_outline&#8221;]<\/p>\n<p style=\"text-align: justify; color: #6d6d6d;\">No caso do site conter links ou hiperlinks para outros sites da Internet, a Home Office Delivery Services, S.L. n\u00e3o exercer\u00e1 qualquer tipo de controlo sobre tais sites e conte\u00fados.<\/p>\n<p style=\"text-align: justify; color: #6d6d6d;\">Em nenhum caso a Home Office Delivery Services, S.L. assumir\u00e1 qualquer responsabilidade pelo conte\u00fado de qualquer link pertencente a um site de terceiros, nem garantir\u00e1 a disponibilidade t\u00e9cnica, qualidade, fiabilidade, exactid\u00e3o, exaustividade, veracidade, validade e constitucionalidade de qualquer material ou informa\u00e7\u00e3o contida em qualquer um destes hiperlinks ou outros sites da Internet.<\/p>\n<p style=\"text-align: justify; color: #6d6d6d;\">Da mesma forma, a inclus\u00e3o destas liga\u00e7\u00f5es externas n\u00e3o implicar\u00e1 qualquer tipo de associa\u00e7\u00e3o, fus\u00e3o ou participa\u00e7\u00e3o com as entidades ligadas.<\/p>\n<p>[\/vc_toggle][vc_toggle title=&#8221;Direito de exclus\u00e3o&#8221; style=&#8221;rounded_outline&#8221;]<\/p>\n<p style=\"text-align: justify; color: #6d6d6d;\">Home Office Delivery Services, S.L. reserva-se o direito de negar ou retirar o acesso ao portal e\/ou aos servi\u00e7os oferecidos sem aviso pr\u00e9vio, a pedido pr\u00f3prio ou de terceiros, aos utilizadores que n\u00e3o cumpram as presentes Condi\u00e7\u00f5es Gerais de Utiliza\u00e7\u00e3o.<\/p>\n<p>[\/vc_toggle][vc_toggle title=&#8221;Geral&#8221; style=&#8221;rounded_outline&#8221;]<\/p>\n<p style=\"text-align: justify; color: #6d6d6d;\">Home Office Delivery Services, S.L. perseguir\u00e1 o incumprimento destas condi\u00e7\u00f5es, assim como qualquer utiliza\u00e7\u00e3o indevida do seu portal, exercendo todas as ac\u00e7\u00f5es civis e penais que lhe possam corresponder por lei.<\/p>\n<p>[\/vc_toggle][vc_toggle title=&#8221;Modifica\u00e7\u00e3o destas condi\u00e7\u00f5es e dura\u00e7\u00e3o&#8221; style=&#8221;rounded_outline&#8221;]<\/p>\n<p style=\"text-align: justify; color: #6d6d6d;\">Home Office Delivery Services, S.L. pode em qualquer momento modificar as condi\u00e7\u00f5es aqui determinadas, sendo devidamente publicadas tal como aqui aparecem.<\/p>\n<p style=\"text-align: justify; color: #6d6d6d;\">A validade destas condi\u00e7\u00f5es depender\u00e1 da sua exposi\u00e7\u00e3o e permanecer\u00e1 em vigor at\u00e9 que sejam modificadas por outras condi\u00e7\u00f5es devidamente publicadas.<\/p>\n<p>[\/vc_toggle][vc_toggle title=&#8221;Lei aplic\u00e1vel e jurisdi\u00e7\u00e3o&#8221; style=&#8221;rounded_outline&#8221;]<\/p>\n<p style=\"text-align: justify; color: #6d6d6d;\">A rela\u00e7\u00e3o entre a Home Office Delivery Services, S.L. e o USU\u00c1RIO ser\u00e1 regida pela regulamenta\u00e7\u00e3o espanhola em vigor e qualquer disputa ser\u00e1 submetida aos Tribunais e Tribunais da cidade acima mencionada.<\/p>\n<p>[\/vc_toggle][vc_toggle title=&#8221;Recursos externos&#8221; style=&#8221;rounded_outline&#8221;]<\/p>\n<p style=\"text-align: justify; color: #6d6d6d;\">Algumas imagens obtidas a partir de bancos de imagens.<\/p>\n<p>[\/vc_toggle][\/vc_column][\/vc_row][vc_row][vc_column][vc_column_text]<\/p>\n<p>[\/vc_column_text][\/vc_column][\/vc_row]<\/p>\n<\/section>","protected":false},"excerpt":{"rendered":"<p>[vc_row full_width=&#8221;stretch_row&#8221; css=&#8221;.vc_custom_1582808452224{padding-bottom: 25px !important;background-color: #017ec1 !important;}&#8221;][vc_column][vc_column_text] Aviso legal [\/vc_column_text][\/vc_column][\/vc_row][vc_row css=&#8221;.vc_custom_1582808238999{margin-top: 15px !important;}&#8221;][vc_column][vc_toggle title=&#8221;Prote\u00e7\u00e3o de dados Home Office Delivery Services, S.L.&#8221; style=&#8221;rounded_outline&#8221; open=&#8221;true&#8221;] A empresa garante aos utilizadores do website que cumpre o Regulamento Geral de Protec\u00e7\u00e3o de Dados (UE) 2016\/679, e que estabeleceu as medidas de seguran\u00e7a exigidas pelas leis e regulamentos destinados a [&hellip;]<\/p>\n","protected":false},"author":1,"featured_media":0,"parent":0,"menu_order":0,"comment_status":"closed","ping_status":"closed","template":"","meta":{"footnotes":""},"class_list":["post-23108","page","type-page","status-publish","hentry"],"yoast_head":"<!-- This site is optimized with the Yoast SEO plugin v27.5 - https:\/\/yoast.com\/product\/yoast-seo-wordpress\/ -->\n<title>Aviso Legal - HODS<\/title>\n<meta name=\"description\" content=\"Aviso Legal\" \/>\n<meta name=\"robots\" content=\"index, follow, max-snippet:-1, max-image-preview:large, max-video-preview:-1\" \/>\n<link rel=\"canonical\" href=\"https:\/\/www.hods.eu\/pt-pt\/aviso-legal\/\" \/>\n<meta property=\"og:locale\" content=\"pt_PT\" \/>\n<meta property=\"og:type\" content=\"article\" \/>\n<meta property=\"og:title\" content=\"Aviso Legal - HODS\" \/>\n<meta property=\"og:description\" content=\"Aviso Legal\" \/>\n<meta property=\"og:url\" content=\"https:\/\/www.hods.eu\/pt-pt\/aviso-legal\/\" \/>\n<meta property=\"og:site_name\" content=\"HODS\" \/>\n<meta property=\"article:modified_time\" content=\"2020-03-04T07:54:32+00:00\" \/>\n<meta name=\"twitter:card\" content=\"summary_large_image\" \/>\n<meta name=\"twitter:label1\" content=\"Tempo estimado de leitura\" \/>\n\t<meta name=\"twitter:data1\" content=\"7 minutos\" \/>\n<script type=\"application\/ld+json\" class=\"yoast-schema-graph\">{\"@context\":\"https:\\\/\\\/schema.org\",\"@graph\":[{\"@type\":\"WebPage\",\"@id\":\"https:\\\/\\\/www.hods.eu\\\/pt-pt\\\/aviso-legal\\\/\",\"url\":\"https:\\\/\\\/www.hods.eu\\\/pt-pt\\\/aviso-legal\\\/\",\"name\":\"Aviso Legal - HODS\",\"isPartOf\":{\"@id\":\"https:\\\/\\\/www.hods.eu\\\/pt-pt\\\/#website\"},\"datePublished\":\"2020-03-04T07:39:36+00:00\",\"dateModified\":\"2020-03-04T07:54:32+00:00\",\"description\":\"Aviso Legal\",\"breadcrumb\":{\"@id\":\"https:\\\/\\\/www.hods.eu\\\/pt-pt\\\/aviso-legal\\\/#breadcrumb\"},\"inLanguage\":\"pt-PT\",\"potentialAction\":[{\"@type\":\"ReadAction\",\"target\":[\"https:\\\/\\\/www.hods.eu\\\/pt-pt\\\/aviso-legal\\\/\"]}]},{\"@type\":\"BreadcrumbList\",\"@id\":\"https:\\\/\\\/www.hods.eu\\\/pt-pt\\\/aviso-legal\\\/#breadcrumb\",\"itemListElement\":[{\"@type\":\"ListItem\",\"position\":1,\"name\":\"Portada\",\"item\":\"https:\\\/\\\/www.hods.eu\\\/pt-pt\\\/\"},{\"@type\":\"ListItem\",\"position\":2,\"name\":\"Aviso legal\"}]},{\"@type\":\"WebSite\",\"@id\":\"https:\\\/\\\/www.hods.eu\\\/pt-pt\\\/#website\",\"url\":\"https:\\\/\\\/www.hods.eu\\\/pt-pt\\\/\",\"name\":\"HODS\",\"description\":\"water? drink with us\",\"publisher\":{\"@id\":\"https:\\\/\\\/www.hods.eu\\\/pt-pt\\\/#organization\"},\"potentialAction\":[{\"@type\":\"SearchAction\",\"target\":{\"@type\":\"EntryPoint\",\"urlTemplate\":\"https:\\\/\\\/www.hods.eu\\\/pt-pt\\\/?s={search_term_string}\"},\"query-input\":{\"@type\":\"PropertyValueSpecification\",\"valueRequired\":true,\"valueName\":\"search_term_string\"}}],\"inLanguage\":\"pt-PT\"},{\"@type\":\"Organization\",\"@id\":\"https:\\\/\\\/www.hods.eu\\\/pt-pt\\\/#organization\",\"name\":\"HODS\",\"url\":\"https:\\\/\\\/www.hods.eu\\\/pt-pt\\\/\",\"logo\":{\"@type\":\"ImageObject\",\"inLanguage\":\"pt-PT\",\"@id\":\"https:\\\/\\\/www.hods.eu\\\/pt-pt\\\/#\\\/schema\\\/logo\\\/image\\\/\",\"url\":\"https:\\\/\\\/www.hods.eu\\\/wp-content\\\/uploads\\\/hods-completo-blanco2.jpg\",\"contentUrl\":\"https:\\\/\\\/www.hods.eu\\\/wp-content\\\/uploads\\\/hods-completo-blanco2.jpg\",\"width\":500,\"height\":179,\"caption\":\"HODS\"},\"image\":{\"@id\":\"https:\\\/\\\/www.hods.eu\\\/pt-pt\\\/#\\\/schema\\\/logo\\\/image\\\/\"}}]}<\/script>\n<!-- \/ Yoast SEO plugin. -->","yoast_head_json":{"title":"Aviso Legal - HODS","description":"Aviso Legal","robots":{"index":"index","follow":"follow","max-snippet":"max-snippet:-1","max-image-preview":"max-image-preview:large","max-video-preview":"max-video-preview:-1"},"canonical":"https:\/\/www.hods.eu\/pt-pt\/aviso-legal\/","og_locale":"pt_PT","og_type":"article","og_title":"Aviso Legal - HODS","og_description":"Aviso Legal","og_url":"https:\/\/www.hods.eu\/pt-pt\/aviso-legal\/","og_site_name":"HODS","article_modified_time":"2020-03-04T07:54:32+00:00","twitter_card":"summary_large_image","twitter_misc":{"Tempo estimado de leitura":"7 minutos"},"schema":{"@context":"https:\/\/schema.org","@graph":[{"@type":"WebPage","@id":"https:\/\/www.hods.eu\/pt-pt\/aviso-legal\/","url":"https:\/\/www.hods.eu\/pt-pt\/aviso-legal\/","name":"Aviso Legal - HODS","isPartOf":{"@id":"https:\/\/www.hods.eu\/pt-pt\/#website"},"datePublished":"2020-03-04T07:39:36+00:00","dateModified":"2020-03-04T07:54:32+00:00","description":"Aviso Legal","breadcrumb":{"@id":"https:\/\/www.hods.eu\/pt-pt\/aviso-legal\/#breadcrumb"},"inLanguage":"pt-PT","potentialAction":[{"@type":"ReadAction","target":["https:\/\/www.hods.eu\/pt-pt\/aviso-legal\/"]}]},{"@type":"BreadcrumbList","@id":"https:\/\/www.hods.eu\/pt-pt\/aviso-legal\/#breadcrumb","itemListElement":[{"@type":"ListItem","position":1,"name":"Portada","item":"https:\/\/www.hods.eu\/pt-pt\/"},{"@type":"ListItem","position":2,"name":"Aviso legal"}]},{"@type":"WebSite","@id":"https:\/\/www.hods.eu\/pt-pt\/#website","url":"https:\/\/www.hods.eu\/pt-pt\/","name":"HODS","description":"water? drink with us","publisher":{"@id":"https:\/\/www.hods.eu\/pt-pt\/#organization"},"potentialAction":[{"@type":"SearchAction","target":{"@type":"EntryPoint","urlTemplate":"https:\/\/www.hods.eu\/pt-pt\/?s={search_term_string}"},"query-input":{"@type":"PropertyValueSpecification","valueRequired":true,"valueName":"search_term_string"}}],"inLanguage":"pt-PT"},{"@type":"Organization","@id":"https:\/\/www.hods.eu\/pt-pt\/#organization","name":"HODS","url":"https:\/\/www.hods.eu\/pt-pt\/","logo":{"@type":"ImageObject","inLanguage":"pt-PT","@id":"https:\/\/www.hods.eu\/pt-pt\/#\/schema\/logo\/image\/","url":"https:\/\/www.hods.eu\/wp-content\/uploads\/hods-completo-blanco2.jpg","contentUrl":"https:\/\/www.hods.eu\/wp-content\/uploads\/hods-completo-blanco2.jpg","width":500,"height":179,"caption":"HODS"},"image":{"@id":"https:\/\/www.hods.eu\/pt-pt\/#\/schema\/logo\/image\/"}}]}},"_links":{"self":[{"href":"https:\/\/www.hods.eu\/pt-pt\/wp-json\/wp\/v2\/pages\/23108","targetHints":{"allow":["GET"]}}],"collection":[{"href":"https:\/\/www.hods.eu\/pt-pt\/wp-json\/wp\/v2\/pages"}],"about":[{"href":"https:\/\/www.hods.eu\/pt-pt\/wp-json\/wp\/v2\/types\/page"}],"author":[{"embeddable":true,"href":"https:\/\/www.hods.eu\/pt-pt\/wp-json\/wp\/v2\/users\/1"}],"replies":[{"embeddable":true,"href":"https:\/\/www.hods.eu\/pt-pt\/wp-json\/wp\/v2\/comments?post=23108"}],"version-history":[{"count":0,"href":"https:\/\/www.hods.eu\/pt-pt\/wp-json\/wp\/v2\/pages\/23108\/revisions"}],"wp:attachment":[{"href":"https:\/\/www.hods.eu\/pt-pt\/wp-json\/wp\/v2\/media?parent=23108"}],"curies":[{"name":"wp","href":"https:\/\/api.w.org\/{rel}","templated":true}]}}