{"id":23055,"date":"2020-03-03T14:15:56","date_gmt":"2020-03-03T13:15:56","guid":{"rendered":"https:\/\/www.hods.eu\/?page_id=23055"},"modified":"2022-02-02T15:58:30","modified_gmt":"2022-02-02T14:58:30","slug":"contato","status":"publish","type":"page","link":"https:\/\/www.hods.eu\/pt-pt\/contato\/","title":{"rendered":"Contato"},"content":{"rendered":"<section class=\"wpb-content-wrapper\"><p>[vc_row full_width=&#8221;stretch_row&#8221; css=&#8221;.vc_custom_1582714339429{padding-bottom: 25px !important;background-color: #017ec1 !important;}&#8221;][vc_column][vc_column_text]<\/p>\n<p style=\"text-align: center;\"><span style=\"font-size: 28px; color: #ffffff;\">Contato<\/span><\/p>\n<p>[\/vc_column_text][\/vc_column][\/vc_row][vc_row full_width=&#8221;stretch_row_content_no_spaces&#8221; css=&#8221;.vc_custom_1582719519550{margin-top: 10px !important;}&#8221;][vc_column css=&#8221;.vc_custom_1538908117168{padding-top: 0px !important;}&#8221;][vc_gmaps link=&#8221;#E-8_JTNDaWZyYW1lJTIwc3JjJTNEJTIyaHR0cHMlM0ElMkYlMkZ3d3cuZ29vZ2xlLmNvbSUyRm1hcHMlMkZlbWJlZCUzRnBiJTNEJTIxMW0xOCUyMTFtMTIlMjExbTMlMjExZDMwNzkuNTMzNTc3NjM2MzM5NSUyMTJkLTAuNTY2Mzg5Mzg0MzUyODQ0NyUyMTNkMzkuNDc5ODY0NjIwMDA0MTYlMjEybTMlMjExZjAlMjEyZjAlMjEzZjAlMjEzbTIlMjExaTEwMjQlMjEyaTc2OCUyMTRmMTMuMSUyMTNtMyUyMTFtMiUyMTFzMHhkNjA1NzgyMWQ2ZmM0MzklMjUzQTB4NWIwMDQ3MDkzZjhjYzU2OSUyMTJzSE9EUyUyNTIwLSUyNTIwSG9tZSUyNTIwT2ZmaWNlJTI1MjBEZWxpdmVyeSUyNTIwU2VydmljZXMlMjUyMFMuTC4lMjE1ZTAlMjEzbTIlMjExc2VzJTIxMnNlcyUyMTR2MTYzNTQwNzMyMTQzNSUyMTVtMiUyMTFzZXMlMjEyc2VzJTIyJTIwd2lkdGglM0QlMjI4MDAlMjIlMjBoZWlnaHQlM0QlMjIzMDAlMjIlMjBzdHlsZSUzRCUyMmJvcmRlciUzQTAlM0IlMjIlMjBhbGxvd2Z1bGxzY3JlZW4lM0QlMjIlMjIlMjBsb2FkaW5nJTNEJTIybGF6eSUyMiUzRSUzQyUyRmlmcmFtZSUzRQ==&#8221;][\/vc_column][\/vc_row][vc_row full_width=&#8221;stretch_row&#8221; full_height=&#8221;yes&#8221; content_placement=&#8221;top&#8221; parallax=&#8221;content-moving&#8221; css=&#8221;.vc_custom_1582732879637{margin-top: 20px !important;padding-bottom: 20px !important;background-image: url(https:\/\/www.hods.eu\/wp-content\/uploads\/contact-background.jpg?id=22573) !important;background-position: center;background-repeat: no-repeat !important;background-size: cover !important;}&#8221;][vc_column][vc_row_inner css=&#8221;.vc_custom_1582732575816{padding-bottom: 20px !important;}&#8221;][vc_column_inner width=&#8221;1\/2&#8243;]<div class=\"title-subtile-holder text-left\"><h6 class=\"section-title  dark_title\"><\/h6><h1 class=\"section-subtitle  dark_subtitle\">Contato<\/h1><p class=\"section-description  dark_description\"><\/p><\/div>[\/vc_column_inner][vc_column_inner width=&#8221;1\/2&#8243;][\/vc_column_inner][\/vc_row_inner][vc_row_inner][vc_column_inner width=&#8221;1\/2&#8243;]\n<div class=\"wpcf7 no-js\" id=\"wpcf7-f23004-o1\" lang=\"pt-PT\" dir=\"ltr\" data-wpcf7-id=\"23004\">\n<div class=\"screen-reader-response\"><p role=\"status\" aria-live=\"polite\" aria-atomic=\"true\"><\/p> <ul><\/ul><\/div>\n<form action=\"\/pt-pt\/wp-json\/wp\/v2\/pages\/23055#wpcf7-f23004-o1\" method=\"post\" class=\"wpcf7-form init\" aria-label=\"Formul\u00e1rio de contacto\" novalidate=\"novalidate\" data-status=\"init\">\n<fieldset class=\"hidden-fields-container\"><input type=\"hidden\" name=\"_wpcf7\" value=\"23004\" \/><input type=\"hidden\" name=\"_wpcf7_version\" value=\"6.1.5\" \/><input type=\"hidden\" name=\"_wpcf7_locale\" value=\"pt_PT\" \/><input type=\"hidden\" name=\"_wpcf7_unit_tag\" value=\"wpcf7-f23004-o1\" \/><input type=\"hidden\" name=\"_wpcf7_container_post\" value=\"0\" \/><input type=\"hidden\" name=\"_wpcf7_posted_data_hash\" value=\"\" \/><input type=\"hidden\" name=\"_wpcf7_recaptcha_response\" value=\"\" \/>\n<\/fieldset>\n<p><label> Nome e sobrenome *<br \/>\n<span class=\"wpcf7-form-control-wrap\" data-name=\"nombre-contacto\"><input size=\"40\" maxlength=\"400\" class=\"wpcf7-form-control wpcf7-text wpcf7-validates-as-required\" aria-required=\"true\" aria-invalid=\"false\" value=\"\" type=\"text\" name=\"nombre-contacto\" \/><\/span> <\/label><br \/>\n<label> Neg\u00f3cio *<br \/>\n<span class=\"wpcf7-form-control-wrap\" data-name=\"empresa-contacto\"><input size=\"40\" maxlength=\"400\" class=\"wpcf7-form-control wpcf7-text wpcf7-validates-as-required\" aria-required=\"true\" aria-invalid=\"false\" value=\"\" type=\"text\" name=\"empresa-contacto\" \/><\/span> <\/label><br \/>\n<label> Email *<br \/>\n<span class=\"wpcf7-form-control-wrap\" data-name=\"email-contacto\"><input size=\"40\" maxlength=\"400\" class=\"wpcf7-form-control wpcf7-email wpcf7-validates-as-required wpcf7-text wpcf7-validates-as-email\" aria-required=\"true\" aria-invalid=\"false\" value=\"\" type=\"email\" name=\"email-contacto\" \/><\/span> <\/label><br \/>\n<label> Telefone *<br \/>\n<span class=\"wpcf7-form-control-wrap\" data-name=\"telefono-contacto\"><input size=\"40\" maxlength=\"400\" class=\"wpcf7-form-control wpcf7-tel wpcf7-validates-as-required wpcf7-text wpcf7-validates-as-tel\" aria-required=\"true\" aria-invalid=\"false\" value=\"\" type=\"tel\" name=\"telefono-contacto\" \/><\/span> <\/label><br \/>\n<label> \u00bfC\u00f3mo nos ha conocido?*<br \/>\n<span class=\"wpcf7-form-control-wrap\" data-name=\"procedencia\"><select class=\"wpcf7-form-control wpcf7-select wpcf7-validates-as-required\" aria-required=\"true\" aria-invalid=\"false\" name=\"procedencia\"><option value=\"\">&#8212;Por favor escolha uma op\u00e7\u00e3o&#8212;<\/option><option value=\"Por um conhecido\">Por um conhecido<\/option><option value=\"E-mail - newsletters\">E-mail - newsletters<\/option><option value=\"Website\">Website<\/option><option value=\"Feira comercial\">Feira comercial<\/option><option value=\"Redes sociais\">Redes sociais<\/option><option value=\"Publicidade impressa (cat\u00e1logos, brochuras, etc.)\">Publicidade impressa (cat\u00e1logos, brochuras, etc.)<\/option><option value=\"An\u00fancios\">An\u00fancios<\/option><option value=\"Europages\">Europages<\/option><option value=\"Outros\">Outros<\/option><\/select><\/span><br \/>\n<\/label><br \/>\n<label> Assunto<br \/>\n<span class=\"wpcf7-form-control-wrap\" data-name=\"asunto\"><input size=\"40\" maxlength=\"400\" class=\"wpcf7-form-control wpcf7-text\" aria-invalid=\"false\" value=\"\" type=\"text\" name=\"asunto\" \/><\/span> <\/label><br \/>\n<label> Mensagem<br \/>\n<span class=\"wpcf7-form-control-wrap\" data-name=\"mensaje\"><textarea cols=\"40\" rows=\"10\" maxlength=\"2000\" class=\"wpcf7-form-control wpcf7-textarea\" aria-invalid=\"false\" name=\"mensaje\"><\/textarea><\/span> <\/label>\n<\/p>\n<p><span class=\"wpcf7-form-control-wrap\" data-name=\"acepto-terminos\"><span class=\"wpcf7-form-control wpcf7-acceptance\"><span class=\"wpcf7-list-item\"><label><input type=\"checkbox\" name=\"acepto-terminos\" value=\"1\" aria-invalid=\"false\" \/><span class=\"wpcf7-list-item-label\">Aceito o <a href=\"https:\/\/www.hods.eu\/en\/privacy-policy\/\" target=\"_blank\">Pol\u00edtica de privacidade<\/a>.<\/span><\/label><\/span><\/span><\/span>\n<\/p>\n<p><input class=\"wpcf7-form-control wpcf7-submit has-spinner\" type=\"submit\" value=\"enviar\" \/>\n<\/p><div class=\"wpcf7-response-output\" aria-hidden=\"true\"><\/div>\n<\/form>\n<\/div>\n[\/vc_column_inner][vc_column_inner width=&#8221;1\/2&#8243;][vc_column_text css=&#8221;.vc_custom_1643813907053{margin-bottom: 5px !important;padding-top: 10px !important;padding-right: 10px !important;padding-bottom: 10px !important;padding-left: 10px !important;background-color: #017ec1 !important;}&#8221;]<\/p>\n<p style=\"text-align: left; color: white;\">C\/ Dels Matalafers 29<\/p>\n<p style=\"text-align: left; color: white;\">Pol\u00edgono Industrial Mas\u00eda San Antonio de Poyo<\/p>\n<p style=\"text-align: left; color: white;\">Sector 13<\/p>\n<p style=\"text-align: left; color: white;\">Riba-Roja de T\u00faria, 46394 (Valencia)<\/p>\n<p style=\"text-align: left; color: white;\"><a style=\"color: white;\" href=\"tel:0034961642607\">+34 961 642 607<\/a><\/p>\n<p style=\"text-align: left; color: white;\"><a style=\"color: white;\" href=\"tel:0034961640152\">+34 961 640 152<\/a><\/p>\n<p style=\"text-align: left; color: white;\"><a style=\"color: white;\" href=\"mailto:comercial@hods.eu\">comercial@hods.eu<\/a><\/p>\n<p>[\/vc_column_text][vc_empty_space][vc_column_text]<\/p>\n<p style=\"text-align: justify;\"><strong>Aviso Legal:<\/strong><br \/>\n<span style=\"font-size: 11px;\">Respons\u00e1vel: Home Office Delivery Services, S.L. &#8211; NIF: B98648470 Endere\u00e7o postal: C\/ dels Matalafers N\u00ba29 &#8211; Ribarroja del Turia 46394 Valencia.<\/span><br \/>\n<span style=\"font-size: 11px;\">Em nome da empresa, tratamos as informa\u00e7\u00f5es fornecidas neste formul\u00e1rio de contato com o objetivo de atender ao seu pedido de informa\u00e7\u00f5es e mant\u00ea-lo informado sobre nossos produtos e\/ou servi\u00e7os. <strong>Bases Legais de Tratamento:<\/strong> Interesse leg\u00edtimo, baseado em inform\u00e1-lo sobre nossos servi\u00e7os, produtos e quando necess\u00e1rio, seu consentimento. <strong>Per\u00edodos de conserva\u00e7\u00e3o:<\/strong> Os dados fornecidos ser\u00e3o mantidos enquanto voc\u00ea n\u00e3o solicitar a cessa\u00e7\u00e3o da atividade. <strong>Grupo alvo:<\/strong> Os dados n\u00e3o ser\u00e3o transmitidos a terceiros, excepto quando existir uma obriga\u00e7\u00e3o legal. <strong>Direitos:<\/strong> Pode revogar o seu consentimento e exercer os seus direitos de acesso, rectifica\u00e7\u00e3o, oposi\u00e7\u00e3o, limita\u00e7\u00e3o, transporte e elimina\u00e7\u00e3o dos dados perante o respons\u00e1vel pelo tratamento de dados no C\/ dels Matalafers N\u00ba29 &#8211; Ribarroja del Turia 46394 Valencia.<\/span><\/p>\n<p>[\/vc_column_text][\/vc_column_inner][\/vc_row_inner][\/vc_column][\/vc_row]<\/p>\n<\/section>","protected":false},"excerpt":{"rendered":"<p>[vc_row full_width=&#8221;stretch_row&#8221; css=&#8221;.vc_custom_1582714339429{padding-bottom: 25px !important;background-color: #017ec1 !important;}&#8221;][vc_column][vc_column_text] Contato [\/vc_column_text][\/vc_column][\/vc_row][vc_row full_width=&#8221;stretch_row_content_no_spaces&#8221; css=&#8221;.vc_custom_1582719519550{margin-top: 10px !important;}&#8221;][vc_column css=&#8221;.vc_custom_1538908117168{padding-top: 0px !important;}&#8221;][vc_gmaps link=&#8221;#E-8_JTNDaWZyYW1lJTIwc3JjJTNEJTIyaHR0cHMlM0ElMkYlMkZ3d3cuZ29vZ2xlLmNvbSUyRm1hcHMlMkZlbWJlZCUzRnBiJTNEJTIxMW0xOCUyMTFtMTIlMjExbTMlMjExZDMwNzkuNTMzNTc3NjM2MzM5NSUyMTJkLTAuNTY2Mzg5Mzg0MzUyODQ0NyUyMTNkMzkuNDc5ODY0NjIwMDA0MTYlMjEybTMlMjExZjAlMjEyZjAlMjEzZjAlMjEzbTIlMjExaTEwMjQlMjEyaTc2OCUyMTRmMTMuMSUyMTNtMyUyMTFtMiUyMTFzMHhkNjA1NzgyMWQ2ZmM0MzklMjUzQTB4NWIwMDQ3MDkzZjhjYzU2OSUyMTJzSE9EUyUyNTIwLSUyNTIwSG9tZSUyNTIwT2ZmaWNlJTI1MjBEZWxpdmVyeSUyNTIwU2VydmljZXMlMjUyMFMuTC4lMjE1ZTAlMjEzbTIlMjExc2VzJTIxMnNlcyUyMTR2MTYzNTQwNzMyMTQzNSUyMTVtMiUyMTFzZXMlMjEyc2VzJTIyJTIwd2lkdGglM0QlMjI4MDAlMjIlMjBoZWlnaHQlM0QlMjIzMDAlMjIlMjBzdHlsZSUzRCUyMmJvcmRlciUzQTAlM0IlMjIlMjBhbGxvd2Z1bGxzY3JlZW4lM0QlMjIlMjIlMjBsb2FkaW5nJTNEJTIybGF6eSUyMiUzRSUzQyUyRmlmcmFtZSUzRQ==&#8221;][\/vc_column][\/vc_row][vc_row full_width=&#8221;stretch_row&#8221; full_height=&#8221;yes&#8221; content_placement=&#8221;top&#8221; parallax=&#8221;content-moving&#8221; css=&#8221;.vc_custom_1582732879637{margin-top: 20px !important;padding-bottom: 20px !important;background-image: url(https:\/\/www.hods.eu\/wp-content\/uploads\/contact-background.jpg?id=22573) !important;background-position: center;background-repeat: no-repeat !important;background-size: cover !important;}&#8221;][vc_column][vc_row_inner css=&#8221;.vc_custom_1582732575816{padding-bottom: 20px !important;}&#8221;][vc_column_inner width=&#8221;1\/2&#8243;][\/vc_column_inner][vc_column_inner width=&#8221;1\/2&#8243;][\/vc_column_inner][\/vc_row_inner][vc_row_inner][vc_column_inner width=&#8221;1\/2&#8243;][\/vc_column_inner][vc_column_inner width=&#8221;1\/2&#8243;][vc_column_text css=&#8221;.vc_custom_1643813907053{margin-bottom: 5px !important;padding-top: 10px !important;padding-right: 10px !important;padding-bottom: 10px !important;padding-left: 10px !important;background-color: #017ec1 !important;}&#8221;] C\/ Dels [&hellip;]<\/p>\n","protected":false},"author":1,"featured_media":0,"parent":0,"menu_order":0,"comment_status":"closed","ping_status":"closed","template":"","meta":{"footnotes":""},"class_list":["post-23055","page","type-page","status-publish","hentry"],"yoast_head":"<!-- This site is optimized with the Yoast SEO plugin v27.3 - https:\/\/yoast.com\/product\/yoast-seo-wordpress\/ -->\n<title>Contato - Localiza\u00e7\u00e3o, Telefone, E-Mail - Contacte-nos - HODS<\/title>\n<meta name=\"description\" content=\"Contacte o HODS. Home Office Delivery Services S.L. garrafas PET, tampas de 5 gal\u00f5es, dispensadores de \u00e1gua, transporte e acess\u00f3rios.\" \/>\n<meta name=\"robots\" content=\"index, follow, max-snippet:-1, max-image-preview:large, max-video-preview:-1\" \/>\n<link rel=\"canonical\" href=\"https:\/\/www.hods.eu\/pt-pt\/contato\/\" \/>\n<meta property=\"og:locale\" content=\"pt_PT\" \/>\n<meta property=\"og:type\" content=\"article\" \/>\n<meta property=\"og:title\" content=\"Contato - Localiza\u00e7\u00e3o, Telefone, E-Mail - Contacte-nos - HODS\" \/>\n<meta property=\"og:description\" content=\"Contacte o HODS. Home Office Delivery Services S.L. garrafas PET, tampas de 5 gal\u00f5es, dispensadores de \u00e1gua, transporte e acess\u00f3rios.\" \/>\n<meta property=\"og:url\" content=\"https:\/\/www.hods.eu\/pt-pt\/contato\/\" \/>\n<meta property=\"og:site_name\" content=\"HODS\" \/>\n<meta property=\"article:modified_time\" content=\"2022-02-02T14:58:30+00:00\" \/>\n<meta name=\"twitter:card\" content=\"summary_large_image\" \/>\n<meta name=\"twitter:label1\" content=\"Tempo estimado de leitura\" \/>\n\t<meta name=\"twitter:data1\" content=\"2 minutos\" \/>\n<script type=\"application\/ld+json\" class=\"yoast-schema-graph\">{\"@context\":\"https:\\\/\\\/schema.org\",\"@graph\":[{\"@type\":\"WebPage\",\"@id\":\"https:\\\/\\\/www.hods.eu\\\/pt-pt\\\/contato\\\/\",\"url\":\"https:\\\/\\\/www.hods.eu\\\/pt-pt\\\/contato\\\/\",\"name\":\"Contato - Localiza\u00e7\u00e3o, Telefone, E-Mail - Contacte-nos - HODS\",\"isPartOf\":{\"@id\":\"https:\\\/\\\/www.hods.eu\\\/pt-pt\\\/#website\"},\"datePublished\":\"2020-03-03T13:15:56+00:00\",\"dateModified\":\"2022-02-02T14:58:30+00:00\",\"description\":\"Contacte o HODS. Home Office Delivery Services S.L. garrafas PET, tampas de 5 gal\u00f5es, dispensadores de \u00e1gua, transporte e acess\u00f3rios.\",\"breadcrumb\":{\"@id\":\"https:\\\/\\\/www.hods.eu\\\/pt-pt\\\/contato\\\/#breadcrumb\"},\"inLanguage\":\"pt-PT\",\"potentialAction\":[{\"@type\":\"ReadAction\",\"target\":[\"https:\\\/\\\/www.hods.eu\\\/pt-pt\\\/contato\\\/\"]}]},{\"@type\":\"BreadcrumbList\",\"@id\":\"https:\\\/\\\/www.hods.eu\\\/pt-pt\\\/contato\\\/#breadcrumb\",\"itemListElement\":[{\"@type\":\"ListItem\",\"position\":1,\"name\":\"Portada\",\"item\":\"https:\\\/\\\/www.hods.eu\\\/pt-pt\\\/\"},{\"@type\":\"ListItem\",\"position\":2,\"name\":\"Contato\"}]},{\"@type\":\"WebSite\",\"@id\":\"https:\\\/\\\/www.hods.eu\\\/pt-pt\\\/#website\",\"url\":\"https:\\\/\\\/www.hods.eu\\\/pt-pt\\\/\",\"name\":\"HODS\",\"description\":\"water? drink with us\",\"publisher\":{\"@id\":\"https:\\\/\\\/www.hods.eu\\\/pt-pt\\\/#organization\"},\"potentialAction\":[{\"@type\":\"SearchAction\",\"target\":{\"@type\":\"EntryPoint\",\"urlTemplate\":\"https:\\\/\\\/www.hods.eu\\\/pt-pt\\\/?s={search_term_string}\"},\"query-input\":{\"@type\":\"PropertyValueSpecification\",\"valueRequired\":true,\"valueName\":\"search_term_string\"}}],\"inLanguage\":\"pt-PT\"},{\"@type\":\"Organization\",\"@id\":\"https:\\\/\\\/www.hods.eu\\\/pt-pt\\\/#organization\",\"name\":\"HODS\",\"url\":\"https:\\\/\\\/www.hods.eu\\\/pt-pt\\\/\",\"logo\":{\"@type\":\"ImageObject\",\"inLanguage\":\"pt-PT\",\"@id\":\"https:\\\/\\\/www.hods.eu\\\/pt-pt\\\/#\\\/schema\\\/logo\\\/image\\\/\",\"url\":\"https:\\\/\\\/www.hods.eu\\\/wp-content\\\/uploads\\\/hods-completo-blanco2.jpg\",\"contentUrl\":\"https:\\\/\\\/www.hods.eu\\\/wp-content\\\/uploads\\\/hods-completo-blanco2.jpg\",\"width\":500,\"height\":179,\"caption\":\"HODS\"},\"image\":{\"@id\":\"https:\\\/\\\/www.hods.eu\\\/pt-pt\\\/#\\\/schema\\\/logo\\\/image\\\/\"}}]}<\/script>\n<!-- \/ Yoast SEO plugin. -->","yoast_head_json":{"title":"Contato - Localiza\u00e7\u00e3o, Telefone, E-Mail - Contacte-nos - HODS","description":"Contacte o HODS. Home Office Delivery Services S.L. garrafas PET, tampas de 5 gal\u00f5es, dispensadores de \u00e1gua, transporte e acess\u00f3rios.","robots":{"index":"index","follow":"follow","max-snippet":"max-snippet:-1","max-image-preview":"max-image-preview:large","max-video-preview":"max-video-preview:-1"},"canonical":"https:\/\/www.hods.eu\/pt-pt\/contato\/","og_locale":"pt_PT","og_type":"article","og_title":"Contato - Localiza\u00e7\u00e3o, Telefone, E-Mail - Contacte-nos - HODS","og_description":"Contacte o HODS. Home Office Delivery Services S.L. garrafas PET, tampas de 5 gal\u00f5es, dispensadores de \u00e1gua, transporte e acess\u00f3rios.","og_url":"https:\/\/www.hods.eu\/pt-pt\/contato\/","og_site_name":"HODS","article_modified_time":"2022-02-02T14:58:30+00:00","twitter_card":"summary_large_image","twitter_misc":{"Tempo estimado de leitura":"2 minutos"},"schema":{"@context":"https:\/\/schema.org","@graph":[{"@type":"WebPage","@id":"https:\/\/www.hods.eu\/pt-pt\/contato\/","url":"https:\/\/www.hods.eu\/pt-pt\/contato\/","name":"Contato - Localiza\u00e7\u00e3o, Telefone, E-Mail - Contacte-nos - HODS","isPartOf":{"@id":"https:\/\/www.hods.eu\/pt-pt\/#website"},"datePublished":"2020-03-03T13:15:56+00:00","dateModified":"2022-02-02T14:58:30+00:00","description":"Contacte o HODS. Home Office Delivery Services S.L. garrafas PET, tampas de 5 gal\u00f5es, dispensadores de \u00e1gua, transporte e acess\u00f3rios.","breadcrumb":{"@id":"https:\/\/www.hods.eu\/pt-pt\/contato\/#breadcrumb"},"inLanguage":"pt-PT","potentialAction":[{"@type":"ReadAction","target":["https:\/\/www.hods.eu\/pt-pt\/contato\/"]}]},{"@type":"BreadcrumbList","@id":"https:\/\/www.hods.eu\/pt-pt\/contato\/#breadcrumb","itemListElement":[{"@type":"ListItem","position":1,"name":"Portada","item":"https:\/\/www.hods.eu\/pt-pt\/"},{"@type":"ListItem","position":2,"name":"Contato"}]},{"@type":"WebSite","@id":"https:\/\/www.hods.eu\/pt-pt\/#website","url":"https:\/\/www.hods.eu\/pt-pt\/","name":"HODS","description":"water? drink with us","publisher":{"@id":"https:\/\/www.hods.eu\/pt-pt\/#organization"},"potentialAction":[{"@type":"SearchAction","target":{"@type":"EntryPoint","urlTemplate":"https:\/\/www.hods.eu\/pt-pt\/?s={search_term_string}"},"query-input":{"@type":"PropertyValueSpecification","valueRequired":true,"valueName":"search_term_string"}}],"inLanguage":"pt-PT"},{"@type":"Organization","@id":"https:\/\/www.hods.eu\/pt-pt\/#organization","name":"HODS","url":"https:\/\/www.hods.eu\/pt-pt\/","logo":{"@type":"ImageObject","inLanguage":"pt-PT","@id":"https:\/\/www.hods.eu\/pt-pt\/#\/schema\/logo\/image\/","url":"https:\/\/www.hods.eu\/wp-content\/uploads\/hods-completo-blanco2.jpg","contentUrl":"https:\/\/www.hods.eu\/wp-content\/uploads\/hods-completo-blanco2.jpg","width":500,"height":179,"caption":"HODS"},"image":{"@id":"https:\/\/www.hods.eu\/pt-pt\/#\/schema\/logo\/image\/"}}]}},"_links":{"self":[{"href":"https:\/\/www.hods.eu\/pt-pt\/wp-json\/wp\/v2\/pages\/23055","targetHints":{"allow":["GET"]}}],"collection":[{"href":"https:\/\/www.hods.eu\/pt-pt\/wp-json\/wp\/v2\/pages"}],"about":[{"href":"https:\/\/www.hods.eu\/pt-pt\/wp-json\/wp\/v2\/types\/page"}],"author":[{"embeddable":true,"href":"https:\/\/www.hods.eu\/pt-pt\/wp-json\/wp\/v2\/users\/1"}],"replies":[{"embeddable":true,"href":"https:\/\/www.hods.eu\/pt-pt\/wp-json\/wp\/v2\/comments?post=23055"}],"version-history":[{"count":5,"href":"https:\/\/www.hods.eu\/pt-pt\/wp-json\/wp\/v2\/pages\/23055\/revisions"}],"predecessor-version":[{"id":30694,"href":"https:\/\/www.hods.eu\/pt-pt\/wp-json\/wp\/v2\/pages\/23055\/revisions\/30694"}],"wp:attachment":[{"href":"https:\/\/www.hods.eu\/pt-pt\/wp-json\/wp\/v2\/media?parent=23055"}],"curies":[{"name":"wp","href":"https:\/\/api.w.org\/{rel}","templated":true}]}}