{"id":22990,"date":"2020-03-03T09:50:04","date_gmt":"2020-03-03T08:50:04","guid":{"rendered":"https:\/\/www.hods.eu\/politica-de-privacidade\/"},"modified":"2023-01-27T10:34:39","modified_gmt":"2023-01-27T09:34:39","slug":"politica-de-privacidade","status":"publish","type":"page","link":"https:\/\/www.hods.eu\/pt-pt\/politica-de-privacidade\/","title":{"rendered":"Pol\u00edtica de Privacidade"},"content":{"rendered":"<section class=\"wpb-content-wrapper\"><p>[vc_row full_width=&#8221;stretch_row&#8221; css=&#8221;.vc_custom_1582794333979{padding-bottom: 25px !important;background-color: #017ec1 !important;}&#8221;][vc_column][vc_column_text]<\/p>\r\n<p style=\"text-align: center; font-size: 28px; color: #fff;\">Pol\u00edtica de Privacidade<\/p>\r\n<p>[\/vc_column_text][\/vc_column][\/vc_row][vc_row css=&#8221;.vc_custom_1582806827391{margin-top: 15px !important;margin-bottom: 20px !important;background-color: #f4f4f4 !important;border-radius: 10px !important;}&#8221;][vc_column][vc_text_separator title=&#8221;Pol\u00edtica de Privacidade&#8221; title_align=&#8221;separator_align_left&#8221; color=&#8221;custom&#8221; css=&#8221;.vc_custom_1582800016584{margin-bottom: 20px !important;}&#8221; accent_color=&#8221;#474747&#8243;][vc_column_text css=&#8221;.vc_custom_1583144472454{margin-bottom: 20px !important;}&#8221;]<\/p>\r\n<p><span style=\"color: #474747;\">Para proteger os direitos individuais, especialmente em rela\u00e7\u00e3o ao processamento autom\u00e1tico e com o desejo de ser transparente com o Utilizador, HOME OFFICE DELIVERY DELIVERY SERVICES, S.L.U. (a partir de agora, <strong>hods<\/strong>) estabeleceu uma pol\u00edtica que inclui todo esse processamento, os objectivos prosseguidos por este \u00faltimo, a legitimidade do mesmo e tamb\u00e9m os instrumentos \u00e0 disposi\u00e7\u00e3o do Utilizador para que este possa exercer os seus direitos.<\/span><\/p>\r\n<p><span style=\"color: #474747;\">Ao navegar neste site, voc\u00ea aceita as seguintes disposi\u00e7\u00f5es e condi\u00e7\u00f5es de uso.<\/span><\/p>\r\n<p><span style=\"color: #474747;\">O uso de cookies ser\u00e1 aceito.<\/span><\/p>\r\n<p><span style=\"color: #474747;\">Se voc\u00ea n\u00e3o concordar, por favor envie um e-mail para hods@hods.eu.<\/span><\/p>\r\n<p><span style=\"color: #474747;\">A vers\u00e3o atualizada desta pol\u00edtica de privacidade \u00e9 a \u00fanica aplic\u00e1vel durante o per\u00edodo de uso do site at\u00e9 que haja outra vers\u00e3o que a substitua.<\/span><\/p>\r\n<p><span style=\"color: #474747;\">O Utilizador que fornece dados pessoais atrav\u00e9s deste website \u00e9 informado da sua incorpora\u00e7\u00e3o nos ficheiros de <strong>hods<\/strong>.\u00a0A HOLDER \u00e9 obrigada a manter um registo do tratamento destes dados, que deve ser mantido actualizado.<\/span><\/p>\r\n<p><span style=\"color: #474747;\">Para mais informa\u00e7\u00f5es sobre a protec\u00e7\u00e3o de dados pessoais, convidamo-lo a consultar o website da AEPD (Ag\u00eancia Espanhola de Protec\u00e7\u00e3o de Dados) <a style=\"color: #808080;\" href=\"https:\/\/www.agpd.es\/portalwebAGPD\/index-ides-idphp.php\">https:\/\/www.agpd.es\/portalwebAGPD\/index-ides-idphp.php<\/a>.<\/span><\/p>\r\n<p>[\/vc_column_text][\/vc_column][\/vc_row][vc_row css=&#8221;.vc_custom_1582799266347{margin-bottom: 20px !important;background-color: #f4f4f4 !important;border-radius: 10px !important;}&#8221;][vc_column][vc_text_separator title=&#8221;Recolha de dados&#8221; title_align=&#8221;separator_align_left&#8221; color=&#8221;custom&#8221; css=&#8221;.vc_custom_1582800044776{margin-bottom: 20px !important;}&#8221; accent_color=&#8221;#474747&#8243;][vc_column_text css=&#8221;.vc_custom_1582799581260{margin-bottom: 20px !important;}&#8221;]<\/p>\r\n<p><span style=\"color: #474747;\">Os seus dados s\u00e3o recolhidos pela HOLDER.<\/span><\/p>\r\n<p><span style=\"color: #474747;\">Os dados pessoais referem-se a todas as informa\u00e7\u00f5es relativas a uma pessoa singular identificada ou identific\u00e1vel (titular dos dados). Uma pessoa identific\u00e1vel \u00e9 aquela que pode ser identificada, directa ou indirectamente, em particular por refer\u00eancia a um nome, um n\u00famero de identifica\u00e7\u00e3o (DNI, NIF, NIE, passaporte).<\/span><\/p>\r\n<p>[\/vc_column_text][\/vc_column][\/vc_row][vc_row css=&#8221;.vc_custom_1582799272794{margin-bottom: 20px !important;background-color: #f4f4f4 !important;border-radius: 10px !important;}&#8221;][vc_column][vc_text_separator title=&#8221;Com que finalidade s\u00e3o processados os seus dados pessoais?&#8221; title_align=&#8221;separator_align_left&#8221; color=&#8221;custom&#8221; css=&#8221;.vc_custom_1582800066903{margin-bottom: 20px !important;}&#8221; accent_color=&#8221;#474747&#8243;][vc_column_text css=&#8221;.vc_custom_1582799598283{margin-bottom: 20px !important;}&#8221;]<\/p>\r\n<p><span style=\"color: #474747;\">A finalidade do processamento dos dados pessoais que podem ser recolhidos \u00e9 principalmente utilizada pela HOLDER para gerir a sua rela\u00e7\u00e3o consigo, para oferecer produtos e servi\u00e7os de acordo com os seus interesses, para melhorar a sua experi\u00eancia de utilizador e, quando apropriado, para processar os seus pedidos, solicita\u00e7\u00f5es ou encomendas.<\/span><\/p>\r\n<p><span style=\"color: #474747;\">Um perfil comercial ser\u00e1 elaborado com base nas informa\u00e7\u00f5es que voc\u00ea fornecer. Nenhuma decis\u00e3o automatizada ser\u00e1 tomada com base neste perfil.<\/span><\/p>\r\n<p><span style=\"color: #474747;\">Os dados fornecidos ser\u00e3o mantidos enquanto a rela\u00e7\u00e3o comercial for mantida, desde que a elimina\u00e7\u00e3o n\u00e3o seja solicitada pelo interessado, ou durante os anos necess\u00e1rios para o cumprimento das obriga\u00e7\u00f5es legais.<\/span><\/p>\r\n<p><span style=\"color: #474747;\">Eles ser\u00e3o registrados no arquivo do cliente e seu tratamento ser\u00e1 registrado no registro de tratamento que a HOLDER deve manter.<\/span><\/p>\r\n<p>[\/vc_column_text][\/vc_column][\/vc_row][vc_row css=&#8221;.vc_custom_1582799277856{margin-bottom: 20px !important;background-color: #f4f4f4 !important;border-radius: 10px !important;}&#8221;][vc_column][vc_text_separator title=&#8221;Qual \u00e9 a legitimidade para o processamento dos seus dados?&#8221; title_align=&#8221;separator_align_left&#8221; color=&#8221;custom&#8221; css=&#8221;.vc_custom_1582800077854{margin-bottom: 20px !important;}&#8221; accent_color=&#8221;#474747&#8243;][vc_column_text css=&#8221;.vc_custom_1582799624838{margin-bottom: 20px !important;}&#8221;]<\/p>\r\n<p><span style=\"color: #474747;\">A base legal para o processamento dos seus dados pessoais \u00e9:<\/span><\/p>\r\n<ul>\r\n<li><span style=\"color: #474747;\">A correcta execu\u00e7\u00e3o ou cumprimento da presta\u00e7\u00e3o do servi\u00e7o.<\/span><\/li>\r\n<li><span style=\"color: #474747;\">O leg\u00edtimo interesse do HOLDER.<\/span><\/li>\r\n<\/ul>\r\n<p>[\/vc_column_text][\/vc_column][\/vc_row][vc_row css=&#8221;.vc_custom_1582799295993{margin-bottom: 20px !important;background-color: #f4f4f4 !important;border-radius: 10px !important;}&#8221;][vc_column][vc_text_separator title=&#8221;A que destinat\u00e1rios ser\u00e3o comunicados os dados?&#8221; title_align=&#8221;separator_align_left&#8221; color=&#8221;custom&#8221; css=&#8221;.vc_custom_1582800089591{margin-bottom: 20px !important;}&#8221; accent_color=&#8221;#474747&#8243;][vc_column_text css=&#8221;.vc_custom_1582799715548{margin-bottom: 20px !important;}&#8221;]<\/p>\r\n<p><span style=\"color: #474747;\">Os dados pessoais do Utilizador poder\u00e3o eventualmente ser comunicados a terceiros relacionados com a HOLDER mediante contrato para a realiza\u00e7\u00e3o das tarefas necess\u00e1rias para a gest\u00e3o da sua conta como cliente e sem a sua autoriza\u00e7\u00e3o.<\/span><\/p>\r\n<p><span style=\"color: #474747;\">Tamb\u00e9m quando as comunica\u00e7\u00f5es t\u00eam de ser feitas \u00e0s autoridades caso o Utilizador tenha realizado ac\u00e7\u00f5es contr\u00e1rias \u00e0 Lei ou n\u00e3o tenha cumprido o conte\u00fado do aviso legal.<\/span><\/p>\r\n<p><span style=\"color: #474747;\">Os dados do Usu\u00e1rio podem ser comunicados a outras empresas do grupo, se houver, para fins administrativos internos que possam envolver o processamento de tais dados.<\/span><\/p>\r\n<p><span style=\"color: #474747;\">Quando alguns dados s\u00e3o obrigat\u00f3rios para aceder a funcionalidades espec\u00edficas do site, a HOLDER deve indicar esse car\u00e1cter obrigat\u00f3rio no momento da recolha de dados do Utilizador.<\/span><\/p>\r\n<p>[\/vc_column_text][\/vc_column][\/vc_row][vc_row css=&#8221;.vc_custom_1582801693305{margin-bottom: 20px !important;background-color: #f4f4f4 !important;border-radius: 10px !important;}&#8221;][vc_column][vc_text_separator title=&#8221;Direitos do usu\u00e1rio&#8221; title_align=&#8221;separator_align_left&#8221; color=&#8221;custom&#8221; css=&#8221;.vc_custom_1582800098583{margin-bottom: 20px !important;}&#8221; accent_color=&#8221;#474747&#8243;][vc_column_text css=&#8221;.vc_custom_1583144527358{margin-bottom: 20px !important;}&#8221;]<\/p>\r\n<p><span style=\"color: #474747;\">O utilizador \u00e9 informado da possibilidade de exercer os seus direitos de acesso, rectifica\u00e7\u00e3o, cancelamento e oposi\u00e7\u00e3o. Cada pessoa tem tamb\u00e9m o direito de limitar o tratamento dos seus dados pessoais, o direito de apagar a transfer\u00eancia dos dados pessoais transmitidos ao respons\u00e1vel pelo tratamento dos dados e o direito \u00e0 transfer\u00eancia dos seus dados.<\/span><\/p>\r\n<p><span style=\"color: #474747;\">O utilizador tem a possibilidade de apresentar uma reclama\u00e7\u00e3o junto da AEPD (Ag\u00eancia Espanhola de Protec\u00e7\u00e3o de Dados) ou do organismo competente da respectiva Comunidade Aut\u00f3noma, quando n\u00e3o tenha obtido uma solu\u00e7\u00e3o satisfat\u00f3ria no exerc\u00edcio dos seus direitos, atrav\u00e9s de um escrito dirigido \u00e0 mesma.<\/span><\/p>\r\n<p><span style=\"color: #474747;\">A menos que o Usu\u00e1rio se oponha, enviando um e-mail para o endere\u00e7o hods@hods.eu, seus dados podem ser usados, quando apropriado, para o envio de informa\u00e7\u00f5es comerciais de <strong>hods<\/strong>.<\/span><\/p>\r\n<p><span style=\"color: #474747;\">Os dados fornecidos ser\u00e3o mantidos durante toda a dura\u00e7\u00e3o da rela\u00e7\u00e3o comercial ou durante os anos necess\u00e1rios para cumprir com as obriga\u00e7\u00f5es legais.<\/span><\/p>\r\n<p><span style=\"color: #474747;\">O Utilizador \u00e9 respons\u00e1vel pela veracidade das informa\u00e7\u00f5es que fornece atrav\u00e9s deste website, sendo respons\u00e1vel pela exactid\u00e3o de todos os dados que comunica e ir\u00e1 mant\u00ea-los actualizados para que reflictam uma situa\u00e7\u00e3o real, sendo respons\u00e1vel pelas informa\u00e7\u00f5es falsas ou inexactas que fornece e pelos danos, inconvenientes e problemas que possam causar a <b>hods <\/b> ou a terceiros.<\/span><\/p>\r\n<p><span style=\"color: #474747;\">Esta informa\u00e7\u00e3o ser\u00e1 mantida e gerida com a devida confidencialidade, aplicando as medidas de seguran\u00e7a inform\u00e1tica necess\u00e1rias para evitar o acesso ou uso indevido dos seus dados, a sua manipula\u00e7\u00e3o, deteriora\u00e7\u00e3o ou perda.<\/span><\/p>\r\n<p><span style=\"color: #474747;\">No entanto, o Utilizador deve ter em conta que a seguran\u00e7a dos sistemas inform\u00e1ticos nunca \u00e9 absoluta. Quando dados pessoais s\u00e3o fornecidos atrav\u00e9s da Internet, tais informa\u00e7\u00f5es podem ser coletadas sem o seu consentimento e processadas por terceiros n\u00e3o autorizados. <strong>hods<\/strong> declina qualquer responsabilidade pelas consequ\u00eancias de tais actos para o Utilizador, se ele ou ela publicar voluntariamente a informa\u00e7\u00e3o.<\/span><\/p>\r\n<p><span style=\"color: #474747;\">Voc\u00ea pode acessar e exercer esses direitos por meio de um pedido escrito e assinado que pode ser enviado \u00e0 sede social de <b>hods <\/b> que aparece na parte inferior desta p\u00e1gina, anexando uma fotoc\u00f3pia do seu bilhete de identidade ou documento equivalente.<\/span><\/p>\r\n<p><span style=\"color: #474747;\">Voc\u00ea tamb\u00e9m pode enviar o seu pedido usando o formul\u00e1rio de contato neste site.<\/span><\/p>\r\n<p><span style=\"color: #474747;\">Para sua informa\u00e7\u00e3o, informamos que o Respons\u00e1vel pela Protec\u00e7\u00e3o de Dados \u00e9 <strong>hods<\/strong>.<\/span><\/p>\r\n<p><span style=\"color: #474747;\">Estes direitos ser\u00e3o concedidos no prazo de um m\u00eas, que pode ser prolongado at\u00e9 dois meses se a complexidade do pedido ou o n\u00famero de pedidos recebidos assim o exigir. Isto sem preju\u00edzo do dever de manter certos dados em termos legais e at\u00e9 que as poss\u00edveis responsabilidades decorrentes de um poss\u00edvel processamento, ou, se aplic\u00e1vel, de uma rela\u00e7\u00e3o contratual, sejam prescritas.<\/span><\/p>\r\n<p>[\/vc_column_text][\/vc_column][\/vc_row][vc_row css=&#8221;.vc_custom_1582801380394{margin-bottom: 20px !important;background-color: #017ec1 !important;border-radius: 10px !important;}&#8221;][vc_column][vc_column_text css=&#8221;.vc_custom_1582805258447{margin-bottom: 20px !important;}&#8221;]<\/p>\r\n<p style=\"color: #fff;\">HODS<br \/>Home Office Delivery Services, S.L.U.<br \/>Carrer dels Matalafers, 29.<br \/>Pol\u00edgono Industrial Mas\u00eda San Antonio de Poyo, sector 13.<br \/>46394 &#8211; Riba-roja de T\u00faria.<br \/>Valencia (Espanha)<\/p>\r\n<p>[\/vc_column_text][\/vc_column][\/vc_row]<\/p><\/section>","protected":false},"excerpt":{"rendered":"<p>[vc_row full_width=&#8221;stretch_row&#8221; css=&#8221;.vc_custom_1582794333979{padding-bottom: 25px !important;background-color: #017ec1 !important;}&#8221;][vc_column][vc_column_text] Pol\u00edtica de Privacidade [\/vc_column_text][\/vc_column][\/vc_row][vc_row css=&#8221;.vc_custom_1582806827391{margin-top: 15px !important;margin-bottom: 20px !important;background-color: #f4f4f4 !important;border-radius: 10px !important;}&#8221;][vc_column][vc_text_separator title=&#8221;Pol\u00edtica de Privacidade&#8221; title_align=&#8221;separator_align_left&#8221; color=&#8221;custom&#8221; css=&#8221;.vc_custom_1582800016584{margin-bottom: 20px !important;}&#8221; accent_color=&#8221;#474747&#8243;][vc_column_text css=&#8221;.vc_custom_1583144472454{margin-bottom: 20px !important;}&#8221;] Para proteger os direitos individuais, especialmente em rela\u00e7\u00e3o ao processamento autom\u00e1tico e com o desejo de ser transparente com o Utilizador, HOME OFFICE [&hellip;]<\/p>\n","protected":false},"author":1,"featured_media":0,"parent":0,"menu_order":0,"comment_status":"closed","ping_status":"open","template":"","meta":{"footnotes":""},"class_list":["post-22990","page","type-page","status-publish","hentry"],"yoast_head":"<!-- This site is optimized with the Yoast SEO plugin v27.5 - https:\/\/yoast.com\/product\/yoast-seo-wordpress\/ -->\n<title>Pol\u00edtica de Privacidade - HODS<\/title>\n<meta name=\"description\" content=\"Pol\u00edtica de Privacidade. HODS \u00e9 um fabricante de garrafas PET e distribuidor de tampas, dispensadores de \u00e1gua e acess\u00f3rios.\" \/>\n<meta name=\"robots\" content=\"index, follow, max-snippet:-1, max-image-preview:large, max-video-preview:-1\" \/>\n<link rel=\"canonical\" href=\"https:\/\/www.hods.eu\/pt-pt\/politica-de-privacidade\/\" \/>\n<meta property=\"og:locale\" content=\"pt_PT\" \/>\n<meta property=\"og:type\" content=\"article\" \/>\n<meta property=\"og:title\" content=\"Pol\u00edtica de Privacidade - HODS\" \/>\n<meta property=\"og:description\" content=\"Pol\u00edtica de Privacidade. HODS \u00e9 um fabricante de garrafas PET e distribuidor de tampas, dispensadores de \u00e1gua e acess\u00f3rios.\" \/>\n<meta property=\"og:url\" content=\"https:\/\/www.hods.eu\/pt-pt\/politica-de-privacidade\/\" \/>\n<meta property=\"og:site_name\" content=\"HODS\" \/>\n<meta property=\"article:modified_time\" content=\"2023-01-27T09:34:39+00:00\" \/>\n<meta name=\"twitter:card\" content=\"summary_large_image\" \/>\n<meta name=\"twitter:label1\" content=\"Tempo estimado de leitura\" \/>\n\t<meta name=\"twitter:data1\" content=\"6 minutos\" \/>\n<script type=\"application\/ld+json\" class=\"yoast-schema-graph\">{\"@context\":\"https:\\\/\\\/schema.org\",\"@graph\":[{\"@type\":\"WebPage\",\"@id\":\"https:\\\/\\\/www.hods.eu\\\/pt-pt\\\/politica-de-privacidade\\\/\",\"url\":\"https:\\\/\\\/www.hods.eu\\\/pt-pt\\\/politica-de-privacidade\\\/\",\"name\":\"Pol\u00edtica de Privacidade - HODS\",\"isPartOf\":{\"@id\":\"https:\\\/\\\/www.hods.eu\\\/pt-pt\\\/#website\"},\"datePublished\":\"2020-03-03T08:50:04+00:00\",\"dateModified\":\"2023-01-27T09:34:39+00:00\",\"description\":\"Pol\u00edtica de Privacidade. HODS \u00e9 um fabricante de garrafas PET e distribuidor de tampas, dispensadores de \u00e1gua e acess\u00f3rios.\",\"breadcrumb\":{\"@id\":\"https:\\\/\\\/www.hods.eu\\\/pt-pt\\\/politica-de-privacidade\\\/#breadcrumb\"},\"inLanguage\":\"pt-PT\",\"potentialAction\":[{\"@type\":\"ReadAction\",\"target\":[\"https:\\\/\\\/www.hods.eu\\\/pt-pt\\\/politica-de-privacidade\\\/\"]}]},{\"@type\":\"BreadcrumbList\",\"@id\":\"https:\\\/\\\/www.hods.eu\\\/pt-pt\\\/politica-de-privacidade\\\/#breadcrumb\",\"itemListElement\":[{\"@type\":\"ListItem\",\"position\":1,\"name\":\"Portada\",\"item\":\"https:\\\/\\\/www.hods.eu\\\/pt-pt\\\/\"},{\"@type\":\"ListItem\",\"position\":2,\"name\":\"Pol\u00edtica de Privacidade\"}]},{\"@type\":\"WebSite\",\"@id\":\"https:\\\/\\\/www.hods.eu\\\/pt-pt\\\/#website\",\"url\":\"https:\\\/\\\/www.hods.eu\\\/pt-pt\\\/\",\"name\":\"HODS\",\"description\":\"water? drink with us\",\"publisher\":{\"@id\":\"https:\\\/\\\/www.hods.eu\\\/pt-pt\\\/#organization\"},\"potentialAction\":[{\"@type\":\"SearchAction\",\"target\":{\"@type\":\"EntryPoint\",\"urlTemplate\":\"https:\\\/\\\/www.hods.eu\\\/pt-pt\\\/?s={search_term_string}\"},\"query-input\":{\"@type\":\"PropertyValueSpecification\",\"valueRequired\":true,\"valueName\":\"search_term_string\"}}],\"inLanguage\":\"pt-PT\"},{\"@type\":\"Organization\",\"@id\":\"https:\\\/\\\/www.hods.eu\\\/pt-pt\\\/#organization\",\"name\":\"HODS\",\"url\":\"https:\\\/\\\/www.hods.eu\\\/pt-pt\\\/\",\"logo\":{\"@type\":\"ImageObject\",\"inLanguage\":\"pt-PT\",\"@id\":\"https:\\\/\\\/www.hods.eu\\\/pt-pt\\\/#\\\/schema\\\/logo\\\/image\\\/\",\"url\":\"https:\\\/\\\/www.hods.eu\\\/wp-content\\\/uploads\\\/hods-completo-blanco2.jpg\",\"contentUrl\":\"https:\\\/\\\/www.hods.eu\\\/wp-content\\\/uploads\\\/hods-completo-blanco2.jpg\",\"width\":500,\"height\":179,\"caption\":\"HODS\"},\"image\":{\"@id\":\"https:\\\/\\\/www.hods.eu\\\/pt-pt\\\/#\\\/schema\\\/logo\\\/image\\\/\"}}]}<\/script>\n<!-- \/ Yoast SEO plugin. -->","yoast_head_json":{"title":"Pol\u00edtica de Privacidade - HODS","description":"Pol\u00edtica de Privacidade. HODS \u00e9 um fabricante de garrafas PET e distribuidor de tampas, dispensadores de \u00e1gua e acess\u00f3rios.","robots":{"index":"index","follow":"follow","max-snippet":"max-snippet:-1","max-image-preview":"max-image-preview:large","max-video-preview":"max-video-preview:-1"},"canonical":"https:\/\/www.hods.eu\/pt-pt\/politica-de-privacidade\/","og_locale":"pt_PT","og_type":"article","og_title":"Pol\u00edtica de Privacidade - HODS","og_description":"Pol\u00edtica de Privacidade. HODS \u00e9 um fabricante de garrafas PET e distribuidor de tampas, dispensadores de \u00e1gua e acess\u00f3rios.","og_url":"https:\/\/www.hods.eu\/pt-pt\/politica-de-privacidade\/","og_site_name":"HODS","article_modified_time":"2023-01-27T09:34:39+00:00","twitter_card":"summary_large_image","twitter_misc":{"Tempo estimado de leitura":"6 minutos"},"schema":{"@context":"https:\/\/schema.org","@graph":[{"@type":"WebPage","@id":"https:\/\/www.hods.eu\/pt-pt\/politica-de-privacidade\/","url":"https:\/\/www.hods.eu\/pt-pt\/politica-de-privacidade\/","name":"Pol\u00edtica de Privacidade - HODS","isPartOf":{"@id":"https:\/\/www.hods.eu\/pt-pt\/#website"},"datePublished":"2020-03-03T08:50:04+00:00","dateModified":"2023-01-27T09:34:39+00:00","description":"Pol\u00edtica de Privacidade. HODS \u00e9 um fabricante de garrafas PET e distribuidor de tampas, dispensadores de \u00e1gua e acess\u00f3rios.","breadcrumb":{"@id":"https:\/\/www.hods.eu\/pt-pt\/politica-de-privacidade\/#breadcrumb"},"inLanguage":"pt-PT","potentialAction":[{"@type":"ReadAction","target":["https:\/\/www.hods.eu\/pt-pt\/politica-de-privacidade\/"]}]},{"@type":"BreadcrumbList","@id":"https:\/\/www.hods.eu\/pt-pt\/politica-de-privacidade\/#breadcrumb","itemListElement":[{"@type":"ListItem","position":1,"name":"Portada","item":"https:\/\/www.hods.eu\/pt-pt\/"},{"@type":"ListItem","position":2,"name":"Pol\u00edtica de Privacidade"}]},{"@type":"WebSite","@id":"https:\/\/www.hods.eu\/pt-pt\/#website","url":"https:\/\/www.hods.eu\/pt-pt\/","name":"HODS","description":"water? drink with us","publisher":{"@id":"https:\/\/www.hods.eu\/pt-pt\/#organization"},"potentialAction":[{"@type":"SearchAction","target":{"@type":"EntryPoint","urlTemplate":"https:\/\/www.hods.eu\/pt-pt\/?s={search_term_string}"},"query-input":{"@type":"PropertyValueSpecification","valueRequired":true,"valueName":"search_term_string"}}],"inLanguage":"pt-PT"},{"@type":"Organization","@id":"https:\/\/www.hods.eu\/pt-pt\/#organization","name":"HODS","url":"https:\/\/www.hods.eu\/pt-pt\/","logo":{"@type":"ImageObject","inLanguage":"pt-PT","@id":"https:\/\/www.hods.eu\/pt-pt\/#\/schema\/logo\/image\/","url":"https:\/\/www.hods.eu\/wp-content\/uploads\/hods-completo-blanco2.jpg","contentUrl":"https:\/\/www.hods.eu\/wp-content\/uploads\/hods-completo-blanco2.jpg","width":500,"height":179,"caption":"HODS"},"image":{"@id":"https:\/\/www.hods.eu\/pt-pt\/#\/schema\/logo\/image\/"}}]}},"_links":{"self":[{"href":"https:\/\/www.hods.eu\/pt-pt\/wp-json\/wp\/v2\/pages\/22990","targetHints":{"allow":["GET"]}}],"collection":[{"href":"https:\/\/www.hods.eu\/pt-pt\/wp-json\/wp\/v2\/pages"}],"about":[{"href":"https:\/\/www.hods.eu\/pt-pt\/wp-json\/wp\/v2\/types\/page"}],"author":[{"embeddable":true,"href":"https:\/\/www.hods.eu\/pt-pt\/wp-json\/wp\/v2\/users\/1"}],"replies":[{"embeddable":true,"href":"https:\/\/www.hods.eu\/pt-pt\/wp-json\/wp\/v2\/comments?post=22990"}],"version-history":[{"count":3,"href":"https:\/\/www.hods.eu\/pt-pt\/wp-json\/wp\/v2\/pages\/22990\/revisions"}],"predecessor-version":[{"id":30875,"href":"https:\/\/www.hods.eu\/pt-pt\/wp-json\/wp\/v2\/pages\/22990\/revisions\/30875"}],"wp:attachment":[{"href":"https:\/\/www.hods.eu\/pt-pt\/wp-json\/wp\/v2\/media?parent=22990"}],"curies":[{"name":"wp","href":"https:\/\/api.w.org\/{rel}","templated":true}]}}