{"id":22875,"date":"2020-02-03T08:46:01","date_gmt":"2020-02-03T07:46:01","guid":{"rendered":"https:\/\/www.hods.eu\/hods\/"},"modified":"2023-02-17T16:21:47","modified_gmt":"2023-02-17T15:21:47","slug":"hods","status":"publish","type":"page","link":"https:\/\/www.hods.eu\/pt-pt\/hods\/","title":{"rendered":"hods"},"content":{"rendered":"<section class=\"wpb-content-wrapper\"><p>[vc_row full_width=&#8221;stretch_row&#8221; css=&#8221;.vc_custom_1582708982878{padding-bottom: 25px !important;background-color: #017ec1 !important;}&#8221;][vc_column][vc_column_text]<\/p>\n<p style=\"text-align: left;\"><span style=\"font-size: 28px; color: #ffffff;\">HODS &#8211; Sobre n\u00f3s<\/span><\/p>\n<p>[\/vc_column_text][\/vc_column][\/vc_row][vc_row full_width=&#8221;stretch_row_content&#8221; gap=&#8221;35&#8243; css=&#8221;.vc_custom_1582889149167{margin-right: 100px !important;margin-bottom: 20px !important;margin-left: 100px !important;}&#8221;][vc_column css=&#8221;.vc_custom_1582879359528{margin-right: 100px !important;margin-left: 100px !important;}&#8221;][vc_raw_html]JTVCcmV2X3NsaWRlciUyMGFsaWFzJTNEJTIyaG9kcy0xMiUyMiU1RCU1QiUyRnJldl9zbGlkZXIlNUQ=[\/vc_raw_html][\/vc_column][\/vc_row][vc_row full_width=&#8221;stretch_row_content&#8221; gap=&#8221;30&#8243; equal_height=&#8221;yes&#8221; content_placement=&#8221;middle&#8221;][vc_column width=&#8221;2\/5&#8243;]<style type=\"text\/css\">\n                .sweetthemes_button .btn_custom_69deca44c67f2 {\n                    background: #017ec1 !important;\n                }\n                .sweetthemes_button .btn_custom_69deca44c67f2:hover {                   \n                    color: #dddddd !important;                     \n                }\n                .sweetthemes_button .btn_custom_69deca44c67f2:before {\n                    background:  !important;\n                }\n                .sweetthemes_button .btn_custom_69deca44c67f2 {\n                    border-color:  !important;\n                }\n                .sweetthemes_button .btn_custom_69deca44c67f2:hover {                   \n                    border-color:  !important;                     \n                }\n\n              <\/style><div class=\"text-center sweetthemes_button \"><a  href=\"https:\/\/drive.google.com\/file\/d\/1X5Ay33qXQ1XzlYEnY3hL53UjCaKHFMt4\/view\" class=\"button-winona btn btn-lg btn_custom_69deca44c67f2\" style=\"color:\">\n        <i class=\"fa fa-file-pdf-o\"><\/i>\n    Baixar apresenta\u00e7\u00e3o da empresa<\/a><\/div>[vc_empty_space][vc_column_text css=&#8221;.vc_custom_1676647303376{padding-top: 10px !important;padding-right: 20px !important;padding-bottom: 20px !important;padding-left: 20px !important;background-color: #017ec1 !important;border-radius: 10px !important;}&#8221;]<\/p>\n<h2><span style=\"color: #ffffff;\">Os nossos princ\u00edpios<\/span><\/h2>\n<p>&nbsp;<\/p>\n<p style=\"text-align: justify;\"><span style=\"color: #ffffff;\"><strong>Compromisso com o Ambiente<\/strong><\/span><br \/>\n<span style=\"color: #ffffff; text-align: justify;\">O cuidado com o ambiente est\u00e1 nas m\u00e3os de todos. Pela nossa parte, estamos empenhados em produtos <strong> reutiliz\u00e1veis<\/strong> como as nossas garrafas, com um elevado n\u00famero de utiliza\u00e7\u00f5es para evitar que sejam constantemente alterados. Tamb\u00e9m trabalhamos com materiais <strong>recicl\u00e1veis<\/strong> para deixar a menor pegada poss\u00edvel na natureza.<\/span><\/p>\n<p style=\"text-align: justify;\"><span style=\"color: #017ec1;\"><strong>.<\/strong><\/span><\/p>\n<p style=\"text-align: justify;\"><span style=\"color: #ffffff;\"><strong>Competitividade e Inova\u00e7\u00e3o<\/strong><\/span><br \/>\n<span style=\"color: #ffffff; text-align: justify;\">A inova\u00e7\u00e3o \u00e9 a nossa diferencia\u00e7\u00e3o. Gra\u00e7as \u00e0 equipa de PD&amp;i que melhora continuamente os produtos e processos, a liga\u00e7\u00e3o produto\/servi\u00e7o constante \u00e9 mantida. Esta \u00e9 a base da nossa competitividade.<\/span><\/p>\n<p style=\"text-align: justify;\"><span style=\"color: #017ec1;\"><strong>.<\/strong><\/span><\/p>\n<p style=\"text-align: justify;\"><span style=\"color: #ffffff;\"><strong>Efici\u00eancia e Servi\u00e7o<\/strong><\/span><br \/>\n<span style=\"color: #ffffff; text-align: justify;\">Reconhecemos que um servi\u00e7o \u00f3ptimo n\u00e3o termina com a entrega de um produto em perfeitas condi\u00e7\u00f5es e dentro do prazo. \u00c9 por isso que ligamos os nossos produtos a um servi\u00e7o que tem continuidade gra\u00e7as ao nosso Servi\u00e7o P\u00f3s-Venda.<\/span><\/p>\n<p style=\"text-align: justify;\"><span style=\"color: #017ec1;\"><strong>.<\/strong><\/span><\/p>\n<p style=\"text-align: justify;\"><span style=\"color: #ffffff;\"><strong>Qualidade e Sa\u00fade<\/strong><\/span><br \/>\n<span style=\"color: #ffffff; text-align: justify;\">Estamos convencidos de que a qualidade e a vigil\u00e2ncia sanit\u00e1ria rigorosa dos nossos produtos est\u00e3o ligadas. \u00c9 por isso que verificamos e certificamos cada passo dos nossos processos. A fim de detectar e prevenir indicadores fora dos nossos padr\u00f5es de Qualidade e Higiene.<\/span><\/p>\n<p style=\"text-align: justify;\"><span style=\"color: #017ec1;\"><strong>.<\/strong><\/span><\/p>\n<p style=\"text-align: justify;\"><span style=\"color: #ffffff;\"><strong>Confian\u00e7a e responsabilidade<\/strong><\/span><br \/>\n<span style=\"color: #ffffff; text-align: justify;\">Formamos uma equipa unida que assume a responsabilidade pelo que faz e alcan\u00e7a. Desenvolvemos rela\u00e7\u00f5es comerciais honestas tanto com os clientes por sermos pr\u00f3ximos e sinceros, como com a natureza, utilizando materiais totalmente recicl\u00e1veis, saud\u00e1veis e higi\u00e9nicos para os seres humanos.<\/span><\/p>\n<p>[\/vc_column_text][\/vc_column][vc_column width=&#8221;3\/5&#8243;][vc_column_text css=&#8221;.vc_custom_1603889550099{background-color: #ffffff !important;}&#8221;]<\/p>\n<h4 style=\"text-align: justify;\"><span style=\"font-size: 16px; color: #474747;\">Podemos oferecer tudo isto porque trabalhamos para a EXCEL\u00caNCIA DOS NOSSOS PRODUTOS da EXCEL\u00caNCIA DAS PESSOAS.<\/span><\/h4>\n<p style=\"text-align: justify;\"><span style=\"font-size: 16px; color: #474747;\">Somos profissionais altamente treinados que d\u00e3o tudo todos os dias. Somos din\u00e2micos porque sabemos como adaptar o Hods ao mercado em todos os momentos. Trabalhamos em equipa para criar um ambiente de trabalho gratificante do qual os clientes beneficiam ao comprar <a href=\"https:\/\/www.hods.eu\/pt-pt\/qualidade\/\">Qualidade<\/a> e <a href=\"https:\/\/www.hods.eu\/pt-pt\/servico-tecnico\/\">Servi\u00e7o<\/a> como em nenhum outro lugar.<\/span><\/p>\n<p>[\/vc_column_text][vc_empty_space height=&#8221;25px&#8221;][vc_column_text css=&#8221;.vc_custom_1603706115568{padding-top: 20px !important;padding-right: 20px !important;padding-bottom: 20px !important;padding-left: 20px !important;background-color: #e2e2e2 !important;border-radius: 10px !important;}&#8221;]<\/p>\n<p style=\"text-align: justify;\"><span style=\"color: #474747;\"><b><img loading=\"lazy\" decoding=\"async\" class=\"size-full wp-image-22848 alignleft\" src=\"https:\/\/www.hods.eu\/wp-content\/uploads\/ft.jpg\" alt=\"\" width=\"147\" height=\"104\" \/>Financial Times<\/b><\/span><\/p>\n<p style=\"text-align: justify;\"><span style=\"color: #474747;\">O Financial Times classifica o <strong>Hods<\/strong> entre as 1000 empresas europeias com crescimento mais r\u00e1pido.<\/span><\/p>\n<p style=\"text-align: justify;\"><span style=\"color: #474747;\">Um impulso para seguir em frente!<\/span><\/p>\n<p>[\/vc_column_text][vc_empty_space height=&#8221;25px&#8221;][vc_column_text css=&#8221;.vc_custom_1603706184784{padding-top: 20px !important;padding-right: 20px !important;padding-bottom: 20px !important;padding-left: 20px !important;background-color: #e2e2e2 !important;border-radius: 10px !important;}&#8221;]<\/p>\n<p style=\"text-align: justify;\"><span style=\"; color: #474747;\"><strong><img loading=\"lazy\" decoding=\"async\" class=\" wp-image-22843 alignleft\" src=\"https:\/\/www.hods.eu\/wp-content\/uploads\/iso.png\" alt=\"\" width=\"101\" height=\"117\" srcset=\"https:\/\/www.hods.eu\/wp-content\/uploads\/iso.png 147w, https:\/\/www.hods.eu\/wp-content\/uploads\/iso-130x150.png 130w\" sizes=\"auto, (max-width: 101px) 100vw, 101px\" \/>ISO 9001<\/strong><\/span><\/p>\n<p style=\"text-align: justify;\"><span style=\"color: #474747;\">A certifica\u00e7\u00e3o ISO 9001:2015 compromete-nos a um progresso constante. A gest\u00e3o da qualidade \u00e9 um dos pilares b\u00e1sicos de Hods, tanto em termos do produto como do servi\u00e7o oferecido, e \u00e9 por isso que procuramos melhorar todos os dias.<\/span><\/p>\n<p style=\"text-align: justify;\"><span style=\"color: #474747;\">Concentramos os nossos esfor\u00e7os na satisfa\u00e7\u00e3o das necessidades dos nossos clientes, por isso procuramos a competitividade atrav\u00e9s de uma melhor gest\u00e3o da qualidade.<\/span><\/p>\n<p>[\/vc_column_text][vc_empty_space height=&#8221;25px&#8221;][vc_column_text css=&#8221;.vc_custom_1603792247273{padding-top: 20px !important;padding-right: 20px !important;padding-bottom: 20px !important;padding-left: 20px !important;background-color: #e2e2e2 !important;border-radius: 10px !important;}&#8221;]<span style=\"; color: #474747;\"><strong><img loading=\"lazy\" decoding=\"async\" class=\"alignnone wp-image-27491 alignleft\" src=\"https:\/\/www.hods.eu\/wp-content\/uploads\/aenor_confia.png\" alt=\"\" width=\"250\" height=\"77\" srcset=\"https:\/\/www.hods.eu\/wp-content\/uploads\/aenor_confia.png 500w, https:\/\/www.hods.eu\/wp-content\/uploads\/aenor_confia-300x92.png 300w, https:\/\/www.hods.eu\/wp-content\/uploads\/aenor_confia-150x46.png 150w\" sizes=\"auto, (max-width: 250px) 100vw, 250px\" \/>Certificados de AENOR<\/strong><\/span><\/p>\n<p style=\"text-align: left;\"><span style=\"color: #474747;\">Tanto as nossas tampas de 5 gal\u00f5es como as nossas garrafas s\u00e3o analisadas pelos laborat\u00f3rios <a href=\"https:\/\/www.aenor.com\/\">AENOR<\/a>. Estas an\u00e1lises certificam a qualidade dos nossos produtos.\u00a0<\/span><\/p>\n<p>[\/vc_column_text][vc_empty_space height=&#8221;25px&#8221;][vc_column_text css=&#8221;.vc_custom_1603706348523{padding-top: 20px !important;padding-right: 20px !important;padding-bottom: 20px !important;padding-left: 20px !important;background-color: #e2e2e2 !important;border-radius: 10px !important;}&#8221;]<\/p>\n<p style=\"text-align: justify;\"><span style=\"; color: #474747;\"><strong><img loading=\"lazy\" decoding=\"async\" class=\"wp-image-27483 alignleft\" src=\"https:\/\/www.hods.eu\/wp-content\/uploads\/ce.png\" alt=\"\" width=\"124\" height=\"92\" srcset=\"https:\/\/www.hods.eu\/wp-content\/uploads\/ce.png 500w, https:\/\/www.hods.eu\/wp-content\/uploads\/ce-300x223.png 300w, https:\/\/www.hods.eu\/wp-content\/uploads\/ce-150x111.png 150w\" sizes=\"auto, (max-width: 124px) 100vw, 124px\" \/> Marca\u00e7\u00e3o CE<\/strong><\/span><\/p>\n<p style=\"text-align: justify;\"><span style=\"color: #474747;\">Todos os nossos produtos est\u00e3o em conformidade com a conformidade europeia, cumprindo todos os requisitos legais e t\u00e9cnicos necess\u00e1rios em termos de seguran\u00e7a. Al\u00e9m disso, cada produto foi previamente avaliado antes da sua introdu\u00e7\u00e3o no mercado.<\/span><\/p>\n<p>[\/vc_column_text][vc_empty_space height=&#8221;25px&#8221;][vc_column_text css=&#8221;.vc_custom_1603792258346{padding-top: 20px !important;padding-right: 20px !important;padding-bottom: 20px !important;padding-left: 20px !important;background-color: #e2e2e2 !important;border-radius: 10px !important;}&#8221;]<span style=\"; color: #474747;\"><strong><img loading=\"lazy\" decoding=\"async\" class=\"alignnone wp-image-27501 alignleft\" src=\"https:\/\/www.hods.eu\/wp-content\/uploads\/registra.png\" alt=\"\" width=\"167\" height=\"64\" srcset=\"https:\/\/www.hods.eu\/wp-content\/uploads\/registra.png 282w, https:\/\/www.hods.eu\/wp-content\/uploads\/registra-150x57.png 150w\" sizes=\"auto, (max-width: 167px) 100vw, 167px\" \/>Registro Sanit\u00e1rio<\/strong><\/span><\/p>\n<p style=\"text-align: justify;\"><span style=\"color: #474747;\"><strong>Hods<\/strong> est\u00e1 inscrito no Registo Geral de Empresas de Alimenta\u00e7\u00e3o e Nutri\u00e7\u00e3o gerido pela Ag\u00eancia Espanhola de Seguran\u00e7a Alimentar e Nutri\u00e7\u00e3o (AESAN), cujo objectivo \u00e9 proteger a sa\u00fade p\u00fablica e os interesses dos consumidores.<\/span><\/p>\n<p>[\/vc_column_text][\/vc_column][\/vc_row]<\/p>\n<\/section>","protected":false},"excerpt":{"rendered":"<p>[vc_row full_width=&#8221;stretch_row&#8221; css=&#8221;.vc_custom_1582708982878{padding-bottom: 25px !important;background-color: #017ec1 !important;}&#8221;][vc_column][vc_column_text] HODS &#8211; Sobre n\u00f3s [\/vc_column_text][\/vc_column][\/vc_row][vc_row full_width=&#8221;stretch_row_content&#8221; gap=&#8221;35&#8243; css=&#8221;.vc_custom_1582889149167{margin-right: 100px !important;margin-bottom: 20px !important;margin-left: 100px !important;}&#8221;][vc_column css=&#8221;.vc_custom_1582879359528{margin-right: 100px !important;margin-left: 100px !important;}&#8221;][vc_raw_html]JTVCcmV2X3NsaWRlciUyMGFsaWFzJTNEJTIyaG9kcy0xMiUyMiU1RCU1QiUyRnJldl9zbGlkZXIlNUQ=[\/vc_raw_html][\/vc_column][\/vc_row][vc_row full_width=&#8221;stretch_row_content&#8221; gap=&#8221;30&#8243; equal_height=&#8221;yes&#8221; content_placement=&#8221;middle&#8221;][vc_column width=&#8221;2\/5&#8243;][vc_empty_space][vc_column_text css=&#8221;.vc_custom_1676647303376{padding-top: 10px !important;padding-right: 20px !important;padding-bottom: 20px !important;padding-left: 20px !important;background-color: #017ec1 !important;border-radius: 10px !important;}&#8221;] Os nossos princ\u00edpios &nbsp; Compromisso com o Ambiente O cuidado com [&hellip;]<\/p>\n","protected":false},"author":1,"featured_media":27395,"parent":0,"menu_order":0,"comment_status":"closed","ping_status":"closed","template":"","meta":{"footnotes":""},"class_list":["post-22875","page","type-page","status-publish","has-post-thumbnail","hentry"],"yoast_head":"<!-- This site is optimized with the Yoast SEO plugin v27.3 - https:\/\/yoast.com\/product\/yoast-seo-wordpress\/ -->\n<title>hods - Sobre n\u00f3s, conhe\u00e7a a nossa empresa - HODS<\/title>\n<meta name=\"description\" content=\"hods - Sobre n\u00f3s. Queremos apresentar-lhe a nossa diferencia\u00e7\u00e3o, dar-lhe uma vis\u00e3o global do que o Hods \u00e9 e do que podemos trazer at\u00e9 si.\" \/>\n<meta name=\"robots\" content=\"index, follow, max-snippet:-1, max-image-preview:large, max-video-preview:-1\" \/>\n<link rel=\"canonical\" href=\"https:\/\/www.hods.eu\/pt-pt\/hods\/\" \/>\n<meta property=\"og:locale\" content=\"pt_PT\" \/>\n<meta property=\"og:type\" content=\"article\" \/>\n<meta property=\"og:title\" content=\"hods - Sobre n\u00f3s, conhe\u00e7a a nossa empresa - HODS\" \/>\n<meta property=\"og:description\" content=\"hods - Sobre n\u00f3s. Queremos apresentar-lhe a nossa diferencia\u00e7\u00e3o, dar-lhe uma vis\u00e3o global do que o Hods \u00e9 e do que podemos trazer at\u00e9 si.\" \/>\n<meta property=\"og:url\" content=\"https:\/\/www.hods.eu\/pt-pt\/hods\/\" \/>\n<meta property=\"og:site_name\" content=\"HODS\" \/>\n<meta property=\"article:modified_time\" content=\"2023-02-17T15:21:47+00:00\" \/>\n<meta property=\"og:image\" content=\"https:\/\/www.hods.eu\/wp-content\/uploads\/hods-2.jpg\" \/>\n\t<meta property=\"og:image:width\" content=\"200\" \/>\n\t<meta property=\"og:image:height\" content=\"200\" \/>\n\t<meta property=\"og:image:type\" content=\"image\/jpeg\" \/>\n<meta name=\"twitter:card\" content=\"summary_large_image\" \/>\n<meta name=\"twitter:label1\" content=\"Tempo estimado de leitura\" \/>\n\t<meta name=\"twitter:data1\" content=\"4 minutos\" \/>\n<script type=\"application\/ld+json\" class=\"yoast-schema-graph\">{\"@context\":\"https:\\\/\\\/schema.org\",\"@graph\":[{\"@type\":\"WebPage\",\"@id\":\"https:\\\/\\\/www.hods.eu\\\/pt-pt\\\/hods\\\/\",\"url\":\"https:\\\/\\\/www.hods.eu\\\/pt-pt\\\/hods\\\/\",\"name\":\"hods - Sobre n\u00f3s, conhe\u00e7a a nossa empresa - HODS\",\"isPartOf\":{\"@id\":\"https:\\\/\\\/www.hods.eu\\\/pt-pt\\\/#website\"},\"primaryImageOfPage\":{\"@id\":\"https:\\\/\\\/www.hods.eu\\\/pt-pt\\\/hods\\\/#primaryimage\"},\"image\":{\"@id\":\"https:\\\/\\\/www.hods.eu\\\/pt-pt\\\/hods\\\/#primaryimage\"},\"thumbnailUrl\":\"https:\\\/\\\/www.hods.eu\\\/wp-content\\\/uploads\\\/hods-2.jpg\",\"datePublished\":\"2020-02-03T07:46:01+00:00\",\"dateModified\":\"2023-02-17T15:21:47+00:00\",\"description\":\"hods - Sobre n\u00f3s. Queremos apresentar-lhe a nossa diferencia\u00e7\u00e3o, dar-lhe uma vis\u00e3o global do que o Hods \u00e9 e do que podemos trazer at\u00e9 si.\",\"breadcrumb\":{\"@id\":\"https:\\\/\\\/www.hods.eu\\\/pt-pt\\\/hods\\\/#breadcrumb\"},\"inLanguage\":\"pt-PT\",\"potentialAction\":[{\"@type\":\"ReadAction\",\"target\":[\"https:\\\/\\\/www.hods.eu\\\/pt-pt\\\/hods\\\/\"]}]},{\"@type\":\"ImageObject\",\"inLanguage\":\"pt-PT\",\"@id\":\"https:\\\/\\\/www.hods.eu\\\/pt-pt\\\/hods\\\/#primaryimage\",\"url\":\"https:\\\/\\\/www.hods.eu\\\/wp-content\\\/uploads\\\/hods-2.jpg\",\"contentUrl\":\"https:\\\/\\\/www.hods.eu\\\/wp-content\\\/uploads\\\/hods-2.jpg\",\"width\":200,\"height\":200,\"caption\":\"Hods, fabricante e distribuidor de garrafas e fontes de \u00e1gua\"},{\"@type\":\"BreadcrumbList\",\"@id\":\"https:\\\/\\\/www.hods.eu\\\/pt-pt\\\/hods\\\/#breadcrumb\",\"itemListElement\":[{\"@type\":\"ListItem\",\"position\":1,\"name\":\"Portada\",\"item\":\"https:\\\/\\\/www.hods.eu\\\/pt-pt\\\/\"},{\"@type\":\"ListItem\",\"position\":2,\"name\":\"hods\"}]},{\"@type\":\"WebSite\",\"@id\":\"https:\\\/\\\/www.hods.eu\\\/pt-pt\\\/#website\",\"url\":\"https:\\\/\\\/www.hods.eu\\\/pt-pt\\\/\",\"name\":\"HODS\",\"description\":\"water? drink with us\",\"publisher\":{\"@id\":\"https:\\\/\\\/www.hods.eu\\\/pt-pt\\\/#organization\"},\"potentialAction\":[{\"@type\":\"SearchAction\",\"target\":{\"@type\":\"EntryPoint\",\"urlTemplate\":\"https:\\\/\\\/www.hods.eu\\\/pt-pt\\\/?s={search_term_string}\"},\"query-input\":{\"@type\":\"PropertyValueSpecification\",\"valueRequired\":true,\"valueName\":\"search_term_string\"}}],\"inLanguage\":\"pt-PT\"},{\"@type\":\"Organization\",\"@id\":\"https:\\\/\\\/www.hods.eu\\\/pt-pt\\\/#organization\",\"name\":\"HODS\",\"url\":\"https:\\\/\\\/www.hods.eu\\\/pt-pt\\\/\",\"logo\":{\"@type\":\"ImageObject\",\"inLanguage\":\"pt-PT\",\"@id\":\"https:\\\/\\\/www.hods.eu\\\/pt-pt\\\/#\\\/schema\\\/logo\\\/image\\\/\",\"url\":\"https:\\\/\\\/www.hods.eu\\\/wp-content\\\/uploads\\\/hods-completo-blanco2.jpg\",\"contentUrl\":\"https:\\\/\\\/www.hods.eu\\\/wp-content\\\/uploads\\\/hods-completo-blanco2.jpg\",\"width\":500,\"height\":179,\"caption\":\"HODS\"},\"image\":{\"@id\":\"https:\\\/\\\/www.hods.eu\\\/pt-pt\\\/#\\\/schema\\\/logo\\\/image\\\/\"}}]}<\/script>\n<!-- \/ Yoast SEO plugin. -->","yoast_head_json":{"title":"hods - Sobre n\u00f3s, conhe\u00e7a a nossa empresa - HODS","description":"hods - Sobre n\u00f3s. Queremos apresentar-lhe a nossa diferencia\u00e7\u00e3o, dar-lhe uma vis\u00e3o global do que o Hods \u00e9 e do que podemos trazer at\u00e9 si.","robots":{"index":"index","follow":"follow","max-snippet":"max-snippet:-1","max-image-preview":"max-image-preview:large","max-video-preview":"max-video-preview:-1"},"canonical":"https:\/\/www.hods.eu\/pt-pt\/hods\/","og_locale":"pt_PT","og_type":"article","og_title":"hods - Sobre n\u00f3s, conhe\u00e7a a nossa empresa - HODS","og_description":"hods - Sobre n\u00f3s. Queremos apresentar-lhe a nossa diferencia\u00e7\u00e3o, dar-lhe uma vis\u00e3o global do que o Hods \u00e9 e do que podemos trazer at\u00e9 si.","og_url":"https:\/\/www.hods.eu\/pt-pt\/hods\/","og_site_name":"HODS","article_modified_time":"2023-02-17T15:21:47+00:00","og_image":[{"width":200,"height":200,"url":"https:\/\/www.hods.eu\/wp-content\/uploads\/hods-2.jpg","type":"image\/jpeg"}],"twitter_card":"summary_large_image","twitter_misc":{"Tempo estimado de leitura":"4 minutos"},"schema":{"@context":"https:\/\/schema.org","@graph":[{"@type":"WebPage","@id":"https:\/\/www.hods.eu\/pt-pt\/hods\/","url":"https:\/\/www.hods.eu\/pt-pt\/hods\/","name":"hods - Sobre n\u00f3s, conhe\u00e7a a nossa empresa - HODS","isPartOf":{"@id":"https:\/\/www.hods.eu\/pt-pt\/#website"},"primaryImageOfPage":{"@id":"https:\/\/www.hods.eu\/pt-pt\/hods\/#primaryimage"},"image":{"@id":"https:\/\/www.hods.eu\/pt-pt\/hods\/#primaryimage"},"thumbnailUrl":"https:\/\/www.hods.eu\/wp-content\/uploads\/hods-2.jpg","datePublished":"2020-02-03T07:46:01+00:00","dateModified":"2023-02-17T15:21:47+00:00","description":"hods - Sobre n\u00f3s. Queremos apresentar-lhe a nossa diferencia\u00e7\u00e3o, dar-lhe uma vis\u00e3o global do que o Hods \u00e9 e do que podemos trazer at\u00e9 si.","breadcrumb":{"@id":"https:\/\/www.hods.eu\/pt-pt\/hods\/#breadcrumb"},"inLanguage":"pt-PT","potentialAction":[{"@type":"ReadAction","target":["https:\/\/www.hods.eu\/pt-pt\/hods\/"]}]},{"@type":"ImageObject","inLanguage":"pt-PT","@id":"https:\/\/www.hods.eu\/pt-pt\/hods\/#primaryimage","url":"https:\/\/www.hods.eu\/wp-content\/uploads\/hods-2.jpg","contentUrl":"https:\/\/www.hods.eu\/wp-content\/uploads\/hods-2.jpg","width":200,"height":200,"caption":"Hods, fabricante e distribuidor de garrafas e fontes de \u00e1gua"},{"@type":"BreadcrumbList","@id":"https:\/\/www.hods.eu\/pt-pt\/hods\/#breadcrumb","itemListElement":[{"@type":"ListItem","position":1,"name":"Portada","item":"https:\/\/www.hods.eu\/pt-pt\/"},{"@type":"ListItem","position":2,"name":"hods"}]},{"@type":"WebSite","@id":"https:\/\/www.hods.eu\/pt-pt\/#website","url":"https:\/\/www.hods.eu\/pt-pt\/","name":"HODS","description":"water? drink with us","publisher":{"@id":"https:\/\/www.hods.eu\/pt-pt\/#organization"},"potentialAction":[{"@type":"SearchAction","target":{"@type":"EntryPoint","urlTemplate":"https:\/\/www.hods.eu\/pt-pt\/?s={search_term_string}"},"query-input":{"@type":"PropertyValueSpecification","valueRequired":true,"valueName":"search_term_string"}}],"inLanguage":"pt-PT"},{"@type":"Organization","@id":"https:\/\/www.hods.eu\/pt-pt\/#organization","name":"HODS","url":"https:\/\/www.hods.eu\/pt-pt\/","logo":{"@type":"ImageObject","inLanguage":"pt-PT","@id":"https:\/\/www.hods.eu\/pt-pt\/#\/schema\/logo\/image\/","url":"https:\/\/www.hods.eu\/wp-content\/uploads\/hods-completo-blanco2.jpg","contentUrl":"https:\/\/www.hods.eu\/wp-content\/uploads\/hods-completo-blanco2.jpg","width":500,"height":179,"caption":"HODS"},"image":{"@id":"https:\/\/www.hods.eu\/pt-pt\/#\/schema\/logo\/image\/"}}]}},"_links":{"self":[{"href":"https:\/\/www.hods.eu\/pt-pt\/wp-json\/wp\/v2\/pages\/22875","targetHints":{"allow":["GET"]}}],"collection":[{"href":"https:\/\/www.hods.eu\/pt-pt\/wp-json\/wp\/v2\/pages"}],"about":[{"href":"https:\/\/www.hods.eu\/pt-pt\/wp-json\/wp\/v2\/types\/page"}],"author":[{"embeddable":true,"href":"https:\/\/www.hods.eu\/pt-pt\/wp-json\/wp\/v2\/users\/1"}],"replies":[{"embeddable":true,"href":"https:\/\/www.hods.eu\/pt-pt\/wp-json\/wp\/v2\/comments?post=22875"}],"version-history":[{"count":2,"href":"https:\/\/www.hods.eu\/pt-pt\/wp-json\/wp\/v2\/pages\/22875\/revisions"}],"predecessor-version":[{"id":30997,"href":"https:\/\/www.hods.eu\/pt-pt\/wp-json\/wp\/v2\/pages\/22875\/revisions\/30997"}],"wp:featuredmedia":[{"embeddable":true,"href":"https:\/\/www.hods.eu\/pt-pt\/wp-json\/wp\/v2\/media\/27395"}],"wp:attachment":[{"href":"https:\/\/www.hods.eu\/pt-pt\/wp-json\/wp\/v2\/media?parent=22875"}],"curies":[{"name":"wp","href":"https:\/\/api.w.org\/{rel}","templated":true}]}}