{"id":22734,"date":"2020-02-03T17:23:50","date_gmt":"2020-02-03T16:23:50","guid":{"rendered":"https:\/\/www.hods.eu\/?page_id=22734"},"modified":"2021-04-29T16:15:17","modified_gmt":"2021-04-29T15:15:17","slug":"rse","status":"publish","type":"page","link":"https:\/\/www.hods.eu\/pt-pt\/rse\/","title":{"rendered":"RSE"},"content":{"rendered":"<section class=\"wpb-content-wrapper\"><p>[vc_row full_width=&#8221;stretch_row&#8221; css=&#8221;.vc_custom_1582713246895{padding-bottom: 25px !important;background-color: #017ec1 !important;}&#8221;][vc_column][vc_column_text]<\/p>\n<p style=\"text-align: left;\"><span style=\"font-size: 28px; color: #ffffff;\">RSE Responsabilidade Social das Empresas<\/span><\/p>\n<p>[\/vc_column_text][\/vc_column][\/vc_row][vc_row full_width=&#8221;stretch_row_content&#8221; gap=&#8221;30&#8243; full_height=&#8221;yes&#8221; columns_placement=&#8221;top&#8221; content_placement=&#8221;top&#8221; css=&#8221;.vc_custom_1602070073431{margin-top: 10px !important;}&#8221;][vc_column width=&#8221;1\/2&#8243;][vc_column_text]<\/p>\n<p style=\"text-align: justify; color: #6d6d6d;\">Para contribuir para a sociedade, a RSE (Responsabilidade Social das Empresas) de Hods colabora com a ag\u00eancia das Na\u00e7\u00f5es Unidas para os refugiados. Milh\u00f5es de pessoas precisam da ajuda do <a href=\"https:\/\/eacnur.org\/es\">ACNUR<\/a> para sobreviverem. E para verem os seus direitos protegidos. Com mais de 65 anos de experi\u00eancia, a ag\u00eancia trabalha em 127 pa\u00edses. Serve as necessidades de todas as pessoas que tiveram de fugir devido \u00e0 guerra, persegui\u00e7\u00e3o ou viola\u00e7\u00f5es dos direitos humanos.<\/p>\n<p style=\"text-align: justify; color: #6d6d6d;\">O mandato do ACNUR consiste em prestar assist\u00eancia humanit\u00e1ria. Proporciona protec\u00e7\u00e3o aos refugiados, deslocados internos, retornados, ap\u00e1tridas e requerentes de asilo em todo o mundo. Durante mais de seis d\u00e9cadas, tem ajudado dezenas de milh\u00f5es de pessoas a reconstruir as suas vidas.<\/p>\n<p style=\"text-align: justify; color: #6d6d6d;\">O ACNUR trabalha para assegurar que aqueles que foram for\u00e7ados a fugir contra a sua vontade. Eles fogem de pa\u00edses onde a pessoa tem raz\u00f5es para temer persegui\u00e7\u00e3o. Oferecem assist\u00eancia e protec\u00e7\u00e3o num pa\u00eds de acolhimento. Actualmente, cerca de 10.000 trabalhadores do ACNUR est\u00e3o presentes em 127 pa\u00edses para assegurar que os direitos humanos s\u00e3o respeitados.<\/p>\n<p style=\"text-align: justify; color: #6d6d6d;\">O pessoal trabalha em v\u00e1rios locais. Tentam sempre proporcionar protec\u00e7\u00e3o e minimizar as amea\u00e7as de viol\u00eancia, incluindo a viol\u00eancia de natureza sexual. \u00c0 qual muitos refugiados est\u00e3o expostos. Procuram-se solu\u00e7\u00f5es duradouras. Ajudam os refugiados a regressar aos seus locais de origem se as condi\u00e7\u00f5es o permitirem. Tentando integr\u00e1-los nos pa\u00edses de acolhimento ou reinstalando-os em pa\u00edses terceiros.<\/p>\n<p>[\/vc_column_text][vc_column_text]<img loading=\"lazy\" decoding=\"async\" class=\"size-full wp-image-27959 aligncenter\" src=\"https:\/\/www.hods.eu\/wp-content\/uploads\/unhcr-logo.png\" alt=\"\" width=\"400\" height=\"96\" srcset=\"https:\/\/www.hods.eu\/wp-content\/uploads\/unhcr-logo.png 400w, https:\/\/www.hods.eu\/wp-content\/uploads\/unhcr-logo-300x72.png 300w, https:\/\/www.hods.eu\/wp-content\/uploads\/unhcr-logo-150x36.png 150w\" sizes=\"auto, (max-width: 400px) 100vw, 400px\" \/>[\/vc_column_text][\/vc_column][vc_column width=&#8221;1\/2&#8243;][vc_single_image image=&#8221;22240&#8243; img_size=&#8221;full&#8221; alignment=&#8221;center&#8221;][vc_empty_space height=&#8221;100px&#8221;][vc_column_text css=&#8221;.vc_custom_1603792196515{padding-top: 15px !important;padding-right: 15px !important;padding-bottom: 15px !important;padding-left: 15px !important;background-color: #017ec1 !important;}&#8221;]<\/p>\n<p style=\"text-align: center;\"><span style=\"color: #ffffff;\">RSE <a style=\"color: #ffffff;\" href=\"https:\/\/www.hods.eu\/pt-pt\/hods\/\"><strong>Hods<\/strong><\/a> colabora com o ACNUR, a Ag\u00eancia das Na\u00e7\u00f5es Unidas para os Refugiados.<\/span><\/p>\n<p>[\/vc_column_text][\/vc_column][\/vc_row]<\/p>\n<\/section>","protected":false},"excerpt":{"rendered":"<p>[vc_row full_width=&#8221;stretch_row&#8221; css=&#8221;.vc_custom_1582713246895{padding-bottom: 25px !important;background-color: #017ec1 !important;}&#8221;][vc_column][vc_column_text] RSE Responsabilidade Social das Empresas [\/vc_column_text][\/vc_column][\/vc_row][vc_row full_width=&#8221;stretch_row_content&#8221; gap=&#8221;30&#8243; full_height=&#8221;yes&#8221; columns_placement=&#8221;top&#8221; content_placement=&#8221;top&#8221; css=&#8221;.vc_custom_1602070073431{margin-top: 10px !important;}&#8221;][vc_column width=&#8221;1\/2&#8243;][vc_column_text] Para contribuir para a sociedade, a RSE (Responsabilidade Social das Empresas) de Hods colabora com a ag\u00eancia das Na\u00e7\u00f5es Unidas para os refugiados. Milh\u00f5es de pessoas precisam da ajuda do ACNUR para sobreviverem. [&hellip;]<\/p>\n","protected":false},"author":1,"featured_media":22240,"parent":0,"menu_order":0,"comment_status":"closed","ping_status":"closed","template":"","meta":{"footnotes":""},"class_list":["post-22734","page","type-page","status-publish","has-post-thumbnail","hentry"],"yoast_head":"<!-- This site is optimized with the Yoast SEO plugin v27.3 - https:\/\/yoast.com\/product\/yoast-seo-wordpress\/ -->\n<title>RSE - Responsabilidade Social das Empresas - HODS<\/title>\n<meta name=\"description\" content=\"RSE Responsabilidade Social das Empresas. Nos hods colaboramos com o ACNUR, a Ag\u00eancia das Na\u00e7\u00f5es Unidas para os Refugiados.\" \/>\n<meta name=\"robots\" content=\"index, follow, max-snippet:-1, max-image-preview:large, max-video-preview:-1\" \/>\n<link rel=\"canonical\" href=\"https:\/\/www.hods.eu\/pt-pt\/rse\/\" \/>\n<meta property=\"og:locale\" content=\"pt_PT\" \/>\n<meta property=\"og:type\" content=\"article\" \/>\n<meta property=\"og:title\" content=\"RSE - Responsabilidade Social das Empresas - HODS\" \/>\n<meta property=\"og:description\" content=\"RSE Responsabilidade Social das Empresas. Nos hods colaboramos com o ACNUR, a Ag\u00eancia das Na\u00e7\u00f5es Unidas para os Refugiados.\" \/>\n<meta property=\"og:url\" content=\"https:\/\/www.hods.eu\/pt-pt\/rse\/\" \/>\n<meta property=\"og:site_name\" content=\"HODS\" \/>\n<meta property=\"article:modified_time\" content=\"2021-04-29T15:15:17+00:00\" \/>\n<meta property=\"og:image\" content=\"https:\/\/www.hods.eu\/wp-content\/uploads\/acnur.jpg\" \/>\n\t<meta property=\"og:image:width\" content=\"1600\" \/>\n\t<meta property=\"og:image:height\" content=\"665\" \/>\n\t<meta property=\"og:image:type\" content=\"image\/jpeg\" \/>\n<meta name=\"twitter:card\" content=\"summary_large_image\" \/>\n<meta name=\"twitter:label1\" content=\"Tempo estimado de leitura\" \/>\n\t<meta name=\"twitter:data1\" content=\"2 minutos\" \/>\n<script type=\"application\/ld+json\" class=\"yoast-schema-graph\">{\"@context\":\"https:\\\/\\\/schema.org\",\"@graph\":[{\"@type\":\"WebPage\",\"@id\":\"https:\\\/\\\/www.hods.eu\\\/pt-pt\\\/rse\\\/\",\"url\":\"https:\\\/\\\/www.hods.eu\\\/pt-pt\\\/rse\\\/\",\"name\":\"RSE - Responsabilidade Social das Empresas - HODS\",\"isPartOf\":{\"@id\":\"https:\\\/\\\/www.hods.eu\\\/pt-pt\\\/#website\"},\"primaryImageOfPage\":{\"@id\":\"https:\\\/\\\/www.hods.eu\\\/pt-pt\\\/rse\\\/#primaryimage\"},\"image\":{\"@id\":\"https:\\\/\\\/www.hods.eu\\\/pt-pt\\\/rse\\\/#primaryimage\"},\"thumbnailUrl\":\"https:\\\/\\\/www.hods.eu\\\/wp-content\\\/uploads\\\/acnur.jpg\",\"datePublished\":\"2020-02-03T16:23:50+00:00\",\"dateModified\":\"2021-04-29T15:15:17+00:00\",\"description\":\"RSE Responsabilidade Social das Empresas. Nos hods colaboramos com o ACNUR, a Ag\u00eancia das Na\u00e7\u00f5es Unidas para os Refugiados.\",\"breadcrumb\":{\"@id\":\"https:\\\/\\\/www.hods.eu\\\/pt-pt\\\/rse\\\/#breadcrumb\"},\"inLanguage\":\"pt-PT\",\"potentialAction\":[{\"@type\":\"ReadAction\",\"target\":[\"https:\\\/\\\/www.hods.eu\\\/pt-pt\\\/rse\\\/\"]}]},{\"@type\":\"ImageObject\",\"inLanguage\":\"pt-PT\",\"@id\":\"https:\\\/\\\/www.hods.eu\\\/pt-pt\\\/rse\\\/#primaryimage\",\"url\":\"https:\\\/\\\/www.hods.eu\\\/wp-content\\\/uploads\\\/acnur.jpg\",\"contentUrl\":\"https:\\\/\\\/www.hods.eu\\\/wp-content\\\/uploads\\\/acnur.jpg\",\"width\":1600,\"height\":665,\"caption\":\"ACNUR Ag\u00eancia das Na\u00e7\u00f5es Unidas para os refugiados\"},{\"@type\":\"BreadcrumbList\",\"@id\":\"https:\\\/\\\/www.hods.eu\\\/pt-pt\\\/rse\\\/#breadcrumb\",\"itemListElement\":[{\"@type\":\"ListItem\",\"position\":1,\"name\":\"Portada\",\"item\":\"https:\\\/\\\/www.hods.eu\\\/pt-pt\\\/\"},{\"@type\":\"ListItem\",\"position\":2,\"name\":\"RSE\"}]},{\"@type\":\"WebSite\",\"@id\":\"https:\\\/\\\/www.hods.eu\\\/pt-pt\\\/#website\",\"url\":\"https:\\\/\\\/www.hods.eu\\\/pt-pt\\\/\",\"name\":\"HODS\",\"description\":\"water? drink with us\",\"publisher\":{\"@id\":\"https:\\\/\\\/www.hods.eu\\\/pt-pt\\\/#organization\"},\"potentialAction\":[{\"@type\":\"SearchAction\",\"target\":{\"@type\":\"EntryPoint\",\"urlTemplate\":\"https:\\\/\\\/www.hods.eu\\\/pt-pt\\\/?s={search_term_string}\"},\"query-input\":{\"@type\":\"PropertyValueSpecification\",\"valueRequired\":true,\"valueName\":\"search_term_string\"}}],\"inLanguage\":\"pt-PT\"},{\"@type\":\"Organization\",\"@id\":\"https:\\\/\\\/www.hods.eu\\\/pt-pt\\\/#organization\",\"name\":\"HODS\",\"url\":\"https:\\\/\\\/www.hods.eu\\\/pt-pt\\\/\",\"logo\":{\"@type\":\"ImageObject\",\"inLanguage\":\"pt-PT\",\"@id\":\"https:\\\/\\\/www.hods.eu\\\/pt-pt\\\/#\\\/schema\\\/logo\\\/image\\\/\",\"url\":\"https:\\\/\\\/www.hods.eu\\\/wp-content\\\/uploads\\\/hods-completo-blanco2.jpg\",\"contentUrl\":\"https:\\\/\\\/www.hods.eu\\\/wp-content\\\/uploads\\\/hods-completo-blanco2.jpg\",\"width\":500,\"height\":179,\"caption\":\"HODS\"},\"image\":{\"@id\":\"https:\\\/\\\/www.hods.eu\\\/pt-pt\\\/#\\\/schema\\\/logo\\\/image\\\/\"}}]}<\/script>\n<!-- \/ Yoast SEO plugin. -->","yoast_head_json":{"title":"RSE - Responsabilidade Social das Empresas - HODS","description":"RSE Responsabilidade Social das Empresas. Nos hods colaboramos com o ACNUR, a Ag\u00eancia das Na\u00e7\u00f5es Unidas para os Refugiados.","robots":{"index":"index","follow":"follow","max-snippet":"max-snippet:-1","max-image-preview":"max-image-preview:large","max-video-preview":"max-video-preview:-1"},"canonical":"https:\/\/www.hods.eu\/pt-pt\/rse\/","og_locale":"pt_PT","og_type":"article","og_title":"RSE - Responsabilidade Social das Empresas - HODS","og_description":"RSE Responsabilidade Social das Empresas. Nos hods colaboramos com o ACNUR, a Ag\u00eancia das Na\u00e7\u00f5es Unidas para os Refugiados.","og_url":"https:\/\/www.hods.eu\/pt-pt\/rse\/","og_site_name":"HODS","article_modified_time":"2021-04-29T15:15:17+00:00","og_image":[{"width":1600,"height":665,"url":"https:\/\/www.hods.eu\/wp-content\/uploads\/acnur.jpg","type":"image\/jpeg"}],"twitter_card":"summary_large_image","twitter_misc":{"Tempo estimado de leitura":"2 minutos"},"schema":{"@context":"https:\/\/schema.org","@graph":[{"@type":"WebPage","@id":"https:\/\/www.hods.eu\/pt-pt\/rse\/","url":"https:\/\/www.hods.eu\/pt-pt\/rse\/","name":"RSE - Responsabilidade Social das Empresas - HODS","isPartOf":{"@id":"https:\/\/www.hods.eu\/pt-pt\/#website"},"primaryImageOfPage":{"@id":"https:\/\/www.hods.eu\/pt-pt\/rse\/#primaryimage"},"image":{"@id":"https:\/\/www.hods.eu\/pt-pt\/rse\/#primaryimage"},"thumbnailUrl":"https:\/\/www.hods.eu\/wp-content\/uploads\/acnur.jpg","datePublished":"2020-02-03T16:23:50+00:00","dateModified":"2021-04-29T15:15:17+00:00","description":"RSE Responsabilidade Social das Empresas. Nos hods colaboramos com o ACNUR, a Ag\u00eancia das Na\u00e7\u00f5es Unidas para os Refugiados.","breadcrumb":{"@id":"https:\/\/www.hods.eu\/pt-pt\/rse\/#breadcrumb"},"inLanguage":"pt-PT","potentialAction":[{"@type":"ReadAction","target":["https:\/\/www.hods.eu\/pt-pt\/rse\/"]}]},{"@type":"ImageObject","inLanguage":"pt-PT","@id":"https:\/\/www.hods.eu\/pt-pt\/rse\/#primaryimage","url":"https:\/\/www.hods.eu\/wp-content\/uploads\/acnur.jpg","contentUrl":"https:\/\/www.hods.eu\/wp-content\/uploads\/acnur.jpg","width":1600,"height":665,"caption":"ACNUR Ag\u00eancia das Na\u00e7\u00f5es Unidas para os refugiados"},{"@type":"BreadcrumbList","@id":"https:\/\/www.hods.eu\/pt-pt\/rse\/#breadcrumb","itemListElement":[{"@type":"ListItem","position":1,"name":"Portada","item":"https:\/\/www.hods.eu\/pt-pt\/"},{"@type":"ListItem","position":2,"name":"RSE"}]},{"@type":"WebSite","@id":"https:\/\/www.hods.eu\/pt-pt\/#website","url":"https:\/\/www.hods.eu\/pt-pt\/","name":"HODS","description":"water? drink with us","publisher":{"@id":"https:\/\/www.hods.eu\/pt-pt\/#organization"},"potentialAction":[{"@type":"SearchAction","target":{"@type":"EntryPoint","urlTemplate":"https:\/\/www.hods.eu\/pt-pt\/?s={search_term_string}"},"query-input":{"@type":"PropertyValueSpecification","valueRequired":true,"valueName":"search_term_string"}}],"inLanguage":"pt-PT"},{"@type":"Organization","@id":"https:\/\/www.hods.eu\/pt-pt\/#organization","name":"HODS","url":"https:\/\/www.hods.eu\/pt-pt\/","logo":{"@type":"ImageObject","inLanguage":"pt-PT","@id":"https:\/\/www.hods.eu\/pt-pt\/#\/schema\/logo\/image\/","url":"https:\/\/www.hods.eu\/wp-content\/uploads\/hods-completo-blanco2.jpg","contentUrl":"https:\/\/www.hods.eu\/wp-content\/uploads\/hods-completo-blanco2.jpg","width":500,"height":179,"caption":"HODS"},"image":{"@id":"https:\/\/www.hods.eu\/pt-pt\/#\/schema\/logo\/image\/"}}]}},"_links":{"self":[{"href":"https:\/\/www.hods.eu\/pt-pt\/wp-json\/wp\/v2\/pages\/22734","targetHints":{"allow":["GET"]}}],"collection":[{"href":"https:\/\/www.hods.eu\/pt-pt\/wp-json\/wp\/v2\/pages"}],"about":[{"href":"https:\/\/www.hods.eu\/pt-pt\/wp-json\/wp\/v2\/types\/page"}],"author":[{"embeddable":true,"href":"https:\/\/www.hods.eu\/pt-pt\/wp-json\/wp\/v2\/users\/1"}],"replies":[{"embeddable":true,"href":"https:\/\/www.hods.eu\/pt-pt\/wp-json\/wp\/v2\/comments?post=22734"}],"version-history":[{"count":4,"href":"https:\/\/www.hods.eu\/pt-pt\/wp-json\/wp\/v2\/pages\/22734\/revisions"}],"predecessor-version":[{"id":29211,"href":"https:\/\/www.hods.eu\/pt-pt\/wp-json\/wp\/v2\/pages\/22734\/revisions\/29211"}],"wp:featuredmedia":[{"embeddable":true,"href":"https:\/\/www.hods.eu\/pt-pt\/wp-json\/wp\/v2\/media\/22240"}],"wp:attachment":[{"href":"https:\/\/www.hods.eu\/pt-pt\/wp-json\/wp\/v2\/media?parent=22734"}],"curies":[{"name":"wp","href":"https:\/\/api.w.org\/{rel}","templated":true}]}}