{"id":22686,"date":"2020-02-03T11:15:47","date_gmt":"2020-02-03T10:15:47","guid":{"rendered":"https:\/\/www.hods.eu\/?page_id=22686"},"modified":"2020-10-26T11:39:52","modified_gmt":"2020-10-26T10:39:52","slug":"pd-i","status":"publish","type":"page","link":"https:\/\/www.hods.eu\/pt-pt\/pd-i\/","title":{"rendered":"PD&#038;i"},"content":{"rendered":"<section class=\"wpb-content-wrapper\"><p>[vc_row full_width=&#8221;stretch_row&#8221; css=&#8221;.vc_custom_1582706178678{padding-bottom: 25px !important;background-color: #017ec1 !important;}&#8221;][vc_column][vc_column_text]<\/p>\n<p style=\"text-align: left;\"><span style=\"font-size: 28px; color: #ffffff;\">PD&amp;i<\/span><\/p>\n<p>[\/vc_column_text][\/vc_column][\/vc_row][vc_row full_width=&#8221;stretch_row_content&#8221;][vc_column][vc_raw_html]JTVCcmV2X3NsaWRlciUyMGFsaWFzJTNEJTIyaWRpLTEyJTIyJTVEJTVCJTJGcmV2X3NsaWRlciU1RA==[\/vc_raw_html][\/vc_column][\/vc_row][vc_row full_width=&#8221;stretch_row_content&#8221; gap=&#8221;30&#8243; equal_height=&#8221;yes&#8221;][vc_column width=&#8221;5\/6&#8243;][vc_column_text]<\/p>\n<p style=\"text-align: justify;\"><span style=\"font-size: 16px; color: #474747;\">A PD&amp;I \u00e9 aplicada em todas as fases de desenvolvimento, tendo em conta todos os factores que acrescentam valor ao produto final e \u00e0 sua gest\u00e3o. Al\u00e9m disso, a nossa sinergia fabricante\/fornecedor faz-nos compreender melhor como oferecer eficazmente um produto sem o separar do seu servi\u00e7o, uma vez que estamos presentes ao longo de toda a cadeia de fornecimento.<\/span><\/p>\n<p style=\"text-align: justify;\"><span style=\"font-size: 16px; color: #474747;\">O trabalho da nossa equipa de PD&amp;i abrange a gest\u00e3o empresarial, o fabrico de recipientes PET e o desenvolvimento de dispensadores de \u00e1gua e acess\u00f3rios. Por conseguinte, a nossa ac\u00e7\u00e3o inovadora tem um efeito sobre os sistemas e processos de gest\u00e3o e comunica\u00e7\u00e3o para fornecer um melhor servi\u00e7o. Tamb\u00e9m nas opera\u00e7\u00f5es de produ\u00e7\u00e3o para um fabrico cada vez melhor de recipientes e tampas. E finalmente no desenvolvimento e melhoria do produto, obtendo dispensadores mais eficazes e eficientes. Tudo isto sem modificar os pre\u00e7os finais porque a melhoria cont\u00ednua faz parte da nossa oferta.&gt;<\/span><\/p>\n<p>[\/vc_column_text][vc_empty_space]<script>\n                jQuery(function(){\n                    jQuery(\".mt_typed_text_69dec9de483de\").typed({\n                      strings: ['Projectos de PD&amp;i'],\n                      typeSpeed: 10,\n                      backDelay: 2000,\n                      loop: true\n                    });\n                });\n              <\/script><style>.parent-typed-text.mt_typed_text123_69dec9de483e0 .mt_typed_text { color:#017ec1 !important;}<\/style><div class=\"parent-typed-text mt_typed_text123_69dec9de483e0\" style=\"font-size:30px; line-height:12px; letter-spacing:0px\"><span class=\"mt_typed-beforetext\" style=\"color:#017ec1\"> <\/span><span class=\"mt_typed_text mt_typed_text_69dec9de483de\"><\/span><span class=\"mt_typed-aftertext\" style=\"color:#017ec1\"> <\/span><\/div>[vc_empty_space height=&#8221;20px&#8221;][vc_column_text]<\/p>\n<h4 style=\"text-align: left;\"><span style=\"font-size: 16px; color: #474747;\"><strong>Gest\u00e3o de neg\u00f3cios<\/strong><\/span><\/h4>\n<p style=\"text-align: left;\"><span style=\"font-size: 16px; color: #474747;\">Estamos a desenvolver os nossos pr\u00f3prios sistemas de informa\u00e7\u00e3o empresarial para melhorar a efici\u00eancia da nossa gest\u00e3o e comunica\u00e7\u00e3o.<\/span><\/p>\n<h4 style=\"text-align: left;\"><span style=\"font-size: 16px; color: #474747;\"><strong>Fabrico<\/strong><\/span><\/h4>\n<p style=\"text-align: left;\"><span style=\"font-size: 16px; color: #474747;\">Desenvolvemos uma produ\u00e7\u00e3o extraordinariamente eficiente de <a href=\"https:\/\/www.hods.eu\/pt-pt\/engarrafamento\/\">garrafas e tampas<\/a> com as quais obtemos uma percentagem muito baixa de n\u00e3o-conformidades. Tamb\u00e9m conseguimos uma maior seguran\u00e7a alimentar e uma elevada qualidade final.<\/span><\/p>\n<h4 style=\"text-align: left;\"><span style=\"font-size: 16px; color: #474747;\"><strong>Produto<\/strong><\/span><\/h4>\n<p style=\"text-align: left;\"><span style=\"font-size: 16px; color: #474747;\">Melhor\u00e1mos as nossas fontes de \u00e1gua, substituindo componentes que as tornam mais silenciosas e eficientes. Tamb\u00e9m o desenho das nossas tampas de 5 gal\u00f5es para evitar que a v\u00e1lvula seja deixada dentro da garrafa quando \u00e9 retirada da fonte.<\/span><\/p>\n<p>[\/vc_column_text][\/vc_column][vc_column width=&#8221;1\/6&#8243; css=&#8221;.vc_custom_1602069964982{background-color: #017ec1 !important;}&#8221;][vc_column_text css=&#8221;.vc_custom_1603708765994{padding-top: 50px !important;padding-bottom: 50px !important;}&#8221;]<\/p>\n<p style=\"text-align: center;\"><span style=\"color: #ffffff;\">PD&amp;i. A fim de identificar os produtos que est\u00e3o sujeitos a inova\u00e7\u00e3o, e portanto a um rigoroso padr\u00e3o de qualidade, rotul\u00e1mo-los com o selo de Garantia de Qualidade &#8220;hods&#8221;.<\/span><\/p>\n<p><img loading=\"lazy\" decoding=\"async\" class=\"size-full wp-image-22647 aligncenter\" src=\"https:\/\/www.hods.eu\/wp-content\/uploads\/calidad_hods-1.png\" alt=\"\" width=\"104\" height=\"104\" srcset=\"https:\/\/www.hods.eu\/wp-content\/uploads\/calidad_hods-1.png 104w, https:\/\/www.hods.eu\/wp-content\/uploads\/calidad_hods-1-100x100.png 100w\" sizes=\"auto, (max-width: 104px) 100vw, 104px\" \/><\/p>\n<p style=\"text-align: center;\"><span style=\"color: #ffffff;\">Este selo certifica que o produto foi <strong>concebido, desenvolvido ou aperfei\u00e7oado em Espanha. <\/strong> Desta forma podemos assegurar o seu desempenho e fiabilidade porque, como \u00e9 tecnicamente melhorado, a sua qualidade final \u00e9 aumentada.<\/span><\/p>\n<p>[\/vc_column_text][\/vc_column][\/vc_row]<\/p>\n<\/section>","protected":false},"excerpt":{"rendered":"<p>[vc_row full_width=&#8221;stretch_row&#8221; css=&#8221;.vc_custom_1582706178678{padding-bottom: 25px !important;background-color: #017ec1 !important;}&#8221;][vc_column][vc_column_text] PD&amp;i [\/vc_column_text][\/vc_column][\/vc_row][vc_row full_width=&#8221;stretch_row_content&#8221;][vc_column][vc_raw_html]JTVCcmV2X3NsaWRlciUyMGFsaWFzJTNEJTIyaWRpLTEyJTIyJTVEJTVCJTJGcmV2X3NsaWRlciU1RA==[\/vc_raw_html][\/vc_column][\/vc_row][vc_row full_width=&#8221;stretch_row_content&#8221; gap=&#8221;30&#8243; equal_height=&#8221;yes&#8221;][vc_column width=&#8221;5\/6&#8243;][vc_column_text] A PD&amp;I \u00e9 aplicada em todas as fases de desenvolvimento, tendo em conta todos os factores que acrescentam valor ao produto final e \u00e0 sua gest\u00e3o. Al\u00e9m disso, a nossa sinergia fabricante\/fornecedor faz-nos compreender melhor como oferecer eficazmente um produto sem [&hellip;]<\/p>\n","protected":false},"author":1,"featured_media":22252,"parent":0,"menu_order":0,"comment_status":"closed","ping_status":"closed","template":"","meta":{"footnotes":""},"class_list":["post-22686","page","type-page","status-publish","has-post-thumbnail","hentry"],"yoast_head":"<!-- This site is optimized with the Yoast SEO plugin v27.3 - https:\/\/yoast.com\/product\/yoast-seo-wordpress\/ -->\n<title>PD&amp;I - Pesquisa, Desenvolvimento e Inova\u00e7\u00e3o - HODS<\/title>\n<meta name=\"description\" content=\"PD&amp;I - Pesquisa, Desenvolvimento e Inova\u00e7\u00e3o. Pessoas de diferentes departamentos contribuem com o seu conhecimento na inova\u00e7\u00e3o dos produtos.\" \/>\n<meta name=\"robots\" content=\"index, follow, max-snippet:-1, max-image-preview:large, max-video-preview:-1\" \/>\n<link rel=\"canonical\" href=\"https:\/\/www.hods.eu\/pt-pt\/pd-i\/\" \/>\n<meta property=\"og:locale\" content=\"pt_PT\" \/>\n<meta property=\"og:type\" content=\"article\" \/>\n<meta property=\"og:title\" content=\"PD&amp;I - Pesquisa, Desenvolvimento e Inova\u00e7\u00e3o - HODS\" \/>\n<meta property=\"og:description\" content=\"PD&amp;I - Pesquisa, Desenvolvimento e Inova\u00e7\u00e3o. Pessoas de diferentes departamentos contribuem com o seu conhecimento na inova\u00e7\u00e3o dos produtos.\" \/>\n<meta property=\"og:url\" content=\"https:\/\/www.hods.eu\/pt-pt\/pd-i\/\" \/>\n<meta property=\"og:site_name\" content=\"HODS\" \/>\n<meta property=\"article:modified_time\" content=\"2020-10-26T10:39:52+00:00\" \/>\n<meta property=\"og:image\" content=\"https:\/\/www.hods.eu\/wp-content\/uploads\/idi.jpg\" \/>\n\t<meta property=\"og:image:width\" content=\"800\" \/>\n\t<meta property=\"og:image:height\" content=\"400\" \/>\n\t<meta property=\"og:image:type\" content=\"image\/jpeg\" \/>\n<meta name=\"twitter:card\" content=\"summary_large_image\" \/>\n<meta name=\"twitter:label1\" content=\"Tempo estimado de leitura\" \/>\n\t<meta name=\"twitter:data1\" content=\"2 minutos\" \/>\n<script type=\"application\/ld+json\" class=\"yoast-schema-graph\">{\"@context\":\"https:\\\/\\\/schema.org\",\"@graph\":[{\"@type\":\"WebPage\",\"@id\":\"https:\\\/\\\/www.hods.eu\\\/pt-pt\\\/pd-i\\\/\",\"url\":\"https:\\\/\\\/www.hods.eu\\\/pt-pt\\\/pd-i\\\/\",\"name\":\"PD&I - Pesquisa, Desenvolvimento e Inova\u00e7\u00e3o - HODS\",\"isPartOf\":{\"@id\":\"https:\\\/\\\/www.hods.eu\\\/pt-pt\\\/#website\"},\"primaryImageOfPage\":{\"@id\":\"https:\\\/\\\/www.hods.eu\\\/pt-pt\\\/pd-i\\\/#primaryimage\"},\"image\":{\"@id\":\"https:\\\/\\\/www.hods.eu\\\/pt-pt\\\/pd-i\\\/#primaryimage\"},\"thumbnailUrl\":\"https:\\\/\\\/www.hods.eu\\\/wp-content\\\/uploads\\\/idi.jpg\",\"datePublished\":\"2020-02-03T10:15:47+00:00\",\"dateModified\":\"2020-10-26T10:39:52+00:00\",\"description\":\"PD&I - Pesquisa, Desenvolvimento e Inova\u00e7\u00e3o. Pessoas de diferentes departamentos contribuem com o seu conhecimento na inova\u00e7\u00e3o dos produtos.\",\"breadcrumb\":{\"@id\":\"https:\\\/\\\/www.hods.eu\\\/pt-pt\\\/pd-i\\\/#breadcrumb\"},\"inLanguage\":\"pt-PT\",\"potentialAction\":[{\"@type\":\"ReadAction\",\"target\":[\"https:\\\/\\\/www.hods.eu\\\/pt-pt\\\/pd-i\\\/\"]}]},{\"@type\":\"ImageObject\",\"inLanguage\":\"pt-PT\",\"@id\":\"https:\\\/\\\/www.hods.eu\\\/pt-pt\\\/pd-i\\\/#primaryimage\",\"url\":\"https:\\\/\\\/www.hods.eu\\\/wp-content\\\/uploads\\\/idi.jpg\",\"contentUrl\":\"https:\\\/\\\/www.hods.eu\\\/wp-content\\\/uploads\\\/idi.jpg\",\"width\":800,\"height\":400,\"caption\":\"I+D+i Investiga\u00e7\u00e3o + Desenvolvimento + Inova\u00e7\u00e3o\"},{\"@type\":\"BreadcrumbList\",\"@id\":\"https:\\\/\\\/www.hods.eu\\\/pt-pt\\\/pd-i\\\/#breadcrumb\",\"itemListElement\":[{\"@type\":\"ListItem\",\"position\":1,\"name\":\"Portada\",\"item\":\"https:\\\/\\\/www.hods.eu\\\/pt-pt\\\/\"},{\"@type\":\"ListItem\",\"position\":2,\"name\":\"PD&#038;i\"}]},{\"@type\":\"WebSite\",\"@id\":\"https:\\\/\\\/www.hods.eu\\\/pt-pt\\\/#website\",\"url\":\"https:\\\/\\\/www.hods.eu\\\/pt-pt\\\/\",\"name\":\"HODS\",\"description\":\"water? drink with us\",\"publisher\":{\"@id\":\"https:\\\/\\\/www.hods.eu\\\/pt-pt\\\/#organization\"},\"potentialAction\":[{\"@type\":\"SearchAction\",\"target\":{\"@type\":\"EntryPoint\",\"urlTemplate\":\"https:\\\/\\\/www.hods.eu\\\/pt-pt\\\/?s={search_term_string}\"},\"query-input\":{\"@type\":\"PropertyValueSpecification\",\"valueRequired\":true,\"valueName\":\"search_term_string\"}}],\"inLanguage\":\"pt-PT\"},{\"@type\":\"Organization\",\"@id\":\"https:\\\/\\\/www.hods.eu\\\/pt-pt\\\/#organization\",\"name\":\"HODS\",\"url\":\"https:\\\/\\\/www.hods.eu\\\/pt-pt\\\/\",\"logo\":{\"@type\":\"ImageObject\",\"inLanguage\":\"pt-PT\",\"@id\":\"https:\\\/\\\/www.hods.eu\\\/pt-pt\\\/#\\\/schema\\\/logo\\\/image\\\/\",\"url\":\"https:\\\/\\\/www.hods.eu\\\/wp-content\\\/uploads\\\/hods-completo-blanco2.jpg\",\"contentUrl\":\"https:\\\/\\\/www.hods.eu\\\/wp-content\\\/uploads\\\/hods-completo-blanco2.jpg\",\"width\":500,\"height\":179,\"caption\":\"HODS\"},\"image\":{\"@id\":\"https:\\\/\\\/www.hods.eu\\\/pt-pt\\\/#\\\/schema\\\/logo\\\/image\\\/\"}}]}<\/script>\n<!-- \/ Yoast SEO plugin. -->","yoast_head_json":{"title":"PD&I - Pesquisa, Desenvolvimento e Inova\u00e7\u00e3o - HODS","description":"PD&I - Pesquisa, Desenvolvimento e Inova\u00e7\u00e3o. Pessoas de diferentes departamentos contribuem com o seu conhecimento na inova\u00e7\u00e3o dos produtos.","robots":{"index":"index","follow":"follow","max-snippet":"max-snippet:-1","max-image-preview":"max-image-preview:large","max-video-preview":"max-video-preview:-1"},"canonical":"https:\/\/www.hods.eu\/pt-pt\/pd-i\/","og_locale":"pt_PT","og_type":"article","og_title":"PD&I - Pesquisa, Desenvolvimento e Inova\u00e7\u00e3o - HODS","og_description":"PD&I - Pesquisa, Desenvolvimento e Inova\u00e7\u00e3o. Pessoas de diferentes departamentos contribuem com o seu conhecimento na inova\u00e7\u00e3o dos produtos.","og_url":"https:\/\/www.hods.eu\/pt-pt\/pd-i\/","og_site_name":"HODS","article_modified_time":"2020-10-26T10:39:52+00:00","og_image":[{"width":800,"height":400,"url":"https:\/\/www.hods.eu\/wp-content\/uploads\/idi.jpg","type":"image\/jpeg"}],"twitter_card":"summary_large_image","twitter_misc":{"Tempo estimado de leitura":"2 minutos"},"schema":{"@context":"https:\/\/schema.org","@graph":[{"@type":"WebPage","@id":"https:\/\/www.hods.eu\/pt-pt\/pd-i\/","url":"https:\/\/www.hods.eu\/pt-pt\/pd-i\/","name":"PD&I - Pesquisa, Desenvolvimento e Inova\u00e7\u00e3o - HODS","isPartOf":{"@id":"https:\/\/www.hods.eu\/pt-pt\/#website"},"primaryImageOfPage":{"@id":"https:\/\/www.hods.eu\/pt-pt\/pd-i\/#primaryimage"},"image":{"@id":"https:\/\/www.hods.eu\/pt-pt\/pd-i\/#primaryimage"},"thumbnailUrl":"https:\/\/www.hods.eu\/wp-content\/uploads\/idi.jpg","datePublished":"2020-02-03T10:15:47+00:00","dateModified":"2020-10-26T10:39:52+00:00","description":"PD&I - Pesquisa, Desenvolvimento e Inova\u00e7\u00e3o. Pessoas de diferentes departamentos contribuem com o seu conhecimento na inova\u00e7\u00e3o dos produtos.","breadcrumb":{"@id":"https:\/\/www.hods.eu\/pt-pt\/pd-i\/#breadcrumb"},"inLanguage":"pt-PT","potentialAction":[{"@type":"ReadAction","target":["https:\/\/www.hods.eu\/pt-pt\/pd-i\/"]}]},{"@type":"ImageObject","inLanguage":"pt-PT","@id":"https:\/\/www.hods.eu\/pt-pt\/pd-i\/#primaryimage","url":"https:\/\/www.hods.eu\/wp-content\/uploads\/idi.jpg","contentUrl":"https:\/\/www.hods.eu\/wp-content\/uploads\/idi.jpg","width":800,"height":400,"caption":"I+D+i Investiga\u00e7\u00e3o + Desenvolvimento + Inova\u00e7\u00e3o"},{"@type":"BreadcrumbList","@id":"https:\/\/www.hods.eu\/pt-pt\/pd-i\/#breadcrumb","itemListElement":[{"@type":"ListItem","position":1,"name":"Portada","item":"https:\/\/www.hods.eu\/pt-pt\/"},{"@type":"ListItem","position":2,"name":"PD&#038;i"}]},{"@type":"WebSite","@id":"https:\/\/www.hods.eu\/pt-pt\/#website","url":"https:\/\/www.hods.eu\/pt-pt\/","name":"HODS","description":"water? drink with us","publisher":{"@id":"https:\/\/www.hods.eu\/pt-pt\/#organization"},"potentialAction":[{"@type":"SearchAction","target":{"@type":"EntryPoint","urlTemplate":"https:\/\/www.hods.eu\/pt-pt\/?s={search_term_string}"},"query-input":{"@type":"PropertyValueSpecification","valueRequired":true,"valueName":"search_term_string"}}],"inLanguage":"pt-PT"},{"@type":"Organization","@id":"https:\/\/www.hods.eu\/pt-pt\/#organization","name":"HODS","url":"https:\/\/www.hods.eu\/pt-pt\/","logo":{"@type":"ImageObject","inLanguage":"pt-PT","@id":"https:\/\/www.hods.eu\/pt-pt\/#\/schema\/logo\/image\/","url":"https:\/\/www.hods.eu\/wp-content\/uploads\/hods-completo-blanco2.jpg","contentUrl":"https:\/\/www.hods.eu\/wp-content\/uploads\/hods-completo-blanco2.jpg","width":500,"height":179,"caption":"HODS"},"image":{"@id":"https:\/\/www.hods.eu\/pt-pt\/#\/schema\/logo\/image\/"}}]}},"_links":{"self":[{"href":"https:\/\/www.hods.eu\/pt-pt\/wp-json\/wp\/v2\/pages\/22686","targetHints":{"allow":["GET"]}}],"collection":[{"href":"https:\/\/www.hods.eu\/pt-pt\/wp-json\/wp\/v2\/pages"}],"about":[{"href":"https:\/\/www.hods.eu\/pt-pt\/wp-json\/wp\/v2\/types\/page"}],"author":[{"embeddable":true,"href":"https:\/\/www.hods.eu\/pt-pt\/wp-json\/wp\/v2\/users\/1"}],"replies":[{"embeddable":true,"href":"https:\/\/www.hods.eu\/pt-pt\/wp-json\/wp\/v2\/comments?post=22686"}],"version-history":[{"count":0,"href":"https:\/\/www.hods.eu\/pt-pt\/wp-json\/wp\/v2\/pages\/22686\/revisions"}],"wp:featuredmedia":[{"embeddable":true,"href":"https:\/\/www.hods.eu\/pt-pt\/wp-json\/wp\/v2\/media\/22252"}],"wp:attachment":[{"href":"https:\/\/www.hods.eu\/pt-pt\/wp-json\/wp\/v2\/media?parent=22686"}],"curies":[{"name":"wp","href":"https:\/\/api.w.org\/{rel}","templated":true}]}}