{"id":22584,"date":"2020-01-31T15:37:15","date_gmt":"2020-01-31T14:37:15","guid":{"rendered":"https:\/\/www.hods.eu\/?page_id=22584"},"modified":"2021-03-05T15:23:20","modified_gmt":"2021-03-05T14:23:20","slug":"qualidade","status":"publish","type":"page","link":"https:\/\/www.hods.eu\/pt-pt\/qualidade\/","title":{"rendered":"Qualidade"},"content":{"rendered":"<section class=\"wpb-content-wrapper\"><p>[vc_row full_width=&#8221;stretch_row&#8221; css=&#8221;.vc_custom_1580821320829{background-color: #017ec1 !important;}&#8221;][vc_column][vc_column_text css=&#8221;.vc_custom_1603707031855{padding-bottom: 25px !important;}&#8221;]<\/p>\n<p style=\"text-align: left;\"><span style=\"font-size: 28px; color: #ffffff;\">Qualidade HODS<\/span><\/p>\n<p>[\/vc_column_text][\/vc_column][\/vc_row][vc_row content_placement=&#8221;top&#8221;][vc_column][vc_raw_html]JTVCcmV2X3NsaWRlciUyMGFsaWFzJTNEJTIyY2FsaWRhZC0xMiUyMiU1RCU1QiUyRnJldl9zbGlkZXIlNUQ=[\/vc_raw_html][\/vc_column][\/vc_row][vc_row full_width=&#8221;stretch_row_content&#8221; gap=&#8221;25&#8243; equal_height=&#8221;yes&#8221;][vc_column width=&#8221;2\/3&#8243;][vc_column_text]<\/p>\n<h4 style=\"text-align: left;\"><span style=\"font-size: 16px; color: #474747;\">Certificados de Qualidade<\/span><\/h4>\n<p>&nbsp;<\/p>\n<h4 style=\"text-align: left;\"><span style=\"font-size: 16px; color: #474747;\"><strong>CE 1935\/2004 &#8211; CE 2023\/2006 &#8211; UE 10\/2011<\/strong><\/span><\/h4>\n<p style=\"text-align: justify;\"><span style=\"font-size: 14px; color: #474747;\">Quanto aos nossos produtos, garrafas PET e tampas de 5 gal\u00f5es. Cumprem os requisitos estabelecidos no Regulamento (CE) n\u00ba 1935\/2004 do Parlamento Europeu, de 27 de Outubro de 2004. Relativo aos materiais e objectos destinados a entrar em contacto com os alimentos. E com as disposi\u00e7\u00f5es do artigo 5\u00ba do Sistema de Garantia de Qualidade. Do Regulamento (CE) n\u00ba 2023\/2006 da Comiss\u00e3o, de 22 de Dezembro de 2006. Relativo \u00e0s boas pr\u00e1ticas de fabrico de materiais. E artigos destinados a entrar em contacto com os alimentos. Especificamente para materiais e artigos de pl\u00e1stico abrangidos pelo Regulamento (UE) n.\u00ba 10\/2011 da Comiss\u00e3o.<\/span><\/p>\n<h4 style=\"text-align: left;\"><span style=\"font-size: 16px; color: #474747;\"><strong>Certificado de Qualidade AENOR<\/strong><\/span><\/h4>\n<p style=\"text-align: justify;\"><span style=\"font-size: 14px; color: #474747;\">As nossas <a href=\"https:\/\/www.hods.eu\/pt-pt\/engarrafamento\/\">garrafas e tampas de 5 gal\u00f5es<\/a> s\u00e3o sujeitas a um controlo de qualidade. E an\u00e1lise exaustiva por parte da <a href=\"https:\/\/www.aenor.com\/\">Aenor<\/a>.<\/span><\/p>\n<h4 style=\"text-align: left;\"><span style=\"font-size: 16px; color: #474747;\"><strong>ISO 9001 &#8211; ES19\/85701<\/strong><\/span><\/h4>\n<p style=\"text-align: justify;\"><span style=\"font-size: 14px; color: #474747;\">Com refer\u00eancia \u00e0 qualidade do nosso servi\u00e7o e da sua gest\u00e3o, implement\u00e1mos o Sistema de Gest\u00e3o da Qualidade baseado na norma ISO 9001:2015 de 23 de Setembro de 2015. Atrav\u00e9s da qual a Organiza\u00e7\u00e3o Internacional de Normaliza\u00e7\u00e3o. Assegura a qualidade dos procedimentos de gest\u00e3o da produ\u00e7\u00e3o e comercializa\u00e7\u00e3o e comunica\u00e7\u00e3o dos produtos e servi\u00e7os oferecidos.<\/span><\/p>\n<h4 style=\"text-align: left;\"><span style=\"font-size: 16px; color: #474747;\"><strong>Pol\u00edtica de qualidade<\/strong><\/span><\/h4>\n<p style=\"text-align: justify;\"><span style=\"font-size: 14px; color: #474747;\">HOME OFFICE DELIVERY SERVICES, S.L. \u00e9 uma empresa dedicada ao fabrico de embalagens para \u00e1gua. Tamb\u00e9m oferece por grosso dispensadores e acess\u00f3rios para consumo de \u00e1gua em grandes formatos. Estabelecemos esta pol\u00edtica de qualidade para a implementa\u00e7\u00e3o. E desenvolvimento do nosso Sistema de Gest\u00e3o da Qualidade.<\/span><\/p>\n<p style=\"text-align: justify;\"><a href=\"https:\/\/www.hods.eu\/pt-pt\/politica-de-qualidade\/\"><span style=\"font-size: 14px; color: #474747;\">Mais informa\u00e7\u00f5es sobre a nossa Pol\u00edtica de Qualidade.<\/span><\/a><\/p>\n<p>[\/vc_column_text][\/vc_column][vc_column width=&#8221;1\/3&#8243; css=&#8221;.vc_custom_1580820139661{background-color: #017ec1 !important;}&#8221;][vc_column_text css=&#8221;.vc_custom_1603707700427{padding-top: 20px !important;padding-right: 20px !important;padding-bottom: 20px !important;padding-left: 20px !important;}&#8221;]<\/p>\n<p style=\"text-align: justify;\"><span style=\"color: #ffffff;\">Todos os dias, todo o pessoal do Hods trabalha com a delicadeza exigida por estes regulamentos. Ajudam em todas as fases do desenvolvimento do produto e do processo de fabrico. Desta forma, garantimos que os nossos padr\u00f5es s\u00e3o \u00f3ptimos em todas as fases e que a &#8220;Garantia de Qualidade Hods&#8221; n\u00e3o \u00e9 minada em momento algum.<\/span><\/p>\n<p style=\"text-align: justify;\"><span style=\"color: #ffffff;\">Hoje, e continuar\u00e1 a ser assim, nunca ignor\u00e1mos as nossas directrizes e requisitos de produ\u00e7\u00e3o. Consequentemente, sujeitamos os nossos produtos a uma vigil\u00e2ncia rigorosa. A fim de detectar e prevenir antecipadamente indicadores que estejam fora dos nossos padr\u00f5es de qualidade e higiene.<\/span><\/p>\n<p style=\"text-align: justify;\"><span style=\"color: #ffffff;\">Isto permite-nos, por um lado, alimentar a actividade de PD&amp;i melhorando tecnicamente os produtos. Por outro lado, oferecer uma verdadeira qualidade e seguran\u00e7a alimentar.<\/span><\/p>\n<p>[\/vc_column_text][\/vc_column][\/vc_row]<\/p>\n<\/section>","protected":false},"excerpt":{"rendered":"<p>[vc_row full_width=&#8221;stretch_row&#8221; css=&#8221;.vc_custom_1580821320829{background-color: #017ec1 !important;}&#8221;][vc_column][vc_column_text css=&#8221;.vc_custom_1603707031855{padding-bottom: 25px !important;}&#8221;] Qualidade HODS [\/vc_column_text][\/vc_column][\/vc_row][vc_row content_placement=&#8221;top&#8221;][vc_column][vc_raw_html]JTVCcmV2X3NsaWRlciUyMGFsaWFzJTNEJTIyY2FsaWRhZC0xMiUyMiU1RCU1QiUyRnJldl9zbGlkZXIlNUQ=[\/vc_raw_html][\/vc_column][\/vc_row][vc_row full_width=&#8221;stretch_row_content&#8221; gap=&#8221;25&#8243; equal_height=&#8221;yes&#8221;][vc_column width=&#8221;2\/3&#8243;][vc_column_text] Certificados de Qualidade &nbsp; CE 1935\/2004 &#8211; CE 2023\/2006 &#8211; UE 10\/2011 Quanto aos nossos produtos, garrafas PET e tampas de 5 gal\u00f5es. Cumprem os requisitos estabelecidos no Regulamento (CE) n\u00ba 1935\/2004 do Parlamento Europeu, de 27 de Outubro [&hellip;]<\/p>\n","protected":false},"author":1,"featured_media":0,"parent":0,"menu_order":0,"comment_status":"closed","ping_status":"closed","template":"","meta":{"footnotes":""},"class_list":["post-22584","page","type-page","status-publish","hentry"],"yoast_head":"<!-- This site is optimized with the Yoast SEO plugin v27.3 - https:\/\/yoast.com\/product\/yoast-seo-wordpress\/ -->\n<title>Qualidade HODS - Certificados de Qualidade, ISO 9001 - HODS<\/title>\n<meta name=\"description\" content=\"Na hods damos especial aten\u00e7\u00e3o \u00e0 qualidade de todos os nossos produtos e \u00e0 gest\u00e3o dos nossos servi\u00e7os. Certificados, ISO 9001\" \/>\n<meta name=\"robots\" content=\"index, follow, max-snippet:-1, max-image-preview:large, max-video-preview:-1\" \/>\n<link rel=\"canonical\" href=\"https:\/\/www.hods.eu\/pt-pt\/qualidade\/\" \/>\n<meta property=\"og:locale\" content=\"pt_PT\" \/>\n<meta property=\"og:type\" content=\"article\" \/>\n<meta property=\"og:title\" content=\"Qualidade HODS - Certificados de Qualidade, ISO 9001 - HODS\" \/>\n<meta property=\"og:description\" content=\"Na hods damos especial aten\u00e7\u00e3o \u00e0 qualidade de todos os nossos produtos e \u00e0 gest\u00e3o dos nossos servi\u00e7os. Certificados, ISO 9001\" \/>\n<meta property=\"og:url\" content=\"https:\/\/www.hods.eu\/pt-pt\/qualidade\/\" \/>\n<meta property=\"og:site_name\" content=\"HODS\" \/>\n<meta property=\"article:modified_time\" content=\"2021-03-05T14:23:20+00:00\" \/>\n<meta name=\"twitter:card\" content=\"summary_large_image\" \/>\n<meta name=\"twitter:label1\" content=\"Tempo estimado de leitura\" \/>\n\t<meta name=\"twitter:data1\" content=\"2 minutos\" \/>\n<script type=\"application\/ld+json\" class=\"yoast-schema-graph\">{\"@context\":\"https:\\\/\\\/schema.org\",\"@graph\":[{\"@type\":\"WebPage\",\"@id\":\"https:\\\/\\\/www.hods.eu\\\/pt-pt\\\/qualidade\\\/\",\"url\":\"https:\\\/\\\/www.hods.eu\\\/pt-pt\\\/qualidade\\\/\",\"name\":\"Qualidade HODS - Certificados de Qualidade, ISO 9001 - HODS\",\"isPartOf\":{\"@id\":\"https:\\\/\\\/www.hods.eu\\\/pt-pt\\\/#website\"},\"datePublished\":\"2020-01-31T14:37:15+00:00\",\"dateModified\":\"2021-03-05T14:23:20+00:00\",\"description\":\"Na hods damos especial aten\u00e7\u00e3o \u00e0 qualidade de todos os nossos produtos e \u00e0 gest\u00e3o dos nossos servi\u00e7os. Certificados, ISO 9001\",\"breadcrumb\":{\"@id\":\"https:\\\/\\\/www.hods.eu\\\/pt-pt\\\/qualidade\\\/#breadcrumb\"},\"inLanguage\":\"pt-PT\",\"potentialAction\":[{\"@type\":\"ReadAction\",\"target\":[\"https:\\\/\\\/www.hods.eu\\\/pt-pt\\\/qualidade\\\/\"]}]},{\"@type\":\"BreadcrumbList\",\"@id\":\"https:\\\/\\\/www.hods.eu\\\/pt-pt\\\/qualidade\\\/#breadcrumb\",\"itemListElement\":[{\"@type\":\"ListItem\",\"position\":1,\"name\":\"Portada\",\"item\":\"https:\\\/\\\/www.hods.eu\\\/pt-pt\\\/\"},{\"@type\":\"ListItem\",\"position\":2,\"name\":\"Qualidade\"}]},{\"@type\":\"WebSite\",\"@id\":\"https:\\\/\\\/www.hods.eu\\\/pt-pt\\\/#website\",\"url\":\"https:\\\/\\\/www.hods.eu\\\/pt-pt\\\/\",\"name\":\"HODS\",\"description\":\"water? drink with us\",\"publisher\":{\"@id\":\"https:\\\/\\\/www.hods.eu\\\/pt-pt\\\/#organization\"},\"potentialAction\":[{\"@type\":\"SearchAction\",\"target\":{\"@type\":\"EntryPoint\",\"urlTemplate\":\"https:\\\/\\\/www.hods.eu\\\/pt-pt\\\/?s={search_term_string}\"},\"query-input\":{\"@type\":\"PropertyValueSpecification\",\"valueRequired\":true,\"valueName\":\"search_term_string\"}}],\"inLanguage\":\"pt-PT\"},{\"@type\":\"Organization\",\"@id\":\"https:\\\/\\\/www.hods.eu\\\/pt-pt\\\/#organization\",\"name\":\"HODS\",\"url\":\"https:\\\/\\\/www.hods.eu\\\/pt-pt\\\/\",\"logo\":{\"@type\":\"ImageObject\",\"inLanguage\":\"pt-PT\",\"@id\":\"https:\\\/\\\/www.hods.eu\\\/pt-pt\\\/#\\\/schema\\\/logo\\\/image\\\/\",\"url\":\"https:\\\/\\\/www.hods.eu\\\/wp-content\\\/uploads\\\/hods-completo-blanco2.jpg\",\"contentUrl\":\"https:\\\/\\\/www.hods.eu\\\/wp-content\\\/uploads\\\/hods-completo-blanco2.jpg\",\"width\":500,\"height\":179,\"caption\":\"HODS\"},\"image\":{\"@id\":\"https:\\\/\\\/www.hods.eu\\\/pt-pt\\\/#\\\/schema\\\/logo\\\/image\\\/\"}}]}<\/script>\n<!-- \/ Yoast SEO plugin. -->","yoast_head_json":{"title":"Qualidade HODS - Certificados de Qualidade, ISO 9001 - HODS","description":"Na hods damos especial aten\u00e7\u00e3o \u00e0 qualidade de todos os nossos produtos e \u00e0 gest\u00e3o dos nossos servi\u00e7os. Certificados, ISO 9001","robots":{"index":"index","follow":"follow","max-snippet":"max-snippet:-1","max-image-preview":"max-image-preview:large","max-video-preview":"max-video-preview:-1"},"canonical":"https:\/\/www.hods.eu\/pt-pt\/qualidade\/","og_locale":"pt_PT","og_type":"article","og_title":"Qualidade HODS - Certificados de Qualidade, ISO 9001 - HODS","og_description":"Na hods damos especial aten\u00e7\u00e3o \u00e0 qualidade de todos os nossos produtos e \u00e0 gest\u00e3o dos nossos servi\u00e7os. Certificados, ISO 9001","og_url":"https:\/\/www.hods.eu\/pt-pt\/qualidade\/","og_site_name":"HODS","article_modified_time":"2021-03-05T14:23:20+00:00","twitter_card":"summary_large_image","twitter_misc":{"Tempo estimado de leitura":"2 minutos"},"schema":{"@context":"https:\/\/schema.org","@graph":[{"@type":"WebPage","@id":"https:\/\/www.hods.eu\/pt-pt\/qualidade\/","url":"https:\/\/www.hods.eu\/pt-pt\/qualidade\/","name":"Qualidade HODS - Certificados de Qualidade, ISO 9001 - HODS","isPartOf":{"@id":"https:\/\/www.hods.eu\/pt-pt\/#website"},"datePublished":"2020-01-31T14:37:15+00:00","dateModified":"2021-03-05T14:23:20+00:00","description":"Na hods damos especial aten\u00e7\u00e3o \u00e0 qualidade de todos os nossos produtos e \u00e0 gest\u00e3o dos nossos servi\u00e7os. Certificados, ISO 9001","breadcrumb":{"@id":"https:\/\/www.hods.eu\/pt-pt\/qualidade\/#breadcrumb"},"inLanguage":"pt-PT","potentialAction":[{"@type":"ReadAction","target":["https:\/\/www.hods.eu\/pt-pt\/qualidade\/"]}]},{"@type":"BreadcrumbList","@id":"https:\/\/www.hods.eu\/pt-pt\/qualidade\/#breadcrumb","itemListElement":[{"@type":"ListItem","position":1,"name":"Portada","item":"https:\/\/www.hods.eu\/pt-pt\/"},{"@type":"ListItem","position":2,"name":"Qualidade"}]},{"@type":"WebSite","@id":"https:\/\/www.hods.eu\/pt-pt\/#website","url":"https:\/\/www.hods.eu\/pt-pt\/","name":"HODS","description":"water? drink with us","publisher":{"@id":"https:\/\/www.hods.eu\/pt-pt\/#organization"},"potentialAction":[{"@type":"SearchAction","target":{"@type":"EntryPoint","urlTemplate":"https:\/\/www.hods.eu\/pt-pt\/?s={search_term_string}"},"query-input":{"@type":"PropertyValueSpecification","valueRequired":true,"valueName":"search_term_string"}}],"inLanguage":"pt-PT"},{"@type":"Organization","@id":"https:\/\/www.hods.eu\/pt-pt\/#organization","name":"HODS","url":"https:\/\/www.hods.eu\/pt-pt\/","logo":{"@type":"ImageObject","inLanguage":"pt-PT","@id":"https:\/\/www.hods.eu\/pt-pt\/#\/schema\/logo\/image\/","url":"https:\/\/www.hods.eu\/wp-content\/uploads\/hods-completo-blanco2.jpg","contentUrl":"https:\/\/www.hods.eu\/wp-content\/uploads\/hods-completo-blanco2.jpg","width":500,"height":179,"caption":"HODS"},"image":{"@id":"https:\/\/www.hods.eu\/pt-pt\/#\/schema\/logo\/image\/"}}]}},"_links":{"self":[{"href":"https:\/\/www.hods.eu\/pt-pt\/wp-json\/wp\/v2\/pages\/22584","targetHints":{"allow":["GET"]}}],"collection":[{"href":"https:\/\/www.hods.eu\/pt-pt\/wp-json\/wp\/v2\/pages"}],"about":[{"href":"https:\/\/www.hods.eu\/pt-pt\/wp-json\/wp\/v2\/types\/page"}],"author":[{"embeddable":true,"href":"https:\/\/www.hods.eu\/pt-pt\/wp-json\/wp\/v2\/users\/1"}],"replies":[{"embeddable":true,"href":"https:\/\/www.hods.eu\/pt-pt\/wp-json\/wp\/v2\/comments?post=22584"}],"version-history":[{"count":3,"href":"https:\/\/www.hods.eu\/pt-pt\/wp-json\/wp\/v2\/pages\/22584\/revisions"}],"predecessor-version":[{"id":28856,"href":"https:\/\/www.hods.eu\/pt-pt\/wp-json\/wp\/v2\/pages\/22584\/revisions\/28856"}],"wp:attachment":[{"href":"https:\/\/www.hods.eu\/pt-pt\/wp-json\/wp\/v2\/media?parent=22584"}],"curies":[{"name":"wp","href":"https:\/\/api.w.org\/{rel}","templated":true}]}}