{"id":21006,"date":"2020-01-27T09:30:37","date_gmt":"2020-01-27T08:30:37","guid":{"rendered":"https:\/\/www.hods.eu\/?page_id=21006"},"modified":"2021-10-25T08:21:44","modified_gmt":"2021-10-25T07:21:44","slug":"produtos","status":"publish","type":"page","link":"https:\/\/www.hods.eu\/pt-pt\/produtos\/","title":{"rendered":"Produtos"},"content":{"rendered":"<section class=\"wpb-content-wrapper\"><p>[vc_row full_width=&#8221;stretch_row&#8221; css=&#8221;.vc_custom_1582633831492{background-color: #017ec1 !important;}&#8221;][vc_column css=&#8221;.vc_custom_1582632868573{padding-bottom: 25px !important;}&#8221;][vc_column_text]<\/p>\n<p style=\"text-align: center;\"><span style=\"font-size: 28px; color: #ffffff;\">Produtos<\/span><\/p>\n<p>[\/vc_column_text][\/vc_column][\/vc_row][vc_row full_width=&#8221;stretch_row_content&#8221; css=&#8221;.vc_custom_1582711860509{margin-top: 10px !important;}&#8221;][vc_column][vc_raw_html]JTVCd3BiLXBvcnRmb2xpby1zaG9ydGNvZGUlMjBpZCUzRCUyMjI5OTg2JTIyJTVE[\/vc_raw_html][\/vc_column][\/vc_row][vc_row full_width=&#8221;stretch_row_content&#8221; css=&#8221;.vc_custom_1611831738106{padding-top: 20px !important;padding-right: 20px !important;padding-bottom: 20px !important;padding-left: 20px !important;background-color: #017ec1 !important;}&#8221;][vc_column width=&#8221;1\/2&#8243; css=&#8221;.vc_custom_1611830177041{background-color: #017ec1 !important;}&#8221;][vc_column_text css=&#8221;.vc_custom_1612526796647{background-color: #017ec1 !important;}&#8221;]<\/p>\n<p style=\"text-align: justify; color: #ffffff;\">Temos uma grande variedade de produtos para dispensar \u00e1gua. Temos distribuidores de \u00e1gua em garrafa ou fontes de \u00e1gua. Estas fontes est\u00e3o equipadas com uma garrafa de 5 gal\u00f5es com uma tampa. As fontes de garrafa tiram \u00e1gua da garrafa e distribuem-na, quente ou fria, ao gosto do utilizador.<\/p>\n<p style=\"text-align: justify; color: #ffffff;\">Al\u00e9m disso, as fontes de filtra\u00e7\u00e3o tamb\u00e9m o fazem, mas a \u00e1gua \u00e9 retirada da rede. Nos doseadores de filtra\u00e7\u00e3o, a \u00e1gua passa por um filtro de carv\u00e3o activo para melhorar o sabor e a qualidade. Tamb\u00e9m temos fontes de osmose inversa entre as nossas fontes de filtra\u00e7\u00e3o. Para al\u00e9m de refrigeradores e aquecedores de \u00e1gua, temos tamb\u00e9m dispensadores de \u00e1gua \u00e0 temperatura ambiente. Estes dispensadores de \u00e1gua \u00e0 temperatura ambiente s\u00e3o mais econ\u00f3micos e mais f\u00e1ceis de transportar.<\/p>\n<p style=\"text-align: justify; color: #ffffff;\">Tamb\u00e9m temos o que precisa para o engarrafamento de \u00e1gua. Por um lado, temos pr\u00e9-formas PET de diferentes gramas para soprar garrafas de diferentes tamanhos. Mas tamb\u00e9m temos as garrafas, em cores diferentes e de 12, 18,9 ou 20 litros. Tudo feito de PET sem Bisfenol-A. Para as garrafas temos as tampas de 5 gal\u00f5es, com veda\u00e7\u00e3o dupla e totalmente isentas de azodicarbonamida. Cada lote destas tampas \u00e9 submetido a um controlo exaustivo por parte de <a href=\"https:\/\/www.aenor.com\/\">Aenor<\/a>..<\/p>\n<p>[\/vc_column_text][\/vc_column][vc_column width=&#8221;1\/2&#8243;][vc_column_text css=&#8221;.vc_custom_1612527591386{background-color: #017ec1 !important;}&#8221;]<\/p>\n<p style=\"text-align: justify; color: #ffffff;\">Al\u00e9m disso, dispomos de uma vasta gama de acess\u00f3rios para as garrafas e para os dispensadores. Desde as bombas de \u00e1gua manuais at\u00e9 aos suportes para dispensar \u00e1gua directamente das garrafas. Al\u00e9m disso, para os dispensadores existem tamb\u00e9m acess\u00f3rios tais como suportes para copos, colectores de copos ou suportes para adaptar a altura.<\/p>\n<p style=\"text-align: justify; color: #ffffff;\">Est\u00e3o dispon\u00edveis estantes para armazenamento e transporte de maiores quantidades de garrafas. Tamb\u00e9m s\u00e3o empilh\u00e1veis, organizados e reduzem o espa\u00e7o que pode ocupar grandes quantidades de garrafas. Igualmente, para a distribui\u00e7\u00e3o das garrafas, as mais convenientes s\u00e3o os carrinhos de garrafas, dispon\u00edveis para 5 ou 7 garrafas.<\/p>\n<p style=\"text-align: justify; color: #ffffff;\">Finalmente, temos os produtos necess\u00e1rios para a limpeza e higieniza\u00e7\u00e3o dos dispensadores de \u00e1gua. Detergente e gerador de ozono para limpar os circuitos internos das fontes, e medidor de pH para verificar a correcta higieniza\u00e7\u00e3o.<\/p>\n<p>[\/vc_column_text][\/vc_column][\/vc_row]<\/p>\n<\/section>","protected":false},"excerpt":{"rendered":"<p>[vc_row full_width=&#8221;stretch_row&#8221; css=&#8221;.vc_custom_1582633831492{background-color: #017ec1 !important;}&#8221;][vc_column css=&#8221;.vc_custom_1582632868573{padding-bottom: 25px !important;}&#8221;][vc_column_text] Produtos [\/vc_column_text][\/vc_column][\/vc_row][vc_row full_width=&#8221;stretch_row_content&#8221; css=&#8221;.vc_custom_1582711860509{margin-top: 10px !important;}&#8221;][vc_column][vc_raw_html]JTVCd3BiLXBvcnRmb2xpby1zaG9ydGNvZGUlMjBpZCUzRCUyMjI5OTg2JTIyJTVE[\/vc_raw_html][\/vc_column][\/vc_row][vc_row full_width=&#8221;stretch_row_content&#8221; css=&#8221;.vc_custom_1611831738106{padding-top: 20px !important;padding-right: 20px !important;padding-bottom: 20px !important;padding-left: 20px !important;background-color: #017ec1 !important;}&#8221;][vc_column width=&#8221;1\/2&#8243; css=&#8221;.vc_custom_1611830177041{background-color: #017ec1 !important;}&#8221;][vc_column_text css=&#8221;.vc_custom_1612526796647{background-color: #017ec1 !important;}&#8221;] Temos uma grande variedade de produtos para dispensar \u00e1gua. Temos distribuidores de \u00e1gua em garrafa ou fontes de \u00e1gua. Estas fontes est\u00e3o [&hellip;]<\/p>\n","protected":false},"author":1,"featured_media":0,"parent":0,"menu_order":0,"comment_status":"closed","ping_status":"closed","template":"","meta":{"footnotes":""},"class_list":["post-21006","page","type-page","status-publish","hentry"],"yoast_head":"<!-- This site is optimized with the Yoast SEO plugin v27.5 - https:\/\/yoast.com\/product\/yoast-seo-wordpress\/ -->\n<title>Produtos Garrafas PET, Distribuidores de \u00e1gua - HODS<\/title>\n<meta name=\"description\" content=\"Produtos. Distribuidores de \u00e1gua quente e fria, garrafas PET, tampas de 5 gal\u00f5es, acess\u00f3rios, transporte e armazenamento.\" \/>\n<meta name=\"robots\" content=\"index, follow, max-snippet:-1, max-image-preview:large, max-video-preview:-1\" \/>\n<link rel=\"canonical\" href=\"https:\/\/www.hods.eu\/pt-pt\/produtos\/\" \/>\n<meta property=\"og:locale\" content=\"pt_PT\" \/>\n<meta property=\"og:type\" content=\"article\" \/>\n<meta property=\"og:title\" content=\"Produtos Garrafas PET, Distribuidores de \u00e1gua - HODS\" \/>\n<meta property=\"og:description\" content=\"Produtos. Distribuidores de \u00e1gua quente e fria, garrafas PET, tampas de 5 gal\u00f5es, acess\u00f3rios, transporte e armazenamento.\" \/>\n<meta property=\"og:url\" content=\"https:\/\/www.hods.eu\/pt-pt\/produtos\/\" \/>\n<meta property=\"og:site_name\" content=\"HODS\" \/>\n<meta property=\"article:modified_time\" content=\"2021-10-25T07:21:44+00:00\" \/>\n<meta name=\"twitter:card\" content=\"summary_large_image\" \/>\n<meta name=\"twitter:label1\" content=\"Tempo estimado de leitura\" \/>\n\t<meta name=\"twitter:data1\" content=\"2 minutos\" \/>\n<script type=\"application\/ld+json\" class=\"yoast-schema-graph\">{\"@context\":\"https:\\\/\\\/schema.org\",\"@graph\":[{\"@type\":\"WebPage\",\"@id\":\"https:\\\/\\\/www.hods.eu\\\/pt-pt\\\/produtos\\\/\",\"url\":\"https:\\\/\\\/www.hods.eu\\\/pt-pt\\\/produtos\\\/\",\"name\":\"Produtos Garrafas PET, Distribuidores de \u00e1gua - HODS\",\"isPartOf\":{\"@id\":\"https:\\\/\\\/www.hods.eu\\\/pt-pt\\\/#website\"},\"datePublished\":\"2020-01-27T08:30:37+00:00\",\"dateModified\":\"2021-10-25T07:21:44+00:00\",\"description\":\"Produtos. Distribuidores de \u00e1gua quente e fria, garrafas PET, tampas de 5 gal\u00f5es, acess\u00f3rios, transporte e armazenamento.\",\"breadcrumb\":{\"@id\":\"https:\\\/\\\/www.hods.eu\\\/pt-pt\\\/produtos\\\/#breadcrumb\"},\"inLanguage\":\"pt-PT\",\"potentialAction\":[{\"@type\":\"ReadAction\",\"target\":[\"https:\\\/\\\/www.hods.eu\\\/pt-pt\\\/produtos\\\/\"]}]},{\"@type\":\"BreadcrumbList\",\"@id\":\"https:\\\/\\\/www.hods.eu\\\/pt-pt\\\/produtos\\\/#breadcrumb\",\"itemListElement\":[{\"@type\":\"ListItem\",\"position\":1,\"name\":\"Portada\",\"item\":\"https:\\\/\\\/www.hods.eu\\\/pt-pt\\\/\"},{\"@type\":\"ListItem\",\"position\":2,\"name\":\"Produtos\"}]},{\"@type\":\"WebSite\",\"@id\":\"https:\\\/\\\/www.hods.eu\\\/pt-pt\\\/#website\",\"url\":\"https:\\\/\\\/www.hods.eu\\\/pt-pt\\\/\",\"name\":\"HODS\",\"description\":\"water? drink with us\",\"publisher\":{\"@id\":\"https:\\\/\\\/www.hods.eu\\\/pt-pt\\\/#organization\"},\"potentialAction\":[{\"@type\":\"SearchAction\",\"target\":{\"@type\":\"EntryPoint\",\"urlTemplate\":\"https:\\\/\\\/www.hods.eu\\\/pt-pt\\\/?s={search_term_string}\"},\"query-input\":{\"@type\":\"PropertyValueSpecification\",\"valueRequired\":true,\"valueName\":\"search_term_string\"}}],\"inLanguage\":\"pt-PT\"},{\"@type\":\"Organization\",\"@id\":\"https:\\\/\\\/www.hods.eu\\\/pt-pt\\\/#organization\",\"name\":\"HODS\",\"url\":\"https:\\\/\\\/www.hods.eu\\\/pt-pt\\\/\",\"logo\":{\"@type\":\"ImageObject\",\"inLanguage\":\"pt-PT\",\"@id\":\"https:\\\/\\\/www.hods.eu\\\/pt-pt\\\/#\\\/schema\\\/logo\\\/image\\\/\",\"url\":\"https:\\\/\\\/www.hods.eu\\\/wp-content\\\/uploads\\\/hods-completo-blanco2.jpg\",\"contentUrl\":\"https:\\\/\\\/www.hods.eu\\\/wp-content\\\/uploads\\\/hods-completo-blanco2.jpg\",\"width\":500,\"height\":179,\"caption\":\"HODS\"},\"image\":{\"@id\":\"https:\\\/\\\/www.hods.eu\\\/pt-pt\\\/#\\\/schema\\\/logo\\\/image\\\/\"}}]}<\/script>\n<!-- \/ Yoast SEO plugin. -->","yoast_head_json":{"title":"Produtos Garrafas PET, Distribuidores de \u00e1gua - HODS","description":"Produtos. Distribuidores de \u00e1gua quente e fria, garrafas PET, tampas de 5 gal\u00f5es, acess\u00f3rios, transporte e armazenamento.","robots":{"index":"index","follow":"follow","max-snippet":"max-snippet:-1","max-image-preview":"max-image-preview:large","max-video-preview":"max-video-preview:-1"},"canonical":"https:\/\/www.hods.eu\/pt-pt\/produtos\/","og_locale":"pt_PT","og_type":"article","og_title":"Produtos Garrafas PET, Distribuidores de \u00e1gua - HODS","og_description":"Produtos. Distribuidores de \u00e1gua quente e fria, garrafas PET, tampas de 5 gal\u00f5es, acess\u00f3rios, transporte e armazenamento.","og_url":"https:\/\/www.hods.eu\/pt-pt\/produtos\/","og_site_name":"HODS","article_modified_time":"2021-10-25T07:21:44+00:00","twitter_card":"summary_large_image","twitter_misc":{"Tempo estimado de leitura":"2 minutos"},"schema":{"@context":"https:\/\/schema.org","@graph":[{"@type":"WebPage","@id":"https:\/\/www.hods.eu\/pt-pt\/produtos\/","url":"https:\/\/www.hods.eu\/pt-pt\/produtos\/","name":"Produtos Garrafas PET, Distribuidores de \u00e1gua - HODS","isPartOf":{"@id":"https:\/\/www.hods.eu\/pt-pt\/#website"},"datePublished":"2020-01-27T08:30:37+00:00","dateModified":"2021-10-25T07:21:44+00:00","description":"Produtos. Distribuidores de \u00e1gua quente e fria, garrafas PET, tampas de 5 gal\u00f5es, acess\u00f3rios, transporte e armazenamento.","breadcrumb":{"@id":"https:\/\/www.hods.eu\/pt-pt\/produtos\/#breadcrumb"},"inLanguage":"pt-PT","potentialAction":[{"@type":"ReadAction","target":["https:\/\/www.hods.eu\/pt-pt\/produtos\/"]}]},{"@type":"BreadcrumbList","@id":"https:\/\/www.hods.eu\/pt-pt\/produtos\/#breadcrumb","itemListElement":[{"@type":"ListItem","position":1,"name":"Portada","item":"https:\/\/www.hods.eu\/pt-pt\/"},{"@type":"ListItem","position":2,"name":"Produtos"}]},{"@type":"WebSite","@id":"https:\/\/www.hods.eu\/pt-pt\/#website","url":"https:\/\/www.hods.eu\/pt-pt\/","name":"HODS","description":"water? drink with us","publisher":{"@id":"https:\/\/www.hods.eu\/pt-pt\/#organization"},"potentialAction":[{"@type":"SearchAction","target":{"@type":"EntryPoint","urlTemplate":"https:\/\/www.hods.eu\/pt-pt\/?s={search_term_string}"},"query-input":{"@type":"PropertyValueSpecification","valueRequired":true,"valueName":"search_term_string"}}],"inLanguage":"pt-PT"},{"@type":"Organization","@id":"https:\/\/www.hods.eu\/pt-pt\/#organization","name":"HODS","url":"https:\/\/www.hods.eu\/pt-pt\/","logo":{"@type":"ImageObject","inLanguage":"pt-PT","@id":"https:\/\/www.hods.eu\/pt-pt\/#\/schema\/logo\/image\/","url":"https:\/\/www.hods.eu\/wp-content\/uploads\/hods-completo-blanco2.jpg","contentUrl":"https:\/\/www.hods.eu\/wp-content\/uploads\/hods-completo-blanco2.jpg","width":500,"height":179,"caption":"HODS"},"image":{"@id":"https:\/\/www.hods.eu\/pt-pt\/#\/schema\/logo\/image\/"}}]}},"_links":{"self":[{"href":"https:\/\/www.hods.eu\/pt-pt\/wp-json\/wp\/v2\/pages\/21006","targetHints":{"allow":["GET"]}}],"collection":[{"href":"https:\/\/www.hods.eu\/pt-pt\/wp-json\/wp\/v2\/pages"}],"about":[{"href":"https:\/\/www.hods.eu\/pt-pt\/wp-json\/wp\/v2\/types\/page"}],"author":[{"embeddable":true,"href":"https:\/\/www.hods.eu\/pt-pt\/wp-json\/wp\/v2\/users\/1"}],"replies":[{"embeddable":true,"href":"https:\/\/www.hods.eu\/pt-pt\/wp-json\/wp\/v2\/comments?post=21006"}],"version-history":[{"count":7,"href":"https:\/\/www.hods.eu\/pt-pt\/wp-json\/wp\/v2\/pages\/21006\/revisions"}],"predecessor-version":[{"id":29990,"href":"https:\/\/www.hods.eu\/pt-pt\/wp-json\/wp\/v2\/pages\/21006\/revisions\/29990"}],"wp:attachment":[{"href":"https:\/\/www.hods.eu\/pt-pt\/wp-json\/wp\/v2\/media?parent=21006"}],"curies":[{"name":"wp","href":"https:\/\/api.w.org\/{rel}","templated":true}]}}