{"id":20183,"date":"2020-01-24T15:45:32","date_gmt":"2020-01-24T14:45:32","guid":{"rendered":"https:\/\/www.hods.eu\/?page_id=20183"},"modified":"2022-01-26T12:11:39","modified_gmt":"2022-01-26T11:11:39","slug":"transporte-armazenamento","status":"publish","type":"page","link":"https:\/\/www.hods.eu\/pt-pt\/transporte-armazenamento\/","title":{"rendered":"Transporte e Armazenamento"},"content":{"rendered":"<section class=\"wpb-content-wrapper\"><p>[vc_row full_width=&#8221;stretch_row&#8221; css=&#8221;.vc_custom_1582713912135{padding-bottom: 25px !important;background-color: #017ec1 !important;}&#8221;][vc_column][vc_column_text]<\/p>\n<p style=\"text-align: center;\"><span style=\"font-size: 28px; color: #ffffff;\">Transporte e Armazenamento<\/span><\/p>\n<p>[\/vc_column_text][\/vc_column][\/vc_row][vc_row full_width=&#8221;stretch_row_content&#8221; css=&#8221;.vc_custom_1611828432844{padding-right: 50px !important;}&#8221;][vc_column width=&#8221;2\/3&#8243;][vc_raw_html]JTVCd3BiLXBvcnRmb2xpby1zaG9ydGNvZGUlMjBpZCUzRCUyMjMwMDMyJTIyJTVE[\/vc_raw_html][\/vc_column][vc_column width=&#8221;1\/3&#8243;][vc_column_text css=&#8221;.vc_custom_1611828477496{margin-top: 55px !important;margin-right: 20px !important;margin-left: 20px !important;padding-top: 10px !important;padding-right: 10px !important;padding-left: 10px !important;}&#8221;]<\/p>\n<h4 style=\"color: #6d6d6d; text-align: center;\">Transporte e Armazenamento<\/h4>\n<p>[\/vc_column_text][vc_column_text css=&#8221;.vc_custom_1612535019357{padding-top: 20px !important;padding-right: 20px !important;padding-left: 20px !important;}&#8221;]<\/p>\n<p style=\"text-align: justify; color: #6d6d6d;\">Solu\u00e7\u00f5es para o transporte e armazenamento de garrafas. Para o transporte de garrafas existem os trolleys. Existem dois modelos, o <a href=\"https:\/\/www.hods.eu\/pt-pt\/productos\/carrinho-de-mao-porta-garrafoes-5-garrafoes\/\">carrinho de garrafas de 5 garrafas<\/a> e o <a href=\"https:\/\/www.hods.eu\/pt-pt\/productos\/carrinho-de-mao-porta-garrafoes-7-garrafoes\/\">carrinho de garrafas de 7 garrafas<\/a>. Ambos s\u00e3o feitos de material de alum\u00ednio anodizado. Este material torna os trolleys duros, resistentes e leves. Al\u00e9m disso, \u00e9 um material protegido contra agentes ambientais sem necessidade de manuten\u00e7\u00e3o. Ambos os carrinhos est\u00e3o equipados com rolamentos FAG de alta qualidade. Tamb\u00e9m incluem blocos silenciosos para reduzir as vibra\u00e7\u00f5es e evitar a oscila\u00e7\u00e3o das garrafas. O empilhador de 5 garrafas pode ser equipado com um acess\u00f3rio de escalada de escadas. Tanto os empilhadores de 5 garrafas como os de 7 garrafas podem transportar tanto os cilindros cheios como os vazios.<\/p>\n<p style=\"text-align: justify; color: #6d6d6d;\">Os <a href=\"https:\/\/www.hods.eu\/pt-pt\/productos\/racks\/\">racks<\/a> s\u00e3o a melhor forma de armazenar garrafas em grandes quantidades. As estantes s\u00e3o feitas de polipropileno (PP), um material altamente resistente e leve. \u00c9 um pl\u00e1stico recicl\u00e1vel adequado para a ind\u00fastria alimentar. As estantes podem ser transportadas por empilhador ou empilhador manual. Al\u00e9m disso, s\u00e3o modulares para optimizar o espa\u00e7o. S\u00e3o empilh\u00e1veis, tornando poss\u00edvel formar uma coluna de at\u00e9 6 se estiverem cheias de \u00e1gua, mais se estiverem vazias.<\/p>\n<p>[\/vc_column_text][\/vc_column][\/vc_row][vc_row full_width=&#8221;stretch_row&#8221; css=&#8221;.vc_custom_1582713920932{margin-top: 10px !important;background-color: #e0e0e0 !important;}&#8221;][vc_column width=&#8221;1\/6&#8243;][vc_btn title=&#8221;Fontes em garrafa&#8221; style=&#8221;gradient-custom&#8221; gradient_custom_color_1=&#8221;#e0e0e0&#8243; gradient_custom_color_2=&#8221;#e0e0e0&#8243; gradient_text_color=&#8221;#5e5e5e&#8221; link=&#8221;url:https%3A%2F%2Fwww.hods.eu%2Fpt-pt%2Ffontes-garrafa%2F|title:Fontes%20em%20garrafa|&#8221;][\/vc_column][vc_column width=&#8221;1\/6&#8243;][vc_btn title=&#8221;Fontes de filtra\u00e7\u00e3o&#8221; style=&#8221;gradient-custom&#8221; gradient_custom_color_1=&#8221;#e0e0e0&#8243; gradient_custom_color_2=&#8221;#e0e0e0&#8243; gradient_text_color=&#8221;#5e5e5e&#8221; link=&#8221;url:https%3A%2F%2Fwww.hods.eu%2Fpt-pt%2Ffontes-filtracao%2F|title:Fontes%20de%20filtra%C3%A7%C3%A3o|&#8221;][\/vc_column][vc_column width=&#8221;1\/6&#8243;][vc_btn title=&#8221;Engarrafamento&#8221; style=&#8221;gradient-custom&#8221; gradient_custom_color_1=&#8221;#e0e0e0&#8243; gradient_custom_color_2=&#8221;#e0e0e0&#8243; gradient_text_color=&#8221;#5e5e5e&#8221; link=&#8221;url:https%3A%2F%2Fwww.hods.eu%2Fpt-pt%2Fengarrafamento%2F|title:Engarrafamento|&#8221;][\/vc_column][vc_column width=&#8221;1\/6&#8243;][vc_btn title=&#8221;Limpeza e Higiene&#8221; style=&#8221;gradient-custom&#8221; gradient_custom_color_1=&#8221;#e0e0e0&#8243; gradient_custom_color_2=&#8221;#e0e0e0&#8243; gradient_text_color=&#8221;#5e5e5e&#8221; link=&#8221;url:https%3A%2F%2Fwww.hods.eu%2Fpt-pt%2Flimpeza-higiene%2F|title:Limpeza%20e%20Higiene|&#8221;][\/vc_column][vc_column width=&#8221;1\/6&#8243;][vc_btn title=&#8221;Access\u00f3rios&#8221; style=&#8221;gradient-custom&#8221; gradient_custom_color_1=&#8221;#e0e0e0&#8243; gradient_custom_color_2=&#8221;#e0e0e0&#8243; gradient_text_color=&#8221;#5e5e5e&#8221; link=&#8221;url:https%3A%2F%2Fwww.hods.eu%2Fpt-pt%2Facessorios%2F|title:Access%C3%B3rios|&#8221;][\/vc_column][vc_column width=&#8221;1\/6&#8243;][vc_btn title=&#8221;Maquinaria&#8221; style=&#8221;gradient-custom&#8221; gradient_custom_color_1=&#8221;#e0e0e0&#8243; gradient_custom_color_2=&#8221;#e0e0e0&#8243; gradient_text_color=&#8221;#5e5e5e&#8221; link=&#8221;url:https%3A%2F%2Fwww.hods.eu%2Fpt-pt%2Fmaquinaria%2F|title:Maquinaria|target:_blank&#8221;][\/vc_column][\/vc_row]<\/p>\n<\/section>","protected":false},"excerpt":{"rendered":"<p>[vc_row full_width=&#8221;stretch_row&#8221; css=&#8221;.vc_custom_1582713912135{padding-bottom: 25px !important;background-color: #017ec1 !important;}&#8221;][vc_column][vc_column_text] Transporte e Armazenamento [\/vc_column_text][\/vc_column][\/vc_row][vc_row full_width=&#8221;stretch_row_content&#8221; css=&#8221;.vc_custom_1611828432844{padding-right: 50px !important;}&#8221;][vc_column width=&#8221;2\/3&#8243;][vc_raw_html]JTVCd3BiLXBvcnRmb2xpby1zaG9ydGNvZGUlMjBpZCUzRCUyMjMwMDMyJTIyJTVE[\/vc_raw_html][\/vc_column][vc_column width=&#8221;1\/3&#8243;][vc_column_text css=&#8221;.vc_custom_1611828477496{margin-top: 55px !important;margin-right: 20px !important;margin-left: 20px !important;padding-top: 10px !important;padding-right: 10px !important;padding-left: 10px !important;}&#8221;] Transporte e Armazenamento [\/vc_column_text][vc_column_text css=&#8221;.vc_custom_1612535019357{padding-top: 20px !important;padding-right: 20px !important;padding-left: 20px !important;}&#8221;] Solu\u00e7\u00f5es para o transporte e armazenamento de garrafas. Para o transporte de garrafas existem [&hellip;]<\/p>\n","protected":false},"author":1,"featured_media":26131,"parent":0,"menu_order":0,"comment_status":"closed","ping_status":"closed","template":"","meta":{"footnotes":""},"class_list":["post-20183","page","type-page","status-publish","has-post-thumbnail","hentry"],"yoast_head":"<!-- This site is optimized with the Yoast SEO plugin v27.3 - https:\/\/yoast.com\/product\/yoast-seo-wordpress\/ -->\n<title>Transporte e Armazenamento de garrafas de grande formato. - HODS<\/title>\n<meta name=\"description\" content=\"Transporte e Armazenamento de garrafas de grande formato. Racks para guardar garrafas. Carrinhos de garrafa para 5 ou 7 garrafas.\" \/>\n<meta name=\"robots\" content=\"index, follow, max-snippet:-1, max-image-preview:large, max-video-preview:-1\" \/>\n<link rel=\"canonical\" href=\"https:\/\/www.hods.eu\/pt-pt\/transporte-armazenamento\/\" \/>\n<meta property=\"og:locale\" content=\"pt_PT\" \/>\n<meta property=\"og:type\" content=\"article\" \/>\n<meta property=\"og:title\" content=\"Transporte e Armazenamento de garrafas de grande formato. - HODS\" \/>\n<meta property=\"og:description\" content=\"Transporte e Armazenamento de garrafas de grande formato. Racks para guardar garrafas. Carrinhos de garrafa para 5 ou 7 garrafas.\" \/>\n<meta property=\"og:url\" content=\"https:\/\/www.hods.eu\/pt-pt\/transporte-armazenamento\/\" \/>\n<meta property=\"og:site_name\" content=\"HODS\" \/>\n<meta property=\"article:modified_time\" content=\"2022-01-26T11:11:39+00:00\" \/>\n<meta property=\"og:image\" content=\"https:\/\/www.hods.eu\/wp-content\/uploads\/racks_hods_web_01.jpg\" \/>\n\t<meta property=\"og:image:width\" content=\"768\" \/>\n\t<meta property=\"og:image:height\" content=\"1024\" \/>\n\t<meta property=\"og:image:type\" content=\"image\/jpeg\" \/>\n<meta name=\"twitter:card\" content=\"summary_large_image\" \/>\n<meta name=\"twitter:label1\" content=\"Tempo estimado de leitura\" \/>\n\t<meta name=\"twitter:data1\" content=\"2 minutos\" \/>\n<script type=\"application\/ld+json\" class=\"yoast-schema-graph\">{\"@context\":\"https:\\\/\\\/schema.org\",\"@graph\":[{\"@type\":\"WebPage\",\"@id\":\"https:\\\/\\\/www.hods.eu\\\/pt-pt\\\/transporte-armazenamento\\\/\",\"url\":\"https:\\\/\\\/www.hods.eu\\\/pt-pt\\\/transporte-armazenamento\\\/\",\"name\":\"Transporte e Armazenamento de garrafas de grande formato. - HODS\",\"isPartOf\":{\"@id\":\"https:\\\/\\\/www.hods.eu\\\/pt-pt\\\/#website\"},\"primaryImageOfPage\":{\"@id\":\"https:\\\/\\\/www.hods.eu\\\/pt-pt\\\/transporte-armazenamento\\\/#primaryimage\"},\"image\":{\"@id\":\"https:\\\/\\\/www.hods.eu\\\/pt-pt\\\/transporte-armazenamento\\\/#primaryimage\"},\"thumbnailUrl\":\"https:\\\/\\\/www.hods.eu\\\/wp-content\\\/uploads\\\/racks_hods_web_01.jpg\",\"datePublished\":\"2020-01-24T14:45:32+00:00\",\"dateModified\":\"2022-01-26T11:11:39+00:00\",\"description\":\"Transporte e Armazenamento de garrafas de grande formato. Racks para guardar garrafas. Carrinhos de garrafa para 5 ou 7 garrafas.\",\"breadcrumb\":{\"@id\":\"https:\\\/\\\/www.hods.eu\\\/pt-pt\\\/transporte-armazenamento\\\/#breadcrumb\"},\"inLanguage\":\"pt-PT\",\"potentialAction\":[{\"@type\":\"ReadAction\",\"target\":[\"https:\\\/\\\/www.hods.eu\\\/pt-pt\\\/transporte-armazenamento\\\/\"]}]},{\"@type\":\"ImageObject\",\"inLanguage\":\"pt-PT\",\"@id\":\"https:\\\/\\\/www.hods.eu\\\/pt-pt\\\/transporte-armazenamento\\\/#primaryimage\",\"url\":\"https:\\\/\\\/www.hods.eu\\\/wp-content\\\/uploads\\\/racks_hods_web_01.jpg\",\"contentUrl\":\"https:\\\/\\\/www.hods.eu\\\/wp-content\\\/uploads\\\/racks_hods_web_01.jpg\",\"width\":768,\"height\":1024,\"caption\":\"Transporte e Armazenamento. Estantes empilh\u00e1veis para garrafas de \u00e1gua de 12 a 20 litros\"},{\"@type\":\"BreadcrumbList\",\"@id\":\"https:\\\/\\\/www.hods.eu\\\/pt-pt\\\/transporte-armazenamento\\\/#breadcrumb\",\"itemListElement\":[{\"@type\":\"ListItem\",\"position\":1,\"name\":\"Portada\",\"item\":\"https:\\\/\\\/www.hods.eu\\\/pt-pt\\\/\"},{\"@type\":\"ListItem\",\"position\":2,\"name\":\"Transporte e Armazenamento\"}]},{\"@type\":\"WebSite\",\"@id\":\"https:\\\/\\\/www.hods.eu\\\/pt-pt\\\/#website\",\"url\":\"https:\\\/\\\/www.hods.eu\\\/pt-pt\\\/\",\"name\":\"HODS\",\"description\":\"water? drink with us\",\"publisher\":{\"@id\":\"https:\\\/\\\/www.hods.eu\\\/pt-pt\\\/#organization\"},\"potentialAction\":[{\"@type\":\"SearchAction\",\"target\":{\"@type\":\"EntryPoint\",\"urlTemplate\":\"https:\\\/\\\/www.hods.eu\\\/pt-pt\\\/?s={search_term_string}\"},\"query-input\":{\"@type\":\"PropertyValueSpecification\",\"valueRequired\":true,\"valueName\":\"search_term_string\"}}],\"inLanguage\":\"pt-PT\"},{\"@type\":\"Organization\",\"@id\":\"https:\\\/\\\/www.hods.eu\\\/pt-pt\\\/#organization\",\"name\":\"HODS\",\"url\":\"https:\\\/\\\/www.hods.eu\\\/pt-pt\\\/\",\"logo\":{\"@type\":\"ImageObject\",\"inLanguage\":\"pt-PT\",\"@id\":\"https:\\\/\\\/www.hods.eu\\\/pt-pt\\\/#\\\/schema\\\/logo\\\/image\\\/\",\"url\":\"https:\\\/\\\/www.hods.eu\\\/wp-content\\\/uploads\\\/hods-completo-blanco2.jpg\",\"contentUrl\":\"https:\\\/\\\/www.hods.eu\\\/wp-content\\\/uploads\\\/hods-completo-blanco2.jpg\",\"width\":500,\"height\":179,\"caption\":\"HODS\"},\"image\":{\"@id\":\"https:\\\/\\\/www.hods.eu\\\/pt-pt\\\/#\\\/schema\\\/logo\\\/image\\\/\"}}]}<\/script>\n<!-- \/ Yoast SEO plugin. -->","yoast_head_json":{"title":"Transporte e Armazenamento de garrafas de grande formato. - HODS","description":"Transporte e Armazenamento de garrafas de grande formato. Racks para guardar garrafas. Carrinhos de garrafa para 5 ou 7 garrafas.","robots":{"index":"index","follow":"follow","max-snippet":"max-snippet:-1","max-image-preview":"max-image-preview:large","max-video-preview":"max-video-preview:-1"},"canonical":"https:\/\/www.hods.eu\/pt-pt\/transporte-armazenamento\/","og_locale":"pt_PT","og_type":"article","og_title":"Transporte e Armazenamento de garrafas de grande formato. - HODS","og_description":"Transporte e Armazenamento de garrafas de grande formato. Racks para guardar garrafas. Carrinhos de garrafa para 5 ou 7 garrafas.","og_url":"https:\/\/www.hods.eu\/pt-pt\/transporte-armazenamento\/","og_site_name":"HODS","article_modified_time":"2022-01-26T11:11:39+00:00","og_image":[{"width":768,"height":1024,"url":"https:\/\/www.hods.eu\/wp-content\/uploads\/racks_hods_web_01.jpg","type":"image\/jpeg"}],"twitter_card":"summary_large_image","twitter_misc":{"Tempo estimado de leitura":"2 minutos"},"schema":{"@context":"https:\/\/schema.org","@graph":[{"@type":"WebPage","@id":"https:\/\/www.hods.eu\/pt-pt\/transporte-armazenamento\/","url":"https:\/\/www.hods.eu\/pt-pt\/transporte-armazenamento\/","name":"Transporte e Armazenamento de garrafas de grande formato. - HODS","isPartOf":{"@id":"https:\/\/www.hods.eu\/pt-pt\/#website"},"primaryImageOfPage":{"@id":"https:\/\/www.hods.eu\/pt-pt\/transporte-armazenamento\/#primaryimage"},"image":{"@id":"https:\/\/www.hods.eu\/pt-pt\/transporte-armazenamento\/#primaryimage"},"thumbnailUrl":"https:\/\/www.hods.eu\/wp-content\/uploads\/racks_hods_web_01.jpg","datePublished":"2020-01-24T14:45:32+00:00","dateModified":"2022-01-26T11:11:39+00:00","description":"Transporte e Armazenamento de garrafas de grande formato. Racks para guardar garrafas. Carrinhos de garrafa para 5 ou 7 garrafas.","breadcrumb":{"@id":"https:\/\/www.hods.eu\/pt-pt\/transporte-armazenamento\/#breadcrumb"},"inLanguage":"pt-PT","potentialAction":[{"@type":"ReadAction","target":["https:\/\/www.hods.eu\/pt-pt\/transporte-armazenamento\/"]}]},{"@type":"ImageObject","inLanguage":"pt-PT","@id":"https:\/\/www.hods.eu\/pt-pt\/transporte-armazenamento\/#primaryimage","url":"https:\/\/www.hods.eu\/wp-content\/uploads\/racks_hods_web_01.jpg","contentUrl":"https:\/\/www.hods.eu\/wp-content\/uploads\/racks_hods_web_01.jpg","width":768,"height":1024,"caption":"Transporte e Armazenamento. Estantes empilh\u00e1veis para garrafas de \u00e1gua de 12 a 20 litros"},{"@type":"BreadcrumbList","@id":"https:\/\/www.hods.eu\/pt-pt\/transporte-armazenamento\/#breadcrumb","itemListElement":[{"@type":"ListItem","position":1,"name":"Portada","item":"https:\/\/www.hods.eu\/pt-pt\/"},{"@type":"ListItem","position":2,"name":"Transporte e Armazenamento"}]},{"@type":"WebSite","@id":"https:\/\/www.hods.eu\/pt-pt\/#website","url":"https:\/\/www.hods.eu\/pt-pt\/","name":"HODS","description":"water? drink with us","publisher":{"@id":"https:\/\/www.hods.eu\/pt-pt\/#organization"},"potentialAction":[{"@type":"SearchAction","target":{"@type":"EntryPoint","urlTemplate":"https:\/\/www.hods.eu\/pt-pt\/?s={search_term_string}"},"query-input":{"@type":"PropertyValueSpecification","valueRequired":true,"valueName":"search_term_string"}}],"inLanguage":"pt-PT"},{"@type":"Organization","@id":"https:\/\/www.hods.eu\/pt-pt\/#organization","name":"HODS","url":"https:\/\/www.hods.eu\/pt-pt\/","logo":{"@type":"ImageObject","inLanguage":"pt-PT","@id":"https:\/\/www.hods.eu\/pt-pt\/#\/schema\/logo\/image\/","url":"https:\/\/www.hods.eu\/wp-content\/uploads\/hods-completo-blanco2.jpg","contentUrl":"https:\/\/www.hods.eu\/wp-content\/uploads\/hods-completo-blanco2.jpg","width":500,"height":179,"caption":"HODS"},"image":{"@id":"https:\/\/www.hods.eu\/pt-pt\/#\/schema\/logo\/image\/"}}]}},"_links":{"self":[{"href":"https:\/\/www.hods.eu\/pt-pt\/wp-json\/wp\/v2\/pages\/20183","targetHints":{"allow":["GET"]}}],"collection":[{"href":"https:\/\/www.hods.eu\/pt-pt\/wp-json\/wp\/v2\/pages"}],"about":[{"href":"https:\/\/www.hods.eu\/pt-pt\/wp-json\/wp\/v2\/types\/page"}],"author":[{"embeddable":true,"href":"https:\/\/www.hods.eu\/pt-pt\/wp-json\/wp\/v2\/users\/1"}],"replies":[{"embeddable":true,"href":"https:\/\/www.hods.eu\/pt-pt\/wp-json\/wp\/v2\/comments?post=20183"}],"version-history":[{"count":7,"href":"https:\/\/www.hods.eu\/pt-pt\/wp-json\/wp\/v2\/pages\/20183\/revisions"}],"predecessor-version":[{"id":30653,"href":"https:\/\/www.hods.eu\/pt-pt\/wp-json\/wp\/v2\/pages\/20183\/revisions\/30653"}],"wp:featuredmedia":[{"embeddable":true,"href":"https:\/\/www.hods.eu\/pt-pt\/wp-json\/wp\/v2\/media\/26131"}],"wp:attachment":[{"href":"https:\/\/www.hods.eu\/pt-pt\/wp-json\/wp\/v2\/media?parent=20183"}],"curies":[{"name":"wp","href":"https:\/\/api.w.org\/{rel}","templated":true}]}}