{"id":20180,"date":"2020-01-24T15:43:18","date_gmt":"2020-01-24T14:43:18","guid":{"rendered":"https:\/\/www.hods.eu\/?page_id=20180"},"modified":"2022-01-26T11:29:54","modified_gmt":"2022-01-26T10:29:54","slug":"acessorios","status":"publish","type":"page","link":"https:\/\/www.hods.eu\/pt-pt\/acessorios\/","title":{"rendered":"Access\u00f3rios"},"content":{"rendered":"<section class=\"wpb-content-wrapper\"><p>[vc_row full_width=&#8221;stretch_row&#8221; css=&#8221;.vc_custom_1582708304060{padding-bottom: 25px !important;background-color: #017ec1 !important;}&#8221;][vc_column][vc_column_text]<\/p>\n<p style=\"text-align: center;\"><span style=\"font-size: 28px; color: #ffffff;\">Acess\u00f3rios<\/span><\/p>\n<p>[\/vc_column_text][\/vc_column][\/vc_row][vc_row full_width=&#8221;stretch_row_content&#8221;][vc_column width=&#8221;2\/3&#8243;][vc_raw_html]JTVCd3BiLXBvcnRmb2xpby1zaG9ydGNvZGUlMjBpZCUzRCUyMjMwMDU1JTIyJTVE[\/vc_raw_html][\/vc_column][vc_column width=&#8221;1\/3&#8243; css=&#8221;.vc_custom_1611747837725{padding-right: 50px !important;}&#8221;][vc_column_text css=&#8221;.vc_custom_1611746041004{margin-top: 55px !important;margin-right: 20px !important;margin-left: 20px !important;padding-top: 10px !important;padding-right: 10px !important;padding-left: 10px !important;}&#8221;]<\/p>\n<h4 style=\"color: #6d6d6d; text-align: center;\">Todos os acess\u00f3rios necess\u00e1rios para fontes de \u00e1gua e garrafas de \u00e1gua<\/h4>\n<p>[\/vc_column_text][vc_column_text css=&#8221;.vc_custom_1611936874961{padding-top: 20px !important;padding-right: 20px !important;padding-left: 20px !important;}&#8221;]<\/p>\n<p style=\"text-align: justify; color: #6d6d6d;\">Diferentes modelos de bombas de \u00e1gua. <a href=\"https:\/\/www.hods.eu\/pt-pt\/productos\/bomba-de-agua\/\">Bomba de \u00e1gua<\/a> para garrafas de 5 gal\u00f5es com tampa e perfeita para combinar com o empilhador de garrafas. Para garrafas sem tampa e para garrafas e garraf\u00f5es de 3 a 10 litros, <a href=\"https:\/\/www.hods.eu\/pt-pt\/productos\/bomba-de-agua-55mm\/\">bomba de \u00e1gua de 55mm<\/a> e <a href=\"https:\/\/www.hods.eu\/pt-pt\/productos\/bomba-de-agua-48mm\/\">bomba de \u00e1gua de 48-38mm<\/a>. <a href=\"https:\/\/www.hods.eu\/pt-pt\/productos\/kit-suporte-torneira\/\">Suporte met\u00e1lico e torneira<\/a> para transformar a garrafa numa pequena fonte de \u00e1gua temperada. As bombas de \u00e1gua e o suporte s\u00e3o perfeitos para espa\u00e7os apertados.<\/p>\n<p style=\"text-align: justify; color: #6d6d6d;\">Para guardar as garrafas ou garraf\u00f5es, existem as prateleiras met\u00e1licas como solu\u00e7\u00e3o de armazenamento. As prateleiras s\u00e3o para 4 garrafas e est\u00e3o dispon\u00edveis em <a href=\"https:\/\/www.hods.eu\/pt-pt\/productos\/garrafeira-metalica-branca\/\">branco<\/a> ou <a href=\"https:\/\/www.hods.eu\/pt-pt\/productos\/garrafeira-metalica-preta\/\">preto<\/a>.<\/p>\n<p style=\"text-align: justify; color: #6d6d6d;\">Al\u00e9m disso, existem os suportes de madeira, para <a href=\"https:\/\/www.hods.eu\/pt-pt\/productos\/suporte-de-madeira-para-chao\/\">ch\u00e3o<\/a> ou <a href=\"https:\/\/www.hods.eu\/pt-pt\/productos\/suporte-de-madeira-sobre-mesa\/\">mesa<\/a>. Os stands s\u00e3o perfeitos para o Dispensador Simples ou Dispensador Cer\u00e2mico. <a href=\"https:\/\/www.hods.eu\/pt-pt\/productos\/suporte-para-copos-transparente\/\">Porta-copos<\/a> e <a href=\"https:\/\/www.hods.eu\/pt-pt\/productos\/coletor-de-copos\/\">colectores de copos<\/a> para acompanhar as fontes de \u00e1gua.<\/p>\n<p style=\"text-align: justify; color: #6d6d6d;\"><a href=\"https:\/\/www.hods.eu\/pt-pt\/productos\/garrafa-500-ml\/\">500ml de garrafas de tritan<\/a> para levar para qualquer lugar, estas garrafas s\u00e3o leves e resistentes. <a href=\"https:\/\/www.hods.eu\/pt-pt\/productos\/capa-protetora\/\">Capas<\/a> coloridas para proteger as garrafas ou garraf\u00f5es de 18,9 e 20 litros dos raios solares.<\/p>\n<p style=\"text-align: justify; color: #6d6d6d;\">Finalmente, os novos <a href=\"https:\/\/www.hods.eu\/pt-pt\/productos\/touchless-tap\/\">Touchless Tap<\/a> accionadores de torneira sem contacto, sem toque. Colocar os bebedouros e evitar o contacto da m\u00e3o ou do copo com a fonte.<\/p>\n<p>[\/vc_column_text][\/vc_column][\/vc_row][vc_row full_width=&#8221;stretch_row&#8221; css=&#8221;.vc_custom_1582708314535{margin-top: 10px !important;background-color: #e0e0e0 !important;}&#8221;][vc_column width=&#8221;1\/6&#8243;][vc_btn title=&#8221;Fontes em garrafa&#8221; style=&#8221;gradient-custom&#8221; gradient_custom_color_1=&#8221;#e0e0e0&#8243; gradient_custom_color_2=&#8221;#e0e0e0&#8243; gradient_text_color=&#8221;#5e5e5e&#8221; link=&#8221;url:https%3A%2F%2Fwww.hods.eu%2Fpt-pt%2Ffontes-garrafa%2F|title:Fontes%20em%20garrafa|&#8221;][\/vc_column][vc_column width=&#8221;1\/6&#8243;][vc_btn title=&#8221;Fontes de filtra\u00e7\u00e3o&#8221; style=&#8221;gradient-custom&#8221; gradient_custom_color_1=&#8221;#e0e0e0&#8243; gradient_custom_color_2=&#8221;#e0e0e0&#8243; gradient_text_color=&#8221;#5e5e5e&#8221; link=&#8221;url:https%3A%2F%2Fwww.hods.eu%2Fpt-pt%2Ffontes-filtracao%2F|title:Fontes%20de%20filtra%C3%A7%C3%A3o|&#8221;][\/vc_column][vc_column width=&#8221;1\/6&#8243;][vc_btn title=&#8221;Engarrafamento&#8221; style=&#8221;gradient-custom&#8221; gradient_custom_color_1=&#8221;#e0e0e0&#8243; gradient_custom_color_2=&#8221;#e0e0e0&#8243; gradient_text_color=&#8221;#5e5e5e&#8221; link=&#8221;url:https%3A%2F%2Fwww.hods.eu%2Fpt-pt%2Fengarrafamento%2F|title:Engarrafamento|&#8221;][\/vc_column][vc_column width=&#8221;1\/6&#8243;][vc_btn title=&#8221;Transporte e Armazenamento&#8221; style=&#8221;gradient-custom&#8221; gradient_custom_color_1=&#8221;#e0e0e0&#8243; gradient_custom_color_2=&#8221;#e0e0e0&#8243; gradient_text_color=&#8221;#5e5e5e&#8221; link=&#8221;url:https%3A%2F%2Fwww.hods.eu%2Fpt-pt%2Ftransporte-armazenamento%2F|title:Transporte%20e%20Armazenamento|&#8221;][\/vc_column][vc_column width=&#8221;1\/6&#8243;][vc_btn title=&#8221;Limpeza e Higiene&#8221; style=&#8221;gradient-custom&#8221; gradient_custom_color_1=&#8221;#e0e0e0&#8243; gradient_custom_color_2=&#8221;#e0e0e0&#8243; gradient_text_color=&#8221;#5e5e5e&#8221; link=&#8221;url:https%3A%2F%2Fwww.hods.eu%2Fpt-pt%2Flimpeza-higiene%2F|title:Limpeza%20e%20Higiene|&#8221;][\/vc_column][vc_column width=&#8221;1\/6&#8243;][vc_btn title=&#8221;Maquinaria&#8221; style=&#8221;gradient-custom&#8221; gradient_custom_color_1=&#8221;#e0e0e0&#8243; gradient_custom_color_2=&#8221;#e0e0e0&#8243; gradient_text_color=&#8221;#017ec1&#8243; link=&#8221;url:https%3A%2F%2Fwww.hods.eu%2Fpt-pt%2Fmaquinaria%2F|title:Maquinaria|target:_blank&#8221;][\/vc_column][\/vc_row][vc_row full_width=&#8221;stretch_row_content&#8221;][vc_column][\/vc_column][\/vc_row]<\/p>\n<\/section>","protected":false},"excerpt":{"rendered":"<p>[vc_row full_width=&#8221;stretch_row&#8221; css=&#8221;.vc_custom_1582708304060{padding-bottom: 25px !important;background-color: #017ec1 !important;}&#8221;][vc_column][vc_column_text] Acess\u00f3rios [\/vc_column_text][\/vc_column][\/vc_row][vc_row full_width=&#8221;stretch_row_content&#8221;][vc_column width=&#8221;2\/3&#8243;][vc_raw_html]JTVCd3BiLXBvcnRmb2xpby1zaG9ydGNvZGUlMjBpZCUzRCUyMjMwMDU1JTIyJTVE[\/vc_raw_html][\/vc_column][vc_column width=&#8221;1\/3&#8243; css=&#8221;.vc_custom_1611747837725{padding-right: 50px !important;}&#8221;][vc_column_text css=&#8221;.vc_custom_1611746041004{margin-top: 55px !important;margin-right: 20px !important;margin-left: 20px !important;padding-top: 10px !important;padding-right: 10px !important;padding-left: 10px !important;}&#8221;] Todos os acess\u00f3rios necess\u00e1rios para fontes de \u00e1gua e garrafas de \u00e1gua [\/vc_column_text][vc_column_text css=&#8221;.vc_custom_1611936874961{padding-top: 20px !important;padding-right: 20px !important;padding-left: 20px !important;}&#8221;] Diferentes modelos de bombas de \u00e1gua. Bomba [&hellip;]<\/p>\n","protected":false},"author":1,"featured_media":30141,"parent":0,"menu_order":0,"comment_status":"closed","ping_status":"closed","template":"","meta":{"footnotes":""},"class_list":["post-20180","page","type-page","status-publish","has-post-thumbnail","hentry"],"yoast_head":"<!-- This site is optimized with the Yoast SEO plugin v27.3 - https:\/\/yoast.com\/product\/yoast-seo-wordpress\/ -->\n<title>Acess\u00f3rios para distribuidores de \u00e1gua e garrafas de \u00e1gua - HODS<\/title>\n<meta name=\"description\" content=\"Acess\u00f3rios para dispensadores de \u00e1gua e garrafas. Pegas, suportes de madeira, prateleiras, coberturas de protec\u00e7\u00e3o de garrafas, etc.\" \/>\n<meta name=\"robots\" content=\"index, follow, max-snippet:-1, max-image-preview:large, max-video-preview:-1\" \/>\n<link rel=\"canonical\" href=\"https:\/\/www.hods.eu\/pt-pt\/acessorios\/\" \/>\n<meta property=\"og:locale\" content=\"pt_PT\" \/>\n<meta property=\"og:type\" content=\"article\" \/>\n<meta property=\"og:title\" content=\"Acess\u00f3rios para distribuidores de \u00e1gua e garrafas de \u00e1gua - HODS\" \/>\n<meta property=\"og:description\" content=\"Acess\u00f3rios para dispensadores de \u00e1gua e garrafas. Pegas, suportes de madeira, prateleiras, coberturas de protec\u00e7\u00e3o de garrafas, etc.\" \/>\n<meta property=\"og:url\" content=\"https:\/\/www.hods.eu\/pt-pt\/acessorios\/\" \/>\n<meta property=\"og:site_name\" content=\"HODS\" \/>\n<meta property=\"article:modified_time\" content=\"2022-01-26T10:29:54+00:00\" \/>\n<meta property=\"og:image\" content=\"https:\/\/www.hods.eu\/wp-content\/uploads\/web_hods_bomba55b.jpg\" \/>\n\t<meta property=\"og:image:width\" content=\"906\" \/>\n\t<meta property=\"og:image:height\" content=\"521\" \/>\n\t<meta property=\"og:image:type\" content=\"image\/jpeg\" \/>\n<meta name=\"twitter:card\" content=\"summary_large_image\" \/>\n<meta name=\"twitter:label1\" content=\"Tempo estimado de leitura\" \/>\n\t<meta name=\"twitter:data1\" content=\"2 minutos\" \/>\n<script type=\"application\/ld+json\" class=\"yoast-schema-graph\">{\"@context\":\"https:\\\/\\\/schema.org\",\"@graph\":[{\"@type\":\"WebPage\",\"@id\":\"https:\\\/\\\/www.hods.eu\\\/pt-pt\\\/acessorios\\\/\",\"url\":\"https:\\\/\\\/www.hods.eu\\\/pt-pt\\\/acessorios\\\/\",\"name\":\"Acess\u00f3rios para distribuidores de \u00e1gua e garrafas de \u00e1gua - HODS\",\"isPartOf\":{\"@id\":\"https:\\\/\\\/www.hods.eu\\\/pt-pt\\\/#website\"},\"primaryImageOfPage\":{\"@id\":\"https:\\\/\\\/www.hods.eu\\\/pt-pt\\\/acessorios\\\/#primaryimage\"},\"image\":{\"@id\":\"https:\\\/\\\/www.hods.eu\\\/pt-pt\\\/acessorios\\\/#primaryimage\"},\"thumbnailUrl\":\"https:\\\/\\\/www.hods.eu\\\/wp-content\\\/uploads\\\/accesorios-3.jpg\",\"datePublished\":\"2020-01-24T14:43:18+00:00\",\"dateModified\":\"2022-01-26T10:29:54+00:00\",\"description\":\"Acess\u00f3rios para dispensadores de \u00e1gua e garrafas. Pegas, suportes de madeira, prateleiras, coberturas de protec\u00e7\u00e3o de garrafas, etc.\",\"breadcrumb\":{\"@id\":\"https:\\\/\\\/www.hods.eu\\\/pt-pt\\\/acessorios\\\/#breadcrumb\"},\"inLanguage\":\"pt-PT\",\"potentialAction\":[{\"@type\":\"ReadAction\",\"target\":[\"https:\\\/\\\/www.hods.eu\\\/pt-pt\\\/acessorios\\\/\"]}]},{\"@type\":\"ImageObject\",\"inLanguage\":\"pt-PT\",\"@id\":\"https:\\\/\\\/www.hods.eu\\\/pt-pt\\\/acessorios\\\/#primaryimage\",\"url\":\"https:\\\/\\\/www.hods.eu\\\/wp-content\\\/uploads\\\/accesorios-3.jpg\",\"contentUrl\":\"https:\\\/\\\/www.hods.eu\\\/wp-content\\\/uploads\\\/accesorios-3.jpg\",\"width\":748,\"height\":832,\"caption\":\"Accesorios varios para dispensadores de agua\"},{\"@type\":\"BreadcrumbList\",\"@id\":\"https:\\\/\\\/www.hods.eu\\\/pt-pt\\\/acessorios\\\/#breadcrumb\",\"itemListElement\":[{\"@type\":\"ListItem\",\"position\":1,\"name\":\"Portada\",\"item\":\"https:\\\/\\\/www.hods.eu\\\/pt-pt\\\/\"},{\"@type\":\"ListItem\",\"position\":2,\"name\":\"Access\u00f3rios\"}]},{\"@type\":\"WebSite\",\"@id\":\"https:\\\/\\\/www.hods.eu\\\/pt-pt\\\/#website\",\"url\":\"https:\\\/\\\/www.hods.eu\\\/pt-pt\\\/\",\"name\":\"HODS\",\"description\":\"water? drink with us\",\"publisher\":{\"@id\":\"https:\\\/\\\/www.hods.eu\\\/pt-pt\\\/#organization\"},\"potentialAction\":[{\"@type\":\"SearchAction\",\"target\":{\"@type\":\"EntryPoint\",\"urlTemplate\":\"https:\\\/\\\/www.hods.eu\\\/pt-pt\\\/?s={search_term_string}\"},\"query-input\":{\"@type\":\"PropertyValueSpecification\",\"valueRequired\":true,\"valueName\":\"search_term_string\"}}],\"inLanguage\":\"pt-PT\"},{\"@type\":\"Organization\",\"@id\":\"https:\\\/\\\/www.hods.eu\\\/pt-pt\\\/#organization\",\"name\":\"HODS\",\"url\":\"https:\\\/\\\/www.hods.eu\\\/pt-pt\\\/\",\"logo\":{\"@type\":\"ImageObject\",\"inLanguage\":\"pt-PT\",\"@id\":\"https:\\\/\\\/www.hods.eu\\\/pt-pt\\\/#\\\/schema\\\/logo\\\/image\\\/\",\"url\":\"https:\\\/\\\/www.hods.eu\\\/wp-content\\\/uploads\\\/hods-completo-blanco2.jpg\",\"contentUrl\":\"https:\\\/\\\/www.hods.eu\\\/wp-content\\\/uploads\\\/hods-completo-blanco2.jpg\",\"width\":500,\"height\":179,\"caption\":\"HODS\"},\"image\":{\"@id\":\"https:\\\/\\\/www.hods.eu\\\/pt-pt\\\/#\\\/schema\\\/logo\\\/image\\\/\"}}]}<\/script>\n<!-- \/ Yoast SEO plugin. -->","yoast_head_json":{"title":"Acess\u00f3rios para distribuidores de \u00e1gua e garrafas de \u00e1gua - HODS","description":"Acess\u00f3rios para dispensadores de \u00e1gua e garrafas. Pegas, suportes de madeira, prateleiras, coberturas de protec\u00e7\u00e3o de garrafas, etc.","robots":{"index":"index","follow":"follow","max-snippet":"max-snippet:-1","max-image-preview":"max-image-preview:large","max-video-preview":"max-video-preview:-1"},"canonical":"https:\/\/www.hods.eu\/pt-pt\/acessorios\/","og_locale":"pt_PT","og_type":"article","og_title":"Acess\u00f3rios para distribuidores de \u00e1gua e garrafas de \u00e1gua - HODS","og_description":"Acess\u00f3rios para dispensadores de \u00e1gua e garrafas. Pegas, suportes de madeira, prateleiras, coberturas de protec\u00e7\u00e3o de garrafas, etc.","og_url":"https:\/\/www.hods.eu\/pt-pt\/acessorios\/","og_site_name":"HODS","article_modified_time":"2022-01-26T10:29:54+00:00","og_image":[{"width":906,"height":521,"url":"https:\/\/www.hods.eu\/wp-content\/uploads\/web_hods_bomba55b.jpg","type":"image\/jpeg"}],"twitter_card":"summary_large_image","twitter_misc":{"Tempo estimado de leitura":"2 minutos"},"schema":{"@context":"https:\/\/schema.org","@graph":[{"@type":"WebPage","@id":"https:\/\/www.hods.eu\/pt-pt\/acessorios\/","url":"https:\/\/www.hods.eu\/pt-pt\/acessorios\/","name":"Acess\u00f3rios para distribuidores de \u00e1gua e garrafas de \u00e1gua - HODS","isPartOf":{"@id":"https:\/\/www.hods.eu\/pt-pt\/#website"},"primaryImageOfPage":{"@id":"https:\/\/www.hods.eu\/pt-pt\/acessorios\/#primaryimage"},"image":{"@id":"https:\/\/www.hods.eu\/pt-pt\/acessorios\/#primaryimage"},"thumbnailUrl":"https:\/\/www.hods.eu\/wp-content\/uploads\/accesorios-3.jpg","datePublished":"2020-01-24T14:43:18+00:00","dateModified":"2022-01-26T10:29:54+00:00","description":"Acess\u00f3rios para dispensadores de \u00e1gua e garrafas. Pegas, suportes de madeira, prateleiras, coberturas de protec\u00e7\u00e3o de garrafas, etc.","breadcrumb":{"@id":"https:\/\/www.hods.eu\/pt-pt\/acessorios\/#breadcrumb"},"inLanguage":"pt-PT","potentialAction":[{"@type":"ReadAction","target":["https:\/\/www.hods.eu\/pt-pt\/acessorios\/"]}]},{"@type":"ImageObject","inLanguage":"pt-PT","@id":"https:\/\/www.hods.eu\/pt-pt\/acessorios\/#primaryimage","url":"https:\/\/www.hods.eu\/wp-content\/uploads\/accesorios-3.jpg","contentUrl":"https:\/\/www.hods.eu\/wp-content\/uploads\/accesorios-3.jpg","width":748,"height":832,"caption":"Accesorios varios para dispensadores de agua"},{"@type":"BreadcrumbList","@id":"https:\/\/www.hods.eu\/pt-pt\/acessorios\/#breadcrumb","itemListElement":[{"@type":"ListItem","position":1,"name":"Portada","item":"https:\/\/www.hods.eu\/pt-pt\/"},{"@type":"ListItem","position":2,"name":"Access\u00f3rios"}]},{"@type":"WebSite","@id":"https:\/\/www.hods.eu\/pt-pt\/#website","url":"https:\/\/www.hods.eu\/pt-pt\/","name":"HODS","description":"water? drink with us","publisher":{"@id":"https:\/\/www.hods.eu\/pt-pt\/#organization"},"potentialAction":[{"@type":"SearchAction","target":{"@type":"EntryPoint","urlTemplate":"https:\/\/www.hods.eu\/pt-pt\/?s={search_term_string}"},"query-input":{"@type":"PropertyValueSpecification","valueRequired":true,"valueName":"search_term_string"}}],"inLanguage":"pt-PT"},{"@type":"Organization","@id":"https:\/\/www.hods.eu\/pt-pt\/#organization","name":"HODS","url":"https:\/\/www.hods.eu\/pt-pt\/","logo":{"@type":"ImageObject","inLanguage":"pt-PT","@id":"https:\/\/www.hods.eu\/pt-pt\/#\/schema\/logo\/image\/","url":"https:\/\/www.hods.eu\/wp-content\/uploads\/hods-completo-blanco2.jpg","contentUrl":"https:\/\/www.hods.eu\/wp-content\/uploads\/hods-completo-blanco2.jpg","width":500,"height":179,"caption":"HODS"},"image":{"@id":"https:\/\/www.hods.eu\/pt-pt\/#\/schema\/logo\/image\/"}}]}},"_links":{"self":[{"href":"https:\/\/www.hods.eu\/pt-pt\/wp-json\/wp\/v2\/pages\/20180","targetHints":{"allow":["GET"]}}],"collection":[{"href":"https:\/\/www.hods.eu\/pt-pt\/wp-json\/wp\/v2\/pages"}],"about":[{"href":"https:\/\/www.hods.eu\/pt-pt\/wp-json\/wp\/v2\/types\/page"}],"author":[{"embeddable":true,"href":"https:\/\/www.hods.eu\/pt-pt\/wp-json\/wp\/v2\/users\/1"}],"replies":[{"embeddable":true,"href":"https:\/\/www.hods.eu\/pt-pt\/wp-json\/wp\/v2\/comments?post=20180"}],"version-history":[{"count":7,"href":"https:\/\/www.hods.eu\/pt-pt\/wp-json\/wp\/v2\/pages\/20180\/revisions"}],"predecessor-version":[{"id":30613,"href":"https:\/\/www.hods.eu\/pt-pt\/wp-json\/wp\/v2\/pages\/20180\/revisions\/30613"}],"wp:featuredmedia":[{"embeddable":true,"href":"https:\/\/www.hods.eu\/pt-pt\/wp-json\/wp\/v2\/media\/30141"}],"wp:attachment":[{"href":"https:\/\/www.hods.eu\/pt-pt\/wp-json\/wp\/v2\/media?parent=20180"}],"curies":[{"name":"wp","href":"https:\/\/api.w.org\/{rel}","templated":true}]}}