{"id":20176,"date":"2020-01-24T15:36:41","date_gmt":"2020-01-24T14:36:41","guid":{"rendered":"https:\/\/www.hods.eu\/?page_id=20176"},"modified":"2022-01-26T12:00:59","modified_gmt":"2022-01-26T11:00:59","slug":"engarrafamento","status":"publish","type":"page","link":"https:\/\/www.hods.eu\/pt-pt\/engarrafamento\/","title":{"rendered":"Engarrafamento"},"content":{"rendered":"<section class=\"wpb-content-wrapper\"><p>[vc_row full_width=&#8221;stretch_row&#8221; css=&#8221;.vc_custom_1582708090030{padding-bottom: 25px !important;background-color: #017ec1 !important;}&#8221;][vc_column][vc_column_text]<\/p>\n<p style=\"text-align: center;\"><span style=\"font-size: 28px; color: #ffffff;\">Engarrafamento<\/span><\/p>\n<p>[\/vc_column_text][\/vc_column][\/vc_row][vc_row full_width=&#8221;stretch_row_content&#8221; gap=&#8221;3&#8243; css=&#8221;.vc_custom_1611748122765{padding-right: 50px !important;}&#8221;][vc_column width=&#8221;2\/3&#8243;][vc_raw_html]JTVCd3BiLXBvcnRmb2xpby1zaG9ydGNvZGUlMjBpZCUzRCUyMjMwMDIxJTIyJTVE[\/vc_raw_html][\/vc_column][vc_column width=&#8221;1\/3&#8243;][vc_column_text css=&#8221;.vc_custom_1611751858325{margin-top: 55px !important;margin-right: 20px !important;margin-left: 20px !important;padding-top: 10px !important;padding-right: 10px !important;padding-bottom: 10px !important;padding-left: 10px !important;}&#8221;]<\/p>\n<h4 style=\"color: #6d6d6d; text-align: center;\">Garrafas, tampas e pr\u00e9-formas, tudo o que precisa para o engarrafamento de \u00e1gua<\/h4>\n<p>[\/vc_column_text][vc_column_text css=&#8221;.vc_custom_1612168208845{padding-top: 20px !important;}&#8221;]<\/p>\n<p style=\"text-align: justify; color: #6d6d6d;\"><a href=\"https:\/\/www.hods.eu\/pt-pt\/productos\/tampa-5-galoes\/\">Tampas de 5 gal\u00f5es<\/a> para engarrafar garrafas ou garraf\u00f5es de 11,8 a 20 litros com gargalo de 55 mil\u00edmetros. As tampas s\u00e3o feitas com um material virgem com o qual se consegue uma maior adaptabilidade. Al\u00e9m disso, est\u00e3o totalmente livres de azodicarbonamida. Incluem um duplo anel interno de TPE que proporciona maior seguran\u00e7a e melhora a impermeabiliza\u00e7\u00e3o, conseguindo uma dupla veda\u00e7\u00e3o. Tamb\u00e9m a v\u00e1lvula foi melhorada para obter um maior retorno ao retirar a garrafa do distribuidor de \u00e1gua. Cada lote de tampas de 5 gal\u00f5es \u00e9 inspeccionado e certificado pela <a href=\"https:\/\/www.aenor.com\/\">Aenor<\/a>.<\/p>\n<p style=\"text-align: justify; color: #6d6d6d;\"><a href=\"https:\/\/www.hods.eu\/pt-pt\/productos\/garrafao-pet-18-9-litros\/\">Garrafas PET<\/a> em diferentes formatos e cores, com um gargalo de 55 mil\u00edmetros para tampas de 5 gal\u00f5es. As garrafas ou garraf\u00f5es s\u00e3o feitas de PET, um material totalmente isento de Bisfenol-A. Al\u00e9m disso, t\u00eam um cabo de ABS inserido. Ao ser inserido, torna a limpeza da garrafa muito mais eficiente. As garrafas s\u00e3o muito resistentes aos choques e coloridas, pelo que protegem a \u00e1gua dos raios solares. As garrafas de 18,9 e <a href=\"https:\/\/www.hods.eu\/pt-pt\/productos\/garrafao-pet-20-litros\/\">20 litros<\/a> est\u00e3o dispon\u00edveis em azul, vermelho e turquesa. A garrafa de <a href=\"https:\/\/www.hods.eu\/pt-pt\/productos\/garrafao-pet-12-litros\/\">12 litros<\/a> est\u00e1 dispon\u00edvel em azul.<\/p>\n<p style=\"text-align: justify; color: #6d6d6d;\">Pr\u00e9-formas PET para a produ\u00e7\u00e3o de garrafas. As pr\u00e9-formas PET s\u00e3o livres de Bisfenol-A e altamente resistentes. Todos eles t\u00eam um pesco\u00e7o de 55 mil\u00edmetros, adaptando-se perfeitamente a tampas de 5 gal\u00f5es. As pr\u00e9-formas de <a href=\"https:\/\/www.hods.eu\/pt-pt\/productos\/preforma-pet-750gr\/\">750 gramas<\/a> est\u00e3o dispon\u00edveis em azul, vermelho e turquesa, e s\u00e3o perfeitas para soprar garrafas de 18,9 ou 20 litros ou jarros de \u00e1gua. Tanto as pr\u00e9-formas de <a href=\"https:\/\/www.hods.eu\/pt-pt\/productos\/pre-forma-pet-480gr\/\">480 gramas<\/a> como as de <a href=\"https:\/\/www.hods.eu\/pt-pt\/productos\/pre-forma-pet-360gr\/\">360 gramas<\/a> est\u00e3o dispon\u00edveis apenas em azul. Estes pr\u00e9-formados mais pequenos s\u00e3o ideais para soprar garrafas de 10 e 12 litros.<\/p>\n<p>[\/vc_column_text][\/vc_column][\/vc_row][vc_row full_width=&#8221;stretch_row&#8221; gap=&#8221;3&#8243; content_placement=&#8221;middle&#8221; css=&#8221;.vc_custom_1582708100684{margin-top: 10px !important;background-color: #e0e0e0 !important;}&#8221;][vc_column width=&#8221;1\/6&#8243;][vc_btn title=&#8221;Fontes em garrafa&#8221; style=&#8221;gradient-custom&#8221; gradient_custom_color_1=&#8221;#e0e0e0&#8243; gradient_custom_color_2=&#8221;#e0e0e0&#8243; gradient_text_color=&#8221;#5e5e5e&#8221; link=&#8221;url:https%3A%2F%2Fwww.hods.eu%2Fpt-pt%2Ffontes-garrafa%2F|title:Fontes%20em%20garrafa|&#8221;][\/vc_column][vc_column width=&#8221;1\/6&#8243;][vc_btn title=&#8221;Fontes de filtra\u00e7\u00e3o&#8221; style=&#8221;gradient-custom&#8221; gradient_custom_color_1=&#8221;#e0e0e0&#8243; gradient_custom_color_2=&#8221;#e0e0e0&#8243; gradient_text_color=&#8221;#5e5e5e&#8221; link=&#8221;url:https%3A%2F%2Fwww.hods.eu%2Fpt-pt%2Ffontes-filtracao%2F|title:Fontes%20em%20garrafa|&#8221;][\/vc_column][vc_column width=&#8221;1\/6&#8243;][vc_btn title=&#8221;Transporte e Armazenamento&#8221; style=&#8221;gradient-custom&#8221; gradient_custom_color_1=&#8221;#e0e0e0&#8243; gradient_custom_color_2=&#8221;#e0e0e0&#8243; gradient_text_color=&#8221;#5e5e5e&#8221; link=&#8221;url:https%3A%2F%2Fwww.hods.eu%2Fpt-pt%2Ftransporte-armazenamento%2F|title:Fontes%20em%20garrafa|&#8221;][\/vc_column][vc_column width=&#8221;1\/6&#8243;][vc_btn title=&#8221;Limpeza e Higiene&#8221; style=&#8221;gradient-custom&#8221; gradient_custom_color_1=&#8221;#e0e0e0&#8243; gradient_custom_color_2=&#8221;#e0e0e0&#8243; gradient_text_color=&#8221;#5e5e5e&#8221; link=&#8221;url:https%3A%2F%2Fwww.hods.eu%2Fpt-pt%2Flimpeza-higiene%2F|title:Fontes%20em%20garrafa|&#8221;][\/vc_column][vc_column width=&#8221;1\/6&#8243;][vc_btn title=&#8221;Acces\u00f3rios&#8221; style=&#8221;gradient-custom&#8221; gradient_custom_color_1=&#8221;#e0e0e0&#8243; gradient_custom_color_2=&#8221;#e0e0e0&#8243; gradient_text_color=&#8221;#5e5e5e&#8221; link=&#8221;url:https%3A%2F%2Fwww.hods.eu%2Fpt-pt%2Facessorios%2F|title:Fontes%20em%20garrafa|&#8221;][\/vc_column][vc_column width=&#8221;1\/6&#8243;][vc_btn title=&#8221;Maquinaria&#8221; style=&#8221;gradient-custom&#8221; gradient_custom_color_1=&#8221;#e0e0e0&#8243; gradient_custom_color_2=&#8221;#e0e0e0&#8243; gradient_text_color=&#8221;#5e5e5e&#8221; link=&#8221;url:https%3A%2F%2Fwww.hods.eu%2Fpt-pt%2Fmaquinaria%2F|title:Maquinaria|target:_blank&#8221;][\/vc_column][\/vc_row]<\/p>\n<\/section>","protected":false},"excerpt":{"rendered":"<p>[vc_row full_width=&#8221;stretch_row&#8221; css=&#8221;.vc_custom_1582708090030{padding-bottom: 25px !important;background-color: #017ec1 !important;}&#8221;][vc_column][vc_column_text] Engarrafamento [\/vc_column_text][\/vc_column][\/vc_row][vc_row full_width=&#8221;stretch_row_content&#8221; gap=&#8221;3&#8243; css=&#8221;.vc_custom_1611748122765{padding-right: 50px !important;}&#8221;][vc_column width=&#8221;2\/3&#8243;][vc_raw_html]JTVCd3BiLXBvcnRmb2xpby1zaG9ydGNvZGUlMjBpZCUzRCUyMjMwMDIxJTIyJTVE[\/vc_raw_html][\/vc_column][vc_column width=&#8221;1\/3&#8243;][vc_column_text css=&#8221;.vc_custom_1611751858325{margin-top: 55px !important;margin-right: 20px !important;margin-left: 20px !important;padding-top: 10px !important;padding-right: 10px !important;padding-bottom: 10px !important;padding-left: 10px !important;}&#8221;] Garrafas, tampas e pr\u00e9-formas, tudo o que precisa para o engarrafamento de \u00e1gua [\/vc_column_text][vc_column_text css=&#8221;.vc_custom_1612168208845{padding-top: 20px !important;}&#8221;] Tampas de 5 gal\u00f5es para engarrafar garrafas [&hellip;]<\/p>\n","protected":false},"author":1,"featured_media":27112,"parent":0,"menu_order":0,"comment_status":"closed","ping_status":"closed","template":"","meta":{"footnotes":""},"class_list":["post-20176","page","type-page","status-publish","has-post-thumbnail","hentry"],"yoast_head":"<!-- This site is optimized with the Yoast SEO plugin v27.5 - https:\/\/yoast.com\/product\/yoast-seo-wordpress\/ -->\n<title>Engarrafamento - Garrafas, tampas e pr\u00e9-formas - HODS<\/title>\n<meta name=\"description\" content=\"Engarrafamento. Garrafas e tampas. Garrafas de \u00e1gua para grandes formatos 12, 18,9 e 20 litros. Tampas para garrafas de 5 gal\u00f5es.\" \/>\n<meta name=\"robots\" content=\"index, follow, max-snippet:-1, max-image-preview:large, max-video-preview:-1\" \/>\n<link rel=\"canonical\" href=\"https:\/\/www.hods.eu\/pt-pt\/engarrafamento\/\" \/>\n<meta property=\"og:locale\" content=\"pt_PT\" \/>\n<meta property=\"og:type\" content=\"article\" \/>\n<meta property=\"og:title\" content=\"Engarrafamento - Garrafas, tampas e pr\u00e9-formas - HODS\" \/>\n<meta property=\"og:description\" content=\"Engarrafamento. Garrafas e tampas. Garrafas de \u00e1gua para grandes formatos 12, 18,9 e 20 litros. Tampas para garrafas de 5 gal\u00f5es.\" \/>\n<meta property=\"og:url\" content=\"https:\/\/www.hods.eu\/pt-pt\/engarrafamento\/\" \/>\n<meta property=\"og:site_name\" content=\"HODS\" \/>\n<meta property=\"article:modified_time\" content=\"2022-01-26T11:00:59+00:00\" \/>\n<meta property=\"og:image\" content=\"https:\/\/www.hods.eu\/wp-content\/uploads\/3554993-1-scaled.jpg\" \/>\n\t<meta property=\"og:image:width\" content=\"2560\" \/>\n\t<meta property=\"og:image:height\" content=\"1707\" \/>\n\t<meta property=\"og:image:type\" content=\"image\/jpeg\" \/>\n<meta name=\"twitter:card\" content=\"summary_large_image\" \/>\n<meta name=\"twitter:label1\" content=\"Tempo estimado de leitura\" \/>\n\t<meta name=\"twitter:data1\" content=\"2 minutos\" \/>\n<script type=\"application\/ld+json\" class=\"yoast-schema-graph\">{\"@context\":\"https:\\\/\\\/schema.org\",\"@graph\":[{\"@type\":\"WebPage\",\"@id\":\"https:\\\/\\\/www.hods.eu\\\/pt-pt\\\/engarrafamento\\\/\",\"url\":\"https:\\\/\\\/www.hods.eu\\\/pt-pt\\\/engarrafamento\\\/\",\"name\":\"Engarrafamento - Garrafas, tampas e pr\u00e9-formas - HODS\",\"isPartOf\":{\"@id\":\"https:\\\/\\\/www.hods.eu\\\/pt-pt\\\/#website\"},\"primaryImageOfPage\":{\"@id\":\"https:\\\/\\\/www.hods.eu\\\/pt-pt\\\/engarrafamento\\\/#primaryimage\"},\"image\":{\"@id\":\"https:\\\/\\\/www.hods.eu\\\/pt-pt\\\/engarrafamento\\\/#primaryimage\"},\"thumbnailUrl\":\"https:\\\/\\\/www.hods.eu\\\/wp-content\\\/uploads\\\/3554993-1-scaled.jpg\",\"datePublished\":\"2020-01-24T14:36:41+00:00\",\"dateModified\":\"2022-01-26T11:00:59+00:00\",\"description\":\"Engarrafamento. Garrafas e tampas. Garrafas de \u00e1gua para grandes formatos 12, 18,9 e 20 litros. Tampas para garrafas de 5 gal\u00f5es.\",\"breadcrumb\":{\"@id\":\"https:\\\/\\\/www.hods.eu\\\/pt-pt\\\/engarrafamento\\\/#breadcrumb\"},\"inLanguage\":\"pt-PT\",\"potentialAction\":[{\"@type\":\"ReadAction\",\"target\":[\"https:\\\/\\\/www.hods.eu\\\/pt-pt\\\/engarrafamento\\\/\"]}]},{\"@type\":\"ImageObject\",\"inLanguage\":\"pt-PT\",\"@id\":\"https:\\\/\\\/www.hods.eu\\\/pt-pt\\\/engarrafamento\\\/#primaryimage\",\"url\":\"https:\\\/\\\/www.hods.eu\\\/wp-content\\\/uploads\\\/3554993-1-scaled.jpg\",\"contentUrl\":\"https:\\\/\\\/www.hods.eu\\\/wp-content\\\/uploads\\\/3554993-1-scaled.jpg\",\"width\":2560,\"height\":1707,\"caption\":\"Engarrafamento. Garrafa de 18,9 litros de \u00e1gua e tampas de 5 gal\u00f5es.\"},{\"@type\":\"BreadcrumbList\",\"@id\":\"https:\\\/\\\/www.hods.eu\\\/pt-pt\\\/engarrafamento\\\/#breadcrumb\",\"itemListElement\":[{\"@type\":\"ListItem\",\"position\":1,\"name\":\"Portada\",\"item\":\"https:\\\/\\\/www.hods.eu\\\/pt-pt\\\/\"},{\"@type\":\"ListItem\",\"position\":2,\"name\":\"Engarrafamento\"}]},{\"@type\":\"WebSite\",\"@id\":\"https:\\\/\\\/www.hods.eu\\\/pt-pt\\\/#website\",\"url\":\"https:\\\/\\\/www.hods.eu\\\/pt-pt\\\/\",\"name\":\"HODS\",\"description\":\"water? drink with us\",\"publisher\":{\"@id\":\"https:\\\/\\\/www.hods.eu\\\/pt-pt\\\/#organization\"},\"potentialAction\":[{\"@type\":\"SearchAction\",\"target\":{\"@type\":\"EntryPoint\",\"urlTemplate\":\"https:\\\/\\\/www.hods.eu\\\/pt-pt\\\/?s={search_term_string}\"},\"query-input\":{\"@type\":\"PropertyValueSpecification\",\"valueRequired\":true,\"valueName\":\"search_term_string\"}}],\"inLanguage\":\"pt-PT\"},{\"@type\":\"Organization\",\"@id\":\"https:\\\/\\\/www.hods.eu\\\/pt-pt\\\/#organization\",\"name\":\"HODS\",\"url\":\"https:\\\/\\\/www.hods.eu\\\/pt-pt\\\/\",\"logo\":{\"@type\":\"ImageObject\",\"inLanguage\":\"pt-PT\",\"@id\":\"https:\\\/\\\/www.hods.eu\\\/pt-pt\\\/#\\\/schema\\\/logo\\\/image\\\/\",\"url\":\"https:\\\/\\\/www.hods.eu\\\/wp-content\\\/uploads\\\/hods-completo-blanco2.jpg\",\"contentUrl\":\"https:\\\/\\\/www.hods.eu\\\/wp-content\\\/uploads\\\/hods-completo-blanco2.jpg\",\"width\":500,\"height\":179,\"caption\":\"HODS\"},\"image\":{\"@id\":\"https:\\\/\\\/www.hods.eu\\\/pt-pt\\\/#\\\/schema\\\/logo\\\/image\\\/\"}}]}<\/script>\n<!-- \/ Yoast SEO plugin. -->","yoast_head_json":{"title":"Engarrafamento - Garrafas, tampas e pr\u00e9-formas - HODS","description":"Engarrafamento. Garrafas e tampas. Garrafas de \u00e1gua para grandes formatos 12, 18,9 e 20 litros. Tampas para garrafas de 5 gal\u00f5es.","robots":{"index":"index","follow":"follow","max-snippet":"max-snippet:-1","max-image-preview":"max-image-preview:large","max-video-preview":"max-video-preview:-1"},"canonical":"https:\/\/www.hods.eu\/pt-pt\/engarrafamento\/","og_locale":"pt_PT","og_type":"article","og_title":"Engarrafamento - Garrafas, tampas e pr\u00e9-formas - HODS","og_description":"Engarrafamento. Garrafas e tampas. Garrafas de \u00e1gua para grandes formatos 12, 18,9 e 20 litros. Tampas para garrafas de 5 gal\u00f5es.","og_url":"https:\/\/www.hods.eu\/pt-pt\/engarrafamento\/","og_site_name":"HODS","article_modified_time":"2022-01-26T11:00:59+00:00","og_image":[{"width":2560,"height":1707,"url":"https:\/\/www.hods.eu\/wp-content\/uploads\/3554993-1-scaled.jpg","type":"image\/jpeg"}],"twitter_card":"summary_large_image","twitter_misc":{"Tempo estimado de leitura":"2 minutos"},"schema":{"@context":"https:\/\/schema.org","@graph":[{"@type":"WebPage","@id":"https:\/\/www.hods.eu\/pt-pt\/engarrafamento\/","url":"https:\/\/www.hods.eu\/pt-pt\/engarrafamento\/","name":"Engarrafamento - Garrafas, tampas e pr\u00e9-formas - HODS","isPartOf":{"@id":"https:\/\/www.hods.eu\/pt-pt\/#website"},"primaryImageOfPage":{"@id":"https:\/\/www.hods.eu\/pt-pt\/engarrafamento\/#primaryimage"},"image":{"@id":"https:\/\/www.hods.eu\/pt-pt\/engarrafamento\/#primaryimage"},"thumbnailUrl":"https:\/\/www.hods.eu\/wp-content\/uploads\/3554993-1-scaled.jpg","datePublished":"2020-01-24T14:36:41+00:00","dateModified":"2022-01-26T11:00:59+00:00","description":"Engarrafamento. Garrafas e tampas. Garrafas de \u00e1gua para grandes formatos 12, 18,9 e 20 litros. Tampas para garrafas de 5 gal\u00f5es.","breadcrumb":{"@id":"https:\/\/www.hods.eu\/pt-pt\/engarrafamento\/#breadcrumb"},"inLanguage":"pt-PT","potentialAction":[{"@type":"ReadAction","target":["https:\/\/www.hods.eu\/pt-pt\/engarrafamento\/"]}]},{"@type":"ImageObject","inLanguage":"pt-PT","@id":"https:\/\/www.hods.eu\/pt-pt\/engarrafamento\/#primaryimage","url":"https:\/\/www.hods.eu\/wp-content\/uploads\/3554993-1-scaled.jpg","contentUrl":"https:\/\/www.hods.eu\/wp-content\/uploads\/3554993-1-scaled.jpg","width":2560,"height":1707,"caption":"Engarrafamento. Garrafa de 18,9 litros de \u00e1gua e tampas de 5 gal\u00f5es."},{"@type":"BreadcrumbList","@id":"https:\/\/www.hods.eu\/pt-pt\/engarrafamento\/#breadcrumb","itemListElement":[{"@type":"ListItem","position":1,"name":"Portada","item":"https:\/\/www.hods.eu\/pt-pt\/"},{"@type":"ListItem","position":2,"name":"Engarrafamento"}]},{"@type":"WebSite","@id":"https:\/\/www.hods.eu\/pt-pt\/#website","url":"https:\/\/www.hods.eu\/pt-pt\/","name":"HODS","description":"water? drink with us","publisher":{"@id":"https:\/\/www.hods.eu\/pt-pt\/#organization"},"potentialAction":[{"@type":"SearchAction","target":{"@type":"EntryPoint","urlTemplate":"https:\/\/www.hods.eu\/pt-pt\/?s={search_term_string}"},"query-input":{"@type":"PropertyValueSpecification","valueRequired":true,"valueName":"search_term_string"}}],"inLanguage":"pt-PT"},{"@type":"Organization","@id":"https:\/\/www.hods.eu\/pt-pt\/#organization","name":"HODS","url":"https:\/\/www.hods.eu\/pt-pt\/","logo":{"@type":"ImageObject","inLanguage":"pt-PT","@id":"https:\/\/www.hods.eu\/pt-pt\/#\/schema\/logo\/image\/","url":"https:\/\/www.hods.eu\/wp-content\/uploads\/hods-completo-blanco2.jpg","contentUrl":"https:\/\/www.hods.eu\/wp-content\/uploads\/hods-completo-blanco2.jpg","width":500,"height":179,"caption":"HODS"},"image":{"@id":"https:\/\/www.hods.eu\/pt-pt\/#\/schema\/logo\/image\/"}}]}},"_links":{"self":[{"href":"https:\/\/www.hods.eu\/pt-pt\/wp-json\/wp\/v2\/pages\/20176","targetHints":{"allow":["GET"]}}],"collection":[{"href":"https:\/\/www.hods.eu\/pt-pt\/wp-json\/wp\/v2\/pages"}],"about":[{"href":"https:\/\/www.hods.eu\/pt-pt\/wp-json\/wp\/v2\/types\/page"}],"author":[{"embeddable":true,"href":"https:\/\/www.hods.eu\/pt-pt\/wp-json\/wp\/v2\/users\/1"}],"replies":[{"embeddable":true,"href":"https:\/\/www.hods.eu\/pt-pt\/wp-json\/wp\/v2\/comments?post=20176"}],"version-history":[{"count":7,"href":"https:\/\/www.hods.eu\/pt-pt\/wp-json\/wp\/v2\/pages\/20176\/revisions"}],"predecessor-version":[{"id":30647,"href":"https:\/\/www.hods.eu\/pt-pt\/wp-json\/wp\/v2\/pages\/20176\/revisions\/30647"}],"wp:featuredmedia":[{"embeddable":true,"href":"https:\/\/www.hods.eu\/pt-pt\/wp-json\/wp\/v2\/media\/27112"}],"wp:attachment":[{"href":"https:\/\/www.hods.eu\/pt-pt\/wp-json\/wp\/v2\/media?parent=20176"}],"curies":[{"name":"wp","href":"https:\/\/api.w.org\/{rel}","templated":true}]}}