{"id":20171,"date":"2020-01-24T15:28:14","date_gmt":"2020-01-24T14:28:14","guid":{"rendered":"https:\/\/www.hods.eu\/?page_id=20171"},"modified":"2022-01-26T11:57:20","modified_gmt":"2022-01-26T10:57:20","slug":"fontes-filtracao","status":"publish","type":"page","link":"https:\/\/www.hods.eu\/pt-pt\/fontes-filtracao\/","title":{"rendered":"Fontes de filtra\u00e7\u00e3o"},"content":{"rendered":"<section class=\"wpb-content-wrapper\"><p>[vc_row full_width=&#8221;stretch_row&#8221; css=&#8221;.vc_custom_1582708852992{padding-bottom: 25px !important;background-color: #017ec1 !important;}&#8221;][vc_column][vc_column_text]<\/p>\n<p style=\"text-align: center;\"><span style=\"font-size: 28px; color: #ffffff;\">Fontes de filtra\u00e7\u00e3o<\/span><\/p>\n<p>[\/vc_column_text][\/vc_column][\/vc_row][vc_row full_width=&#8221;stretch_row_content&#8221; css=&#8221;.vc_custom_1611823091242{padding-right: 50px !important;}&#8221;][vc_column width=&#8221;2\/3&#8243;][vc_raw_html]JTVCd3BiLXBvcnRmb2xpby1zaG9ydGNvZGUlMjBpZCUzRCUyMjMwMDA2JTIyJTVE[\/vc_raw_html][\/vc_column][vc_column width=&#8221;1\/3&#8243;][vc_column_text css=&#8221;.vc_custom_1611823079677{margin-top: 55px !important;margin-right: 20px !important;margin-left: 20px !important;padding-top: 10px !important;padding-right: 10px !important;padding-left: 10px !important;}&#8221;]<\/p>\n<h4 style=\"color: #6d6d6d; text-align: center;\">Fontes de filtra\u00e7\u00e3o<\/h4>\n<p>[\/vc_column_text][vc_column_text css=&#8221;.vc_custom_1612176565223{padding-top: 20px !important;padding-right: 20px !important;padding-left: 20px !important;}&#8221;]<\/p>\n<p style=\"text-align: justify; color: #6d6d6d;\">Os modelos <a href=\"https:\/\/www.hods.eu\/pt-pt\/productos\/elegance-pou-branca\/\">Elegance POU<\/a> t\u00eam \u00e1gua quente e fria, esta \u00faltima pode ser desactivada e a \u00e1gua pode ser obtida \u00e0 temperatura ambiente. Est\u00e3o dispon\u00edveis em branco e preto. A <a href=\"https:\/\/www.hods.eu\/pt-pt\/productos\/elegance-pou-preta\/\">Elegance Preta POU<\/a> tem pain\u00e9is laterais em a\u00e7o inoxid\u00e1vel. Estes dispensadores de \u00e1gua t\u00eam compressores e term\u00f3statos melhorados, que s\u00e3o mais silenciosos e tamb\u00e9m prolongam a vida \u00fatil do refrigerador de \u00e1gua. Todos os tubos internos em contacto com a \u00e1gua s\u00e3o feitos de a\u00e7o inoxid\u00e1vel para evitar qualquer altera\u00e7\u00e3o no sabor. Incluem um filtro de carv\u00e3o activado de 1 m\u00edcron para filtrar a \u00e1gua que retiram da rede.<\/p>\n<p style=\"text-align: justify; color: #6d6d6d;\">O refrigerador de \u00e1gua filtrante <a href=\"https:\/\/www.hods.eu\/pt-pt\/productos\/le-plein-pou\/\">Le Plein POU<\/a> inclui um compartimento refrigerador no fundo. Este compartimento \u00e9 \u00fatil para manter outras bebidas ou alimentos refrigerados. Tal como os dispensadores Elegance, o dispensador Le Plein tem toda a tubagem em contacto com a \u00e1gua feita de a\u00e7o inoxid\u00e1vel. Tem tamb\u00e9m um compressor e term\u00f3statos actualizados para uma vida \u00fatil mais longa.<\/p>\n<p style=\"text-align: justify; color: #6d6d6d;\">Finalmente, a linha Evoss\u00e9 O3 apresenta o modelo Osmosis em <a href=\"https:\/\/www.hods.eu\/pt-pt\/productos\/evosse-o3-osmosis-preta\/\">preto<\/a> ou <a href=\"https:\/\/www.hods.eu\/pt-pt\/productos\/evosse-o3-osmosis-branca\/\">branco<\/a>. Esta linha de dispensadores de \u00e1gua inclui um sistema de ozono auto-higienizante. Para manter uma limpeza interna constante. O ozono elimina os v\u00edrus e bact\u00e9rias que podem permanecer nos elementos internos da fonte. Apresenta um sistema de osmose inversa de 4-filtros. Inclui um filtro pr\u00e9-carbono, filtro de sedimentos, membrana de osmose e um filtro p\u00f3s-carbono.<\/p>\n<p>[\/vc_column_text][\/vc_column][\/vc_row][vc_row full_width=&#8221;stretch_row&#8221; css=&#8221;.vc_custom_1582708864452{margin-top: 10px !important;background-color: #e0e0e0 !important;}&#8221;][vc_column width=&#8221;1\/6&#8243;][vc_btn title=&#8221;Fontes de garrafa&#8221; style=&#8221;gradient-custom&#8221; gradient_custom_color_1=&#8221;#e0e0e0&#8243; gradient_custom_color_2=&#8221;#e0e0e0&#8243; gradient_text_color=&#8221;#5e5e5e&#8221; link=&#8221;url:https%3A%2F%2Fwww.hods.eu%2Fpt-pt%2Ffontes-garrafa%2F|title:Fontes%20de%20garrafa|&#8221;][\/vc_column][vc_column width=&#8221;1\/6&#8243;][vc_btn title=&#8221;Engarrafamento&#8221; style=&#8221;gradient-custom&#8221; gradient_custom_color_1=&#8221;#e0e0e0&#8243; gradient_custom_color_2=&#8221;#e0e0e0&#8243; gradient_text_color=&#8221;#5e5e5e&#8221; link=&#8221;url:https%3A%2F%2Fwww.hods.eu%2Fpt-pt%2Fengarrafamento%2F|title:Engarrafamento|&#8221;][\/vc_column][vc_column width=&#8221;1\/6&#8243;][vc_btn title=&#8221;Transporte e Armazenamento&#8221; style=&#8221;gradient-custom&#8221; gradient_custom_color_1=&#8221;#e0e0e0&#8243; gradient_custom_color_2=&#8221;#e0e0e0&#8243; gradient_text_color=&#8221;#5e5e5e&#8221; link=&#8221;url:https%3A%2F%2Fwww.hods.eu%2Fpt-pt%2Ftransporte-armazenamento%2F|title:Transporte%20e%20Armazenamento|&#8221;][\/vc_column][vc_column width=&#8221;1\/6&#8243;][vc_btn title=&#8221;Limpeza e Higiene&#8221; style=&#8221;gradient-custom&#8221; gradient_custom_color_1=&#8221;#e0e0e0&#8243; gradient_custom_color_2=&#8221;#e0e0e0&#8243; gradient_text_color=&#8221;#5e5e5e&#8221; link=&#8221;url:https%3A%2F%2Fwww.hods.eu%2Fpt-pt%2Flimpeza-higiene%2F|title:Limpeza%20e%20Higiene|&#8221;][\/vc_column][vc_column width=&#8221;1\/6&#8243;][vc_btn title=&#8221;Acces\u00f3rios&#8221; style=&#8221;gradient-custom&#8221; gradient_custom_color_1=&#8221;#e0e0e0&#8243; gradient_custom_color_2=&#8221;#e0e0e0&#8243; gradient_text_color=&#8221;#5e5e5e&#8221; link=&#8221;url:https%3A%2F%2Fwww.hods.eu%2Fpt-pt%2Facessorios%2F|title:Acces%C3%B3rios|&#8221;][\/vc_column][vc_column width=&#8221;1\/6&#8243;][vc_btn title=&#8221;Maquinaria&#8221; style=&#8221;gradient-custom&#8221; gradient_custom_color_1=&#8221;#e0e0e0&#8243; gradient_custom_color_2=&#8221;#e0e0e0&#8243; gradient_text_color=&#8221;#5e5e5e&#8221; link=&#8221;url:https%3A%2F%2Fwww.hods.eu%2Fpt-pt%2Fmaquinaria%2F|title:Maquinaria|target:_blank&#8221;][\/vc_column][\/vc_row]<\/p>\n<\/section>","protected":false},"excerpt":{"rendered":"<p>[vc_row full_width=&#8221;stretch_row&#8221; css=&#8221;.vc_custom_1582708852992{padding-bottom: 25px !important;background-color: #017ec1 !important;}&#8221;][vc_column][vc_column_text] Fontes de filtra\u00e7\u00e3o [\/vc_column_text][\/vc_column][\/vc_row][vc_row full_width=&#8221;stretch_row_content&#8221; css=&#8221;.vc_custom_1611823091242{padding-right: 50px !important;}&#8221;][vc_column width=&#8221;2\/3&#8243;][vc_raw_html]JTVCd3BiLXBvcnRmb2xpby1zaG9ydGNvZGUlMjBpZCUzRCUyMjMwMDA2JTIyJTVE[\/vc_raw_html][\/vc_column][vc_column width=&#8221;1\/3&#8243;][vc_column_text css=&#8221;.vc_custom_1611823079677{margin-top: 55px !important;margin-right: 20px !important;margin-left: 20px !important;padding-top: 10px !important;padding-right: 10px !important;padding-left: 10px !important;}&#8221;] Fontes de filtra\u00e7\u00e3o [\/vc_column_text][vc_column_text css=&#8221;.vc_custom_1612176565223{padding-top: 20px !important;padding-right: 20px !important;padding-left: 20px !important;}&#8221;] Os modelos Elegance POU t\u00eam \u00e1gua quente e fria, esta \u00faltima pode ser desactivada [&hellip;]<\/p>\n","protected":false},"author":1,"featured_media":24633,"parent":0,"menu_order":0,"comment_status":"closed","ping_status":"closed","template":"","meta":{"footnotes":""},"class_list":["post-20171","page","type-page","status-publish","has-post-thumbnail","hentry"],"yoast_head":"<!-- This site is optimized with the Yoast SEO plugin v27.3 - https:\/\/yoast.com\/product\/yoast-seo-wordpress\/ -->\n<title>Fontes de filtra\u00e7\u00e3o - Distribuidores de \u00e1gua quente e fria. - HODS<\/title>\n<meta name=\"description\" content=\"Fontes de filtra\u00e7\u00e3o. Distribuidores de \u00e1gua quente e fria. Ligados \u00e0 rede de \u00e1gua, filtram-na para distribuir \u00e1gua mais pura e limpa.\" \/>\n<meta name=\"robots\" content=\"index, follow, max-snippet:-1, max-image-preview:large, max-video-preview:-1\" \/>\n<link rel=\"canonical\" href=\"https:\/\/www.hods.eu\/pt-pt\/fontes-filtracao\/\" \/>\n<meta property=\"og:locale\" content=\"pt_PT\" \/>\n<meta property=\"og:type\" content=\"article\" \/>\n<meta property=\"og:title\" content=\"Fontes de filtra\u00e7\u00e3o - Distribuidores de \u00e1gua quente e fria. - HODS\" \/>\n<meta property=\"og:description\" content=\"Fontes de filtra\u00e7\u00e3o. Distribuidores de \u00e1gua quente e fria. Ligados \u00e0 rede de \u00e1gua, filtram-na para distribuir \u00e1gua mais pura e limpa.\" \/>\n<meta property=\"og:url\" content=\"https:\/\/www.hods.eu\/pt-pt\/fontes-filtracao\/\" \/>\n<meta property=\"og:site_name\" content=\"HODS\" \/>\n<meta property=\"article:modified_time\" content=\"2022-01-26T10:57:20+00:00\" \/>\n<meta property=\"og:image\" content=\"https:\/\/www.hods.eu\/wp-content\/uploads\/web_hods_evosseosmosisnegra-1.jpg\" \/>\n\t<meta property=\"og:image:width\" content=\"906\" \/>\n\t<meta property=\"og:image:height\" content=\"521\" \/>\n\t<meta property=\"og:image:type\" content=\"image\/jpeg\" \/>\n<meta name=\"twitter:card\" content=\"summary_large_image\" \/>\n<meta name=\"twitter:label1\" content=\"Tempo estimado de leitura\" \/>\n\t<meta name=\"twitter:data1\" content=\"2 minutos\" \/>\n<script type=\"application\/ld+json\" class=\"yoast-schema-graph\">{\"@context\":\"https:\\\/\\\/schema.org\",\"@graph\":[{\"@type\":\"WebPage\",\"@id\":\"https:\\\/\\\/www.hods.eu\\\/pt-pt\\\/fontes-filtracao\\\/\",\"url\":\"https:\\\/\\\/www.hods.eu\\\/pt-pt\\\/fontes-filtracao\\\/\",\"name\":\"Fontes de filtra\u00e7\u00e3o - Distribuidores de \u00e1gua quente e fria. - HODS\",\"isPartOf\":{\"@id\":\"https:\\\/\\\/www.hods.eu\\\/pt-pt\\\/#website\"},\"primaryImageOfPage\":{\"@id\":\"https:\\\/\\\/www.hods.eu\\\/pt-pt\\\/fontes-filtracao\\\/#primaryimage\"},\"image\":{\"@id\":\"https:\\\/\\\/www.hods.eu\\\/pt-pt\\\/fontes-filtracao\\\/#primaryimage\"},\"thumbnailUrl\":\"https:\\\/\\\/www.hods.eu\\\/wp-content\\\/uploads\\\/web_hods_evosseosmosisnegra-1.jpg\",\"datePublished\":\"2020-01-24T14:28:14+00:00\",\"dateModified\":\"2022-01-26T10:57:20+00:00\",\"description\":\"Fontes de filtra\u00e7\u00e3o. Distribuidores de \u00e1gua quente e fria. Ligados \u00e0 rede de \u00e1gua, filtram-na para distribuir \u00e1gua mais pura e limpa.\",\"breadcrumb\":{\"@id\":\"https:\\\/\\\/www.hods.eu\\\/pt-pt\\\/fontes-filtracao\\\/#breadcrumb\"},\"inLanguage\":\"pt-PT\",\"potentialAction\":[{\"@type\":\"ReadAction\",\"target\":[\"https:\\\/\\\/www.hods.eu\\\/pt-pt\\\/fontes-filtracao\\\/\"]}]},{\"@type\":\"ImageObject\",\"inLanguage\":\"pt-PT\",\"@id\":\"https:\\\/\\\/www.hods.eu\\\/pt-pt\\\/fontes-filtracao\\\/#primaryimage\",\"url\":\"https:\\\/\\\/www.hods.eu\\\/wp-content\\\/uploads\\\/web_hods_evosseosmosisnegra-1.jpg\",\"contentUrl\":\"https:\\\/\\\/www.hods.eu\\\/wp-content\\\/uploads\\\/web_hods_evosseosmosisnegra-1.jpg\",\"width\":906,\"height\":521,\"caption\":\"Fontes de filtra\u00e7\u00e3o. Osmose Dispensador de \u00e1gua Evoss\u00e9 O3 Osmose Negra. Filtra\u00e7\u00e3o por osmose inversa com 4 filtros. Inclui sistema auto-higienizante de ozono.\"},{\"@type\":\"BreadcrumbList\",\"@id\":\"https:\\\/\\\/www.hods.eu\\\/pt-pt\\\/fontes-filtracao\\\/#breadcrumb\",\"itemListElement\":[{\"@type\":\"ListItem\",\"position\":1,\"name\":\"Portada\",\"item\":\"https:\\\/\\\/www.hods.eu\\\/pt-pt\\\/\"},{\"@type\":\"ListItem\",\"position\":2,\"name\":\"Fontes de filtra\u00e7\u00e3o\"}]},{\"@type\":\"WebSite\",\"@id\":\"https:\\\/\\\/www.hods.eu\\\/pt-pt\\\/#website\",\"url\":\"https:\\\/\\\/www.hods.eu\\\/pt-pt\\\/\",\"name\":\"HODS\",\"description\":\"water? drink with us\",\"publisher\":{\"@id\":\"https:\\\/\\\/www.hods.eu\\\/pt-pt\\\/#organization\"},\"potentialAction\":[{\"@type\":\"SearchAction\",\"target\":{\"@type\":\"EntryPoint\",\"urlTemplate\":\"https:\\\/\\\/www.hods.eu\\\/pt-pt\\\/?s={search_term_string}\"},\"query-input\":{\"@type\":\"PropertyValueSpecification\",\"valueRequired\":true,\"valueName\":\"search_term_string\"}}],\"inLanguage\":\"pt-PT\"},{\"@type\":\"Organization\",\"@id\":\"https:\\\/\\\/www.hods.eu\\\/pt-pt\\\/#organization\",\"name\":\"HODS\",\"url\":\"https:\\\/\\\/www.hods.eu\\\/pt-pt\\\/\",\"logo\":{\"@type\":\"ImageObject\",\"inLanguage\":\"pt-PT\",\"@id\":\"https:\\\/\\\/www.hods.eu\\\/pt-pt\\\/#\\\/schema\\\/logo\\\/image\\\/\",\"url\":\"https:\\\/\\\/www.hods.eu\\\/wp-content\\\/uploads\\\/hods-completo-blanco2.jpg\",\"contentUrl\":\"https:\\\/\\\/www.hods.eu\\\/wp-content\\\/uploads\\\/hods-completo-blanco2.jpg\",\"width\":500,\"height\":179,\"caption\":\"HODS\"},\"image\":{\"@id\":\"https:\\\/\\\/www.hods.eu\\\/pt-pt\\\/#\\\/schema\\\/logo\\\/image\\\/\"}}]}<\/script>\n<!-- \/ Yoast SEO plugin. -->","yoast_head_json":{"title":"Fontes de filtra\u00e7\u00e3o - Distribuidores de \u00e1gua quente e fria. - HODS","description":"Fontes de filtra\u00e7\u00e3o. Distribuidores de \u00e1gua quente e fria. Ligados \u00e0 rede de \u00e1gua, filtram-na para distribuir \u00e1gua mais pura e limpa.","robots":{"index":"index","follow":"follow","max-snippet":"max-snippet:-1","max-image-preview":"max-image-preview:large","max-video-preview":"max-video-preview:-1"},"canonical":"https:\/\/www.hods.eu\/pt-pt\/fontes-filtracao\/","og_locale":"pt_PT","og_type":"article","og_title":"Fontes de filtra\u00e7\u00e3o - Distribuidores de \u00e1gua quente e fria. - HODS","og_description":"Fontes de filtra\u00e7\u00e3o. Distribuidores de \u00e1gua quente e fria. Ligados \u00e0 rede de \u00e1gua, filtram-na para distribuir \u00e1gua mais pura e limpa.","og_url":"https:\/\/www.hods.eu\/pt-pt\/fontes-filtracao\/","og_site_name":"HODS","article_modified_time":"2022-01-26T10:57:20+00:00","og_image":[{"width":906,"height":521,"url":"https:\/\/www.hods.eu\/wp-content\/uploads\/web_hods_evosseosmosisnegra-1.jpg","type":"image\/jpeg"}],"twitter_card":"summary_large_image","twitter_misc":{"Tempo estimado de leitura":"2 minutos"},"schema":{"@context":"https:\/\/schema.org","@graph":[{"@type":"WebPage","@id":"https:\/\/www.hods.eu\/pt-pt\/fontes-filtracao\/","url":"https:\/\/www.hods.eu\/pt-pt\/fontes-filtracao\/","name":"Fontes de filtra\u00e7\u00e3o - Distribuidores de \u00e1gua quente e fria. - HODS","isPartOf":{"@id":"https:\/\/www.hods.eu\/pt-pt\/#website"},"primaryImageOfPage":{"@id":"https:\/\/www.hods.eu\/pt-pt\/fontes-filtracao\/#primaryimage"},"image":{"@id":"https:\/\/www.hods.eu\/pt-pt\/fontes-filtracao\/#primaryimage"},"thumbnailUrl":"https:\/\/www.hods.eu\/wp-content\/uploads\/web_hods_evosseosmosisnegra-1.jpg","datePublished":"2020-01-24T14:28:14+00:00","dateModified":"2022-01-26T10:57:20+00:00","description":"Fontes de filtra\u00e7\u00e3o. Distribuidores de \u00e1gua quente e fria. Ligados \u00e0 rede de \u00e1gua, filtram-na para distribuir \u00e1gua mais pura e limpa.","breadcrumb":{"@id":"https:\/\/www.hods.eu\/pt-pt\/fontes-filtracao\/#breadcrumb"},"inLanguage":"pt-PT","potentialAction":[{"@type":"ReadAction","target":["https:\/\/www.hods.eu\/pt-pt\/fontes-filtracao\/"]}]},{"@type":"ImageObject","inLanguage":"pt-PT","@id":"https:\/\/www.hods.eu\/pt-pt\/fontes-filtracao\/#primaryimage","url":"https:\/\/www.hods.eu\/wp-content\/uploads\/web_hods_evosseosmosisnegra-1.jpg","contentUrl":"https:\/\/www.hods.eu\/wp-content\/uploads\/web_hods_evosseosmosisnegra-1.jpg","width":906,"height":521,"caption":"Fontes de filtra\u00e7\u00e3o. Osmose Dispensador de \u00e1gua Evoss\u00e9 O3 Osmose Negra. Filtra\u00e7\u00e3o por osmose inversa com 4 filtros. Inclui sistema auto-higienizante de ozono."},{"@type":"BreadcrumbList","@id":"https:\/\/www.hods.eu\/pt-pt\/fontes-filtracao\/#breadcrumb","itemListElement":[{"@type":"ListItem","position":1,"name":"Portada","item":"https:\/\/www.hods.eu\/pt-pt\/"},{"@type":"ListItem","position":2,"name":"Fontes de filtra\u00e7\u00e3o"}]},{"@type":"WebSite","@id":"https:\/\/www.hods.eu\/pt-pt\/#website","url":"https:\/\/www.hods.eu\/pt-pt\/","name":"HODS","description":"water? drink with us","publisher":{"@id":"https:\/\/www.hods.eu\/pt-pt\/#organization"},"potentialAction":[{"@type":"SearchAction","target":{"@type":"EntryPoint","urlTemplate":"https:\/\/www.hods.eu\/pt-pt\/?s={search_term_string}"},"query-input":{"@type":"PropertyValueSpecification","valueRequired":true,"valueName":"search_term_string"}}],"inLanguage":"pt-PT"},{"@type":"Organization","@id":"https:\/\/www.hods.eu\/pt-pt\/#organization","name":"HODS","url":"https:\/\/www.hods.eu\/pt-pt\/","logo":{"@type":"ImageObject","inLanguage":"pt-PT","@id":"https:\/\/www.hods.eu\/pt-pt\/#\/schema\/logo\/image\/","url":"https:\/\/www.hods.eu\/wp-content\/uploads\/hods-completo-blanco2.jpg","contentUrl":"https:\/\/www.hods.eu\/wp-content\/uploads\/hods-completo-blanco2.jpg","width":500,"height":179,"caption":"HODS"},"image":{"@id":"https:\/\/www.hods.eu\/pt-pt\/#\/schema\/logo\/image\/"}}]}},"_links":{"self":[{"href":"https:\/\/www.hods.eu\/pt-pt\/wp-json\/wp\/v2\/pages\/20171","targetHints":{"allow":["GET"]}}],"collection":[{"href":"https:\/\/www.hods.eu\/pt-pt\/wp-json\/wp\/v2\/pages"}],"about":[{"href":"https:\/\/www.hods.eu\/pt-pt\/wp-json\/wp\/v2\/types\/page"}],"author":[{"embeddable":true,"href":"https:\/\/www.hods.eu\/pt-pt\/wp-json\/wp\/v2\/users\/1"}],"replies":[{"embeddable":true,"href":"https:\/\/www.hods.eu\/pt-pt\/wp-json\/wp\/v2\/comments?post=20171"}],"version-history":[{"count":7,"href":"https:\/\/www.hods.eu\/pt-pt\/wp-json\/wp\/v2\/pages\/20171\/revisions"}],"predecessor-version":[{"id":30641,"href":"https:\/\/www.hods.eu\/pt-pt\/wp-json\/wp\/v2\/pages\/20171\/revisions\/30641"}],"wp:featuredmedia":[{"embeddable":true,"href":"https:\/\/www.hods.eu\/pt-pt\/wp-json\/wp\/v2\/media\/24633"}],"wp:attachment":[{"href":"https:\/\/www.hods.eu\/pt-pt\/wp-json\/wp\/v2\/media?parent=20171"}],"curies":[{"name":"wp","href":"https:\/\/api.w.org\/{rel}","templated":true}]}}