{"id":20168,"date":"2020-01-24T15:01:17","date_gmt":"2020-01-24T14:01:17","guid":{"rendered":"https:\/\/www.hods.eu\/?page_id=20168"},"modified":"2022-01-26T11:54:26","modified_gmt":"2022-01-26T10:54:26","slug":"fontes-garrafa","status":"publish","type":"page","link":"https:\/\/www.hods.eu\/pt-pt\/fontes-garrafa\/","title":{"rendered":"Fontes de garrafa"},"content":{"rendered":"<section class=\"wpb-content-wrapper\"><p>[vc_row full_width=&#8221;stretch_row&#8221; css=&#8221;.vc_custom_1585221782864{padding-bottom: 10px !important;background-color: #017ec1 !important;}&#8221;][vc_column][vc_column_text]<\/p>\n<p style=\"text-align: center;\"><span style=\"font-size: 28px; color: #ffffff;\">Fontes de garrafa<\/span><\/p>\n<p>[\/vc_column_text][\/vc_column][\/vc_row][vc_row full_width=&#8221;stretch_row_content&#8221;][vc_column width=&#8221;2\/3&#8243;][vc_raw_html]JTVCd3BiLXBvcnRmb2xpby1zaG9ydGNvZGUlMjBpZCUzRCUyMjI5OTk0JTIyJTVE[\/vc_raw_html][\/vc_column][vc_column width=&#8221;1\/3&#8243; css=&#8221;.vc_custom_1611764595809{padding-right: 50px !important;}&#8221;][vc_column_text css=&#8221;.vc_custom_1611756058085{margin-top: 55px !important;margin-right: 20px !important;margin-left: 20px !important;padding-top: 10px !important;padding-right: 10px !important;padding-left: 10px !important;}&#8221;]<\/p>\n<h4 style=\"color: #6d6d6d; text-align: center;\">Fontes de garrafa<\/h4>\n<p>[\/vc_column_text][vc_column_text css=&#8221;.vc_custom_1619769358201{padding-top: 20px !important;padding-right: 20px !important;padding-left: 20px !important;}&#8221;]<\/p>\n<p style=\"text-align: justify; color: #6d6d6d;\">Os novos dispensadores de \u00e1gua <a href=\"https:\/\/www.hods.eu\/pt-pt\/productos\/sensorem-up-branca\/\">Sensorem Up<\/a> s\u00e3o activados por sensor. N\u00e3o h\u00e1 necessidade de tocar na fonte para deitar \u00e1gua. Com apenas dois gestos, primeiro escolha se prefere \u00e1gua fria ou quente, e depois segure a sua m\u00e3o sobre o sensor para servir. Ao trabalhar com a m\u00e3o e n\u00e3o com o copo, a distribui\u00e7\u00e3o \u00e9 mais precisa. Evita derramar \u00e1gua ao remover o copo. Os modelos <a href=\"https:\/\/www.hods.eu\/pt-pt\/productos\/sensorem-up-preta\/\">Sensorem Up<\/a> t\u00eam mais espa\u00e7o na \u00e1rea do tabuleiro de gotejamento, tanto largo como alto, para que possa encher garrafas sem problemas e sem tocar na fonte.<\/p>\n<p style=\"text-align: justify; color: #6d6d6d;\">Os modelos Elegance t\u00eam \u00e1gua fria e quente, esta \u00faltima pode ser desactivada e a \u00e1gua pode ser obtida \u00e0 temperatura ambiente. Est\u00e3o dispon\u00edveis em <a href=\"https:\/\/www.hods.eu\/pt-pt\/productos\/elegance-branca\/\">branco<\/a> e preto. O <a href=\"https:\/\/www.hods.eu\/pt-pt\/productos\/elegance-preta\/\">Elegance Preta<\/a> tem pain\u00e9is laterais em a\u00e7o inoxid\u00e1vel. Estes dispensadores de \u00e1gua t\u00eam compressores e term\u00f3statos melhorados, que s\u00e3o mais silenciosos. Tamb\u00e9m prolongam a vida \u00fatil do refrigerador de \u00e1gua. Existem tamb\u00e9m os modelos Elegance One, em <a href=\"https:\/\/www.hods.eu\/pt-pt\/productos\/elegance-one-branca\/\">branco<\/a> ou <a href=\"https:\/\/www.hods.eu\/pt-pt\/productos\/elegance-one-cinzenta\/\">cinzento<\/a>, segue o conceito de design da fonte Elegance, mas \u00e9 feito numa \u00fanica pe\u00e7a. O exterior do Elegance One \u00e9 feito de uma \u00fanica pe\u00e7a de PEAD mais resistente ao impacto.<\/p>\n<p style=\"text-align: justify; color: #6d6d6d;\">A linha Evoss\u00e9 O3 apresenta os modelos Up e Down, ambos dispon\u00edveis em <a href=\"https:\/\/www.hods.eu\/pt-pt\/productos\/evosse-o3-down-preta\/\">preto<\/a> ou <a href=\"https:\/\/www.hods.eu\/pt-pt\/productos\/evosse-o3-down-branca\/\">branco<\/a>. Esta linha de dispensadores de \u00e1gua inclui um sistema de ozono auto-higienizante. Tamb\u00e9m seu ozono elimina os v\u00edrus e bact\u00e9rias que podem permanecer nos elementos internos da fonte. O modelo Down tem um sistema de carregamento de fundo. A fonte Evoss\u00e9 O3 Down torna o carregamento da garrafa mais r\u00e1pido e conveniente por n\u00e3o ter de levantar a garrafa.<\/p>\n<p style=\"text-align: justify; color: #6d6d6d;\">O refrigerador de \u00e1gua de garrafa <a href=\"https:\/\/www.hods.eu\/pt-pt\/productos\/le-plein-com-refrigerador\/\">Le Plein<\/a> inclui um compartimento mais fresco no fundo. Este compartimento \u00e9 \u00fatil para manter outras bebidas ou alimentos refrigerados. Tal como os dispensadores Elegance, o dispensador Le Plein tem todos os tubos de a\u00e7o inoxid\u00e1vel de contacto com a \u00e1gua. Tem tamb\u00e9m um compressor e term\u00f3statos actualizados para uma vida \u00fatil mais longa.<\/p>\n<p style=\"text-align: justify; color: #6d6d6d;\">O dispensador de \u00e1gua <a href=\"https:\/\/www.hods.eu\/pt-pt\/productos\/pocket-compressor\/\">Pocket Compressor<\/a> \u00e9 uma excelente op\u00e7\u00e3o para espa\u00e7os pequenos. Seu formato permite que seja colocado sobre uma mesa ou banco de cozinha. Oferece as mesmas vantagens de ter \u00e1gua quente ou fria instant\u00e2nea que os outros refrigeradores de \u00e1gua maiores.<\/p>\n<h4 style=\"color: #6d6d6d; text-align: center;\">Distribuidores de \u00e1gua temperada<\/h4>\n<p style=\"text-align: justify; color: #6d6d6d;\">Como distribuidores de \u00e1gua \u00e0 temperatura ambiente, sem refrigera\u00e7\u00e3o, existem o <a href=\"https:\/\/www.hods.eu\/pt-pt\/productos\/dispensador-simples\/\">Dispensador Simples<\/a> e o <a href=\"https:\/\/www.hods.eu\/pt-pt\/productos\/dispensador-ceramico\/\">Dispensador Cer\u00e2mico<\/a>. Ambos s\u00e3o totalmente compat\u00edveis com suportes de madeira para adaptar a sua altura ao local onde s\u00e3o colocados.<\/p>\n<p>[\/vc_column_text][\/vc_column][\/vc_row][vc_row full_width=&#8221;stretch_row&#8221; gap=&#8221;5&#8243; equal_height=&#8221;yes&#8221; content_placement=&#8221;middle&#8221; css=&#8221;.vc_custom_1582635424501{margin-top: 10px !important;background-color: #e0e0e0 !important;}&#8221;][vc_column width=&#8221;1\/6&#8243;][vc_btn title=&#8221;Fuentes de Filtraci\u00f3n&#8221; style=&#8221;gradient-custom&#8221; gradient_custom_color_1=&#8221;#e0e0e0&#8243; gradient_custom_color_2=&#8221;#e0e0e0&#8243; gradient_text_color=&#8221;#5e5e5e&#8221; link=&#8221;url:https%3A%2F%2Fwww.hods.eu%2Fpt-pt%2Ffontes-filtracao%2F|title:Fuentes%20de%20Filtraci%C3%B3n|&#8221;][\/vc_column][vc_column width=&#8221;1\/6&#8243;][vc_btn title=&#8221;Engarrafamento&#8221; style=&#8221;gradient-custom&#8221; gradient_custom_color_1=&#8221;#e0e0e0&#8243; gradient_custom_color_2=&#8221;#e0e0e0&#8243; gradient_text_color=&#8221;#5e5e5e&#8221; link=&#8221;url:https%3A%2F%2Fwww.hods.eu%2Fpt-pt%2Fengarrafamento%2F|title:Engarrafamento|&#8221;][\/vc_column][vc_column width=&#8221;1\/6&#8243;][vc_btn title=&#8221;Transporte e Armazenamento&#8221; style=&#8221;gradient-custom&#8221; gradient_custom_color_1=&#8221;#e0e0e0&#8243; gradient_custom_color_2=&#8221;#e0e0e0&#8243; gradient_text_color=&#8221;#5e5e5e&#8221; link=&#8221;url:https%3A%2F%2Fwww.hods.eu%2Fpt-pt%2Ftransporte-armazenamento%2F|title:Transporte%20e%20Armazenamento|&#8221;][\/vc_column][vc_column width=&#8221;1\/6&#8243;][vc_btn title=&#8221;Limpeza e Higiene&#8221; style=&#8221;gradient-custom&#8221; gradient_custom_color_1=&#8221;#e0e0e0&#8243; gradient_custom_color_2=&#8221;#e0e0e0&#8243; gradient_text_color=&#8221;#5e5e5e&#8221; link=&#8221;url:https%3A%2F%2Fwww.hods.eu%2Fpt-pt%2Flimpeza-higiene%2F|title:Limpeza%20e%20Higiene|&#8221;][\/vc_column][vc_column width=&#8221;1\/6&#8243;][vc_btn title=&#8221;Acces\u00f3rios&#8221; style=&#8221;gradient-custom&#8221; gradient_custom_color_1=&#8221;#e0e0e0&#8243; gradient_custom_color_2=&#8221;#e0e0e0&#8243; gradient_text_color=&#8221;#5e5e5e&#8221; link=&#8221;url:https%3A%2F%2Fwww.hods.eu%2Fpt-pt%2Facessorios%2F|title:Acces%C3%B3rios|&#8221;][\/vc_column][vc_column width=&#8221;1\/6&#8243;][vc_btn title=&#8221;Maquinaria&#8221; style=&#8221;gradient-custom&#8221; gradient_custom_color_1=&#8221;#e0e0e0&#8243; gradient_custom_color_2=&#8221;#e0e0e0&#8243; gradient_text_color=&#8221;#5e5e5e&#8221; link=&#8221;url:https%3A%2F%2Fwww.hods.eu%2Fpt-pt%2Fmaquinaria%2F|title:Maquinaria|target:_blank&#8221;][\/vc_column][\/vc_row]<\/p>\n<\/section>","protected":false},"excerpt":{"rendered":"<p>[vc_row full_width=&#8221;stretch_row&#8221; css=&#8221;.vc_custom_1585221782864{padding-bottom: 10px !important;background-color: #017ec1 !important;}&#8221;][vc_column][vc_column_text] Fontes de garrafa [\/vc_column_text][\/vc_column][\/vc_row][vc_row full_width=&#8221;stretch_row_content&#8221;][vc_column width=&#8221;2\/3&#8243;][vc_raw_html]JTVCd3BiLXBvcnRmb2xpby1zaG9ydGNvZGUlMjBpZCUzRCUyMjI5OTk0JTIyJTVE[\/vc_raw_html][\/vc_column][vc_column width=&#8221;1\/3&#8243; css=&#8221;.vc_custom_1611764595809{padding-right: 50px !important;}&#8221;][vc_column_text css=&#8221;.vc_custom_1611756058085{margin-top: 55px !important;margin-right: 20px !important;margin-left: 20px !important;padding-top: 10px !important;padding-right: 10px !important;padding-left: 10px !important;}&#8221;] Fontes de garrafa [\/vc_column_text][vc_column_text css=&#8221;.vc_custom_1619769358201{padding-top: 20px !important;padding-right: 20px !important;padding-left: 20px !important;}&#8221;] Os novos dispensadores de \u00e1gua Sensorem Up s\u00e3o activados por sensor. N\u00e3o h\u00e1 necessidade [&hellip;]<\/p>\n","protected":false},"author":1,"featured_media":30120,"parent":0,"menu_order":0,"comment_status":"closed","ping_status":"closed","template":"","meta":{"footnotes":""},"class_list":["post-20168","page","type-page","status-publish","has-post-thumbnail","hentry"],"yoast_head":"<!-- This site is optimized with the Yoast SEO plugin v27.5 - https:\/\/yoast.com\/product\/yoast-seo-wordpress\/ -->\n<title>Fontes de garrafa - Distribuidores de \u00e1gua quente e fria - HODS<\/title>\n<meta name=\"description\" content=\"Fontes de garrafa. Distribuidores de \u00e1gua quente e fria. Adequado para garrafas de grande formato com tampa de 5 gal\u00f5es.\" \/>\n<meta name=\"robots\" content=\"index, follow, max-snippet:-1, max-image-preview:large, max-video-preview:-1\" \/>\n<link rel=\"canonical\" href=\"https:\/\/www.hods.eu\/pt-pt\/fontes-garrafa\/\" \/>\n<meta property=\"og:locale\" content=\"pt_PT\" \/>\n<meta property=\"og:type\" content=\"article\" \/>\n<meta property=\"og:title\" content=\"Fontes de garrafa - Distribuidores de \u00e1gua quente e fria - HODS\" \/>\n<meta property=\"og:description\" content=\"Fontes de garrafa. Distribuidores de \u00e1gua quente e fria. Adequado para garrafas de grande formato com tampa de 5 gal\u00f5es.\" \/>\n<meta property=\"og:url\" content=\"https:\/\/www.hods.eu\/pt-pt\/fontes-garrafa\/\" \/>\n<meta property=\"og:site_name\" content=\"HODS\" \/>\n<meta property=\"article:modified_time\" content=\"2022-01-26T10:54:26+00:00\" \/>\n<meta property=\"og:image\" content=\"https:\/\/www.hods.eu\/wp-content\/uploads\/elegance_one-scaled.jpg\" \/>\n\t<meta property=\"og:image:width\" content=\"2560\" \/>\n\t<meta property=\"og:image:height\" content=\"1266\" \/>\n\t<meta property=\"og:image:type\" content=\"image\/jpeg\" \/>\n<meta name=\"twitter:card\" content=\"summary_large_image\" \/>\n<meta name=\"twitter:label1\" content=\"Tempo estimado de leitura\" \/>\n\t<meta name=\"twitter:data1\" content=\"3 minutos\" \/>\n<script type=\"application\/ld+json\" class=\"yoast-schema-graph\">{\"@context\":\"https:\\\/\\\/schema.org\",\"@graph\":[{\"@type\":\"WebPage\",\"@id\":\"https:\\\/\\\/www.hods.eu\\\/pt-pt\\\/fontes-garrafa\\\/\",\"url\":\"https:\\\/\\\/www.hods.eu\\\/pt-pt\\\/fontes-garrafa\\\/\",\"name\":\"Fontes de garrafa - Distribuidores de \u00e1gua quente e fria - HODS\",\"isPartOf\":{\"@id\":\"https:\\\/\\\/www.hods.eu\\\/pt-pt\\\/#website\"},\"primaryImageOfPage\":{\"@id\":\"https:\\\/\\\/www.hods.eu\\\/pt-pt\\\/fontes-garrafa\\\/#primaryimage\"},\"image\":{\"@id\":\"https:\\\/\\\/www.hods.eu\\\/pt-pt\\\/fontes-garrafa\\\/#primaryimage\"},\"thumbnailUrl\":\"https:\\\/\\\/www.hods.eu\\\/wp-content\\\/uploads\\\/fuentesbot.jpg\",\"datePublished\":\"2020-01-24T14:01:17+00:00\",\"dateModified\":\"2022-01-26T10:54:26+00:00\",\"description\":\"Fontes de garrafa. Distribuidores de \u00e1gua quente e fria. Adequado para garrafas de grande formato com tampa de 5 gal\u00f5es.\",\"breadcrumb\":{\"@id\":\"https:\\\/\\\/www.hods.eu\\\/pt-pt\\\/fontes-garrafa\\\/#breadcrumb\"},\"inLanguage\":\"pt-PT\",\"potentialAction\":[{\"@type\":\"ReadAction\",\"target\":[\"https:\\\/\\\/www.hods.eu\\\/pt-pt\\\/fontes-garrafa\\\/\"]}]},{\"@type\":\"ImageObject\",\"inLanguage\":\"pt-PT\",\"@id\":\"https:\\\/\\\/www.hods.eu\\\/pt-pt\\\/fontes-garrafa\\\/#primaryimage\",\"url\":\"https:\\\/\\\/www.hods.eu\\\/wp-content\\\/uploads\\\/fuentesbot.jpg\",\"contentUrl\":\"https:\\\/\\\/www.hods.eu\\\/wp-content\\\/uploads\\\/fuentesbot.jpg\",\"width\":748,\"height\":832,\"caption\":\"Fuentes de agua para todos los gustos, tipos y tama\u00f1os\"},{\"@type\":\"BreadcrumbList\",\"@id\":\"https:\\\/\\\/www.hods.eu\\\/pt-pt\\\/fontes-garrafa\\\/#breadcrumb\",\"itemListElement\":[{\"@type\":\"ListItem\",\"position\":1,\"name\":\"Portada\",\"item\":\"https:\\\/\\\/www.hods.eu\\\/pt-pt\\\/\"},{\"@type\":\"ListItem\",\"position\":2,\"name\":\"Fontes de garrafa\"}]},{\"@type\":\"WebSite\",\"@id\":\"https:\\\/\\\/www.hods.eu\\\/pt-pt\\\/#website\",\"url\":\"https:\\\/\\\/www.hods.eu\\\/pt-pt\\\/\",\"name\":\"HODS\",\"description\":\"water? drink with us\",\"publisher\":{\"@id\":\"https:\\\/\\\/www.hods.eu\\\/pt-pt\\\/#organization\"},\"potentialAction\":[{\"@type\":\"SearchAction\",\"target\":{\"@type\":\"EntryPoint\",\"urlTemplate\":\"https:\\\/\\\/www.hods.eu\\\/pt-pt\\\/?s={search_term_string}\"},\"query-input\":{\"@type\":\"PropertyValueSpecification\",\"valueRequired\":true,\"valueName\":\"search_term_string\"}}],\"inLanguage\":\"pt-PT\"},{\"@type\":\"Organization\",\"@id\":\"https:\\\/\\\/www.hods.eu\\\/pt-pt\\\/#organization\",\"name\":\"HODS\",\"url\":\"https:\\\/\\\/www.hods.eu\\\/pt-pt\\\/\",\"logo\":{\"@type\":\"ImageObject\",\"inLanguage\":\"pt-PT\",\"@id\":\"https:\\\/\\\/www.hods.eu\\\/pt-pt\\\/#\\\/schema\\\/logo\\\/image\\\/\",\"url\":\"https:\\\/\\\/www.hods.eu\\\/wp-content\\\/uploads\\\/hods-completo-blanco2.jpg\",\"contentUrl\":\"https:\\\/\\\/www.hods.eu\\\/wp-content\\\/uploads\\\/hods-completo-blanco2.jpg\",\"width\":500,\"height\":179,\"caption\":\"HODS\"},\"image\":{\"@id\":\"https:\\\/\\\/www.hods.eu\\\/pt-pt\\\/#\\\/schema\\\/logo\\\/image\\\/\"}}]}<\/script>\n<!-- \/ Yoast SEO plugin. -->","yoast_head_json":{"title":"Fontes de garrafa - Distribuidores de \u00e1gua quente e fria - HODS","description":"Fontes de garrafa. Distribuidores de \u00e1gua quente e fria. Adequado para garrafas de grande formato com tampa de 5 gal\u00f5es.","robots":{"index":"index","follow":"follow","max-snippet":"max-snippet:-1","max-image-preview":"max-image-preview:large","max-video-preview":"max-video-preview:-1"},"canonical":"https:\/\/www.hods.eu\/pt-pt\/fontes-garrafa\/","og_locale":"pt_PT","og_type":"article","og_title":"Fontes de garrafa - Distribuidores de \u00e1gua quente e fria - HODS","og_description":"Fontes de garrafa. Distribuidores de \u00e1gua quente e fria. Adequado para garrafas de grande formato com tampa de 5 gal\u00f5es.","og_url":"https:\/\/www.hods.eu\/pt-pt\/fontes-garrafa\/","og_site_name":"HODS","article_modified_time":"2022-01-26T10:54:26+00:00","og_image":[{"width":2560,"height":1266,"url":"https:\/\/www.hods.eu\/wp-content\/uploads\/elegance_one-scaled.jpg","type":"image\/jpeg"}],"twitter_card":"summary_large_image","twitter_misc":{"Tempo estimado de leitura":"3 minutos"},"schema":{"@context":"https:\/\/schema.org","@graph":[{"@type":"WebPage","@id":"https:\/\/www.hods.eu\/pt-pt\/fontes-garrafa\/","url":"https:\/\/www.hods.eu\/pt-pt\/fontes-garrafa\/","name":"Fontes de garrafa - Distribuidores de \u00e1gua quente e fria - HODS","isPartOf":{"@id":"https:\/\/www.hods.eu\/pt-pt\/#website"},"primaryImageOfPage":{"@id":"https:\/\/www.hods.eu\/pt-pt\/fontes-garrafa\/#primaryimage"},"image":{"@id":"https:\/\/www.hods.eu\/pt-pt\/fontes-garrafa\/#primaryimage"},"thumbnailUrl":"https:\/\/www.hods.eu\/wp-content\/uploads\/fuentesbot.jpg","datePublished":"2020-01-24T14:01:17+00:00","dateModified":"2022-01-26T10:54:26+00:00","description":"Fontes de garrafa. Distribuidores de \u00e1gua quente e fria. Adequado para garrafas de grande formato com tampa de 5 gal\u00f5es.","breadcrumb":{"@id":"https:\/\/www.hods.eu\/pt-pt\/fontes-garrafa\/#breadcrumb"},"inLanguage":"pt-PT","potentialAction":[{"@type":"ReadAction","target":["https:\/\/www.hods.eu\/pt-pt\/fontes-garrafa\/"]}]},{"@type":"ImageObject","inLanguage":"pt-PT","@id":"https:\/\/www.hods.eu\/pt-pt\/fontes-garrafa\/#primaryimage","url":"https:\/\/www.hods.eu\/wp-content\/uploads\/fuentesbot.jpg","contentUrl":"https:\/\/www.hods.eu\/wp-content\/uploads\/fuentesbot.jpg","width":748,"height":832,"caption":"Fuentes de agua para todos los gustos, tipos y tama\u00f1os"},{"@type":"BreadcrumbList","@id":"https:\/\/www.hods.eu\/pt-pt\/fontes-garrafa\/#breadcrumb","itemListElement":[{"@type":"ListItem","position":1,"name":"Portada","item":"https:\/\/www.hods.eu\/pt-pt\/"},{"@type":"ListItem","position":2,"name":"Fontes de garrafa"}]},{"@type":"WebSite","@id":"https:\/\/www.hods.eu\/pt-pt\/#website","url":"https:\/\/www.hods.eu\/pt-pt\/","name":"HODS","description":"water? drink with us","publisher":{"@id":"https:\/\/www.hods.eu\/pt-pt\/#organization"},"potentialAction":[{"@type":"SearchAction","target":{"@type":"EntryPoint","urlTemplate":"https:\/\/www.hods.eu\/pt-pt\/?s={search_term_string}"},"query-input":{"@type":"PropertyValueSpecification","valueRequired":true,"valueName":"search_term_string"}}],"inLanguage":"pt-PT"},{"@type":"Organization","@id":"https:\/\/www.hods.eu\/pt-pt\/#organization","name":"HODS","url":"https:\/\/www.hods.eu\/pt-pt\/","logo":{"@type":"ImageObject","inLanguage":"pt-PT","@id":"https:\/\/www.hods.eu\/pt-pt\/#\/schema\/logo\/image\/","url":"https:\/\/www.hods.eu\/wp-content\/uploads\/hods-completo-blanco2.jpg","contentUrl":"https:\/\/www.hods.eu\/wp-content\/uploads\/hods-completo-blanco2.jpg","width":500,"height":179,"caption":"HODS"},"image":{"@id":"https:\/\/www.hods.eu\/pt-pt\/#\/schema\/logo\/image\/"}}]}},"_links":{"self":[{"href":"https:\/\/www.hods.eu\/pt-pt\/wp-json\/wp\/v2\/pages\/20168","targetHints":{"allow":["GET"]}}],"collection":[{"href":"https:\/\/www.hods.eu\/pt-pt\/wp-json\/wp\/v2\/pages"}],"about":[{"href":"https:\/\/www.hods.eu\/pt-pt\/wp-json\/wp\/v2\/types\/page"}],"author":[{"embeddable":true,"href":"https:\/\/www.hods.eu\/pt-pt\/wp-json\/wp\/v2\/users\/1"}],"replies":[{"embeddable":true,"href":"https:\/\/www.hods.eu\/pt-pt\/wp-json\/wp\/v2\/comments?post=20168"}],"version-history":[{"count":11,"href":"https:\/\/www.hods.eu\/pt-pt\/wp-json\/wp\/v2\/pages\/20168\/revisions"}],"predecessor-version":[{"id":30635,"href":"https:\/\/www.hods.eu\/pt-pt\/wp-json\/wp\/v2\/pages\/20168\/revisions\/30635"}],"wp:featuredmedia":[{"embeddable":true,"href":"https:\/\/www.hods.eu\/pt-pt\/wp-json\/wp\/v2\/media\/30120"}],"wp:attachment":[{"href":"https:\/\/www.hods.eu\/pt-pt\/wp-json\/wp\/v2\/media?parent=20168"}],"curies":[{"name":"wp","href":"https:\/\/api.w.org\/{rel}","templated":true}]}}