{"id":1576,"date":"2018-11-13T17:55:03","date_gmt":"2018-11-13T17:55:03","guid":{"rendered":"https:\/\/www.hods.eu\/home-v4\/"},"modified":"2021-05-12T12:08:17","modified_gmt":"2021-05-12T11:08:17","slug":"home-v4","status":"publish","type":"page","link":"https:\/\/www.hods.eu\/pt-pt\/","title":{"rendered":"Inicio"},"content":{"rendered":"<section class=\"wpb-content-wrapper\"><p>[vc_row css=&#8221;.vc_custom_1587123458092{padding-bottom: 20px !important;}&#8221;][vc_column][vc_empty_space height=&#8221;30px&#8221;][vc_custom_heading text=&#8221;<b>Hods \u00e9 o maior fabricante de garrafas PET sem Bisfenol-A e distribuidor de tampas de 5 gal\u00f5es em Espanha e Portugal<\/b>&#8221; font_container=&#8221;tag:h2|font_size:30|text_align:center|color:%23017ec1|line_height:2&#8243; google_fonts=&#8221;font_family:Montserrat%3Aregular%2C700|font_style:400%20regular%3A400%3Anormal&#8221; css=&#8221;.vc_custom_1603464896697{padding-bottom: 10px !important;}&#8221;][\/vc_column][\/vc_row][vc_row full_width=&#8221;stretch_row&#8221; css=&#8221;.vc_custom_1602064708002{padding-top: 20px !important;padding-bottom: 20px !important;}&#8221;][vc_column][vc_column_text css=&#8221;.vc_custom_1611919483563{padding-top: 50px !important;padding-right: 50px !important;padding-bottom: 50px !important;padding-left: 50px !important;}&#8221;]<\/p>\n<h4 style=\"text-align: justify;\"><span style=\"font-size: 16px; color: #666666;\">Na Hods fabricamos garrafas PET de grande formato: <a href=\"https:\/\/www.hods.eu\/pt-pt\/productos\/garrafao-pet-12-litros\/\">12<\/a>, <a href=\"https:\/\/www.hods.eu\/pt-pt\/productos\/garrafao-pet-18-9-litros\/\">18,9<\/a> e <a href=\"https:\/\/www.hods.eu\/pt-pt\/productos\/garrafao-pet-20-litros\/\">20<\/a> litros, em diferentes cores. Distribu\u00edmos <a href=\"https:\/\/www.hods.eu\/pt-pt\/productos\/tampa-5-galoes\/\">tampas de 5 gal\u00f5es<\/a>, sem bisfenol-A e sem azodicarbonamida, com duplo anel interno de TPE que melhora a impermeabiliza\u00e7\u00e3o. Temos tamb\u00e9m uma grande variedade de modelos de <a href=\"https:\/\/www.hods.eu\/pt-pt\/fontes-garrafa\/\">fontes de \u00e1gua<\/a>, tanto fria como quente, bem como uma vasta gama de acess\u00f3rios tais como prateleiras, carrinhos, porta-copos e kits de limpeza, entre muitos outros.<\/span><\/h4>\n<h4 style=\"text-align: justify;\"><span style=\"font-size: 16px; color: #666666;\">Temos como objectivo servir e consumir \u00e1gua de uma forma ambientalmente sustent\u00e1vel, evitando pl\u00e1sticos de utiliza\u00e7\u00e3o \u00fanica e encorajando a utiliza\u00e7\u00e3o de garrafas reutiliz\u00e1veis. A nossa oferta de produto+servi\u00e7o permite-nos transmitir, atrav\u00e9s de um servi\u00e7o abrangente a todo o Sector de Embalagem e Distribui\u00e7\u00e3o de \u00c1gua, qualidade de vida e bem-estar ao consumidor final.<\/span><\/h4>\n<h4 style=\"text-align: justify;\"><span style=\"font-size: 16px; color: #666666;\">Em Hods, qualidade \u00e9 um dos nossos pilares b\u00e1sicos, e \u00e9 por isso que submetemos os nossos produtos a rigorosos controlos de qualidade. Realizamos controlos de migra\u00e7\u00e3o peri\u00f3dicos e, al\u00e9m disso, cada lote das nossas tampas de 5 gallon \u00e9 analisado por <a href=\"https:\/\/www.aenor.com\/\">Aenor<\/a>. As nossas garrafas tamb\u00e9m s\u00e3o submetidas a rigorosos controlos de qualidade antes de sa\u00edrem das nossas instala\u00e7\u00f5es. Desta forma, asseguramos o controlo completo dos nossos produtos.<\/span><\/h4>\n<p>[\/vc_column_text][\/vc_column][\/vc_row][vc_row full_width=&#8221;stretch_row&#8221; css=&#8221;.vc_custom_1603378435190{padding-bottom: 25px !important;background-color: #ffffff !important;}&#8221;][vc_column width=&#8221;1\/4&#8243;]<div class=\"stats-block statistics\"><div class=\"stats-head\"><p class=\"stat-number skill\"><img decoding=\"async\" src=\"https:\/\/www.hods.eu\/wp-content\/uploads\/mundo2.png\" data-src=\"https:\/\/www.hods.eu\/wp-content\/uploads\/mundo2.png\" alt=\"\"><\/p><\/div><div class=\"stats-content percentage\" data-perc=\"22\"><span class=\"skill-count\" style=\"color: #017ec1\">22<\/span><p style=\"color: #017ec1\">Pa\u00edses<\/p><\/div><\/div>[vc_column_text]<\/p>\n<p style=\"text-align: center;\"><span style=\"color: #017ec1;\">Rela\u00e7\u00f5es comerciais internacionais com mais de 20 pa\u00edses<\/span><\/p>\n<p>[\/vc_column_text][\/vc_column][vc_column width=&#8221;1\/4&#8243;]<div class=\"stats-block statistics\"><div class=\"stats-head\"><p class=\"stat-number skill\"><img decoding=\"async\" src=\"https:\/\/www.hods.eu\/wp-content\/uploads\/clientes2.png\" data-src=\"https:\/\/www.hods.eu\/wp-content\/uploads\/clientes2.png\" alt=\"\"><\/p><\/div><div class=\"stats-content percentage\" data-perc=\"188954\"><span class=\"skill-count\" style=\"color: #017ec1\">188954<\/span><p style=\"color: #017ec1\">Clientes finais<\/p><\/div><\/div>[vc_column_text]<\/p>\n<p style=\"text-align: center;\"><span style=\"color: #017ec1;\">Mais de 100.000 clientes utilizam os nossos produtos<\/span><\/p>\n<p>[\/vc_column_text][\/vc_column][vc_column width=&#8221;1\/4&#8243;]<div class=\"stats-block statistics\"><div class=\"stats-head\"><p class=\"stat-number skill\"><img decoding=\"async\" src=\"https:\/\/www.hods.eu\/wp-content\/uploads\/botellon2.png\" data-src=\"https:\/\/www.hods.eu\/wp-content\/uploads\/botellon2.png\" alt=\"\"><\/p><\/div><div class=\"stats-content percentage\" data-perc=\"1\"><span class=\"skill-count\" style=\"color: #017ec1\">1<\/span><p style=\"color: #017ec1\">Lideran\u00e7a<\/p><\/div><\/div>[vc_column_text]<\/p>\n<p style=\"text-align: center;\"><span style=\"color: #017ec1;\">O maior fabricante e fornecedor do sector em Espanha e Portugal<\/span><\/p>\n<p>[\/vc_column_text][\/vc_column][vc_column width=&#8221;1\/4&#8243;]<div class=\"stats-block statistics\"><div class=\"stats-head\"><p class=\"stat-number skill\"><img decoding=\"async\" src=\"https:\/\/www.hods.eu\/wp-content\/uploads\/agua2.png\" data-src=\"https:\/\/www.hods.eu\/wp-content\/uploads\/agua2.png\" alt=\"\"><\/p><\/div><div class=\"stats-content percentage\" data-perc=\"432\"><span class=\"skill-count\" style=\"color: #017ec1\">432<\/span><p style=\"color: #017ec1\">Milh\u00f5es de litros de \u00e1gua<\/p><\/div><\/div>[vc_column_text]<\/p>\n<p style=\"text-align: center;\"><span style=\"color: #017ec1;\">Mais de 430 milh\u00f5es de litros de \u00e1gua passam pelos nossos produtos todos os anos<\/span><\/p>\n<p>[\/vc_column_text][\/vc_column][\/vc_row][vc_row full_width=&#8221;stretch_row_content&#8221; css_animation=&#8221;fadeIn&#8221;][vc_column][vc_raw_html]JTVCcmV2X3NsaWRlciUyMGFsaWFzJTNEJTIyY2VydGlmaWNhZG9zLTEyJTIyJTVEJTVCJTJGcmV2X3NsaWRlciU1RA==[\/vc_raw_html][\/vc_column][\/vc_row][vc_row full_width=&#8221;stretch_row_content&#8221; css=&#8221;.vc_custom_1587980546308{margin-top: 10px !important;margin-bottom: px !important;padding-top: 10px !important;padding-bottom: 70px !important;}&#8221;][vc_column][vc_column_text css_animation=&#8221;fadeIn&#8221;]<\/p>\n<h4 style=\"text-align: center;\"><strong><span style=\"font-size: 26px; color: #017ec1; font-family: montserrat, helvetica, arial;\">Eles confiam em n\u00f3s<\/span><\/strong><\/h4>\n<p>[\/vc_column_text][vc_empty_space height=&#8221;50px&#8221;][vc_raw_html]JTVCc3Bfd3BjYXJvdXNlbCUyMGlkJTNEJTIyMjUxNzAlMjIlNUQ=[\/vc_raw_html][vc_raw_html]JTVCc3Bfd3BjYXJvdXNlbCUyMGlkJTNEJTIyMjUyNTUlMjIlNUQ=[\/vc_raw_html][\/vc_column][\/vc_row]<\/p>\n<\/section>","protected":false},"excerpt":{"rendered":"<p>\t\t\t\t<![CDATA[]]>\t\t<\/p>\n","protected":false},"author":1,"featured_media":27395,"parent":0,"menu_order":0,"comment_status":"closed","ping_status":"closed","template":"","meta":{"footnotes":""},"class_list":["post-1576","page","type-page","status-publish","has-post-thumbnail","hentry"],"yoast_head":"<!-- This site is optimized with the Yoast SEO plugin v27.3 - https:\/\/yoast.com\/product\/yoast-seo-wordpress\/ -->\n<title>HODS fabricantes de embalagens de \u00e1gua - HODS<\/title>\n<meta name=\"description\" content=\"hods. Fabricantes de garrafas e tampas de \u00e1gua e distribuidores de dispensadores de \u00e1gua quente e fria, bem como de acess\u00f3rios.\" \/>\n<meta name=\"robots\" content=\"index, follow, max-snippet:-1, max-image-preview:large, max-video-preview:-1\" \/>\n<link rel=\"canonical\" href=\"https:\/\/www.hods.eu\/pt-pt\/\" \/>\n<meta property=\"og:locale\" content=\"pt_PT\" \/>\n<meta property=\"og:type\" content=\"article\" \/>\n<meta property=\"og:title\" content=\"HODS fabricantes de embalagens de \u00e1gua - HODS\" \/>\n<meta property=\"og:description\" content=\"hods. Fabricantes de garrafas e tampas de \u00e1gua e distribuidores de dispensadores de \u00e1gua quente e fria, bem como de acess\u00f3rios.\" \/>\n<meta property=\"og:url\" content=\"https:\/\/www.hods.eu\/pt-pt\/\" \/>\n<meta property=\"og:site_name\" content=\"HODS\" \/>\n<meta property=\"article:modified_time\" content=\"2021-05-12T11:08:17+00:00\" \/>\n<meta property=\"og:image\" content=\"https:\/\/www.hods.eu\/wp-content\/uploads\/hods-2.jpg\" \/>\n\t<meta property=\"og:image:width\" content=\"200\" \/>\n\t<meta property=\"og:image:height\" content=\"200\" \/>\n\t<meta property=\"og:image:type\" content=\"image\/jpeg\" \/>\n<meta name=\"twitter:card\" content=\"summary_large_image\" \/>\n<meta name=\"twitter:label1\" content=\"Tempo estimado de leitura\" \/>\n\t<meta name=\"twitter:data1\" content=\"2 minutos\" \/>\n<script type=\"application\/ld+json\" class=\"yoast-schema-graph\">{\"@context\":\"https:\\\/\\\/schema.org\",\"@graph\":[{\"@type\":\"WebPage\",\"@id\":\"https:\\\/\\\/www.hods.eu\\\/pt-pt\\\/\",\"url\":\"https:\\\/\\\/www.hods.eu\\\/pt-pt\\\/\",\"name\":\"HODS fabricantes de embalagens de \u00e1gua - HODS\",\"isPartOf\":{\"@id\":\"https:\\\/\\\/www.hods.eu\\\/pt-pt\\\/#website\"},\"primaryImageOfPage\":{\"@id\":\"https:\\\/\\\/www.hods.eu\\\/pt-pt\\\/#primaryimage\"},\"image\":{\"@id\":\"https:\\\/\\\/www.hods.eu\\\/pt-pt\\\/#primaryimage\"},\"thumbnailUrl\":\"https:\\\/\\\/www.hods.eu\\\/wp-content\\\/uploads\\\/hods-2.jpg\",\"datePublished\":\"2018-11-13T17:55:03+00:00\",\"dateModified\":\"2021-05-12T11:08:17+00:00\",\"description\":\"hods. Fabricantes de garrafas e tampas de \u00e1gua e distribuidores de dispensadores de \u00e1gua quente e fria, bem como de acess\u00f3rios.\",\"breadcrumb\":{\"@id\":\"https:\\\/\\\/www.hods.eu\\\/pt-pt\\\/#breadcrumb\"},\"inLanguage\":\"pt-PT\",\"potentialAction\":[{\"@type\":\"ReadAction\",\"target\":[\"https:\\\/\\\/www.hods.eu\\\/pt-pt\\\/\"]}]},{\"@type\":\"ImageObject\",\"inLanguage\":\"pt-PT\",\"@id\":\"https:\\\/\\\/www.hods.eu\\\/pt-pt\\\/#primaryimage\",\"url\":\"https:\\\/\\\/www.hods.eu\\\/wp-content\\\/uploads\\\/hods-2.jpg\",\"contentUrl\":\"https:\\\/\\\/www.hods.eu\\\/wp-content\\\/uploads\\\/hods-2.jpg\",\"width\":200,\"height\":200,\"caption\":\"Hods, fabricante e distribuidor de garrafas e fontes de \u00e1gua\"},{\"@type\":\"BreadcrumbList\",\"@id\":\"https:\\\/\\\/www.hods.eu\\\/pt-pt\\\/#breadcrumb\",\"itemListElement\":[{\"@type\":\"ListItem\",\"position\":1,\"name\":\"Portada\",\"item\":\"https:\\\/\\\/www.hods.eu\\\/pt-pt\\\/\"},{\"@type\":\"ListItem\",\"position\":2,\"name\":\"Inicio\"}]},{\"@type\":\"WebSite\",\"@id\":\"https:\\\/\\\/www.hods.eu\\\/pt-pt\\\/#website\",\"url\":\"https:\\\/\\\/www.hods.eu\\\/pt-pt\\\/\",\"name\":\"HODS\",\"description\":\"water? drink with us\",\"publisher\":{\"@id\":\"https:\\\/\\\/www.hods.eu\\\/pt-pt\\\/#organization\"},\"potentialAction\":[{\"@type\":\"SearchAction\",\"target\":{\"@type\":\"EntryPoint\",\"urlTemplate\":\"https:\\\/\\\/www.hods.eu\\\/pt-pt\\\/?s={search_term_string}\"},\"query-input\":{\"@type\":\"PropertyValueSpecification\",\"valueRequired\":true,\"valueName\":\"search_term_string\"}}],\"inLanguage\":\"pt-PT\"},{\"@type\":\"Organization\",\"@id\":\"https:\\\/\\\/www.hods.eu\\\/pt-pt\\\/#organization\",\"name\":\"HODS\",\"url\":\"https:\\\/\\\/www.hods.eu\\\/pt-pt\\\/\",\"logo\":{\"@type\":\"ImageObject\",\"inLanguage\":\"pt-PT\",\"@id\":\"https:\\\/\\\/www.hods.eu\\\/pt-pt\\\/#\\\/schema\\\/logo\\\/image\\\/\",\"url\":\"https:\\\/\\\/www.hods.eu\\\/wp-content\\\/uploads\\\/hods-completo-blanco2.jpg\",\"contentUrl\":\"https:\\\/\\\/www.hods.eu\\\/wp-content\\\/uploads\\\/hods-completo-blanco2.jpg\",\"width\":500,\"height\":179,\"caption\":\"HODS\"},\"image\":{\"@id\":\"https:\\\/\\\/www.hods.eu\\\/pt-pt\\\/#\\\/schema\\\/logo\\\/image\\\/\"}}]}<\/script>\n<!-- \/ Yoast SEO plugin. -->","yoast_head_json":{"title":"HODS fabricantes de embalagens de \u00e1gua - HODS","description":"hods. Fabricantes de garrafas e tampas de \u00e1gua e distribuidores de dispensadores de \u00e1gua quente e fria, bem como de acess\u00f3rios.","robots":{"index":"index","follow":"follow","max-snippet":"max-snippet:-1","max-image-preview":"max-image-preview:large","max-video-preview":"max-video-preview:-1"},"canonical":"https:\/\/www.hods.eu\/pt-pt\/","og_locale":"pt_PT","og_type":"article","og_title":"HODS fabricantes de embalagens de \u00e1gua - HODS","og_description":"hods. Fabricantes de garrafas e tampas de \u00e1gua e distribuidores de dispensadores de \u00e1gua quente e fria, bem como de acess\u00f3rios.","og_url":"https:\/\/www.hods.eu\/pt-pt\/","og_site_name":"HODS","article_modified_time":"2021-05-12T11:08:17+00:00","og_image":[{"width":200,"height":200,"url":"https:\/\/www.hods.eu\/wp-content\/uploads\/hods-2.jpg","type":"image\/jpeg"}],"twitter_card":"summary_large_image","twitter_misc":{"Tempo estimado de leitura":"2 minutos"},"schema":{"@context":"https:\/\/schema.org","@graph":[{"@type":"WebPage","@id":"https:\/\/www.hods.eu\/pt-pt\/","url":"https:\/\/www.hods.eu\/pt-pt\/","name":"HODS fabricantes de embalagens de \u00e1gua - HODS","isPartOf":{"@id":"https:\/\/www.hods.eu\/pt-pt\/#website"},"primaryImageOfPage":{"@id":"https:\/\/www.hods.eu\/pt-pt\/#primaryimage"},"image":{"@id":"https:\/\/www.hods.eu\/pt-pt\/#primaryimage"},"thumbnailUrl":"https:\/\/www.hods.eu\/wp-content\/uploads\/hods-2.jpg","datePublished":"2018-11-13T17:55:03+00:00","dateModified":"2021-05-12T11:08:17+00:00","description":"hods. Fabricantes de garrafas e tampas de \u00e1gua e distribuidores de dispensadores de \u00e1gua quente e fria, bem como de acess\u00f3rios.","breadcrumb":{"@id":"https:\/\/www.hods.eu\/pt-pt\/#breadcrumb"},"inLanguage":"pt-PT","potentialAction":[{"@type":"ReadAction","target":["https:\/\/www.hods.eu\/pt-pt\/"]}]},{"@type":"ImageObject","inLanguage":"pt-PT","@id":"https:\/\/www.hods.eu\/pt-pt\/#primaryimage","url":"https:\/\/www.hods.eu\/wp-content\/uploads\/hods-2.jpg","contentUrl":"https:\/\/www.hods.eu\/wp-content\/uploads\/hods-2.jpg","width":200,"height":200,"caption":"Hods, fabricante e distribuidor de garrafas e fontes de \u00e1gua"},{"@type":"BreadcrumbList","@id":"https:\/\/www.hods.eu\/pt-pt\/#breadcrumb","itemListElement":[{"@type":"ListItem","position":1,"name":"Portada","item":"https:\/\/www.hods.eu\/pt-pt\/"},{"@type":"ListItem","position":2,"name":"Inicio"}]},{"@type":"WebSite","@id":"https:\/\/www.hods.eu\/pt-pt\/#website","url":"https:\/\/www.hods.eu\/pt-pt\/","name":"HODS","description":"water? drink with us","publisher":{"@id":"https:\/\/www.hods.eu\/pt-pt\/#organization"},"potentialAction":[{"@type":"SearchAction","target":{"@type":"EntryPoint","urlTemplate":"https:\/\/www.hods.eu\/pt-pt\/?s={search_term_string}"},"query-input":{"@type":"PropertyValueSpecification","valueRequired":true,"valueName":"search_term_string"}}],"inLanguage":"pt-PT"},{"@type":"Organization","@id":"https:\/\/www.hods.eu\/pt-pt\/#organization","name":"HODS","url":"https:\/\/www.hods.eu\/pt-pt\/","logo":{"@type":"ImageObject","inLanguage":"pt-PT","@id":"https:\/\/www.hods.eu\/pt-pt\/#\/schema\/logo\/image\/","url":"https:\/\/www.hods.eu\/wp-content\/uploads\/hods-completo-blanco2.jpg","contentUrl":"https:\/\/www.hods.eu\/wp-content\/uploads\/hods-completo-blanco2.jpg","width":500,"height":179,"caption":"HODS"},"image":{"@id":"https:\/\/www.hods.eu\/pt-pt\/#\/schema\/logo\/image\/"}}]}},"_links":{"self":[{"href":"https:\/\/www.hods.eu\/pt-pt\/wp-json\/wp\/v2\/pages\/1576","targetHints":{"allow":["GET"]}}],"collection":[{"href":"https:\/\/www.hods.eu\/pt-pt\/wp-json\/wp\/v2\/pages"}],"about":[{"href":"https:\/\/www.hods.eu\/pt-pt\/wp-json\/wp\/v2\/types\/page"}],"author":[{"embeddable":true,"href":"https:\/\/www.hods.eu\/pt-pt\/wp-json\/wp\/v2\/users\/1"}],"replies":[{"embeddable":true,"href":"https:\/\/www.hods.eu\/pt-pt\/wp-json\/wp\/v2\/comments?post=1576"}],"version-history":[{"count":2,"href":"https:\/\/www.hods.eu\/pt-pt\/wp-json\/wp\/v2\/pages\/1576\/revisions"}],"predecessor-version":[{"id":28563,"href":"https:\/\/www.hods.eu\/pt-pt\/wp-json\/wp\/v2\/pages\/1576\/revisions\/28563"}],"wp:featuredmedia":[{"embeddable":true,"href":"https:\/\/www.hods.eu\/pt-pt\/wp-json\/wp\/v2\/media\/27395"}],"wp:attachment":[{"href":"https:\/\/www.hods.eu\/pt-pt\/wp-json\/wp\/v2\/media?parent=1576"}],"curies":[{"name":"wp","href":"https:\/\/api.w.org\/{rel}","templated":true}]}}