{"id":30543,"date":"2022-01-24T12:45:07","date_gmt":"2022-01-24T11:45:07","guid":{"rendered":"https:\/\/www.hods.eu\/productos\/kit-de-machine-a-souffler-150bh\/"},"modified":"2022-01-25T12:06:16","modified_gmt":"2022-01-25T11:06:16","slug":"kit-de-machine-a-souffler-150bh","status":"publish","type":"product","link":"https:\/\/www.hods.eu\/fr\/productos\/kit-de-machine-a-souffler-150bh\/","title":{"rendered":"Kit de machine \u00e0 souffler 150B\/H"},"content":{"rendered":"<h3 style=\"text-align: justify; color: #6d6d6d;\">Le Kit de machine \u00e0 souffler 150B\/H est adapt\u00e9 \u00e0 la production de bouteilles de 5 gallons, 3 gallons et est g\u00e9n\u00e9ralement utilis\u00e9 pour produire n&#8217;importe quel format de conteneur plastique pr\u00e9form\u00e9 en PET\/PC et PE avec un diam\u00e8tre de col compris entre 15mm et 200mm. Elle est capable de souffler 140-150 bouteilles de 18,9 l par heure avec poign\u00e9e et 170-180 bouteilles de 10 l par heure sans poign\u00e9e.<\/h3>\n<h4 style=\"text-align: justify; color: #6d6d6d;\">Il contient un pr\u00e9chauffeur infrarouge rotatif pour chauffer les pr\u00e9formes en PET. Cette m\u00e9thode a simplifi\u00e9 le contr\u00f4le du tube pr\u00e9chauff\u00e9 et assure un pr\u00e9chauffage correct.<\/h4>\n<p style=\"text-align: justify; color: #6d6d6d;\">Le Kit de machine \u00e0 souffler 150B\/H utilise le serrage m\u00e9canique du moule \u00e0 double bras qui garantit l&#8217;\u00e9tanch\u00e9it\u00e9 m\u00eame sous haute pression.<\/p>\n<p style=\"text-align: justify; color: #6d6d6d;\">Le syst\u00e8me d&#8217;air a \u00e9t\u00e9 s\u00e9par\u00e9 en deux parties : l&#8217;action pneumatique et le soufflage des bouteilles. Les deux r\u00e9servoirs d&#8217;air de grand volume fournissent une haute pression suffisante et constante pour souffler les bouteilles de grande taille et\/ou de forme irr\u00e9guli\u00e8re.<\/p>\n<p style=\"text-align: justify; color: #6d6d6d;\">Cette machine est \u00e9quip\u00e9e d&#8217;un silencieux et d&#8217;une pompe \u00e0 huile pour r\u00e9duire le bruit et la friction.<br \/>\nLa machine fonctionne en mode manuel et semi-automatique.<br \/>\nIl est petit, facile et s\u00fbr \u00e0 utiliser.<\/p>\n<p style=\"text-align: justify; color: #6d6d6d;\">La machine se compose de deux parties : la partie soufflante et le pr\u00e9chauffeur. Tout d&#8217;abord, le pr\u00e9chauffeur chauffe la pr\u00e9forme en PET jusqu&#8217;\u00e0 ce qu&#8217;elle soit souple et \u00e9lastique. Elle est ensuite introduite dans les moules des machines de moulage par soufflage et souffl\u00e9e pour obtenir la forme souhait\u00e9e.<\/p>\n<h4 style=\"text-align: justify; color: #6d6d6d;\">Ce kit comprend:<\/h4>\n<ul>\n<li style=\"list-style-type: none;\">\n<ul>\n<li style=\"text-align: justify; color: #6d6d6d;\">Machine \u00e0 souffler 1.<\/li>\n<li style=\"text-align: justify; color: #6d6d6d;\">Machine \u00e0 souffler 2.<\/li>\n<li style=\"text-align: justify; color: #6d6d6d;\">Refroidisseur 1.<\/li>\n<li style=\"text-align: justify; color: #6d6d6d;\">Refroidisseur 2.<\/li>\n<li style=\"text-align: justify; color: #6d6d6d;\">Double four.<\/li>\n<li style=\"text-align: justify; color: #6d6d6d;\">Compresseur haute pression.<\/li>\n<li style=\"text-align: justify; color: #6d6d6d;\">Compresseur \u00e0 basse pression 1.<\/li>\n<li style=\"text-align: justify; color: #6d6d6d;\">Compresseur \u00e0 basse pression 2.<\/li>\n<li style=\"text-align: justify; color: #6d6d6d;\">S\u00e9choir \u00e0 basse pression.<\/li>\n<li style=\"text-align: justify; color: #6d6d6d;\">S\u00e9choir \u00e0 haute pression.<\/li>\n<li style=\"text-align: justify; color: #6d6d6d;\">R\u00e9servoir basse pression.<\/li>\n<li style=\"text-align: justify; color: #6d6d6d;\">R\u00e9servoir haute pression.<\/li>\n<li style=\"text-align: justify; color: #6d6d6d;\">Marqueur laser pour bonbonnes.<\/li>\n<li style=\"text-align: justify; color: #6d6d6d;\">Refroidisseur de bonbonnes.<\/li>\n<li style=\"text-align: justify; color: #6d6d6d;\">2 moules.<\/li>\n<\/ul>\n<\/li>\n<\/ul>\n<table dir=\"ltr\" style=\"height: 227px;\" border=\"1\" summary=\"dimensiones y caracteristicas\" width=\"636\">\n<colgroup width=\"50%\"><\/colgroup>\n<colgroup id=\"colgroup\" class=\"colgroup\" title=\"title\" span=\"2\" width=\"1*\" align=\"center\" valign=\"middle\"><\/colgroup>\n<thead>\n<tr>\n<th scope=\"col\"><b>Dimensions et poids<\/b><\/th>\n<th scope=\"col\"><b>Caract\u00e9ristiques<\/b><\/th>\n<\/tr>\n<\/thead>\n<tfoot><\/tfoot>\n<tbody>\n<tr>\n<td><b>Poids total:<\/b> 2 t<\/td>\n<td><b>Consommation d&#8217;\u00e9nergie:<\/b> 15 kW \/ 380 v (\u00e0 l&#8217;exclusion du compresseur d&#8217;air)<\/td>\n<\/tr>\n<tr>\n<td><b>Machine \u00e0 souffler 1:<\/b> 220 cm x 78 cm x 200 cm<\/td>\n<td><b>Pression de fermeture:<\/b> 600 kN<\/td>\n<\/tr>\n<tr>\n<td><b>Machine \u00e0 souffler 2:<\/b> 220 cm x 78 cm x 200 cm<\/td>\n<td><b>Course de la tige de tension:<\/b> 550 mm<\/td>\n<\/tr>\n<tr>\n<td><b>Pr\u00e9chauffeur:<\/b> 270 cm x 70 cm x 170cm<\/td>\n<td><b>D\u00e9placement du plateau du moule:<\/b> 350 mm<\/td>\n<\/tr>\n<tr>\n<td><\/td>\n<td><b>\u00c9paisseur maximale du moule:<\/b> 330 mm<\/td>\n<\/tr>\n<tr>\n<td><\/td>\n<td><b>Largeur maximale du moule:<\/b> 380 mm<\/td>\n<\/tr>\n<tr>\n<td><\/td>\n<td><b>Diam\u00e8tre de la tige de tension:<\/b> 22 mm<\/td>\n<\/tr>\n<tr>\n<td><\/td>\n<td><b>Diam\u00e8tre maximal de la bonbonne:<\/b> 280 mm<\/td>\n<\/tr>\n<tr>\n<td><\/td>\n<td><b>Hauteur maximale du puits \u00e0 bonbonne:<\/b> 550 mm<\/td>\n<\/tr>\n<tr>\n<td><\/td>\n<td><b>Volume maximal de la bonbonne:<\/b> 25 l<\/td>\n<\/tr>\n<tr>\n<td><\/td>\n<td><b>Pression de travail (air):<\/b> 0,8 MPa<\/td>\n<\/tr>\n<tr>\n<td><\/td>\n<td><b>Pression de soufflage (air):<\/b> 0,8-0,35 MPa<\/td>\n<\/tr>\n<\/tbody>\n<\/table>\n","protected":false},"excerpt":{"rendered":"<p><img decoding=\"async\" src=\"https:\/\/www.hods.eu\/wp-content\/uploads\/botellon.png\" border=\"0\" \/><span style=\"color: #6d6d6d;\">Entre <strong>140 et 150 bonbonnes par heure<\/strong> de 18,9 litres avec poign\u00e9e.<\/span><\/p>\n<p><img decoding=\"async\" src=\"https:\/\/www.hods.eu\/wp-content\/uploads\/botella10.png\" border=\"0\" \/><span style=\"color: #6d6d6d;\">Entre <strong>170 et 180 bonbonnes par heure<\/strong> de 10 litres sans poign\u00e9e.<\/span><\/p>\n<p><img decoding=\"async\" src=\"https:\/\/www.hods.eu\/wp-content\/uploads\/combinable.png\" border=\"0\" \/><span style=\"color: #6d6d6d;\">Il comprend un four et <strong>deux machines \u00e0 souffler<\/strong>, ainsi que tout le n\u00e9cessaire pour souffler.<\/span><\/p>\n<p><img decoding=\"async\" src=\"https:\/\/www.hods.eu\/wp-content\/uploads\/soplado.png\" border=\"0\" \/><span style=\"color: #6d6d6d;\">Pour le soufflage des bouteilles.<\/span><\/p>\n","protected":false},"featured_media":30448,"template":"","meta":[],"product_brand":[],"product_cat":[185],"product_tag":[],"class_list":{"0":"post-30543","1":"product","2":"type-product","3":"status-publish","4":"has-post-thumbnail","6":"product_cat-machinerie","8":"first","9":"instock","10":"shipping-taxable","11":"product-type-simple"},"yoast_head":"<!-- This site is optimized with the Yoast SEO plugin v27.3 - https:\/\/yoast.com\/product\/yoast-seo-wordpress\/ -->\n<title>Kit de machine \u00e0 souffler 150B\/H Machines \u00e0 souffler - HODS<\/title>\n<meta name=\"description\" content=\"Kit de machine \u00e0 souffler 150B\/H. Machines pour le soufflage des bonbonnes. Four et 2 machines \u00e0 souffler qui produisent ensemble 150 b\/h.\" \/>\n<meta name=\"robots\" content=\"index, follow, max-snippet:-1, max-image-preview:large, max-video-preview:-1\" \/>\n<link rel=\"canonical\" href=\"https:\/\/www.hods.eu\/fr\/productos\/kit-de-machine-a-souffler-150bh\/\" \/>\n<meta property=\"og:locale\" content=\"fr_FR\" \/>\n<meta property=\"og:type\" content=\"article\" \/>\n<meta property=\"og:title\" content=\"Kit de machine \u00e0 souffler 150B\/H Machines \u00e0 souffler - HODS\" \/>\n<meta property=\"og:description\" content=\"Kit de machine \u00e0 souffler 150B\/H. Machines pour le soufflage des bonbonnes. Four et 2 machines \u00e0 souffler qui produisent ensemble 150 b\/h.\" \/>\n<meta property=\"og:url\" content=\"https:\/\/www.hods.eu\/fr\/productos\/kit-de-machine-a-souffler-150bh\/\" \/>\n<meta property=\"og:site_name\" content=\"HODS\" \/>\n<meta property=\"article:modified_time\" content=\"2022-01-25T11:06:16+00:00\" \/>\n<meta property=\"og:image\" content=\"https:\/\/www.hods.eu\/wp-content\/uploads\/sopladora150_01.jpg\" \/>\n\t<meta property=\"og:image:width\" content=\"768\" \/>\n\t<meta property=\"og:image:height\" content=\"1024\" \/>\n\t<meta property=\"og:image:type\" content=\"image\/jpeg\" \/>\n<meta name=\"twitter:card\" content=\"summary_large_image\" \/>\n<meta name=\"twitter:label1\" content=\"Dur\u00e9e de lecture estim\u00e9e\" \/>\n\t<meta name=\"twitter:data1\" content=\"2 minutes\" \/>\n<script type=\"application\/ld+json\" class=\"yoast-schema-graph\">{\"@context\":\"https:\\\/\\\/schema.org\",\"@graph\":[{\"@type\":\"WebPage\",\"@id\":\"https:\\\/\\\/www.hods.eu\\\/fr\\\/productos\\\/kit-de-machine-a-souffler-150bh\\\/\",\"url\":\"https:\\\/\\\/www.hods.eu\\\/fr\\\/productos\\\/kit-de-machine-a-souffler-150bh\\\/\",\"name\":\"Kit de machine \u00e0 souffler 150B\\\/H Machines \u00e0 souffler - HODS\",\"isPartOf\":{\"@id\":\"https:\\\/\\\/www.hods.eu\\\/fr\\\/#website\"},\"primaryImageOfPage\":{\"@id\":\"https:\\\/\\\/www.hods.eu\\\/fr\\\/productos\\\/kit-de-machine-a-souffler-150bh\\\/#primaryimage\"},\"image\":{\"@id\":\"https:\\\/\\\/www.hods.eu\\\/fr\\\/productos\\\/kit-de-machine-a-souffler-150bh\\\/#primaryimage\"},\"thumbnailUrl\":\"https:\\\/\\\/www.hods.eu\\\/wp-content\\\/uploads\\\/sopladora150_01.jpg\",\"datePublished\":\"2022-01-24T11:45:07+00:00\",\"dateModified\":\"2022-01-25T11:06:16+00:00\",\"description\":\"Kit de machine \u00e0 souffler 150B\\\/H. Machines pour le soufflage des bonbonnes. Four et 2 machines \u00e0 souffler qui produisent ensemble 150 b\\\/h.\",\"breadcrumb\":{\"@id\":\"https:\\\/\\\/www.hods.eu\\\/fr\\\/productos\\\/kit-de-machine-a-souffler-150bh\\\/#breadcrumb\"},\"inLanguage\":\"fr-FR\",\"potentialAction\":[{\"@type\":\"ReadAction\",\"target\":[\"https:\\\/\\\/www.hods.eu\\\/fr\\\/productos\\\/kit-de-machine-a-souffler-150bh\\\/\"]}]},{\"@type\":\"ImageObject\",\"inLanguage\":\"fr-FR\",\"@id\":\"https:\\\/\\\/www.hods.eu\\\/fr\\\/productos\\\/kit-de-machine-a-souffler-150bh\\\/#primaryimage\",\"url\":\"https:\\\/\\\/www.hods.eu\\\/wp-content\\\/uploads\\\/sopladora150_01.jpg\",\"contentUrl\":\"https:\\\/\\\/www.hods.eu\\\/wp-content\\\/uploads\\\/sopladora150_01.jpg\",\"width\":768,\"height\":1024},{\"@type\":\"BreadcrumbList\",\"@id\":\"https:\\\/\\\/www.hods.eu\\\/fr\\\/productos\\\/kit-de-machine-a-souffler-150bh\\\/#breadcrumb\",\"itemListElement\":[{\"@type\":\"ListItem\",\"position\":1,\"name\":\"Portada\",\"item\":\"https:\\\/\\\/www.hods.eu\\\/fr\\\/\"},{\"@type\":\"ListItem\",\"position\":2,\"name\":\"Tienda\",\"item\":\"https:\\\/\\\/www.hods.eu\\\/tienda\\\/\"},{\"@type\":\"ListItem\",\"position\":3,\"name\":\"Kit de machine \u00e0 souffler 150B\\\/H\"}]},{\"@type\":\"WebSite\",\"@id\":\"https:\\\/\\\/www.hods.eu\\\/fr\\\/#website\",\"url\":\"https:\\\/\\\/www.hods.eu\\\/fr\\\/\",\"name\":\"HODS\",\"description\":\"water? drink with us\",\"publisher\":{\"@id\":\"https:\\\/\\\/www.hods.eu\\\/fr\\\/#organization\"},\"potentialAction\":[{\"@type\":\"SearchAction\",\"target\":{\"@type\":\"EntryPoint\",\"urlTemplate\":\"https:\\\/\\\/www.hods.eu\\\/fr\\\/?s={search_term_string}\"},\"query-input\":{\"@type\":\"PropertyValueSpecification\",\"valueRequired\":true,\"valueName\":\"search_term_string\"}}],\"inLanguage\":\"fr-FR\"},{\"@type\":\"Organization\",\"@id\":\"https:\\\/\\\/www.hods.eu\\\/fr\\\/#organization\",\"name\":\"HODS\",\"url\":\"https:\\\/\\\/www.hods.eu\\\/fr\\\/\",\"logo\":{\"@type\":\"ImageObject\",\"inLanguage\":\"fr-FR\",\"@id\":\"https:\\\/\\\/www.hods.eu\\\/fr\\\/#\\\/schema\\\/logo\\\/image\\\/\",\"url\":\"https:\\\/\\\/www.hods.eu\\\/wp-content\\\/uploads\\\/hods-completo-blanco2.jpg\",\"contentUrl\":\"https:\\\/\\\/www.hods.eu\\\/wp-content\\\/uploads\\\/hods-completo-blanco2.jpg\",\"width\":500,\"height\":179,\"caption\":\"HODS\"},\"image\":{\"@id\":\"https:\\\/\\\/www.hods.eu\\\/fr\\\/#\\\/schema\\\/logo\\\/image\\\/\"}}]}<\/script>\n<!-- \/ Yoast SEO plugin. -->","yoast_head_json":{"title":"Kit de machine \u00e0 souffler 150B\/H Machines \u00e0 souffler - HODS","description":"Kit de machine \u00e0 souffler 150B\/H. Machines pour le soufflage des bonbonnes. Four et 2 machines \u00e0 souffler qui produisent ensemble 150 b\/h.","robots":{"index":"index","follow":"follow","max-snippet":"max-snippet:-1","max-image-preview":"max-image-preview:large","max-video-preview":"max-video-preview:-1"},"canonical":"https:\/\/www.hods.eu\/fr\/productos\/kit-de-machine-a-souffler-150bh\/","og_locale":"fr_FR","og_type":"article","og_title":"Kit de machine \u00e0 souffler 150B\/H Machines \u00e0 souffler - HODS","og_description":"Kit de machine \u00e0 souffler 150B\/H. Machines pour le soufflage des bonbonnes. Four et 2 machines \u00e0 souffler qui produisent ensemble 150 b\/h.","og_url":"https:\/\/www.hods.eu\/fr\/productos\/kit-de-machine-a-souffler-150bh\/","og_site_name":"HODS","article_modified_time":"2022-01-25T11:06:16+00:00","og_image":[{"width":768,"height":1024,"url":"https:\/\/www.hods.eu\/wp-content\/uploads\/sopladora150_01.jpg","type":"image\/jpeg"}],"twitter_card":"summary_large_image","twitter_misc":{"Dur\u00e9e de lecture estim\u00e9e":"2 minutes"},"schema":{"@context":"https:\/\/schema.org","@graph":[{"@type":"WebPage","@id":"https:\/\/www.hods.eu\/fr\/productos\/kit-de-machine-a-souffler-150bh\/","url":"https:\/\/www.hods.eu\/fr\/productos\/kit-de-machine-a-souffler-150bh\/","name":"Kit de machine \u00e0 souffler 150B\/H Machines \u00e0 souffler - HODS","isPartOf":{"@id":"https:\/\/www.hods.eu\/fr\/#website"},"primaryImageOfPage":{"@id":"https:\/\/www.hods.eu\/fr\/productos\/kit-de-machine-a-souffler-150bh\/#primaryimage"},"image":{"@id":"https:\/\/www.hods.eu\/fr\/productos\/kit-de-machine-a-souffler-150bh\/#primaryimage"},"thumbnailUrl":"https:\/\/www.hods.eu\/wp-content\/uploads\/sopladora150_01.jpg","datePublished":"2022-01-24T11:45:07+00:00","dateModified":"2022-01-25T11:06:16+00:00","description":"Kit de machine \u00e0 souffler 150B\/H. Machines pour le soufflage des bonbonnes. Four et 2 machines \u00e0 souffler qui produisent ensemble 150 b\/h.","breadcrumb":{"@id":"https:\/\/www.hods.eu\/fr\/productos\/kit-de-machine-a-souffler-150bh\/#breadcrumb"},"inLanguage":"fr-FR","potentialAction":[{"@type":"ReadAction","target":["https:\/\/www.hods.eu\/fr\/productos\/kit-de-machine-a-souffler-150bh\/"]}]},{"@type":"ImageObject","inLanguage":"fr-FR","@id":"https:\/\/www.hods.eu\/fr\/productos\/kit-de-machine-a-souffler-150bh\/#primaryimage","url":"https:\/\/www.hods.eu\/wp-content\/uploads\/sopladora150_01.jpg","contentUrl":"https:\/\/www.hods.eu\/wp-content\/uploads\/sopladora150_01.jpg","width":768,"height":1024},{"@type":"BreadcrumbList","@id":"https:\/\/www.hods.eu\/fr\/productos\/kit-de-machine-a-souffler-150bh\/#breadcrumb","itemListElement":[{"@type":"ListItem","position":1,"name":"Portada","item":"https:\/\/www.hods.eu\/fr\/"},{"@type":"ListItem","position":2,"name":"Tienda","item":"https:\/\/www.hods.eu\/tienda\/"},{"@type":"ListItem","position":3,"name":"Kit de machine \u00e0 souffler 150B\/H"}]},{"@type":"WebSite","@id":"https:\/\/www.hods.eu\/fr\/#website","url":"https:\/\/www.hods.eu\/fr\/","name":"HODS","description":"water? drink with us","publisher":{"@id":"https:\/\/www.hods.eu\/fr\/#organization"},"potentialAction":[{"@type":"SearchAction","target":{"@type":"EntryPoint","urlTemplate":"https:\/\/www.hods.eu\/fr\/?s={search_term_string}"},"query-input":{"@type":"PropertyValueSpecification","valueRequired":true,"valueName":"search_term_string"}}],"inLanguage":"fr-FR"},{"@type":"Organization","@id":"https:\/\/www.hods.eu\/fr\/#organization","name":"HODS","url":"https:\/\/www.hods.eu\/fr\/","logo":{"@type":"ImageObject","inLanguage":"fr-FR","@id":"https:\/\/www.hods.eu\/fr\/#\/schema\/logo\/image\/","url":"https:\/\/www.hods.eu\/wp-content\/uploads\/hods-completo-blanco2.jpg","contentUrl":"https:\/\/www.hods.eu\/wp-content\/uploads\/hods-completo-blanco2.jpg","width":500,"height":179,"caption":"HODS"},"image":{"@id":"https:\/\/www.hods.eu\/fr\/#\/schema\/logo\/image\/"}}]}},"_links":{"self":[{"href":"https:\/\/www.hods.eu\/fr\/wp-json\/wp\/v2\/product\/30543","targetHints":{"allow":["GET"]}}],"collection":[{"href":"https:\/\/www.hods.eu\/fr\/wp-json\/wp\/v2\/product"}],"about":[{"href":"https:\/\/www.hods.eu\/fr\/wp-json\/wp\/v2\/types\/product"}],"wp:featuredmedia":[{"embeddable":true,"href":"https:\/\/www.hods.eu\/fr\/wp-json\/wp\/v2\/media\/30448"}],"wp:attachment":[{"href":"https:\/\/www.hods.eu\/fr\/wp-json\/wp\/v2\/media?parent=30543"}],"wp:term":[{"taxonomy":"product_brand","embeddable":true,"href":"https:\/\/www.hods.eu\/fr\/wp-json\/wp\/v2\/product_brand?post=30543"},{"taxonomy":"product_cat","embeddable":true,"href":"https:\/\/www.hods.eu\/fr\/wp-json\/wp\/v2\/product_cat?post=30543"},{"taxonomy":"product_tag","embeddable":true,"href":"https:\/\/www.hods.eu\/fr\/wp-json\/wp\/v2\/product_tag?post=30543"}],"curies":[{"name":"wp","href":"https:\/\/api.w.org\/{rel}","templated":true}]}}