{"id":29514,"date":"2021-09-15T11:15:06","date_gmt":"2021-09-15T10:15:06","guid":{"rendered":"https:\/\/www.hods.eu\/productos\/adaptateur-pour-pompe-automatique\/"},"modified":"2022-01-18T17:26:33","modified_gmt":"2022-01-18T16:26:33","slug":"adaptateur-pour-pompe-automatique","status":"publish","type":"product","link":"https:\/\/www.hods.eu\/fr\/productos\/adaptateur-pour-pompe-automatique\/","title":{"rendered":"Adaptateur pour pompe automatique"},"content":{"rendered":"<h3 style=\"text-align: justify; color: #6d6d6d;\">Adaptateur pour pompe \u00e0 eau automatique, il convient aux bouteilles dont le goulot est compris entre 38 et 48 mm.<\/h3>\n<p style=\"text-align: justify; color: #6d6d6d;\">Cet adaptateur permet d&#8217;utiliser la <a href=\"https:\/\/www.hods.eu\/fr\/productos\/pompe-a-eau-automatique\/\">pompe automatique<\/a> sur les bouteilles d&#8217;eau typiques des supermarch\u00e9s, de 3 \u00e0 10 litres.<\/p>\n<p style=\"text-align: justify; color: #6d6d6d;\">Il est con\u00e7u pour s&#8217;adapter \u00e0 des goulots de bouteilles entre 38 et 48 mm sans avoir \u00e0 \u00eatre seulement de 38 et 48 mm de taille. Il convient \u00e0 tous les cous de cette gamme de tailles.<\/p>\n<p style=\"text-align: justify; color: #6d6d6d;\">Est tr\u00e8s facile \u00e0 utiliser. Il est ins\u00e9r\u00e9 dans la partie inf\u00e9rieure de la pompe automatique avec la canule d\u00e9j\u00e0 mont\u00e9e. Il est fix\u00e9 dans cette position par la bague qui tourne jusqu&#8217;\u00e0 ce qu&#8217;il s&#8217;enclenche. Ensuite, la canule est ins\u00e9r\u00e9e dans le flacon et l&#8217;adaptateur est fix\u00e9 au col gr\u00e2ce au syst\u00e8me interne avec \u00e9lastique r\u00e9glable, jusqu&#8217;\u00e0 ce qu&#8217;il soit parfaitement coupl\u00e9.<\/p>\n<p style=\"text-align: justify; color: #6d6d6d;\">Il est parfait pour ajouter de la polyvalence \u00e0 votre pompe \u00e0 eau. Gr\u00e2ce \u00e0 cet adaptateur, vous pouvez utiliser la pompe \u00e0 eau sur pratiquement tous les types de bouteilles d&#8217;eau.<\/p>\n<p style=\"text-align: justify; color: #6d6d6d;\">Cet adaptateur, qui est vendu s\u00e9par\u00e9ment de la pompe automatique, est sp\u00e9cifiquement con\u00e7u pour s&#8217;adapter \u00e0 la pompe. Il ajoute seulement 7 cm \u00e0 la hauteur de la pompe et est fabriqu\u00e9 en polypropyl\u00e8ne. Ce mat\u00e9riau le rend tr\u00e8s r\u00e9sistant, tout en \u00e9tant l\u00e9ger et suffisamment souple pour ne pas se casser lors de son utilisation.<\/p>\n","protected":false},"excerpt":{"rendered":"<p><img decoding=\"async\" src=\"https:\/\/www.hods.eu\/wp-content\/uploads\/botella.png\" border=\"0\" \/><span style=\"color: #6d6d6d;\">Adapte la pompe \u00e0 eau automatique aux bouteilles de 3 \u00e0 10 litres.<\/span><\/p>\n<p><img decoding=\"async\" src=\"https:\/\/www.hods.eu\/wp-content\/uploads\/tamano.png\" border=\"0\" \/><span style=\"color: #6d6d6d;\">Taille compacte, facile \u00e0 transporter.<\/span><\/p>\n<p><img decoding=\"async\" src=\"https:\/\/www.hods.eu\/wp-content\/uploads\/facil.png\" border=\"0\" \/><span style=\"color: #6d6d6d;\">Facile \u00e0 utiliser.<\/span><\/p>\n<p><img decoding=\"async\" src=\"https:\/\/www.hods.eu\/wp-content\/uploads\/tapon.png\" border=\"0\" \/><span style=\"color: #6d6d6d;\">Pour les cols de 38 mm \u00e0 48 mm, toute la gamme.<\/span><\/p>\n<p><img decoding=\"async\" src=\"https:\/\/www.hods.eu\/wp-content\/uploads\/agua.png\" border=\"0\" \/><span style=\"color: #6d6d6d;\">L&#8217;adaptateur ne touche l&#8217;eau \u00e0 aucun moment.<\/span><\/p>\n<p>&nbsp;<\/p>\n<p>&nbsp;<\/p>\n<p><span style=\"color: #6d6d6d;\"><strong>Acheter en ligne <a href=\"https:\/\/watcool.com\/fr\/fontaines-a-eau\/36-23-pompe-automatique.html#\/15-produit-adaptateur\" target=\"_blank\" rel=\"noopener\"><img loading=\"lazy\" decoding=\"async\" class=\"alignnone wp-image-30290\" title=\"watcool\" src=\"https:\/\/www.hods.eu\/wp-content\/uploads\/web.jpg\" alt=\"watcool\" width=\"90\" height=\"18\" srcset=\"https:\/\/www.hods.eu\/wp-content\/uploads\/web.jpg 200w, https:\/\/www.hods.eu\/wp-content\/uploads\/web-150x30.jpg 150w\" sizes=\"auto, (max-width: 90px) 100vw, 90px\" \/><\/a><\/strong> <\/span><\/p>\n","protected":false},"featured_media":29412,"template":"","meta":[],"product_brand":[],"product_cat":[76],"product_tag":[],"class_list":{"0":"post-29514","1":"product","2":"type-product","3":"status-publish","4":"has-post-thumbnail","6":"product_cat-accessoires","8":"first","9":"instock","10":"shipping-taxable","11":"product-type-simple"},"yoast_head":"<!-- This site is optimized with the Yoast SEO plugin v27.3 - https:\/\/yoast.com\/product\/yoast-seo-wordpress\/ -->\n<title>Adaptateur pour pompe automatique - HODS<\/title>\n<meta name=\"description\" content=\"Adaptateur pour pompe automatique. Convertit une pompe automatique \u00e0 bouchon de 5 gallons en une pompe fonctionnelle pour cols de 38 \u00e0 48 mm.\" \/>\n<meta name=\"robots\" content=\"index, follow, max-snippet:-1, max-image-preview:large, max-video-preview:-1\" \/>\n<link rel=\"canonical\" href=\"https:\/\/www.hods.eu\/fr\/productos\/adaptateur-pour-pompe-automatique\/\" \/>\n<meta property=\"og:locale\" content=\"fr_FR\" \/>\n<meta property=\"og:type\" content=\"article\" \/>\n<meta property=\"og:title\" content=\"Adaptateur pour pompe automatique - HODS\" \/>\n<meta property=\"og:description\" content=\"Adaptateur pour pompe automatique. Convertit une pompe automatique \u00e0 bouchon de 5 gallons en une pompe fonctionnelle pour cols de 38 \u00e0 48 mm.\" \/>\n<meta property=\"og:url\" content=\"https:\/\/www.hods.eu\/fr\/productos\/adaptateur-pour-pompe-automatique\/\" \/>\n<meta property=\"og:site_name\" content=\"HODS\" \/>\n<meta property=\"article:modified_time\" content=\"2022-01-18T16:26:33+00:00\" \/>\n<meta property=\"og:image\" content=\"https:\/\/www.hods.eu\/wp-content\/uploads\/adaptador_hods_web_01.jpg\" \/>\n\t<meta property=\"og:image:width\" content=\"768\" \/>\n\t<meta property=\"og:image:height\" content=\"1024\" \/>\n\t<meta property=\"og:image:type\" content=\"image\/jpeg\" \/>\n<meta name=\"twitter:card\" content=\"summary_large_image\" \/>\n<meta name=\"twitter:label1\" content=\"Dur\u00e9e de lecture estim\u00e9e\" \/>\n\t<meta name=\"twitter:data1\" content=\"1 minute\" \/>\n<script type=\"application\/ld+json\" class=\"yoast-schema-graph\">{\"@context\":\"https:\\\/\\\/schema.org\",\"@graph\":[{\"@type\":\"WebPage\",\"@id\":\"https:\\\/\\\/www.hods.eu\\\/fr\\\/productos\\\/adaptateur-pour-pompe-automatique\\\/\",\"url\":\"https:\\\/\\\/www.hods.eu\\\/fr\\\/productos\\\/adaptateur-pour-pompe-automatique\\\/\",\"name\":\"Adaptateur pour pompe automatique - HODS\",\"isPartOf\":{\"@id\":\"https:\\\/\\\/www.hods.eu\\\/fr\\\/#website\"},\"primaryImageOfPage\":{\"@id\":\"https:\\\/\\\/www.hods.eu\\\/fr\\\/productos\\\/adaptateur-pour-pompe-automatique\\\/#primaryimage\"},\"image\":{\"@id\":\"https:\\\/\\\/www.hods.eu\\\/fr\\\/productos\\\/adaptateur-pour-pompe-automatique\\\/#primaryimage\"},\"thumbnailUrl\":\"https:\\\/\\\/www.hods.eu\\\/wp-content\\\/uploads\\\/adaptador_hods_web_01.jpg\",\"datePublished\":\"2021-09-15T10:15:06+00:00\",\"dateModified\":\"2022-01-18T16:26:33+00:00\",\"description\":\"Adaptateur pour pompe automatique. Convertit une pompe automatique \u00e0 bouchon de 5 gallons en une pompe fonctionnelle pour cols de 38 \u00e0 48 mm.\",\"breadcrumb\":{\"@id\":\"https:\\\/\\\/www.hods.eu\\\/fr\\\/productos\\\/adaptateur-pour-pompe-automatique\\\/#breadcrumb\"},\"inLanguage\":\"fr-FR\",\"potentialAction\":[{\"@type\":\"ReadAction\",\"target\":[\"https:\\\/\\\/www.hods.eu\\\/fr\\\/productos\\\/adaptateur-pour-pompe-automatique\\\/\"]}]},{\"@type\":\"ImageObject\",\"inLanguage\":\"fr-FR\",\"@id\":\"https:\\\/\\\/www.hods.eu\\\/fr\\\/productos\\\/adaptateur-pour-pompe-automatique\\\/#primaryimage\",\"url\":\"https:\\\/\\\/www.hods.eu\\\/wp-content\\\/uploads\\\/adaptador_hods_web_01.jpg\",\"contentUrl\":\"https:\\\/\\\/www.hods.eu\\\/wp-content\\\/uploads\\\/adaptador_hods_web_01.jpg\",\"width\":768,\"height\":1024,\"caption\":\"Adaptateur de pompe automatique pour les bouteilles de supermarch\u00e9\"},{\"@type\":\"BreadcrumbList\",\"@id\":\"https:\\\/\\\/www.hods.eu\\\/fr\\\/productos\\\/adaptateur-pour-pompe-automatique\\\/#breadcrumb\",\"itemListElement\":[{\"@type\":\"ListItem\",\"position\":1,\"name\":\"Portada\",\"item\":\"https:\\\/\\\/www.hods.eu\\\/fr\\\/\"},{\"@type\":\"ListItem\",\"position\":2,\"name\":\"Tienda\",\"item\":\"https:\\\/\\\/www.hods.eu\\\/tienda\\\/\"},{\"@type\":\"ListItem\",\"position\":3,\"name\":\"Adaptateur pour pompe automatique\"}]},{\"@type\":\"WebSite\",\"@id\":\"https:\\\/\\\/www.hods.eu\\\/fr\\\/#website\",\"url\":\"https:\\\/\\\/www.hods.eu\\\/fr\\\/\",\"name\":\"HODS\",\"description\":\"water? drink with us\",\"publisher\":{\"@id\":\"https:\\\/\\\/www.hods.eu\\\/fr\\\/#organization\"},\"potentialAction\":[{\"@type\":\"SearchAction\",\"target\":{\"@type\":\"EntryPoint\",\"urlTemplate\":\"https:\\\/\\\/www.hods.eu\\\/fr\\\/?s={search_term_string}\"},\"query-input\":{\"@type\":\"PropertyValueSpecification\",\"valueRequired\":true,\"valueName\":\"search_term_string\"}}],\"inLanguage\":\"fr-FR\"},{\"@type\":\"Organization\",\"@id\":\"https:\\\/\\\/www.hods.eu\\\/fr\\\/#organization\",\"name\":\"HODS\",\"url\":\"https:\\\/\\\/www.hods.eu\\\/fr\\\/\",\"logo\":{\"@type\":\"ImageObject\",\"inLanguage\":\"fr-FR\",\"@id\":\"https:\\\/\\\/www.hods.eu\\\/fr\\\/#\\\/schema\\\/logo\\\/image\\\/\",\"url\":\"https:\\\/\\\/www.hods.eu\\\/wp-content\\\/uploads\\\/hods-completo-blanco2.jpg\",\"contentUrl\":\"https:\\\/\\\/www.hods.eu\\\/wp-content\\\/uploads\\\/hods-completo-blanco2.jpg\",\"width\":500,\"height\":179,\"caption\":\"HODS\"},\"image\":{\"@id\":\"https:\\\/\\\/www.hods.eu\\\/fr\\\/#\\\/schema\\\/logo\\\/image\\\/\"}}]}<\/script>\n<!-- \/ Yoast SEO plugin. -->","yoast_head_json":{"title":"Adaptateur pour pompe automatique - HODS","description":"Adaptateur pour pompe automatique. Convertit une pompe automatique \u00e0 bouchon de 5 gallons en une pompe fonctionnelle pour cols de 38 \u00e0 48 mm.","robots":{"index":"index","follow":"follow","max-snippet":"max-snippet:-1","max-image-preview":"max-image-preview:large","max-video-preview":"max-video-preview:-1"},"canonical":"https:\/\/www.hods.eu\/fr\/productos\/adaptateur-pour-pompe-automatique\/","og_locale":"fr_FR","og_type":"article","og_title":"Adaptateur pour pompe automatique - HODS","og_description":"Adaptateur pour pompe automatique. Convertit une pompe automatique \u00e0 bouchon de 5 gallons en une pompe fonctionnelle pour cols de 38 \u00e0 48 mm.","og_url":"https:\/\/www.hods.eu\/fr\/productos\/adaptateur-pour-pompe-automatique\/","og_site_name":"HODS","article_modified_time":"2022-01-18T16:26:33+00:00","og_image":[{"width":768,"height":1024,"url":"https:\/\/www.hods.eu\/wp-content\/uploads\/adaptador_hods_web_01.jpg","type":"image\/jpeg"}],"twitter_card":"summary_large_image","twitter_misc":{"Dur\u00e9e de lecture estim\u00e9e":"1 minute"},"schema":{"@context":"https:\/\/schema.org","@graph":[{"@type":"WebPage","@id":"https:\/\/www.hods.eu\/fr\/productos\/adaptateur-pour-pompe-automatique\/","url":"https:\/\/www.hods.eu\/fr\/productos\/adaptateur-pour-pompe-automatique\/","name":"Adaptateur pour pompe automatique - HODS","isPartOf":{"@id":"https:\/\/www.hods.eu\/fr\/#website"},"primaryImageOfPage":{"@id":"https:\/\/www.hods.eu\/fr\/productos\/adaptateur-pour-pompe-automatique\/#primaryimage"},"image":{"@id":"https:\/\/www.hods.eu\/fr\/productos\/adaptateur-pour-pompe-automatique\/#primaryimage"},"thumbnailUrl":"https:\/\/www.hods.eu\/wp-content\/uploads\/adaptador_hods_web_01.jpg","datePublished":"2021-09-15T10:15:06+00:00","dateModified":"2022-01-18T16:26:33+00:00","description":"Adaptateur pour pompe automatique. Convertit une pompe automatique \u00e0 bouchon de 5 gallons en une pompe fonctionnelle pour cols de 38 \u00e0 48 mm.","breadcrumb":{"@id":"https:\/\/www.hods.eu\/fr\/productos\/adaptateur-pour-pompe-automatique\/#breadcrumb"},"inLanguage":"fr-FR","potentialAction":[{"@type":"ReadAction","target":["https:\/\/www.hods.eu\/fr\/productos\/adaptateur-pour-pompe-automatique\/"]}]},{"@type":"ImageObject","inLanguage":"fr-FR","@id":"https:\/\/www.hods.eu\/fr\/productos\/adaptateur-pour-pompe-automatique\/#primaryimage","url":"https:\/\/www.hods.eu\/wp-content\/uploads\/adaptador_hods_web_01.jpg","contentUrl":"https:\/\/www.hods.eu\/wp-content\/uploads\/adaptador_hods_web_01.jpg","width":768,"height":1024,"caption":"Adaptateur de pompe automatique pour les bouteilles de supermarch\u00e9"},{"@type":"BreadcrumbList","@id":"https:\/\/www.hods.eu\/fr\/productos\/adaptateur-pour-pompe-automatique\/#breadcrumb","itemListElement":[{"@type":"ListItem","position":1,"name":"Portada","item":"https:\/\/www.hods.eu\/fr\/"},{"@type":"ListItem","position":2,"name":"Tienda","item":"https:\/\/www.hods.eu\/tienda\/"},{"@type":"ListItem","position":3,"name":"Adaptateur pour pompe automatique"}]},{"@type":"WebSite","@id":"https:\/\/www.hods.eu\/fr\/#website","url":"https:\/\/www.hods.eu\/fr\/","name":"HODS","description":"water? drink with us","publisher":{"@id":"https:\/\/www.hods.eu\/fr\/#organization"},"potentialAction":[{"@type":"SearchAction","target":{"@type":"EntryPoint","urlTemplate":"https:\/\/www.hods.eu\/fr\/?s={search_term_string}"},"query-input":{"@type":"PropertyValueSpecification","valueRequired":true,"valueName":"search_term_string"}}],"inLanguage":"fr-FR"},{"@type":"Organization","@id":"https:\/\/www.hods.eu\/fr\/#organization","name":"HODS","url":"https:\/\/www.hods.eu\/fr\/","logo":{"@type":"ImageObject","inLanguage":"fr-FR","@id":"https:\/\/www.hods.eu\/fr\/#\/schema\/logo\/image\/","url":"https:\/\/www.hods.eu\/wp-content\/uploads\/hods-completo-blanco2.jpg","contentUrl":"https:\/\/www.hods.eu\/wp-content\/uploads\/hods-completo-blanco2.jpg","width":500,"height":179,"caption":"HODS"},"image":{"@id":"https:\/\/www.hods.eu\/fr\/#\/schema\/logo\/image\/"}}]}},"_links":{"self":[{"href":"https:\/\/www.hods.eu\/fr\/wp-json\/wp\/v2\/product\/29514","targetHints":{"allow":["GET"]}}],"collection":[{"href":"https:\/\/www.hods.eu\/fr\/wp-json\/wp\/v2\/product"}],"about":[{"href":"https:\/\/www.hods.eu\/fr\/wp-json\/wp\/v2\/types\/product"}],"wp:featuredmedia":[{"embeddable":true,"href":"https:\/\/www.hods.eu\/fr\/wp-json\/wp\/v2\/media\/29412"}],"wp:attachment":[{"href":"https:\/\/www.hods.eu\/fr\/wp-json\/wp\/v2\/media?parent=29514"}],"wp:term":[{"taxonomy":"product_brand","embeddable":true,"href":"https:\/\/www.hods.eu\/fr\/wp-json\/wp\/v2\/product_brand?post=29514"},{"taxonomy":"product_cat","embeddable":true,"href":"https:\/\/www.hods.eu\/fr\/wp-json\/wp\/v2\/product_cat?post=29514"},{"taxonomy":"product_tag","embeddable":true,"href":"https:\/\/www.hods.eu\/fr\/wp-json\/wp\/v2\/product_tag?post=29514"}],"curies":[{"name":"wp","href":"https:\/\/api.w.org\/{rel}","templated":true}]}}