{"id":29005,"date":"2021-03-11T16:38:11","date_gmt":"2021-03-11T15:38:11","guid":{"rendered":"https:\/\/www.hods.eu\/productos\/pompe-a-eau-automatique\/"},"modified":"2022-01-19T11:07:58","modified_gmt":"2022-01-19T10:07:58","slug":"pompe-a-eau-automatique","status":"publish","type":"product","link":"https:\/\/www.hods.eu\/fr\/productos\/pompe-a-eau-automatique\/","title":{"rendered":"Pompe \u00e0 eau automatique"},"content":{"rendered":"<h3 style=\"text-align: justify; color: #6d6d6d;\">Pompe \u00e0 eau automatique, un moyen tr\u00e8s simple et \u00e9conomique de distribuer de l&#8217;eau temp\u00e9r\u00e9e. Cette pompe automatique peut \u00eatre utilis\u00e9e par les enfants et les adultes sans aucune complication. Elle est parfaite pour avoir \u00e0 la fois \u00e0 la maison et au bureau et pour distribuer l&#8217;eau confortablement. Sa taille compacte permet de le transporter facilement et de passer d&#8217;une bonbonne \u00e0 l&#8217;autre sans probl\u00e8me.<\/h3>\n<p style=\"text-align: justify; color: #6d6d6d;\">La pompe \u00e0 eau automatique est activ\u00e9e par une simple pression sur le bouton situ\u00e9 sur le dessus. Une fois le bouton sup\u00e9rieur press\u00e9, la pompe aspire l&#8217;eau de la bouteille ou bonbonne et la sert par le robinet en ACIER INOXYDABLE. Pour arr\u00eater de servir de l&#8217;eau, il suffit d&#8217;appuyer \u00e0 nouveau sur le bouton sup\u00e9rieur. Ce m\u00eame bouton est celui qui active et d\u00e9sactive le fonctionnement de la pompe \u00e0 eau. Elle a la capacit\u00e9 de servir 78 litres\/heure.<\/p>\n<p style=\"text-align: justify; color: #6d6d6d;\">Chaque pompe \u00e0 eau automatique est livr\u00e9e avec un c\u00e2ble de charge Micro USB. La capacit\u00e9 de la batterie est de 1200mA. Elle se recharge via le c\u00e2ble USB pendant 3 \u00e0 5 heures pour atteindre une charge compl\u00e8te. En haut, sur le bouton d&#8217;activation, il y a un voyant lumineux qui indique l&#8217;\u00e9tat de charge de la batterie. Ce voyant reste rouge tant qu&#8217;il doit \u00eatre charg\u00e9 et s&#8217;\u00e9teint lorsque la charge est termin\u00e9e.<\/p>\n<p style=\"text-align: justify; color: #6d6d6d;\">Elle s&#8217;adapte au <a href=\"https:\/\/www.hods.eu\/fr\/productos\/bouchon-5-gallons\/\">bouchon de la bonbonne de 5 gallons<\/a> dont la valve a \u00e9t\u00e9 pr\u00e9alablement retir\u00e9e. Le tube en silicone mesure 52 cm et est ins\u00e9r\u00e9 dans la bouteille par le trou de la valve. Elle convient aux bonbonnes de 11,8 \u00e0 20 litres, \u00e0 condition qu&#8217;elles soient \u00e9quip\u00e9es du bouchon 5 gallons.<\/p>\n","protected":false},"excerpt":{"rendered":"<p><img decoding=\"async\" src=\"https:\/\/www.hods.eu\/wp-content\/uploads\/sintocar.png\" border=\"0\" \/><span style=\"color: #6d6d6d;\">Pompe automatique, sans avoir \u00e0 pomper manuellement, juste en appuyant sur le bouton.<\/span><\/p>\n<p><img decoding=\"async\" src=\"https:\/\/www.hods.eu\/wp-content\/uploads\/tamano.png\" border=\"0\" \/><span style=\"color: #6d6d6d;\">Taille compacte et facile \u00e0 transporter.<\/span><\/p>\n<p><img decoding=\"async\" src=\"https:\/\/www.hods.eu\/wp-content\/uploads\/facil.png\" border=\"0\" \/><span style=\"color: #6d6d6d;\">Facile \u00e0 utiliser.<\/span><\/p>\n<p><img decoding=\"async\" src=\"https:\/\/www.hods.eu\/wp-content\/uploads\/tapon.png\" border=\"0\" \/><span style=\"color: #6d6d6d;\">A utiliser avec un bouchon de 5 gallons.<\/span><\/p>\n<p><img decoding=\"async\" src=\"https:\/\/www.hods.eu\/wp-content\/uploads\/agua.png\" border=\"0\" \/><span style=\"color: #6d6d6d;\">Distributeur d&#8217;eau temp\u00e9r\u00e9e.<\/span><\/p>\n<p>&nbsp;<\/p>\n<p>&nbsp;<\/p>\n<p><span style=\"color: #6d6d6d;\"><strong>Acheter en ligne <a href=\"https:\/\/watcool.com\/fr\/fontaines-a-eau\/36-22-pompe-automatique.html#\/14-produit-pompe_a_eau\" target=\"_blank\" rel=\"noopener\"><img loading=\"lazy\" decoding=\"async\" class=\"alignnone wp-image-30290\" title=\"watcool\" src=\"https:\/\/www.hods.eu\/wp-content\/uploads\/web.jpg\" alt=\"watcool\" width=\"90\" height=\"18\" srcset=\"https:\/\/www.hods.eu\/wp-content\/uploads\/web.jpg 200w, https:\/\/www.hods.eu\/wp-content\/uploads\/web-150x30.jpg 150w\" sizes=\"auto, (max-width: 90px) 100vw, 90px\" \/><\/a><\/strong> <\/span><\/p>\n","protected":false},"featured_media":28971,"template":"","meta":[],"product_brand":[],"product_cat":[76],"product_tag":[],"class_list":{"0":"post-29005","1":"product","2":"type-product","3":"status-publish","4":"has-post-thumbnail","6":"product_cat-accessoires","8":"first","9":"instock","10":"shipping-taxable","11":"product-type-simple"},"yoast_head":"<!-- This site is optimized with the Yoast SEO plugin v27.3 - https:\/\/yoast.com\/product\/yoast-seo-wordpress\/ -->\n<title>Pompe \u00e0 eau automatique - Distributeur d&#039;eau manuel - HODS<\/title>\n<meta name=\"description\" content=\"Pompe \u00e0 eau automatique. Distributeur d&#039;eau naturelle. Un moyen tr\u00e8s simple et \u00e9conomique de distribuer de l&#039;eau temp\u00e9r\u00e9e.\" \/>\n<meta name=\"robots\" content=\"index, follow, max-snippet:-1, max-image-preview:large, max-video-preview:-1\" \/>\n<link rel=\"canonical\" href=\"https:\/\/www.hods.eu\/fr\/productos\/pompe-a-eau-automatique\/\" \/>\n<meta property=\"og:locale\" content=\"fr_FR\" \/>\n<meta property=\"og:type\" content=\"article\" \/>\n<meta property=\"og:title\" content=\"Pompe \u00e0 eau automatique - Distributeur d&#039;eau manuel - HODS\" \/>\n<meta property=\"og:description\" content=\"Pompe \u00e0 eau automatique. Distributeur d&#039;eau naturelle. Un moyen tr\u00e8s simple et \u00e9conomique de distribuer de l&#039;eau temp\u00e9r\u00e9e.\" \/>\n<meta property=\"og:url\" content=\"https:\/\/www.hods.eu\/fr\/productos\/pompe-a-eau-automatique\/\" \/>\n<meta property=\"og:site_name\" content=\"HODS\" \/>\n<meta property=\"article:modified_time\" content=\"2022-01-19T10:07:58+00:00\" \/>\n<meta property=\"og:image\" content=\"https:\/\/www.hods.eu\/wp-content\/uploads\/bomba_automatica_hods_web_05.jpg\" \/>\n\t<meta property=\"og:image:width\" content=\"768\" \/>\n\t<meta property=\"og:image:height\" content=\"1024\" \/>\n\t<meta property=\"og:image:type\" content=\"image\/jpeg\" \/>\n<meta name=\"twitter:card\" content=\"summary_large_image\" \/>\n<meta name=\"twitter:label1\" content=\"Dur\u00e9e de lecture estim\u00e9e\" \/>\n\t<meta name=\"twitter:data1\" content=\"2 minutes\" \/>\n<script type=\"application\/ld+json\" class=\"yoast-schema-graph\">{\"@context\":\"https:\\\/\\\/schema.org\",\"@graph\":[{\"@type\":\"WebPage\",\"@id\":\"https:\\\/\\\/www.hods.eu\\\/fr\\\/productos\\\/pompe-a-eau-automatique\\\/\",\"url\":\"https:\\\/\\\/www.hods.eu\\\/fr\\\/productos\\\/pompe-a-eau-automatique\\\/\",\"name\":\"Pompe \u00e0 eau automatique - Distributeur d'eau manuel - HODS\",\"isPartOf\":{\"@id\":\"https:\\\/\\\/www.hods.eu\\\/fr\\\/#website\"},\"primaryImageOfPage\":{\"@id\":\"https:\\\/\\\/www.hods.eu\\\/fr\\\/productos\\\/pompe-a-eau-automatique\\\/#primaryimage\"},\"image\":{\"@id\":\"https:\\\/\\\/www.hods.eu\\\/fr\\\/productos\\\/pompe-a-eau-automatique\\\/#primaryimage\"},\"thumbnailUrl\":\"https:\\\/\\\/www.hods.eu\\\/wp-content\\\/uploads\\\/bomba_automatica_hods_web_05.jpg\",\"datePublished\":\"2021-03-11T15:38:11+00:00\",\"dateModified\":\"2022-01-19T10:07:58+00:00\",\"description\":\"Pompe \u00e0 eau automatique. Distributeur d'eau naturelle. Un moyen tr\u00e8s simple et \u00e9conomique de distribuer de l'eau temp\u00e9r\u00e9e.\",\"breadcrumb\":{\"@id\":\"https:\\\/\\\/www.hods.eu\\\/fr\\\/productos\\\/pompe-a-eau-automatique\\\/#breadcrumb\"},\"inLanguage\":\"fr-FR\",\"potentialAction\":[{\"@type\":\"ReadAction\",\"target\":[\"https:\\\/\\\/www.hods.eu\\\/fr\\\/productos\\\/pompe-a-eau-automatique\\\/\"]}]},{\"@type\":\"ImageObject\",\"inLanguage\":\"fr-FR\",\"@id\":\"https:\\\/\\\/www.hods.eu\\\/fr\\\/productos\\\/pompe-a-eau-automatique\\\/#primaryimage\",\"url\":\"https:\\\/\\\/www.hods.eu\\\/wp-content\\\/uploads\\\/bomba_automatica_hods_web_05.jpg\",\"contentUrl\":\"https:\\\/\\\/www.hods.eu\\\/wp-content\\\/uploads\\\/bomba_automatica_hods_web_05.jpg\",\"width\":768,\"height\":1024,\"caption\":\"Pompe \u00e0 eau automatique, un moyen tr\u00e8s simple et \u00e9conomique de distribuer de l'eau naturelle \u00e0 temp\u00e9rature temp\u00e9r\u00e9e.\"},{\"@type\":\"BreadcrumbList\",\"@id\":\"https:\\\/\\\/www.hods.eu\\\/fr\\\/productos\\\/pompe-a-eau-automatique\\\/#breadcrumb\",\"itemListElement\":[{\"@type\":\"ListItem\",\"position\":1,\"name\":\"Portada\",\"item\":\"https:\\\/\\\/www.hods.eu\\\/fr\\\/\"},{\"@type\":\"ListItem\",\"position\":2,\"name\":\"Tienda\",\"item\":\"https:\\\/\\\/www.hods.eu\\\/tienda\\\/\"},{\"@type\":\"ListItem\",\"position\":3,\"name\":\"Pompe \u00e0 eau automatique\"}]},{\"@type\":\"WebSite\",\"@id\":\"https:\\\/\\\/www.hods.eu\\\/fr\\\/#website\",\"url\":\"https:\\\/\\\/www.hods.eu\\\/fr\\\/\",\"name\":\"HODS\",\"description\":\"water? drink with us\",\"publisher\":{\"@id\":\"https:\\\/\\\/www.hods.eu\\\/fr\\\/#organization\"},\"potentialAction\":[{\"@type\":\"SearchAction\",\"target\":{\"@type\":\"EntryPoint\",\"urlTemplate\":\"https:\\\/\\\/www.hods.eu\\\/fr\\\/?s={search_term_string}\"},\"query-input\":{\"@type\":\"PropertyValueSpecification\",\"valueRequired\":true,\"valueName\":\"search_term_string\"}}],\"inLanguage\":\"fr-FR\"},{\"@type\":\"Organization\",\"@id\":\"https:\\\/\\\/www.hods.eu\\\/fr\\\/#organization\",\"name\":\"HODS\",\"url\":\"https:\\\/\\\/www.hods.eu\\\/fr\\\/\",\"logo\":{\"@type\":\"ImageObject\",\"inLanguage\":\"fr-FR\",\"@id\":\"https:\\\/\\\/www.hods.eu\\\/fr\\\/#\\\/schema\\\/logo\\\/image\\\/\",\"url\":\"https:\\\/\\\/www.hods.eu\\\/wp-content\\\/uploads\\\/hods-completo-blanco2.jpg\",\"contentUrl\":\"https:\\\/\\\/www.hods.eu\\\/wp-content\\\/uploads\\\/hods-completo-blanco2.jpg\",\"width\":500,\"height\":179,\"caption\":\"HODS\"},\"image\":{\"@id\":\"https:\\\/\\\/www.hods.eu\\\/fr\\\/#\\\/schema\\\/logo\\\/image\\\/\"}}]}<\/script>\n<!-- \/ Yoast SEO plugin. -->","yoast_head_json":{"title":"Pompe \u00e0 eau automatique - Distributeur d'eau manuel - HODS","description":"Pompe \u00e0 eau automatique. Distributeur d'eau naturelle. Un moyen tr\u00e8s simple et \u00e9conomique de distribuer de l'eau temp\u00e9r\u00e9e.","robots":{"index":"index","follow":"follow","max-snippet":"max-snippet:-1","max-image-preview":"max-image-preview:large","max-video-preview":"max-video-preview:-1"},"canonical":"https:\/\/www.hods.eu\/fr\/productos\/pompe-a-eau-automatique\/","og_locale":"fr_FR","og_type":"article","og_title":"Pompe \u00e0 eau automatique - Distributeur d'eau manuel - HODS","og_description":"Pompe \u00e0 eau automatique. Distributeur d'eau naturelle. Un moyen tr\u00e8s simple et \u00e9conomique de distribuer de l'eau temp\u00e9r\u00e9e.","og_url":"https:\/\/www.hods.eu\/fr\/productos\/pompe-a-eau-automatique\/","og_site_name":"HODS","article_modified_time":"2022-01-19T10:07:58+00:00","og_image":[{"width":768,"height":1024,"url":"https:\/\/www.hods.eu\/wp-content\/uploads\/bomba_automatica_hods_web_05.jpg","type":"image\/jpeg"}],"twitter_card":"summary_large_image","twitter_misc":{"Dur\u00e9e de lecture estim\u00e9e":"2 minutes"},"schema":{"@context":"https:\/\/schema.org","@graph":[{"@type":"WebPage","@id":"https:\/\/www.hods.eu\/fr\/productos\/pompe-a-eau-automatique\/","url":"https:\/\/www.hods.eu\/fr\/productos\/pompe-a-eau-automatique\/","name":"Pompe \u00e0 eau automatique - Distributeur d'eau manuel - HODS","isPartOf":{"@id":"https:\/\/www.hods.eu\/fr\/#website"},"primaryImageOfPage":{"@id":"https:\/\/www.hods.eu\/fr\/productos\/pompe-a-eau-automatique\/#primaryimage"},"image":{"@id":"https:\/\/www.hods.eu\/fr\/productos\/pompe-a-eau-automatique\/#primaryimage"},"thumbnailUrl":"https:\/\/www.hods.eu\/wp-content\/uploads\/bomba_automatica_hods_web_05.jpg","datePublished":"2021-03-11T15:38:11+00:00","dateModified":"2022-01-19T10:07:58+00:00","description":"Pompe \u00e0 eau automatique. Distributeur d'eau naturelle. Un moyen tr\u00e8s simple et \u00e9conomique de distribuer de l'eau temp\u00e9r\u00e9e.","breadcrumb":{"@id":"https:\/\/www.hods.eu\/fr\/productos\/pompe-a-eau-automatique\/#breadcrumb"},"inLanguage":"fr-FR","potentialAction":[{"@type":"ReadAction","target":["https:\/\/www.hods.eu\/fr\/productos\/pompe-a-eau-automatique\/"]}]},{"@type":"ImageObject","inLanguage":"fr-FR","@id":"https:\/\/www.hods.eu\/fr\/productos\/pompe-a-eau-automatique\/#primaryimage","url":"https:\/\/www.hods.eu\/wp-content\/uploads\/bomba_automatica_hods_web_05.jpg","contentUrl":"https:\/\/www.hods.eu\/wp-content\/uploads\/bomba_automatica_hods_web_05.jpg","width":768,"height":1024,"caption":"Pompe \u00e0 eau automatique, un moyen tr\u00e8s simple et \u00e9conomique de distribuer de l'eau naturelle \u00e0 temp\u00e9rature temp\u00e9r\u00e9e."},{"@type":"BreadcrumbList","@id":"https:\/\/www.hods.eu\/fr\/productos\/pompe-a-eau-automatique\/#breadcrumb","itemListElement":[{"@type":"ListItem","position":1,"name":"Portada","item":"https:\/\/www.hods.eu\/fr\/"},{"@type":"ListItem","position":2,"name":"Tienda","item":"https:\/\/www.hods.eu\/tienda\/"},{"@type":"ListItem","position":3,"name":"Pompe \u00e0 eau automatique"}]},{"@type":"WebSite","@id":"https:\/\/www.hods.eu\/fr\/#website","url":"https:\/\/www.hods.eu\/fr\/","name":"HODS","description":"water? drink with us","publisher":{"@id":"https:\/\/www.hods.eu\/fr\/#organization"},"potentialAction":[{"@type":"SearchAction","target":{"@type":"EntryPoint","urlTemplate":"https:\/\/www.hods.eu\/fr\/?s={search_term_string}"},"query-input":{"@type":"PropertyValueSpecification","valueRequired":true,"valueName":"search_term_string"}}],"inLanguage":"fr-FR"},{"@type":"Organization","@id":"https:\/\/www.hods.eu\/fr\/#organization","name":"HODS","url":"https:\/\/www.hods.eu\/fr\/","logo":{"@type":"ImageObject","inLanguage":"fr-FR","@id":"https:\/\/www.hods.eu\/fr\/#\/schema\/logo\/image\/","url":"https:\/\/www.hods.eu\/wp-content\/uploads\/hods-completo-blanco2.jpg","contentUrl":"https:\/\/www.hods.eu\/wp-content\/uploads\/hods-completo-blanco2.jpg","width":500,"height":179,"caption":"HODS"},"image":{"@id":"https:\/\/www.hods.eu\/fr\/#\/schema\/logo\/image\/"}}]}},"_links":{"self":[{"href":"https:\/\/www.hods.eu\/fr\/wp-json\/wp\/v2\/product\/29005","targetHints":{"allow":["GET"]}}],"collection":[{"href":"https:\/\/www.hods.eu\/fr\/wp-json\/wp\/v2\/product"}],"about":[{"href":"https:\/\/www.hods.eu\/fr\/wp-json\/wp\/v2\/types\/product"}],"wp:featuredmedia":[{"embeddable":true,"href":"https:\/\/www.hods.eu\/fr\/wp-json\/wp\/v2\/media\/28971"}],"wp:attachment":[{"href":"https:\/\/www.hods.eu\/fr\/wp-json\/wp\/v2\/media?parent=29005"}],"wp:term":[{"taxonomy":"product_brand","embeddable":true,"href":"https:\/\/www.hods.eu\/fr\/wp-json\/wp\/v2\/product_brand?post=29005"},{"taxonomy":"product_cat","embeddable":true,"href":"https:\/\/www.hods.eu\/fr\/wp-json\/wp\/v2\/product_cat?post=29005"},{"taxonomy":"product_tag","embeddable":true,"href":"https:\/\/www.hods.eu\/fr\/wp-json\/wp\/v2\/product_tag?post=29005"}],"curies":[{"name":"wp","href":"https:\/\/api.w.org\/{rel}","templated":true}]}}