{"id":28826,"date":"2021-04-27T15:47:43","date_gmt":"2021-04-27T15:24:26","guid":{"rendered":"https:\/\/www.hods.eu\/?post_type=product&#038;p=28826"},"modified":"2022-01-19T11:07:30","modified_gmt":"2022-01-19T10:07:30","slug":"sensorem-up-blanche","status":"publish","type":"product","link":"https:\/\/www.hods.eu\/fr\/productos\/sensorem-up-blanche\/","title":{"rendered":"Sensorem Up Blanche"},"content":{"rendered":"<h3 style=\"text-align: justify; color: #6d6d6d;\"><b>Fontaine \u00e0 eau Sensorem Up Blanche avec capteur. Elle est activ\u00e9e par seulement deux gestes gr\u00e2ce \u00e0 un capteur. La main ne touche \u00e0 aucun moment le distributeur. Le gobelet ou la bouteille repose sur le collecteur de gouttes et la temp\u00e9rature de l&#8217;eau est s\u00e9lectionn\u00e9e en pla\u00e7ant simplement votre main sur le capteur.<\/b><\/h3>\n<h4 style=\"text-align: justify; color: #6d6d6d;\">Blanche avec des lignes droites, avec une brillance blanche qui s&#8217;int\u00e8gre dans n&#8217;importe quel foyer ou bureau. Elle a un design discret pour se fondre dans n&#8217;importe quel environnement.<\/h4>\n<p style=\"text-align: justify; color: #6d6d6d;\">La Sensorem Up Blanche est pilot\u00e9e par des <strong>capteurs<\/strong>. Pour servir de l&#8217;eau, vous ne touchez pas le distributeur. Vous choisissez d&#8217;abord entre l&#8217;eau froide et l&#8217;eau chaude en pla\u00e7ant votre main sur le capteur et en attendant quelques secondes. Un signal sonore et lumineux confirme que l&#8217;eau s\u00e9lectionn\u00e9e a \u00e9t\u00e9 activ\u00e9e. \u00c9loignez votre main pendant une seconde et replacez-la sur le capteur. Ainsi, la quantit\u00e9 d&#8217;eau \u00e0 distribuer est parfaitement contr\u00f4l\u00e9e. D\u00e8s que le gobelet ou la bouteille est plein, il suffit de retirer la main et le distributeur cesse imm\u00e9diatement de distribuer de l&#8217;eau.<\/p>\n<p style=\"text-align: justify; color: #6d6d6d;\">Elle comprend un collecteur de gouttes qui recueille l&#8217;eau qui peut d\u00e9border du gobelet en cours de remplissage.\u00a0Sur ce collecteur de gouttes est indiqu\u00e9 l&#8217;endroit o\u00f9 le gobelet ou la bouteille doit \u00eatre plac\u00e9 pour verser l&#8217;eau. Il est plus large, de sorte que la face avant du distributeur ne touche \u00e0 aucun moment le gobelet. La distance entre le collecteur de gouttes et le robinet est \u00e9galement plus grande, afin de pouvoir accueillir des bouteilles plus grandes. De cette fa\u00e7on, ni la face avant du distributeur ni le robinet ne touchent le gobelet ou la bouteille, ce qui \u00e9vite la transmission de bact\u00e9ries ou de virus.<\/p>\n<p style=\"text-align: justify; color: #6d6d6d;\">De plus, le Sensorem Up Noire int\u00e8gre un syst\u00e8me anti-d\u00e9bordement qui fonctionne avec une bou\u00e9e interne qui emp\u00eache le d\u00e9bordement de l&#8217;eau lorsque la capacit\u00e9 du r\u00e9servoir d&#8217;eau du distributeur d\u00e9passe le niveau appropri\u00e9. Gr\u00e2ce \u00e0 cela, il \u00e9vite tout d\u00e9versement excessif d&#8217;eau de la bouteille dans la machine. De plus, tous les tubes en contact avec l&#8217;eau sont en ACIER INOXYDABLE, ce qui les rend hygi\u00e9niques et emp\u00eache la migration de la saveur plastique dans l&#8217;eau comme dans le reste des machines du march\u00e9.<\/p>\n<h3 style=\"text-align: justify; color: #6d6d6d;\"><b>La fontaine \u00e0 eau Sensorem Up est \u00e9galement disponible en <a href=\"https:\/\/www.hods.eu\/fr\/productos\/sensorem-up-noire\">Noire<\/a>.<\/b><\/h3>\n<p style=\"text-align: justify; color: #6d6d6d;\">Elle permet \u00e9galement de fermer l&#8217;eau chaude, ce qui offre la possibilit\u00e9 d&#8217;avoir un robinet d&#8217;eau temp\u00e9r\u00e9e (eau \u00e0 temp\u00e9rature ambiante), et en fin de compte, un distributeur d&#8217;eau froide et d&#8217;eau temp\u00e9r\u00e9e.<\/p>\n<p style=\"text-align: justify; color: #6d6d6d;\">Ce distributeur est compatible avec toutes nos <a href=\"https:\/\/www.hods.eu\/fr\/productos\/bonbonne-pet-18-9-litres\/\">bonbonnes PET<\/a> dans diff\u00e9rents formats et vous pouvez ajouter des accessoires tels que notre nouveau <a href=\"https:\/\/www.hods.eu\/fr\/productos\/porte-gobelets-transparent\/\">porte-gobelet transparent<\/a>, en plus d\u2019\u00eatre parfait pour \u00eatre accompagn\u00e9 par notre <a href=\"https:\/\/www.hods.eu\/fr\/productos\/rack-metalique-blanc\/\">rack m\u00e9tallique pour 4 bonbonnes PET<\/a>.<\/p>\n<table dir=\"ltr\" style=\"height: 227px;\" border=\"1\" summary=\"dimensiones y caracteristicas\" width=\"636\">\n<colgroup width=\"50%\"><\/colgroup>\n<colgroup id=\"colgroup\" class=\"colgroup\" title=\"title\" span=\"2\" width=\"1*\" align=\"center\" valign=\"middle\"><\/colgroup>\n<thead>\n<tr>\n<th scope=\"col\"><b>Dimensiones et poids<\/b><\/th>\n<th scope=\"col\"><b>Les caract\u00e9ristiques<\/b><\/th>\n<\/tr>\n<\/thead>\n<tfoot>\n<tr>\n<td><\/td>\n<td><b>Tension:<\/b> 220 V &#8211; 240 V \/ 50 Hz &#8211; 60 Hz<\/td>\n<\/tr>\n<\/tfoot>\n<tbody>\n<tr>\n<td><b>Poids:<\/b> 14 kg<\/td>\n<td><b>Puissance frigorifique:<\/b> 2 litres\/heure<\/td>\n<\/tr>\n<tr>\n<td><b>Largeur:<\/b> 27 cm<\/td>\n<td><b>Puissance de chauffage:<\/b> 5 litres\/heure<\/td>\n<\/tr>\n<tr>\n<td><b>Profondeur:<\/b> 31 cm<\/td>\n<td><b>Temp\u00e9rature de l\u2019eau froide:<\/b> 0\u00baC &#8211; 10\u00baC<\/td>\n<\/tr>\n<tr>\n<td><b>La taille:<\/b> 103 cm<\/td>\n<td><b>Temp\u00e9rature de l\u2019eau chaude:<\/b> 85\u00baC &#8211; 97\u00baC<\/td>\n<\/tr>\n<tr>\n<td><\/td>\n<td><b>Capacit\u00e9 du r\u00e9servoir \u00e0 froid:<\/b> 3,9 litres<\/td>\n<\/tr>\n<tr>\n<td><\/td>\n<td><b>Capacit\u00e9 du r\u00e9servoir chaud:<\/b> 1,2 litres<\/td>\n<\/tr>\n<tr>\n<td><\/td>\n<td><b>Puissance froide et chaude:<\/b> 85 W \/ 500 W<\/td>\n<\/tr>\n<\/tbody>\n<\/table>\n","protected":false},"excerpt":{"rendered":"<p><img decoding=\"async\" src=\"https:\/\/www.hods.eu\/wp-content\/uploads\/sintocar.png\" border=\"0\" \/><span style=\"color: #6d6d6d;\"><strong>Syst\u00e8me de capteurs sans contact<\/strong>.<\/span><\/p>\n<p><img decoding=\"async\" src=\"https:\/\/www.hods.eu\/wp-content\/uploads\/botellasensorem.png\" border=\"0\" \/><span style=\"color: #6d6d6d;\">Plus d&#8217;espace pour servir l&#8217;eau.<\/span><\/p>\n<p><img decoding=\"async\" src=\"https:\/\/www.hods.eu\/wp-content\/uploads\/pou.png\" border=\"0\" \/><span style=\"color: #6d6d6d;\">Le robinet s&#8217;est encore s\u00e9par\u00e9 du panneau avant.<\/span><\/p>\n<p><img decoding=\"async\" src=\"https:\/\/www.hods.eu\/wp-content\/uploads\/antiderrame.png\" border=\"0\" \/><span style=\"color: #6d6d6d;\">Actionn\u00e9 \u00e0 la main, il emp\u00eache les fuites d&#8217;eau lors de l&#8217;enl\u00e8vement du gobelet.<\/span><\/p>\n<p><img decoding=\"async\" src=\"https:\/\/www.hods.eu\/wp-content\/uploads\/friacaliente.png\" border=\"0\" \/><span style=\"color: #6d6d6d;\">Eau chaude et froide.<\/span><\/p>\n<p><img decoding=\"async\" src=\"https:\/\/www.hods.eu\/wp-content\/uploads\/botellon.png\" border=\"0\" \/><span style=\"color: #6d6d6d;\">Convient \u00e0 tous les types de <strong>bonbonnes<\/strong> avec bouchon <strong>de 5 gallons<\/strong>.<\/span><\/p>\n<p>&nbsp;<\/p>\n<p>&nbsp;<\/p>\n<p><span style=\"color: #6d6d6d;\"><strong>Acheter en ligne <a href=\"https:\/\/watcool.com\/fr\/fontaines-a-eau\/20-sensorem-up-blanche.html\" target=\"_blank\" rel=\"noopener\"><img loading=\"lazy\" decoding=\"async\" class=\"alignnone wp-image-30290\" title=\"watcool\" src=\"https:\/\/www.hods.eu\/wp-content\/uploads\/web.jpg\" alt=\"watcool\" width=\"90\" height=\"18\" srcset=\"https:\/\/www.hods.eu\/wp-content\/uploads\/web.jpg 200w, https:\/\/www.hods.eu\/wp-content\/uploads\/web-150x30.jpg 150w\" sizes=\"auto, (max-width: 90px) 100vw, 90px\" \/><\/a><\/strong> <\/span><\/p>\n","protected":false},"featured_media":29114,"template":"","meta":[],"product_brand":[],"product_cat":[79,78],"product_tag":[],"class_list":{"0":"post-28826","1":"product","2":"type-product","3":"status-publish","4":"has-post-thumbnail","6":"product_cat-fontaines-bonbonne","7":"product_cat-fontaines-eau","9":"first","10":"instock","11":"shipping-taxable","12":"product-type-simple"},"yoast_head":"<!-- This site is optimized with the Yoast SEO plugin v27.3 - https:\/\/yoast.com\/product\/yoast-seo-wordpress\/ -->\n<title>Sensorem Up Blanche. Fontaine \u00e0 eau sans contact avec capteur<\/title>\n<meta name=\"description\" content=\"Sensorem Up Blanche. Fontaine d&#039;eau chaude et froide avec capteur. On ne touche pas au distributeur, il est activ\u00e9 par des gestes.\" \/>\n<meta name=\"robots\" content=\"index, follow, max-snippet:-1, max-image-preview:large, max-video-preview:-1\" \/>\n<link rel=\"canonical\" href=\"https:\/\/www.hods.eu\/fr\/productos\/sensorem-up-blanche\/\" \/>\n<meta property=\"og:locale\" content=\"fr_FR\" \/>\n<meta property=\"og:type\" content=\"article\" \/>\n<meta property=\"og:title\" content=\"Sensorem Up Blanche. Fontaine \u00e0 eau sans contact avec capteur\" \/>\n<meta property=\"og:description\" content=\"Sensorem Up Blanche. Fontaine d&#039;eau chaude et froide avec capteur. On ne touche pas au distributeur, il est activ\u00e9 par des gestes.\" \/>\n<meta property=\"og:url\" content=\"https:\/\/www.hods.eu\/fr\/productos\/sensorem-up-blanche\/\" \/>\n<meta property=\"og:site_name\" content=\"HODS\" \/>\n<meta property=\"article:modified_time\" content=\"2022-01-19T10:07:30+00:00\" \/>\n<meta property=\"og:image\" content=\"https:\/\/www.hods.eu\/wp-content\/uploads\/sensoremblanca_hods_web_01.jpg\" \/>\n\t<meta property=\"og:image:width\" content=\"768\" \/>\n\t<meta property=\"og:image:height\" content=\"1024\" \/>\n\t<meta property=\"og:image:type\" content=\"image\/jpeg\" \/>\n<meta name=\"twitter:card\" content=\"summary_large_image\" \/>\n<meta name=\"twitter:label1\" content=\"Dur\u00e9e de lecture estim\u00e9e\" \/>\n\t<meta name=\"twitter:data1\" content=\"3 minutes\" \/>\n<script type=\"application\/ld+json\" class=\"yoast-schema-graph\">{\"@context\":\"https:\\\/\\\/schema.org\",\"@graph\":[{\"@type\":\"WebPage\",\"@id\":\"https:\\\/\\\/www.hods.eu\\\/fr\\\/productos\\\/sensorem-up-blanche\\\/\",\"url\":\"https:\\\/\\\/www.hods.eu\\\/fr\\\/productos\\\/sensorem-up-blanche\\\/\",\"name\":\"Sensorem Up Blanche. Fontaine \u00e0 eau sans contact avec capteur\",\"isPartOf\":{\"@id\":\"https:\\\/\\\/www.hods.eu\\\/fr\\\/#website\"},\"primaryImageOfPage\":{\"@id\":\"https:\\\/\\\/www.hods.eu\\\/fr\\\/productos\\\/sensorem-up-blanche\\\/#primaryimage\"},\"image\":{\"@id\":\"https:\\\/\\\/www.hods.eu\\\/fr\\\/productos\\\/sensorem-up-blanche\\\/#primaryimage\"},\"thumbnailUrl\":\"https:\\\/\\\/www.hods.eu\\\/wp-content\\\/uploads\\\/sensoremblanca_hods_web_01.jpg\",\"datePublished\":\"2021-04-27T15:24:26+00:00\",\"dateModified\":\"2022-01-19T10:07:30+00:00\",\"description\":\"Sensorem Up Blanche. Fontaine d'eau chaude et froide avec capteur. On ne touche pas au distributeur, il est activ\u00e9 par des gestes.\",\"breadcrumb\":{\"@id\":\"https:\\\/\\\/www.hods.eu\\\/fr\\\/productos\\\/sensorem-up-blanche\\\/#breadcrumb\"},\"inLanguage\":\"fr-FR\",\"potentialAction\":[{\"@type\":\"ReadAction\",\"target\":[\"https:\\\/\\\/www.hods.eu\\\/fr\\\/productos\\\/sensorem-up-blanche\\\/\"]}]},{\"@type\":\"ImageObject\",\"inLanguage\":\"fr-FR\",\"@id\":\"https:\\\/\\\/www.hods.eu\\\/fr\\\/productos\\\/sensorem-up-blanche\\\/#primaryimage\",\"url\":\"https:\\\/\\\/www.hods.eu\\\/wp-content\\\/uploads\\\/sensoremblanca_hods_web_01.jpg\",\"contentUrl\":\"https:\\\/\\\/www.hods.eu\\\/wp-content\\\/uploads\\\/sensoremblanca_hods_web_01.jpg\",\"width\":768,\"height\":1024,\"caption\":\"Fontaine d'eau Sensorem Up Blanche. Distributeur d'eau avec capteur\"},{\"@type\":\"BreadcrumbList\",\"@id\":\"https:\\\/\\\/www.hods.eu\\\/fr\\\/productos\\\/sensorem-up-blanche\\\/#breadcrumb\",\"itemListElement\":[{\"@type\":\"ListItem\",\"position\":1,\"name\":\"Portada\",\"item\":\"https:\\\/\\\/www.hods.eu\\\/fr\\\/\"},{\"@type\":\"ListItem\",\"position\":2,\"name\":\"Tienda\",\"item\":\"https:\\\/\\\/www.hods.eu\\\/tienda\\\/\"},{\"@type\":\"ListItem\",\"position\":3,\"name\":\"Sensorem Up Blanche\"}]},{\"@type\":\"WebSite\",\"@id\":\"https:\\\/\\\/www.hods.eu\\\/fr\\\/#website\",\"url\":\"https:\\\/\\\/www.hods.eu\\\/fr\\\/\",\"name\":\"HODS\",\"description\":\"water? drink with us\",\"publisher\":{\"@id\":\"https:\\\/\\\/www.hods.eu\\\/fr\\\/#organization\"},\"potentialAction\":[{\"@type\":\"SearchAction\",\"target\":{\"@type\":\"EntryPoint\",\"urlTemplate\":\"https:\\\/\\\/www.hods.eu\\\/fr\\\/?s={search_term_string}\"},\"query-input\":{\"@type\":\"PropertyValueSpecification\",\"valueRequired\":true,\"valueName\":\"search_term_string\"}}],\"inLanguage\":\"fr-FR\"},{\"@type\":\"Organization\",\"@id\":\"https:\\\/\\\/www.hods.eu\\\/fr\\\/#organization\",\"name\":\"HODS\",\"url\":\"https:\\\/\\\/www.hods.eu\\\/fr\\\/\",\"logo\":{\"@type\":\"ImageObject\",\"inLanguage\":\"fr-FR\",\"@id\":\"https:\\\/\\\/www.hods.eu\\\/fr\\\/#\\\/schema\\\/logo\\\/image\\\/\",\"url\":\"https:\\\/\\\/www.hods.eu\\\/wp-content\\\/uploads\\\/hods-completo-blanco2.jpg\",\"contentUrl\":\"https:\\\/\\\/www.hods.eu\\\/wp-content\\\/uploads\\\/hods-completo-blanco2.jpg\",\"width\":500,\"height\":179,\"caption\":\"HODS\"},\"image\":{\"@id\":\"https:\\\/\\\/www.hods.eu\\\/fr\\\/#\\\/schema\\\/logo\\\/image\\\/\"}}]}<\/script>\n<!-- \/ Yoast SEO plugin. -->","yoast_head_json":{"title":"Sensorem Up Blanche. Fontaine \u00e0 eau sans contact avec capteur","description":"Sensorem Up Blanche. Fontaine d'eau chaude et froide avec capteur. On ne touche pas au distributeur, il est activ\u00e9 par des gestes.","robots":{"index":"index","follow":"follow","max-snippet":"max-snippet:-1","max-image-preview":"max-image-preview:large","max-video-preview":"max-video-preview:-1"},"canonical":"https:\/\/www.hods.eu\/fr\/productos\/sensorem-up-blanche\/","og_locale":"fr_FR","og_type":"article","og_title":"Sensorem Up Blanche. Fontaine \u00e0 eau sans contact avec capteur","og_description":"Sensorem Up Blanche. Fontaine d'eau chaude et froide avec capteur. On ne touche pas au distributeur, il est activ\u00e9 par des gestes.","og_url":"https:\/\/www.hods.eu\/fr\/productos\/sensorem-up-blanche\/","og_site_name":"HODS","article_modified_time":"2022-01-19T10:07:30+00:00","og_image":[{"width":768,"height":1024,"url":"https:\/\/www.hods.eu\/wp-content\/uploads\/sensoremblanca_hods_web_01.jpg","type":"image\/jpeg"}],"twitter_card":"summary_large_image","twitter_misc":{"Dur\u00e9e de lecture estim\u00e9e":"3 minutes"},"schema":{"@context":"https:\/\/schema.org","@graph":[{"@type":"WebPage","@id":"https:\/\/www.hods.eu\/fr\/productos\/sensorem-up-blanche\/","url":"https:\/\/www.hods.eu\/fr\/productos\/sensorem-up-blanche\/","name":"Sensorem Up Blanche. Fontaine \u00e0 eau sans contact avec capteur","isPartOf":{"@id":"https:\/\/www.hods.eu\/fr\/#website"},"primaryImageOfPage":{"@id":"https:\/\/www.hods.eu\/fr\/productos\/sensorem-up-blanche\/#primaryimage"},"image":{"@id":"https:\/\/www.hods.eu\/fr\/productos\/sensorem-up-blanche\/#primaryimage"},"thumbnailUrl":"https:\/\/www.hods.eu\/wp-content\/uploads\/sensoremblanca_hods_web_01.jpg","datePublished":"2021-04-27T15:24:26+00:00","dateModified":"2022-01-19T10:07:30+00:00","description":"Sensorem Up Blanche. Fontaine d'eau chaude et froide avec capteur. On ne touche pas au distributeur, il est activ\u00e9 par des gestes.","breadcrumb":{"@id":"https:\/\/www.hods.eu\/fr\/productos\/sensorem-up-blanche\/#breadcrumb"},"inLanguage":"fr-FR","potentialAction":[{"@type":"ReadAction","target":["https:\/\/www.hods.eu\/fr\/productos\/sensorem-up-blanche\/"]}]},{"@type":"ImageObject","inLanguage":"fr-FR","@id":"https:\/\/www.hods.eu\/fr\/productos\/sensorem-up-blanche\/#primaryimage","url":"https:\/\/www.hods.eu\/wp-content\/uploads\/sensoremblanca_hods_web_01.jpg","contentUrl":"https:\/\/www.hods.eu\/wp-content\/uploads\/sensoremblanca_hods_web_01.jpg","width":768,"height":1024,"caption":"Fontaine d'eau Sensorem Up Blanche. Distributeur d'eau avec capteur"},{"@type":"BreadcrumbList","@id":"https:\/\/www.hods.eu\/fr\/productos\/sensorem-up-blanche\/#breadcrumb","itemListElement":[{"@type":"ListItem","position":1,"name":"Portada","item":"https:\/\/www.hods.eu\/fr\/"},{"@type":"ListItem","position":2,"name":"Tienda","item":"https:\/\/www.hods.eu\/tienda\/"},{"@type":"ListItem","position":3,"name":"Sensorem Up Blanche"}]},{"@type":"WebSite","@id":"https:\/\/www.hods.eu\/fr\/#website","url":"https:\/\/www.hods.eu\/fr\/","name":"HODS","description":"water? drink with us","publisher":{"@id":"https:\/\/www.hods.eu\/fr\/#organization"},"potentialAction":[{"@type":"SearchAction","target":{"@type":"EntryPoint","urlTemplate":"https:\/\/www.hods.eu\/fr\/?s={search_term_string}"},"query-input":{"@type":"PropertyValueSpecification","valueRequired":true,"valueName":"search_term_string"}}],"inLanguage":"fr-FR"},{"@type":"Organization","@id":"https:\/\/www.hods.eu\/fr\/#organization","name":"HODS","url":"https:\/\/www.hods.eu\/fr\/","logo":{"@type":"ImageObject","inLanguage":"fr-FR","@id":"https:\/\/www.hods.eu\/fr\/#\/schema\/logo\/image\/","url":"https:\/\/www.hods.eu\/wp-content\/uploads\/hods-completo-blanco2.jpg","contentUrl":"https:\/\/www.hods.eu\/wp-content\/uploads\/hods-completo-blanco2.jpg","width":500,"height":179,"caption":"HODS"},"image":{"@id":"https:\/\/www.hods.eu\/fr\/#\/schema\/logo\/image\/"}}]}},"_links":{"self":[{"href":"https:\/\/www.hods.eu\/fr\/wp-json\/wp\/v2\/product\/28826","targetHints":{"allow":["GET"]}}],"collection":[{"href":"https:\/\/www.hods.eu\/fr\/wp-json\/wp\/v2\/product"}],"about":[{"href":"https:\/\/www.hods.eu\/fr\/wp-json\/wp\/v2\/types\/product"}],"wp:featuredmedia":[{"embeddable":true,"href":"https:\/\/www.hods.eu\/fr\/wp-json\/wp\/v2\/media\/29114"}],"wp:attachment":[{"href":"https:\/\/www.hods.eu\/fr\/wp-json\/wp\/v2\/media?parent=28826"}],"wp:term":[{"taxonomy":"product_brand","embeddable":true,"href":"https:\/\/www.hods.eu\/fr\/wp-json\/wp\/v2\/product_brand?post=28826"},{"taxonomy":"product_cat","embeddable":true,"href":"https:\/\/www.hods.eu\/fr\/wp-json\/wp\/v2\/product_cat?post=28826"},{"taxonomy":"product_tag","embeddable":true,"href":"https:\/\/www.hods.eu\/fr\/wp-json\/wp\/v2\/product_tag?post=28826"}],"curies":[{"name":"wp","href":"https:\/\/api.w.org\/{rel}","templated":true}]}}