{"id":27968,"date":"2020-11-05T10:44:59","date_gmt":"2020-11-05T09:44:59","guid":{"rendered":"https:\/\/www.hods.eu\/productos\/pompe-a-eau-48mm\/"},"modified":"2022-01-19T11:08:26","modified_gmt":"2022-01-19T10:08:26","slug":"pompe-a-eau-48mm","status":"publish","type":"product","link":"https:\/\/www.hods.eu\/fr\/productos\/pompe-a-eau-48mm\/","title":{"rendered":"Pompe \u00e0 eau 48mm"},"content":{"rendered":"<h3 style=\"text-align: justify; color: #6d6d6d;\"><strong>Pompe \u00e0 eau 48mm avec adaptateur 38mm<\/strong>, un moyen tr\u00e8s simple et \u00e9conomique de distribuer de l&#8217;eau naturelle \u00e0 une temp\u00e9rature temp\u00e9r\u00e9e.<\/h3>\n<p style=\"text-align: justify; color: #6d6d6d;\">La Pompe \u00e0 eau 48mm est tr\u00e8s facile \u00e0 utiliser, elle suffit d&#8217;appuyer sur la pompe pour servir l&#8217;eau. Elle comprend un bouchon anti-goutte pour emp\u00eacher l&#8217;eau de se r\u00e9pandre. En outre, il comprend un syst\u00e8me qui bloque son fonctionnement, elle suffit de tourner le haut de la pompe pour que celle-ci soit bloqu\u00e9e et que l&#8217;eau ne se r\u00e9pande pas. Elle comprend 3 canules attachables. Ces canules ont une longueur de 18 centim\u00e8tres chacune, ce qui leur permet d&#8217;atteindre le fond de la bouteille sans probl\u00e8me.<\/p>\n<p style=\"text-align: justify; color: #6d6d6d;\"><strong>Valide pour les bouteilles de 3, 5, 6,25, 8 et 10 litres<\/strong>, car son col est adapt\u00e9 au format standard de 48 millim\u00e8tres. Elle comprend \u00e9galement un adaptateur pour les cols de 38 millim\u00e8tres.<\/p>\n<p style=\"text-align: justify; color: #6d6d6d;\">Les canules et la pompe \u00e0 eau sont toutes deux fabriqu\u00e9es en polypropyl\u00e8ne (PP), un mat\u00e9riau tr\u00e8s r\u00e9sistant qui est totalement s\u00fbr au contact de l&#8217;eau et ne laisse aucun go\u00fbt de plastique. De plus, ce mat\u00e9riau a une grande durabilit\u00e9. Par cons\u00e9quent, si elle est bien nettoy\u00e9e, elle peut durer longtemps.<\/p>\n<p style=\"text-align: justify; color: #6d6d6d;\">Chaque pompe \u00e0 eau de 48 mm est livr\u00e9e avec une brosse pour nettoyer \u00e0 fond les canules et le robinet \u00e0 pression qui sert l&#8217;eau.<\/p>\n<p style=\"text-align: justify; color: #6d6d6d;\">La <a href=\"https:\/\/www.hods.eu\/fr\/productos\/pompe-a-eau-55mm\/\">pompe \u00e0 eau 55mm<\/a> est \u00e9galement disponible pour ceux qui pr\u00e9f\u00e8rent utiliser des bouteilles de plus grande capacit\u00e9.<\/p>\n","protected":false},"excerpt":{"rendered":"<p><img decoding=\"async\" src=\"https:\/\/www.hods.eu\/wp-content\/uploads\/agua.png\" border=\"0\" \/><span style=\"color: #6d6d6d;\">Distributeur d&#8217;eau manuel.<\/span><\/p>\n<p><img decoding=\"async\" src=\"https:\/\/www.hods.eu\/wp-content\/uploads\/botella.png\" border=\"0\" \/><span style=\"color: #6d6d6d;\">Pour les bouteilles de 3 \u00e0 10 litres avec col de 48mm ou 38mm.<\/span><\/p>\n<p><img decoding=\"async\" src=\"https:\/\/www.hods.eu\/wp-content\/uploads\/facil.png\" border=\"0\" \/><span style=\"color: #6d6d6d;\">L\u00e9gere et facile \u00e0 utiliser.<\/span><\/p>\n<p><img decoding=\"async\" src=\"https:\/\/www.hods.eu\/wp-content\/uploads\/antiderrame.png\" border=\"0\" \/><span style=\"color: #6d6d6d;\">Avec syst\u00e8me de verrouillage en tournant.<\/span><\/p>\n<p>&nbsp;<\/p>\n<p>&nbsp;<\/p>\n<p><span style=\"color: #6d6d6d;\"><strong>Acheter en ligne <a href=\"https:\/\/watcool.com\/fr\/fontaines-a-eau\/38-pompe-48mm.html\" target=\"_blank\" rel=\"noopener\"><img loading=\"lazy\" decoding=\"async\" class=\"alignnone wp-image-30290\" title=\"watcool\" src=\"https:\/\/www.hods.eu\/wp-content\/uploads\/web.jpg\" alt=\"watcool\" width=\"90\" height=\"18\" srcset=\"https:\/\/www.hods.eu\/wp-content\/uploads\/web.jpg 200w, https:\/\/www.hods.eu\/wp-content\/uploads\/web-150x30.jpg 150w\" sizes=\"auto, (max-width: 90px) 100vw, 90px\" \/><\/a><\/strong> <\/span><\/p>\n","protected":false},"featured_media":27916,"template":"","meta":[],"product_brand":[],"product_cat":[76],"product_tag":[],"class_list":{"0":"post-27968","1":"product","2":"type-product","3":"status-publish","4":"has-post-thumbnail","6":"product_cat-accessoires","8":"first","9":"instock","10":"shipping-taxable","11":"product-type-simple"},"yoast_head":"<!-- This site is optimized with the Yoast SEO plugin v27.3 - https:\/\/yoast.com\/product\/yoast-seo-wordpress\/ -->\n<title>Pompe \u00e0 eau 48mm. Comprend un adaptateur pour goulot de 38mm<\/title>\n<meta name=\"description\" content=\"Pompe \u00e0 eau 48mm. Pompe \u00e0 eau manuelle pour bouteilles de 3, 5, 6,25, 7, 8 et 10 litres Comprend un adaptateur de cou de 38 mm.\" \/>\n<meta name=\"robots\" content=\"index, follow, max-snippet:-1, max-image-preview:large, max-video-preview:-1\" \/>\n<link rel=\"canonical\" href=\"https:\/\/www.hods.eu\/fr\/productos\/pompe-a-eau-48mm\/\" \/>\n<meta property=\"og:locale\" content=\"fr_FR\" \/>\n<meta property=\"og:type\" content=\"article\" \/>\n<meta property=\"og:title\" content=\"Pompe \u00e0 eau 48mm. Comprend un adaptateur pour goulot de 38mm\" \/>\n<meta property=\"og:description\" content=\"Pompe \u00e0 eau 48mm. Pompe \u00e0 eau manuelle pour bouteilles de 3, 5, 6,25, 7, 8 et 10 litres Comprend un adaptateur de cou de 38 mm.\" \/>\n<meta property=\"og:url\" content=\"https:\/\/www.hods.eu\/fr\/productos\/pompe-a-eau-48mm\/\" \/>\n<meta property=\"og:site_name\" content=\"HODS\" \/>\n<meta property=\"article:modified_time\" content=\"2022-01-19T10:08:26+00:00\" \/>\n<meta property=\"og:image\" content=\"https:\/\/www.hods.eu\/wp-content\/uploads\/bomba48_hods_web_00.jpg\" \/>\n\t<meta property=\"og:image:width\" content=\"768\" \/>\n\t<meta property=\"og:image:height\" content=\"1024\" \/>\n\t<meta property=\"og:image:type\" content=\"image\/jpeg\" \/>\n<meta name=\"twitter:card\" content=\"summary_large_image\" \/>\n<meta name=\"twitter:label1\" content=\"Dur\u00e9e de lecture estim\u00e9e\" \/>\n\t<meta name=\"twitter:data1\" content=\"1 minute\" \/>\n<script type=\"application\/ld+json\" class=\"yoast-schema-graph\">{\"@context\":\"https:\\\/\\\/schema.org\",\"@graph\":[{\"@type\":\"WebPage\",\"@id\":\"https:\\\/\\\/www.hods.eu\\\/fr\\\/productos\\\/pompe-a-eau-48mm\\\/\",\"url\":\"https:\\\/\\\/www.hods.eu\\\/fr\\\/productos\\\/pompe-a-eau-48mm\\\/\",\"name\":\"Pompe \u00e0 eau 48mm. Comprend un adaptateur pour goulot de 38mm\",\"isPartOf\":{\"@id\":\"https:\\\/\\\/www.hods.eu\\\/fr\\\/#website\"},\"primaryImageOfPage\":{\"@id\":\"https:\\\/\\\/www.hods.eu\\\/fr\\\/productos\\\/pompe-a-eau-48mm\\\/#primaryimage\"},\"image\":{\"@id\":\"https:\\\/\\\/www.hods.eu\\\/fr\\\/productos\\\/pompe-a-eau-48mm\\\/#primaryimage\"},\"thumbnailUrl\":\"https:\\\/\\\/www.hods.eu\\\/wp-content\\\/uploads\\\/bomba48_hods_web_00.jpg\",\"datePublished\":\"2020-11-05T09:44:59+00:00\",\"dateModified\":\"2022-01-19T10:08:26+00:00\",\"description\":\"Pompe \u00e0 eau 48mm. Pompe \u00e0 eau manuelle pour bouteilles de 3, 5, 6,25, 7, 8 et 10 litres Comprend un adaptateur de cou de 38 mm.\",\"breadcrumb\":{\"@id\":\"https:\\\/\\\/www.hods.eu\\\/fr\\\/productos\\\/pompe-a-eau-48mm\\\/#breadcrumb\"},\"inLanguage\":\"fr-FR\",\"potentialAction\":[{\"@type\":\"ReadAction\",\"target\":[\"https:\\\/\\\/www.hods.eu\\\/fr\\\/productos\\\/pompe-a-eau-48mm\\\/\"]}]},{\"@type\":\"ImageObject\",\"inLanguage\":\"fr-FR\",\"@id\":\"https:\\\/\\\/www.hods.eu\\\/fr\\\/productos\\\/pompe-a-eau-48mm\\\/#primaryimage\",\"url\":\"https:\\\/\\\/www.hods.eu\\\/wp-content\\\/uploads\\\/bomba48_hods_web_00.jpg\",\"contentUrl\":\"https:\\\/\\\/www.hods.eu\\\/wp-content\\\/uploads\\\/bomba48_hods_web_00.jpg\",\"width\":768,\"height\":1024,\"caption\":\"Pompe \u00e0 eau pour bonbonnes de 3 \u00e0 10 litres avec col de 48 mm ou 38 mm\"},{\"@type\":\"BreadcrumbList\",\"@id\":\"https:\\\/\\\/www.hods.eu\\\/fr\\\/productos\\\/pompe-a-eau-48mm\\\/#breadcrumb\",\"itemListElement\":[{\"@type\":\"ListItem\",\"position\":1,\"name\":\"Portada\",\"item\":\"https:\\\/\\\/www.hods.eu\\\/fr\\\/\"},{\"@type\":\"ListItem\",\"position\":2,\"name\":\"Tienda\",\"item\":\"https:\\\/\\\/www.hods.eu\\\/tienda\\\/\"},{\"@type\":\"ListItem\",\"position\":3,\"name\":\"Pompe \u00e0 eau 48mm\"}]},{\"@type\":\"WebSite\",\"@id\":\"https:\\\/\\\/www.hods.eu\\\/fr\\\/#website\",\"url\":\"https:\\\/\\\/www.hods.eu\\\/fr\\\/\",\"name\":\"HODS\",\"description\":\"water? drink with us\",\"publisher\":{\"@id\":\"https:\\\/\\\/www.hods.eu\\\/fr\\\/#organization\"},\"potentialAction\":[{\"@type\":\"SearchAction\",\"target\":{\"@type\":\"EntryPoint\",\"urlTemplate\":\"https:\\\/\\\/www.hods.eu\\\/fr\\\/?s={search_term_string}\"},\"query-input\":{\"@type\":\"PropertyValueSpecification\",\"valueRequired\":true,\"valueName\":\"search_term_string\"}}],\"inLanguage\":\"fr-FR\"},{\"@type\":\"Organization\",\"@id\":\"https:\\\/\\\/www.hods.eu\\\/fr\\\/#organization\",\"name\":\"HODS\",\"url\":\"https:\\\/\\\/www.hods.eu\\\/fr\\\/\",\"logo\":{\"@type\":\"ImageObject\",\"inLanguage\":\"fr-FR\",\"@id\":\"https:\\\/\\\/www.hods.eu\\\/fr\\\/#\\\/schema\\\/logo\\\/image\\\/\",\"url\":\"https:\\\/\\\/www.hods.eu\\\/wp-content\\\/uploads\\\/hods-completo-blanco2.jpg\",\"contentUrl\":\"https:\\\/\\\/www.hods.eu\\\/wp-content\\\/uploads\\\/hods-completo-blanco2.jpg\",\"width\":500,\"height\":179,\"caption\":\"HODS\"},\"image\":{\"@id\":\"https:\\\/\\\/www.hods.eu\\\/fr\\\/#\\\/schema\\\/logo\\\/image\\\/\"}}]}<\/script>\n<!-- \/ Yoast SEO plugin. -->","yoast_head_json":{"title":"Pompe \u00e0 eau 48mm. Comprend un adaptateur pour goulot de 38mm","description":"Pompe \u00e0 eau 48mm. Pompe \u00e0 eau manuelle pour bouteilles de 3, 5, 6,25, 7, 8 et 10 litres Comprend un adaptateur de cou de 38 mm.","robots":{"index":"index","follow":"follow","max-snippet":"max-snippet:-1","max-image-preview":"max-image-preview:large","max-video-preview":"max-video-preview:-1"},"canonical":"https:\/\/www.hods.eu\/fr\/productos\/pompe-a-eau-48mm\/","og_locale":"fr_FR","og_type":"article","og_title":"Pompe \u00e0 eau 48mm. Comprend un adaptateur pour goulot de 38mm","og_description":"Pompe \u00e0 eau 48mm. Pompe \u00e0 eau manuelle pour bouteilles de 3, 5, 6,25, 7, 8 et 10 litres Comprend un adaptateur de cou de 38 mm.","og_url":"https:\/\/www.hods.eu\/fr\/productos\/pompe-a-eau-48mm\/","og_site_name":"HODS","article_modified_time":"2022-01-19T10:08:26+00:00","og_image":[{"width":768,"height":1024,"url":"https:\/\/www.hods.eu\/wp-content\/uploads\/bomba48_hods_web_00.jpg","type":"image\/jpeg"}],"twitter_card":"summary_large_image","twitter_misc":{"Dur\u00e9e de lecture estim\u00e9e":"1 minute"},"schema":{"@context":"https:\/\/schema.org","@graph":[{"@type":"WebPage","@id":"https:\/\/www.hods.eu\/fr\/productos\/pompe-a-eau-48mm\/","url":"https:\/\/www.hods.eu\/fr\/productos\/pompe-a-eau-48mm\/","name":"Pompe \u00e0 eau 48mm. Comprend un adaptateur pour goulot de 38mm","isPartOf":{"@id":"https:\/\/www.hods.eu\/fr\/#website"},"primaryImageOfPage":{"@id":"https:\/\/www.hods.eu\/fr\/productos\/pompe-a-eau-48mm\/#primaryimage"},"image":{"@id":"https:\/\/www.hods.eu\/fr\/productos\/pompe-a-eau-48mm\/#primaryimage"},"thumbnailUrl":"https:\/\/www.hods.eu\/wp-content\/uploads\/bomba48_hods_web_00.jpg","datePublished":"2020-11-05T09:44:59+00:00","dateModified":"2022-01-19T10:08:26+00:00","description":"Pompe \u00e0 eau 48mm. Pompe \u00e0 eau manuelle pour bouteilles de 3, 5, 6,25, 7, 8 et 10 litres Comprend un adaptateur de cou de 38 mm.","breadcrumb":{"@id":"https:\/\/www.hods.eu\/fr\/productos\/pompe-a-eau-48mm\/#breadcrumb"},"inLanguage":"fr-FR","potentialAction":[{"@type":"ReadAction","target":["https:\/\/www.hods.eu\/fr\/productos\/pompe-a-eau-48mm\/"]}]},{"@type":"ImageObject","inLanguage":"fr-FR","@id":"https:\/\/www.hods.eu\/fr\/productos\/pompe-a-eau-48mm\/#primaryimage","url":"https:\/\/www.hods.eu\/wp-content\/uploads\/bomba48_hods_web_00.jpg","contentUrl":"https:\/\/www.hods.eu\/wp-content\/uploads\/bomba48_hods_web_00.jpg","width":768,"height":1024,"caption":"Pompe \u00e0 eau pour bonbonnes de 3 \u00e0 10 litres avec col de 48 mm ou 38 mm"},{"@type":"BreadcrumbList","@id":"https:\/\/www.hods.eu\/fr\/productos\/pompe-a-eau-48mm\/#breadcrumb","itemListElement":[{"@type":"ListItem","position":1,"name":"Portada","item":"https:\/\/www.hods.eu\/fr\/"},{"@type":"ListItem","position":2,"name":"Tienda","item":"https:\/\/www.hods.eu\/tienda\/"},{"@type":"ListItem","position":3,"name":"Pompe \u00e0 eau 48mm"}]},{"@type":"WebSite","@id":"https:\/\/www.hods.eu\/fr\/#website","url":"https:\/\/www.hods.eu\/fr\/","name":"HODS","description":"water? drink with us","publisher":{"@id":"https:\/\/www.hods.eu\/fr\/#organization"},"potentialAction":[{"@type":"SearchAction","target":{"@type":"EntryPoint","urlTemplate":"https:\/\/www.hods.eu\/fr\/?s={search_term_string}"},"query-input":{"@type":"PropertyValueSpecification","valueRequired":true,"valueName":"search_term_string"}}],"inLanguage":"fr-FR"},{"@type":"Organization","@id":"https:\/\/www.hods.eu\/fr\/#organization","name":"HODS","url":"https:\/\/www.hods.eu\/fr\/","logo":{"@type":"ImageObject","inLanguage":"fr-FR","@id":"https:\/\/www.hods.eu\/fr\/#\/schema\/logo\/image\/","url":"https:\/\/www.hods.eu\/wp-content\/uploads\/hods-completo-blanco2.jpg","contentUrl":"https:\/\/www.hods.eu\/wp-content\/uploads\/hods-completo-blanco2.jpg","width":500,"height":179,"caption":"HODS"},"image":{"@id":"https:\/\/www.hods.eu\/fr\/#\/schema\/logo\/image\/"}}]}},"_links":{"self":[{"href":"https:\/\/www.hods.eu\/fr\/wp-json\/wp\/v2\/product\/27968","targetHints":{"allow":["GET"]}}],"collection":[{"href":"https:\/\/www.hods.eu\/fr\/wp-json\/wp\/v2\/product"}],"about":[{"href":"https:\/\/www.hods.eu\/fr\/wp-json\/wp\/v2\/types\/product"}],"wp:featuredmedia":[{"embeddable":true,"href":"https:\/\/www.hods.eu\/fr\/wp-json\/wp\/v2\/media\/27916"}],"wp:attachment":[{"href":"https:\/\/www.hods.eu\/fr\/wp-json\/wp\/v2\/media?parent=27968"}],"wp:term":[{"taxonomy":"product_brand","embeddable":true,"href":"https:\/\/www.hods.eu\/fr\/wp-json\/wp\/v2\/product_brand?post=27968"},{"taxonomy":"product_cat","embeddable":true,"href":"https:\/\/www.hods.eu\/fr\/wp-json\/wp\/v2\/product_cat?post=27968"},{"taxonomy":"product_tag","embeddable":true,"href":"https:\/\/www.hods.eu\/fr\/wp-json\/wp\/v2\/product_tag?post=27968"}],"curies":[{"name":"wp","href":"https:\/\/api.w.org\/{rel}","templated":true}]}}