{"id":27939,"date":"2020-11-04T13:50:29","date_gmt":"2020-11-04T12:50:29","guid":{"rendered":"https:\/\/www.hods.eu\/productos\/pompe-a-eau-55mm\/"},"modified":"2022-01-19T11:08:38","modified_gmt":"2022-01-19T10:08:38","slug":"pompe-a-eau-55mm","status":"publish","type":"product","link":"https:\/\/www.hods.eu\/fr\/productos\/pompe-a-eau-55mm\/","title":{"rendered":"Pompe \u00e0 eau 55mm"},"content":{"rendered":"<h3 style=\"text-align: justify; color: #6d6d6d;\"><strong>Pompe \u00e0 eau 55mm<\/strong>, un moyen tr\u00e8s simple et \u00e9conomique de distribuer de l&#8217;eau naturelle \u00e0 une temp\u00e9rature temp\u00e9r\u00e9e.<\/h3>\n<p style=\"text-align: justify; color: #6d6d6d;\">La pompe \u00e0 eau 55mm est tr\u00e8s facile \u00e0 utiliser, elle suffit d&#8217;appuyer sur la pompe pour servir l&#8217;eau. Elle comprend un bouchon anti-goutte pour \u00e9viter les d\u00e9versements d&#8217;eau. En outre, elle comprend un syst\u00e8me qui bloque son fonctionnement, elle suffit de tourner le haut de la pompe pour que celle-ci soit bloqu\u00e9e et que l&#8217;eau ne se r\u00e9pande pas. Comprend 3 canules attachables. Ces canules ont une longueur de 18 centim\u00e8tres chacune, ce qui leur permet d&#8217;atteindre le fond de la bonbonne sans probl\u00e8me.<\/p>\n<p style=\"text-align: justify; color: #6d6d6d;\">Elle peut \u00eatre adapt\u00e9 \u00e0 des bonbonnes de 11,8 \u00e0 20 litres, \u00e0 condition qu&#8217;elles aient un goulot de 55 millim\u00e8tres, ce qui lui conf\u00e8re une grande polyvalence.<\/p>\n<p style=\"text-align: justify; color: #6d6d6d;\">Les canules et la pompe \u00e0 eau sont toutes deux fabriqu\u00e9es en polypropyl\u00e8ne (PP), un mat\u00e9riau tr\u00e8s r\u00e9sistant qui est totalement s\u00fbr au contact de l&#8217;eau et ne laisse aucun go\u00fbt de plastique. De plus, ce mat\u00e9riau a une grande durabilit\u00e9. Par cons\u00e9quent, si elle est bien nettoy\u00e9e, elle peut durer longtemps.<\/p>\n<p style=\"text-align: justify; color: #6d6d6d;\">Chaque pompe \u00e0 eau 55mm est livr\u00e9e avec une brosse pour nettoyer \u00e0 fond les canules et le robinet embo\u00eetable qui sert l&#8217;eau.<\/p>\n<p style=\"text-align: justify; color: #6d6d6d;\">Ce produit est parfait pour \u00eatre combin\u00e9 avec notre <a href=\"https:\/\/www.hods.eu\/fr\/productos\/empileur-de-bonbonnes\/\">empileur de bonbonnes<\/a>.<\/p>\n","protected":false},"excerpt":{"rendered":"<p><img decoding=\"async\" src=\"https:\/\/www.hods.eu\/wp-content\/uploads\/agua.png\" border=\"0\" \/><span style=\"color: #6d6d6d;\">Distributeur d&#8217;eau manuel.<\/span><\/p>\n<p><img decoding=\"async\" src=\"https:\/\/www.hods.eu\/wp-content\/uploads\/botellon.png\" border=\"0\" \/><span style=\"color: #6d6d6d;\">Pour les bonbonnes avec un goulot de 55 mm.<\/span><\/p>\n<p><img decoding=\"async\" src=\"https:\/\/www.hods.eu\/wp-content\/uploads\/facil.png\" border=\"0\" \/><span style=\"color: #6d6d6d;\">L\u00e9gere et facile \u00e0 utiliser.<\/span><\/p>\n<p><img decoding=\"async\" src=\"https:\/\/www.hods.eu\/wp-content\/uploads\/combinable.png\" border=\"0\" \/><span style=\"color: #6d6d6d;\">Peut \u00eatre combin\u00e9 avec un empileur de bouteilles.<\/span><\/p>\n<p>&nbsp;<\/p>\n<p>&nbsp;<\/p>\n<p><span style=\"color: #6d6d6d;\"><strong>Acheter en ligne <a href=\"https:\/\/watcool.com\/fr\/fontaines-a-eau\/37-pompe-55mm.html\" target=\"_blank\" rel=\"noopener\"><img loading=\"lazy\" decoding=\"async\" class=\"alignnone wp-image-30290\" title=\"watcool\" src=\"https:\/\/www.hods.eu\/wp-content\/uploads\/web.jpg\" alt=\"watcool\" width=\"90\" height=\"18\" srcset=\"https:\/\/www.hods.eu\/wp-content\/uploads\/web.jpg 200w, https:\/\/www.hods.eu\/wp-content\/uploads\/web-150x30.jpg 150w\" sizes=\"auto, (max-width: 90px) 100vw, 90px\" \/><\/a><\/strong> <\/span><\/p>\n","protected":false},"featured_media":27799,"template":"","meta":[],"product_brand":[],"product_cat":[76],"product_tag":[],"class_list":{"0":"post-27939","1":"product","2":"type-product","3":"status-publish","4":"has-post-thumbnail","6":"product_cat-accessoires","8":"first","9":"instock","10":"shipping-taxable","11":"product-type-simple"},"yoast_head":"<!-- This site is optimized with the Yoast SEO plugin v27.3 - https:\/\/yoast.com\/product\/yoast-seo-wordpress\/ -->\n<title>Pompe \u00e0 eau 55mm - Distributeur manuel d&#039;eau temp\u00e9r\u00e9e<\/title>\n<meta name=\"description\" content=\"Pompe \u00e0 eau 55mm. Pompe \u00e0 eau manuelle sp\u00e9ciale pour les bonbonnes avec un goulot de 55 mm. Id\u00e9al pour servir de l&#039;eau de la bonbonnes.\" \/>\n<meta name=\"robots\" content=\"index, follow, max-snippet:-1, max-image-preview:large, max-video-preview:-1\" \/>\n<link rel=\"canonical\" href=\"https:\/\/www.hods.eu\/fr\/productos\/pompe-a-eau-55mm\/\" \/>\n<meta property=\"og:locale\" content=\"fr_FR\" \/>\n<meta property=\"og:type\" content=\"article\" \/>\n<meta property=\"og:title\" content=\"Pompe \u00e0 eau 55mm - Distributeur manuel d&#039;eau temp\u00e9r\u00e9e\" \/>\n<meta property=\"og:description\" content=\"Pompe \u00e0 eau 55mm. Pompe \u00e0 eau manuelle sp\u00e9ciale pour les bonbonnes avec un goulot de 55 mm. Id\u00e9al pour servir de l&#039;eau de la bonbonnes.\" \/>\n<meta property=\"og:url\" content=\"https:\/\/www.hods.eu\/fr\/productos\/pompe-a-eau-55mm\/\" \/>\n<meta property=\"og:site_name\" content=\"HODS\" \/>\n<meta property=\"article:modified_time\" content=\"2022-01-19T10:08:38+00:00\" \/>\n<meta property=\"og:image\" content=\"https:\/\/www.hods.eu\/wp-content\/uploads\/bomba55_hods_web_01b.jpg\" \/>\n\t<meta property=\"og:image:width\" content=\"768\" \/>\n\t<meta property=\"og:image:height\" content=\"1024\" \/>\n\t<meta property=\"og:image:type\" content=\"image\/jpeg\" \/>\n<meta name=\"twitter:card\" content=\"summary_large_image\" \/>\n<meta name=\"twitter:label1\" content=\"Dur\u00e9e de lecture estim\u00e9e\" \/>\n\t<meta name=\"twitter:data1\" content=\"1 minute\" \/>\n<script type=\"application\/ld+json\" class=\"yoast-schema-graph\">{\"@context\":\"https:\\\/\\\/schema.org\",\"@graph\":[{\"@type\":\"WebPage\",\"@id\":\"https:\\\/\\\/www.hods.eu\\\/fr\\\/productos\\\/pompe-a-eau-55mm\\\/\",\"url\":\"https:\\\/\\\/www.hods.eu\\\/fr\\\/productos\\\/pompe-a-eau-55mm\\\/\",\"name\":\"Pompe \u00e0 eau 55mm - Distributeur manuel d'eau temp\u00e9r\u00e9e\",\"isPartOf\":{\"@id\":\"https:\\\/\\\/www.hods.eu\\\/fr\\\/#website\"},\"primaryImageOfPage\":{\"@id\":\"https:\\\/\\\/www.hods.eu\\\/fr\\\/productos\\\/pompe-a-eau-55mm\\\/#primaryimage\"},\"image\":{\"@id\":\"https:\\\/\\\/www.hods.eu\\\/fr\\\/productos\\\/pompe-a-eau-55mm\\\/#primaryimage\"},\"thumbnailUrl\":\"https:\\\/\\\/www.hods.eu\\\/wp-content\\\/uploads\\\/bomba55_hods_web_01b.jpg\",\"datePublished\":\"2020-11-04T12:50:29+00:00\",\"dateModified\":\"2022-01-19T10:08:38+00:00\",\"description\":\"Pompe \u00e0 eau 55mm. Pompe \u00e0 eau manuelle sp\u00e9ciale pour les bonbonnes avec un goulot de 55 mm. Id\u00e9al pour servir de l'eau de la bonbonnes.\",\"breadcrumb\":{\"@id\":\"https:\\\/\\\/www.hods.eu\\\/fr\\\/productos\\\/pompe-a-eau-55mm\\\/#breadcrumb\"},\"inLanguage\":\"fr-FR\",\"potentialAction\":[{\"@type\":\"ReadAction\",\"target\":[\"https:\\\/\\\/www.hods.eu\\\/fr\\\/productos\\\/pompe-a-eau-55mm\\\/\"]}]},{\"@type\":\"ImageObject\",\"inLanguage\":\"fr-FR\",\"@id\":\"https:\\\/\\\/www.hods.eu\\\/fr\\\/productos\\\/pompe-a-eau-55mm\\\/#primaryimage\",\"url\":\"https:\\\/\\\/www.hods.eu\\\/wp-content\\\/uploads\\\/bomba55_hods_web_01b.jpg\",\"contentUrl\":\"https:\\\/\\\/www.hods.eu\\\/wp-content\\\/uploads\\\/bomba55_hods_web_01b.jpg\",\"width\":768,\"height\":1024,\"caption\":\"Pompe \u00e0 eau pour les bonbonnes en PET de 12 \u00e0 20 litres avec un goulot de 55 mm sans utiliser de bouchon de 5 gallons.\"},{\"@type\":\"BreadcrumbList\",\"@id\":\"https:\\\/\\\/www.hods.eu\\\/fr\\\/productos\\\/pompe-a-eau-55mm\\\/#breadcrumb\",\"itemListElement\":[{\"@type\":\"ListItem\",\"position\":1,\"name\":\"Portada\",\"item\":\"https:\\\/\\\/www.hods.eu\\\/fr\\\/\"},{\"@type\":\"ListItem\",\"position\":2,\"name\":\"Tienda\",\"item\":\"https:\\\/\\\/www.hods.eu\\\/tienda\\\/\"},{\"@type\":\"ListItem\",\"position\":3,\"name\":\"Pompe \u00e0 eau 55mm\"}]},{\"@type\":\"WebSite\",\"@id\":\"https:\\\/\\\/www.hods.eu\\\/fr\\\/#website\",\"url\":\"https:\\\/\\\/www.hods.eu\\\/fr\\\/\",\"name\":\"HODS\",\"description\":\"water? drink with us\",\"publisher\":{\"@id\":\"https:\\\/\\\/www.hods.eu\\\/fr\\\/#organization\"},\"potentialAction\":[{\"@type\":\"SearchAction\",\"target\":{\"@type\":\"EntryPoint\",\"urlTemplate\":\"https:\\\/\\\/www.hods.eu\\\/fr\\\/?s={search_term_string}\"},\"query-input\":{\"@type\":\"PropertyValueSpecification\",\"valueRequired\":true,\"valueName\":\"search_term_string\"}}],\"inLanguage\":\"fr-FR\"},{\"@type\":\"Organization\",\"@id\":\"https:\\\/\\\/www.hods.eu\\\/fr\\\/#organization\",\"name\":\"HODS\",\"url\":\"https:\\\/\\\/www.hods.eu\\\/fr\\\/\",\"logo\":{\"@type\":\"ImageObject\",\"inLanguage\":\"fr-FR\",\"@id\":\"https:\\\/\\\/www.hods.eu\\\/fr\\\/#\\\/schema\\\/logo\\\/image\\\/\",\"url\":\"https:\\\/\\\/www.hods.eu\\\/wp-content\\\/uploads\\\/hods-completo-blanco2.jpg\",\"contentUrl\":\"https:\\\/\\\/www.hods.eu\\\/wp-content\\\/uploads\\\/hods-completo-blanco2.jpg\",\"width\":500,\"height\":179,\"caption\":\"HODS\"},\"image\":{\"@id\":\"https:\\\/\\\/www.hods.eu\\\/fr\\\/#\\\/schema\\\/logo\\\/image\\\/\"}}]}<\/script>\n<!-- \/ Yoast SEO plugin. -->","yoast_head_json":{"title":"Pompe \u00e0 eau 55mm - Distributeur manuel d'eau temp\u00e9r\u00e9e","description":"Pompe \u00e0 eau 55mm. Pompe \u00e0 eau manuelle sp\u00e9ciale pour les bonbonnes avec un goulot de 55 mm. Id\u00e9al pour servir de l'eau de la bonbonnes.","robots":{"index":"index","follow":"follow","max-snippet":"max-snippet:-1","max-image-preview":"max-image-preview:large","max-video-preview":"max-video-preview:-1"},"canonical":"https:\/\/www.hods.eu\/fr\/productos\/pompe-a-eau-55mm\/","og_locale":"fr_FR","og_type":"article","og_title":"Pompe \u00e0 eau 55mm - Distributeur manuel d'eau temp\u00e9r\u00e9e","og_description":"Pompe \u00e0 eau 55mm. Pompe \u00e0 eau manuelle sp\u00e9ciale pour les bonbonnes avec un goulot de 55 mm. Id\u00e9al pour servir de l'eau de la bonbonnes.","og_url":"https:\/\/www.hods.eu\/fr\/productos\/pompe-a-eau-55mm\/","og_site_name":"HODS","article_modified_time":"2022-01-19T10:08:38+00:00","og_image":[{"width":768,"height":1024,"url":"https:\/\/www.hods.eu\/wp-content\/uploads\/bomba55_hods_web_01b.jpg","type":"image\/jpeg"}],"twitter_card":"summary_large_image","twitter_misc":{"Dur\u00e9e de lecture estim\u00e9e":"1 minute"},"schema":{"@context":"https:\/\/schema.org","@graph":[{"@type":"WebPage","@id":"https:\/\/www.hods.eu\/fr\/productos\/pompe-a-eau-55mm\/","url":"https:\/\/www.hods.eu\/fr\/productos\/pompe-a-eau-55mm\/","name":"Pompe \u00e0 eau 55mm - Distributeur manuel d'eau temp\u00e9r\u00e9e","isPartOf":{"@id":"https:\/\/www.hods.eu\/fr\/#website"},"primaryImageOfPage":{"@id":"https:\/\/www.hods.eu\/fr\/productos\/pompe-a-eau-55mm\/#primaryimage"},"image":{"@id":"https:\/\/www.hods.eu\/fr\/productos\/pompe-a-eau-55mm\/#primaryimage"},"thumbnailUrl":"https:\/\/www.hods.eu\/wp-content\/uploads\/bomba55_hods_web_01b.jpg","datePublished":"2020-11-04T12:50:29+00:00","dateModified":"2022-01-19T10:08:38+00:00","description":"Pompe \u00e0 eau 55mm. Pompe \u00e0 eau manuelle sp\u00e9ciale pour les bonbonnes avec un goulot de 55 mm. Id\u00e9al pour servir de l'eau de la bonbonnes.","breadcrumb":{"@id":"https:\/\/www.hods.eu\/fr\/productos\/pompe-a-eau-55mm\/#breadcrumb"},"inLanguage":"fr-FR","potentialAction":[{"@type":"ReadAction","target":["https:\/\/www.hods.eu\/fr\/productos\/pompe-a-eau-55mm\/"]}]},{"@type":"ImageObject","inLanguage":"fr-FR","@id":"https:\/\/www.hods.eu\/fr\/productos\/pompe-a-eau-55mm\/#primaryimage","url":"https:\/\/www.hods.eu\/wp-content\/uploads\/bomba55_hods_web_01b.jpg","contentUrl":"https:\/\/www.hods.eu\/wp-content\/uploads\/bomba55_hods_web_01b.jpg","width":768,"height":1024,"caption":"Pompe \u00e0 eau pour les bonbonnes en PET de 12 \u00e0 20 litres avec un goulot de 55 mm sans utiliser de bouchon de 5 gallons."},{"@type":"BreadcrumbList","@id":"https:\/\/www.hods.eu\/fr\/productos\/pompe-a-eau-55mm\/#breadcrumb","itemListElement":[{"@type":"ListItem","position":1,"name":"Portada","item":"https:\/\/www.hods.eu\/fr\/"},{"@type":"ListItem","position":2,"name":"Tienda","item":"https:\/\/www.hods.eu\/tienda\/"},{"@type":"ListItem","position":3,"name":"Pompe \u00e0 eau 55mm"}]},{"@type":"WebSite","@id":"https:\/\/www.hods.eu\/fr\/#website","url":"https:\/\/www.hods.eu\/fr\/","name":"HODS","description":"water? drink with us","publisher":{"@id":"https:\/\/www.hods.eu\/fr\/#organization"},"potentialAction":[{"@type":"SearchAction","target":{"@type":"EntryPoint","urlTemplate":"https:\/\/www.hods.eu\/fr\/?s={search_term_string}"},"query-input":{"@type":"PropertyValueSpecification","valueRequired":true,"valueName":"search_term_string"}}],"inLanguage":"fr-FR"},{"@type":"Organization","@id":"https:\/\/www.hods.eu\/fr\/#organization","name":"HODS","url":"https:\/\/www.hods.eu\/fr\/","logo":{"@type":"ImageObject","inLanguage":"fr-FR","@id":"https:\/\/www.hods.eu\/fr\/#\/schema\/logo\/image\/","url":"https:\/\/www.hods.eu\/wp-content\/uploads\/hods-completo-blanco2.jpg","contentUrl":"https:\/\/www.hods.eu\/wp-content\/uploads\/hods-completo-blanco2.jpg","width":500,"height":179,"caption":"HODS"},"image":{"@id":"https:\/\/www.hods.eu\/fr\/#\/schema\/logo\/image\/"}}]}},"_links":{"self":[{"href":"https:\/\/www.hods.eu\/fr\/wp-json\/wp\/v2\/product\/27939","targetHints":{"allow":["GET"]}}],"collection":[{"href":"https:\/\/www.hods.eu\/fr\/wp-json\/wp\/v2\/product"}],"about":[{"href":"https:\/\/www.hods.eu\/fr\/wp-json\/wp\/v2\/types\/product"}],"wp:featuredmedia":[{"embeddable":true,"href":"https:\/\/www.hods.eu\/fr\/wp-json\/wp\/v2\/media\/27799"}],"wp:attachment":[{"href":"https:\/\/www.hods.eu\/fr\/wp-json\/wp\/v2\/media?parent=27939"}],"wp:term":[{"taxonomy":"product_brand","embeddable":true,"href":"https:\/\/www.hods.eu\/fr\/wp-json\/wp\/v2\/product_brand?post=27939"},{"taxonomy":"product_cat","embeddable":true,"href":"https:\/\/www.hods.eu\/fr\/wp-json\/wp\/v2\/product_cat?post=27939"},{"taxonomy":"product_tag","embeddable":true,"href":"https:\/\/www.hods.eu\/fr\/wp-json\/wp\/v2\/product_tag?post=27939"}],"curies":[{"name":"wp","href":"https:\/\/api.w.org\/{rel}","templated":true}]}}