{"id":25453,"date":"2020-06-03T09:47:52","date_gmt":"2020-06-03T08:47:52","guid":{"rendered":"https:\/\/www.hods.eu\/?post_type=product&#038;p=25453"},"modified":"2022-01-26T12:49:12","modified_gmt":"2022-01-26T11:49:12","slug":"preforme-pet-460gr","status":"publish","type":"product","link":"https:\/\/www.hods.eu\/fr\/productos\/preforme-pet-460gr\/","title":{"rendered":"Pr\u00e9forme PET 460gr"},"content":{"rendered":"<h3 style=\"text-align: justify; color: #6d6d6d;\"><strong>Pr\u00e9forme PET de 460gr sans BISFENOL-A<\/strong>. Recommand\u00e9 pour la fabrication de bonbonnes de 12 litres.<\/h3>\n<p style=\"text-align: justify; color: #6d6d6d;\">La mati\u00e8re premi\u00e8re de la pr\u00e9forme en PET de 460gr est garantie par la <strong>Hods Garantie de qualit\u00e9<\/strong>.<\/p>\n<p style=\"text-align: justify; color: #6d6d6d;\">Les couleurs dans lesquelles elle est fabriqu\u00e9e <strong>prot\u00e8gent l&#8217;eau contre les rayons UV<\/strong>, et apportent la touche esth\u00e9tique de la bombonne.<\/p>\n<p style=\"text-align: justify; color: #6d6d6d;\">Comprend un anneau de cou pour une meilleure fixation de la poign\u00e9e de suspension.<\/p>\n<p style=\"text-align: justify; color: #6d6d6d;\">La pr\u00e9forme PET 460gr est disponible dans le couleur : bleu.<\/p>\n<p style=\"text-align: justify; color: #6d6d6d;\">Le produit r\u00e9pond aux exigences \u00e9tablies par la (les) norme (s) et r\u00e9glementation (s):<\/p>\n<ul>\n<li style=\"text-align: justify; color: #6d6d6d;\">R\u00e8glement (CE) n\u00b0 1935\/2004 du Parlement europ\u00e9en du 27 octobre 2004 concernant les mat\u00e9riaux et objets destin\u00e9s \u00e0 entrer en contact avec les denr\u00e9es alimentaires et avec les dispositions de l&#8217;article 5 du Syst\u00e8me d&#8217;assurance qualit\u00e9,<\/li>\n<li style=\"text-align: justify; color: #6d6d6d;\">R\u00e8glement (CE) n\u00b0 2023\/2006 de la Commission du 22 d\u00e9cembre 2006 relatif aux bonnes pratiques de fabrication des mat\u00e9riaux et objets destin\u00e9s \u00e0 entrer en contact avec les denr\u00e9es alimentaires;<\/li>\n<li style=\"text-align: justify; color: #6d6d6d;\">R\u00e8glement (UE) n\u00b0 2019\/37 du 10 janvier 2019, portant modification et rectification du R\u00e8glement (UE) n\u00b0 10\/2011 pour les mat\u00e9riaux et les objets en plastique en contact avec l&#8217;eau.<\/li>\n<\/ul>\n<h4 style=\"text-align: justify; color: #6d6d6d;\">Rapport d&#8217;essai d\u00e9livr\u00e9 par SGS:<\/h4>\n<p style=\"text-align: justify; color: #6d6d6d;\">Valeurs de la migration globale dans l&#8217;eau (mg\/dm2) &lt; 3<\/p>\n<p style=\"text-align: justify; color: #6d6d6d;\">Constituants susceptible de migrer (migration sp\u00e9cifique): acide t\u00e9r\u00e9phtalique, acide isophtalique, \u00e9thyl\u00e8ne glycol et di\u00e9thyl\u00e8ne glycol et trioxyde<br \/>\nd\u2019antimoine<\/p>\n","protected":false},"excerpt":{"rendered":"<p><img decoding=\"async\" src=\"https:\/\/www.hods.eu\/wp-content\/uploads\/botellon.png\" border=\"0\" \/><span style=\"color: #6d6d6d;\">Pour une bonbonne de 12 litres.<\/span><\/p>\n<p><img decoding=\"async\" src=\"https:\/\/www.hods.eu\/wp-content\/uploads\/bpa.png\" border=\"0\" \/><span style=\"color: #6d6d6d;\">Produit fabriqu\u00e9 en PET et <strong>compl\u00e8tement exempt de BPA.<\/strong><\/span><\/p>\n<p><img decoding=\"async\" src=\"https:\/\/www.hods.eu\/wp-content\/uploads\/golpes.png\" border=\"0\" \/><span style=\"color: #6d6d6d;\">Mat\u00e9riau r\u00e9sistant aux chocs qui prot\u00e8ge l&#8217;eau des rayons UV.<\/span><\/p>\n<p><img decoding=\"async\" src=\"https:\/\/www.hods.eu\/wp-content\/uploads\/tapon.png\" border=\"0\" \/><span style=\"color: #6d6d6d;\">Col de 55 millim\u00e8tres avec anneau pour la poign\u00e9e et convenant \u00e0 un bouchon de 5 gallons.<\/span><\/p>\n","protected":false},"featured_media":30672,"template":"","meta":[],"product_brand":[],"product_cat":[77],"product_tag":[],"class_list":{"0":"post-25453","1":"product","2":"type-product","3":"status-publish","4":"has-post-thumbnail","6":"product_cat-bonbonnes-bouchons","8":"first","9":"instock","10":"shipping-taxable","11":"product-type-simple"},"yoast_head":"<!-- This site is optimized with the Yoast SEO plugin v27.3 - https:\/\/yoast.com\/product\/yoast-seo-wordpress\/ -->\n<title>Pr\u00e9forme PET 460gr<\/title>\n<meta name=\"description\" content=\"Pr\u00e9forme PET 460gr. SANS BISPH\u00c9NOL-A. Mati\u00e8re premi\u00e8re garantie par la garantie de qualit\u00e9 Hods. Disponible dans le couleur: bleu.\" \/>\n<meta name=\"robots\" content=\"index, follow, max-snippet:-1, max-image-preview:large, max-video-preview:-1\" \/>\n<link rel=\"canonical\" href=\"https:\/\/www.hods.eu\/fr\/productos\/preforme-pet-460gr\/\" \/>\n<meta property=\"og:locale\" content=\"fr_FR\" \/>\n<meta property=\"og:type\" content=\"article\" \/>\n<meta property=\"og:title\" content=\"Pr\u00e9forme PET 460gr\" \/>\n<meta property=\"og:description\" content=\"Pr\u00e9forme PET 460gr. SANS BISPH\u00c9NOL-A. Mati\u00e8re premi\u00e8re garantie par la garantie de qualit\u00e9 Hods. Disponible dans le couleur: bleu.\" \/>\n<meta property=\"og:url\" content=\"https:\/\/www.hods.eu\/fr\/productos\/preforme-pet-460gr\/\" \/>\n<meta property=\"og:site_name\" content=\"HODS\" \/>\n<meta property=\"article:modified_time\" content=\"2022-01-26T11:49:12+00:00\" \/>\n<meta property=\"og:image\" content=\"https:\/\/www.hods.eu\/wp-content\/uploads\/preformas_hods_web_04.jpg\" \/>\n\t<meta property=\"og:image:width\" content=\"768\" \/>\n\t<meta property=\"og:image:height\" content=\"1024\" \/>\n\t<meta property=\"og:image:type\" content=\"image\/jpeg\" \/>\n<meta name=\"twitter:card\" content=\"summary_large_image\" \/>\n<meta name=\"twitter:label1\" content=\"Dur\u00e9e de lecture estim\u00e9e\" \/>\n\t<meta name=\"twitter:data1\" content=\"1 minute\" \/>\n<script type=\"application\/ld+json\" class=\"yoast-schema-graph\">{\"@context\":\"https:\\\/\\\/schema.org\",\"@graph\":[{\"@type\":\"WebPage\",\"@id\":\"https:\\\/\\\/www.hods.eu\\\/fr\\\/productos\\\/preforme-pet-460gr\\\/\",\"url\":\"https:\\\/\\\/www.hods.eu\\\/fr\\\/productos\\\/preforme-pet-460gr\\\/\",\"name\":\"Pr\u00e9forme PET 460gr\",\"isPartOf\":{\"@id\":\"https:\\\/\\\/www.hods.eu\\\/fr\\\/#website\"},\"primaryImageOfPage\":{\"@id\":\"https:\\\/\\\/www.hods.eu\\\/fr\\\/productos\\\/preforme-pet-460gr\\\/#primaryimage\"},\"image\":{\"@id\":\"https:\\\/\\\/www.hods.eu\\\/fr\\\/productos\\\/preforme-pet-460gr\\\/#primaryimage\"},\"thumbnailUrl\":\"https:\\\/\\\/www.hods.eu\\\/wp-content\\\/uploads\\\/preformas_hods_web_04.jpg\",\"datePublished\":\"2020-06-03T08:47:52+00:00\",\"dateModified\":\"2022-01-26T11:49:12+00:00\",\"description\":\"Pr\u00e9forme PET 460gr. SANS BISPH\u00c9NOL-A. Mati\u00e8re premi\u00e8re garantie par la garantie de qualit\u00e9 Hods. Disponible dans le couleur: bleu.\",\"breadcrumb\":{\"@id\":\"https:\\\/\\\/www.hods.eu\\\/fr\\\/productos\\\/preforme-pet-460gr\\\/#breadcrumb\"},\"inLanguage\":\"fr-FR\",\"potentialAction\":[{\"@type\":\"ReadAction\",\"target\":[\"https:\\\/\\\/www.hods.eu\\\/fr\\\/productos\\\/preforme-pet-460gr\\\/\"]}]},{\"@type\":\"ImageObject\",\"inLanguage\":\"fr-FR\",\"@id\":\"https:\\\/\\\/www.hods.eu\\\/fr\\\/productos\\\/preforme-pet-460gr\\\/#primaryimage\",\"url\":\"https:\\\/\\\/www.hods.eu\\\/wp-content\\\/uploads\\\/preformas_hods_web_04.jpg\",\"contentUrl\":\"https:\\\/\\\/www.hods.eu\\\/wp-content\\\/uploads\\\/preformas_hods_web_04.jpg\",\"width\":768,\"height\":1024,\"caption\":\"Pr\u00e9forme PET 460g. Fabriqu\u00e9 en PET sans bisph\u00e9nol A pour le moulage par soufflage de bouteilles pour l'embouteillage de l'eau.\"},{\"@type\":\"BreadcrumbList\",\"@id\":\"https:\\\/\\\/www.hods.eu\\\/fr\\\/productos\\\/preforme-pet-460gr\\\/#breadcrumb\",\"itemListElement\":[{\"@type\":\"ListItem\",\"position\":1,\"name\":\"Portada\",\"item\":\"https:\\\/\\\/www.hods.eu\\\/fr\\\/\"},{\"@type\":\"ListItem\",\"position\":2,\"name\":\"Tienda\",\"item\":\"https:\\\/\\\/www.hods.eu\\\/tienda\\\/\"},{\"@type\":\"ListItem\",\"position\":3,\"name\":\"Pr\u00e9forme PET 460gr\"}]},{\"@type\":\"WebSite\",\"@id\":\"https:\\\/\\\/www.hods.eu\\\/fr\\\/#website\",\"url\":\"https:\\\/\\\/www.hods.eu\\\/fr\\\/\",\"name\":\"HODS\",\"description\":\"water? drink with us\",\"publisher\":{\"@id\":\"https:\\\/\\\/www.hods.eu\\\/fr\\\/#organization\"},\"potentialAction\":[{\"@type\":\"SearchAction\",\"target\":{\"@type\":\"EntryPoint\",\"urlTemplate\":\"https:\\\/\\\/www.hods.eu\\\/fr\\\/?s={search_term_string}\"},\"query-input\":{\"@type\":\"PropertyValueSpecification\",\"valueRequired\":true,\"valueName\":\"search_term_string\"}}],\"inLanguage\":\"fr-FR\"},{\"@type\":\"Organization\",\"@id\":\"https:\\\/\\\/www.hods.eu\\\/fr\\\/#organization\",\"name\":\"HODS\",\"url\":\"https:\\\/\\\/www.hods.eu\\\/fr\\\/\",\"logo\":{\"@type\":\"ImageObject\",\"inLanguage\":\"fr-FR\",\"@id\":\"https:\\\/\\\/www.hods.eu\\\/fr\\\/#\\\/schema\\\/logo\\\/image\\\/\",\"url\":\"https:\\\/\\\/www.hods.eu\\\/wp-content\\\/uploads\\\/hods-completo-blanco2.jpg\",\"contentUrl\":\"https:\\\/\\\/www.hods.eu\\\/wp-content\\\/uploads\\\/hods-completo-blanco2.jpg\",\"width\":500,\"height\":179,\"caption\":\"HODS\"},\"image\":{\"@id\":\"https:\\\/\\\/www.hods.eu\\\/fr\\\/#\\\/schema\\\/logo\\\/image\\\/\"}}]}<\/script>\n<!-- \/ Yoast SEO plugin. -->","yoast_head_json":{"title":"Pr\u00e9forme PET 460gr","description":"Pr\u00e9forme PET 460gr. SANS BISPH\u00c9NOL-A. Mati\u00e8re premi\u00e8re garantie par la garantie de qualit\u00e9 Hods. Disponible dans le couleur: bleu.","robots":{"index":"index","follow":"follow","max-snippet":"max-snippet:-1","max-image-preview":"max-image-preview:large","max-video-preview":"max-video-preview:-1"},"canonical":"https:\/\/www.hods.eu\/fr\/productos\/preforme-pet-460gr\/","og_locale":"fr_FR","og_type":"article","og_title":"Pr\u00e9forme PET 460gr","og_description":"Pr\u00e9forme PET 460gr. SANS BISPH\u00c9NOL-A. Mati\u00e8re premi\u00e8re garantie par la garantie de qualit\u00e9 Hods. Disponible dans le couleur: bleu.","og_url":"https:\/\/www.hods.eu\/fr\/productos\/preforme-pet-460gr\/","og_site_name":"HODS","article_modified_time":"2022-01-26T11:49:12+00:00","og_image":[{"width":768,"height":1024,"url":"https:\/\/www.hods.eu\/wp-content\/uploads\/preformas_hods_web_04.jpg","type":"image\/jpeg"}],"twitter_card":"summary_large_image","twitter_misc":{"Dur\u00e9e de lecture estim\u00e9e":"1 minute"},"schema":{"@context":"https:\/\/schema.org","@graph":[{"@type":"WebPage","@id":"https:\/\/www.hods.eu\/fr\/productos\/preforme-pet-460gr\/","url":"https:\/\/www.hods.eu\/fr\/productos\/preforme-pet-460gr\/","name":"Pr\u00e9forme PET 460gr","isPartOf":{"@id":"https:\/\/www.hods.eu\/fr\/#website"},"primaryImageOfPage":{"@id":"https:\/\/www.hods.eu\/fr\/productos\/preforme-pet-460gr\/#primaryimage"},"image":{"@id":"https:\/\/www.hods.eu\/fr\/productos\/preforme-pet-460gr\/#primaryimage"},"thumbnailUrl":"https:\/\/www.hods.eu\/wp-content\/uploads\/preformas_hods_web_04.jpg","datePublished":"2020-06-03T08:47:52+00:00","dateModified":"2022-01-26T11:49:12+00:00","description":"Pr\u00e9forme PET 460gr. SANS BISPH\u00c9NOL-A. Mati\u00e8re premi\u00e8re garantie par la garantie de qualit\u00e9 Hods. Disponible dans le couleur: bleu.","breadcrumb":{"@id":"https:\/\/www.hods.eu\/fr\/productos\/preforme-pet-460gr\/#breadcrumb"},"inLanguage":"fr-FR","potentialAction":[{"@type":"ReadAction","target":["https:\/\/www.hods.eu\/fr\/productos\/preforme-pet-460gr\/"]}]},{"@type":"ImageObject","inLanguage":"fr-FR","@id":"https:\/\/www.hods.eu\/fr\/productos\/preforme-pet-460gr\/#primaryimage","url":"https:\/\/www.hods.eu\/wp-content\/uploads\/preformas_hods_web_04.jpg","contentUrl":"https:\/\/www.hods.eu\/wp-content\/uploads\/preformas_hods_web_04.jpg","width":768,"height":1024,"caption":"Pr\u00e9forme PET 460g. Fabriqu\u00e9 en PET sans bisph\u00e9nol A pour le moulage par soufflage de bouteilles pour l'embouteillage de l'eau."},{"@type":"BreadcrumbList","@id":"https:\/\/www.hods.eu\/fr\/productos\/preforme-pet-460gr\/#breadcrumb","itemListElement":[{"@type":"ListItem","position":1,"name":"Portada","item":"https:\/\/www.hods.eu\/fr\/"},{"@type":"ListItem","position":2,"name":"Tienda","item":"https:\/\/www.hods.eu\/tienda\/"},{"@type":"ListItem","position":3,"name":"Pr\u00e9forme PET 460gr"}]},{"@type":"WebSite","@id":"https:\/\/www.hods.eu\/fr\/#website","url":"https:\/\/www.hods.eu\/fr\/","name":"HODS","description":"water? drink with us","publisher":{"@id":"https:\/\/www.hods.eu\/fr\/#organization"},"potentialAction":[{"@type":"SearchAction","target":{"@type":"EntryPoint","urlTemplate":"https:\/\/www.hods.eu\/fr\/?s={search_term_string}"},"query-input":{"@type":"PropertyValueSpecification","valueRequired":true,"valueName":"search_term_string"}}],"inLanguage":"fr-FR"},{"@type":"Organization","@id":"https:\/\/www.hods.eu\/fr\/#organization","name":"HODS","url":"https:\/\/www.hods.eu\/fr\/","logo":{"@type":"ImageObject","inLanguage":"fr-FR","@id":"https:\/\/www.hods.eu\/fr\/#\/schema\/logo\/image\/","url":"https:\/\/www.hods.eu\/wp-content\/uploads\/hods-completo-blanco2.jpg","contentUrl":"https:\/\/www.hods.eu\/wp-content\/uploads\/hods-completo-blanco2.jpg","width":500,"height":179,"caption":"HODS"},"image":{"@id":"https:\/\/www.hods.eu\/fr\/#\/schema\/logo\/image\/"}}]}},"_links":{"self":[{"href":"https:\/\/www.hods.eu\/fr\/wp-json\/wp\/v2\/product\/25453","targetHints":{"allow":["GET"]}}],"collection":[{"href":"https:\/\/www.hods.eu\/fr\/wp-json\/wp\/v2\/product"}],"about":[{"href":"https:\/\/www.hods.eu\/fr\/wp-json\/wp\/v2\/types\/product"}],"wp:featuredmedia":[{"embeddable":true,"href":"https:\/\/www.hods.eu\/fr\/wp-json\/wp\/v2\/media\/30672"}],"wp:attachment":[{"href":"https:\/\/www.hods.eu\/fr\/wp-json\/wp\/v2\/media?parent=25453"}],"wp:term":[{"taxonomy":"product_brand","embeddable":true,"href":"https:\/\/www.hods.eu\/fr\/wp-json\/wp\/v2\/product_brand?post=25453"},{"taxonomy":"product_cat","embeddable":true,"href":"https:\/\/www.hods.eu\/fr\/wp-json\/wp\/v2\/product_cat?post=25453"},{"taxonomy":"product_tag","embeddable":true,"href":"https:\/\/www.hods.eu\/fr\/wp-json\/wp\/v2\/product_tag?post=25453"}],"curies":[{"name":"wp","href":"https:\/\/api.w.org\/{rel}","templated":true}]}}