{"id":18583,"date":"2016-03-11T08:28:59","date_gmt":"2016-03-11T07:28:59","guid":{"rendered":"https:\/\/www.hods.eu\/producto\/ph-metre\/"},"modified":"2022-01-19T11:36:25","modified_gmt":"2022-01-19T10:36:25","slug":"ph-metre","status":"publish","type":"product","link":"https:\/\/www.hods.eu\/fr\/productos\/ph-metre\/","title":{"rendered":"PH-M\u00e8tre"},"content":{"rendered":"<h3 style=\"text-align: justify; color: #6d6d6d;\">PH-M\u00e8tre de laboratoire pour v\u00e9rifier les niveaux d&#8217;acidit\u00e9 et la temp\u00e9rature de l&#8217;eau.<\/h3>\n<p style=\"text-align: justify; color: #6d6d6d;\">Ce PH-m\u00e8tre de haute qualit\u00e9 r\u00e9pond \u00e0 toutes les exigences et marquages europ\u00e9ens. Il dispose \u00e9galement de la garantie de qualit\u00e9 HODS.<\/p>\n<p style=\"text-align: justify; color: #6d6d6d;\">Il est extraordinairement efficace pour <strong>contr\u00f4ler l&#8217;acidit\u00e9 de l&#8217;eau et sa temp\u00e9rature<\/strong>, il offre de grandes performances et des valeurs imm\u00e9diates au moment de la mesure gr\u00e2ce \u00e0 son affichage num\u00e9rique. Peut geler les valeurs de la mesure pour ne pas les perdre et mesurer la temp\u00e9rature en faisant une compensation automatique. De plus, il incorpore les r\u00e9gulateurs n\u00e9cessaires pour effectuer le calibrage de l&#8217;appareil quand il est n\u00e9cessaire et de fa\u00e7on incroyablement simple.<\/p>\n<p style=\"text-align: justify; color: #6d6d6d;\">C&#8217;est le produit id\u00e9al <strong>pour v\u00e9rifier la bonne d\u00e9sinfection<\/strong> du distributeur d&#8217;eau. Apr\u00e8s avoir d\u00e9sinfect\u00e9 le distributeur avec des produits d\u00e9tergents tels que <a href=\"https:\/\/www.hods.eu\/fr\/producto\/divosan-mezzo\/\">Divosan Mezzo<\/a>, il est pratique de v\u00e9rifier le pH correct de l&#8217;eau. De cette fa\u00e7on, on \u00e9vite que des restes de d\u00e9tergent ne se retrouvent dans l&#8217;eau.<\/p>\n<p style=\"text-align: justify; color: #6d6d6d;\">Aliment\u00e9 par des batteries AG13, permettant une totale libert\u00e9 de mouvement sans avoir \u00e0 \u00eatre connect\u00e9 au r\u00e9seau.<\/p>\n<p style=\"text-align: justify; color: #6d6d6d;\">Remarque:<em> le lecteur est d\u00e9j\u00e0 livr\u00e9 avec un \u00e9talonnage test\u00e9, il suffit de l&#8217;allumer et de l&#8217;utiliser. Il fonctionne avec des piles AG13, elles sont incluses dans le produit.<\/em><\/p>\n","protected":false},"excerpt":{"rendered":"<p><img decoding=\"async\" src=\"https:\/\/www.hods.eu\/wp-content\/uploads\/estabilidad.png\" border=\"0\" \/><span style=\"color: #6d6d6d;\"><strong>\u00c9talonnage test\u00e9<\/strong>.<\/span><\/p>\n<p><img decoding=\"async\" src=\"https:\/\/www.hods.eu\/wp-content\/uploads\/bloquear.png\" border=\"0\" \/><span style=\"color: #6d6d6d;\">Possibilit\u00e9 de geler les valeurs.<\/span><\/p>\n<p><img decoding=\"async\" src=\"https:\/\/www.hods.eu\/wp-content\/uploads\/enfriamiento.png\" border=\"0\" \/><span style=\"color: #6d6d6d;\">V\u00e9rifier<strong> l&#8217;acidit\u00e9 et la temp\u00e9rature<\/strong> de l&#8217;eau.<\/span><\/p>\n<p><img decoding=\"async\" src=\"https:\/\/www.hods.eu\/wp-content\/uploads\/fuentes.png\" border=\"0\" \/><span style=\"color: #6d6d6d;\">Aide \u00e0 la v\u00e9rification correcte du distributeur apr\u00e8s le nettoyage.<\/span><\/p>\n<p>&nbsp;<\/p>\n<p>&nbsp;<\/p>\n<p><span style=\"color: #6d6d6d;\"><strong>Acheter en ligne <a href=\"https:\/\/watcool.com\/fr\/proprete-et-hygiene\/57-ph-metre.html\" target=\"_blank\" rel=\"noopener\"><img loading=\"lazy\" decoding=\"async\" class=\"alignnone wp-image-30290\" title=\"watcool\" src=\"https:\/\/www.hods.eu\/wp-content\/uploads\/web.jpg\" alt=\"watcool\" width=\"90\" height=\"18\" srcset=\"https:\/\/www.hods.eu\/wp-content\/uploads\/web.jpg 200w, https:\/\/www.hods.eu\/wp-content\/uploads\/web-150x30.jpg 150w\" sizes=\"auto, (max-width: 90px) 100vw, 90px\" \/><\/a><\/strong> <\/span><\/p>\n","protected":false},"featured_media":26154,"template":"","meta":[],"product_brand":[],"product_cat":[81],"product_tag":[],"class_list":{"0":"post-18583","1":"product","2":"type-product","3":"status-publish","4":"has-post-thumbnail","6":"product_cat-proprete-hygiene","8":"first","9":"instock","10":"shipping-taxable","11":"product-type-simple"},"yoast_head":"<!-- This site is optimized with the Yoast SEO plugin v27.3 - https:\/\/yoast.com\/product\/yoast-seo-wordpress\/ -->\n<title>pH-M\u00e8tre de laboratoire Propret\u00e9 et Hygi\u00e8ne - HODS<\/title>\n<meta name=\"description\" content=\"pH-M\u00e8tre de laboratoire pour v\u00e9rifier les niveaux d&#039;acidit\u00e9 et la temp\u00e9rature de l&#039;eau. Id\u00e9al pour v\u00e9rifier le bon assainissement.\" \/>\n<meta name=\"robots\" content=\"index, follow, max-snippet:-1, max-image-preview:large, max-video-preview:-1\" \/>\n<link rel=\"canonical\" href=\"https:\/\/www.hods.eu\/fr\/productos\/ph-metre\/\" \/>\n<meta property=\"og:locale\" content=\"fr_FR\" \/>\n<meta property=\"og:type\" content=\"article\" \/>\n<meta property=\"og:title\" content=\"pH-M\u00e8tre de laboratoire Propret\u00e9 et Hygi\u00e8ne - HODS\" \/>\n<meta property=\"og:description\" content=\"pH-M\u00e8tre de laboratoire pour v\u00e9rifier les niveaux d&#039;acidit\u00e9 et la temp\u00e9rature de l&#039;eau. Id\u00e9al pour v\u00e9rifier le bon assainissement.\" \/>\n<meta property=\"og:url\" content=\"https:\/\/www.hods.eu\/fr\/productos\/ph-metre\/\" \/>\n<meta property=\"og:site_name\" content=\"HODS\" \/>\n<meta property=\"article:modified_time\" content=\"2022-01-19T10:36:25+00:00\" \/>\n<meta property=\"og:image\" content=\"https:\/\/www.hods.eu\/wp-content\/uploads\/phmeter_hods_web_01.jpg\" \/>\n\t<meta property=\"og:image:width\" content=\"768\" \/>\n\t<meta property=\"og:image:height\" content=\"1024\" \/>\n\t<meta property=\"og:image:type\" content=\"image\/jpeg\" \/>\n<meta name=\"twitter:card\" content=\"summary_large_image\" \/>\n<meta name=\"twitter:label1\" content=\"Dur\u00e9e de lecture estim\u00e9e\" \/>\n\t<meta name=\"twitter:data1\" content=\"1 minute\" \/>\n<script type=\"application\/ld+json\" class=\"yoast-schema-graph\">{\"@context\":\"https:\\\/\\\/schema.org\",\"@graph\":[{\"@type\":\"WebPage\",\"@id\":\"https:\\\/\\\/www.hods.eu\\\/fr\\\/productos\\\/ph-metre\\\/\",\"url\":\"https:\\\/\\\/www.hods.eu\\\/fr\\\/productos\\\/ph-metre\\\/\",\"name\":\"pH-M\u00e8tre de laboratoire Propret\u00e9 et Hygi\u00e8ne - HODS\",\"isPartOf\":{\"@id\":\"https:\\\/\\\/www.hods.eu\\\/fr\\\/#website\"},\"primaryImageOfPage\":{\"@id\":\"https:\\\/\\\/www.hods.eu\\\/fr\\\/productos\\\/ph-metre\\\/#primaryimage\"},\"image\":{\"@id\":\"https:\\\/\\\/www.hods.eu\\\/fr\\\/productos\\\/ph-metre\\\/#primaryimage\"},\"thumbnailUrl\":\"https:\\\/\\\/www.hods.eu\\\/wp-content\\\/uploads\\\/phmeter_hods_web_01.jpg\",\"datePublished\":\"2016-03-11T07:28:59+00:00\",\"dateModified\":\"2022-01-19T10:36:25+00:00\",\"description\":\"pH-M\u00e8tre de laboratoire pour v\u00e9rifier les niveaux d'acidit\u00e9 et la temp\u00e9rature de l'eau. Id\u00e9al pour v\u00e9rifier le bon assainissement.\",\"breadcrumb\":{\"@id\":\"https:\\\/\\\/www.hods.eu\\\/fr\\\/productos\\\/ph-metre\\\/#breadcrumb\"},\"inLanguage\":\"fr-FR\",\"potentialAction\":[{\"@type\":\"ReadAction\",\"target\":[\"https:\\\/\\\/www.hods.eu\\\/fr\\\/productos\\\/ph-metre\\\/\"]}]},{\"@type\":\"ImageObject\",\"inLanguage\":\"fr-FR\",\"@id\":\"https:\\\/\\\/www.hods.eu\\\/fr\\\/productos\\\/ph-metre\\\/#primaryimage\",\"url\":\"https:\\\/\\\/www.hods.eu\\\/wp-content\\\/uploads\\\/phmeter_hods_web_01.jpg\",\"contentUrl\":\"https:\\\/\\\/www.hods.eu\\\/wp-content\\\/uploads\\\/phmeter_hods_web_01.jpg\",\"width\":768,\"height\":1024,\"caption\":\"pH-m\u00e8tre de laboratoire pour l'eau. Il mesure \u00e9galement la temp\u00e9rature de l'eau et les donn\u00e9es peuvent \u00eatre gel\u00e9es.\"},{\"@type\":\"BreadcrumbList\",\"@id\":\"https:\\\/\\\/www.hods.eu\\\/fr\\\/productos\\\/ph-metre\\\/#breadcrumb\",\"itemListElement\":[{\"@type\":\"ListItem\",\"position\":1,\"name\":\"Portada\",\"item\":\"https:\\\/\\\/www.hods.eu\\\/fr\\\/\"},{\"@type\":\"ListItem\",\"position\":2,\"name\":\"Tienda\",\"item\":\"https:\\\/\\\/www.hods.eu\\\/tienda\\\/\"},{\"@type\":\"ListItem\",\"position\":3,\"name\":\"PH-M\u00e8tre\"}]},{\"@type\":\"WebSite\",\"@id\":\"https:\\\/\\\/www.hods.eu\\\/fr\\\/#website\",\"url\":\"https:\\\/\\\/www.hods.eu\\\/fr\\\/\",\"name\":\"HODS\",\"description\":\"water? drink with us\",\"publisher\":{\"@id\":\"https:\\\/\\\/www.hods.eu\\\/fr\\\/#organization\"},\"potentialAction\":[{\"@type\":\"SearchAction\",\"target\":{\"@type\":\"EntryPoint\",\"urlTemplate\":\"https:\\\/\\\/www.hods.eu\\\/fr\\\/?s={search_term_string}\"},\"query-input\":{\"@type\":\"PropertyValueSpecification\",\"valueRequired\":true,\"valueName\":\"search_term_string\"}}],\"inLanguage\":\"fr-FR\"},{\"@type\":\"Organization\",\"@id\":\"https:\\\/\\\/www.hods.eu\\\/fr\\\/#organization\",\"name\":\"HODS\",\"url\":\"https:\\\/\\\/www.hods.eu\\\/fr\\\/\",\"logo\":{\"@type\":\"ImageObject\",\"inLanguage\":\"fr-FR\",\"@id\":\"https:\\\/\\\/www.hods.eu\\\/fr\\\/#\\\/schema\\\/logo\\\/image\\\/\",\"url\":\"https:\\\/\\\/www.hods.eu\\\/wp-content\\\/uploads\\\/hods-completo-blanco2.jpg\",\"contentUrl\":\"https:\\\/\\\/www.hods.eu\\\/wp-content\\\/uploads\\\/hods-completo-blanco2.jpg\",\"width\":500,\"height\":179,\"caption\":\"HODS\"},\"image\":{\"@id\":\"https:\\\/\\\/www.hods.eu\\\/fr\\\/#\\\/schema\\\/logo\\\/image\\\/\"}}]}<\/script>\n<!-- \/ Yoast SEO plugin. -->","yoast_head_json":{"title":"pH-M\u00e8tre de laboratoire Propret\u00e9 et Hygi\u00e8ne - HODS","description":"pH-M\u00e8tre de laboratoire pour v\u00e9rifier les niveaux d'acidit\u00e9 et la temp\u00e9rature de l'eau. Id\u00e9al pour v\u00e9rifier le bon assainissement.","robots":{"index":"index","follow":"follow","max-snippet":"max-snippet:-1","max-image-preview":"max-image-preview:large","max-video-preview":"max-video-preview:-1"},"canonical":"https:\/\/www.hods.eu\/fr\/productos\/ph-metre\/","og_locale":"fr_FR","og_type":"article","og_title":"pH-M\u00e8tre de laboratoire Propret\u00e9 et Hygi\u00e8ne - HODS","og_description":"pH-M\u00e8tre de laboratoire pour v\u00e9rifier les niveaux d'acidit\u00e9 et la temp\u00e9rature de l'eau. Id\u00e9al pour v\u00e9rifier le bon assainissement.","og_url":"https:\/\/www.hods.eu\/fr\/productos\/ph-metre\/","og_site_name":"HODS","article_modified_time":"2022-01-19T10:36:25+00:00","og_image":[{"width":768,"height":1024,"url":"https:\/\/www.hods.eu\/wp-content\/uploads\/phmeter_hods_web_01.jpg","type":"image\/jpeg"}],"twitter_card":"summary_large_image","twitter_misc":{"Dur\u00e9e de lecture estim\u00e9e":"1 minute"},"schema":{"@context":"https:\/\/schema.org","@graph":[{"@type":"WebPage","@id":"https:\/\/www.hods.eu\/fr\/productos\/ph-metre\/","url":"https:\/\/www.hods.eu\/fr\/productos\/ph-metre\/","name":"pH-M\u00e8tre de laboratoire Propret\u00e9 et Hygi\u00e8ne - HODS","isPartOf":{"@id":"https:\/\/www.hods.eu\/fr\/#website"},"primaryImageOfPage":{"@id":"https:\/\/www.hods.eu\/fr\/productos\/ph-metre\/#primaryimage"},"image":{"@id":"https:\/\/www.hods.eu\/fr\/productos\/ph-metre\/#primaryimage"},"thumbnailUrl":"https:\/\/www.hods.eu\/wp-content\/uploads\/phmeter_hods_web_01.jpg","datePublished":"2016-03-11T07:28:59+00:00","dateModified":"2022-01-19T10:36:25+00:00","description":"pH-M\u00e8tre de laboratoire pour v\u00e9rifier les niveaux d'acidit\u00e9 et la temp\u00e9rature de l'eau. Id\u00e9al pour v\u00e9rifier le bon assainissement.","breadcrumb":{"@id":"https:\/\/www.hods.eu\/fr\/productos\/ph-metre\/#breadcrumb"},"inLanguage":"fr-FR","potentialAction":[{"@type":"ReadAction","target":["https:\/\/www.hods.eu\/fr\/productos\/ph-metre\/"]}]},{"@type":"ImageObject","inLanguage":"fr-FR","@id":"https:\/\/www.hods.eu\/fr\/productos\/ph-metre\/#primaryimage","url":"https:\/\/www.hods.eu\/wp-content\/uploads\/phmeter_hods_web_01.jpg","contentUrl":"https:\/\/www.hods.eu\/wp-content\/uploads\/phmeter_hods_web_01.jpg","width":768,"height":1024,"caption":"pH-m\u00e8tre de laboratoire pour l'eau. Il mesure \u00e9galement la temp\u00e9rature de l'eau et les donn\u00e9es peuvent \u00eatre gel\u00e9es."},{"@type":"BreadcrumbList","@id":"https:\/\/www.hods.eu\/fr\/productos\/ph-metre\/#breadcrumb","itemListElement":[{"@type":"ListItem","position":1,"name":"Portada","item":"https:\/\/www.hods.eu\/fr\/"},{"@type":"ListItem","position":2,"name":"Tienda","item":"https:\/\/www.hods.eu\/tienda\/"},{"@type":"ListItem","position":3,"name":"PH-M\u00e8tre"}]},{"@type":"WebSite","@id":"https:\/\/www.hods.eu\/fr\/#website","url":"https:\/\/www.hods.eu\/fr\/","name":"HODS","description":"water? drink with us","publisher":{"@id":"https:\/\/www.hods.eu\/fr\/#organization"},"potentialAction":[{"@type":"SearchAction","target":{"@type":"EntryPoint","urlTemplate":"https:\/\/www.hods.eu\/fr\/?s={search_term_string}"},"query-input":{"@type":"PropertyValueSpecification","valueRequired":true,"valueName":"search_term_string"}}],"inLanguage":"fr-FR"},{"@type":"Organization","@id":"https:\/\/www.hods.eu\/fr\/#organization","name":"HODS","url":"https:\/\/www.hods.eu\/fr\/","logo":{"@type":"ImageObject","inLanguage":"fr-FR","@id":"https:\/\/www.hods.eu\/fr\/#\/schema\/logo\/image\/","url":"https:\/\/www.hods.eu\/wp-content\/uploads\/hods-completo-blanco2.jpg","contentUrl":"https:\/\/www.hods.eu\/wp-content\/uploads\/hods-completo-blanco2.jpg","width":500,"height":179,"caption":"HODS"},"image":{"@id":"https:\/\/www.hods.eu\/fr\/#\/schema\/logo\/image\/"}}]}},"_links":{"self":[{"href":"https:\/\/www.hods.eu\/fr\/wp-json\/wp\/v2\/product\/18583","targetHints":{"allow":["GET"]}}],"collection":[{"href":"https:\/\/www.hods.eu\/fr\/wp-json\/wp\/v2\/product"}],"about":[{"href":"https:\/\/www.hods.eu\/fr\/wp-json\/wp\/v2\/types\/product"}],"wp:featuredmedia":[{"embeddable":true,"href":"https:\/\/www.hods.eu\/fr\/wp-json\/wp\/v2\/media\/26154"}],"wp:attachment":[{"href":"https:\/\/www.hods.eu\/fr\/wp-json\/wp\/v2\/media?parent=18583"}],"wp:term":[{"taxonomy":"product_brand","embeddable":true,"href":"https:\/\/www.hods.eu\/fr\/wp-json\/wp\/v2\/product_brand?post=18583"},{"taxonomy":"product_cat","embeddable":true,"href":"https:\/\/www.hods.eu\/fr\/wp-json\/wp\/v2\/product_cat?post=18583"},{"taxonomy":"product_tag","embeddable":true,"href":"https:\/\/www.hods.eu\/fr\/wp-json\/wp\/v2\/product_tag?post=18583"}],"curies":[{"name":"wp","href":"https:\/\/api.w.org\/{rel}","templated":true}]}}