{"id":18580,"date":"2016-03-10T10:55:22","date_gmt":"2016-03-10T09:55:22","guid":{"rendered":"https:\/\/www.hods.eu\/producto\/empileur-de-bonbonnes\/"},"modified":"2022-01-19T11:36:40","modified_gmt":"2022-01-19T10:36:40","slug":"empileur-de-bonbonnes","status":"publish","type":"product","link":"https:\/\/www.hods.eu\/fr\/productos\/empileur-de-bonbonnes\/","title":{"rendered":"Empileur de bonbonnes"},"content":{"rendered":"<h3 style=\"text-align: justify; color: #6d6d6d;\">L&#8217;empileur de bonbonnes bleu permet de stocker jusqu&#8217;\u00e0 2 bouteilles PET en r\u00e9duisant au maximum l&#8217;espace utilis\u00e9 chez le client.<\/h3>\n<p style=\"text-align: justify; color: #6d6d6d;\">L&#8217;empileur de bonbonnes a la <strong>garantie de qualit\u00e9 HODS<\/strong>, qui parie sur ce nouveau produit pour sa simplicit\u00e9 et sa fonctionnalit\u00e9.<\/p>\n<p style=\"text-align: justify; color: #6d6d6d;\">Est fabriqu\u00e9 en <strong>polypropyl\u00e8ne<\/strong>. C&#8217;est le mat\u00e9riau le <strong>plus l\u00e9ger et le plus rigide<\/strong> de tous les thermoplastiques. Il est \u00e9galement tr\u00e8s r\u00e9sistant aux chocs et a une capacit\u00e9 de charge allant jusqu&#8217;\u00e0 40 kg. Par cons\u00e9quent, l&#8217;empileur a une grande r\u00e9sistance et dure toute sa vie, sans augmenter son poids. Il est facile \u00e0 transporter et il est tr\u00e8s confortable de pouvoir le d\u00e9placer selon les besoins de chaque moment. Avec une esth\u00e9tique simple de courbes \u00e9l\u00e9gantes, le design est minimaliste et s&#8217;adapte \u00e0 tout environnement.<\/p>\n<p style=\"text-align: justify; color: #6d6d6d;\">C&#8217;est un moyen tr\u00e8s discret de stocker des <a href=\"https:\/\/www.hods.eu\/fr\/producto\/bonbonne-pet-18-9-litres\/\">bonbonnes PET<\/a> n&#8217;importe o\u00f9, m\u00eame \u00e0 l&#8217;int\u00e9rieur d&#8217;une armoire. Il peut \u00e9galement accompagner n&#8217;importe lequel de nos distributeurs et fontaines \u00e0 eau sans en briser l&#8217;esth\u00e9tique. Nous recommandons surtout d&#8217;ajouter notre <a href=\"https:\/\/www.hods.eu\/fr\/producto\/pompe-a-eau\/\">pompe \u00e0 eau<\/a> manuelle \u00e0 la <strong>bonbonne PET<\/strong> sur le dessus. Il transforme ainsi le empileur de bonbonnes + pompe \u00e0 eau en un distributeur d&#8217;eau temp\u00e9r\u00e9e (eau \u00e0 temp\u00e9rature ambiante). De cette fa\u00e7on, un distributeur d&#8217;eau temp\u00e9r\u00e9e complet est obtenu de fa\u00e7on tr\u00e8s \u00e9conomique.<\/p>\n","protected":false},"excerpt":{"rendered":"<p><img decoding=\"async\" src=\"https:\/\/www.hods.eu\/wp-content\/uploads\/estabilidad.png\" border=\"0\" \/><span style=\"color: #6d6d6d;\">Fabriqu\u00e9 en <strong>polypropyl\u00e8ne<\/strong> (PP).<\/span><\/p>\n<p><img decoding=\"async\" src=\"https:\/\/www.hods.eu\/wp-content\/uploads\/golpes.png\" border=\"0\" \/><span style=\"color: #6d6d6d;\"><strong>Haute r\u00e9sistance et l\u00e9g\u00e8ret\u00e9<\/strong>.<\/span><\/p>\n<p><img decoding=\"async\" src=\"https:\/\/www.hods.eu\/wp-content\/uploads\/botellon.png\" border=\"0\" \/><span style=\"color: #6d6d6d;\">R\u00e9duit l&#8217;espace en empilant 2 bonbonnes.<\/span><\/p>\n<p><img decoding=\"async\" src=\"https:\/\/www.hods.eu\/wp-content\/uploads\/combinable.png\" border=\"0\" \/><span style=\"color: #6d6d6d;\">Combinable avec <strong>pompe \u00e0 eau<\/strong>.<\/span><\/p>\n<p>&nbsp;<\/p>\n<p>&nbsp;<\/p>\n<p><span style=\"color: #6d6d6d;\"><strong>Acheter en ligne <a href=\"https:\/\/watcool.com\/fr\/accessoires\/50-empileur-bonbonnes.html\" target=\"_blank\" rel=\"noopener\"><img loading=\"lazy\" decoding=\"async\" class=\"alignnone wp-image-30290\" title=\"watcool\" src=\"https:\/\/www.hods.eu\/wp-content\/uploads\/web.jpg\" alt=\"watcool\" width=\"90\" height=\"18\" srcset=\"https:\/\/www.hods.eu\/wp-content\/uploads\/web.jpg 200w, https:\/\/www.hods.eu\/wp-content\/uploads\/web-150x30.jpg 150w\" sizes=\"auto, (max-width: 90px) 100vw, 90px\" \/><\/a><\/strong> <\/span><\/p>\n","protected":false},"featured_media":26172,"template":"","meta":[],"product_brand":[],"product_cat":[76],"product_tag":[],"class_list":{"0":"post-18580","1":"product","2":"type-product","3":"status-publish","4":"has-post-thumbnail","6":"product_cat-accessoires","8":"first","9":"instock","10":"shipping-taxable","11":"product-type-simple"},"yoast_head":"<!-- This site is optimized with the Yoast SEO plugin v27.3 - https:\/\/yoast.com\/product\/yoast-seo-wordpress\/ -->\n<title>Empileur de bonbonnes. Accessoires pour bonbonnes - HODS<\/title>\n<meta name=\"description\" content=\"L&#039;empileur de bonbonnes bleu permet de stocker jusqu&#039;\u00e0 2 bouteilles PET en r\u00e9duisant au maximum l&#039;espace utilis\u00e9 chez le client.\" \/>\n<meta name=\"robots\" content=\"index, follow, max-snippet:-1, max-image-preview:large, max-video-preview:-1\" \/>\n<link rel=\"canonical\" href=\"https:\/\/www.hods.eu\/fr\/productos\/empileur-de-bonbonnes\/\" \/>\n<meta property=\"og:locale\" content=\"fr_FR\" \/>\n<meta property=\"og:type\" content=\"article\" \/>\n<meta property=\"og:title\" content=\"Empileur de bonbonnes. Accessoires pour bonbonnes - HODS\" \/>\n<meta property=\"og:description\" content=\"L&#039;empileur de bonbonnes bleu permet de stocker jusqu&#039;\u00e0 2 bouteilles PET en r\u00e9duisant au maximum l&#039;espace utilis\u00e9 chez le client.\" \/>\n<meta property=\"og:url\" content=\"https:\/\/www.hods.eu\/fr\/productos\/empileur-de-bonbonnes\/\" \/>\n<meta property=\"og:site_name\" content=\"HODS\" \/>\n<meta property=\"article:modified_time\" content=\"2022-01-19T10:36:40+00:00\" \/>\n<meta property=\"og:image\" content=\"https:\/\/www.hods.eu\/wp-content\/uploads\/apilador_hods_web_01.jpg\" \/>\n\t<meta property=\"og:image:width\" content=\"768\" \/>\n\t<meta property=\"og:image:height\" content=\"1024\" \/>\n\t<meta property=\"og:image:type\" content=\"image\/jpeg\" \/>\n<meta name=\"twitter:card\" content=\"summary_large_image\" \/>\n<meta name=\"twitter:label1\" content=\"Dur\u00e9e de lecture estim\u00e9e\" \/>\n\t<meta name=\"twitter:data1\" content=\"1 minute\" \/>\n<script type=\"application\/ld+json\" class=\"yoast-schema-graph\">{\"@context\":\"https:\\\/\\\/schema.org\",\"@graph\":[{\"@type\":\"WebPage\",\"@id\":\"https:\\\/\\\/www.hods.eu\\\/fr\\\/productos\\\/empileur-de-bonbonnes\\\/\",\"url\":\"https:\\\/\\\/www.hods.eu\\\/fr\\\/productos\\\/empileur-de-bonbonnes\\\/\",\"name\":\"Empileur de bonbonnes. Accessoires pour bonbonnes - HODS\",\"isPartOf\":{\"@id\":\"https:\\\/\\\/www.hods.eu\\\/fr\\\/#website\"},\"primaryImageOfPage\":{\"@id\":\"https:\\\/\\\/www.hods.eu\\\/fr\\\/productos\\\/empileur-de-bonbonnes\\\/#primaryimage\"},\"image\":{\"@id\":\"https:\\\/\\\/www.hods.eu\\\/fr\\\/productos\\\/empileur-de-bonbonnes\\\/#primaryimage\"},\"thumbnailUrl\":\"https:\\\/\\\/www.hods.eu\\\/wp-content\\\/uploads\\\/apilador_hods_web_01.jpg\",\"datePublished\":\"2016-03-10T09:55:22+00:00\",\"dateModified\":\"2022-01-19T10:36:40+00:00\",\"description\":\"L'empileur de bonbonnes bleu permet de stocker jusqu'\u00e0 2 bouteilles PET en r\u00e9duisant au maximum l'espace utilis\u00e9 chez le client.\",\"breadcrumb\":{\"@id\":\"https:\\\/\\\/www.hods.eu\\\/fr\\\/productos\\\/empileur-de-bonbonnes\\\/#breadcrumb\"},\"inLanguage\":\"fr-FR\",\"potentialAction\":[{\"@type\":\"ReadAction\",\"target\":[\"https:\\\/\\\/www.hods.eu\\\/fr\\\/productos\\\/empileur-de-bonbonnes\\\/\"]}]},{\"@type\":\"ImageObject\",\"inLanguage\":\"fr-FR\",\"@id\":\"https:\\\/\\\/www.hods.eu\\\/fr\\\/productos\\\/empileur-de-bonbonnes\\\/#primaryimage\",\"url\":\"https:\\\/\\\/www.hods.eu\\\/wp-content\\\/uploads\\\/apilador_hods_web_01.jpg\",\"contentUrl\":\"https:\\\/\\\/www.hods.eu\\\/wp-content\\\/uploads\\\/apilador_hods_web_01.jpg\",\"width\":768,\"height\":1024,\"caption\":\"Empileur pour bonbonnes d'eau en polypropyl\u00e8ne. Avec une capacit\u00e9 allant jusqu'\u00e0 40 kg.\"},{\"@type\":\"BreadcrumbList\",\"@id\":\"https:\\\/\\\/www.hods.eu\\\/fr\\\/productos\\\/empileur-de-bonbonnes\\\/#breadcrumb\",\"itemListElement\":[{\"@type\":\"ListItem\",\"position\":1,\"name\":\"Portada\",\"item\":\"https:\\\/\\\/www.hods.eu\\\/fr\\\/\"},{\"@type\":\"ListItem\",\"position\":2,\"name\":\"Tienda\",\"item\":\"https:\\\/\\\/www.hods.eu\\\/tienda\\\/\"},{\"@type\":\"ListItem\",\"position\":3,\"name\":\"Empileur de bonbonnes\"}]},{\"@type\":\"WebSite\",\"@id\":\"https:\\\/\\\/www.hods.eu\\\/fr\\\/#website\",\"url\":\"https:\\\/\\\/www.hods.eu\\\/fr\\\/\",\"name\":\"HODS\",\"description\":\"water? drink with us\",\"publisher\":{\"@id\":\"https:\\\/\\\/www.hods.eu\\\/fr\\\/#organization\"},\"potentialAction\":[{\"@type\":\"SearchAction\",\"target\":{\"@type\":\"EntryPoint\",\"urlTemplate\":\"https:\\\/\\\/www.hods.eu\\\/fr\\\/?s={search_term_string}\"},\"query-input\":{\"@type\":\"PropertyValueSpecification\",\"valueRequired\":true,\"valueName\":\"search_term_string\"}}],\"inLanguage\":\"fr-FR\"},{\"@type\":\"Organization\",\"@id\":\"https:\\\/\\\/www.hods.eu\\\/fr\\\/#organization\",\"name\":\"HODS\",\"url\":\"https:\\\/\\\/www.hods.eu\\\/fr\\\/\",\"logo\":{\"@type\":\"ImageObject\",\"inLanguage\":\"fr-FR\",\"@id\":\"https:\\\/\\\/www.hods.eu\\\/fr\\\/#\\\/schema\\\/logo\\\/image\\\/\",\"url\":\"https:\\\/\\\/www.hods.eu\\\/wp-content\\\/uploads\\\/hods-completo-blanco2.jpg\",\"contentUrl\":\"https:\\\/\\\/www.hods.eu\\\/wp-content\\\/uploads\\\/hods-completo-blanco2.jpg\",\"width\":500,\"height\":179,\"caption\":\"HODS\"},\"image\":{\"@id\":\"https:\\\/\\\/www.hods.eu\\\/fr\\\/#\\\/schema\\\/logo\\\/image\\\/\"}}]}<\/script>\n<!-- \/ Yoast SEO plugin. -->","yoast_head_json":{"title":"Empileur de bonbonnes. Accessoires pour bonbonnes - HODS","description":"L'empileur de bonbonnes bleu permet de stocker jusqu'\u00e0 2 bouteilles PET en r\u00e9duisant au maximum l'espace utilis\u00e9 chez le client.","robots":{"index":"index","follow":"follow","max-snippet":"max-snippet:-1","max-image-preview":"max-image-preview:large","max-video-preview":"max-video-preview:-1"},"canonical":"https:\/\/www.hods.eu\/fr\/productos\/empileur-de-bonbonnes\/","og_locale":"fr_FR","og_type":"article","og_title":"Empileur de bonbonnes. Accessoires pour bonbonnes - HODS","og_description":"L'empileur de bonbonnes bleu permet de stocker jusqu'\u00e0 2 bouteilles PET en r\u00e9duisant au maximum l'espace utilis\u00e9 chez le client.","og_url":"https:\/\/www.hods.eu\/fr\/productos\/empileur-de-bonbonnes\/","og_site_name":"HODS","article_modified_time":"2022-01-19T10:36:40+00:00","og_image":[{"width":768,"height":1024,"url":"https:\/\/www.hods.eu\/wp-content\/uploads\/apilador_hods_web_01.jpg","type":"image\/jpeg"}],"twitter_card":"summary_large_image","twitter_misc":{"Dur\u00e9e de lecture estim\u00e9e":"1 minute"},"schema":{"@context":"https:\/\/schema.org","@graph":[{"@type":"WebPage","@id":"https:\/\/www.hods.eu\/fr\/productos\/empileur-de-bonbonnes\/","url":"https:\/\/www.hods.eu\/fr\/productos\/empileur-de-bonbonnes\/","name":"Empileur de bonbonnes. Accessoires pour bonbonnes - HODS","isPartOf":{"@id":"https:\/\/www.hods.eu\/fr\/#website"},"primaryImageOfPage":{"@id":"https:\/\/www.hods.eu\/fr\/productos\/empileur-de-bonbonnes\/#primaryimage"},"image":{"@id":"https:\/\/www.hods.eu\/fr\/productos\/empileur-de-bonbonnes\/#primaryimage"},"thumbnailUrl":"https:\/\/www.hods.eu\/wp-content\/uploads\/apilador_hods_web_01.jpg","datePublished":"2016-03-10T09:55:22+00:00","dateModified":"2022-01-19T10:36:40+00:00","description":"L'empileur de bonbonnes bleu permet de stocker jusqu'\u00e0 2 bouteilles PET en r\u00e9duisant au maximum l'espace utilis\u00e9 chez le client.","breadcrumb":{"@id":"https:\/\/www.hods.eu\/fr\/productos\/empileur-de-bonbonnes\/#breadcrumb"},"inLanguage":"fr-FR","potentialAction":[{"@type":"ReadAction","target":["https:\/\/www.hods.eu\/fr\/productos\/empileur-de-bonbonnes\/"]}]},{"@type":"ImageObject","inLanguage":"fr-FR","@id":"https:\/\/www.hods.eu\/fr\/productos\/empileur-de-bonbonnes\/#primaryimage","url":"https:\/\/www.hods.eu\/wp-content\/uploads\/apilador_hods_web_01.jpg","contentUrl":"https:\/\/www.hods.eu\/wp-content\/uploads\/apilador_hods_web_01.jpg","width":768,"height":1024,"caption":"Empileur pour bonbonnes d'eau en polypropyl\u00e8ne. Avec une capacit\u00e9 allant jusqu'\u00e0 40 kg."},{"@type":"BreadcrumbList","@id":"https:\/\/www.hods.eu\/fr\/productos\/empileur-de-bonbonnes\/#breadcrumb","itemListElement":[{"@type":"ListItem","position":1,"name":"Portada","item":"https:\/\/www.hods.eu\/fr\/"},{"@type":"ListItem","position":2,"name":"Tienda","item":"https:\/\/www.hods.eu\/tienda\/"},{"@type":"ListItem","position":3,"name":"Empileur de bonbonnes"}]},{"@type":"WebSite","@id":"https:\/\/www.hods.eu\/fr\/#website","url":"https:\/\/www.hods.eu\/fr\/","name":"HODS","description":"water? drink with us","publisher":{"@id":"https:\/\/www.hods.eu\/fr\/#organization"},"potentialAction":[{"@type":"SearchAction","target":{"@type":"EntryPoint","urlTemplate":"https:\/\/www.hods.eu\/fr\/?s={search_term_string}"},"query-input":{"@type":"PropertyValueSpecification","valueRequired":true,"valueName":"search_term_string"}}],"inLanguage":"fr-FR"},{"@type":"Organization","@id":"https:\/\/www.hods.eu\/fr\/#organization","name":"HODS","url":"https:\/\/www.hods.eu\/fr\/","logo":{"@type":"ImageObject","inLanguage":"fr-FR","@id":"https:\/\/www.hods.eu\/fr\/#\/schema\/logo\/image\/","url":"https:\/\/www.hods.eu\/wp-content\/uploads\/hods-completo-blanco2.jpg","contentUrl":"https:\/\/www.hods.eu\/wp-content\/uploads\/hods-completo-blanco2.jpg","width":500,"height":179,"caption":"HODS"},"image":{"@id":"https:\/\/www.hods.eu\/fr\/#\/schema\/logo\/image\/"}}]}},"_links":{"self":[{"href":"https:\/\/www.hods.eu\/fr\/wp-json\/wp\/v2\/product\/18580","targetHints":{"allow":["GET"]}}],"collection":[{"href":"https:\/\/www.hods.eu\/fr\/wp-json\/wp\/v2\/product"}],"about":[{"href":"https:\/\/www.hods.eu\/fr\/wp-json\/wp\/v2\/types\/product"}],"wp:featuredmedia":[{"embeddable":true,"href":"https:\/\/www.hods.eu\/fr\/wp-json\/wp\/v2\/media\/26172"}],"wp:attachment":[{"href":"https:\/\/www.hods.eu\/fr\/wp-json\/wp\/v2\/media?parent=18580"}],"wp:term":[{"taxonomy":"product_brand","embeddable":true,"href":"https:\/\/www.hods.eu\/fr\/wp-json\/wp\/v2\/product_brand?post=18580"},{"taxonomy":"product_cat","embeddable":true,"href":"https:\/\/www.hods.eu\/fr\/wp-json\/wp\/v2\/product_cat?post=18580"},{"taxonomy":"product_tag","embeddable":true,"href":"https:\/\/www.hods.eu\/fr\/wp-json\/wp\/v2\/product_tag?post=18580"}],"curies":[{"name":"wp","href":"https:\/\/api.w.org\/{rel}","templated":true}]}}